{"id":9438,"date":"2022-05-12T10:42:08","date_gmt":"2022-05-12T07:42:08","guid":{"rendered":"https:\/\/visitsouthestonia.com\/community\/?page_id=9438"},"modified":"2023-09-06T15:16:33","modified_gmt":"2023-09-06T12:16:33","slug":"kogukonnaprogrammi-lugu","status":"publish","type":"page","link":"https:\/\/visitsouthestonia.com\/community\/tartu-2024\/kogukonnaprogrammi-lugu\/","title":{"rendered":"Tartu 2024"},"content":{"rendered":"\n<h3 class=\"wp-block-heading wp-el\"><strong>See on kogu L\u00f5una-Eestit h\u00f5lmav arendus- ja kaasamisalgatus, kus s\u00f5na on meie v\u00e4gevatel kogukondadel! \u00dcheskoos tutvustame siinsete paikade ja inimeste lugu kogu Euroopale. L\u00f5una-Eesti, see on ju ilusaim paik maailmas.<\/strong><\/h3>\n\n\n\n<h2 class=\"wp-block-heading wp-el\">Lugu<\/h2>\n\n\n\n<p class=\"wp-el\">L\u00f5una-Eestis ringi s\u00f5ites oled vast m\u00e4rganud kollaseid aknaid. Neid, mille sees saad end v\u00f5i s\u00f5pru pildistada nii, et taustaks j\u00e4\u00e4b kena vaade. See kollaste akende teekond p\u00f5hineb kogukondade initsiatiivil ja tutvustab paiku, mis toovad esile L\u00f5una-Eesti olemuse, v\u00e4\u00e4rtused, lood, legendid.&nbsp;<\/p>\n\n\n\n<p class=\"wp-el\">L\u00f5una-Eesti kogukonnaprogrammi koordineerivad L\u00f5una-Eesti LEADER tegevusgrupid, kes on ka nende kollaste akende menu taga. Meie eesm\u00e4rk kogukonnaprogrammi raames on pakkuda L\u00f5una-Eesti k\u00fclastajale seda, mis on oluline ja v\u00e4\u00e4rtuslik kohalikule elanikule.<\/p>\n\n\n\n<p class=\"wp-el\">L\u00f5una-Eestil on oma identiteet, mis p\u00f5hineb puhtal loodusel, mitmek\u00fclgsel kultuurip\u00e4randil, tervislikul elustiilil, kohalikul toidul ja k\u00e4sit\u00f6\u00f6l, j\u00e4tkusuutlikel ja innovaatilistel lahendustel. See k\u00f5ik vajab v\u00e4\u00e4rtustamist ning enda ilu ja v\u00f5lu \u00fcle tuleb uhke olla \u2013 seet\u00f5ttu kutsumegi Sind meie programmist osa saama!<\/p>\n\n\n\n<h2 class=\"wp-block-heading wp-el\">Elamus<\/h2>\n\n\n\n<p class=\"wp-el\">L\u00f5una-Eesti kogukonnaprogramm toob teieni 24 s\u00fcndmust aastatel 2023-2024. L\u00f5una-Eesti kogukonnad kutsuvad ellu s\u00fcndmusi, mis just nende paiga erip\u00e4ra esile toovad. Tegemistesse on partnerina kaasatud teinegi kultuuripealinn Tartu 2024 projekt Tartu Maailma\u00fclikool.&nbsp;<\/p>\n\n\n\n<p class=\"wp-el\">Sa v\u00f5id sattuda metsiku looduse keskele, sa kuuled legende ja saad kaasa l\u00fc\u00fca traditsioonilistes tegevustes. Sa koged k\u00f5ike seda, mida L\u00f5una-Eestil on sulle pakkuda ning tunnetad, kui m\u00f5nus on siin olla. Sind \u00fcllatab siinne innovatsioon &#8211; rohe- ja ringmajandusest digilahendusteni. Sa n\u00e4ed ja koged, kuidas inimesed teevad omavahel koost\u00f6\u00f6d.<\/p>\n\n\n\n<p class=\"wp-el\">S\u00fcndmuste seast leiab endale meelep\u00e4rase iga\u00fcks,&nbsp;<strong>L\u00f5una-Eestis on k\u00f5igile ruumi ja inspiratsiooni<\/strong>.<\/p>\n\n\n\n<h2 class=\"wp-block-heading wp-el\">M\u00f5ju<\/h2>\n\n\n\n<p class=\"wp-el\">Me tugevdame L\u00f5una-Eesti identiteeti. Meie kultuurip\u00e4rand elab suuremalt ning sellest saab osa kogu Euroopa.<\/p>\n\n\n\n<p class=\"wp-el\">L\u00f5una-Eesti kogukondade omavaheline koost\u00f6\u00f6 on tugevam, rakendatud on hulgaliselt uudseid lahendusi. L\u00f5una-Eesti piirkond areneb ja kasvab, kui on olemas aktiivsed inimesed, kes v\u00e4\u00e4rtustavad oma kodukohta ja jagavad siinseid tegemisi ka teistega.<\/p>\n\n\n\n<p class=\"wp-el\">Oma s\u00fcndmusi on ette valmistamas teinegi Tartu 2024 ettev\u00f5tmine, Tartu Maailma\u00fclikool, mida veab Tartu \u00dclikooli eetikakeskus, mis on \u00fclikooli valdkondi \u00fchendav \u00fcksus.&nbsp;Kogukonnad on teretulnud kogukonnaprogrammi ja maailma\u00fclikooli s\u00fcndmusi liitma, t\u00e4psem informatsioon <a href=\"https:\/\/eetikakeskus.ut.ee\/et\/sisu\/tartu-maailmaulikool\">siit<\/a>. <\/p>\n\n\n\n<p class=\"wp-el\">L\u00f5una-Eesti kogukonnaprogrammi arendustiimi koordineerib Kristiina Tammets, Tartumaa Arendusseltsi tegevjuht. Kontakt:&nbsp;<a rel=\"noreferrer noopener\" href=\"mailto:kristiina@tas.ee\" target=\"_blank\">kristiina@tas.ee<\/a>, 5340 9873.<\/p>\n","protected":false},"excerpt":{"rendered":"<p>See on kogu L\u00f5una-Eestit h\u00f5lmav arendus- ja kaasamisalgatus, kus s\u00f5na on meie v\u00e4gevatel kogukondadel! \u00dcheskoos tutvustame siinsete paikade ja inimeste&#8230;<\/p>\n","protected":false},"author":211,"featured_media":0,"parent":13841,"menu_order":0,"comment_status":"closed","ping_status":"closed","template":"","meta":{"advgb_blocks_editor_width":"","advgb_blocks_columns_visual_guide":"","footnotes":"","_links_to":"","_links_to_target":""},"acf":[],"yoast_head":"<!-- This site is optimized with the Yoast SEO plugin v21.4 - https:\/\/yoast.com\/wordpress\/plugins\/seo\/ -->\n<title>Tartu 2024 - visitsouthestonia<\/title>\n<meta name=\"robots\" content=\"index, follow, max-snippet:-1, max-image-preview:large, max-video-preview:-1\" \/>\n<link rel=\"canonical\" href=\"https:\/\/visitsouthestonia.com\/tartu-2024\/kogukonnaprogrammi-lugu\/\" \/>\n<meta property=\"og:locale\" content=\"et_EE\" \/>\n<meta property=\"og:type\" content=\"article\" \/>\n<meta property=\"og:title\" content=\"Tartu 2024 - visitsouthestonia\" \/>\n<meta property=\"og:description\" content=\"See on kogu L\u00f5una-Eestit h\u00f5lmav arendus- ja kaasamisalgatus, kus s\u00f5na on meie v\u00e4gevatel kogukondadel! \u00dcheskoos tutvustame siinsete paikade ja inimeste...\" \/>\n<meta property=\"og:url\" content=\"https:\/\/visitsouthestonia.com\/tartu-2024\/kogukonnaprogrammi-lugu\/\" \/>\n<meta property=\"og:site_name\" content=\"visitsouthestonia\" \/>\n<meta property=\"article:modified_time\" content=\"2023-09-06T12:16:33+00:00\" \/>\n<meta name=\"twitter:card\" content=\"summary_large_image\" \/>\n<meta name=\"twitter:label1\" content=\"Est. reading time\" \/>\n\t<meta name=\"twitter:data1\" content=\"2 minutit\" \/>\n<script type=\"application\/ld+json\" class=\"yoast-schema-graph\">{\"@context\":\"https:\/\/schema.org\",\"@graph\":[{\"@type\":\"WebPage\",\"@id\":\"https:\/\/visitsouthestonia.com\/tartu-2024\/kogukonnaprogrammi-lugu\/\",\"url\":\"https:\/\/visitsouthestonia.com\/tartu-2024\/kogukonnaprogrammi-lugu\/\",\"name\":\"Tartu 2024 - visitsouthestonia\",\"isPartOf\":{\"@id\":\"https:\/\/visitsouthestonia.com\/community\/#website\"},\"datePublished\":\"2022-05-12T07:42:08+00:00\",\"dateModified\":\"2023-09-06T12:16:33+00:00\",\"breadcrumb\":{\"@id\":\"https:\/\/visitsouthestonia.com\/tartu-2024\/kogukonnaprogrammi-lugu\/#breadcrumb\"},\"inLanguage\":\"et\",\"potentialAction\":[{\"@type\":\"ReadAction\",\"target\":[\"https:\/\/visitsouthestonia.com\/tartu-2024\/kogukonnaprogrammi-lugu\/\"]}]},{\"@type\":\"BreadcrumbList\",\"@id\":\"https:\/\/visitsouthestonia.com\/tartu-2024\/kogukonnaprogrammi-lugu\/#breadcrumb\",\"itemListElement\":[{\"@type\":\"ListItem\",\"position\":1,\"name\":\"Tartu 2024 L\u00f5una-Eesti kogukonnaprogramm\",\"item\":\"https:\/\/visitsouthestonia.com\/tartu-2024\/\"},{\"@type\":\"ListItem\",\"position\":2,\"name\":\"Tartu 2024\"}]},{\"@type\":\"WebSite\",\"@id\":\"https:\/\/visitsouthestonia.com\/community\/#website\",\"url\":\"https:\/\/visitsouthestonia.com\/community\/\",\"name\":\"visitsouthestonia\",\"description\":\"Parim puhkus veeda L\u00f5una-Eestis!\",\"potentialAction\":[{\"@type\":\"SearchAction\",\"target\":{\"@type\":\"EntryPoint\",\"urlTemplate\":\"https:\/\/visitsouthestonia.com\/community\/?s={search_term_string}\"},\"query-input\":\"required name=search_term_string\"}],\"inLanguage\":\"et\"}]}<\/script>\n<!-- \/ Yoast SEO plugin. -->","yoast_head_json":{"title":"Tartu 2024 - visitsouthestonia","robots":{"index":"index","follow":"follow","max-snippet":"max-snippet:-1","max-image-preview":"max-image-preview:large","max-video-preview":"max-video-preview:-1"},"canonical":"https:\/\/visitsouthestonia.com\/tartu-2024\/kogukonnaprogrammi-lugu\/","og_locale":"et_EE","og_type":"article","og_title":"Tartu 2024 - visitsouthestonia","og_description":"See on kogu L\u00f5una-Eestit h\u00f5lmav arendus- ja kaasamisalgatus, kus s\u00f5na on meie v\u00e4gevatel kogukondadel! \u00dcheskoos tutvustame siinsete paikade ja inimeste...","og_url":"https:\/\/visitsouthestonia.com\/tartu-2024\/kogukonnaprogrammi-lugu\/","og_site_name":"visitsouthestonia","article_modified_time":"2023-09-06T12:16:33+00:00","twitter_card":"summary_large_image","twitter_misc":{"Est. reading time":"2 minutit"},"schema":{"@context":"https:\/\/schema.org","@graph":[{"@type":"WebPage","@id":"https:\/\/visitsouthestonia.com\/tartu-2024\/kogukonnaprogrammi-lugu\/","url":"https:\/\/visitsouthestonia.com\/tartu-2024\/kogukonnaprogrammi-lugu\/","name":"Tartu 2024 - visitsouthestonia","isPartOf":{"@id":"https:\/\/visitsouthestonia.com\/community\/#website"},"datePublished":"2022-05-12T07:42:08+00:00","dateModified":"2023-09-06T12:16:33+00:00","breadcrumb":{"@id":"https:\/\/visitsouthestonia.com\/tartu-2024\/kogukonnaprogrammi-lugu\/#breadcrumb"},"inLanguage":"et","potentialAction":[{"@type":"ReadAction","target":["https:\/\/visitsouthestonia.com\/tartu-2024\/kogukonnaprogrammi-lugu\/"]}]},{"@type":"BreadcrumbList","@id":"https:\/\/visitsouthestonia.com\/tartu-2024\/kogukonnaprogrammi-lugu\/#breadcrumb","itemListElement":[{"@type":"ListItem","position":1,"name":"Tartu 2024 L\u00f5una-Eesti kogukonnaprogramm","item":"https:\/\/visitsouthestonia.com\/tartu-2024\/"},{"@type":"ListItem","position":2,"name":"Tartu 2024"}]},{"@type":"WebSite","@id":"https:\/\/visitsouthestonia.com\/community\/#website","url":"https:\/\/visitsouthestonia.com\/community\/","name":"visitsouthestonia","description":"Parim puhkus veeda L\u00f5una-Eestis!","potentialAction":[{"@type":"SearchAction","target":{"@type":"EntryPoint","urlTemplate":"https:\/\/visitsouthestonia.com\/community\/?s={search_term_string}"},"query-input":"required name=search_term_string"}],"inLanguage":"et"}]}},"coauthors":[],"author_meta":{"author_link":"https:\/\/visitsouthestonia.com\/community\/author\/kaisa-timmi\/","display_name":"Meeri"},"relative_dates":{"created":"Posted 4 aastat ago","modified":"Updated 3 aastat ago"},"absolute_dates":{"created":"Posted on 12. mai 2022","modified":"Updated on 6. sept. 2023"},"absolute_dates_time":{"created":"Posted on 12. mai 2022 10:42","modified":"Updated on 6. sept. 2023 03:16"},"featured_img_caption":"","featured_img":false,"series_order":"","_links":{"self":[{"href":"https:\/\/visitsouthestonia.com\/community\/wp-json\/wp\/v2\/pages\/9438"}],"collection":[{"href":"https:\/\/visitsouthestonia.com\/community\/wp-json\/wp\/v2\/pages"}],"about":[{"href":"https:\/\/visitsouthestonia.com\/community\/wp-json\/wp\/v2\/types\/page"}],"author":[{"embeddable":true,"href":"https:\/\/visitsouthestonia.com\/community\/wp-json\/wp\/v2\/users\/211"}],"replies":[{"embeddable":true,"href":"https:\/\/visitsouthestonia.com\/community\/wp-json\/wp\/v2\/comments?post=9438"}],"version-history":[{"count":10,"href":"https:\/\/visitsouthestonia.com\/community\/wp-json\/wp\/v2\/pages\/9438\/revisions"}],"predecessor-version":[{"id":14317,"href":"https:\/\/visitsouthestonia.com\/community\/wp-json\/wp\/v2\/pages\/9438\/revisions\/14317"}],"up":[{"embeddable":true,"href":"https:\/\/visitsouthestonia.com\/community\/wp-json\/wp\/v2\/pages\/13841"}],"wp:attachment":[{"href":"https:\/\/visitsouthestonia.com\/community\/wp-json\/wp\/v2\/media?parent=9438"}],"curies":[{"name":"wp","href":"https:\/\/api.w.org\/{rel}","templated":true}]}}