{"id":43,"date":"2020-03-13T13:54:14","date_gmt":"2020-03-13T11:54:14","guid":{"rendered":"http:\/\/visitsouthestonia.com\/community\/?page_id=43"},"modified":"2020-12-06T18:42:26","modified_gmt":"2020-12-06T16:42:26","slug":"looduse-ilu","status":"publish","type":"page","link":"https:\/\/visitsouthestonia.com\/community\/lugu\/looduse-ilu\/","title":{"rendered":"Looduse ilu"},"content":{"rendered":"\n<div class=\"wp-block-advgb-columns advgb-columns-wrapper\" id=\"advgb-cols-a9a8400b-2cdc-47cb-9150-23b58e1f970e\"><div class=\"advgb-columns-container\"><div class=\"advgb-columns advgb-columns-row advgb-is-mobile columns-valign-top advgb-columns-2 layout-12-12 mbl-layout-stacked vgutter-10\">\n<div class=\"wp-block-advgb-column advgb-column advgb-is-half-tablet advgb-is-full-mobile\" id=\"advgb-col-948dcfc3-ac96-4e9c-8034-66dadf52948f\"><div class=\"advgb-column-inner\" style=\"border-style:none;border-width:1px\">\n<h3 class=\"wp-el wp-block-heading\">Puhas loodus, L\u00f5una-Eesti rikkus<\/h3>\n\n\n\n<p class=\"wp-el\">Kirjeldamatu rikkus, mis koduse Eesti maastikel, L\u00f5una-Eesti puhtas looduses meid enda embusse v\u00f5tab, on s\u00f5nade ja numbrite keelde raskesti pandav. Seda rikkust saab kogeda oma tajude piires \u2013 sisse hingata, silmaga silitada, k\u00e4ega katsuda, mokaga mekkida, saab omaenda sisemisele k\u00f5vakettale salvestada, ent seda ei saa rahasse \u00fcmber arvestada ega kasudega maha m\u00fc\u00fca. Sel hetkel kaotab see rikkus v\u00e4\u00e4rtuse.<\/p>\n\n\n\n<p class=\"wp-el\">Tavap\u00e4rase arusaamise j\u00e4rgi liigitub k\u00fcnklike <strong>Valgamaa, V\u00f5rumaa ja P\u00f5lvamaa maastike k\u00f5rval L\u00f5una-Eestiks ka Tartumaa, Viljandimaa ning tubli t\u00fckk J\u00f5gevamaad,<\/strong> mis k\u00f5ik omakorda jagunevad pisemateks maadeks \u2013 Soomaaks v\u00f5i Setomaaks, Vooremaaks v\u00f5i Haanimaaks jne. Kuidas keegi L\u00f5una-Eestit enda jaoks piiritleb, polegi l\u00f5puks nii t\u00e4htis. T\u00e4htsam on see, et me r\u00e4\u00e4gime piirkonnast, kus leidub veel p\u00f5nevaid maastikke ja liigirikkaid elupaiku, mis vajavad hoidmist.<\/p>\n\n\n\n<p class=\"wp-el\">Eheda looduse elamuse nopib huviline kindlasti <strong>Emaj\u00f5e luhalt ja siirdesoost, Alam-Pedja ja Soomaa kandist, Vooremaa j\u00e4rvede ja metsaste voorte vahelt, J\u00e4rvselja \u00fcrgmetsast, Piusa liivastelt n\u00f5lvadelt, Otep\u00e4\u00e4 ja Haanja k\u00f5rgustiku kuplitelt, Karula p\u00f5lislaantest. <\/strong>V\u00f5ib kohata hunte, karusid, kotkaid, aga ka haruldasi liblikaid, linde, kahepaikseid \u2013 rohunepp, v\u00e4ike-k\u00e4osulane, kuldh\u00e4nilane, harivesilik, mudakonn \u2026 Loetelu L\u00f5una-Eesti liigirikkusest, samuti l\u00f5unakaarest saabuvatest uutest liikidest v\u00f5iks j\u00e4tkata veel ja veel. <strong>Kuid selleks, et meile harjumusp\u00e4rased ja iseenesest m\u00f5istetavana tunduvad looduse rikkused siiski ka homme olemas oleksid, peame k\u00f5ik panustama.<\/strong><\/p>\n\n\n\n<h3 class=\"wp-el wp-block-heading\">Looduse ilu lood<\/h3>\n\n\n\n<ul class=\"wp-el\"><li><a href=\"https:\/\/visitsouthestonia.com\/community\/uudised\/mine-metsa-ehk-jarvselja-mets-mis-lausa-vajab-uudistamist\/\" target=\"_blank\" rel=\"noreferrer noopener\">Mine metsa ehk J\u00e4rvselja mets, mis lausa vajab uudistamist! (2018)<\/a><\/li><\/ul>\n<\/div><\/div>\n\n\n\n<div class=\"wp-block-advgb-column advgb-column advgb-is-half-tablet advgb-is-full-mobile\" id=\"advgb-col-e769c916-cbb9-4aa9-ac95-063fa2d21745\"><div class=\"advgb-column-inner\" style=\"border-style:none;border-width:1px\">\n<blockquote class=\"wp-block-quote is-style-default\"><p><strong>\u201eOlen v\u00e4ga seotud L\u00f5una-Eesti maastikega, nii looduslike kui p\u00e4rimuslikega \u2013 see on osa minust. M\u00fcstilised kuusikud, mustikam\u00e4nnikud, s\u00fcgiseti punetavad j\u00f5hvikarabad, metsaj\u00e4rved, sinililledest sinetavad m\u00e4en\u00f5lvad, sookurgede h\u00f5iked kusagil taamal, \u00f6\u00f6bikute heledad \u00f6\u00f6d, need \u00e4ratavad kummalise igatsuse\u2026 K\u00f5ik need paigad ja momendid jutustavad oma lugu. Nad r\u00e4\u00e4givad otse hingega ning miski hakkab hinges helisema.\u201c<\/strong><\/p><cite>Anu Taul, National Geographic Eesti, september 2018<\/cite><\/blockquote>\n\n\n\n<figure class=\"wp-block-image size-large\"><img decoding=\"async\" loading=\"lazy\" width=\"1200\" height=\"800\" src=\"https:\/\/visitsouthestonia.com\/community\/wp-content\/uploads\/2020\/05\/LounaEesti-okkaplaat.-Grethe-R\u00f5\u00f5m-1200x800.jpg\" alt=\"\" class=\"wp-image-1857\" srcset=\"https:\/\/visitsouthestonia.com\/community\/wp-content\/uploads\/2020\/05\/LounaEesti-okkaplaat.-Grethe-R\u00f5\u00f5m-1200x800.jpg 1200w, https:\/\/visitsouthestonia.com\/community\/wp-content\/uploads\/2020\/05\/LounaEesti-okkaplaat.-Grethe-R\u00f5\u00f5m-1536x1024.jpg 1536w, https:\/\/visitsouthestonia.com\/community\/wp-content\/uploads\/2020\/05\/LounaEesti-okkaplaat.-Grethe-R\u00f5\u00f5m-350x233.jpg 350w, https:\/\/visitsouthestonia.com\/community\/wp-content\/uploads\/2020\/05\/LounaEesti-okkaplaat.-Grethe-R\u00f5\u00f5m-1100x734.jpg 1100w, https:\/\/visitsouthestonia.com\/community\/wp-content\/uploads\/2020\/05\/LounaEesti-okkaplaat.-Grethe-R\u00f5\u00f5m-230x153.jpg 230w, https:\/\/visitsouthestonia.com\/community\/wp-content\/uploads\/2020\/05\/LounaEesti-okkaplaat.-Grethe-R\u00f5\u00f5m-105x70.jpg 105w, https:\/\/visitsouthestonia.com\/community\/wp-content\/uploads\/2020\/05\/LounaEesti-okkaplaat.-Grethe-R\u00f5\u00f5m-188x125.jpg 188w, https:\/\/visitsouthestonia.com\/community\/wp-content\/uploads\/2020\/05\/LounaEesti-okkaplaat.-Grethe-R\u00f5\u00f5m-81x54.jpg 81w, https:\/\/visitsouthestonia.com\/community\/wp-content\/uploads\/2020\/05\/LounaEesti-okkaplaat.-Grethe-R\u00f5\u00f5m-370x247.jpg 370w, https:\/\/visitsouthestonia.com\/community\/wp-content\/uploads\/2020\/05\/LounaEesti-okkaplaat.-Grethe-R\u00f5\u00f5m.jpg 1600w\" sizes=\"(max-width: 1200px) 100vw, 1200px\" \/><figcaption>Autor Grethe R\u00f5\u00f5m<\/figcaption><\/figure>\n\n\n\n<h3 class=\"wp-el wp-block-heading\">Loe lisa NG artiklitest<\/h3>\n\n\n\n<ul class=\"wp-el\"><li><a href=\"https:\/\/www.nationalgeographic.ee\/uudised\/2020\/09\/28\/puhas-room-louna-eesti-rikkus\" target=\"_blank\" rel=\"noreferrer noopener\">Puhas r\u00f5\u00f5m, L\u00f5una-Eesti rikkus<\/a><\/li><li><a rel=\"noreferrer noopener\" href=\"https:\/\/www.nationalgeographic.ee\/uudised\/2020\/05\/25\/puhas-hing-louna-eesti-rikkus\" target=\"_blank\">Puhas hing, L\u00f5una-Eesti rikkus<\/a><\/li><li><a rel=\"noreferrer noopener\" href=\"https:\/\/www.nationalgeographic.ee\/uudised\/2019\/09\/30\/puhas-loodus-louna-eesti-rikkus\" target=\"_blank\">Puhas loodus, L\u00f5una-Eesti rikkus<\/a><\/li><li><a rel=\"noreferrer noopener\" href=\"https:\/\/www.nationalgeographic.ee\/uudised\/2018\/09\/27\/iseolemisest-lounaeestlase-pilguga\" target=\"_blank\">Iseolemisest, l\u00f5unaeestlase pilguga<\/a><\/li><li><a rel=\"noreferrer noopener\" href=\"https:\/\/www.nationalgeographic.ee\/uudised\/2018\/05\/29\/inspiratsioonist-lounaeestlase-pilguga\" target=\"_blank\">Inspiratsioonist, l\u00f5unaeestlase pilguga<\/a><\/li><li><a rel=\"noreferrer noopener\" href=\"https:\/\/www.nationalgeographic.ee\/uudised\/2017\/11\/26\/identiteedist-lounaeestlase-pilguga\" target=\"_blank\">Identiteedist, l\u00f5unaeestlase pilguga<\/a><\/li><\/ul>\n<\/div><\/div>\n<\/div><\/div><\/div>\n\n\n\n<h3 class=\"wp-el wp-block-heading\">Galerii<\/h3>\n\n\n<div id=\"acf-block-block_5e7c83e6e8c00\" class=\"acf-block-element block-gallery\">\n<div class=\"gallery\"><div class=\"gallery-item\"><a href=\"https:\/\/visitsouthestonia.com\/community\/wp-content\/uploads\/2020\/04\/080503aa050-1200x750.jpg\"><img decoding=\"async\" src=\"https:\/\/visitsouthestonia.com\/community\/wp-content\/uploads\/2020\/04\/080503aa050-270x270.jpg\" alt=\"\" \/><\/a><\/div><div class=\"gallery-item\"><a href=\"https:\/\/visitsouthestonia.com\/community\/wp-content\/uploads\/2020\/04\/110829aa192-1200x800.jpg\"><img decoding=\"async\" src=\"https:\/\/visitsouthestonia.com\/community\/wp-content\/uploads\/2020\/04\/110829aa192-270x270.jpg\" alt=\"\" \/><\/a><\/div><div class=\"gallery-item\"><a href=\"https:\/\/visitsouthestonia.com\/community\/wp-content\/uploads\/2020\/04\/050803aa063-1200x800.jpg\"><img decoding=\"async\" src=\"https:\/\/visitsouthestonia.com\/community\/wp-content\/uploads\/2020\/04\/050803aa063-270x270.jpg\" alt=\"\" \/><\/a><\/div><div class=\"gallery-item\"><a href=\"https:\/\/visitsouthestonia.com\/community\/wp-content\/uploads\/2020\/04\/151030aa0166-1200x800.jpg\"><img decoding=\"async\" src=\"https:\/\/visitsouthestonia.com\/community\/wp-content\/uploads\/2020\/04\/151030aa0166-270x270.jpg\" alt=\"\" \/><\/a><\/div><div class=\"gallery-item\"><a href=\"https:\/\/visitsouthestonia.com\/community\/wp-content\/uploads\/2020\/04\/041227aa012-1200x750.jpg\"><img decoding=\"async\" src=\"https:\/\/visitsouthestonia.com\/community\/wp-content\/uploads\/2020\/04\/041227aa012-270x270.jpg\" alt=\"\" \/><\/a><\/div><div class=\"gallery-item\"><a href=\"https:\/\/visitsouthestonia.com\/community\/wp-content\/uploads\/2020\/04\/120729aa665-1200x750.jpg\"><img decoding=\"async\" src=\"https:\/\/visitsouthestonia.com\/community\/wp-content\/uploads\/2020\/04\/120729aa665-270x270.jpg\" alt=\"\" \/><\/a><\/div><div class=\"gallery-item\"><a href=\"https:\/\/visitsouthestonia.com\/community\/wp-content\/uploads\/2020\/04\/120704aa180-1200x799.jpg\"><img decoding=\"async\" src=\"https:\/\/visitsouthestonia.com\/community\/wp-content\/uploads\/2020\/04\/120704aa180-270x270.jpg\" alt=\"\" \/><\/a><\/div><div class=\"gallery-item\"><a href=\"https:\/\/visitsouthestonia.com\/community\/wp-content\/uploads\/2020\/04\/060512aa011-1200x800.jpg\"><img decoding=\"async\" src=\"https:\/\/visitsouthestonia.com\/community\/wp-content\/uploads\/2020\/04\/060512aa011-270x270.jpg\" alt=\"\" \/><\/a><\/div><\/div><\/div>\n\n\n<p class=\"wp-el\">Autor Arne Ader<\/p>\n\n\n<div id=\"acf-block-block_5e7c8597bbc37\" class=\"acf-block-element block-cards\">\n<\/div>\n\n\n<p class=\"wp-el\"><\/p>\n<style class=\"advgb-styles-renderer\">#advgb-cols-a9a8400b-2cdc-47cb-9150-23b58e1f970e{}@media screen and (max-width: 1023px) {#advgb-cols-a9a8400b-2cdc-47cb-9150-23b58e1f970e{}}@media screen and (max-width: 767px) {#advgb-cols-a9a8400b-2cdc-47cb-9150-23b58e1f970e{}}#advgb-col-948dcfc3-ac96-4e9c-8034-66dadf52948f>.advgb-column-inner{}@media screen and (max-width: 1023px) {#advgb-col-948dcfc3-ac96-4e9c-8034-66dadf52948f>.advgb-column-inner{}}@media screen and (max-width: 767px) {#advgb-col-948dcfc3-ac96-4e9c-8034-66dadf52948f>.advgb-column-inner{}}#advgb-col-e769c916-cbb9-4aa9-ac95-063fa2d21745>.advgb-column-inner{margin-right:0px;margin-left:115px;}@media screen and (max-width: 1023px) {#advgb-col-e769c916-cbb9-4aa9-ac95-063fa2d21745>.advgb-column-inner{}}@media screen and (max-width: 767px) {#advgb-col-e769c916-cbb9-4aa9-ac95-063fa2d21745>.advgb-column-inner{}}<\/style>","protected":false},"excerpt":{"rendered":"<p>Kirjeldamatu rikkus, mis koduse Eesti maastikel, L\u00f5una-Eesti puhtas looduses meid enda embusse v\u00f5tab, on s\u00f5nade ja numbrite keelde raskesti pandav. Seda rikkust saab kogeda oma tajude piires.<\/p>\n","protected":false},"author":1,"featured_media":2123,"parent":12,"menu_order":10,"comment_status":"closed","ping_status":"closed","template":"","meta":{"advgb_blocks_editor_width":"","advgb_blocks_columns_visual_guide":"","footnotes":"","_links_to":"","_links_to_target":""},"acf":[],"yoast_head":"<!-- This site is optimized with the Yoast SEO plugin v21.4 - https:\/\/yoast.com\/wordpress\/plugins\/seo\/ -->\n<title>Looduse ilu - visitsouthestonia<\/title>\n<meta name=\"robots\" content=\"index, follow, max-snippet:-1, max-image-preview:large, max-video-preview:-1\" \/>\n<link rel=\"canonical\" href=\"https:\/\/visitsouthestonia.com\/lugu\/looduse-ilu\/\" \/>\n<meta property=\"og:locale\" content=\"et_EE\" \/>\n<meta property=\"og:type\" content=\"article\" \/>\n<meta property=\"og:title\" content=\"Looduse ilu - visitsouthestonia\" \/>\n<meta property=\"og:description\" content=\"Kirjeldamatu rikkus, mis koduse Eesti maastikel, L\u00f5una-Eesti puhtas looduses meid enda embusse v\u00f5tab, on s\u00f5nade ja numbrite keelde raskesti pandav. Seda rikkust saab kogeda oma tajude piires.\" \/>\n<meta property=\"og:url\" content=\"https:\/\/visitsouthestonia.com\/lugu\/looduse-ilu\/\" \/>\n<meta property=\"og:site_name\" content=\"visitsouthestonia\" \/>\n<meta property=\"article:modified_time\" content=\"2020-12-06T16:42:26+00:00\" \/>\n<meta property=\"og:image\" content=\"https:\/\/visitsouthestonia.com\/wp-content\/uploads\/2020\/06\/Arne-Ader-sookured.jpg\" \/>\n\t<meta property=\"og:image:width\" content=\"1600\" \/>\n\t<meta property=\"og:image:height\" content=\"1000\" \/>\n\t<meta property=\"og:image:type\" content=\"image\/jpeg\" \/>\n<meta name=\"twitter:card\" content=\"summary_large_image\" \/>\n<meta name=\"twitter:label1\" content=\"Est. reading time\" \/>\n\t<meta name=\"twitter:data1\" content=\"2 minutit\" \/>\n<script type=\"application\/ld+json\" class=\"yoast-schema-graph\">{\"@context\":\"https:\/\/schema.org\",\"@graph\":[{\"@type\":\"WebPage\",\"@id\":\"https:\/\/visitsouthestonia.com\/lugu\/looduse-ilu\/\",\"url\":\"https:\/\/visitsouthestonia.com\/lugu\/looduse-ilu\/\",\"name\":\"Looduse ilu - visitsouthestonia\",\"isPartOf\":{\"@id\":\"https:\/\/visitsouthestonia.com\/community\/#website\"},\"datePublished\":\"2020-03-13T11:54:14+00:00\",\"dateModified\":\"2020-12-06T16:42:26+00:00\",\"breadcrumb\":{\"@id\":\"https:\/\/visitsouthestonia.com\/lugu\/looduse-ilu\/#breadcrumb\"},\"inLanguage\":\"et\",\"potentialAction\":[{\"@type\":\"ReadAction\",\"target\":[\"https:\/\/visitsouthestonia.com\/lugu\/looduse-ilu\/\"]}]},{\"@type\":\"BreadcrumbList\",\"@id\":\"https:\/\/visitsouthestonia.com\/lugu\/looduse-ilu\/#breadcrumb\",\"itemListElement\":[{\"@type\":\"ListItem\",\"position\":1,\"name\":\"L\u00f5una-Eesti lugu\",\"item\":\"https:\/\/visitsouthestonia.com\/lugu\/\"},{\"@type\":\"ListItem\",\"position\":2,\"name\":\"Looduse ilu\"}]},{\"@type\":\"WebSite\",\"@id\":\"https:\/\/visitsouthestonia.com\/community\/#website\",\"url\":\"https:\/\/visitsouthestonia.com\/community\/\",\"name\":\"visitsouthestonia\",\"description\":\"Parim puhkus veeda L\u00f5una-Eestis!\",\"potentialAction\":[{\"@type\":\"SearchAction\",\"target\":{\"@type\":\"EntryPoint\",\"urlTemplate\":\"https:\/\/visitsouthestonia.com\/community\/?s={search_term_string}\"},\"query-input\":\"required name=search_term_string\"}],\"inLanguage\":\"et\"}]}<\/script>\n<!-- \/ Yoast SEO plugin. -->","yoast_head_json":{"title":"Looduse ilu - visitsouthestonia","robots":{"index":"index","follow":"follow","max-snippet":"max-snippet:-1","max-image-preview":"max-image-preview:large","max-video-preview":"max-video-preview:-1"},"canonical":"https:\/\/visitsouthestonia.com\/lugu\/looduse-ilu\/","og_locale":"et_EE","og_type":"article","og_title":"Looduse ilu - visitsouthestonia","og_description":"Kirjeldamatu rikkus, mis koduse Eesti maastikel, L\u00f5una-Eesti puhtas looduses meid enda embusse v\u00f5tab, on s\u00f5nade ja numbrite keelde raskesti pandav. Seda rikkust saab kogeda oma tajude piires.","og_url":"https:\/\/visitsouthestonia.com\/lugu\/looduse-ilu\/","og_site_name":"visitsouthestonia","article_modified_time":"2020-12-06T16:42:26+00:00","og_image":[{"width":1600,"height":1000,"url":"https:\/\/visitsouthestonia.com\/wp-content\/uploads\/2020\/06\/Arne-Ader-sookured.jpg","type":"image\/jpeg"}],"twitter_card":"summary_large_image","twitter_misc":{"Est. reading time":"2 minutit"},"schema":{"@context":"https:\/\/schema.org","@graph":[{"@type":"WebPage","@id":"https:\/\/visitsouthestonia.com\/lugu\/looduse-ilu\/","url":"https:\/\/visitsouthestonia.com\/lugu\/looduse-ilu\/","name":"Looduse ilu - visitsouthestonia","isPartOf":{"@id":"https:\/\/visitsouthestonia.com\/community\/#website"},"datePublished":"2020-03-13T11:54:14+00:00","dateModified":"2020-12-06T16:42:26+00:00","breadcrumb":{"@id":"https:\/\/visitsouthestonia.com\/lugu\/looduse-ilu\/#breadcrumb"},"inLanguage":"et","potentialAction":[{"@type":"ReadAction","target":["https:\/\/visitsouthestonia.com\/lugu\/looduse-ilu\/"]}]},{"@type":"BreadcrumbList","@id":"https:\/\/visitsouthestonia.com\/lugu\/looduse-ilu\/#breadcrumb","itemListElement":[{"@type":"ListItem","position":1,"name":"L\u00f5una-Eesti lugu","item":"https:\/\/visitsouthestonia.com\/lugu\/"},{"@type":"ListItem","position":2,"name":"Looduse ilu"}]},{"@type":"WebSite","@id":"https:\/\/visitsouthestonia.com\/community\/#website","url":"https:\/\/visitsouthestonia.com\/community\/","name":"visitsouthestonia","description":"Parim puhkus veeda L\u00f5una-Eestis!","potentialAction":[{"@type":"SearchAction","target":{"@type":"EntryPoint","urlTemplate":"https:\/\/visitsouthestonia.com\/community\/?s={search_term_string}"},"query-input":"required name=search_term_string"}],"inLanguage":"et"}]}},"coauthors":[],"author_meta":{"author_link":"https:\/\/visitsouthestonia.com\/community\/author\/admin\/","display_name":"admin"},"relative_dates":{"created":"Posted 6 aastat ago","modified":"Updated 5 aastat ago"},"absolute_dates":{"created":"Posted on 13. m\u00e4rts 2020","modified":"Updated on 6. dets. 2020"},"absolute_dates_time":{"created":"Posted on 13. m\u00e4rts 2020 01:54","modified":"Updated on 6. dets. 2020 06:42"},"featured_img_caption":"","featured_img":"https:\/\/visitsouthestonia.com\/community\/wp-content\/uploads\/2020\/06\/Arne-Ader-sookured.jpg","series_order":"","_links":{"self":[{"href":"https:\/\/visitsouthestonia.com\/community\/wp-json\/wp\/v2\/pages\/43"}],"collection":[{"href":"https:\/\/visitsouthestonia.com\/community\/wp-json\/wp\/v2\/pages"}],"about":[{"href":"https:\/\/visitsouthestonia.com\/community\/wp-json\/wp\/v2\/types\/page"}],"author":[{"embeddable":true,"href":"https:\/\/visitsouthestonia.com\/community\/wp-json\/wp\/v2\/users\/1"}],"replies":[{"embeddable":true,"href":"https:\/\/visitsouthestonia.com\/community\/wp-json\/wp\/v2\/comments?post=43"}],"version-history":[{"count":6,"href":"https:\/\/visitsouthestonia.com\/community\/wp-json\/wp\/v2\/pages\/43\/revisions"}],"predecessor-version":[{"id":3962,"href":"https:\/\/visitsouthestonia.com\/community\/wp-json\/wp\/v2\/pages\/43\/revisions\/3962"}],"up":[{"embeddable":true,"href":"https:\/\/visitsouthestonia.com\/community\/wp-json\/wp\/v2\/pages\/12"}],"wp:featuredmedia":[{"embeddable":true,"href":"https:\/\/visitsouthestonia.com\/community\/wp-json\/wp\/v2\/media\/2123"}],"wp:attachment":[{"href":"https:\/\/visitsouthestonia.com\/community\/wp-json\/wp\/v2\/media?parent=43"}],"curies":[{"name":"wp","href":"https:\/\/api.w.org\/{rel}","templated":true}]}}