{"id":396,"date":"2020-04-22T14:43:35","date_gmt":"2020-04-22T11:43:35","guid":{"rendered":"http:\/\/visitsouthestonia.com\/community\/?page_id=396"},"modified":"2025-10-16T16:29:10","modified_gmt":"2025-10-16T13:29:10","slug":"kontakt","status":"publish","type":"page","link":"https:\/\/visitsouthestonia.com\/community\/kontakt\/","title":{"rendered":"Kontakt"},"content":{"rendered":"\n<p class=\"wp-el\">Kollased aknad pandi L\u00f5una-Eestis p\u00fcsti 2013. aastal ja seda Hollandi kolleegide eeskujul.<\/p>\n\n\n\n<p class=\"wp-el\">Tegevusi rahastasid L\u00f5una-Eesti LEADER tegevusgrupid ning projekti vedas eest Tartumaa Arendusselts. Esialgu paigaldati 21 kollast akent, aja jooksul lisandus neid paljudesse avastamist v\u00e4\u00e4rt paikadesse juurde. Kultuuripealinna tiitliaastal v\u00e4rvusid m\u00f5ned aknad hoopis teistesse v\u00e4rvidesse, Tartu aken on juba sellegi kuue v\u00e4lja vahetanud. Tulevikus on plaanis projekti edasi arendada nii, et k\u00f5ik aknad muutuksid kohaliku kogukonna n\u00e4gu. <\/p>\n\n\n\n<hr class=\"wp-block-separator has-alpha-channel-opacity\"\/>\n\n\n\n<div class=\"wp-block-advgb-columns advgb-columns-wrapper\" id=\"advgb-cols-6a07a3eb-a260-432d-b544-4330c84ffaa8\"><div class=\"advgb-columns-container\"><div class=\"advgb-columns advgb-columns-row advgb-is-mobile columns-valign-bottom advgb-columns-2 layout-12-12 mbl-layout-stacked vgutter-10\">\n<div class=\"wp-block-advgb-column advgb-column advgb-is-half-tablet advgb-is-full-mobile\" id=\"advgb-col-582bec12-9f46-4e35-aa16-362dbec0f15c\"><div class=\"advgb-column-inner\" style=\"border-style:none;border-width:1px\">\n<p class=\"wp-el\"><strong>Info kollaste akende rahvusvahelise projekti ja projektipartnerite kohta:<\/strong><\/p>\n\n\n\n<p class=\"wp-el\">Kristiina Tammets, Tartumaa Arendusselts, +372 5340 9873, <a href=\"mailto:kristiina@tas.ee\">kristiina@tas.ee<\/a>.<\/p>\n\n\n\n<p class=\"wp-el\"><\/p>\n\n\n\n<p class=\"wp-el\"><\/p>\n<\/div><\/div>\n\n\n\n<div class=\"wp-block-advgb-column advgb-column advgb-is-half-tablet advgb-is-full-mobile\" id=\"advgb-col-f0f91d91-caa1-4095-aefc-ef7cc24848a4\"><div class=\"advgb-column-inner\" style=\"border-style:none;border-width:1px\"><\/div><\/div>\n<\/div><\/div><\/div>\n\n\n\n<p class=\"wp-el\"><\/p>\n<style class=\"advgb-styles-renderer\">#advgb-cols-6a07a3eb-a260-432d-b544-4330c84ffaa8{}@media screen and (max-width: 1023px) {#advgb-cols-6a07a3eb-a260-432d-b544-4330c84ffaa8{}}@media screen and (max-width: 767px) {#advgb-cols-6a07a3eb-a260-432d-b544-4330c84ffaa8{}}#advgb-col-582bec12-9f46-4e35-aa16-362dbec0f15c>.advgb-column-inner{}@media screen and (max-width: 1023px) {#advgb-col-582bec12-9f46-4e35-aa16-362dbec0f15c>.advgb-column-inner{}}@media screen and (max-width: 767px) {#advgb-col-582bec12-9f46-4e35-aa16-362dbec0f15c>.advgb-column-inner{}}#advgb-col-f0f91d91-caa1-4095-aefc-ef7cc24848a4>.advgb-column-inner{}@media screen and (max-width: 1023px) {#advgb-col-f0f91d91-caa1-4095-aefc-ef7cc24848a4>.advgb-column-inner{}}@media screen and (max-width: 767px) {#advgb-col-f0f91d91-caa1-4095-aefc-ef7cc24848a4>.advgb-column-inner{}}<\/style>","protected":false},"excerpt":{"rendered":"<p>Kollased aknad pandi L\u00f5una-Eestis p\u00fcsti 2013. aastal ja seda Hollandi kolleegide eeskujul. Tegevusi rahastasid L\u00f5una-Eesti LEADER tegevusgrupid ning projekti vedas&#8230;<\/p>\n","protected":false},"author":1,"featured_media":0,"parent":0,"menu_order":50,"comment_status":"closed","ping_status":"closed","template":"","meta":{"advgb_blocks_editor_width":"","advgb_blocks_columns_visual_guide":"","footnotes":"","_links_to":"","_links_to_target":""},"acf":[],"yoast_head":"<!-- This site is optimized with the Yoast SEO plugin v21.4 - https:\/\/yoast.com\/wordpress\/plugins\/seo\/ -->\n<title>Kontakt -<\/title>\n<meta name=\"description\" content=\"L\u00f5una-Eesti kuues maakonnas pu\u0308u\u0308avad k\u00fclastajate pilku fotoraamid ehk kollased aknad, mis m\u00f5nes sihtkohas on hakanud juba v\u00e4rvi muutma.\" \/>\n<meta name=\"robots\" content=\"index, follow, max-snippet:-1, max-image-preview:large, max-video-preview:-1\" \/>\n<link rel=\"canonical\" href=\"https:\/\/visitsouthestonia.com\/community\/kontakt\/\" \/>\n<meta property=\"og:locale\" content=\"et_EE\" \/>\n<meta property=\"og:type\" content=\"article\" \/>\n<meta property=\"og:title\" content=\"Kontakt -\" \/>\n<meta property=\"og:description\" content=\"L\u00f5una-Eesti kuues maakonnas pu\u0308u\u0308avad k\u00fclastajate pilku fotoraamid ehk kollased aknad, mis m\u00f5nes sihtkohas on hakanud juba v\u00e4rvi muutma.\" \/>\n<meta property=\"og:url\" content=\"https:\/\/visitsouthestonia.com\/community\/kontakt\/\" \/>\n<meta property=\"og:site_name\" content=\"visitsouthestonia\" \/>\n<meta property=\"article:modified_time\" content=\"2025-10-16T13:29:10+00:00\" \/>\n<meta name=\"twitter:card\" content=\"summary_large_image\" \/>\n<meta name=\"twitter:label1\" content=\"Est. reading time\" \/>\n\t<meta name=\"twitter:data1\" content=\"1 minut\" \/>\n<script type=\"application\/ld+json\" class=\"yoast-schema-graph\">{\"@context\":\"https:\/\/schema.org\",\"@graph\":[{\"@type\":\"WebPage\",\"@id\":\"https:\/\/visitsouthestonia.com\/community\/kontakt\/\",\"url\":\"https:\/\/visitsouthestonia.com\/community\/kontakt\/\",\"name\":\"Kontakt -\",\"isPartOf\":{\"@id\":\"https:\/\/visitsouthestonia.com\/community\/#website\"},\"datePublished\":\"2020-04-22T11:43:35+00:00\",\"dateModified\":\"2025-10-16T13:29:10+00:00\",\"description\":\"L\u00f5una-Eesti kuues maakonnas pu\u0308u\u0308avad k\u00fclastajate pilku fotoraamid ehk kollased aknad, mis m\u00f5nes sihtkohas on hakanud juba v\u00e4rvi muutma.\",\"inLanguage\":\"et\",\"potentialAction\":[{\"@type\":\"ReadAction\",\"target\":[\"https:\/\/visitsouthestonia.com\/community\/kontakt\/\"]}]},{\"@type\":\"WebSite\",\"@id\":\"https:\/\/visitsouthestonia.com\/community\/#website\",\"url\":\"https:\/\/visitsouthestonia.com\/community\/\",\"name\":\"visitsouthestonia\",\"description\":\"Parim puhkus veeda L\u00f5una-Eestis!\",\"potentialAction\":[{\"@type\":\"SearchAction\",\"target\":{\"@type\":\"EntryPoint\",\"urlTemplate\":\"https:\/\/visitsouthestonia.com\/community\/?s={search_term_string}\"},\"query-input\":\"required name=search_term_string\"}],\"inLanguage\":\"et\"}]}<\/script>\n<!-- \/ Yoast SEO plugin. -->","yoast_head_json":{"title":"Kontakt -","description":"L\u00f5una-Eesti kuues maakonnas pu\u0308u\u0308avad k\u00fclastajate pilku fotoraamid ehk kollased aknad, mis m\u00f5nes sihtkohas on hakanud juba v\u00e4rvi muutma.","robots":{"index":"index","follow":"follow","max-snippet":"max-snippet:-1","max-image-preview":"max-image-preview:large","max-video-preview":"max-video-preview:-1"},"canonical":"https:\/\/visitsouthestonia.com\/community\/kontakt\/","og_locale":"et_EE","og_type":"article","og_title":"Kontakt -","og_description":"L\u00f5una-Eesti kuues maakonnas pu\u0308u\u0308avad k\u00fclastajate pilku fotoraamid ehk kollased aknad, mis m\u00f5nes sihtkohas on hakanud juba v\u00e4rvi muutma.","og_url":"https:\/\/visitsouthestonia.com\/community\/kontakt\/","og_site_name":"visitsouthestonia","article_modified_time":"2025-10-16T13:29:10+00:00","twitter_card":"summary_large_image","twitter_misc":{"Est. reading time":"1 minut"},"schema":{"@context":"https:\/\/schema.org","@graph":[{"@type":"WebPage","@id":"https:\/\/visitsouthestonia.com\/community\/kontakt\/","url":"https:\/\/visitsouthestonia.com\/community\/kontakt\/","name":"Kontakt -","isPartOf":{"@id":"https:\/\/visitsouthestonia.com\/community\/#website"},"datePublished":"2020-04-22T11:43:35+00:00","dateModified":"2025-10-16T13:29:10+00:00","description":"L\u00f5una-Eesti kuues maakonnas pu\u0308u\u0308avad k\u00fclastajate pilku fotoraamid ehk kollased aknad, mis m\u00f5nes sihtkohas on hakanud juba v\u00e4rvi muutma.","inLanguage":"et","potentialAction":[{"@type":"ReadAction","target":["https:\/\/visitsouthestonia.com\/community\/kontakt\/"]}]},{"@type":"WebSite","@id":"https:\/\/visitsouthestonia.com\/community\/#website","url":"https:\/\/visitsouthestonia.com\/community\/","name":"visitsouthestonia","description":"Parim puhkus veeda L\u00f5una-Eestis!","potentialAction":[{"@type":"SearchAction","target":{"@type":"EntryPoint","urlTemplate":"https:\/\/visitsouthestonia.com\/community\/?s={search_term_string}"},"query-input":"required name=search_term_string"}],"inLanguage":"et"}]}},"coauthors":[],"author_meta":{"author_link":"https:\/\/visitsouthestonia.com\/community\/author\/admin\/","display_name":"admin"},"relative_dates":{"created":"Posted 6 aastat ago","modified":"Updated 6 kuud ago"},"absolute_dates":{"created":"Posted on 22. apr. 2020","modified":"Updated on 16. okt. 2025"},"absolute_dates_time":{"created":"Posted on 22. apr. 2020 02:43","modified":"Updated on 16. okt. 2025 04:29"},"featured_img_caption":"","featured_img":false,"series_order":"","_links":{"self":[{"href":"https:\/\/visitsouthestonia.com\/community\/wp-json\/wp\/v2\/pages\/396"}],"collection":[{"href":"https:\/\/visitsouthestonia.com\/community\/wp-json\/wp\/v2\/pages"}],"about":[{"href":"https:\/\/visitsouthestonia.com\/community\/wp-json\/wp\/v2\/types\/page"}],"author":[{"embeddable":true,"href":"https:\/\/visitsouthestonia.com\/community\/wp-json\/wp\/v2\/users\/1"}],"replies":[{"embeddable":true,"href":"https:\/\/visitsouthestonia.com\/community\/wp-json\/wp\/v2\/comments?post=396"}],"version-history":[{"count":85,"href":"https:\/\/visitsouthestonia.com\/community\/wp-json\/wp\/v2\/pages\/396\/revisions"}],"predecessor-version":[{"id":21374,"href":"https:\/\/visitsouthestonia.com\/community\/wp-json\/wp\/v2\/pages\/396\/revisions\/21374"}],"wp:attachment":[{"href":"https:\/\/visitsouthestonia.com\/community\/wp-json\/wp\/v2\/media?parent=396"}],"curies":[{"name":"wp","href":"https:\/\/api.w.org\/{rel}","templated":true}]}}