{"id":383,"date":"2020-04-22T14:03:32","date_gmt":"2020-04-22T11:03:32","guid":{"rendered":"http:\/\/visitsouthestonia.com\/community\/?page_id=383"},"modified":"2020-12-06T19:45:55","modified_gmt":"2020-12-06T17:45:55","slug":"uudsed-lahenemised","status":"publish","type":"page","link":"https:\/\/visitsouthestonia.com\/community\/lugu\/uudsed-lahenemised\/","title":{"rendered":"Uudsed l\u00e4henemised"},"content":{"rendered":"\n<div class=\"wp-block-advgb-columns advgb-columns-wrapper\" id=\"advgb-cols-d8dd065b-88c2-4122-b5a5-d63f7e0e75bb\"><div class=\"advgb-columns-container\"><div class=\"advgb-columns advgb-columns-row advgb-is-mobile columns-valign-top advgb-columns-2 layout-12-12 mbl-layout-stacked vgutter-10\">\n<div class=\"wp-block-advgb-column advgb-column advgb-is-half-tablet advgb-is-full-mobile\" id=\"advgb-col-e7e09e81-b5a5-4b5d-804f-cc0d1e2cfcd3\"><div class=\"advgb-column-inner\" style=\"border-style:none;border-width:1px\">\n<h3 class=\"wp-el wp-block-heading\">Innovatsioon \u2013 t\u00e4iesti uus v\u00f5i vana uues kuues<\/h3>\n\n\n\n<p class=\"wp-el\">Eesti inimesed tahavad teha suuri asju ja L\u00f5una-Eestiski leidub selliseid inimesi palju. Siin tehakse tipptasemel teadust ja siin on piisavalt teadlikkust, j\u00e4rjest rohkem ka koost\u00f6\u00f6d. Harmooniline \u00fchiskond ei ole homogeenne, vaid erisusi aktsepteeriv, ka v\u00e4ikest keelt kaitsev, kohalikku omap\u00e4ra m\u00e4rkav ja puhast loodust hoidev. Haritus ja ettev\u00f5tluspisik on aga v\u00f5tmed, mis avavad iga piirkonna edule. <\/p>\n\n\n\n<p class=\"wp-el\">L\u00f5unaeestlastele toob n\u00e4o naerule nii m\u00f5nigi teistmoodi tegemine \u2013 on ju L\u00f5una-Eesti peale puidusektori ja teiste traditsiooniliste valdkondade ka matkajate paradiis, kohaliku toidu gurmaanide meka, k\u00e4sit\u00f6\u00f6huviliste kants, loovmajanduse taimelava. K\u00f5iki neid suundi annab veel palju \u00e4gedamalt k\u00e4ima l\u00fckata.<\/p>\n\n\n\n<p class=\"wp-el\">Kui \u00fchendada traditsiooniline eluviis, esivanemate tarkus ja t\u00e4nased tehnoloogiad, s\u00fcnnivad loovad ning kestlikud lahendused, mis v\u00f5imaldavad ennast teostada, tulu teenida ja peale kauba veel maailma parandada. V\u00e4hemalt nii paistavad kinnitavat nutikad n\u00e4ited L\u00f5una-Eesti ettev\u00f5tlusmaastikult. Olgu jutuks Vana-J\u00fcri seebikoda, Kurenurme p\u00e4ikesepark v\u00f5i Mooste m\u00f5isa meistrite hoov, k\u00f5igi nende tegemiste eestvedajad m\u00fcttavad v\u00e4simatult ettev\u00f5tlikkuse eesrindel. Iga\u00fcks omal moel, pakkudes t\u00e4iendust k\u00fcmnetele ja sadadele teistele L\u00f5una-Eesti ettev\u00f5tlikele inimestele.<\/p>\n\n\n\n<h3 class=\"wp-el wp-block-heading\">Lood uudsetest l\u00e4henemistest<\/h3>\n\n\n\n<ul class=\"wp-el\"><li><a href=\"https:\/\/visitsouthestonia.com\/community\/uudised\/kitsetalu-toodang-juustudest-looduskosmeetikani\/\" target=\"_blank\" rel=\"noreferrer noopener\">Kitsetalu toodang: juustudest looduskosmeetikani (2018)<\/a><\/li><li><a href=\"https:\/\/visitsouthestonia.com\/community\/uudised\/rapina-paberivabrik-maailmatasemel-nurgaprofiilide-tootja\/\" target=\"_blank\" rel=\"noreferrer noopener\">R\u00e4pina paberivabrik \u2013 maailmatasemel nurgaprofiilide tootja (2018)<\/a><\/li><li><a href=\"https:\/\/visitsouthestonia.com\/community\/uudised\/mooste-vaikefirma-loi-ukse-lahti-maailmaturule\/\" target=\"_blank\" rel=\"noreferrer noopener\">Mooste v\u00e4ikefirma l\u00f5i ukse lahti maailmaturule (2018)<\/a><\/li><\/ul>\n<\/div><\/div>\n\n\n\n<div class=\"wp-block-advgb-column advgb-column advgb-is-half-tablet advgb-is-full-mobile\" id=\"advgb-col-88d5bdda-ef4e-4a06-9ef7-7923f8d4cdda\"><div class=\"advgb-column-inner\" style=\"border-style:none;border-width:1px\">\n<blockquote class=\"wp-block-quote is-style-default\"><p><strong>\u201eInnovatsioonil on mitu n\u00e4gu: \u00fche jaoks v\u00e4ljendub see tehnoloogias, teise jaoks traditsiooniliste tarkuste uuenduslikus kasutamises, kolmas kujutab innovatsiooni teadvustatud arenguprotsessina, neljas n\u00e4eb innovatsiooni kehastusena novaatorlikku idufirmat, viies hoopis midagi muud\u2026 Keegi ei kahtle aga selles, et alguse saab innovatsioon inimestest. Kummalisel kombel on sattunud L\u00f5una-Eestisse hulgaliselt just neid inimesi, kellest saab alguse ise\u00e4ranis palju innovatsiooni.\u201c<\/strong><\/p><cite>National Geographic Eesti, september 2017<\/cite><\/blockquote>\n\n\n\n<figure class=\"wp-block-image size-large\"><img decoding=\"async\" loading=\"lazy\" width=\"640\" height=\"426\" src=\"https:\/\/visitsouthestonia.com\/community\/wp-content\/uploads\/2020\/05\/LE-uuendused2-Silver-Kommusaar.jpg\" alt=\"\" class=\"wp-image-1921\" srcset=\"https:\/\/visitsouthestonia.com\/community\/wp-content\/uploads\/2020\/05\/LE-uuendused2-Silver-Kommusaar.jpg 640w, https:\/\/visitsouthestonia.com\/community\/wp-content\/uploads\/2020\/05\/LE-uuendused2-Silver-Kommusaar-350x233.jpg 350w, https:\/\/visitsouthestonia.com\/community\/wp-content\/uploads\/2020\/05\/LE-uuendused2-Silver-Kommusaar-230x153.jpg 230w, https:\/\/visitsouthestonia.com\/community\/wp-content\/uploads\/2020\/05\/LE-uuendused2-Silver-Kommusaar-105x70.jpg 105w, https:\/\/visitsouthestonia.com\/community\/wp-content\/uploads\/2020\/05\/LE-uuendused2-Silver-Kommusaar-188x125.jpg 188w, https:\/\/visitsouthestonia.com\/community\/wp-content\/uploads\/2020\/05\/LE-uuendused2-Silver-Kommusaar-81x54.jpg 81w, https:\/\/visitsouthestonia.com\/community\/wp-content\/uploads\/2020\/05\/LE-uuendused2-Silver-Kommusaar-370x246.jpg 370w\" sizes=\"(max-width: 640px) 100vw, 640px\" \/><figcaption>Autor Silver Kommusaar<\/figcaption><\/figure>\n\n\n\n<h3 class=\"wp-el wp-block-heading\">Loe lisa NG artiklitest<\/h3>\n\n\n\n<ul class=\"wp-el\"><li><a href=\"https:\/\/www.nationalgeographic.ee\/uudised\/2020\/09\/28\/puhas-room-louna-eesti-rikkus\" target=\"_blank\" rel=\"noreferrer noopener\">Puhas r\u00f5\u00f5m, L\u00f5una-Eesti rikkus<\/a><\/li><li><a rel=\"noreferrer noopener\" href=\"https:\/\/www.nationalgeographic.ee\/uudised\/2020\/05\/25\/puhas-hing-louna-eesti-rikkus\" target=\"_blank\"><\/a><a rel=\"noreferrer noopener\" href=\"https:\/\/www.nationalgeographic.ee\/uudised\/2020\/05\/25\/puhas-hing-louna-eesti-rikkus\" target=\"_blank\">Puhas hing, L\u00f5una-Eesti rikkus<\/a><\/li><li><a rel=\"noreferrer noopener\" href=\"https:\/\/www.nationalgeographic.ee\/uudised\/2020\/05\/25\/puhas-hing-louna-eesti-rikkus\" target=\"_blank\"><\/a><a rel=\"noreferrer noopener\" href=\"https:\/\/www.nationalgeographic.ee\/uudised\/2019\/09\/30\/puhas-loodus-louna-eesti-rikkus\" target=\"_blank\">Puhas loodus, L\u00f5una-Eesti rikkus<\/a><\/li><li><a rel=\"noreferrer noopener\" href=\"https:\/\/www.nationalgeographic.ee\/uudised\/2020\/05\/25\/puhas-hing-louna-eesti-rikkus\" target=\"_blank\"><\/a><a rel=\"noreferrer noopener\" href=\"https:\/\/www.nationalgeographic.ee\/uudised\/2018\/09\/27\/iseolemisest-lounaeestlase-pilguga\" target=\"_blank\">Iseolemisest, l\u00f5unaeestlase pilguga<\/a><\/li><li><a rel=\"noreferrer noopener\" href=\"https:\/\/www.nationalgeographic.ee\/uudised\/2020\/05\/25\/puhas-hing-louna-eesti-rikkus\" target=\"_blank\"><\/a><a rel=\"noreferrer noopener\" href=\"https:\/\/www.nationalgeographic.ee\/uudised\/2018\/05\/29\/inspiratsioonist-lounaeestlase-pilguga\" target=\"_blank\">Inspiratsioonist, l\u00f5unaeestlase pilguga<\/a><\/li><li><a rel=\"noreferrer noopener\" href=\"https:\/\/www.nationalgeographic.ee\/uudised\/2020\/05\/25\/puhas-hing-louna-eesti-rikkus\" target=\"_blank\"><\/a><a rel=\"noreferrer noopener\" href=\"https:\/\/www.nationalgeographic.ee\/uudised\/2017\/11\/26\/identiteedist-lounaeestlase-pilguga\" target=\"_blank\">Identiteedist, l\u00f5unaeestlase pilguga<\/a><\/li><\/ul>\n\n\n\n<p class=\"wp-el\"><\/p>\n<\/div><\/div>\n<\/div><\/div><\/div>\n\n\n\n<h3 class=\"wp-el wp-block-heading\">Galerii<\/h3>\n\n\n<div id=\"acf-block-block_5e7c83e6e8c00\" class=\"acf-block-element block-gallery\">\n<div class=\"gallery\"><div class=\"gallery-item\"><a href=\"https:\/\/visitsouthestonia.com\/community\/wp-content\/uploads\/2020\/04\/partnerid.jpg\"><img decoding=\"async\" src=\"https:\/\/visitsouthestonia.com\/community\/wp-content\/uploads\/2020\/04\/partnerid-270x270.jpg\" alt=\"\" \/><span class=\"caption d-block text-center\">Kollaste akende marsruudi avamine.<\/span><\/a><\/div><div class=\"gallery-item\"><a href=\"https:\/\/visitsouthestonia.com\/community\/wp-content\/uploads\/2020\/04\/v\u00f5rtsj\u00e4rv-2-Teevi-Pihlak-1200x800.jpg\"><img decoding=\"async\" src=\"https:\/\/visitsouthestonia.com\/community\/wp-content\/uploads\/2020\/04\/v\u00f5rtsj\u00e4rv-2-Teevi-Pihlak-270x270.jpg\" alt=\"\" \/><span class=\"caption d-block text-center\">V\u00f5rtsj\u00e4rv. Teevi Pihlak<\/span><\/a><\/div><div class=\"gallery-item\"><a href=\"https:\/\/visitsouthestonia.com\/community\/wp-content\/uploads\/2020\/04\/V\u00f5ru-linn_2_szymon_jasionowski-1200x798.jpg\"><img decoding=\"async\" src=\"https:\/\/visitsouthestonia.com\/community\/wp-content\/uploads\/2020\/04\/V\u00f5ru-linn_2_szymon_jasionowski-270x270.jpg\" alt=\"\" \/><span class=\"caption d-block text-center\">V\u00f5ru. Szymon Jasionowski<\/span><\/a><\/div><div class=\"gallery-item\"><a href=\"https:\/\/visitsouthestonia.com\/community\/wp-content\/uploads\/2020\/04\/V\u00f5ru-lastelinn_szymon_jasionowski-1200x800.jpg\"><img decoding=\"async\" src=\"https:\/\/visitsouthestonia.com\/community\/wp-content\/uploads\/2020\/04\/V\u00f5ru-lastelinn_szymon_jasionowski-270x270.jpg\" alt=\"\" \/><span class=\"caption d-block text-center\">V\u00f5ru lastelinn. Szymon Jasionowski<\/span><\/a><\/div><div class=\"gallery-item\"><a href=\"https:\/\/visitsouthestonia.com\/community\/wp-content\/uploads\/2020\/04\/Pedeli-j\u00f5gi.-Timo-Arbeiter_-1200x675.jpg\"><img decoding=\"async\" src=\"https:\/\/visitsouthestonia.com\/community\/wp-content\/uploads\/2020\/04\/Pedeli-j\u00f5gi.-Timo-Arbeiter_-270x270.jpg\" alt=\"\" \/><span class=\"caption d-block text-center\">Pedeli j\u00f5gi. Timo Arbeiter<\/span><\/a><\/div><\/div><\/div>\n\n\n<p class=\"wp-el\"><\/p>\n<style class=\"advgb-styles-renderer\">#advgb-cols-d8dd065b-88c2-4122-b5a5-d63f7e0e75bb{}@media screen and (max-width: 1023px) {#advgb-cols-d8dd065b-88c2-4122-b5a5-d63f7e0e75bb{}}@media screen and (max-width: 767px) {#advgb-cols-d8dd065b-88c2-4122-b5a5-d63f7e0e75bb{}}#advgb-col-e7e09e81-b5a5-4b5d-804f-cc0d1e2cfcd3>.advgb-column-inner{}@media screen and (max-width: 1023px) {#advgb-col-e7e09e81-b5a5-4b5d-804f-cc0d1e2cfcd3>.advgb-column-inner{}}@media screen and (max-width: 767px) {#advgb-col-e7e09e81-b5a5-4b5d-804f-cc0d1e2cfcd3>.advgb-column-inner{}}#advgb-col-88d5bdda-ef4e-4a06-9ef7-7923f8d4cdda>.advgb-column-inner{margin-right:0px;margin-left:115px;}@media screen and (max-width: 1023px) {#advgb-col-88d5bdda-ef4e-4a06-9ef7-7923f8d4cdda>.advgb-column-inner{}}@media screen and (max-width: 767px) {#advgb-col-88d5bdda-ef4e-4a06-9ef7-7923f8d4cdda>.advgb-column-inner{}}<\/style>","protected":false},"excerpt":{"rendered":"<p>L\u00f5una-Eesti innovatsiooniks on teha asju kvaliteetselt ja mitte suures koguses, vaid keskendudes p\u00f5nevatele ni\u0161\u0161idele. Just sellistele, mis inspireerivad nii tegijat ennast kui ka teisi.<\/p>\n","protected":false},"author":1,"featured_media":2120,"parent":12,"menu_order":40,"comment_status":"closed","ping_status":"closed","template":"","meta":{"advgb_blocks_editor_width":"","advgb_blocks_columns_visual_guide":"","footnotes":"","_links_to":"","_links_to_target":""},"acf":[],"yoast_head":"<!-- This site is optimized with the Yoast SEO plugin v21.4 - https:\/\/yoast.com\/wordpress\/plugins\/seo\/ -->\n<title>Uudsed l\u00e4henemised - visitsouthestonia<\/title>\n<meta name=\"robots\" content=\"index, follow, max-snippet:-1, max-image-preview:large, max-video-preview:-1\" \/>\n<link rel=\"canonical\" href=\"https:\/\/visitsouthestonia.com\/lugu\/uudsed-lahenemised\/\" \/>\n<meta property=\"og:locale\" content=\"et_EE\" \/>\n<meta property=\"og:type\" content=\"article\" \/>\n<meta property=\"og:title\" content=\"Uudsed l\u00e4henemised - visitsouthestonia\" \/>\n<meta property=\"og:description\" content=\"L\u00f5una-Eesti innovatsiooniks on teha asju kvaliteetselt ja mitte suures koguses, vaid keskendudes p\u00f5nevatele ni\u0161\u0161idele. Just sellistele, mis inspireerivad nii tegijat ennast kui ka teisi.\" \/>\n<meta property=\"og:url\" content=\"https:\/\/visitsouthestonia.com\/lugu\/uudsed-lahenemised\/\" \/>\n<meta property=\"og:site_name\" content=\"visitsouthestonia\" \/>\n<meta property=\"article:modified_time\" content=\"2020-12-06T17:45:55+00:00\" \/>\n<meta property=\"og:image\" content=\"https:\/\/visitsouthestonia.com\/wp-content\/uploads\/2020\/06\/Grethe-R\u00f5\u00f5m-OKKA-plaat.jpg\" \/>\n\t<meta property=\"og:image:width\" content=\"1600\" \/>\n\t<meta property=\"og:image:height\" content=\"1067\" \/>\n\t<meta property=\"og:image:type\" content=\"image\/jpeg\" \/>\n<meta name=\"twitter:card\" content=\"summary_large_image\" \/>\n<meta name=\"twitter:label1\" content=\"Est. reading time\" \/>\n\t<meta name=\"twitter:data1\" content=\"2 minutit\" \/>\n<script type=\"application\/ld+json\" class=\"yoast-schema-graph\">{\"@context\":\"https:\/\/schema.org\",\"@graph\":[{\"@type\":\"WebPage\",\"@id\":\"https:\/\/visitsouthestonia.com\/lugu\/uudsed-lahenemised\/\",\"url\":\"https:\/\/visitsouthestonia.com\/lugu\/uudsed-lahenemised\/\",\"name\":\"Uudsed l\u00e4henemised - visitsouthestonia\",\"isPartOf\":{\"@id\":\"https:\/\/visitsouthestonia.com\/community\/#website\"},\"datePublished\":\"2020-04-22T11:03:32+00:00\",\"dateModified\":\"2020-12-06T17:45:55+00:00\",\"breadcrumb\":{\"@id\":\"https:\/\/visitsouthestonia.com\/lugu\/uudsed-lahenemised\/#breadcrumb\"},\"inLanguage\":\"et\",\"potentialAction\":[{\"@type\":\"ReadAction\",\"target\":[\"https:\/\/visitsouthestonia.com\/lugu\/uudsed-lahenemised\/\"]}]},{\"@type\":\"BreadcrumbList\",\"@id\":\"https:\/\/visitsouthestonia.com\/lugu\/uudsed-lahenemised\/#breadcrumb\",\"itemListElement\":[{\"@type\":\"ListItem\",\"position\":1,\"name\":\"L\u00f5una-Eesti lugu\",\"item\":\"https:\/\/visitsouthestonia.com\/lugu\/\"},{\"@type\":\"ListItem\",\"position\":2,\"name\":\"Uudsed l\u00e4henemised\"}]},{\"@type\":\"WebSite\",\"@id\":\"https:\/\/visitsouthestonia.com\/community\/#website\",\"url\":\"https:\/\/visitsouthestonia.com\/community\/\",\"name\":\"visitsouthestonia\",\"description\":\"Parim puhkus veeda L\u00f5una-Eestis!\",\"potentialAction\":[{\"@type\":\"SearchAction\",\"target\":{\"@type\":\"EntryPoint\",\"urlTemplate\":\"https:\/\/visitsouthestonia.com\/community\/?s={search_term_string}\"},\"query-input\":\"required name=search_term_string\"}],\"inLanguage\":\"et\"}]}<\/script>\n<!-- \/ Yoast SEO plugin. -->","yoast_head_json":{"title":"Uudsed l\u00e4henemised - visitsouthestonia","robots":{"index":"index","follow":"follow","max-snippet":"max-snippet:-1","max-image-preview":"max-image-preview:large","max-video-preview":"max-video-preview:-1"},"canonical":"https:\/\/visitsouthestonia.com\/lugu\/uudsed-lahenemised\/","og_locale":"et_EE","og_type":"article","og_title":"Uudsed l\u00e4henemised - visitsouthestonia","og_description":"L\u00f5una-Eesti innovatsiooniks on teha asju kvaliteetselt ja mitte suures koguses, vaid keskendudes p\u00f5nevatele ni\u0161\u0161idele. Just sellistele, mis inspireerivad nii tegijat ennast kui ka teisi.","og_url":"https:\/\/visitsouthestonia.com\/lugu\/uudsed-lahenemised\/","og_site_name":"visitsouthestonia","article_modified_time":"2020-12-06T17:45:55+00:00","og_image":[{"width":1600,"height":1067,"url":"https:\/\/visitsouthestonia.com\/wp-content\/uploads\/2020\/06\/Grethe-R\u00f5\u00f5m-OKKA-plaat.jpg","type":"image\/jpeg"}],"twitter_card":"summary_large_image","twitter_misc":{"Est. reading time":"2 minutit"},"schema":{"@context":"https:\/\/schema.org","@graph":[{"@type":"WebPage","@id":"https:\/\/visitsouthestonia.com\/lugu\/uudsed-lahenemised\/","url":"https:\/\/visitsouthestonia.com\/lugu\/uudsed-lahenemised\/","name":"Uudsed l\u00e4henemised - visitsouthestonia","isPartOf":{"@id":"https:\/\/visitsouthestonia.com\/community\/#website"},"datePublished":"2020-04-22T11:03:32+00:00","dateModified":"2020-12-06T17:45:55+00:00","breadcrumb":{"@id":"https:\/\/visitsouthestonia.com\/lugu\/uudsed-lahenemised\/#breadcrumb"},"inLanguage":"et","potentialAction":[{"@type":"ReadAction","target":["https:\/\/visitsouthestonia.com\/lugu\/uudsed-lahenemised\/"]}]},{"@type":"BreadcrumbList","@id":"https:\/\/visitsouthestonia.com\/lugu\/uudsed-lahenemised\/#breadcrumb","itemListElement":[{"@type":"ListItem","position":1,"name":"L\u00f5una-Eesti lugu","item":"https:\/\/visitsouthestonia.com\/lugu\/"},{"@type":"ListItem","position":2,"name":"Uudsed l\u00e4henemised"}]},{"@type":"WebSite","@id":"https:\/\/visitsouthestonia.com\/community\/#website","url":"https:\/\/visitsouthestonia.com\/community\/","name":"visitsouthestonia","description":"Parim puhkus veeda L\u00f5una-Eestis!","potentialAction":[{"@type":"SearchAction","target":{"@type":"EntryPoint","urlTemplate":"https:\/\/visitsouthestonia.com\/community\/?s={search_term_string}"},"query-input":"required name=search_term_string"}],"inLanguage":"et"}]}},"coauthors":[],"author_meta":{"author_link":"https:\/\/visitsouthestonia.com\/community\/author\/admin\/","display_name":"admin"},"relative_dates":{"created":"Posted 6 aastat ago","modified":"Updated 5 aastat ago"},"absolute_dates":{"created":"Posted on 22. apr. 2020","modified":"Updated on 6. dets. 2020"},"absolute_dates_time":{"created":"Posted on 22. apr. 2020 02:03","modified":"Updated on 6. dets. 2020 07:45"},"featured_img_caption":"","featured_img":"https:\/\/visitsouthestonia.com\/community\/wp-content\/uploads\/2020\/06\/Grethe-R\u00f5\u00f5m-OKKA-plaat.jpg","series_order":"","_links":{"self":[{"href":"https:\/\/visitsouthestonia.com\/community\/wp-json\/wp\/v2\/pages\/383"}],"collection":[{"href":"https:\/\/visitsouthestonia.com\/community\/wp-json\/wp\/v2\/pages"}],"about":[{"href":"https:\/\/visitsouthestonia.com\/community\/wp-json\/wp\/v2\/types\/page"}],"author":[{"embeddable":true,"href":"https:\/\/visitsouthestonia.com\/community\/wp-json\/wp\/v2\/users\/1"}],"replies":[{"embeddable":true,"href":"https:\/\/visitsouthestonia.com\/community\/wp-json\/wp\/v2\/comments?post=383"}],"version-history":[{"count":6,"href":"https:\/\/visitsouthestonia.com\/community\/wp-json\/wp\/v2\/pages\/383\/revisions"}],"predecessor-version":[{"id":3959,"href":"https:\/\/visitsouthestonia.com\/community\/wp-json\/wp\/v2\/pages\/383\/revisions\/3959"}],"up":[{"embeddable":true,"href":"https:\/\/visitsouthestonia.com\/community\/wp-json\/wp\/v2\/pages\/12"}],"wp:featuredmedia":[{"embeddable":true,"href":"https:\/\/visitsouthestonia.com\/community\/wp-json\/wp\/v2\/media\/2120"}],"wp:attachment":[{"href":"https:\/\/visitsouthestonia.com\/community\/wp-json\/wp\/v2\/media?parent=383"}],"curies":[{"name":"wp","href":"https:\/\/api.w.org\/{rel}","templated":true}]}}