{"id":352,"date":"2020-04-22T13:54:13","date_gmt":"2020-04-22T10:54:13","guid":{"rendered":"http:\/\/visitsouthestonia.com\/community\/?page_id=352"},"modified":"2020-12-06T18:43:19","modified_gmt":"2020-12-06T16:43:19","slug":"traditsioonid","status":"publish","type":"page","link":"https:\/\/visitsouthestonia.com\/community\/lugu\/traditsioonid\/","title":{"rendered":"Traditsioonid"},"content":{"rendered":"\n<div class=\"wp-block-advgb-columns advgb-columns-wrapper\" id=\"advgb-cols-64ed89a4-7bb2-45e6-88c4-25fa466c718b\"><div class=\"advgb-columns-container\"><div class=\"advgb-columns advgb-columns-row advgb-is-mobile columns-valign-top advgb-columns-2 layout-12-12 mbl-layout-stacked vgutter-10\">\n<div class=\"wp-block-advgb-column advgb-column advgb-is-half-tablet advgb-is-full-mobile\" id=\"advgb-col-89b05314-307a-485d-8a5f-95889679b4cc\"><div class=\"advgb-column-inner\" style=\"border-style:none;border-width:1px\">\n<h3 class=\"wp-el wp-block-heading\">L\u00f5una-Eesti elurikkus ja traditsioonid<\/h3>\n\n\n\n<p class=\"wp-el\">Kultuuride mitmekesisus nii v\u00e4ikesel alal \u00fcllatab isegi asjatundjaid. Elurikkust loovad p\u00e4rimuskultuuri kogukonnad Mulgimaal, Setomaal, Haanimaal, Karulas jm. Elurikkust loovad Peipsi vanausulised, kelle esivanemad p\u00f5genesid Venemaa impeeriumi kirikuv\u00f5imude tagakiusamise eest 18. sajandi r\u00e4ndelainega \u00fcle Peipsi Kodavere kanti ja rajasid ranna\u00e4\u00e4rsed ridak\u00fclad, kus elu j\u00e4tkub endiselt. <\/p>\n\n\n\n<p class=\"wp-el\">Elurikkusest k\u00f5nelevad laulu- ja pillim\u00e4ngu traditsioonid, Teppo l\u00f5\u00f5ts, seto kannel, v\u00e4ikekannel, torupill, Uma Pido, Eesti esimene \u00fcldlaulupidu, Eesti lipu kodu Otep\u00e4\u00e4l. Nii nagu v\u00e4ljendavad elurikkust k\u00e4sit\u00f6\u00f6oskused ja traditsiooniline eluviis, lodi, kale ja haabjas, sibulad ja karakatitsad, nii ka Sangaste rukis, vesiveskid, seto kindlustalu ja ts\u00e4sson, Vastseliina ordulinnus, L\u00f5una-Eesti eluj\u00f5ulised hajak\u00fclad, talgud-t\u00e4htp\u00e4evad, samuti m\u00f5isakultuur Moostes, uued kogukonnakeskused S\u00e4nnas, Obinitsas ja mujalgi. <\/p>\n\n\n\n<p class=\"wp-el\">Elurikkusest pakatavad kohalikud maitsed, uma kiil ja uma miil. Kogu see piirkond, mis muinasmaakondade j\u00e4rel aastasadu Liivimaa nime kandis, oli paljude toonaste l\u00f5unast tulnud vallutajate jaoks osake m\u00fcstilisest kaugest p\u00f5hjast, omalaadsest Ultima Thulest, mis asub teispool teada oleva maa piire. \u201eLihtne on elu mul siin Liivimaal, ma teen tasapisi t\u00f6\u00f6d ning mu lemmiklaul on pastoraal,\u201c k\u00e4histas Riho Sibul oma kuulsas laulus \u00e4rkamisaegset s\u00f5numit.<\/p>\n\n\n\n<h3 class=\"wp-el wp-block-heading\">Traditsioonilise elu lood<\/h3>\n\n\n\n<ul class=\"wp-el\"><li><a href=\"https:\/\/visitsouthestonia.com\/community\/uudised\/piiripealne-saar-piirissaar-sona-koige-otsesemas-mottes\/\" target=\"_blank\" rel=\"noreferrer noopener\">Piiripealne saar Piirissaar \u2013 s\u00f5na k\u00f5ige otsesemas m\u00f5ttes (2018)<\/a><\/li><li><a href=\"https:\/\/visitsouthestonia.com\/community\/uudised\/veski-mis-jahvatab-elamusi\/\" target=\"_blank\" rel=\"noreferrer noopener\">Vesi, mis jahvatab elamusi (2018)<\/a><\/li><\/ul>\n\n\n\n<p class=\"wp-el\"><\/p>\n<\/div><\/div>\n\n\n\n<div class=\"wp-block-advgb-column advgb-column advgb-is-half-tablet advgb-is-full-mobile\" id=\"advgb-col-7c6b1d4a-b6a3-4264-97af-7ab873fa583d\"><div class=\"advgb-column-inner\" style=\"border-style:none;border-width:1px\">\n<blockquote class=\"wp-block-quote is-style-default\"><p><strong>\u201eTugev identiteet, kohap\u00e4rimus, keel, kultuur ja ajalugu astuvad \u00fchte sammu loodusega Euroopa \u00e4\u00e4realadel, kus on s\u00e4ilinud veel inimese paigatunnetus ja sellega seotud arusaamine iseendast. L\u00f5una-Eesti eripalgeliste rahvakildude p\u00e4randkultuur rikastab t\u00e4naseni siinset kultuuriruumi, loob mingi kindla tausts\u00fcsteemi, milles meie moodne elu oma \u00fcleilmastuvate arengutega lahti rullub.\u201c<\/strong><\/p><cite>National Geographic Eesti, november 2017<\/cite><\/blockquote>\n\n\n\n<figure class=\"wp-block-image size-large\"><img decoding=\"async\" loading=\"lazy\" width=\"1200\" height=\"816\" src=\"https:\/\/visitsouthestonia.com\/community\/wp-content\/uploads\/2020\/05\/Suitsusaun-ja-viht-L\u00f5unaEesti-Andres-Treial-1200x816.jpg\" alt=\"\" class=\"wp-image-1874\" srcset=\"https:\/\/visitsouthestonia.com\/community\/wp-content\/uploads\/2020\/05\/Suitsusaun-ja-viht-L\u00f5unaEesti-Andres-Treial-1200x816.jpg 1200w, https:\/\/visitsouthestonia.com\/community\/wp-content\/uploads\/2020\/05\/Suitsusaun-ja-viht-L\u00f5unaEesti-Andres-Treial-1536x1044.jpg 1536w, https:\/\/visitsouthestonia.com\/community\/wp-content\/uploads\/2020\/05\/Suitsusaun-ja-viht-L\u00f5unaEesti-Andres-Treial-350x238.jpg 350w, https:\/\/visitsouthestonia.com\/community\/wp-content\/uploads\/2020\/05\/Suitsusaun-ja-viht-L\u00f5unaEesti-Andres-Treial-1100x748.jpg 1100w, https:\/\/visitsouthestonia.com\/community\/wp-content\/uploads\/2020\/05\/Suitsusaun-ja-viht-L\u00f5unaEesti-Andres-Treial-230x156.jpg 230w, https:\/\/visitsouthestonia.com\/community\/wp-content\/uploads\/2020\/05\/Suitsusaun-ja-viht-L\u00f5unaEesti-Andres-Treial-103x70.jpg 103w, https:\/\/visitsouthestonia.com\/community\/wp-content\/uploads\/2020\/05\/Suitsusaun-ja-viht-L\u00f5unaEesti-Andres-Treial-188x128.jpg 188w, https:\/\/visitsouthestonia.com\/community\/wp-content\/uploads\/2020\/05\/Suitsusaun-ja-viht-L\u00f5unaEesti-Andres-Treial-79x54.jpg 79w, https:\/\/visitsouthestonia.com\/community\/wp-content\/uploads\/2020\/05\/Suitsusaun-ja-viht-L\u00f5unaEesti-Andres-Treial-370x252.jpg 370w, https:\/\/visitsouthestonia.com\/community\/wp-content\/uploads\/2020\/05\/Suitsusaun-ja-viht-L\u00f5unaEesti-Andres-Treial.jpg 1600w\" sizes=\"(max-width: 1200px) 100vw, 1200px\" \/><figcaption>Autor Andres Treial<br><\/figcaption><\/figure>\n\n\n\n<h3 class=\"wp-el wp-block-heading\">Loe lisa NG artiklitest<\/h3>\n\n\n\n<ul class=\"wp-el\"><li><a href=\"https:\/\/www.nationalgeographic.ee\/uudised\/2020\/09\/28\/puhas-room-louna-eesti-rikkus\" target=\"_blank\" rel=\"noreferrer noopener\">Puhas r\u00f5\u00f5m, L\u00f5una-Eesti rikkus<\/a><\/li><li><a rel=\"noreferrer noopener\" href=\"https:\/\/www.nationalgeographic.ee\/uudised\/2020\/05\/25\/puhas-hing-louna-eesti-rikkus\" target=\"_blank\"><\/a><a rel=\"noreferrer noopener\" href=\"https:\/\/www.nationalgeographic.ee\/uudised\/2020\/05\/25\/puhas-hing-louna-eesti-rikkus\" target=\"_blank\">Puhas hing, L\u00f5una-Eesti rikkus<\/a><\/li><li><a rel=\"noreferrer noopener\" href=\"https:\/\/www.nationalgeographic.ee\/uudised\/2020\/05\/25\/puhas-hing-louna-eesti-rikkus\" target=\"_blank\"><\/a><a rel=\"noreferrer noopener\" href=\"https:\/\/www.nationalgeographic.ee\/uudised\/2019\/09\/30\/puhas-loodus-louna-eesti-rikkus\" target=\"_blank\">Puhas loodus, L\u00f5una-Eesti rikkus<\/a><\/li><li><a rel=\"noreferrer noopener\" href=\"https:\/\/www.nationalgeographic.ee\/uudised\/2020\/05\/25\/puhas-hing-louna-eesti-rikkus\" target=\"_blank\"><\/a><a rel=\"noreferrer noopener\" href=\"https:\/\/www.nationalgeographic.ee\/uudised\/2018\/09\/27\/iseolemisest-lounaeestlase-pilguga\" target=\"_blank\">Iseolemisest, l\u00f5unaeestlase pilguga<\/a><\/li><li><a rel=\"noreferrer noopener\" href=\"https:\/\/www.nationalgeographic.ee\/uudised\/2020\/05\/25\/puhas-hing-louna-eesti-rikkus\" target=\"_blank\"><\/a><a rel=\"noreferrer noopener\" href=\"https:\/\/www.nationalgeographic.ee\/uudised\/2018\/05\/29\/inspiratsioonist-lounaeestlase-pilguga\" target=\"_blank\">Inspiratsioonist, l\u00f5unaeestlase pilguga<\/a><\/li><li><a rel=\"noreferrer noopener\" href=\"https:\/\/www.nationalgeographic.ee\/uudised\/2020\/05\/25\/puhas-hing-louna-eesti-rikkus\" target=\"_blank\"><\/a><a rel=\"noreferrer noopener\" href=\"https:\/\/www.nationalgeographic.ee\/uudised\/2017\/11\/26\/identiteedist-lounaeestlase-pilguga\" target=\"_blank\">Identiteedist, l\u00f5unaeestlase pilguga<\/a><\/li><\/ul>\n\n\n\n<p class=\"wp-el\"><\/p>\n<\/div><\/div>\n<\/div><\/div><\/div>\n\n\n\n<h3 class=\"wp-el wp-block-heading\">Galerii<\/h3>\n\n\n<div id=\"acf-block-block_5e7c83e6e8c00\" class=\"acf-block-element block-gallery\">\n<div class=\"gallery\"><div class=\"gallery-item\"><a href=\"https:\/\/visitsouthestonia.com\/community\/wp-content\/uploads\/2020\/05\/LE-elu1-Andres-Treial-1200x797.jpg\"><img decoding=\"async\" src=\"https:\/\/visitsouthestonia.com\/community\/wp-content\/uploads\/2020\/05\/LE-elu1-Andres-Treial-270x270.jpg\" alt=\"\" \/><\/a><\/div><div class=\"gallery-item\"><a href=\"https:\/\/visitsouthestonia.com\/community\/wp-content\/uploads\/2020\/05\/LE-elu2-Andres-Treial-1200x801.jpg\"><img decoding=\"async\" src=\"https:\/\/visitsouthestonia.com\/community\/wp-content\/uploads\/2020\/05\/LE-elu2-Andres-Treial-270x270.jpg\" alt=\"\" \/><\/a><\/div><div class=\"gallery-item\"><a href=\"https:\/\/visitsouthestonia.com\/community\/wp-content\/uploads\/2020\/05\/LE-elu5-Andres-Treial-1200x799.jpg\"><img decoding=\"async\" src=\"https:\/\/visitsouthestonia.com\/community\/wp-content\/uploads\/2020\/05\/LE-elu5-Andres-Treial-270x270.jpg\" alt=\"\" \/><\/a><\/div><div class=\"gallery-item\"><a href=\"https:\/\/visitsouthestonia.com\/community\/wp-content\/uploads\/2020\/05\/LE-elu7-Andres-Treial-1200x801.jpg\"><img decoding=\"async\" src=\"https:\/\/visitsouthestonia.com\/community\/wp-content\/uploads\/2020\/05\/LE-elu7-Andres-Treial-270x270.jpg\" alt=\"\" \/><\/a><\/div><div class=\"gallery-item\"><a href=\"https:\/\/visitsouthestonia.com\/community\/wp-content\/uploads\/2020\/05\/LE-elu3-Andres-Treial-1200x801.jpg\"><img decoding=\"async\" src=\"https:\/\/visitsouthestonia.com\/community\/wp-content\/uploads\/2020\/05\/LE-elu3-Andres-Treial-270x270.jpg\" alt=\"\" \/><\/a><\/div><div class=\"gallery-item\"><a href=\"https:\/\/visitsouthestonia.com\/community\/wp-content\/uploads\/2020\/05\/LE-elu-4-Andres-Treial-1200x713.jpg\"><img decoding=\"async\" src=\"https:\/\/visitsouthestonia.com\/community\/wp-content\/uploads\/2020\/05\/LE-elu-4-Andres-Treial-270x270.jpg\" alt=\"\" \/><\/a><\/div><div class=\"gallery-item\"><a href=\"https:\/\/visitsouthestonia.com\/community\/wp-content\/uploads\/2020\/05\/LE-elu6-Andres-Treial-1200x799.jpg\"><img decoding=\"async\" src=\"https:\/\/visitsouthestonia.com\/community\/wp-content\/uploads\/2020\/05\/LE-elu6-Andres-Treial-270x270.jpg\" alt=\"\" \/><\/a><\/div><div class=\"gallery-item\"><a href=\"https:\/\/visitsouthestonia.com\/community\/wp-content\/uploads\/2020\/05\/LE-elu-Andres-Treial-1200x801.jpg\"><img decoding=\"async\" src=\"https:\/\/visitsouthestonia.com\/community\/wp-content\/uploads\/2020\/05\/LE-elu-Andres-Treial-270x270.jpg\" alt=\"\" \/><\/a><\/div><\/div><\/div>\n\n\n<p class=\"wp-el\">Autor Andres Treial<\/p>\n\n\n\n<p class=\"wp-el\"><\/p>\n<style class=\"advgb-styles-renderer\">#advgb-cols-64ed89a4-7bb2-45e6-88c4-25fa466c718b{}@media screen and (max-width: 1023px) {#advgb-cols-64ed89a4-7bb2-45e6-88c4-25fa466c718b{}}@media screen and (max-width: 767px) {#advgb-cols-64ed89a4-7bb2-45e6-88c4-25fa466c718b{}}#advgb-col-89b05314-307a-485d-8a5f-95889679b4cc>.advgb-column-inner{}@media screen and (max-width: 1023px) {#advgb-col-89b05314-307a-485d-8a5f-95889679b4cc>.advgb-column-inner{}}@media screen and (max-width: 767px) {#advgb-col-89b05314-307a-485d-8a5f-95889679b4cc>.advgb-column-inner{}}#advgb-col-7c6b1d4a-b6a3-4264-97af-7ab873fa583d>.advgb-column-inner{margin-right:0px;margin-left:115px;}@media screen and (max-width: 1023px) {#advgb-col-7c6b1d4a-b6a3-4264-97af-7ab873fa583d>.advgb-column-inner{}}@media screen and (max-width: 767px) {#advgb-col-7c6b1d4a-b6a3-4264-97af-7ab873fa583d>.advgb-column-inner{}}<\/style>","protected":false},"excerpt":{"rendered":"<p>L\u00f5una-Eesti eripalgeliste rahvakildude p\u00e4randkultuur rikastab t\u00e4naseni siinset kultuuriruumi, loob mingi kindla tausts\u00fcsteemi, milles meie moodne elu oma \u00fcleilmastuvate arengutega lahti rullub.<\/p>\n","protected":false},"author":1,"featured_media":1870,"parent":12,"menu_order":30,"comment_status":"closed","ping_status":"closed","template":"","meta":{"advgb_blocks_editor_width":"","advgb_blocks_columns_visual_guide":"","footnotes":"","_links_to":"","_links_to_target":""},"acf":[],"yoast_head":"<!-- This site is optimized with the Yoast SEO plugin v21.4 - https:\/\/yoast.com\/wordpress\/plugins\/seo\/ -->\n<title>Traditsioonid - visitsouthestonia<\/title>\n<meta name=\"robots\" content=\"index, follow, max-snippet:-1, max-image-preview:large, max-video-preview:-1\" \/>\n<link rel=\"canonical\" href=\"https:\/\/visitsouthestonia.com\/lugu\/traditsioonid\/\" \/>\n<meta property=\"og:locale\" content=\"et_EE\" \/>\n<meta property=\"og:type\" content=\"article\" \/>\n<meta property=\"og:title\" content=\"Traditsioonid - visitsouthestonia\" \/>\n<meta property=\"og:description\" content=\"L\u00f5una-Eesti eripalgeliste rahvakildude p\u00e4randkultuur rikastab t\u00e4naseni siinset kultuuriruumi, loob mingi kindla tausts\u00fcsteemi, milles meie moodne elu oma \u00fcleilmastuvate arengutega lahti rullub.\" \/>\n<meta property=\"og:url\" content=\"https:\/\/visitsouthestonia.com\/lugu\/traditsioonid\/\" \/>\n<meta property=\"og:site_name\" content=\"visitsouthestonia\" \/>\n<meta property=\"article:modified_time\" content=\"2020-12-06T16:43:19+00:00\" \/>\n<meta property=\"og:image\" content=\"https:\/\/visitsouthestonia.com\/wp-content\/uploads\/2020\/05\/Suitsusaun-L\u00f5unaEesti-Andres-Treial.jpg\" \/>\n\t<meta property=\"og:image:width\" content=\"1600\" \/>\n\t<meta property=\"og:image:height\" content=\"1068\" \/>\n\t<meta property=\"og:image:type\" content=\"image\/jpeg\" \/>\n<meta name=\"twitter:card\" content=\"summary_large_image\" \/>\n<meta name=\"twitter:label1\" content=\"Est. reading time\" \/>\n\t<meta name=\"twitter:data1\" content=\"2 minutit\" \/>\n<script type=\"application\/ld+json\" class=\"yoast-schema-graph\">{\"@context\":\"https:\/\/schema.org\",\"@graph\":[{\"@type\":\"WebPage\",\"@id\":\"https:\/\/visitsouthestonia.com\/lugu\/traditsioonid\/\",\"url\":\"https:\/\/visitsouthestonia.com\/lugu\/traditsioonid\/\",\"name\":\"Traditsioonid - visitsouthestonia\",\"isPartOf\":{\"@id\":\"https:\/\/visitsouthestonia.com\/community\/#website\"},\"datePublished\":\"2020-04-22T10:54:13+00:00\",\"dateModified\":\"2020-12-06T16:43:19+00:00\",\"breadcrumb\":{\"@id\":\"https:\/\/visitsouthestonia.com\/lugu\/traditsioonid\/#breadcrumb\"},\"inLanguage\":\"et\",\"potentialAction\":[{\"@type\":\"ReadAction\",\"target\":[\"https:\/\/visitsouthestonia.com\/lugu\/traditsioonid\/\"]}]},{\"@type\":\"BreadcrumbList\",\"@id\":\"https:\/\/visitsouthestonia.com\/lugu\/traditsioonid\/#breadcrumb\",\"itemListElement\":[{\"@type\":\"ListItem\",\"position\":1,\"name\":\"L\u00f5una-Eesti lugu\",\"item\":\"https:\/\/visitsouthestonia.com\/lugu\/\"},{\"@type\":\"ListItem\",\"position\":2,\"name\":\"Traditsioonid\"}]},{\"@type\":\"WebSite\",\"@id\":\"https:\/\/visitsouthestonia.com\/community\/#website\",\"url\":\"https:\/\/visitsouthestonia.com\/community\/\",\"name\":\"visitsouthestonia\",\"description\":\"Parim puhkus veeda L\u00f5una-Eestis!\",\"potentialAction\":[{\"@type\":\"SearchAction\",\"target\":{\"@type\":\"EntryPoint\",\"urlTemplate\":\"https:\/\/visitsouthestonia.com\/community\/?s={search_term_string}\"},\"query-input\":\"required name=search_term_string\"}],\"inLanguage\":\"et\"}]}<\/script>\n<!-- \/ Yoast SEO plugin. -->","yoast_head_json":{"title":"Traditsioonid - visitsouthestonia","robots":{"index":"index","follow":"follow","max-snippet":"max-snippet:-1","max-image-preview":"max-image-preview:large","max-video-preview":"max-video-preview:-1"},"canonical":"https:\/\/visitsouthestonia.com\/lugu\/traditsioonid\/","og_locale":"et_EE","og_type":"article","og_title":"Traditsioonid - visitsouthestonia","og_description":"L\u00f5una-Eesti eripalgeliste rahvakildude p\u00e4randkultuur rikastab t\u00e4naseni siinset kultuuriruumi, loob mingi kindla tausts\u00fcsteemi, milles meie moodne elu oma \u00fcleilmastuvate arengutega lahti rullub.","og_url":"https:\/\/visitsouthestonia.com\/lugu\/traditsioonid\/","og_site_name":"visitsouthestonia","article_modified_time":"2020-12-06T16:43:19+00:00","og_image":[{"width":1600,"height":1068,"url":"https:\/\/visitsouthestonia.com\/wp-content\/uploads\/2020\/05\/Suitsusaun-L\u00f5unaEesti-Andres-Treial.jpg","type":"image\/jpeg"}],"twitter_card":"summary_large_image","twitter_misc":{"Est. reading time":"2 minutit"},"schema":{"@context":"https:\/\/schema.org","@graph":[{"@type":"WebPage","@id":"https:\/\/visitsouthestonia.com\/lugu\/traditsioonid\/","url":"https:\/\/visitsouthestonia.com\/lugu\/traditsioonid\/","name":"Traditsioonid - visitsouthestonia","isPartOf":{"@id":"https:\/\/visitsouthestonia.com\/community\/#website"},"datePublished":"2020-04-22T10:54:13+00:00","dateModified":"2020-12-06T16:43:19+00:00","breadcrumb":{"@id":"https:\/\/visitsouthestonia.com\/lugu\/traditsioonid\/#breadcrumb"},"inLanguage":"et","potentialAction":[{"@type":"ReadAction","target":["https:\/\/visitsouthestonia.com\/lugu\/traditsioonid\/"]}]},{"@type":"BreadcrumbList","@id":"https:\/\/visitsouthestonia.com\/lugu\/traditsioonid\/#breadcrumb","itemListElement":[{"@type":"ListItem","position":1,"name":"L\u00f5una-Eesti lugu","item":"https:\/\/visitsouthestonia.com\/lugu\/"},{"@type":"ListItem","position":2,"name":"Traditsioonid"}]},{"@type":"WebSite","@id":"https:\/\/visitsouthestonia.com\/community\/#website","url":"https:\/\/visitsouthestonia.com\/community\/","name":"visitsouthestonia","description":"Parim puhkus veeda L\u00f5una-Eestis!","potentialAction":[{"@type":"SearchAction","target":{"@type":"EntryPoint","urlTemplate":"https:\/\/visitsouthestonia.com\/community\/?s={search_term_string}"},"query-input":"required name=search_term_string"}],"inLanguage":"et"}]}},"coauthors":[],"author_meta":{"author_link":"https:\/\/visitsouthestonia.com\/community\/author\/admin\/","display_name":"admin"},"relative_dates":{"created":"Posted 6 aastat ago","modified":"Updated 5 aastat ago"},"absolute_dates":{"created":"Posted on 22. apr. 2020","modified":"Updated on 6. dets. 2020"},"absolute_dates_time":{"created":"Posted on 22. apr. 2020 01:54","modified":"Updated on 6. dets. 2020 06:43"},"featured_img_caption":"L\u00f5una-Eesti suitsusaun. Andres Treial","featured_img":"https:\/\/visitsouthestonia.com\/community\/wp-content\/uploads\/2020\/05\/Suitsusaun-L\u00f5unaEesti-Andres-Treial.jpg","series_order":"","_links":{"self":[{"href":"https:\/\/visitsouthestonia.com\/community\/wp-json\/wp\/v2\/pages\/352"}],"collection":[{"href":"https:\/\/visitsouthestonia.com\/community\/wp-json\/wp\/v2\/pages"}],"about":[{"href":"https:\/\/visitsouthestonia.com\/community\/wp-json\/wp\/v2\/types\/page"}],"author":[{"embeddable":true,"href":"https:\/\/visitsouthestonia.com\/community\/wp-json\/wp\/v2\/users\/1"}],"replies":[{"embeddable":true,"href":"https:\/\/visitsouthestonia.com\/community\/wp-json\/wp\/v2\/comments?post=352"}],"version-history":[{"count":6,"href":"https:\/\/visitsouthestonia.com\/community\/wp-json\/wp\/v2\/pages\/352\/revisions"}],"predecessor-version":[{"id":3990,"href":"https:\/\/visitsouthestonia.com\/community\/wp-json\/wp\/v2\/pages\/352\/revisions\/3990"}],"up":[{"embeddable":true,"href":"https:\/\/visitsouthestonia.com\/community\/wp-json\/wp\/v2\/pages\/12"}],"wp:featuredmedia":[{"embeddable":true,"href":"https:\/\/visitsouthestonia.com\/community\/wp-json\/wp\/v2\/media\/1870"}],"wp:attachment":[{"href":"https:\/\/visitsouthestonia.com\/community\/wp-json\/wp\/v2\/media?parent=352"}],"curies":[{"name":"wp","href":"https:\/\/api.w.org\/{rel}","templated":true}]}}