{"id":21162,"date":"2024-09-26T00:08:04","date_gmt":"2024-09-25T21:08:04","guid":{"rendered":"https:\/\/visitsouthestonia.com\/community\/?page_id=21162"},"modified":"2024-10-22T08:19:10","modified_gmt":"2024-10-22T05:19:10","slug":"esietendub-valga-valka-rannaklavastus","status":"publish","type":"page","link":"https:\/\/visitsouthestonia.com\/community\/tartu-2024\/uudised\/esietendub-valga-valka-rannaklavastus\/","title":{"rendered":"Esietendub Valga-Valka r\u00e4nnaklavastus"},"content":{"rendered":"\n<h2 class=\"wp-block-heading wp-el\"><strong><strong>L\u00f5una-Eesti kogukonnaprogrammi raames esietendub Valga-Valka r\u00e4nnaklavastus<\/strong><\/strong><\/h2>\n\n\n\n<p class=\"wp-el\">26.09.2024<\/p>\n\n\n\n<p class=\"wp-el\"><strong>Euroopa kultuuripealinn Tartu 2024 p\u00f5hiprogrammi kuuluva L\u00f5una-Eesti kogukonnaprogrammi raames esietendub reedel, 4. oktoobril <\/strong><strong>linnaruumilavastus \u201eL\u00c4BI LINNA: Valga+Valka\u201c, mis viib kahe keeleruumi publiku kaksiklinna p\u00f5nevate lugudega paikadesse. Kultuuripealinna aasta s\u00fcgis\u00f5htuid rikastavat r\u00e4nnaklavastust m\u00e4ngitakse piirilinnas Valgas-Valkas vaid kuuel korral, nii et piletitega tasub kiirustada. Kakskeelse lavastuse eestikeelne rada algab Valgast, l\u00e4tikeelne Valkast.<\/strong><\/p>\n\n\n\n<p class=\"wp-el\">Valgamaa Partnerluskogu tegevjuht ja L\u00f5una-Eesti kogukonnaprogrammi tiimi liige <strong>Tiina Ivask <\/strong>\u00fctles, et peab piiri\u00fclese teatriprojekti toimumist Eesti l\u00f5unapiiril v\u00e4ga oluliseks s\u00fcndmuseks. \u201eValga-Valka m\u00f5lema kogukonna kaasamine lavastuse ettevalmistusse ja l\u00e4biviimisse toetab kaksiklinna inimeste omavahelist koost\u00f6\u00f6d ning tugevdab ka piirilinna identiteeti,\u201c lausus Ivask. Ta lisas, et kogukonna kasude k\u00f5rval t\u00f5useb esikohale kunstiline elamus, seejuures muudavad r\u00e4nnaklavastuse eriliseks huvitavalt valitud m\u00e4ngukohad ning ka s\u00fcgisene m\u00e4nguaeg. \u201eEesti teatritiim koos L\u00e4ti rakendusteatriga \u00fcllatab oma loodud lavastusega mitte ainult kohalikku publikut, vaid tegu on kindlasti laiema t\u00e4hendusega piiri\u00fclese kultuuri- ja kogukonnas\u00fcndmusega.\u201c<\/p>\n\n\n\n<p class=\"wp-el\">Lavastuse \u201eL\u00c4BI LINNA: Valga+Valka\u201c ideelise eestvedaja ja lavastaja <strong>Jaanika Tammaru <\/strong>s\u00f5nul on tegu m\u00e4ngulise linnaruumilavastusega, mis juhib publiku l\u00e4bi linnaruumi iseenda sisemisse ruumi. \u201ePaigas, kus f\u00fc\u00fcsilise ruumi piir on \u00f5hk\u00f5rn, ent keeleruumi piir tugev, hakkavad t\u00f6\u00f6le teistmoodi protsessid \u2013 see oli mulle lavastuse loomiseks v\u00e4ga intrigeeriv l\u00e4htekoht,\u201c selgitas Tammaru. \u201eKogukonna lood avanevad selles lavastuses kahes keeles, algavad kahest eri keeleruumist ja marsruut viib publiku l\u00e4bi kaksiklinna. Professionaalne trupp, kes r\u00e4nnakut juhib, hoiab m\u00e4nguliselt publiku jaoks ruumi \u00fcle riigipiiride \u2013 eesm\u00e4rgiga avada, tutvustada ja t\u00e4histada seda \u00fchist ruumi, kus me elame.\u201c Tammaru lisas, et Valgas-Valkas kui kakskeelses linnas on igap\u00e4evaselt kasutusel neli keelt (eesti, l\u00e4ti, inglise ja vene) ning see v\u00f5iks olla heaks eeskujuks ka paljudele teistele piirkondadele, kuidas muutuvas maailmas omavahel toime tulla.<\/p>\n\n\n\n<p class=\"wp-el\"><strong>R\u00e4nnaklavastust \u201eL\u00c4BI LINNA: Valga+Valka\u201c<\/strong> m\u00e4ngitakse piirilinnas <strong>4., 5., 6. oktoobril ja 10., 11., 12. oktoobril algusega kell 19.00 <\/strong>(kestvus 2 tundi). Lavastus otsib vastust k\u00fcsimusele, mis \u00fchendab Eestit ja L\u00e4tit peale Pedeli j\u00f5e, kunagise Liivimaa alade ja jaanip\u00e4eva traditsiooni? Kuidas on elada k\u00f5rvuti inimestega, kelle kultuur on v\u00e4gagi sarnane, aga keel t\u00e4ielik m\u00f5istatus? R\u00e4nnaklavastuse teekonda juhivad professionaalsed n\u00e4itlejad, kaasa teevad ligi sada kohalikku.&nbsp;Publik liigub etendusega kaasa nii jalgsi kui ka bussiga \u2013 l\u00e4bi v\u00e4ljakute ja laululavade, t\u00e4navate ja teatrite, saalisoppide ja salak\u00e4ikude.&nbsp;<br>Kakskeelne r\u00e4nnaklavastus kaksiklinnas valmib Eesti-L\u00e4ti koost\u00f6\u00f6na lavastaja <strong>Jaanika Tammaru<\/strong> (L\u00c4BI LINNA) ning L\u00e4ti dramaturgi <strong>Edgars Niklasonsi<\/strong> (Fonds Initium) k\u00e4e all.<br>Kunstnik on <strong>Inga Vares<\/strong>, valguskunstnik <strong>Karolin Tamm<\/strong>, helilooja <strong>Vija Moore<\/strong> (L\u00e4ti-Austraalia). Valkalaste lugusid vahendas <strong>Ing\u016bna Johansone<\/strong> ja valgalaste lugusid <strong>Merili Viks<\/strong>. Produtsent on <strong>Ieva Niedre<\/strong> (L\u00e4ti) ning n\u00e4itlejad on <strong>Agur Seim<\/strong>, <strong>Mariann Tammaru<\/strong>, <strong>El\u012bna Bojarkina, Art\u016brs Putni\u0146\u0161, Anastasija D\u017eord\u017eevi\u010da<\/strong>.&nbsp;Stseenides teevad kaasa Valka kultuurimaja meeskoor \u201cLai skan\u201d <strong>Inese Niklavi\u010da<\/strong> ning l\u00e4ti folkansambel \u201cN\u0101burgi\u201d <strong>M\u0101r\u012bte Magone<\/strong> juhtimisel. Valga poolelt <strong>Marina Jerjomina<\/strong> tantsustuudio \u201cJoy\u201d ning <strong>Lenel Ranna<\/strong> juhitud segakoor R\u00d5\u00d5M. Lavastus s\u00fcnnib koosloomes L\u00e4ti mittetulundus\u00fchinguga Fonds Initium, Eesti Kultuurkapitali ja Loov Euroopa toel. L\u00c4BI LINNA on osa Balti rakendusteatri kooli (BATS, Baltic Applied Theatre School) v\u00f5rgustikust. Loe lavastuse kohta l\u00e4hemalt: <a href=\"https:\/\/visitsouthestonia.com\/community\/tartu-2024\/labi-linna-valgavalka\/\">visitsouthestonia.com\/community\/tartu-2024\/labi-linna-valgavalka\/<\/a><\/p>\n\n\n\n<p class=\"wp-el\"><strong>L\u00f5una-Eesti kogukonnaprogrammi<\/strong> raames korraldatakse 2024<em> <\/em>ja 2024. aastal \u00fchtekokku 20 projekti rohkem kui saja v\u00e4\u00e4rtusp\u00f5hise s\u00fcndmusega, mis kutsuvad osalema k\u00fclastajaid Eestist, Euroopast ja mujalt maailmast. Programmi eesm\u00e4rk on anda hoogu omavahelisele koost\u00f6\u00f6le ja tugevdada L\u00f5una-Eesti identiteeti. Euroopa kultuuripealinn Tartu 2024 p\u00f5hiprogrammi osana aitab kogukonnaprogramm tutvustada kogu piirkonda just nende v\u00e4\u00e4rtuste p\u00f5hjal, mis on olulised kohalikele inimestele ja kogukondadele. K\u00f5ik valitud s\u00fcndmused aitavad esile t\u00f5sta L\u00f5una-Eesti v\u00e4\u00e4rtusi \u2013 puhast loodust, mitmek\u00fclgset kultuurip\u00e4randit<em>, <\/em>kohalikku toitu ja k\u00e4sit\u00f6\u00f6d, tervislikku eluviisi, j\u00e4tkusuutlikke ja innovaatilisi lahendusi ning aktiivseid ja eluj\u00f5ulisi kogukondi.<\/p>\n\n\n\n<p class=\"wp-el\"><strong>Kogukonnas\u00fcndmused, <\/strong>mis kuuluvad avatud taotlusvooru tulemusena L\u00f5una-Eesti kogukonnaprogrammi, on j\u00e4rgmised: j\u00f5eretkede sari \u201eAvasta Emaj\u00f5gi!\u201c, Tartumaa toidus\u00fcndmuste sari \u201eTirin\u201c, kogukonnalavastus \u201eLeevaku kullakaevur\u201c, \u201eSeto kostip\u00e4iv\u00e4 aastaring\u201c, R\u00f5uge kogukonnafestival \u201eElluj\u00e4\u00e4mise kunstid\u201d, Tartumaa teemap\u00e4evad \u201eP\u00e4ritud elluj\u00e4\u00e4miskunstid\u201c, R\u00f5uge avatud saunade n\u00e4dalavahetus \u201eSanna!\u201c, ruumiloomekonverents \u201eLoo v\u00f5i loobu!\u201c, \u201eTaliteed Emaj\u00f5e-Suursoos\u201c, Otep\u00e4\u00e4 maaliliste maastike matkasari, r\u00e4nnaklavastus \u201eEedeni aed\u201c Luke m\u00f5isapargis, I Kodavere laalupido, dokumentaallavastus \u201e\u00d5hud meie vahel&#8221;, Seto tantsupidu \u201eKad\u2019ah kavv\u00f5k\u00f5s\u00f5\u201c, Navi k\u00fcla kogukonnafestival, roosifestival Kaagj\u00e4rvel, Peipsi Toidu T\u00e4nav 175 km, Kagu-Eesti inspiratsioonifestival \u201eLoovus loob lootust!\u201c, \u201eAvastamata Antsla aarded \u2013 j\u00e4rved\u201c, linnaruumilavastus \u201eL\u00c4BI LINNA: Valga+Valka\u201c. Vt <a href=\"http:\/\/www.visitsouthestonia.com\/community\/tartu-2024\/\">www.visitsouthestonia.com\/community\/tartu-2024\/<\/a><\/p>\n\n\n\n<p class=\"wp-el\"><strong>Euroopa kultuuripealinn Tartu 2024 <\/strong>p\u00f5hiprogrammi kuuluv L\u00f5una-Eesti kogukonnaprogramm kasvas v\u00e4lja 2013. aastal L\u00f5una-Eesti LEADER-tegevusr\u00fchmade k\u00e4ima l\u00fckatud kollaste akende projektist \u201eElu kahe maailma piiril\u201c. L\u00f5una-Eesti kogukonnaprogrammi viivad ellu LEADER-tegevusr\u00fchmad Tartumaa Arendusselts, Valgamaa Partnerluskogu, V\u00f5rumaa Partnerluskogu ja Piiriveere Liider ning koost\u00f6\u00f6partneritena l\u00f6\u00f6vad kaasa Tartu, Elva, V\u00f5ru ja Valga linn. S\u00fcndmusi toetatakse LEADER-meetmest ning SA Tartu 2024 poolt L\u00f5una-Eesti kogukonnaprogrammile eraldatud eelarvest. Kogukonnaprogrammi tegemistesse on partnerina kaasatud teinegi Euroopa kultuuripealinn Tartu 2024 projekt Tartu Maailma\u00fclikool.<\/p>\n\n\n\n<p class=\"wp-el\">Lisainformatsioon: <a href=\"http:\/\/www.visitsouthestonia.com\/community\/tartu-2024\/\">www.visitsouthestonia.com\/community\/tartu-2024\/<\/a><br><a href=\"https:\/\/tartu2024.ee\/kogukonnaprogramm\">tartu2024.ee\/kogukonnaprogramm<\/a><br><br><strong>Tiina Ivask<\/strong>, Valgamaa Partnerluskogu tegevjuht ja L\u00f5una-Eesti kogukonnaprogrammi tiimi liige,<br>telefon +372&nbsp;5349 1195, e-post <a href=\"mailto:tiina@valgaleader.ee\">tiina@valgaleader.ee<\/a><\/p>\n\n\n\n<p class=\"wp-el\"><strong>Jaanika Tammaru<\/strong>, \u201eL\u00c4BI LINNA: Valga+Valka\u201c lavastaja,<br>telefon +372 5564 6954, e-post <a href=\"mailto:jaanika.tammaru@gmail.com\">jaanika.tammaru@gmail.com<\/a><br><\/p>\n\n\n\n<figure class=\"wp-block-image size-large is-resized\"><img decoding=\"async\" loading=\"lazy\" width=\"1200\" height=\"524\" src=\"https:\/\/visitsouthestonia.com\/community\/wp-content\/uploads\/2023\/05\/Tartu24Leader-logo-horisontaalne-est-must-1200x524.jpg\" alt=\"\" class=\"wp-image-12363\" style=\"width:300px;height:131px\" srcset=\"https:\/\/visitsouthestonia.com\/community\/wp-content\/uploads\/2023\/05\/Tartu24Leader-logo-horisontaalne-est-must-1200x524.jpg 1200w, https:\/\/visitsouthestonia.com\/community\/wp-content\/uploads\/2023\/05\/Tartu24Leader-logo-horisontaalne-est-must-768x335.jpg 768w, https:\/\/visitsouthestonia.com\/community\/wp-content\/uploads\/2023\/05\/Tartu24Leader-logo-horisontaalne-est-must-350x153.jpg 350w, https:\/\/visitsouthestonia.com\/community\/wp-content\/uploads\/2023\/05\/Tartu24Leader-logo-horisontaalne-est-must-1100x480.jpg 1100w, https:\/\/visitsouthestonia.com\/community\/wp-content\/uploads\/2023\/05\/Tartu24Leader-logo-horisontaalne-est-must-230x100.jpg 230w, https:\/\/visitsouthestonia.com\/community\/wp-content\/uploads\/2023\/05\/Tartu24Leader-logo-horisontaalne-est-must-160x70.jpg 160w, https:\/\/visitsouthestonia.com\/community\/wp-content\/uploads\/2023\/05\/Tartu24Leader-logo-horisontaalne-est-must-188x82.jpg 188w, https:\/\/visitsouthestonia.com\/community\/wp-content\/uploads\/2023\/05\/Tartu24Leader-logo-horisontaalne-est-must-124x54.jpg 124w, https:\/\/visitsouthestonia.com\/community\/wp-content\/uploads\/2023\/05\/Tartu24Leader-logo-horisontaalne-est-must-370x161.jpg 370w, https:\/\/visitsouthestonia.com\/community\/wp-content\/uploads\/2023\/05\/Tartu24Leader-logo-horisontaalne-est-must.jpg 1334w\" sizes=\"(max-width: 1200px) 100vw, 1200px\" \/><\/figure>\n\n\n\n<p class=\"wp-el\"><img decoding=\"async\" loading=\"lazy\" width=\"128\" height=\"128\" class=\"wp-image-12016\" style=\"width: 20px;\" src=\"https:\/\/visitsouthestonia.com\/community\/wp-content\/uploads\/2023\/05\/must-nool.png\" alt=\"\" srcset=\"https:\/\/visitsouthestonia.com\/community\/wp-content\/uploads\/2023\/05\/must-nool.png 128w, https:\/\/visitsouthestonia.com\/community\/wp-content\/uploads\/2023\/05\/must-nool-51x51.png 51w, https:\/\/visitsouthestonia.com\/community\/wp-content\/uploads\/2023\/05\/must-nool-70x70.png 70w, https:\/\/visitsouthestonia.com\/community\/wp-content\/uploads\/2023\/05\/must-nool-120x120.png 120w, https:\/\/visitsouthestonia.com\/community\/wp-content\/uploads\/2023\/05\/must-nool-100x100.png 100w, https:\/\/visitsouthestonia.com\/community\/wp-content\/uploads\/2023\/05\/must-nool-54x54.png 54w\" sizes=\"(max-width: 128px) 100vw, 128px\" \/> Rohkem infot <a href=\"https:\/\/visitsouthestonia.com\/community\/tartu-2024\/\">Euroopa kultuuripealinn Tartu 2024 L\u00f5una-Eesti kogukonnaprogrammist<\/a><\/p>\n","protected":false},"excerpt":{"rendered":"<p>L\u00f5una-Eesti kogukonnaprogrammi raames esietendub Valga-Valka r\u00e4nnaklavastus 26.09.2024 Euroopa kultuuripealinn Tartu 2024 p\u00f5hiprogrammi kuuluva L\u00f5una-Eesti kogukonnaprogrammi raames esietendub reedel, 4. oktoobril&#8230;<\/p>\n","protected":false},"author":211,"featured_media":0,"parent":12304,"menu_order":1,"comment_status":"closed","ping_status":"closed","template":"","meta":{"advgb_blocks_editor_width":"","advgb_blocks_columns_visual_guide":"","footnotes":"","_links_to":"","_links_to_target":""},"acf":[],"yoast_head":"<!-- This site is optimized with the Yoast SEO plugin v21.4 - https:\/\/yoast.com\/wordpress\/plugins\/seo\/ -->\n<title>Esietendub Valga-Valka r\u00e4nnaklavastus - visitsouthestonia<\/title>\n<meta name=\"robots\" content=\"index, follow, max-snippet:-1, max-image-preview:large, max-video-preview:-1\" \/>\n<link rel=\"canonical\" href=\"https:\/\/visitsouthestonia.com\/tartu-2024\/uudised\/esietendub-valga-valka-rannaklavastus\/\" \/>\n<meta property=\"og:locale\" content=\"et_EE\" \/>\n<meta property=\"og:type\" content=\"article\" \/>\n<meta property=\"og:title\" content=\"Esietendub Valga-Valka r\u00e4nnaklavastus - visitsouthestonia\" \/>\n<meta property=\"og:description\" content=\"L\u00f5una-Eesti kogukonnaprogrammi raames esietendub Valga-Valka r\u00e4nnaklavastus 26.09.2024 Euroopa kultuuripealinn Tartu 2024 p\u00f5hiprogrammi kuuluva L\u00f5una-Eesti kogukonnaprogrammi raames esietendub reedel, 4. oktoobril...\" \/>\n<meta property=\"og:url\" content=\"https:\/\/visitsouthestonia.com\/tartu-2024\/uudised\/esietendub-valga-valka-rannaklavastus\/\" \/>\n<meta property=\"og:site_name\" content=\"visitsouthestonia\" \/>\n<meta property=\"article:modified_time\" content=\"2024-10-22T05:19:10+00:00\" \/>\n<meta property=\"og:image\" content=\"https:\/\/visitsouthestonia.com\/wp-content\/uploads\/2023\/05\/Tartu24Leader-logo-horisontaalne-est-must-1200x524.jpg\" \/>\n<meta name=\"twitter:card\" content=\"summary_large_image\" \/>\n<meta name=\"twitter:label1\" content=\"Est. reading time\" \/>\n\t<meta name=\"twitter:data1\" content=\"5 minutit\" \/>\n<script type=\"application\/ld+json\" class=\"yoast-schema-graph\">{\"@context\":\"https:\/\/schema.org\",\"@graph\":[{\"@type\":\"WebPage\",\"@id\":\"https:\/\/visitsouthestonia.com\/tartu-2024\/uudised\/esietendub-valga-valka-rannaklavastus\/\",\"url\":\"https:\/\/visitsouthestonia.com\/tartu-2024\/uudised\/esietendub-valga-valka-rannaklavastus\/\",\"name\":\"Esietendub Valga-Valka r\u00e4nnaklavastus - visitsouthestonia\",\"isPartOf\":{\"@id\":\"https:\/\/visitsouthestonia.com\/community\/#website\"},\"datePublished\":\"2024-09-25T21:08:04+00:00\",\"dateModified\":\"2024-10-22T05:19:10+00:00\",\"breadcrumb\":{\"@id\":\"https:\/\/visitsouthestonia.com\/tartu-2024\/uudised\/esietendub-valga-valka-rannaklavastus\/#breadcrumb\"},\"inLanguage\":\"et\",\"potentialAction\":[{\"@type\":\"ReadAction\",\"target\":[\"https:\/\/visitsouthestonia.com\/tartu-2024\/uudised\/esietendub-valga-valka-rannaklavastus\/\"]}]},{\"@type\":\"BreadcrumbList\",\"@id\":\"https:\/\/visitsouthestonia.com\/tartu-2024\/uudised\/esietendub-valga-valka-rannaklavastus\/#breadcrumb\",\"itemListElement\":[{\"@type\":\"ListItem\",\"position\":1,\"name\":\"Tartu 2024 L\u00f5una-Eesti kogukonnaprogramm\",\"item\":\"https:\/\/visitsouthestonia.com\/tartu-2024\/\"},{\"@type\":\"ListItem\",\"position\":2,\"name\":\"Tartu 2024 kogukonnaprogrammi uudised\",\"item\":\"https:\/\/visitsouthestonia.com\/tartu-2024\/uudised\/\"},{\"@type\":\"ListItem\",\"position\":3,\"name\":\"Esietendub Valga-Valka r\u00e4nnaklavastus\"}]},{\"@type\":\"WebSite\",\"@id\":\"https:\/\/visitsouthestonia.com\/community\/#website\",\"url\":\"https:\/\/visitsouthestonia.com\/community\/\",\"name\":\"visitsouthestonia\",\"description\":\"Parim puhkus veeda L\u00f5una-Eestis!\",\"potentialAction\":[{\"@type\":\"SearchAction\",\"target\":{\"@type\":\"EntryPoint\",\"urlTemplate\":\"https:\/\/visitsouthestonia.com\/community\/?s={search_term_string}\"},\"query-input\":\"required name=search_term_string\"}],\"inLanguage\":\"et\"}]}<\/script>\n<!-- \/ Yoast SEO plugin. -->","yoast_head_json":{"title":"Esietendub Valga-Valka r\u00e4nnaklavastus - visitsouthestonia","robots":{"index":"index","follow":"follow","max-snippet":"max-snippet:-1","max-image-preview":"max-image-preview:large","max-video-preview":"max-video-preview:-1"},"canonical":"https:\/\/visitsouthestonia.com\/tartu-2024\/uudised\/esietendub-valga-valka-rannaklavastus\/","og_locale":"et_EE","og_type":"article","og_title":"Esietendub Valga-Valka r\u00e4nnaklavastus - visitsouthestonia","og_description":"L\u00f5una-Eesti kogukonnaprogrammi raames esietendub Valga-Valka r\u00e4nnaklavastus 26.09.2024 Euroopa kultuuripealinn Tartu 2024 p\u00f5hiprogrammi kuuluva L\u00f5una-Eesti kogukonnaprogrammi raames esietendub reedel, 4. oktoobril...","og_url":"https:\/\/visitsouthestonia.com\/tartu-2024\/uudised\/esietendub-valga-valka-rannaklavastus\/","og_site_name":"visitsouthestonia","article_modified_time":"2024-10-22T05:19:10+00:00","og_image":[{"url":"https:\/\/visitsouthestonia.com\/wp-content\/uploads\/2023\/05\/Tartu24Leader-logo-horisontaalne-est-must-1200x524.jpg"}],"twitter_card":"summary_large_image","twitter_misc":{"Est. reading time":"5 minutit"},"schema":{"@context":"https:\/\/schema.org","@graph":[{"@type":"WebPage","@id":"https:\/\/visitsouthestonia.com\/tartu-2024\/uudised\/esietendub-valga-valka-rannaklavastus\/","url":"https:\/\/visitsouthestonia.com\/tartu-2024\/uudised\/esietendub-valga-valka-rannaklavastus\/","name":"Esietendub Valga-Valka r\u00e4nnaklavastus - visitsouthestonia","isPartOf":{"@id":"https:\/\/visitsouthestonia.com\/community\/#website"},"datePublished":"2024-09-25T21:08:04+00:00","dateModified":"2024-10-22T05:19:10+00:00","breadcrumb":{"@id":"https:\/\/visitsouthestonia.com\/tartu-2024\/uudised\/esietendub-valga-valka-rannaklavastus\/#breadcrumb"},"inLanguage":"et","potentialAction":[{"@type":"ReadAction","target":["https:\/\/visitsouthestonia.com\/tartu-2024\/uudised\/esietendub-valga-valka-rannaklavastus\/"]}]},{"@type":"BreadcrumbList","@id":"https:\/\/visitsouthestonia.com\/tartu-2024\/uudised\/esietendub-valga-valka-rannaklavastus\/#breadcrumb","itemListElement":[{"@type":"ListItem","position":1,"name":"Tartu 2024 L\u00f5una-Eesti kogukonnaprogramm","item":"https:\/\/visitsouthestonia.com\/tartu-2024\/"},{"@type":"ListItem","position":2,"name":"Tartu 2024 kogukonnaprogrammi uudised","item":"https:\/\/visitsouthestonia.com\/tartu-2024\/uudised\/"},{"@type":"ListItem","position":3,"name":"Esietendub Valga-Valka r\u00e4nnaklavastus"}]},{"@type":"WebSite","@id":"https:\/\/visitsouthestonia.com\/community\/#website","url":"https:\/\/visitsouthestonia.com\/community\/","name":"visitsouthestonia","description":"Parim puhkus veeda L\u00f5una-Eestis!","potentialAction":[{"@type":"SearchAction","target":{"@type":"EntryPoint","urlTemplate":"https:\/\/visitsouthestonia.com\/community\/?s={search_term_string}"},"query-input":"required name=search_term_string"}],"inLanguage":"et"}]}},"coauthors":[],"author_meta":{"author_link":"https:\/\/visitsouthestonia.com\/community\/author\/kaisa-timmi\/","display_name":"Meeri"},"relative_dates":{"created":"Posted 2 aastat ago","modified":"Updated 1 aasta ago"},"absolute_dates":{"created":"Posted on 26. sept. 2024","modified":"Updated on 22. okt. 2024"},"absolute_dates_time":{"created":"Posted on 26. sept. 2024 12:08","modified":"Updated on 22. okt. 2024 08:19"},"featured_img_caption":"","featured_img":false,"series_order":"","_links":{"self":[{"href":"https:\/\/visitsouthestonia.com\/community\/wp-json\/wp\/v2\/pages\/21162"}],"collection":[{"href":"https:\/\/visitsouthestonia.com\/community\/wp-json\/wp\/v2\/pages"}],"about":[{"href":"https:\/\/visitsouthestonia.com\/community\/wp-json\/wp\/v2\/types\/page"}],"author":[{"embeddable":true,"href":"https:\/\/visitsouthestonia.com\/community\/wp-json\/wp\/v2\/users\/211"}],"replies":[{"embeddable":true,"href":"https:\/\/visitsouthestonia.com\/community\/wp-json\/wp\/v2\/comments?post=21162"}],"version-history":[{"count":4,"href":"https:\/\/visitsouthestonia.com\/community\/wp-json\/wp\/v2\/pages\/21162\/revisions"}],"predecessor-version":[{"id":21245,"href":"https:\/\/visitsouthestonia.com\/community\/wp-json\/wp\/v2\/pages\/21162\/revisions\/21245"}],"up":[{"embeddable":true,"href":"https:\/\/visitsouthestonia.com\/community\/wp-json\/wp\/v2\/pages\/12304"}],"wp:attachment":[{"href":"https:\/\/visitsouthestonia.com\/community\/wp-json\/wp\/v2\/media?parent=21162"}],"curies":[{"name":"wp","href":"https:\/\/api.w.org\/{rel}","templated":true}]}}