{"id":20996,"date":"2024-08-26T08:16:29","date_gmt":"2024-08-26T05:16:29","guid":{"rendered":"https:\/\/visitsouthestonia.com\/community\/?page_id=20996"},"modified":"2024-10-22T08:20:54","modified_gmt":"2024-10-22T05:20:54","slug":"antsla-kandi-aardelaekad","status":"publish","type":"page","link":"https:\/\/visitsouthestonia.com\/community\/tartu-2024\/uudised\/antsla-kandi-aardelaekad\/","title":{"rendered":"Antsla kandi aardelaekad"},"content":{"rendered":"\n<h2 class=\"wp-block-heading wp-el\"><strong>L\u00f5una-Eesti kogukonnaprogrammi raames avanevad Antsla kandi aardelaekad<\/strong><\/h2>\n\n\n\n<p class=\"wp-el\">26.08.2024<\/p>\n\n\n\n<p class=\"wp-el\"><strong>Euroopa kultuuripealinn Tartu 2024 p\u00f5hiprogrammi kuuluva L\u00f5una-Eesti kogukonnaprogrammi raames toimub 30.-31. augustil kahep\u00e4evane j\u00e4rvefestival, mil avanevad Antsla kandi looduse ja p\u00e4rimuse aardelaekad. Festival \u201eAntsla Avastamata Aarded \u2013 j\u00e4rved\u201c kutsub huvilisi veetma suve viimast n\u00e4dalavahetust Uhtj\u00e4rve ja \u00c4hij\u00e4rve \u00e4\u00e4res, kus pakutakse kohalikku p\u00e4rimust, \u00f5pitubasid ja kalaroogi ning ka kultuurielamusi igale maitsele, samuti toimub Uma Mekk laat. Uhtj\u00e4rve \u00f6\u00f6kontserdi peak\u00fclaliseks on reedel laulja Elina Nechayeva, laup\u00e4eval saab \u00c4hij\u00e4rve \u00e4\u00e4res koos Lauri \u00d5unapuuga j\u00e4rvelaule laulda. Sama p\u00e4eva \u00f5htul toimub Tartu 2024 s\u00fcndmus ka V\u00e4ike-Boose j\u00e4rve kaldal legendaarses Linda rahvajamas \u2013 lavastuslik elamus\u00f5htu \u201eKirev Linda\u201c, kus teiste seas astuvad lavale Estraadiraadio &amp; Kaire Vilgats.<\/strong><\/p>\n\n\n\n<p class=\"wp-el\">V\u00f5rumaa Partnerluskogu tegevjuht ja L\u00f5una-Eesti kogukonnaprogrammi meeskonna liige <strong>Kerli Kanger <\/strong>\u00fctles, et Antsla festival on tugeva ideega kogukonnas\u00fcndmus. \u201eKolme j\u00e4rve p\u00e4rimust ja rikkusi tutvustav festival toob h\u00e4sti esile selle kandi avastamata aarded. Seejuures elustuvad kahel p\u00e4eval ammused lood eri aegadest, pakkudes \u00fcllatusi ja \u00e4ratundmist igas vanuses k\u00fclalistele,\u201c lausus Kanger. \u201eAntsla kogukonnas\u00fcndmus annab suurep\u00e4rase v\u00f5imaluse kultuuripealinna aasta suvel\u00f5pu t\u00e4histamiseks kaunil V\u00f5rumaal.\u201c<\/p>\n\n\n\n<p class=\"wp-el\">Festivali \u201eAntsla Avastamata Aarded \u2013 j\u00e4rved\u201c projektijuht, Antsla vallavalitsuse kultuuri- ja noorsoot\u00f6\u00f6 spetsialist <strong>Helen Laid<\/strong> m\u00e4rkis, et kogu s\u00fcndmuse ettevalmistus on kogukonda h\u00e4sti \u00fchendanud. \u201eAntsla vallavalitsuse algatusel peetav festival k\u00f5netab kohalikku rahvast, kellele l\u00e4heb korda siinse elu edenemine ning oma kodupiirkonna p\u00f5neva ajaloo ja p\u00e4rimusega paikade ning lennukate lugude tutvustamine. Omakandi inimesed tulid appi ja panustavad korralamisse aktiivselt, nii et me ootamegi \u00fchiselt k\u00f5iki huvilisi Antsla kandi lugude ja inimestega tuttavaks saama,\u201c r\u00e4\u00e4kis Laidma.<\/p>\n\n\n\n<p class=\"wp-el\"><strong>Festival \u201eAntsla Avastamata Aarded \u2013 j\u00e4rved\u201c <\/strong>toimub <strong>30.-31. augustil<\/strong> Uhtj\u00e4rve, \u00c4hij\u00e4rve ja V\u00e4ike-Boose j\u00e4rve \u00e4\u00e4res. <strong>Reedel, 30. augustil<\/strong> <strong>kell 22.00<\/strong> korraldatakse maalilise Uhtj\u00e4rve kaldal m\u00fcstiline \u00f6\u00f6kontsert, kus k\u00f5lab laulja <strong>Elina Nechayeva<\/strong> imeline h\u00e4\u00e4l koos klaveri ja viilulihelidega. Vahepaladena loetakse Uhtj\u00e4rve legende ning erilise atmosf\u00e4\u00e4ri kujundab selleks \u00f5htuks loodud valguslavastus. <strong>Laup\u00e4eval, 31. augustil kell 11.00 <\/strong>algab Karula rahvuspargi s\u00fcdames \u00c4hij\u00e4rve \u00e4\u00e4res kogupere j\u00e4rvep\u00e4ev, mis pakub p\u00f5nevaid j\u00e4rvega seotud maitseid ja tegevusi ning toob kokku vana ja uue, traditsioonid ning teaduse. Kohapeal on v\u00e4lja pandud \u00fchepuulootsiku ehk haabja n\u00e4itus, toimub nooda- ja kuuritsap\u00fc\u00fck, peetakse Uma Mekk laata, saab maitsta kalaroogasid, osaleda kalanahast ehete meisterdamise t\u00f6\u00f6toas ja laulda j\u00e4rvelaule koos p\u00e4rimusmuusiku <strong>Lauri \u00d5unapuuga<\/strong>. P\u00e4eva juhib <strong>Kaspar Kurve<\/strong>. Lisaks toimub <strong>laup\u00e4eva \u00f5htul<\/strong> <strong>kell 21.00<\/strong> V\u00e4ike-Boose j\u00e4rve kaldal legendaarses Linda rahvamajas Tartu 2024 p\u00f5hiprogrammi kuuluv elamus\u00f5htu \u201eKirev Linda&#8221;. L\u00f5una-Eesti kunagine suurima saaliga rahvamaja, 1500 inimest mahutav arhitektuurip\u00e4rl, taaselustab \u00fcheks \u00f5htuks pika laua pidude traditsiooni ning kutsub k\u00f5iki retroretkele l\u00e4bi piirkonna kultuuriloo. Peo juhatab sisse helilooja <strong>Vootele Ruusmaa<\/strong> loodud ja <strong>Tarmo Tagametsa<\/strong> lavastatud muusikaline etendus \u201eLoomislugu\u201c. Saalis ootab k\u00fclalisi 80ndate pidus\u00f6\u00f6k, tantsuks m\u00e4ngivad <strong>Estraadiraadio<\/strong> <strong>&amp;<\/strong> <strong>Kaire Vilgats<\/strong>. Retropeolt astub l\u00e4bi ka kuulsaid k\u00fclalisi, teiste seas Kalmer Tennosaar, kes oli esimene Linda rahvamajas esinenud artist ja Linda kolhoosi aukodanik. Vt Antsla festivali kohta infot: <a href=\"https:\/\/visitsouthestonia.com\/community\/tartu-2024\/avastamata-antsla-aarded-jarved\/\">https:\/\/visitsouthestonia.com\/community\/tartu-2024\/avastamata-antsla-aarded-jarved\/<\/a><\/p>\n\n\n\n<p class=\"wp-el\"><strong>L\u00f5una-Eesti kogukonnaprogrammi<\/strong> raames korraldatakse 2023.<em> <\/em>ja2024. aastal \u00fchtekokku 20 projekti rohkem kui saja v\u00e4\u00e4rtusp\u00f5hise s\u00fcndmusega, mis kutsuvad osalema k\u00fclastajaid Eestist, Euroopast ja mujalt maailmast. Programmi eesm\u00e4rk on anda hoogu omavahelisele koost\u00f6\u00f6le ja tugevdada L\u00f5una-Eesti identiteeti. Euroopa kultuuripealinn Tartu 2024 p\u00f5hiprogrammi osana aitab kogukonnaprogramm tutvustada kogu piirkonda just nende v\u00e4\u00e4rtuste p\u00f5hjal, mis on olulised kohalikele inimestele ja kogukondadele. K\u00f5ik valitud s\u00fcndmused aitavad esile t\u00f5sta L\u00f5una-Eesti v\u00e4\u00e4rtusi \u2013 puhast loodust, mitmek\u00fclgset kultuurip\u00e4randit<em>, <\/em>kohalikku toitu ja k\u00e4sit\u00f6\u00f6d, tervislikku eluviisi, j\u00e4tkusuutlikke ja innovaatilisi lahendusi ning aktiivseid ja eluj\u00f5ulisi kogukondi.<\/p>\n\n\n\n<p class=\"wp-el\"><strong>Kogukonnas\u00fcndmused, <\/strong>mis kuuluvad avatud taotlusvooru tulemusena L\u00f5una-Eesti kogukonnaprogrammi, on j\u00e4rgmised: j\u00f5eretkede sari \u201eAvasta Emaj\u00f5gi!\u201c, Tartumaa toidus\u00fcndmuste sari \u201eTirin\u201c, kogukonnalavastus \u201eLeevaku kullakaevur\u201c, \u201eSeto kostip\u00e4iv\u00e4 aastaring\u201c, R\u00f5uge kogukonnafestival \u201eElluj\u00e4\u00e4mise kunstid\u201d, Tartumaa teemap\u00e4evad \u201eP\u00e4ritud elluj\u00e4\u00e4miskunstid\u201c, R\u00f5uge avatud saunade n\u00e4dalavahetus \u201eSanna!\u201c, ruumiloomekonverents \u201eLoo v\u00f5i loobu!\u201c, \u201eTaliteed Emaj\u00f5e-Suursoos\u201c, Otep\u00e4\u00e4 maaliliste maastike matkasari, r\u00e4nnaklavastus \u201eEedeni aed\u201c Luke m\u00f5isapargis, I Kodavere laalupido, dokumentaallavastus \u201e\u00d5hud meie vahel\u201d, Seto tantsupidu \u201eKad\u2019ah kavv\u00f5k\u00f5s\u00f5\u201c, Navi k\u00fcla kogukonnafestival, roosifestival Kaagj\u00e4rvel, Peipsi Toidu T\u00e4nav 175 km, Kagu-Eesti inspiratsioonifestival \u201eLoovus loob lootust!\u201c, \u201eAvastamata Antsla aarded \u2013 j\u00e4rved\u201c, linnaruumilavastus \u201eL\u00e4bi linna: Valga+Valka\u201c. Vt <a href=\"http:\/\/www.visitsouthestonia.com\/community\/tartu-2024\/\">www.visitsouthestonia.com\/community\/tartu-2024\/<\/a><\/p>\n\n\n\n<p class=\"wp-el\"><strong>Euroopa kultuuripealinn Tartu 2024 <\/strong>p\u00f5hiprogrammi kuuluv L\u00f5una-Eesti kogukonnaprogramm kasvas v\u00e4lja 2013. aastal L\u00f5una-Eesti LEADER-tegevusr\u00fchmade k\u00e4ima l\u00fckatud kollaste akende projektist \u201eElu kahe maailma piiril\u201c. L\u00f5una-Eesti kogukonnaprogrammi viivad ellu LEADER-tegevusr\u00fchmad Tartumaa Arendusselts, Valgamaa Partnerluskogu, V\u00f5rumaa Partnerluskogu ja Piiriveere Liider ning koost\u00f6\u00f6partneritena l\u00f6\u00f6vad kaasa Tartu, Elva, V\u00f5ru ja Valga linn. S\u00fcndmusi toetatakse LEADER-meetmest ning SA Tartu 2024 poolt L\u00f5una-Eesti kogukonnaprogrammile eraldatud eelarvest. Kogukonnaprogrammi tegemistesse on partnerina kaasatud teinegi Euroopa kultuuripealinn Tartu 2024 projekt Tartu Maailma\u00fclikool.<br><br>Lisainformatsioon: <a href=\"http:\/\/www.visitsouthestonia.com\/community\/tartu-2024\/\">www.visitsouthestonia.com\/community\/tartu-2024\/<\/a><br><a href=\"https:\/\/tartu2024.ee\/kogukonnaprogramm\">tartu2024.ee\/kogukonnaprogramm<\/a><br><br><strong>Kerli Kanger<\/strong>, V\u00f5rumaa Partnerluskogu tegevjuht ja L\u00f5una-Eesti kogukonnaprogrammi tiimi liige, <br>telefon +372&nbsp;510 2662, e-post <a href=\"mailto:kerli@voruleader.ee\">kerli@voruleader.ee<\/a><\/p>\n\n\n\n<p class=\"wp-el\"><strong>Helen Laidma<\/strong>, Antsla vallavalitsuse kultuuri- ja noorsoot\u00f6\u00f6 spetsialist, festivali \u201eAntsla Avastamata Aarded \u2013 j\u00e4rved\u201c projektijuht,<br>telefon +372 5555 1918, e-post <a href=\"mailto:helen.laidma@antsla.ee\">helen.laidma@antsla.ee<\/a><br><\/p>\n\n\n\n<figure class=\"wp-block-image size-large is-resized\"><img decoding=\"async\" loading=\"lazy\" width=\"1200\" height=\"524\" src=\"https:\/\/visitsouthestonia.com\/community\/wp-content\/uploads\/2023\/05\/Tartu24Leader-logo-horisontaalne-est-must-1200x524.jpg\" alt=\"\" class=\"wp-image-12363\" style=\"width:300px;height:131px\" srcset=\"https:\/\/visitsouthestonia.com\/community\/wp-content\/uploads\/2023\/05\/Tartu24Leader-logo-horisontaalne-est-must-1200x524.jpg 1200w, https:\/\/visitsouthestonia.com\/community\/wp-content\/uploads\/2023\/05\/Tartu24Leader-logo-horisontaalne-est-must-768x335.jpg 768w, https:\/\/visitsouthestonia.com\/community\/wp-content\/uploads\/2023\/05\/Tartu24Leader-logo-horisontaalne-est-must-350x153.jpg 350w, https:\/\/visitsouthestonia.com\/community\/wp-content\/uploads\/2023\/05\/Tartu24Leader-logo-horisontaalne-est-must-1100x480.jpg 1100w, https:\/\/visitsouthestonia.com\/community\/wp-content\/uploads\/2023\/05\/Tartu24Leader-logo-horisontaalne-est-must-230x100.jpg 230w, https:\/\/visitsouthestonia.com\/community\/wp-content\/uploads\/2023\/05\/Tartu24Leader-logo-horisontaalne-est-must-160x70.jpg 160w, https:\/\/visitsouthestonia.com\/community\/wp-content\/uploads\/2023\/05\/Tartu24Leader-logo-horisontaalne-est-must-188x82.jpg 188w, https:\/\/visitsouthestonia.com\/community\/wp-content\/uploads\/2023\/05\/Tartu24Leader-logo-horisontaalne-est-must-124x54.jpg 124w, https:\/\/visitsouthestonia.com\/community\/wp-content\/uploads\/2023\/05\/Tartu24Leader-logo-horisontaalne-est-must-370x161.jpg 370w, https:\/\/visitsouthestonia.com\/community\/wp-content\/uploads\/2023\/05\/Tartu24Leader-logo-horisontaalne-est-must.jpg 1334w\" sizes=\"(max-width: 1200px) 100vw, 1200px\" \/><\/figure>\n\n\n\n<p class=\"wp-el\"><img decoding=\"async\" loading=\"lazy\" width=\"128\" height=\"128\" class=\"wp-image-12016\" style=\"width: 20px;\" src=\"https:\/\/visitsouthestonia.com\/community\/wp-content\/uploads\/2023\/05\/must-nool.png\" alt=\"\" srcset=\"https:\/\/visitsouthestonia.com\/community\/wp-content\/uploads\/2023\/05\/must-nool.png 128w, https:\/\/visitsouthestonia.com\/community\/wp-content\/uploads\/2023\/05\/must-nool-51x51.png 51w, https:\/\/visitsouthestonia.com\/community\/wp-content\/uploads\/2023\/05\/must-nool-70x70.png 70w, https:\/\/visitsouthestonia.com\/community\/wp-content\/uploads\/2023\/05\/must-nool-120x120.png 120w, https:\/\/visitsouthestonia.com\/community\/wp-content\/uploads\/2023\/05\/must-nool-100x100.png 100w, https:\/\/visitsouthestonia.com\/community\/wp-content\/uploads\/2023\/05\/must-nool-54x54.png 54w\" sizes=\"(max-width: 128px) 100vw, 128px\" \/> Rohkem infot <a href=\"https:\/\/visitsouthestonia.com\/community\/tartu-2024\/\">Euroopa kultuuripealinn Tartu 2024 L\u00f5una-Eesti kogukonnaprogrammist<\/a><\/p>\n","protected":false},"excerpt":{"rendered":"<p>L\u00f5una-Eesti kogukonnaprogrammi raames avanevad Antsla kandi aardelaekad 26.08.2024 Euroopa kultuuripealinn Tartu 2024 p\u00f5hiprogrammi kuuluva L\u00f5una-Eesti kogukonnaprogrammi raames toimub 30.-31. augustil&#8230;<\/p>\n","protected":false},"author":211,"featured_media":0,"parent":12304,"menu_order":1,"comment_status":"closed","ping_status":"closed","template":"","meta":{"advgb_blocks_editor_width":"","advgb_blocks_columns_visual_guide":"","footnotes":"","_links_to":"","_links_to_target":""},"acf":[],"yoast_head":"<!-- This site is optimized with the Yoast SEO plugin v21.4 - https:\/\/yoast.com\/wordpress\/plugins\/seo\/ -->\n<title>Antsla kandi aardelaekad - visitsouthestonia<\/title>\n<meta name=\"robots\" content=\"index, follow, max-snippet:-1, max-image-preview:large, max-video-preview:-1\" \/>\n<link rel=\"canonical\" href=\"https:\/\/visitsouthestonia.com\/tartu-2024\/uudised\/antsla-kandi-aardelaekad\/\" \/>\n<meta property=\"og:locale\" content=\"et_EE\" \/>\n<meta property=\"og:type\" content=\"article\" \/>\n<meta property=\"og:title\" content=\"Antsla kandi aardelaekad - visitsouthestonia\" \/>\n<meta property=\"og:description\" content=\"L\u00f5una-Eesti kogukonnaprogrammi raames avanevad Antsla kandi aardelaekad 26.08.2024 Euroopa kultuuripealinn Tartu 2024 p\u00f5hiprogrammi kuuluva L\u00f5una-Eesti kogukonnaprogrammi raames toimub 30.-31. augustil...\" \/>\n<meta property=\"og:url\" content=\"https:\/\/visitsouthestonia.com\/tartu-2024\/uudised\/antsla-kandi-aardelaekad\/\" \/>\n<meta property=\"og:site_name\" content=\"visitsouthestonia\" \/>\n<meta property=\"article:modified_time\" content=\"2024-10-22T05:20:54+00:00\" \/>\n<meta property=\"og:image\" content=\"https:\/\/visitsouthestonia.com\/wp-content\/uploads\/2023\/05\/Tartu24Leader-logo-horisontaalne-est-must-1200x524.jpg\" \/>\n<meta name=\"twitter:card\" content=\"summary_large_image\" \/>\n<meta name=\"twitter:label1\" content=\"Est. reading time\" \/>\n\t<meta name=\"twitter:data1\" content=\"5 minutit\" \/>\n<script type=\"application\/ld+json\" class=\"yoast-schema-graph\">{\"@context\":\"https:\/\/schema.org\",\"@graph\":[{\"@type\":\"WebPage\",\"@id\":\"https:\/\/visitsouthestonia.com\/tartu-2024\/uudised\/antsla-kandi-aardelaekad\/\",\"url\":\"https:\/\/visitsouthestonia.com\/tartu-2024\/uudised\/antsla-kandi-aardelaekad\/\",\"name\":\"Antsla kandi aardelaekad - visitsouthestonia\",\"isPartOf\":{\"@id\":\"https:\/\/visitsouthestonia.com\/community\/#website\"},\"datePublished\":\"2024-08-26T05:16:29+00:00\",\"dateModified\":\"2024-10-22T05:20:54+00:00\",\"breadcrumb\":{\"@id\":\"https:\/\/visitsouthestonia.com\/tartu-2024\/uudised\/antsla-kandi-aardelaekad\/#breadcrumb\"},\"inLanguage\":\"et\",\"potentialAction\":[{\"@type\":\"ReadAction\",\"target\":[\"https:\/\/visitsouthestonia.com\/tartu-2024\/uudised\/antsla-kandi-aardelaekad\/\"]}]},{\"@type\":\"BreadcrumbList\",\"@id\":\"https:\/\/visitsouthestonia.com\/tartu-2024\/uudised\/antsla-kandi-aardelaekad\/#breadcrumb\",\"itemListElement\":[{\"@type\":\"ListItem\",\"position\":1,\"name\":\"Tartu 2024 L\u00f5una-Eesti kogukonnaprogramm\",\"item\":\"https:\/\/visitsouthestonia.com\/tartu-2024\/\"},{\"@type\":\"ListItem\",\"position\":2,\"name\":\"Tartu 2024 kogukonnaprogrammi uudised\",\"item\":\"https:\/\/visitsouthestonia.com\/tartu-2024\/uudised\/\"},{\"@type\":\"ListItem\",\"position\":3,\"name\":\"Antsla kandi aardelaekad\"}]},{\"@type\":\"WebSite\",\"@id\":\"https:\/\/visitsouthestonia.com\/community\/#website\",\"url\":\"https:\/\/visitsouthestonia.com\/community\/\",\"name\":\"visitsouthestonia\",\"description\":\"Parim puhkus veeda L\u00f5una-Eestis!\",\"potentialAction\":[{\"@type\":\"SearchAction\",\"target\":{\"@type\":\"EntryPoint\",\"urlTemplate\":\"https:\/\/visitsouthestonia.com\/community\/?s={search_term_string}\"},\"query-input\":\"required name=search_term_string\"}],\"inLanguage\":\"et\"}]}<\/script>\n<!-- \/ Yoast SEO plugin. -->","yoast_head_json":{"title":"Antsla kandi aardelaekad - visitsouthestonia","robots":{"index":"index","follow":"follow","max-snippet":"max-snippet:-1","max-image-preview":"max-image-preview:large","max-video-preview":"max-video-preview:-1"},"canonical":"https:\/\/visitsouthestonia.com\/tartu-2024\/uudised\/antsla-kandi-aardelaekad\/","og_locale":"et_EE","og_type":"article","og_title":"Antsla kandi aardelaekad - visitsouthestonia","og_description":"L\u00f5una-Eesti kogukonnaprogrammi raames avanevad Antsla kandi aardelaekad 26.08.2024 Euroopa kultuuripealinn Tartu 2024 p\u00f5hiprogrammi kuuluva L\u00f5una-Eesti kogukonnaprogrammi raames toimub 30.-31. augustil...","og_url":"https:\/\/visitsouthestonia.com\/tartu-2024\/uudised\/antsla-kandi-aardelaekad\/","og_site_name":"visitsouthestonia","article_modified_time":"2024-10-22T05:20:54+00:00","og_image":[{"url":"https:\/\/visitsouthestonia.com\/wp-content\/uploads\/2023\/05\/Tartu24Leader-logo-horisontaalne-est-must-1200x524.jpg"}],"twitter_card":"summary_large_image","twitter_misc":{"Est. reading time":"5 minutit"},"schema":{"@context":"https:\/\/schema.org","@graph":[{"@type":"WebPage","@id":"https:\/\/visitsouthestonia.com\/tartu-2024\/uudised\/antsla-kandi-aardelaekad\/","url":"https:\/\/visitsouthestonia.com\/tartu-2024\/uudised\/antsla-kandi-aardelaekad\/","name":"Antsla kandi aardelaekad - visitsouthestonia","isPartOf":{"@id":"https:\/\/visitsouthestonia.com\/community\/#website"},"datePublished":"2024-08-26T05:16:29+00:00","dateModified":"2024-10-22T05:20:54+00:00","breadcrumb":{"@id":"https:\/\/visitsouthestonia.com\/tartu-2024\/uudised\/antsla-kandi-aardelaekad\/#breadcrumb"},"inLanguage":"et","potentialAction":[{"@type":"ReadAction","target":["https:\/\/visitsouthestonia.com\/tartu-2024\/uudised\/antsla-kandi-aardelaekad\/"]}]},{"@type":"BreadcrumbList","@id":"https:\/\/visitsouthestonia.com\/tartu-2024\/uudised\/antsla-kandi-aardelaekad\/#breadcrumb","itemListElement":[{"@type":"ListItem","position":1,"name":"Tartu 2024 L\u00f5una-Eesti kogukonnaprogramm","item":"https:\/\/visitsouthestonia.com\/tartu-2024\/"},{"@type":"ListItem","position":2,"name":"Tartu 2024 kogukonnaprogrammi uudised","item":"https:\/\/visitsouthestonia.com\/tartu-2024\/uudised\/"},{"@type":"ListItem","position":3,"name":"Antsla kandi aardelaekad"}]},{"@type":"WebSite","@id":"https:\/\/visitsouthestonia.com\/community\/#website","url":"https:\/\/visitsouthestonia.com\/community\/","name":"visitsouthestonia","description":"Parim puhkus veeda L\u00f5una-Eestis!","potentialAction":[{"@type":"SearchAction","target":{"@type":"EntryPoint","urlTemplate":"https:\/\/visitsouthestonia.com\/community\/?s={search_term_string}"},"query-input":"required name=search_term_string"}],"inLanguage":"et"}]}},"coauthors":[],"author_meta":{"author_link":"https:\/\/visitsouthestonia.com\/community\/author\/kaisa-timmi\/","display_name":"Meeri"},"relative_dates":{"created":"Posted 2 aastat ago","modified":"Updated 1 aasta ago"},"absolute_dates":{"created":"Posted on 26. aug. 2024","modified":"Updated on 22. okt. 2024"},"absolute_dates_time":{"created":"Posted on 26. aug. 2024 08:16","modified":"Updated on 22. okt. 2024 08:20"},"featured_img_caption":"","featured_img":false,"series_order":"","_links":{"self":[{"href":"https:\/\/visitsouthestonia.com\/community\/wp-json\/wp\/v2\/pages\/20996"}],"collection":[{"href":"https:\/\/visitsouthestonia.com\/community\/wp-json\/wp\/v2\/pages"}],"about":[{"href":"https:\/\/visitsouthestonia.com\/community\/wp-json\/wp\/v2\/types\/page"}],"author":[{"embeddable":true,"href":"https:\/\/visitsouthestonia.com\/community\/wp-json\/wp\/v2\/users\/211"}],"replies":[{"embeddable":true,"href":"https:\/\/visitsouthestonia.com\/community\/wp-json\/wp\/v2\/comments?post=20996"}],"version-history":[{"count":3,"href":"https:\/\/visitsouthestonia.com\/community\/wp-json\/wp\/v2\/pages\/20996\/revisions"}],"predecessor-version":[{"id":21248,"href":"https:\/\/visitsouthestonia.com\/community\/wp-json\/wp\/v2\/pages\/20996\/revisions\/21248"}],"up":[{"embeddable":true,"href":"https:\/\/visitsouthestonia.com\/community\/wp-json\/wp\/v2\/pages\/12304"}],"wp:attachment":[{"href":"https:\/\/visitsouthestonia.com\/community\/wp-json\/wp\/v2\/media?parent=20996"}],"curies":[{"name":"wp","href":"https:\/\/api.w.org\/{rel}","templated":true}]}}