{"id":20933,"date":"2024-08-12T08:27:35","date_gmt":"2024-08-12T05:27:35","guid":{"rendered":"https:\/\/visitsouthestonia.com\/community\/?page_id=20933"},"modified":"2024-10-22T08:21:38","modified_gmt":"2024-10-22T05:21:38","slug":"avaneb-175-km-pikkune-peipsi-toidu-tanav","status":"publish","type":"page","link":"https:\/\/visitsouthestonia.com\/community\/tartu-2024\/uudised\/avaneb-175-km-pikkune-peipsi-toidu-tanav\/","title":{"rendered":"Avaneb 175 km pikkune Peipsi Toidu T\u00e4nav"},"content":{"rendered":"\n<h2 class=\"wp-block-heading wp-el\"><strong>L\u00f5una-Eesti kogukonnaprogrammi raames avaneb 175 km pikkune Peipsi Toidu T\u00e4nav<\/strong><\/h2>\n\n\n\n<p class=\"wp-el\">12.08.2024<\/p>\n\n\n\n<p class=\"wp-el\"><strong>Euroopa kultuuripealinn Tartu 2024 p\u00f5hiprogrammi kuuluva L\u00f5una-Eesti kogukonnaprogrammi raames peetakse 17.-18. augustil mastaapne toidus\u00fcndmus \u2013 kaheks p\u00e4evaks avaneb 175 km pikkune Peipsi Toidu T\u00e4nav. M\u00f6\u00f6da Peipsi j\u00e4rve rannajoont Vasknarvast Saaboldani Setomaal looklev k\u00fclluslik toidut\u00e4nav toob kohalikud maitsed <em>pop-up<\/em> restoranidesse sadamates ja maanteede \u00e4\u00e4res, marsruuti saab osaliselt l\u00e4bida ka paadiga ning mitmel pool toimuvad kohaliku toidu \u00f5pitoad.<\/strong><\/p>\n\n\n\n<p class=\"wp-el\">Tartumaa Arendusseltsi tegevjuht ja L\u00f5una-Eesti kogukonnaprogrammi koordinaator <strong>Kristiina Tammets<\/strong> \u00fctles, et Peipsi Toidu T\u00e4nav on t\u00f5epoolest erakordne toidus\u00fcndmus, mida tasub kindlasti k\u00fclastada mitte ainult toidugurmaanidel ja maitsek\u00fcttidel, vaid ka k\u00f5igil teistel. \u201ePeipsi Toidu T\u00e4nav toob h\u00e4sti esile selle kandi toidutraditsioonid ning kogu piirkonna erip\u00e4ra. Tegemist on vaieldamatult kultuuripealinna aasta toidus\u00fcndmuste \u00fche suurema ja oodatuima suvise ettev\u00f5tmisega, mis \u00fcllatab kohalike maitsete ja eheda \u00f5hustikuga,\u201c lausus Tammets.<\/p>\n\n\n\n<p class=\"wp-el\">Peipsi Toidu T\u00e4nava peakorraldaja <strong>Triinu Akkermann<\/strong> m\u00e4rkis, et Peipsi toidufestival p\u00f6\u00f6rab t\u00e4helepanu eelk\u00f5ige kohalikule toorainele ning piirkonna retseptide ja toiduvalmistamise nippide tutvustamisele koos tippkokkadega. \u201e175 km pikkusel toidut\u00e4nava marsruudil avatakse 39 kahep\u00e4evarestorani, kus lauale j\u00f5uab k\u00f5ik see, mida annavad Peipsi j\u00e4rv ning selle kandi p\u00f5llud, metsad, sood ja rabad. Nimekad kokad jagavad aga \u00f5pitubades oma oskusi, kasutades siinseid saadusi,\u201c selgitas Akkermann. Ta lisas, et kogu ettev\u00f5tmise muudab veelgi erilisemaks asjaolu, et Peipsi j\u00e4rve ja L\u00e4mmij\u00e4rve v\u00e4ikesadamates avatavaid restorane k\u00fclastades saab toiduteekonna l\u00e4bida ka paadiga. <strong>Peipsi Toidu T\u00e4nav <\/strong>toimub <strong>17.-18. augustil<\/strong> ning k\u00f5ik Peipsi toidufestivali kohad on kogu marsruudi ulatuses avatud <strong>laup\u00e4eval kell 11.00-21.00 <\/strong>ja <strong>p\u00fchap\u00e4eval kl 11.00-17.00<\/strong>. Kuidas see k\u00f5ik v\u00e4lja n\u00e4eb? <em>Pop-up<\/em> restoranid sadamates ja maantee \u00e4\u00e4res, avatud kodu\u00f5ued ja rahvamajad, rikkalik maitsebukett kohalikust toidust ja kultuurist \u2013 n\u00f5nda looklebki l\u00f5putu k\u00fclluslik toidut\u00e4nav m\u00f6\u00f6da Peipsi j\u00e4rve rannajoont Vasknarvast Saaboldani Setomaal.<br>Peipsi toidufestival toob k\u00fclastajateni 175 km ulatuses 39 kahep\u00e4evarestorani ning kultuuripealinna aastal laiendab m\u00f5\u00f5det t\u00f6\u00f6tubadega, kus saab \u00f5ppida kohalikku toidukultuuri ning koguda inspiratsiooni uute retseptide ja toiduvalmistamisviiside jaoks. <strong>\u00d5pitoad <\/strong>peetakse<strong> 17. augustil kell 12.00-16.00<\/strong> ja neid viivad l\u00e4bi Vabariigi Presidendi Kantselei peakokk <strong>Taigo Lepik<\/strong> (\u00f5pituba toimub Mustvees Laidi PereRestos), Olde Hansa ja Chef&#8217;s Manu DoubleDecker peakokk <strong>Emmanuel Wille<\/strong> (toimub P\u00f5ldmaal Maitseelamuse Kojas) ja Eesti Rahva Muuseumi restorani P\u00f6\u00f6rip\u00e4ev peakokk <strong>Henari N\u00f5u<\/strong> (toimub Kavastu parve juures). Peipsi Toidu T\u00e4nava k\u00f5ikide restoranide men\u00fc\u00fcd, asukohad ja andmed, samuti \u00f5pitubade info ning ka paadimarsruudi saab kaardilt, mille leiab <a href=\"https:\/\/www.google.com\/maps\/d\/viewer?fbclid=IwY2xjawEdXcJleHRuA2FlbQIxMQABHSNvKjjEELathkOTh-VKmj3j0dd0WIiOcJl3CEQvfcgBftCviZnkoEguIA_aem_7cjHglOi2-J43DVr9c6F7w&amp;mid=1IEdherxjnIV0K6LDTwdCDDqHENAG1go&amp;ll=58.69888103455629%2C27.55126175331214&amp;z=8\">siit<\/a>. Loe l\u00e4hemalt kogu s\u00fcndmuse kohta: <a href=\"https:\/\/www.facebook.com\/Peipsitoidutanav175\">https:\/\/www.facebook.com\/Peipsitoidutanav175<\/a><\/p>\n\n\n\n<p class=\"wp-el\"><strong>L\u00f5una-Eesti kogukonnaprogrammi<\/strong> raames korraldatakse 2023.<em> <\/em>ja2024. aastal \u00fchtekokku 20 projekti rohkem kui saja v\u00e4\u00e4rtusp\u00f5hise s\u00fcndmusega, mis kutsuvad osalema k\u00fclastajaid Eestist, Euroopast ja mujalt maailmast. Programmi eesm\u00e4rk on anda hoogu omavahelisele koost\u00f6\u00f6le ja tugevdada L\u00f5una-Eesti identiteeti. Euroopa kultuuripealinn Tartu 2024 p\u00f5hiprogrammi osana aitab kogukonnaprogramm tutvustada kogu piirkonda just nende v\u00e4\u00e4rtuste p\u00f5hjal, mis on olulised kohalikele inimestele ja kogukondadele. K\u00f5ik valitud s\u00fcndmused aitavad esile t\u00f5sta L\u00f5una-Eesti v\u00e4\u00e4rtusi \u2013 puhast loodust, mitmek\u00fclgset kultuurip\u00e4randit<em>, <\/em>kohalikku toitu ja k\u00e4sit\u00f6\u00f6d, tervislikku eluviisi, j\u00e4tkusuutlikke ja innovaatilisi lahendusi ning aktiivseid ja eluj\u00f5ulisi kogukondi.<\/p>\n\n\n\n<p class=\"wp-el\"><strong>Kogukonnas\u00fcndmused, <\/strong>mis kuuluvad avatud taotlusvooru tulemusena L\u00f5una-Eesti kogukonnaprogrammi, on j\u00e4rgmised: j\u00f5eretkede sari \u201eAvasta Emaj\u00f5gi!\u201c, Tartumaa toidus\u00fcndmuste sari \u201eTirin\u201c, kogukonnalavastus \u201eLeevaku kullakaevur\u201c, \u201eSeto kostip\u00e4iv\u00e4 aastaring\u201c, R\u00f5uge kogukonnafestival \u201eElluj\u00e4\u00e4mise kunstid\u201d, Tartumaa teemap\u00e4evad \u201eP\u00e4ritud elluj\u00e4\u00e4miskunstid\u201c, R\u00f5uge avatud saunade n\u00e4dalavahetus \u201eSanna!\u201c, ruumiloomekonverents \u201eLoo v\u00f5i loobu!\u201c, \u201eTaliteed Emaj\u00f5e-Suursoos\u201c, Otep\u00e4\u00e4 maaliliste maastike matkasari, r\u00e4nnaklavastus \u201eEedeni aed\u201c Luke m\u00f5isapargis, I Kodavere laalupido, dokumentaallavastus \u201e\u00d5hud meie vahel\u201d, Seto tantsupidu \u201eKad\u2019ah kavv\u00f5k\u00f5s\u00f5\u201c, Navi k\u00fcla kogukonnafestival, roosifestival Kaagj\u00e4rvel, Peipsi Toidu T\u00e4nav 175 km, Kagu-Eesti inspiratsioonifestival \u201eLoovus loob lootust!\u201c, \u201eAvastamata Antsla aarded \u2013 j\u00e4rved\u201c, linnaruumilavastus \u201eL\u00e4bi linna: Valga+Valka\u201c. Vt <a href=\"http:\/\/www.visitsouthestonia.com\/community\/tartu-2024\/\">www.visitsouthestonia.com\/community\/tartu-2024\/<\/a><\/p>\n\n\n\n<p class=\"wp-el\"><strong>Euroopa kultuuripealinn Tartu 2024 <\/strong>p\u00f5hiprogrammi kuuluv L\u00f5una-Eesti kogukonnaprogramm kasvas v\u00e4lja 2013. aastal L\u00f5una-Eesti LEADER-tegevusr\u00fchmade k\u00e4ima l\u00fckatud kollaste akende projektist \u201eElu kahe maailma piiril\u201c. L\u00f5una-Eesti kogukonnaprogrammi viivad ellu LEADER-tegevusr\u00fchmad Tartumaa Arendusselts, Valgamaa Partnerluskogu, V\u00f5rumaa Partnerluskogu ja Piiriveere Liider ning koost\u00f6\u00f6partneritena l\u00f6\u00f6vad kaasa Tartu, Elva, V\u00f5ru ja Valga linn. S\u00fcndmusi toetatakse LEADER-meetmest ning SA Tartu 2024 poolt L\u00f5una-Eesti kogukonnaprogrammile eraldatud eelarvest. Kogukonnaprogrammi tegemistesse on partnerina kaasatud teinegi Euroopa kultuuripealinn Tartu 2024 projekt Tartu Maailma\u00fclikool.<br><br>Lisainformatsioon: <a href=\"http:\/\/www.visitsouthestonia.com\/community\/tartu-2024\/\">www.visitsouthestonia.com\/community\/tartu-2024\/<\/a><br><a href=\"https:\/\/tartu2024.ee\/kogukonnaprogramm\">tartu2024.ee\/kogukonnaprogramm<\/a><br><br><strong>Kristiina Tammets<\/strong>, Tartumaa Arendusseltsi tegevjuht ja L\u00f5una-Eesti kogukonnaprogrammi koordinaator,<br>telefon +372 5340 9873, e-post <a href=\"mailto:kristiina@tas.ee\">kristiina@tas.ee<\/a><br><br><strong>Triinu Akkermann<\/strong>, Peipsi Toidu T\u00e4nava peakorraldaja,<br>telefon +372 5346 0078, e-post <a href=\"mailto:maitseelamuse.koda@gmail.com\">maitseelamuse.koda@gmail.com<\/a><\/p>\n\n\n\n<figure class=\"wp-block-image size-large is-resized\"><img decoding=\"async\" loading=\"lazy\" width=\"1200\" height=\"524\" src=\"https:\/\/visitsouthestonia.com\/community\/wp-content\/uploads\/2023\/05\/Tartu24Leader-logo-horisontaalne-est-must-1200x524.jpg\" alt=\"\" class=\"wp-image-12363\" style=\"width:300px;height:131px\" srcset=\"https:\/\/visitsouthestonia.com\/community\/wp-content\/uploads\/2023\/05\/Tartu24Leader-logo-horisontaalne-est-must-1200x524.jpg 1200w, https:\/\/visitsouthestonia.com\/community\/wp-content\/uploads\/2023\/05\/Tartu24Leader-logo-horisontaalne-est-must-768x335.jpg 768w, https:\/\/visitsouthestonia.com\/community\/wp-content\/uploads\/2023\/05\/Tartu24Leader-logo-horisontaalne-est-must-350x153.jpg 350w, https:\/\/visitsouthestonia.com\/community\/wp-content\/uploads\/2023\/05\/Tartu24Leader-logo-horisontaalne-est-must-1100x480.jpg 1100w, https:\/\/visitsouthestonia.com\/community\/wp-content\/uploads\/2023\/05\/Tartu24Leader-logo-horisontaalne-est-must-230x100.jpg 230w, https:\/\/visitsouthestonia.com\/community\/wp-content\/uploads\/2023\/05\/Tartu24Leader-logo-horisontaalne-est-must-160x70.jpg 160w, https:\/\/visitsouthestonia.com\/community\/wp-content\/uploads\/2023\/05\/Tartu24Leader-logo-horisontaalne-est-must-188x82.jpg 188w, https:\/\/visitsouthestonia.com\/community\/wp-content\/uploads\/2023\/05\/Tartu24Leader-logo-horisontaalne-est-must-124x54.jpg 124w, https:\/\/visitsouthestonia.com\/community\/wp-content\/uploads\/2023\/05\/Tartu24Leader-logo-horisontaalne-est-must-370x161.jpg 370w, https:\/\/visitsouthestonia.com\/community\/wp-content\/uploads\/2023\/05\/Tartu24Leader-logo-horisontaalne-est-must.jpg 1334w\" sizes=\"(max-width: 1200px) 100vw, 1200px\" \/><\/figure>\n\n\n\n<p class=\"wp-el\"><img decoding=\"async\" loading=\"lazy\" width=\"128\" height=\"128\" class=\"wp-image-12016\" style=\"width: 20px;\" src=\"https:\/\/visitsouthestonia.com\/community\/wp-content\/uploads\/2023\/05\/must-nool.png\" alt=\"\" srcset=\"https:\/\/visitsouthestonia.com\/community\/wp-content\/uploads\/2023\/05\/must-nool.png 128w, https:\/\/visitsouthestonia.com\/community\/wp-content\/uploads\/2023\/05\/must-nool-51x51.png 51w, https:\/\/visitsouthestonia.com\/community\/wp-content\/uploads\/2023\/05\/must-nool-70x70.png 70w, https:\/\/visitsouthestonia.com\/community\/wp-content\/uploads\/2023\/05\/must-nool-120x120.png 120w, https:\/\/visitsouthestonia.com\/community\/wp-content\/uploads\/2023\/05\/must-nool-100x100.png 100w, https:\/\/visitsouthestonia.com\/community\/wp-content\/uploads\/2023\/05\/must-nool-54x54.png 54w\" sizes=\"(max-width: 128px) 100vw, 128px\" \/> Rohkem infot <a href=\"https:\/\/visitsouthestonia.com\/community\/tartu-2024\/\">Euroopa kultuuripealinn Tartu 2024 L\u00f5una-Eesti kogukonnaprogrammist<\/a><\/p>\n","protected":false},"excerpt":{"rendered":"<p>L\u00f5una-Eesti kogukonnaprogrammi raames avaneb 175 km pikkune Peipsi Toidu T\u00e4nav 12.08.2024 Euroopa kultuuripealinn Tartu 2024 p\u00f5hiprogrammi kuuluva L\u00f5una-Eesti kogukonnaprogrammi raames&#8230;<\/p>\n","protected":false},"author":211,"featured_media":0,"parent":12304,"menu_order":1,"comment_status":"closed","ping_status":"closed","template":"","meta":{"advgb_blocks_editor_width":"","advgb_blocks_columns_visual_guide":"","footnotes":"","_links_to":"","_links_to_target":""},"acf":[],"yoast_head":"<!-- This site is optimized with the Yoast SEO plugin v21.4 - https:\/\/yoast.com\/wordpress\/plugins\/seo\/ -->\n<title>Avaneb 175 km pikkune Peipsi Toidu T\u00e4nav - visitsouthestonia<\/title>\n<meta name=\"robots\" content=\"index, follow, max-snippet:-1, max-image-preview:large, max-video-preview:-1\" \/>\n<link rel=\"canonical\" href=\"https:\/\/visitsouthestonia.com\/tartu-2024\/uudised\/avaneb-175-km-pikkune-peipsi-toidu-tanav\/\" \/>\n<meta property=\"og:locale\" content=\"et_EE\" \/>\n<meta property=\"og:type\" content=\"article\" \/>\n<meta property=\"og:title\" content=\"Avaneb 175 km pikkune Peipsi Toidu T\u00e4nav - visitsouthestonia\" \/>\n<meta property=\"og:description\" content=\"L\u00f5una-Eesti kogukonnaprogrammi raames avaneb 175 km pikkune Peipsi Toidu T\u00e4nav 12.08.2024 Euroopa kultuuripealinn Tartu 2024 p\u00f5hiprogrammi kuuluva L\u00f5una-Eesti kogukonnaprogrammi raames...\" \/>\n<meta property=\"og:url\" content=\"https:\/\/visitsouthestonia.com\/tartu-2024\/uudised\/avaneb-175-km-pikkune-peipsi-toidu-tanav\/\" \/>\n<meta property=\"og:site_name\" content=\"visitsouthestonia\" \/>\n<meta property=\"article:modified_time\" content=\"2024-10-22T05:21:38+00:00\" \/>\n<meta property=\"og:image\" content=\"https:\/\/visitsouthestonia.com\/wp-content\/uploads\/2023\/05\/Tartu24Leader-logo-horisontaalne-est-must-1200x524.jpg\" \/>\n<meta name=\"twitter:card\" content=\"summary_large_image\" \/>\n<meta name=\"twitter:label1\" content=\"Est. reading time\" \/>\n\t<meta name=\"twitter:data1\" content=\"4 minutit\" \/>\n<script type=\"application\/ld+json\" class=\"yoast-schema-graph\">{\"@context\":\"https:\/\/schema.org\",\"@graph\":[{\"@type\":\"WebPage\",\"@id\":\"https:\/\/visitsouthestonia.com\/tartu-2024\/uudised\/avaneb-175-km-pikkune-peipsi-toidu-tanav\/\",\"url\":\"https:\/\/visitsouthestonia.com\/tartu-2024\/uudised\/avaneb-175-km-pikkune-peipsi-toidu-tanav\/\",\"name\":\"Avaneb 175 km pikkune Peipsi Toidu T\u00e4nav - visitsouthestonia\",\"isPartOf\":{\"@id\":\"https:\/\/visitsouthestonia.com\/community\/#website\"},\"datePublished\":\"2024-08-12T05:27:35+00:00\",\"dateModified\":\"2024-10-22T05:21:38+00:00\",\"breadcrumb\":{\"@id\":\"https:\/\/visitsouthestonia.com\/tartu-2024\/uudised\/avaneb-175-km-pikkune-peipsi-toidu-tanav\/#breadcrumb\"},\"inLanguage\":\"et\",\"potentialAction\":[{\"@type\":\"ReadAction\",\"target\":[\"https:\/\/visitsouthestonia.com\/tartu-2024\/uudised\/avaneb-175-km-pikkune-peipsi-toidu-tanav\/\"]}]},{\"@type\":\"BreadcrumbList\",\"@id\":\"https:\/\/visitsouthestonia.com\/tartu-2024\/uudised\/avaneb-175-km-pikkune-peipsi-toidu-tanav\/#breadcrumb\",\"itemListElement\":[{\"@type\":\"ListItem\",\"position\":1,\"name\":\"Tartu 2024 L\u00f5una-Eesti kogukonnaprogramm\",\"item\":\"https:\/\/visitsouthestonia.com\/tartu-2024\/\"},{\"@type\":\"ListItem\",\"position\":2,\"name\":\"Tartu 2024 kogukonnaprogrammi uudised\",\"item\":\"https:\/\/visitsouthestonia.com\/tartu-2024\/uudised\/\"},{\"@type\":\"ListItem\",\"position\":3,\"name\":\"Avaneb 175 km pikkune Peipsi Toidu T\u00e4nav\"}]},{\"@type\":\"WebSite\",\"@id\":\"https:\/\/visitsouthestonia.com\/community\/#website\",\"url\":\"https:\/\/visitsouthestonia.com\/community\/\",\"name\":\"visitsouthestonia\",\"description\":\"Parim puhkus veeda L\u00f5una-Eestis!\",\"potentialAction\":[{\"@type\":\"SearchAction\",\"target\":{\"@type\":\"EntryPoint\",\"urlTemplate\":\"https:\/\/visitsouthestonia.com\/community\/?s={search_term_string}\"},\"query-input\":\"required name=search_term_string\"}],\"inLanguage\":\"et\"}]}<\/script>\n<!-- \/ Yoast SEO plugin. -->","yoast_head_json":{"title":"Avaneb 175 km pikkune Peipsi Toidu T\u00e4nav - visitsouthestonia","robots":{"index":"index","follow":"follow","max-snippet":"max-snippet:-1","max-image-preview":"max-image-preview:large","max-video-preview":"max-video-preview:-1"},"canonical":"https:\/\/visitsouthestonia.com\/tartu-2024\/uudised\/avaneb-175-km-pikkune-peipsi-toidu-tanav\/","og_locale":"et_EE","og_type":"article","og_title":"Avaneb 175 km pikkune Peipsi Toidu T\u00e4nav - visitsouthestonia","og_description":"L\u00f5una-Eesti kogukonnaprogrammi raames avaneb 175 km pikkune Peipsi Toidu T\u00e4nav 12.08.2024 Euroopa kultuuripealinn Tartu 2024 p\u00f5hiprogrammi kuuluva L\u00f5una-Eesti kogukonnaprogrammi raames...","og_url":"https:\/\/visitsouthestonia.com\/tartu-2024\/uudised\/avaneb-175-km-pikkune-peipsi-toidu-tanav\/","og_site_name":"visitsouthestonia","article_modified_time":"2024-10-22T05:21:38+00:00","og_image":[{"url":"https:\/\/visitsouthestonia.com\/wp-content\/uploads\/2023\/05\/Tartu24Leader-logo-horisontaalne-est-must-1200x524.jpg"}],"twitter_card":"summary_large_image","twitter_misc":{"Est. reading time":"4 minutit"},"schema":{"@context":"https:\/\/schema.org","@graph":[{"@type":"WebPage","@id":"https:\/\/visitsouthestonia.com\/tartu-2024\/uudised\/avaneb-175-km-pikkune-peipsi-toidu-tanav\/","url":"https:\/\/visitsouthestonia.com\/tartu-2024\/uudised\/avaneb-175-km-pikkune-peipsi-toidu-tanav\/","name":"Avaneb 175 km pikkune Peipsi Toidu T\u00e4nav - visitsouthestonia","isPartOf":{"@id":"https:\/\/visitsouthestonia.com\/community\/#website"},"datePublished":"2024-08-12T05:27:35+00:00","dateModified":"2024-10-22T05:21:38+00:00","breadcrumb":{"@id":"https:\/\/visitsouthestonia.com\/tartu-2024\/uudised\/avaneb-175-km-pikkune-peipsi-toidu-tanav\/#breadcrumb"},"inLanguage":"et","potentialAction":[{"@type":"ReadAction","target":["https:\/\/visitsouthestonia.com\/tartu-2024\/uudised\/avaneb-175-km-pikkune-peipsi-toidu-tanav\/"]}]},{"@type":"BreadcrumbList","@id":"https:\/\/visitsouthestonia.com\/tartu-2024\/uudised\/avaneb-175-km-pikkune-peipsi-toidu-tanav\/#breadcrumb","itemListElement":[{"@type":"ListItem","position":1,"name":"Tartu 2024 L\u00f5una-Eesti kogukonnaprogramm","item":"https:\/\/visitsouthestonia.com\/tartu-2024\/"},{"@type":"ListItem","position":2,"name":"Tartu 2024 kogukonnaprogrammi uudised","item":"https:\/\/visitsouthestonia.com\/tartu-2024\/uudised\/"},{"@type":"ListItem","position":3,"name":"Avaneb 175 km pikkune Peipsi Toidu T\u00e4nav"}]},{"@type":"WebSite","@id":"https:\/\/visitsouthestonia.com\/community\/#website","url":"https:\/\/visitsouthestonia.com\/community\/","name":"visitsouthestonia","description":"Parim puhkus veeda L\u00f5una-Eestis!","potentialAction":[{"@type":"SearchAction","target":{"@type":"EntryPoint","urlTemplate":"https:\/\/visitsouthestonia.com\/community\/?s={search_term_string}"},"query-input":"required name=search_term_string"}],"inLanguage":"et"}]}},"coauthors":[],"author_meta":{"author_link":"https:\/\/visitsouthestonia.com\/community\/author\/kaisa-timmi\/","display_name":"Meeri"},"relative_dates":{"created":"Posted 2 aastat ago","modified":"Updated 1 aasta ago"},"absolute_dates":{"created":"Posted on 12. aug. 2024","modified":"Updated on 22. okt. 2024"},"absolute_dates_time":{"created":"Posted on 12. aug. 2024 08:27","modified":"Updated on 22. okt. 2024 08:21"},"featured_img_caption":"","featured_img":false,"series_order":"","_links":{"self":[{"href":"https:\/\/visitsouthestonia.com\/community\/wp-json\/wp\/v2\/pages\/20933"}],"collection":[{"href":"https:\/\/visitsouthestonia.com\/community\/wp-json\/wp\/v2\/pages"}],"about":[{"href":"https:\/\/visitsouthestonia.com\/community\/wp-json\/wp\/v2\/types\/page"}],"author":[{"embeddable":true,"href":"https:\/\/visitsouthestonia.com\/community\/wp-json\/wp\/v2\/users\/211"}],"replies":[{"embeddable":true,"href":"https:\/\/visitsouthestonia.com\/community\/wp-json\/wp\/v2\/comments?post=20933"}],"version-history":[{"count":3,"href":"https:\/\/visitsouthestonia.com\/community\/wp-json\/wp\/v2\/pages\/20933\/revisions"}],"predecessor-version":[{"id":21249,"href":"https:\/\/visitsouthestonia.com\/community\/wp-json\/wp\/v2\/pages\/20933\/revisions\/21249"}],"up":[{"embeddable":true,"href":"https:\/\/visitsouthestonia.com\/community\/wp-json\/wp\/v2\/pages\/12304"}],"wp:attachment":[{"href":"https:\/\/visitsouthestonia.com\/community\/wp-json\/wp\/v2\/media?parent=20933"}],"curies":[{"name":"wp","href":"https:\/\/api.w.org\/{rel}","templated":true}]}}