{"id":20918,"date":"2024-08-06T09:49:06","date_gmt":"2024-08-06T06:49:06","guid":{"rendered":"https:\/\/visitsouthestonia.com\/community\/?page_id=20918"},"modified":"2024-08-06T09:49:07","modified_gmt":"2024-08-06T06:49:07","slug":"setomaal-kohvikuid-leidub-igale-maitsele","status":"publish","type":"page","link":"https:\/\/visitsouthestonia.com\/community\/tartu-2024\/seto-kostipaiva-aastaring\/setomaal-kohvikuid-leidub-igale-maitsele\/","title":{"rendered":"Setomaal kohvikuid leidub igale maitsele"},"content":{"rendered":"\n<h2 class=\"wp-block-heading wp-el\"><strong>10. ja 11. augustil 2024 leidub Setomaal kohvikuid igale maitsele!<\/strong><\/h2>\n\n\n\n<p class=\"wp-el\">05.08.2024<\/p>\n\n\n\n<p class=\"wp-el\"><strong>Juba sel n\u00e4dalavahetusel, 10-11. augustil, toimub Seto Kostip\u00e4iv ehk Setomaa kohvikutep\u00e4evad. Kahe p\u00e4eva jooksul saab Seto K\u00fcl\u00e4v\u00fc\u00fc turismimarsruudil L\u00fc\u00fcbnitsast Luhamaani avastada 27 erinevat kohvikut. Esmakordselt osalevad Seto Kostip\u00e4ival k\u00fclaliskohvikuga ka head naabrid L\u00e4timaalt <\/strong><strong>Al\u016bksnest.<\/strong><\/p>\n\n\n\n<p class=\"wp-el\">T\u00e4navune Seto Kostip\u00e4iv kuulub Tartu 2024 p\u00f5hiprogrammi ning on osa L\u00f5una-Eesti Kogukonnaprogrammist. Osalevate kohvikute poolest on t\u00e4navune aasta rekordiline: laup\u00e4eval, 10. augustil on avatud kella 11-20ni tervelt 27 erinevat kohta ning p\u00fchap\u00e4eval,&nbsp; 11. augustil j\u00e4\u00e4b avatuks 11 kohvikut kella 11-15ni. \u00dcrituse koordinaator ja MT\u00dc Seto K\u00fc\u00fck eestvedaja Liis Kogerman innustab k\u00fclalisi tulema kahep\u00e4evasele maitser\u00e4nnakule Setomaale: \u201cErinevaid kohti on t\u00e4navu t\u00f5esti palju ja seega usun, et iga k\u00fclastaja leiab oma lemmiku. Kes eelistab suuremat melu, kes rahulikumat looduskaunist kohta, keda k\u00f6idab ehe seto kultuur, kes tahaks lastele taluloomi n\u00e4idata ja m\u00f5nes \u00f5pitoas osaleda, kellele kodused maitsed v\u00f5i moodsamad suunad toidukultuuris &#8211; igale \u00fchele leidub midagi, mis just tema eelistustele vastab. Saab tantsida, laulda, teatrit vaadata ning loomulikult ootame p\u00f5nevusega, millist kultuurielamust meie L\u00e4ti k\u00fclalised Luhamaa k\u00fclamajas pakuvad.\u201d<\/p>\n\n\n\n<p class=\"wp-el\">Luhamaa nulgas on laup\u00e4eval, 10. augustil avatud lausa 3 uut kohta &#8211; 2 kohalikku talu ning l\u00e4tlaste k\u00fclaliskohvik \u201cPiiriveere \u00dcleaedsed\u201c, kus kultuuririkkuse aasta puhul saab tutvuda L\u00e4ti traditsiooniliste roogadega. L\u012bva Buli\u0146a, kohviku \u00fcks eestvedajatest Al\u016bksne turismiinfokeskusest: \u201cMeil on suur r\u00f5\u00f5m osaleda seekord Setomaa kohvikutep\u00e4eval. Pakume L\u00e4timaale omaseid maitseid ning suurem osa meie toorainest tuleb Al\u016bksne kandi kohalikelt talunikelt. Lisaks korraldame oma kohvikus erinevaid m\u00e4nge ning pakume ka muusikalist meelelahutust.\u201d<\/p>\n\n\n\n<p class=\"wp-el\">Igal aastal valivad kohvikute eestvedajad \u00fche teema, millele rohkem t\u00e4helepanu p\u00f6\u00f6ratakse. Sel aastal on fookuses porgand, et propageerida tervislikku toitumist ning aiaviljakasvatust nii koduaedades kui p\u00f5ldudel. Iga kohviku men\u00fc\u00fcst v\u00f5i letilt v\u00f5ib leida midagi, kus seda tervisele kasulikku juurikat on kasutatud \u2013 nii soolastes kui magusates toitudes. Seto Kostip\u00e4iva \u00fcks eesm\u00e4rk on r\u00f5hutada kohaliku tooraine olulisust ja anda v\u00f5imalus l\u00e4hipiirkonna toidukasvatajatele oma kauba pakkumiseks.<\/p>\n\n\n\n<p class=\"wp-el\">Erinevaid tegevusi, muusikalisi etteasteid ja \u00f5pitubasid on mitmel pool. \u00dcrituse lisainfo&nbsp; ja kohvikutes pakutavaga saab tutvuda Seto K\u00fc\u00fck veebilehel: <a href=\"https:\/\/www.setokyyk.ee\/et\/seto-kostipaiv\">https:\/\/www.setokyyk.ee\/et\/seto-kostipaiv<\/a>. Info on veebis olemas ka inglise keeles. Iga kohviku tutvustuse juures on kaardilink, mis v\u00f5imaldab Google Maps v\u00f5i Wase kaardirakenduse abil valida s\u00f5idujuhised kohvikutesse j\u00f5udmiseks. Info leiab ka Seto K\u00fc\u00fck ja Seto Kostip\u00e4iv Facebook&#8217;i lehelt:<a href=\"https:\/\/www.facebook.com\/SetoKyyk\"> https:\/\/www.facebook.com\/SetoKyyk<\/a>.<\/p>\n\n\n\n<p class=\"wp-el\"><em>Projekt \u201eSeto Kostip\u00e4iv\u00e4 aastaring\u201c on osa Euroopa kultuuripealinn Tartu 2024 p\u00f5hiprogrammist ja seda toetab L\u00f5una-Eesti kogukonnaprogramm. \u00dcritust rahastavad veel PRIA Leader meede, Setomaa programm ja MT\u00dc Seto K\u00fc\u00fck.<\/em><\/p>\n\n\n\n<p class=\"wp-el\"><em>Seto Kostip\u00e4iv toimub 12. korda ning seda korraldab MT\u00dc Seto K\u00fc\u00fck. Kostip\u00e4eva p\u00f5hip\u00e4eval, laup\u00e4eval 10. augustil, saab k\u00f5iki kohvikuid k\u00fclastada kell 11.00-20.00. P\u00fchap\u00e4eval ehk j\u00e4relpeop\u00e4eval kell 11.00-15.00 on avatud 11 kohvikut. Kohvik ObiNizza \u00dc\u00fclokaal on laup\u00e4eval avatud kuni kesk\u00f6\u00f6ni.<\/em><\/p>\n\n\n\n<p class=\"wp-el\">Lisainfo:<\/p>\n\n\n\n<p class=\"wp-el\">Liis Kogerman<br>MT\u00dc Seto K\u00fc\u00fck tegevjuht<br>+372 5810 0443<br>kyyk@setomaa.ee<\/p>\n\n\n\n<p class=\"wp-el\"><img decoding=\"async\" loading=\"lazy\" width=\"128\" height=\"128\" class=\"wp-image-12016\" style=\"width: 20px;\" src=\"https:\/\/visitsouthestonia.com\/community\/wp-content\/uploads\/2023\/05\/must-nool.png\" alt=\"\" srcset=\"https:\/\/visitsouthestonia.com\/community\/wp-content\/uploads\/2023\/05\/must-nool.png 128w, https:\/\/visitsouthestonia.com\/community\/wp-content\/uploads\/2023\/05\/must-nool-51x51.png 51w, https:\/\/visitsouthestonia.com\/community\/wp-content\/uploads\/2023\/05\/must-nool-70x70.png 70w, https:\/\/visitsouthestonia.com\/community\/wp-content\/uploads\/2023\/05\/must-nool-120x120.png 120w, https:\/\/visitsouthestonia.com\/community\/wp-content\/uploads\/2023\/05\/must-nool-100x100.png 100w, https:\/\/visitsouthestonia.com\/community\/wp-content\/uploads\/2023\/05\/must-nool-54x54.png 54w\" sizes=\"(max-width: 128px) 100vw, 128px\" \/> Rohkem infot <a href=\"https:\/\/visitsouthestonia.com\/community\/tartu-2024\/\" target=\"_blank\" rel=\"noreferrer noopener\">E<\/a><a href=\"https:\/\/visitsouthestonia.com\/community\/euroopa-kultuuripealinn-tartu-2024-louna-eesti-kogukonnaprogramm\/\" target=\"_blank\" rel=\"noreferrer noopener\">uroopa kultuuripealinn Tartu 2024 L\u00f5una-Eesti kogukonnaprogrammist<\/a><\/p>\n","protected":false},"excerpt":{"rendered":"<p>10. ja 11. augustil 2024 leidub Setomaal kohvikuid igale maitsele! 05.08.2024 Juba sel n\u00e4dalavahetusel, 10-11. augustil, toimub Seto Kostip\u00e4iv ehk&#8230;<\/p>\n","protected":false},"author":211,"featured_media":0,"parent":12138,"menu_order":1,"comment_status":"closed","ping_status":"closed","template":"","meta":{"advgb_blocks_editor_width":"","advgb_blocks_columns_visual_guide":"","footnotes":"","_links_to":"","_links_to_target":""},"acf":[],"yoast_head":"<!-- This site is optimized with the Yoast SEO plugin v21.4 - https:\/\/yoast.com\/wordpress\/plugins\/seo\/ -->\n<title>Setomaal kohvikuid leidub igale maitsele - visitsouthestonia<\/title>\n<meta name=\"robots\" content=\"index, follow, max-snippet:-1, max-image-preview:large, max-video-preview:-1\" \/>\n<link rel=\"canonical\" href=\"https:\/\/visitsouthestonia.com\/tartu-2024\/seto-kostipaiva-aastaring\/setomaal-kohvikuid-leidub-igale-maitsele\/\" \/>\n<meta property=\"og:locale\" content=\"et_EE\" \/>\n<meta property=\"og:type\" content=\"article\" \/>\n<meta property=\"og:title\" content=\"Setomaal kohvikuid leidub igale maitsele - visitsouthestonia\" \/>\n<meta property=\"og:description\" content=\"10. ja 11. augustil 2024 leidub Setomaal kohvikuid igale maitsele! 05.08.2024 Juba sel n\u00e4dalavahetusel, 10-11. augustil, toimub Seto Kostip\u00e4iv ehk...\" \/>\n<meta property=\"og:url\" content=\"https:\/\/visitsouthestonia.com\/tartu-2024\/seto-kostipaiva-aastaring\/setomaal-kohvikuid-leidub-igale-maitsele\/\" \/>\n<meta property=\"og:site_name\" content=\"visitsouthestonia\" \/>\n<meta property=\"article:modified_time\" content=\"2024-08-06T06:49:07+00:00\" \/>\n<meta property=\"og:image\" content=\"https:\/\/visitsouthestonia.com\/wp-content\/uploads\/2023\/05\/must-nool.png\" \/>\n<meta name=\"twitter:card\" content=\"summary_large_image\" \/>\n<meta name=\"twitter:label1\" content=\"Est. reading time\" \/>\n\t<meta name=\"twitter:data1\" content=\"3 minutit\" \/>\n<script type=\"application\/ld+json\" class=\"yoast-schema-graph\">{\"@context\":\"https:\/\/schema.org\",\"@graph\":[{\"@type\":\"WebPage\",\"@id\":\"https:\/\/visitsouthestonia.com\/tartu-2024\/seto-kostipaiva-aastaring\/setomaal-kohvikuid-leidub-igale-maitsele\/\",\"url\":\"https:\/\/visitsouthestonia.com\/tartu-2024\/seto-kostipaiva-aastaring\/setomaal-kohvikuid-leidub-igale-maitsele\/\",\"name\":\"Setomaal kohvikuid leidub igale maitsele - visitsouthestonia\",\"isPartOf\":{\"@id\":\"https:\/\/visitsouthestonia.com\/community\/#website\"},\"datePublished\":\"2024-08-06T06:49:06+00:00\",\"dateModified\":\"2024-08-06T06:49:07+00:00\",\"breadcrumb\":{\"@id\":\"https:\/\/visitsouthestonia.com\/tartu-2024\/seto-kostipaiva-aastaring\/setomaal-kohvikuid-leidub-igale-maitsele\/#breadcrumb\"},\"inLanguage\":\"et\",\"potentialAction\":[{\"@type\":\"ReadAction\",\"target\":[\"https:\/\/visitsouthestonia.com\/tartu-2024\/seto-kostipaiva-aastaring\/setomaal-kohvikuid-leidub-igale-maitsele\/\"]}]},{\"@type\":\"BreadcrumbList\",\"@id\":\"https:\/\/visitsouthestonia.com\/tartu-2024\/seto-kostipaiva-aastaring\/setomaal-kohvikuid-leidub-igale-maitsele\/#breadcrumb\",\"itemListElement\":[{\"@type\":\"ListItem\",\"position\":1,\"name\":\"Tartu 2024 L\u00f5una-Eesti kogukonnaprogramm\",\"item\":\"https:\/\/visitsouthestonia.com\/tartu-2024\/\"},{\"@type\":\"ListItem\",\"position\":2,\"name\":\"Seto Kostip\u00e4iv\",\"item\":\"https:\/\/visitsouthestonia.com\/tartu-2024\/seto-kostipaiva-aastaring\/\"},{\"@type\":\"ListItem\",\"position\":3,\"name\":\"Setomaal kohvikuid leidub igale maitsele\"}]},{\"@type\":\"WebSite\",\"@id\":\"https:\/\/visitsouthestonia.com\/community\/#website\",\"url\":\"https:\/\/visitsouthestonia.com\/community\/\",\"name\":\"visitsouthestonia\",\"description\":\"Parim puhkus veeda L\u00f5una-Eestis!\",\"potentialAction\":[{\"@type\":\"SearchAction\",\"target\":{\"@type\":\"EntryPoint\",\"urlTemplate\":\"https:\/\/visitsouthestonia.com\/community\/?s={search_term_string}\"},\"query-input\":\"required name=search_term_string\"}],\"inLanguage\":\"et\"}]}<\/script>\n<!-- \/ Yoast SEO plugin. -->","yoast_head_json":{"title":"Setomaal kohvikuid leidub igale maitsele - visitsouthestonia","robots":{"index":"index","follow":"follow","max-snippet":"max-snippet:-1","max-image-preview":"max-image-preview:large","max-video-preview":"max-video-preview:-1"},"canonical":"https:\/\/visitsouthestonia.com\/tartu-2024\/seto-kostipaiva-aastaring\/setomaal-kohvikuid-leidub-igale-maitsele\/","og_locale":"et_EE","og_type":"article","og_title":"Setomaal kohvikuid leidub igale maitsele - visitsouthestonia","og_description":"10. ja 11. augustil 2024 leidub Setomaal kohvikuid igale maitsele! 05.08.2024 Juba sel n\u00e4dalavahetusel, 10-11. augustil, toimub Seto Kostip\u00e4iv ehk...","og_url":"https:\/\/visitsouthestonia.com\/tartu-2024\/seto-kostipaiva-aastaring\/setomaal-kohvikuid-leidub-igale-maitsele\/","og_site_name":"visitsouthestonia","article_modified_time":"2024-08-06T06:49:07+00:00","og_image":[{"url":"https:\/\/visitsouthestonia.com\/wp-content\/uploads\/2023\/05\/must-nool.png"}],"twitter_card":"summary_large_image","twitter_misc":{"Est. reading time":"3 minutit"},"schema":{"@context":"https:\/\/schema.org","@graph":[{"@type":"WebPage","@id":"https:\/\/visitsouthestonia.com\/tartu-2024\/seto-kostipaiva-aastaring\/setomaal-kohvikuid-leidub-igale-maitsele\/","url":"https:\/\/visitsouthestonia.com\/tartu-2024\/seto-kostipaiva-aastaring\/setomaal-kohvikuid-leidub-igale-maitsele\/","name":"Setomaal kohvikuid leidub igale maitsele - visitsouthestonia","isPartOf":{"@id":"https:\/\/visitsouthestonia.com\/community\/#website"},"datePublished":"2024-08-06T06:49:06+00:00","dateModified":"2024-08-06T06:49:07+00:00","breadcrumb":{"@id":"https:\/\/visitsouthestonia.com\/tartu-2024\/seto-kostipaiva-aastaring\/setomaal-kohvikuid-leidub-igale-maitsele\/#breadcrumb"},"inLanguage":"et","potentialAction":[{"@type":"ReadAction","target":["https:\/\/visitsouthestonia.com\/tartu-2024\/seto-kostipaiva-aastaring\/setomaal-kohvikuid-leidub-igale-maitsele\/"]}]},{"@type":"BreadcrumbList","@id":"https:\/\/visitsouthestonia.com\/tartu-2024\/seto-kostipaiva-aastaring\/setomaal-kohvikuid-leidub-igale-maitsele\/#breadcrumb","itemListElement":[{"@type":"ListItem","position":1,"name":"Tartu 2024 L\u00f5una-Eesti kogukonnaprogramm","item":"https:\/\/visitsouthestonia.com\/tartu-2024\/"},{"@type":"ListItem","position":2,"name":"Seto Kostip\u00e4iv","item":"https:\/\/visitsouthestonia.com\/tartu-2024\/seto-kostipaiva-aastaring\/"},{"@type":"ListItem","position":3,"name":"Setomaal kohvikuid leidub igale maitsele"}]},{"@type":"WebSite","@id":"https:\/\/visitsouthestonia.com\/community\/#website","url":"https:\/\/visitsouthestonia.com\/community\/","name":"visitsouthestonia","description":"Parim puhkus veeda L\u00f5una-Eestis!","potentialAction":[{"@type":"SearchAction","target":{"@type":"EntryPoint","urlTemplate":"https:\/\/visitsouthestonia.com\/community\/?s={search_term_string}"},"query-input":"required name=search_term_string"}],"inLanguage":"et"}]}},"coauthors":[],"author_meta":{"author_link":"https:\/\/visitsouthestonia.com\/community\/author\/kaisa-timmi\/","display_name":"Meeri"},"relative_dates":{"created":"Posted 2 aastat ago","modified":"Updated 2 aastat ago"},"absolute_dates":{"created":"Posted on 6. aug. 2024","modified":"Updated on 6. aug. 2024"},"absolute_dates_time":{"created":"Posted on 6. aug. 2024 09:49","modified":"Updated on 6. aug. 2024 09:49"},"featured_img_caption":"","featured_img":false,"series_order":"","_links":{"self":[{"href":"https:\/\/visitsouthestonia.com\/community\/wp-json\/wp\/v2\/pages\/20918"}],"collection":[{"href":"https:\/\/visitsouthestonia.com\/community\/wp-json\/wp\/v2\/pages"}],"about":[{"href":"https:\/\/visitsouthestonia.com\/community\/wp-json\/wp\/v2\/types\/page"}],"author":[{"embeddable":true,"href":"https:\/\/visitsouthestonia.com\/community\/wp-json\/wp\/v2\/users\/211"}],"replies":[{"embeddable":true,"href":"https:\/\/visitsouthestonia.com\/community\/wp-json\/wp\/v2\/comments?post=20918"}],"version-history":[{"count":1,"href":"https:\/\/visitsouthestonia.com\/community\/wp-json\/wp\/v2\/pages\/20918\/revisions"}],"predecessor-version":[{"id":20919,"href":"https:\/\/visitsouthestonia.com\/community\/wp-json\/wp\/v2\/pages\/20918\/revisions\/20919"}],"up":[{"embeddable":true,"href":"https:\/\/visitsouthestonia.com\/community\/wp-json\/wp\/v2\/pages\/12138"}],"wp:attachment":[{"href":"https:\/\/visitsouthestonia.com\/community\/wp-json\/wp\/v2\/media?parent=20918"}],"curies":[{"name":"wp","href":"https:\/\/api.w.org\/{rel}","templated":true}]}}