{"id":20850,"date":"2024-07-21T22:56:20","date_gmt":"2024-07-21T19:56:20","guid":{"rendered":"https:\/\/visitsouthestonia.com\/community\/?page_id=20850"},"modified":"2024-10-22T08:22:34","modified_gmt":"2024-10-22T05:22:34","slug":"kaagjarve-moisas-korraldatakse-suurejooneline-roosifestival","status":"publish","type":"page","link":"https:\/\/visitsouthestonia.com\/community\/tartu-2024\/uudised\/kaagjarve-moisas-korraldatakse-suurejooneline-roosifestival\/","title":{"rendered":"Kaagj\u00e4rve m\u00f5isas korraldatakse suurejooneline Roosifestival"},"content":{"rendered":"\n<h2 class=\"wp-block-heading wp-el\"><strong>L\u00f5una-Eesti kogukonnaprogrammi raames korraldatakse Kaagj\u00e4rve m\u00f5isas suurejooneline Roosifestival<\/strong><\/h2>\n\n\n\n<p class=\"wp-el\">22.07.2024<\/p>\n\n\n\n<p class=\"wp-el\"><strong>Euroopa kultuuripealinn Tartu 2024 p\u00f5hiprogrammi kuuluva L\u00f5una-Eesti kogukonnaprogrammi raames korraldatakse laup\u00e4eval, 27. juulil Valgamaal Kaagj\u00e4rve m\u00f5isas suurejooneline Roosifestival. S\u00fcdasuvise rosaariumi \u00f5itemeres tutvustavad oma roosisorte Eesti, L\u00e4ti ja Leedu roosikasvatajad, saab osaleda \u00f5pitubades ja roosilaadal ning teha tutvust uusrenessansliku Kaagj\u00e4rve m\u00f5isakompleksiga. Roosifestival kulmineerub kontserdiga, kus astub lavale Eesti tuntuim roosiaia kuninganna Anne Veski.<\/strong><\/p>\n\n\n\n<p class=\"wp-el\">Valgamaa Partnerluskogu tegevjuht ja L\u00f5una-Eesti kogukonnaprogrammi tiimi liige <strong>Tiina Ivask <\/strong>\u00fctles, et Kaagj\u00e4rve m\u00f5isapere korraldatav s\u00fcndmus aitab tuua t\u00e4helepanu kogu piirkonnale. \u201eKaagj\u00e4rve m\u00f5is on kahtlemata eriline p\u00e4rl, mis tutvustab Karula kanti hoopis teisest k\u00fcljest kui tavap\u00e4raselt seda teatakse,\u201c m\u00e4rkis Ivask. \u201eRoosifestival on Valgamaa \u00fche vaiksema piirkonna jaoks t\u00f5esti suur ettev\u00f5tmine \u2013 v\u00e4ga oluline kogukonnas\u00fcndmus, mis toob sellesse kanti t\u00e4helepanu ja elavdab kohalikku elu.\u201c<\/p>\n\n\n\n<p class=\"wp-el\">Kaagj\u00e4rve m\u00f5isa perenaine ja Roosifestivali peakorraldaja <strong>Maritta Pillaroo<\/strong> lausus, et suurejooneline festival kasvas v\u00e4lja v\u00e4iksematest s\u00fcndmustest m\u00f5isas. \u201eKaagj\u00e4rve m\u00f5is on L\u00f5una-Eesti \u00fcks haruldasemaid uusrenessansliku arhitektuuri<strong> <\/strong>p\u00e4rle. Kui me m\u00f5isa k\u00fcmne aasta eest enda hoolde saime, otsustasime esimese asjana luua siia rosaariumi,\u201c r\u00e4\u00e4kis Pillaroo. \u201eKunagi koolina tegutsenud m\u00f5isas oleme sellest ajast peale avanud igal suvel uksed k\u00fclalistele, kellel huvi m\u00f5isa ajaloost ja ilust osa saada. Nii kujuneski suvistest roosiaia pidudest s\u00fcndmus, mis t\u00e4navu leiab aset suurejoonelise Roosifestivalina.\u201c Kaagj\u00e4rve m\u00f5isas toimetavad Pillaroode naispere kaks p\u00f5lvkonda ning m\u00f5isa perenaise s\u00f5nul on suvi kogukonna ja s\u00f5prade jaoks nagu vahearuande tegemise aeg, et mida uut on j\u00f5utud aastaga m\u00f5isas \u00e4ra teha.<\/p>\n\n\n\n<p class=\"wp-el\"><strong>Kaagj\u00e4rve Roosifestival <\/strong>algab <strong>27. juulil<\/strong> <strong>kell 11.00 <\/strong>ja s\u00fcndmusel jagub tegevusi kogu perele. Roosifestivalil tutvustavad Eesti, L\u00e4ti ja Leedu hinnatumad roosikasvatajad oma aedades peituvaid sorte. Roosilaadal pakutakse lisaks roosidele ka kohalike kunstnike ja k\u00e4sit\u00f6\u00f6meistrite loomingut ning maitsvaid h\u00f5rgutisi L\u00f5una-Eesti v\u00e4iketootjatelt, toimuvad m\u00f5isaekskursioonid, avatud on \u00fchep\u00e4evakohvikud. \u00d5pitubades saab k\u00e4tt harjutada roosi\u00f5itest veini, moosi ja siirupi valmistamisel. Lapsed on oodatud miniloomaaeda ja m\u00e4ngumaale, naispere r\u00f5\u00f5muks on avatud ka meestehoid ja grillimisala. Festivalip\u00e4eva peomeeleolu hoiavad \u00fcleval lauljatar <strong>Kaire Rapur<\/strong>, noorte tantsutrupp<strong> Lee<\/strong> ning rahvatantsur\u00fchm <strong>Jandali<\/strong>. P\u00e4eva juhib teleajakirjanik <strong>J\u00fcri Muttika<\/strong>. S\u00fcndmuse kulminatsioonina annab \u00f5htul m\u00f5isa p\u00f5lispargi laval kontserdi Eesti tuntuim roosiaia kuninganna <strong>Anne Veski<\/strong>. T\u00e4psem info aadressil: <a href=\"http:\/\/www.roosifestival.ee\/\" target=\"_blank\" rel=\"noreferrer noopener\">www.roosifestival.ee<\/a><\/p>\n\n\n\n<p class=\"wp-el\"><strong>L\u00f5una-Eesti kogukonnaprogrammi<\/strong> raames korraldatakse 2023.<em> <\/em>ja2024. aastal \u00fchtekokku 20 projekti rohkem kui saja v\u00e4\u00e4rtusp\u00f5hise s\u00fcndmusega, mis kutsuvad osalema k\u00fclastajaid Eestist, Euroopast ja mujalt maailmast. Programmi eesm\u00e4rk on anda hoogu omavahelisele koost\u00f6\u00f6le ja tugevdada L\u00f5una-Eesti identiteeti. Euroopa kultuuripealinn Tartu 2024 p\u00f5hiprogrammi osana aitab kogukonnaprogramm tutvustada kogu piirkonda just nende v\u00e4\u00e4rtuste p\u00f5hjal, mis on olulised kohalikele inimestele ja kogukondadele. K\u00f5ik valitud s\u00fcndmused aitavad esile t\u00f5sta L\u00f5una-Eesti v\u00e4\u00e4rtusi \u2013 puhast loodust, mitmek\u00fclgset kultuurip\u00e4randit<em>, <\/em>kohalikku toitu ja k\u00e4sit\u00f6\u00f6d, tervislikku eluviisi, j\u00e4tkusuutlikke ja innovaatilisi lahendusi ning aktiivseid ja eluj\u00f5ulisi kogukondi.<\/p>\n\n\n\n<p class=\"wp-el\"><strong>Kogukonnas\u00fcndmused, <\/strong>mis kuuluvad avatud taotlusvooru tulemusena L\u00f5una-Eesti kogukonnaprogrammi, on j\u00e4rgmised: j\u00f5eretkede sari \u201eAvasta Emaj\u00f5gi!\u201c, Tartumaa toidus\u00fcndmuste sari \u201eTirin\u201c, kogukonnalavastus \u201eLeevaku kullakaevur\u201c, \u201eSeto kostip\u00e4iv\u00e4 aastaring\u201c, R\u00f5uge kogukonnafestival \u201eElluj\u00e4\u00e4mise kunstid\u201d, Tartumaa teemap\u00e4evad \u201eP\u00e4ritud elluj\u00e4\u00e4miskunstid\u201c, R\u00f5uge avatud saunade n\u00e4dalavahetus \u201eSanna!\u201c, ruumiloomekonverents \u201eLoo v\u00f5i loobu!\u201c, \u201eTaliteed Emaj\u00f5e-Suursoos\u201c, Otep\u00e4\u00e4 maaliliste maastike matkasari, r\u00e4nnaklavastus \u201eEedeni aed\u201c Luke m\u00f5isapargis, I Kodavere laalupido, dokumentaallavastus \u201e\u00d5hud meie vahel\u201d, Seto tantsupidu \u201eKad\u2019ah kavv\u00f5k\u00f5s\u00f5\u201c, Navi k\u00fcla kogukonnafestival, roosifestival Kaagj\u00e4rvel, Peipsi Toidu T\u00e4nav 175 km, Kagu-Eesti inspiratsioonifestival \u201eLoovus loob lootust!\u201c, \u201eAvastamata Antsla aarded \u2013 j\u00e4rved\u201c, linnaruumilavastus \u201eL\u00e4bi linna: Valga+Valka\u201c. Vt <a href=\"http:\/\/www.visitsouthestonia.com\/community\/tartu-2024\/\">www.visitsouthestonia.com\/community\/tartu-2024\/<\/a><\/p>\n\n\n\n<p class=\"wp-el\"><strong>Euroopa kultuuripealinn Tartu 2024 <\/strong>p\u00f5hiprogrammi kuuluv L\u00f5una-Eesti kogukonnaprogramm kasvas v\u00e4lja 2013. aastal L\u00f5una-Eesti LEADER-tegevusr\u00fchmade k\u00e4ima l\u00fckatud kollaste akende projektist \u201eElu kahe maailma piiril\u201c. L\u00f5una-Eesti kogukonnaprogrammi viivad ellu LEADER-tegevusr\u00fchmad Tartumaa Arendusselts, Valgamaa Partnerluskogu, V\u00f5rumaa Partnerluskogu ja Piiriveere Liider ning koost\u00f6\u00f6partneritena l\u00f6\u00f6vad kaasa Tartu, Elva, V\u00f5ru ja Valga linn. S\u00fcndmusi toetatakse LEADER-meetmest ning SA Tartu 2024 poolt L\u00f5una-Eesti kogukonnaprogrammile eraldatud eelarvest. Kogukonnaprogrammi tegemistesse on partnerina kaasatud teinegi Euroopa kultuuripealinn Tartu 2024 projekt Tartu Maailma\u00fclikool.<\/p>\n\n\n\n<p class=\"wp-el\">Lisainformatsioon: <a href=\"http:\/\/www.visitsouthestonia.com\/community\/tartu-2024\/\">www.visitsouthestonia.com\/community\/tartu-2024\/<\/a><br><a href=\"https:\/\/tartu2024.ee\/kogukonnaprogramm\">tartu2024.ee\/kogukonnaprogramm<\/a><\/p>\n\n\n\n<p class=\"wp-el\"><strong>Tiina Ivask<\/strong>, Valgamaa Partnerluskogu tegevjuht ja L\u00f5una-Eesti kogukonnaprogrammi tiimi liige, <br>telefon +372&nbsp;5349 1195, e-post <a href=\"mailto:tiina@valgaleader.ee\">tiina@valgaleader.ee<\/a><\/p>\n\n\n\n<p class=\"wp-el\"><strong>Maritta Pillaroo<\/strong>, Kaagj\u00e4rve m\u00f5isa perenaine ja Roosifestivali \u00fcks korraldajaid,<br>telefon +372 5557 0788, e-post <a href=\"mailto:roosifestival@roosifestival.ee\" target=\"_blank\" rel=\"noreferrer noopener\">roosifestival@roosifestival.ee<\/a><\/p>\n\n\n\n<figure class=\"wp-block-image size-large is-resized\"><img decoding=\"async\" loading=\"lazy\" width=\"1200\" height=\"524\" src=\"https:\/\/visitsouthestonia.com\/community\/wp-content\/uploads\/2023\/05\/Tartu24Leader-logo-horisontaalne-est-must-1200x524.jpg\" alt=\"\" class=\"wp-image-12363\" style=\"width:300px;height:131px\" srcset=\"https:\/\/visitsouthestonia.com\/community\/wp-content\/uploads\/2023\/05\/Tartu24Leader-logo-horisontaalne-est-must-1200x524.jpg 1200w, https:\/\/visitsouthestonia.com\/community\/wp-content\/uploads\/2023\/05\/Tartu24Leader-logo-horisontaalne-est-must-768x335.jpg 768w, https:\/\/visitsouthestonia.com\/community\/wp-content\/uploads\/2023\/05\/Tartu24Leader-logo-horisontaalne-est-must-350x153.jpg 350w, https:\/\/visitsouthestonia.com\/community\/wp-content\/uploads\/2023\/05\/Tartu24Leader-logo-horisontaalne-est-must-1100x480.jpg 1100w, https:\/\/visitsouthestonia.com\/community\/wp-content\/uploads\/2023\/05\/Tartu24Leader-logo-horisontaalne-est-must-230x100.jpg 230w, https:\/\/visitsouthestonia.com\/community\/wp-content\/uploads\/2023\/05\/Tartu24Leader-logo-horisontaalne-est-must-160x70.jpg 160w, https:\/\/visitsouthestonia.com\/community\/wp-content\/uploads\/2023\/05\/Tartu24Leader-logo-horisontaalne-est-must-188x82.jpg 188w, https:\/\/visitsouthestonia.com\/community\/wp-content\/uploads\/2023\/05\/Tartu24Leader-logo-horisontaalne-est-must-124x54.jpg 124w, https:\/\/visitsouthestonia.com\/community\/wp-content\/uploads\/2023\/05\/Tartu24Leader-logo-horisontaalne-est-must-370x161.jpg 370w, https:\/\/visitsouthestonia.com\/community\/wp-content\/uploads\/2023\/05\/Tartu24Leader-logo-horisontaalne-est-must.jpg 1334w\" sizes=\"(max-width: 1200px) 100vw, 1200px\" \/><\/figure>\n\n\n\n<p class=\"wp-el\"><img decoding=\"async\" loading=\"lazy\" width=\"128\" height=\"128\" class=\"wp-image-12016\" style=\"width: 20px;\" src=\"https:\/\/visitsouthestonia.com\/community\/wp-content\/uploads\/2023\/05\/must-nool.png\" alt=\"\" srcset=\"https:\/\/visitsouthestonia.com\/community\/wp-content\/uploads\/2023\/05\/must-nool.png 128w, https:\/\/visitsouthestonia.com\/community\/wp-content\/uploads\/2023\/05\/must-nool-51x51.png 51w, https:\/\/visitsouthestonia.com\/community\/wp-content\/uploads\/2023\/05\/must-nool-70x70.png 70w, https:\/\/visitsouthestonia.com\/community\/wp-content\/uploads\/2023\/05\/must-nool-120x120.png 120w, https:\/\/visitsouthestonia.com\/community\/wp-content\/uploads\/2023\/05\/must-nool-100x100.png 100w, https:\/\/visitsouthestonia.com\/community\/wp-content\/uploads\/2023\/05\/must-nool-54x54.png 54w\" sizes=\"(max-width: 128px) 100vw, 128px\" \/> Rohkem infot <a href=\"https:\/\/visitsouthestonia.com\/community\/tartu-2024\/\">Euroopa kultuuripealinn Tartu 2024 L\u00f5una-Eesti kogukonnaprogrammist<\/a><\/p>\n","protected":false},"excerpt":{"rendered":"<p>L\u00f5una-Eesti kogukonnaprogrammi raames korraldatakse Kaagj\u00e4rve m\u00f5isas suurejooneline Roosifestival 22.07.2024 Euroopa kultuuripealinn Tartu 2024 p\u00f5hiprogrammi kuuluva L\u00f5una-Eesti kogukonnaprogrammi raames korraldatakse laup\u00e4eval,&#8230;<\/p>\n","protected":false},"author":211,"featured_media":0,"parent":12304,"menu_order":1,"comment_status":"closed","ping_status":"closed","template":"","meta":{"advgb_blocks_editor_width":"","advgb_blocks_columns_visual_guide":"","footnotes":"","_links_to":"","_links_to_target":""},"acf":[],"yoast_head":"<!-- This site is optimized with the Yoast SEO plugin v21.4 - https:\/\/yoast.com\/wordpress\/plugins\/seo\/ -->\n<title>Kaagj\u00e4rve m\u00f5isas korraldatakse suurejooneline Roosifestival - visitsouthestonia<\/title>\n<meta name=\"robots\" content=\"index, follow, max-snippet:-1, max-image-preview:large, max-video-preview:-1\" \/>\n<link rel=\"canonical\" href=\"https:\/\/visitsouthestonia.com\/tartu-2024\/uudised\/kaagjarve-moisas-korraldatakse-suurejooneline-roosifestival\/\" \/>\n<meta property=\"og:locale\" content=\"et_EE\" \/>\n<meta property=\"og:type\" content=\"article\" \/>\n<meta property=\"og:title\" content=\"Kaagj\u00e4rve m\u00f5isas korraldatakse suurejooneline Roosifestival - visitsouthestonia\" \/>\n<meta property=\"og:description\" content=\"L\u00f5una-Eesti kogukonnaprogrammi raames korraldatakse Kaagj\u00e4rve m\u00f5isas suurejooneline Roosifestival 22.07.2024 Euroopa kultuuripealinn Tartu 2024 p\u00f5hiprogrammi kuuluva L\u00f5una-Eesti kogukonnaprogrammi raames korraldatakse laup\u00e4eval,...\" \/>\n<meta property=\"og:url\" content=\"https:\/\/visitsouthestonia.com\/tartu-2024\/uudised\/kaagjarve-moisas-korraldatakse-suurejooneline-roosifestival\/\" \/>\n<meta property=\"og:site_name\" content=\"visitsouthestonia\" \/>\n<meta property=\"article:modified_time\" content=\"2024-10-22T05:22:34+00:00\" \/>\n<meta property=\"og:image\" content=\"https:\/\/visitsouthestonia.com\/wp-content\/uploads\/2023\/05\/Tartu24Leader-logo-horisontaalne-est-must-1200x524.jpg\" \/>\n<meta name=\"twitter:card\" content=\"summary_large_image\" \/>\n<meta name=\"twitter:label1\" content=\"Est. reading time\" \/>\n\t<meta name=\"twitter:data1\" content=\"4 minutit\" \/>\n<script type=\"application\/ld+json\" class=\"yoast-schema-graph\">{\"@context\":\"https:\/\/schema.org\",\"@graph\":[{\"@type\":\"WebPage\",\"@id\":\"https:\/\/visitsouthestonia.com\/tartu-2024\/uudised\/kaagjarve-moisas-korraldatakse-suurejooneline-roosifestival\/\",\"url\":\"https:\/\/visitsouthestonia.com\/tartu-2024\/uudised\/kaagjarve-moisas-korraldatakse-suurejooneline-roosifestival\/\",\"name\":\"Kaagj\u00e4rve m\u00f5isas korraldatakse suurejooneline Roosifestival - visitsouthestonia\",\"isPartOf\":{\"@id\":\"https:\/\/visitsouthestonia.com\/community\/#website\"},\"datePublished\":\"2024-07-21T19:56:20+00:00\",\"dateModified\":\"2024-10-22T05:22:34+00:00\",\"breadcrumb\":{\"@id\":\"https:\/\/visitsouthestonia.com\/tartu-2024\/uudised\/kaagjarve-moisas-korraldatakse-suurejooneline-roosifestival\/#breadcrumb\"},\"inLanguage\":\"et\",\"potentialAction\":[{\"@type\":\"ReadAction\",\"target\":[\"https:\/\/visitsouthestonia.com\/tartu-2024\/uudised\/kaagjarve-moisas-korraldatakse-suurejooneline-roosifestival\/\"]}]},{\"@type\":\"BreadcrumbList\",\"@id\":\"https:\/\/visitsouthestonia.com\/tartu-2024\/uudised\/kaagjarve-moisas-korraldatakse-suurejooneline-roosifestival\/#breadcrumb\",\"itemListElement\":[{\"@type\":\"ListItem\",\"position\":1,\"name\":\"Tartu 2024 L\u00f5una-Eesti kogukonnaprogramm\",\"item\":\"https:\/\/visitsouthestonia.com\/tartu-2024\/\"},{\"@type\":\"ListItem\",\"position\":2,\"name\":\"Tartu 2024 kogukonnaprogrammi uudised\",\"item\":\"https:\/\/visitsouthestonia.com\/tartu-2024\/uudised\/\"},{\"@type\":\"ListItem\",\"position\":3,\"name\":\"Kaagj\u00e4rve m\u00f5isas korraldatakse suurejooneline Roosifestival\"}]},{\"@type\":\"WebSite\",\"@id\":\"https:\/\/visitsouthestonia.com\/community\/#website\",\"url\":\"https:\/\/visitsouthestonia.com\/community\/\",\"name\":\"visitsouthestonia\",\"description\":\"Parim puhkus veeda L\u00f5una-Eestis!\",\"potentialAction\":[{\"@type\":\"SearchAction\",\"target\":{\"@type\":\"EntryPoint\",\"urlTemplate\":\"https:\/\/visitsouthestonia.com\/community\/?s={search_term_string}\"},\"query-input\":\"required name=search_term_string\"}],\"inLanguage\":\"et\"}]}<\/script>\n<!-- \/ Yoast SEO plugin. -->","yoast_head_json":{"title":"Kaagj\u00e4rve m\u00f5isas korraldatakse suurejooneline Roosifestival - visitsouthestonia","robots":{"index":"index","follow":"follow","max-snippet":"max-snippet:-1","max-image-preview":"max-image-preview:large","max-video-preview":"max-video-preview:-1"},"canonical":"https:\/\/visitsouthestonia.com\/tartu-2024\/uudised\/kaagjarve-moisas-korraldatakse-suurejooneline-roosifestival\/","og_locale":"et_EE","og_type":"article","og_title":"Kaagj\u00e4rve m\u00f5isas korraldatakse suurejooneline Roosifestival - visitsouthestonia","og_description":"L\u00f5una-Eesti kogukonnaprogrammi raames korraldatakse Kaagj\u00e4rve m\u00f5isas suurejooneline Roosifestival 22.07.2024 Euroopa kultuuripealinn Tartu 2024 p\u00f5hiprogrammi kuuluva L\u00f5una-Eesti kogukonnaprogrammi raames korraldatakse laup\u00e4eval,...","og_url":"https:\/\/visitsouthestonia.com\/tartu-2024\/uudised\/kaagjarve-moisas-korraldatakse-suurejooneline-roosifestival\/","og_site_name":"visitsouthestonia","article_modified_time":"2024-10-22T05:22:34+00:00","og_image":[{"url":"https:\/\/visitsouthestonia.com\/wp-content\/uploads\/2023\/05\/Tartu24Leader-logo-horisontaalne-est-must-1200x524.jpg"}],"twitter_card":"summary_large_image","twitter_misc":{"Est. reading time":"4 minutit"},"schema":{"@context":"https:\/\/schema.org","@graph":[{"@type":"WebPage","@id":"https:\/\/visitsouthestonia.com\/tartu-2024\/uudised\/kaagjarve-moisas-korraldatakse-suurejooneline-roosifestival\/","url":"https:\/\/visitsouthestonia.com\/tartu-2024\/uudised\/kaagjarve-moisas-korraldatakse-suurejooneline-roosifestival\/","name":"Kaagj\u00e4rve m\u00f5isas korraldatakse suurejooneline Roosifestival - visitsouthestonia","isPartOf":{"@id":"https:\/\/visitsouthestonia.com\/community\/#website"},"datePublished":"2024-07-21T19:56:20+00:00","dateModified":"2024-10-22T05:22:34+00:00","breadcrumb":{"@id":"https:\/\/visitsouthestonia.com\/tartu-2024\/uudised\/kaagjarve-moisas-korraldatakse-suurejooneline-roosifestival\/#breadcrumb"},"inLanguage":"et","potentialAction":[{"@type":"ReadAction","target":["https:\/\/visitsouthestonia.com\/tartu-2024\/uudised\/kaagjarve-moisas-korraldatakse-suurejooneline-roosifestival\/"]}]},{"@type":"BreadcrumbList","@id":"https:\/\/visitsouthestonia.com\/tartu-2024\/uudised\/kaagjarve-moisas-korraldatakse-suurejooneline-roosifestival\/#breadcrumb","itemListElement":[{"@type":"ListItem","position":1,"name":"Tartu 2024 L\u00f5una-Eesti kogukonnaprogramm","item":"https:\/\/visitsouthestonia.com\/tartu-2024\/"},{"@type":"ListItem","position":2,"name":"Tartu 2024 kogukonnaprogrammi uudised","item":"https:\/\/visitsouthestonia.com\/tartu-2024\/uudised\/"},{"@type":"ListItem","position":3,"name":"Kaagj\u00e4rve m\u00f5isas korraldatakse suurejooneline Roosifestival"}]},{"@type":"WebSite","@id":"https:\/\/visitsouthestonia.com\/community\/#website","url":"https:\/\/visitsouthestonia.com\/community\/","name":"visitsouthestonia","description":"Parim puhkus veeda L\u00f5una-Eestis!","potentialAction":[{"@type":"SearchAction","target":{"@type":"EntryPoint","urlTemplate":"https:\/\/visitsouthestonia.com\/community\/?s={search_term_string}"},"query-input":"required name=search_term_string"}],"inLanguage":"et"}]}},"coauthors":[],"author_meta":{"author_link":"https:\/\/visitsouthestonia.com\/community\/author\/kaisa-timmi\/","display_name":"Meeri"},"relative_dates":{"created":"Posted 2 aastat ago","modified":"Updated 1 aasta ago"},"absolute_dates":{"created":"Posted on 21. juuli 2024","modified":"Updated on 22. okt. 2024"},"absolute_dates_time":{"created":"Posted on 21. juuli 2024 10:56","modified":"Updated on 22. okt. 2024 08:22"},"featured_img_caption":"","featured_img":false,"series_order":"","_links":{"self":[{"href":"https:\/\/visitsouthestonia.com\/community\/wp-json\/wp\/v2\/pages\/20850"}],"collection":[{"href":"https:\/\/visitsouthestonia.com\/community\/wp-json\/wp\/v2\/pages"}],"about":[{"href":"https:\/\/visitsouthestonia.com\/community\/wp-json\/wp\/v2\/types\/page"}],"author":[{"embeddable":true,"href":"https:\/\/visitsouthestonia.com\/community\/wp-json\/wp\/v2\/users\/211"}],"replies":[{"embeddable":true,"href":"https:\/\/visitsouthestonia.com\/community\/wp-json\/wp\/v2\/comments?post=20850"}],"version-history":[{"count":3,"href":"https:\/\/visitsouthestonia.com\/community\/wp-json\/wp\/v2\/pages\/20850\/revisions"}],"predecessor-version":[{"id":21251,"href":"https:\/\/visitsouthestonia.com\/community\/wp-json\/wp\/v2\/pages\/20850\/revisions\/21251"}],"up":[{"embeddable":true,"href":"https:\/\/visitsouthestonia.com\/community\/wp-json\/wp\/v2\/pages\/12304"}],"wp:attachment":[{"href":"https:\/\/visitsouthestonia.com\/community\/wp-json\/wp\/v2\/media?parent=20850"}],"curies":[{"name":"wp","href":"https:\/\/api.w.org\/{rel}","templated":true}]}}