{"id":20838,"date":"2024-07-15T09:15:55","date_gmt":"2024-07-15T06:15:55","guid":{"rendered":"https:\/\/visitsouthestonia.com\/community\/?page_id=20838"},"modified":"2024-10-22T08:22:53","modified_gmt":"2024-10-22T05:22:53","slug":"kogukonnaprogrammi-raames-toimub-navi-kogukonnafestival","status":"publish","type":"page","link":"https:\/\/visitsouthestonia.com\/community\/tartu-2024\/uudised\/kogukonnaprogrammi-raames-toimub-navi-kogukonnafestival\/","title":{"rendered":"Kogukonnaprogrammi raames toimub Navi kogukonnafestival"},"content":{"rendered":"\n<h2 class=\"wp-block-heading wp-el\"><strong>L\u00f5una-Eesti kogukonnaprogrammi raames toimub laup\u00e4eval Navi kogukonnafestival<\/strong><\/h2>\n\n\n\n<p class=\"wp-el\">15.07.2024<\/p>\n\n\n\n<p class=\"wp-el\"><strong>Euroopa kultuuripealinn Tartu 2024 p\u00f5hiprogrammi kuuluva L\u00f5una-Eesti kogukonnaprogrammi raames peetakse laup\u00e4eval, 20. juulil hoogne ja sisukas Navi kogukonnafestival. V\u00f5rumaal Navi k\u00fclas esimest korda peetav kogukonnafestival on korraldatud tegusate k\u00fclaelanike enda poolt ja toob t\u00e4helepanu paigap\u00e4rimusele. Laup\u00e4eva kell 11.00 algaval kogukonnas\u00fcndmusel saab muuhulgas kunstnik Navitrolla juhendamisel kunsti luua, minna koos Ivari Padariga ajalootuurile, osaleda aruteludel, t\u00f6\u00f6tubades ja istutada perepuu, festival l\u00f5peb muusika saatel s\u00fcda\u00f6\u00f6l.<\/strong><\/p>\n\n\n\n<p class=\"wp-el\">V\u00f5rumaa Partnerluskogu tegevjuht ja L\u00f5una-Eesti kogukonnaprogrammi meeskonna liige <strong>Kerli Kanger <\/strong>\u00fctles, et tegemist on eheda n\u00e4itega kogukonna panustamisest Euroopa kultuuripealinna programmiloomesse v\u00e4ljaspool Tartut. \u201eNavi kogukonnafestival v\u00f5imaldab sukelduda kohalikku paigap\u00e4rimusse koos selle kandi inimestega. Mis saaks olla kultuuripealinna k\u00fclalisele huvitavam kui siiras kohtumine kogukonnaga ja k\u00fclaelu erilisest s\u00fcndmusest osa saamine k\u00f5ige vahetumal moel,\u201c lausus Kanger. \u201eK\u00f5ige olulisem on aga see, et kogu s\u00fcndmus l\u00e4heb p\u00e4riselt korda just kohalikele inimestele ning liidab Navi kandi rahvast veelgi tugevamalt \u00fcheks kogukonnaks.\u201c<\/p>\n\n\n\n<p class=\"wp-el\">Navi K\u00fclaseltsi juhatuse liikme <strong>Mai Timmi<\/strong> s\u00f5nul saabki esimest korda toimuv Navi kogukonnafestival teoks puhtalt t\u00e4nu oma kogukonna aktiivsele panustamisele. \u201eOtsisime k\u00fcla pealt \u00fcles k\u00f5ik talendid, keda meil on t\u00f5esti palju ja kes olid k\u00f5ik valmis kaasa aitama,\u201c r\u00e4\u00e4kis Timmi. \u201eKogukond on meie enda luua ja kogukonnatunnet ei saa meie sisse keegi teine panna \u2013 selle saab \u00fcles leida iga\u00fcks ainult ise, osaledes ning panustades.\u201c Timmi lisas, et kogukonnafestivalil leidub tegevusi igale maitsele. \u201eK\u00f5ige suurema \u00fcllatuse pakkus meile perepuude istutamise \u00fcleskutse: nimelt istutab kogukonnafestivali ajal Navi seltsimaja \u00fcmbrusse oma puu lausa 24 peret, kelle jaoks see paik on erilise t\u00e4hendusega, n\u00e4iteks vaarisa on siit p\u00e4rit v\u00f5i on siin pulmi peetud v\u00f5i m\u00f5nel muul p\u00f5hjusel,\u201c m\u00e4rkis ta.<\/p>\n\n\n\n<p class=\"wp-el\"><strong>Navi kogukonnafestival <\/strong>algab <strong>20. juulil<\/strong> <strong>kell 11.00<\/strong> ja kestab s\u00fcda\u00f6\u00f6ni, pakkudes erinevaid tegevusi igas vanuses osalejatele. Navi kogukonna inimestest tulevad lavale noorteb\u00e4nd ja laulunaised, lastega hakkab maalima <strong>Navitrolla<\/strong>, ajalootuure teevad k\u00fclamees <strong>Ivari Padar<\/strong> ja noor ajalootudeng <strong>Talis Timmi<\/strong>, sportlikke tegevusi viib l\u00e4bi <strong>Inga Jumping<\/strong>. Festivali hoiab ohjes p\u00e4evajuht <strong>Kristi Vals<\/strong>, \u00f5htu l\u00f5petuseks esineb muusik ja raadioh\u00e4\u00e4l <strong>Raen V\u00e4ikene<\/strong>. Kogu korraldustiimi \u00fcks kandvaid j\u00f5ude on noored, sest enne kogukonnafestivali leiab Navil aset 3-p\u00e4evane noortelaager, kus 18 omakandi noort aitavad kogukonnafestivali jaoks valmistada kaunistusi, meeneid ja suunaviitasid, s\u00e4ttida ruume korda ning teha muid ettevalmistusi. Navi kogukonnafestivalile on oodatud k\u00f5ik huvilised l\u00e4hedalt ja kaugelt ning osalemine on tasuta. L\u00e4hemat infot programmi kohta leiab aadressilt: <a href=\"https:\/\/navikylaselts.ee\/uritused\/kogukonnafestival\/\">https:\/\/navikylaselts.ee\/uritused\/kogukonnafestival\/<\/a><\/p>\n\n\n\n<p class=\"wp-el\"><strong>L\u00f5una-Eesti kogukonnaprogrammi<\/strong> raames korraldatakse 2023.<em> <\/em>ja2024. aastal \u00fchtekokku 20 projekti rohkem kui saja v\u00e4\u00e4rtusp\u00f5hise s\u00fcndmusega, mis kutsuvad osalema k\u00fclastajaid Eestist, Euroopast ja mujalt maailmast. Programmi eesm\u00e4rk on anda hoogu omavahelisele koost\u00f6\u00f6le ja tugevdada L\u00f5una-Eesti identiteeti. Euroopa kultuuripealinn Tartu 2024 p\u00f5hiprogrammi osana aitab kogukonnaprogramm tutvustada kogu piirkonda just nende v\u00e4\u00e4rtuste p\u00f5hjal, mis on olulised kohalikele inimestele ja kogukondadele. K\u00f5ik valitud s\u00fcndmused aitavad esile t\u00f5sta L\u00f5una-Eesti v\u00e4\u00e4rtusi \u2013 puhast loodust, mitmek\u00fclgset kultuurip\u00e4randit<em>, <\/em>kohalikku toitu ja k\u00e4sit\u00f6\u00f6d, tervislikku eluviisi, j\u00e4tkusuutlikke ja innovaatilisi lahendusi ning aktiivseid ja eluj\u00f5ulisi kogukondi.<\/p>\n\n\n\n<p class=\"wp-el\"><strong>Kogukonnas\u00fcndmused, <\/strong>mis kuuluvad avatud taotlusvooru tulemusena L\u00f5una-Eesti kogukonnaprogrammi, on j\u00e4rgmised: j\u00f5eretkede sari \u201eAvasta Emaj\u00f5gi!\u201c, Tartumaa toidus\u00fcndmuste sari \u201eTirin\u201c, kogukonnalavastus \u201eLeevaku kullakaevur\u201c, \u201eSeto kostip\u00e4iv\u00e4 aastaring\u201c, R\u00f5uge kogukonnafestival \u201eElluj\u00e4\u00e4mise kunstid\u201d, Tartumaa teemap\u00e4evad \u201eP\u00e4ritud elluj\u00e4\u00e4miskunstid\u201c, R\u00f5uge avatud saunade n\u00e4dalavahetus \u201eSanna!\u201c, ruumiloomekonverents \u201eLoo v\u00f5i loobu!\u201c, \u201eTaliteed Emaj\u00f5e-Suursoos\u201c, Otep\u00e4\u00e4 maaliliste maastike matkasari, r\u00e4nnaklavastus \u201eEedeni aed\u201c Luke m\u00f5isapargis, I Kodavere laalupido, dokumentaallavastus \u201e\u00d5hud meie vahel\u201d, Seto tantsupidu \u201eKad\u2019ah kavv\u00f5k\u00f5s\u00f5\u201c, Navi k\u00fcla kogukonnafestival, roosifestival Kaagj\u00e4rvel, Peipsi Toidu T\u00e4nav 175 km, Kagu-Eesti inspiratsioonifestival \u201eLoovus loob lootust!\u201c, \u201eAvastamata Antsla aarded \u2013 j\u00e4rved\u201c, linnaruumilavastus \u201eL\u00e4bi linna: Valga+Valka\u201c. Vt <a href=\"http:\/\/www.visitsouthestonia.com\/community\/tartu-2024\/\">www.visitsouthestonia.com\/community\/tartu-2024\/<\/a><\/p>\n\n\n\n<p class=\"wp-el\"><strong>Euroopa kultuuripealinn Tartu 2024 <\/strong>p\u00f5hiprogrammi kuuluv L\u00f5una-Eesti kogukonnaprogramm kasvas v\u00e4lja 2013. aastal L\u00f5una-Eesti LEADER-tegevusr\u00fchmade k\u00e4ima l\u00fckatud kollaste akende projektist \u201eElu kahe maailma piiril\u201c. L\u00f5una-Eesti kogukonnaprogrammi viivad ellu LEADER-tegevusr\u00fchmad Tartumaa Arendusselts, Valgamaa Partnerluskogu, V\u00f5rumaa Partnerluskogu ja Piiriveere Liider ning koost\u00f6\u00f6partneritena l\u00f6\u00f6vad kaasa Tartu, Elva, V\u00f5ru ja Valga linn. S\u00fcndmusi toetatakse LEADER-meetmest ning SA Tartu 2024 poolt L\u00f5una-Eesti kogukonnaprogrammile eraldatud eelarvest. Kogukonnaprogrammi tegemistesse on partnerina kaasatud teinegi Euroopa kultuuripealinn Tartu 2024 projekt Tartu Maailma\u00fclikool.<\/p>\n\n\n\n<p class=\"wp-el\">Lisainformatsioon: <a href=\"http:\/\/www.visitsouthestonia.com\/community\/tartu-2024\/\">www.visitsouthestonia.com\/community\/tartu-2024\/<\/a><br><a href=\"https:\/\/tartu2024.ee\/kogukonnaprogramm\">tartu2024.ee\/kogukonnaprogramm<\/a><\/p>\n\n\n\n<p class=\"wp-el\"><strong>Kerli Kanger<\/strong>, V\u00f5rumaa Partnerluskogu tegevjuht ja L\u00f5una-Eesti kogukonnaprogrammi tiimi liige, <br>telefon +372&nbsp;510 2662, e-post <a href=\"mailto:kerli@voruleader.ee\">kerli@voruleader.ee<\/a><\/p>\n\n\n\n<p class=\"wp-el\"><strong>Mai Timmi<\/strong>, MT\u00dc Navi K\u00fclaselts juhatuse liige ja Navi kogukonnafestivali peakorraldaja,<br>telefon +372 5348 4495, e-post <a href=\"mailto:mai.timmi@gmail.com\">mai.timmi@gmail.com<\/a><\/p>\n\n\n\n<p class=\"wp-el\"><strong>Kristin Krinal<\/strong>, Navi kogukonnafestivali korraldustiimi liige,<br>telefon +372 5349 4250, e-post <a href=\"mailto:kristinkrinal@hotmail.com\">kristinkrinal@hotmail.com<\/a><\/p>\n\n\n\n<figure class=\"wp-block-image size-large is-resized\"><img decoding=\"async\" loading=\"lazy\" width=\"1200\" height=\"524\" src=\"https:\/\/visitsouthestonia.com\/community\/wp-content\/uploads\/2023\/05\/Tartu24Leader-logo-horisontaalne-est-must-1200x524.jpg\" alt=\"\" class=\"wp-image-12363\" style=\"width:300px;height:131px\" srcset=\"https:\/\/visitsouthestonia.com\/community\/wp-content\/uploads\/2023\/05\/Tartu24Leader-logo-horisontaalne-est-must-1200x524.jpg 1200w, https:\/\/visitsouthestonia.com\/community\/wp-content\/uploads\/2023\/05\/Tartu24Leader-logo-horisontaalne-est-must-768x335.jpg 768w, https:\/\/visitsouthestonia.com\/community\/wp-content\/uploads\/2023\/05\/Tartu24Leader-logo-horisontaalne-est-must-350x153.jpg 350w, https:\/\/visitsouthestonia.com\/community\/wp-content\/uploads\/2023\/05\/Tartu24Leader-logo-horisontaalne-est-must-1100x480.jpg 1100w, https:\/\/visitsouthestonia.com\/community\/wp-content\/uploads\/2023\/05\/Tartu24Leader-logo-horisontaalne-est-must-230x100.jpg 230w, https:\/\/visitsouthestonia.com\/community\/wp-content\/uploads\/2023\/05\/Tartu24Leader-logo-horisontaalne-est-must-160x70.jpg 160w, https:\/\/visitsouthestonia.com\/community\/wp-content\/uploads\/2023\/05\/Tartu24Leader-logo-horisontaalne-est-must-188x82.jpg 188w, https:\/\/visitsouthestonia.com\/community\/wp-content\/uploads\/2023\/05\/Tartu24Leader-logo-horisontaalne-est-must-124x54.jpg 124w, https:\/\/visitsouthestonia.com\/community\/wp-content\/uploads\/2023\/05\/Tartu24Leader-logo-horisontaalne-est-must-370x161.jpg 370w, https:\/\/visitsouthestonia.com\/community\/wp-content\/uploads\/2023\/05\/Tartu24Leader-logo-horisontaalne-est-must.jpg 1334w\" sizes=\"(max-width: 1200px) 100vw, 1200px\" \/><\/figure>\n\n\n\n<p class=\"wp-el\"><img decoding=\"async\" loading=\"lazy\" width=\"128\" height=\"128\" class=\"wp-image-12016\" style=\"width: 20px;\" src=\"https:\/\/visitsouthestonia.com\/community\/wp-content\/uploads\/2023\/05\/must-nool.png\" alt=\"\" srcset=\"https:\/\/visitsouthestonia.com\/community\/wp-content\/uploads\/2023\/05\/must-nool.png 128w, https:\/\/visitsouthestonia.com\/community\/wp-content\/uploads\/2023\/05\/must-nool-51x51.png 51w, https:\/\/visitsouthestonia.com\/community\/wp-content\/uploads\/2023\/05\/must-nool-70x70.png 70w, https:\/\/visitsouthestonia.com\/community\/wp-content\/uploads\/2023\/05\/must-nool-120x120.png 120w, https:\/\/visitsouthestonia.com\/community\/wp-content\/uploads\/2023\/05\/must-nool-100x100.png 100w, https:\/\/visitsouthestonia.com\/community\/wp-content\/uploads\/2023\/05\/must-nool-54x54.png 54w\" sizes=\"(max-width: 128px) 100vw, 128px\" \/> Rohkem infot <a href=\"https:\/\/visitsouthestonia.com\/community\/tartu-2024\/\">Euroopa kultuuripealinn Tartu 2024 L\u00f5una-Eesti kogukonnaprogrammist<\/a><\/p>\n","protected":false},"excerpt":{"rendered":"<p>L\u00f5una-Eesti kogukonnaprogrammi raames toimub laup\u00e4eval Navi kogukonnafestival 15.07.2024 Euroopa kultuuripealinn Tartu 2024 p\u00f5hiprogrammi kuuluva L\u00f5una-Eesti kogukonnaprogrammi raames peetakse laup\u00e4eval, 20&#8230;.<\/p>\n","protected":false},"author":211,"featured_media":0,"parent":12304,"menu_order":1,"comment_status":"closed","ping_status":"closed","template":"","meta":{"advgb_blocks_editor_width":"","advgb_blocks_columns_visual_guide":"","footnotes":"","_links_to":"","_links_to_target":""},"acf":[],"yoast_head":"<!-- This site is optimized with the Yoast SEO plugin v21.4 - https:\/\/yoast.com\/wordpress\/plugins\/seo\/ -->\n<title>Kogukonnaprogrammi raames toimub Navi kogukonnafestival - visitsouthestonia<\/title>\n<meta name=\"robots\" content=\"index, follow, max-snippet:-1, max-image-preview:large, max-video-preview:-1\" \/>\n<link rel=\"canonical\" href=\"https:\/\/visitsouthestonia.com\/tartu-2024\/uudised\/kogukonnaprogrammi-raames-toimub-navi-kogukonnafestival\/\" \/>\n<meta property=\"og:locale\" content=\"et_EE\" \/>\n<meta property=\"og:type\" content=\"article\" \/>\n<meta property=\"og:title\" content=\"Kogukonnaprogrammi raames toimub Navi kogukonnafestival - visitsouthestonia\" \/>\n<meta property=\"og:description\" content=\"L\u00f5una-Eesti kogukonnaprogrammi raames toimub laup\u00e4eval Navi kogukonnafestival 15.07.2024 Euroopa kultuuripealinn Tartu 2024 p\u00f5hiprogrammi kuuluva L\u00f5una-Eesti kogukonnaprogrammi raames peetakse laup\u00e4eval, 20....\" \/>\n<meta property=\"og:url\" content=\"https:\/\/visitsouthestonia.com\/tartu-2024\/uudised\/kogukonnaprogrammi-raames-toimub-navi-kogukonnafestival\/\" \/>\n<meta property=\"og:site_name\" content=\"visitsouthestonia\" \/>\n<meta property=\"article:modified_time\" content=\"2024-10-22T05:22:53+00:00\" \/>\n<meta property=\"og:image\" content=\"https:\/\/visitsouthestonia.com\/wp-content\/uploads\/2023\/05\/Tartu24Leader-logo-horisontaalne-est-must-1200x524.jpg\" \/>\n<meta name=\"twitter:card\" content=\"summary_large_image\" \/>\n<meta name=\"twitter:label1\" content=\"Est. reading time\" \/>\n\t<meta name=\"twitter:data1\" content=\"5 minutit\" \/>\n<script type=\"application\/ld+json\" class=\"yoast-schema-graph\">{\"@context\":\"https:\/\/schema.org\",\"@graph\":[{\"@type\":\"WebPage\",\"@id\":\"https:\/\/visitsouthestonia.com\/tartu-2024\/uudised\/kogukonnaprogrammi-raames-toimub-navi-kogukonnafestival\/\",\"url\":\"https:\/\/visitsouthestonia.com\/tartu-2024\/uudised\/kogukonnaprogrammi-raames-toimub-navi-kogukonnafestival\/\",\"name\":\"Kogukonnaprogrammi raames toimub Navi kogukonnafestival - visitsouthestonia\",\"isPartOf\":{\"@id\":\"https:\/\/visitsouthestonia.com\/community\/#website\"},\"datePublished\":\"2024-07-15T06:15:55+00:00\",\"dateModified\":\"2024-10-22T05:22:53+00:00\",\"breadcrumb\":{\"@id\":\"https:\/\/visitsouthestonia.com\/tartu-2024\/uudised\/kogukonnaprogrammi-raames-toimub-navi-kogukonnafestival\/#breadcrumb\"},\"inLanguage\":\"et\",\"potentialAction\":[{\"@type\":\"ReadAction\",\"target\":[\"https:\/\/visitsouthestonia.com\/tartu-2024\/uudised\/kogukonnaprogrammi-raames-toimub-navi-kogukonnafestival\/\"]}]},{\"@type\":\"BreadcrumbList\",\"@id\":\"https:\/\/visitsouthestonia.com\/tartu-2024\/uudised\/kogukonnaprogrammi-raames-toimub-navi-kogukonnafestival\/#breadcrumb\",\"itemListElement\":[{\"@type\":\"ListItem\",\"position\":1,\"name\":\"Tartu 2024 L\u00f5una-Eesti kogukonnaprogramm\",\"item\":\"https:\/\/visitsouthestonia.com\/tartu-2024\/\"},{\"@type\":\"ListItem\",\"position\":2,\"name\":\"Tartu 2024 kogukonnaprogrammi uudised\",\"item\":\"https:\/\/visitsouthestonia.com\/tartu-2024\/uudised\/\"},{\"@type\":\"ListItem\",\"position\":3,\"name\":\"Kogukonnaprogrammi raames toimub Navi kogukonnafestival\"}]},{\"@type\":\"WebSite\",\"@id\":\"https:\/\/visitsouthestonia.com\/community\/#website\",\"url\":\"https:\/\/visitsouthestonia.com\/community\/\",\"name\":\"visitsouthestonia\",\"description\":\"Parim puhkus veeda L\u00f5una-Eestis!\",\"potentialAction\":[{\"@type\":\"SearchAction\",\"target\":{\"@type\":\"EntryPoint\",\"urlTemplate\":\"https:\/\/visitsouthestonia.com\/community\/?s={search_term_string}\"},\"query-input\":\"required name=search_term_string\"}],\"inLanguage\":\"et\"}]}<\/script>\n<!-- \/ Yoast SEO plugin. -->","yoast_head_json":{"title":"Kogukonnaprogrammi raames toimub Navi kogukonnafestival - visitsouthestonia","robots":{"index":"index","follow":"follow","max-snippet":"max-snippet:-1","max-image-preview":"max-image-preview:large","max-video-preview":"max-video-preview:-1"},"canonical":"https:\/\/visitsouthestonia.com\/tartu-2024\/uudised\/kogukonnaprogrammi-raames-toimub-navi-kogukonnafestival\/","og_locale":"et_EE","og_type":"article","og_title":"Kogukonnaprogrammi raames toimub Navi kogukonnafestival - visitsouthestonia","og_description":"L\u00f5una-Eesti kogukonnaprogrammi raames toimub laup\u00e4eval Navi kogukonnafestival 15.07.2024 Euroopa kultuuripealinn Tartu 2024 p\u00f5hiprogrammi kuuluva L\u00f5una-Eesti kogukonnaprogrammi raames peetakse laup\u00e4eval, 20....","og_url":"https:\/\/visitsouthestonia.com\/tartu-2024\/uudised\/kogukonnaprogrammi-raames-toimub-navi-kogukonnafestival\/","og_site_name":"visitsouthestonia","article_modified_time":"2024-10-22T05:22:53+00:00","og_image":[{"url":"https:\/\/visitsouthestonia.com\/wp-content\/uploads\/2023\/05\/Tartu24Leader-logo-horisontaalne-est-must-1200x524.jpg"}],"twitter_card":"summary_large_image","twitter_misc":{"Est. reading time":"5 minutit"},"schema":{"@context":"https:\/\/schema.org","@graph":[{"@type":"WebPage","@id":"https:\/\/visitsouthestonia.com\/tartu-2024\/uudised\/kogukonnaprogrammi-raames-toimub-navi-kogukonnafestival\/","url":"https:\/\/visitsouthestonia.com\/tartu-2024\/uudised\/kogukonnaprogrammi-raames-toimub-navi-kogukonnafestival\/","name":"Kogukonnaprogrammi raames toimub Navi kogukonnafestival - visitsouthestonia","isPartOf":{"@id":"https:\/\/visitsouthestonia.com\/community\/#website"},"datePublished":"2024-07-15T06:15:55+00:00","dateModified":"2024-10-22T05:22:53+00:00","breadcrumb":{"@id":"https:\/\/visitsouthestonia.com\/tartu-2024\/uudised\/kogukonnaprogrammi-raames-toimub-navi-kogukonnafestival\/#breadcrumb"},"inLanguage":"et","potentialAction":[{"@type":"ReadAction","target":["https:\/\/visitsouthestonia.com\/tartu-2024\/uudised\/kogukonnaprogrammi-raames-toimub-navi-kogukonnafestival\/"]}]},{"@type":"BreadcrumbList","@id":"https:\/\/visitsouthestonia.com\/tartu-2024\/uudised\/kogukonnaprogrammi-raames-toimub-navi-kogukonnafestival\/#breadcrumb","itemListElement":[{"@type":"ListItem","position":1,"name":"Tartu 2024 L\u00f5una-Eesti kogukonnaprogramm","item":"https:\/\/visitsouthestonia.com\/tartu-2024\/"},{"@type":"ListItem","position":2,"name":"Tartu 2024 kogukonnaprogrammi uudised","item":"https:\/\/visitsouthestonia.com\/tartu-2024\/uudised\/"},{"@type":"ListItem","position":3,"name":"Kogukonnaprogrammi raames toimub Navi kogukonnafestival"}]},{"@type":"WebSite","@id":"https:\/\/visitsouthestonia.com\/community\/#website","url":"https:\/\/visitsouthestonia.com\/community\/","name":"visitsouthestonia","description":"Parim puhkus veeda L\u00f5una-Eestis!","potentialAction":[{"@type":"SearchAction","target":{"@type":"EntryPoint","urlTemplate":"https:\/\/visitsouthestonia.com\/community\/?s={search_term_string}"},"query-input":"required name=search_term_string"}],"inLanguage":"et"}]}},"coauthors":[],"author_meta":{"author_link":"https:\/\/visitsouthestonia.com\/community\/author\/kaisa-timmi\/","display_name":"Meeri"},"relative_dates":{"created":"Posted 2 aastat ago","modified":"Updated 1 aasta ago"},"absolute_dates":{"created":"Posted on 15. juuli 2024","modified":"Updated on 22. okt. 2024"},"absolute_dates_time":{"created":"Posted on 15. juuli 2024 09:15","modified":"Updated on 22. okt. 2024 08:22"},"featured_img_caption":"","featured_img":false,"series_order":"","_links":{"self":[{"href":"https:\/\/visitsouthestonia.com\/community\/wp-json\/wp\/v2\/pages\/20838"}],"collection":[{"href":"https:\/\/visitsouthestonia.com\/community\/wp-json\/wp\/v2\/pages"}],"about":[{"href":"https:\/\/visitsouthestonia.com\/community\/wp-json\/wp\/v2\/types\/page"}],"author":[{"embeddable":true,"href":"https:\/\/visitsouthestonia.com\/community\/wp-json\/wp\/v2\/users\/211"}],"replies":[{"embeddable":true,"href":"https:\/\/visitsouthestonia.com\/community\/wp-json\/wp\/v2\/comments?post=20838"}],"version-history":[{"count":4,"href":"https:\/\/visitsouthestonia.com\/community\/wp-json\/wp\/v2\/pages\/20838\/revisions"}],"predecessor-version":[{"id":21252,"href":"https:\/\/visitsouthestonia.com\/community\/wp-json\/wp\/v2\/pages\/20838\/revisions\/21252"}],"up":[{"embeddable":true,"href":"https:\/\/visitsouthestonia.com\/community\/wp-json\/wp\/v2\/pages\/12304"}],"wp:attachment":[{"href":"https:\/\/visitsouthestonia.com\/community\/wp-json\/wp\/v2\/media?parent=20838"}],"curies":[{"name":"wp","href":"https:\/\/api.w.org\/{rel}","templated":true}]}}