{"id":20789,"date":"2024-06-28T08:52:24","date_gmt":"2024-06-28T05:52:24","guid":{"rendered":"https:\/\/visitsouthestonia.com\/community\/?page_id=20789"},"modified":"2024-10-22T08:23:53","modified_gmt":"2024-10-22T05:23:53","slug":"otepaa-maaliliste-maastike-matkasari-viib-eesti-kultusfilmide-radadele-ja-tippkunstnike-meelispaikadesse","status":"publish","type":"page","link":"https:\/\/visitsouthestonia.com\/community\/tartu-2024\/uudised\/otepaa-maaliliste-maastike-matkasari-viib-eesti-kultusfilmide-radadele-ja-tippkunstnike-meelispaikadesse\/","title":{"rendered":"Otep\u00e4\u00e4 maaliliste maastike matkasari viib Eesti kultusfilmide radadele ja tippkunstnike meelispaikadesse"},"content":{"rendered":"\n<h2 class=\"wp-block-heading wp-el\"><strong><strong>L\u00f5una-Eesti kogukonnaprogrammi raames toimuv Otep\u00e4\u00e4 maaliliste maastike matkasari viib Eesti kultusfilmide radadele ja tippkunstnike meelispaikadesse<\/strong><\/strong><\/h2>\n\n\n\n<p class=\"wp-el\">28.06.2024<\/p>\n\n\n\n<p class=\"wp-el\"><strong>Euroopa kultuuripealinn Tartu 2024 p\u00f5hiprogrammi kuuluva L\u00f5una-Eesti kogukonnaprogrammi raames algab kolmap\u00e4eval, 3. juulil Otep\u00e4\u00e4 maaliliste maastike matkasari, mis viib huvilised rattamatkale Eesti kultusfilmide v\u00f5ttepaikadesse ja augusti algusest ka tippkunstnike meelispaikadesse. Rattamatk maalimaastikele l\u00f5peb maalit\u00f6\u00f6toaga, kus iga osaleja saab ka ise kunsti luua.<\/strong><\/p>\n\n\n\n<p class=\"wp-el\">Valgamaa Partnerluskogu tegevjuht ja L\u00f5una-Eesti kogukonnaprogrammi tiimi liige <strong>Tiina Ivask <\/strong>\u00fctles, et Otep\u00e4\u00e4 maaliliste maastike matkasari on hea n\u00e4ide kogukonna uuenduslikust ettev\u00f5tmisest, mis tutvustab piirkonda uuest ja huvitavast vaatenurgast. \u201eTuntud filmidest tuttavad paigad ja nimekate kunstnike maalidelt n\u00e4htud vaated avanevad n\u00fc\u00fcd t\u00e4nu uudsele matkasarjale iga osaleja jaoks p\u00e4riselus vahetu isikliku kogemusena. Otep\u00e4\u00e4 piirkond tervikuna avab end t\u00e4nu sellele hoopis teistmoodi paigana ja siinseid kultuurikihistusi on iga\u00fchel p\u00f5nev ka ise edasi avastada,\u201c s\u00f5nas Ivask. \u201eAktiivne eluviis, liikumine looduses ja kultuurielamus on osavalt kokku p\u00f5imitud. Ja kirsiks tordil on matkal l\u00e4bi m\u00e4ngitud stseen filmist v\u00f5i maalilt, mis loob tunde, et oled osa kunstiajaloost.\u201c<\/p>\n\n\n\n<p class=\"wp-el\">Otep\u00e4\u00e4 K\u00fclade \u00dchenduse projektijuht ja matkasarja \u00fcks korraldajaid <strong>Triin Nurmsalu<\/strong> lausus, et maaliliste maastike matkasari on kaasahaarav kogukonnas\u00fcndmus, mis on h\u00e4sti liitnud ka Otep\u00e4\u00e4 kandi kogukonda. \u201eOtep\u00e4\u00e4 \u00fcmbrusega seotud filmi ja kunsti teema on kogukonnale olnud v\u00e4ga inspireeriv. Kohalikud inimesed on ise saanud palju uut teada kodukandi lugude kohta ja see innustab meid k\u00f5iki n\u00fc\u00fcd siinseid v\u00e4\u00e4rtusi ja kogu piirkonda laiemalt tutvustama,\u201c r\u00e4\u00e4kis Nurmsalu. Tema s\u00f5nul on rattamatkad j\u00f5ukohased k\u00f5igile huvilistele ning iga maalimatka l\u00f5pus toimub juhendatud t\u00f6\u00f6tuba, mille k\u00e4igus saavad osalejad vormida matkal kogetud elamused ja emotsioonid oma kunstiteoseks.<\/p>\n\n\n\n<p class=\"wp-el\"><strong>Otep\u00e4\u00e4 maaliliste maastike matkasari <\/strong>toimub juulis ja augustis: <strong>3. juulil<\/strong> leiab aset rattamatk filmimaastikel ning <strong>4., 5., 6. ja 7. augustil<\/strong> viiakse l\u00e4bi rattamatkad kunstimaastikel koos juhendatud maalit\u00f6\u00f6toaga. Filmimaastike matka raames avavad kohalikud elanikud vaid sel p\u00e4eval oma koduhoovid, kus on filmitud tuntud filmide v\u00f5tteid. Muuhulgas kuuleb meenutusi ja lugusid filmide \u201cSuvi\u201d, \u201cNipernaadi\u201d ning \u201cVanad ja kobedad saavad jalad alla\u201d filmiv\u00f5tete aegadest. Matka raames on v\u00f5imalus rekvisiitide abil taaslavastada filmistseene ja \u00fcmber kehastuda filmitegelasteks. Maalimatkadel k\u00fclastatakse aga paiku, kus on peatunud ja maalinud mitmed nimekad Eesti kunstnikud, teiste seas Konrad M\u00e4gi, Johannes Uiga, Julius Kruus jt. Maalit\u00f6\u00f6toa juhendajateks on maalikunstnikud Maire ja Alo Aarsalu. Maalit\u00f6\u00f6tuba sobib nii algajatele kui ka edasij\u00f5udnud maalijatele. Filmimaastike ja maalimaastike matkad koos lisategevustega kestavad 4-6 tundi, matkap\u00e4eval l\u00e4bitakse ratastel 14-17 km Otep\u00e4\u00e4 kaunil maastikul. Matk sisaldab ka toekat l\u00f5unat kohalikult toitlustajalt Toidupada. Rohkem teavet ja piletiinfo aadressil: <a href=\"https:\/\/matkad.oky.ee\/\">https:\/\/matkad.oky.ee\/<\/a><\/p>\n\n\n\n<p class=\"wp-el\"><strong>L\u00f5una-Eesti kogukonnaprogrammi<\/strong> raames korraldatakse 2023.<em> <\/em>ja2024. aastal \u00fchtekokku 20 projekti rohkem kui saja v\u00e4\u00e4rtusp\u00f5hise s\u00fcndmusega, mis kutsuvad osalema k\u00fclastajaid Eestist, Euroopast ja mujalt maailmast. Programmi eesm\u00e4rk on anda hoogu omavahelisele koost\u00f6\u00f6le ja tugevdada L\u00f5una-Eesti identiteeti. Euroopa kultuuripealinn Tartu 2024 p\u00f5hiprogrammi osana aitab kogukonnaprogramm tutvustada kogu piirkonda just nende v\u00e4\u00e4rtuste p\u00f5hjal, mis on olulised kohalikele inimestele ja kogukondadele. K\u00f5ik valitud s\u00fcndmused aitavad esile t\u00f5sta L\u00f5una-Eesti v\u00e4\u00e4rtusi \u2013 puhast loodust, mitmek\u00fclgset kultuurip\u00e4randit<em>, <\/em>kohalikku toitu ja k\u00e4sit\u00f6\u00f6d, tervislikku eluviisi, j\u00e4tkusuutlikke ja innovaatilisi lahendusi ning aktiivseid ja eluj\u00f5ulisi kogukondi.<\/p>\n\n\n\n<p class=\"wp-el\"><strong>Kogukonnas\u00fcndmused, <\/strong>mis kuuluvad avatud taotlusvooru tulemusena L\u00f5una-Eesti kogukonnaprogrammi, on j\u00e4rgmised: j\u00f5eretkede sari \u201eAvasta Emaj\u00f5gi!\u201c, Tartumaa toidus\u00fcndmuste sari \u201eTirin\u201c, kogukonnalavastus \u201eLeevaku kullakaevur\u201c, \u201eSeto kostip\u00e4iv\u00e4 aastaring\u201c, R\u00f5uge kogukonnafestival \u201eElluj\u00e4\u00e4mise kunstid\u201d, Tartumaa teemap\u00e4evad \u201eP\u00e4ritud elluj\u00e4\u00e4miskunstid\u201c, R\u00f5uge avatud saunade n\u00e4dalavahetus \u201eSanna!\u201c, ruumiloomekonverents \u201eLoo v\u00f5i loobu!\u201c, \u201eTaliteed Emaj\u00f5e-Suursoos\u201c, Otep\u00e4\u00e4 maaliliste maastike matkasari, r\u00e4nnaklavastus \u201eEedeni aed\u201c Luke m\u00f5isapargis, I Kodavere laalupido, dokumentaallavastus \u201e\u00d5hud meie vahel\u201d, Seto tantsupidu \u201eKad\u2019ah kavv\u00f5k\u00f5s\u00f5\u201c, Navi k\u00fcla kogukonnafestival, roosifestival Kaagj\u00e4rvel, Peipsi Toidu T\u00e4nav 175 km, Kagu-Eesti inspiratsioonifestival \u201eLoovus loob lootust!\u201c, \u201eAvastamata Antsla aarded \u2013 j\u00e4rved\u201c, linnaruumilavastus \u201eL\u00e4bi linna: Valga+Valka\u201c. Vt <a href=\"http:\/\/www.visitsouthestonia.com\/community\/tartu-2024\/\">www.visitsouthestonia.com\/community\/tartu-2024\/<\/a><\/p>\n\n\n\n<p class=\"wp-el\"><strong>Euroopa kultuuripealinn Tartu 2024 <\/strong>p\u00f5hiprogrammi kuuluv L\u00f5una-Eesti kogukonnaprogramm kasvas v\u00e4lja 2013. aastal L\u00f5una-Eesti LEADER-tegevusr\u00fchmade k\u00e4ima l\u00fckatud kollaste akende projektist \u201eElu kahe maailma piiril\u201c. L\u00f5una-Eesti kogukonnaprogrammi viivad ellu LEADER-tegevusr\u00fchmad Tartumaa Arendusselts, Valgamaa Partnerluskogu, V\u00f5rumaa Partnerluskogu ja Piiriveere Liider ning koost\u00f6\u00f6partneritena l\u00f6\u00f6vad kaasa Tartu, Elva, V\u00f5ru ja Valga linn. S\u00fcndmusi toetatakse LEADER-meetmest ning SA Tartu 2024 poolt L\u00f5una-Eesti kogukonnaprogrammile eraldatud eelarvest. Kogukonnaprogrammi tegemistesse on partnerina kaasatud teinegi Euroopa kultuuripealinn Tartu 2024 projekt Tartu Maailma\u00fclikool.<\/p>\n\n\n\n<p class=\"wp-el\">Lisainformatsioon: <a href=\"http:\/\/www.visitsouthestonia.com\/community\/tartu-2024\/\">www.visitsouthestonia.com\/community\/tartu-2024\/<\/a><br><a href=\"https:\/\/tartu2024.ee\/kogukonnaprogramm\">tartu2024.ee\/kogukonnaprogramm<\/a><\/p>\n\n\n\n<p class=\"wp-el\"><strong>Tiina Ivask<\/strong>, Valgamaa Partnerluskogu tegevjuht ja L\u00f5una-Eesti kogukonnaprogrammi tiimi liige, <br>telefon +372&nbsp;5349 1195, e-post <a href=\"mailto:tiina@valgaleader.ee\">tiina@valgaleader.ee<\/a><\/p>\n\n\n\n<p class=\"wp-el\"><strong>Triin Nurmsalu<\/strong>, Otep\u00e4\u00e4 K\u00fclade \u00dchenduse projektijuht ja matkasarja \u00fcks korraldajaid,<br>telefon +372 5348 4495, e-post <a href=\"mailto:triinurmsalu@gmail.com\">triinurmsalu@gmail.com<\/a><\/p>\n\n\n\n<figure class=\"wp-block-image size-large is-resized\"><img decoding=\"async\" loading=\"lazy\" width=\"1200\" height=\"524\" src=\"https:\/\/visitsouthestonia.com\/community\/wp-content\/uploads\/2023\/05\/Tartu24Leader-logo-horisontaalne-est-must-1200x524.jpg\" alt=\"\" class=\"wp-image-12363\" style=\"width:300px;height:131px\" srcset=\"https:\/\/visitsouthestonia.com\/community\/wp-content\/uploads\/2023\/05\/Tartu24Leader-logo-horisontaalne-est-must-1200x524.jpg 1200w, https:\/\/visitsouthestonia.com\/community\/wp-content\/uploads\/2023\/05\/Tartu24Leader-logo-horisontaalne-est-must-768x335.jpg 768w, https:\/\/visitsouthestonia.com\/community\/wp-content\/uploads\/2023\/05\/Tartu24Leader-logo-horisontaalne-est-must-350x153.jpg 350w, https:\/\/visitsouthestonia.com\/community\/wp-content\/uploads\/2023\/05\/Tartu24Leader-logo-horisontaalne-est-must-1100x480.jpg 1100w, https:\/\/visitsouthestonia.com\/community\/wp-content\/uploads\/2023\/05\/Tartu24Leader-logo-horisontaalne-est-must-230x100.jpg 230w, https:\/\/visitsouthestonia.com\/community\/wp-content\/uploads\/2023\/05\/Tartu24Leader-logo-horisontaalne-est-must-160x70.jpg 160w, https:\/\/visitsouthestonia.com\/community\/wp-content\/uploads\/2023\/05\/Tartu24Leader-logo-horisontaalne-est-must-188x82.jpg 188w, https:\/\/visitsouthestonia.com\/community\/wp-content\/uploads\/2023\/05\/Tartu24Leader-logo-horisontaalne-est-must-124x54.jpg 124w, https:\/\/visitsouthestonia.com\/community\/wp-content\/uploads\/2023\/05\/Tartu24Leader-logo-horisontaalne-est-must-370x161.jpg 370w, https:\/\/visitsouthestonia.com\/community\/wp-content\/uploads\/2023\/05\/Tartu24Leader-logo-horisontaalne-est-must.jpg 1334w\" sizes=\"(max-width: 1200px) 100vw, 1200px\" \/><\/figure>\n\n\n\n<p class=\"wp-el\"><img decoding=\"async\" loading=\"lazy\" width=\"128\" height=\"128\" class=\"wp-image-12016\" style=\"width: 20px;\" src=\"https:\/\/visitsouthestonia.com\/community\/wp-content\/uploads\/2023\/05\/must-nool.png\" alt=\"\" srcset=\"https:\/\/visitsouthestonia.com\/community\/wp-content\/uploads\/2023\/05\/must-nool.png 128w, https:\/\/visitsouthestonia.com\/community\/wp-content\/uploads\/2023\/05\/must-nool-51x51.png 51w, https:\/\/visitsouthestonia.com\/community\/wp-content\/uploads\/2023\/05\/must-nool-70x70.png 70w, https:\/\/visitsouthestonia.com\/community\/wp-content\/uploads\/2023\/05\/must-nool-120x120.png 120w, https:\/\/visitsouthestonia.com\/community\/wp-content\/uploads\/2023\/05\/must-nool-100x100.png 100w, https:\/\/visitsouthestonia.com\/community\/wp-content\/uploads\/2023\/05\/must-nool-54x54.png 54w\" sizes=\"(max-width: 128px) 100vw, 128px\" \/> Rohkem infot <a href=\"https:\/\/visitsouthestonia.com\/community\/tartu-2024\/\">Euroopa kultuuripealinn Tartu 2024 L\u00f5una-Eesti kogukonnaprogrammist<\/a><\/p>\n","protected":false},"excerpt":{"rendered":"<p>L\u00f5una-Eesti kogukonnaprogrammi raames toimuv Otep\u00e4\u00e4 maaliliste maastike matkasari viib Eesti kultusfilmide radadele ja tippkunstnike meelispaikadesse 28.06.2024 Euroopa kultuuripealinn Tartu 2024&#8230;<\/p>\n","protected":false},"author":211,"featured_media":0,"parent":12304,"menu_order":1,"comment_status":"closed","ping_status":"closed","template":"","meta":{"advgb_blocks_editor_width":"","advgb_blocks_columns_visual_guide":"","footnotes":"","_links_to":"","_links_to_target":""},"acf":[],"yoast_head":"<!-- This site is optimized with the Yoast SEO plugin v21.4 - https:\/\/yoast.com\/wordpress\/plugins\/seo\/ -->\n<title>Otep\u00e4\u00e4 maaliliste maastike matkasari viib Eesti kultusfilmide radadele ja tippkunstnike meelispaikadesse - visitsouthestonia<\/title>\n<meta name=\"robots\" content=\"index, follow, max-snippet:-1, max-image-preview:large, max-video-preview:-1\" \/>\n<link rel=\"canonical\" href=\"https:\/\/visitsouthestonia.com\/tartu-2024\/uudised\/otepaa-maaliliste-maastike-matkasari-viib-eesti-kultusfilmide-radadele-ja-tippkunstnike-meelispaikadesse\/\" \/>\n<meta property=\"og:locale\" content=\"et_EE\" \/>\n<meta property=\"og:type\" content=\"article\" \/>\n<meta property=\"og:title\" content=\"Otep\u00e4\u00e4 maaliliste maastike matkasari viib Eesti kultusfilmide radadele ja tippkunstnike meelispaikadesse - visitsouthestonia\" \/>\n<meta property=\"og:description\" content=\"L\u00f5una-Eesti kogukonnaprogrammi raames toimuv Otep\u00e4\u00e4 maaliliste maastike matkasari viib Eesti kultusfilmide radadele ja tippkunstnike meelispaikadesse 28.06.2024 Euroopa kultuuripealinn Tartu 2024...\" \/>\n<meta property=\"og:url\" content=\"https:\/\/visitsouthestonia.com\/tartu-2024\/uudised\/otepaa-maaliliste-maastike-matkasari-viib-eesti-kultusfilmide-radadele-ja-tippkunstnike-meelispaikadesse\/\" \/>\n<meta property=\"og:site_name\" content=\"visitsouthestonia\" \/>\n<meta property=\"article:modified_time\" content=\"2024-10-22T05:23:53+00:00\" \/>\n<meta property=\"og:image\" content=\"https:\/\/visitsouthestonia.com\/wp-content\/uploads\/2023\/05\/Tartu24Leader-logo-horisontaalne-est-must-1200x524.jpg\" \/>\n<meta name=\"twitter:card\" content=\"summary_large_image\" \/>\n<meta name=\"twitter:label1\" content=\"Est. reading time\" \/>\n\t<meta name=\"twitter:data1\" content=\"5 minutit\" \/>\n<script type=\"application\/ld+json\" class=\"yoast-schema-graph\">{\"@context\":\"https:\/\/schema.org\",\"@graph\":[{\"@type\":\"WebPage\",\"@id\":\"https:\/\/visitsouthestonia.com\/tartu-2024\/uudised\/otepaa-maaliliste-maastike-matkasari-viib-eesti-kultusfilmide-radadele-ja-tippkunstnike-meelispaikadesse\/\",\"url\":\"https:\/\/visitsouthestonia.com\/tartu-2024\/uudised\/otepaa-maaliliste-maastike-matkasari-viib-eesti-kultusfilmide-radadele-ja-tippkunstnike-meelispaikadesse\/\",\"name\":\"Otep\u00e4\u00e4 maaliliste maastike matkasari viib Eesti kultusfilmide radadele ja tippkunstnike meelispaikadesse - visitsouthestonia\",\"isPartOf\":{\"@id\":\"https:\/\/visitsouthestonia.com\/community\/#website\"},\"datePublished\":\"2024-06-28T05:52:24+00:00\",\"dateModified\":\"2024-10-22T05:23:53+00:00\",\"breadcrumb\":{\"@id\":\"https:\/\/visitsouthestonia.com\/tartu-2024\/uudised\/otepaa-maaliliste-maastike-matkasari-viib-eesti-kultusfilmide-radadele-ja-tippkunstnike-meelispaikadesse\/#breadcrumb\"},\"inLanguage\":\"et\",\"potentialAction\":[{\"@type\":\"ReadAction\",\"target\":[\"https:\/\/visitsouthestonia.com\/tartu-2024\/uudised\/otepaa-maaliliste-maastike-matkasari-viib-eesti-kultusfilmide-radadele-ja-tippkunstnike-meelispaikadesse\/\"]}]},{\"@type\":\"BreadcrumbList\",\"@id\":\"https:\/\/visitsouthestonia.com\/tartu-2024\/uudised\/otepaa-maaliliste-maastike-matkasari-viib-eesti-kultusfilmide-radadele-ja-tippkunstnike-meelispaikadesse\/#breadcrumb\",\"itemListElement\":[{\"@type\":\"ListItem\",\"position\":1,\"name\":\"Tartu 2024 L\u00f5una-Eesti kogukonnaprogramm\",\"item\":\"https:\/\/visitsouthestonia.com\/tartu-2024\/\"},{\"@type\":\"ListItem\",\"position\":2,\"name\":\"Tartu 2024 kogukonnaprogrammi uudised\",\"item\":\"https:\/\/visitsouthestonia.com\/tartu-2024\/uudised\/\"},{\"@type\":\"ListItem\",\"position\":3,\"name\":\"Otep\u00e4\u00e4 maaliliste maastike matkasari viib Eesti kultusfilmide radadele ja tippkunstnike meelispaikadesse\"}]},{\"@type\":\"WebSite\",\"@id\":\"https:\/\/visitsouthestonia.com\/community\/#website\",\"url\":\"https:\/\/visitsouthestonia.com\/community\/\",\"name\":\"visitsouthestonia\",\"description\":\"Parim puhkus veeda L\u00f5una-Eestis!\",\"potentialAction\":[{\"@type\":\"SearchAction\",\"target\":{\"@type\":\"EntryPoint\",\"urlTemplate\":\"https:\/\/visitsouthestonia.com\/community\/?s={search_term_string}\"},\"query-input\":\"required name=search_term_string\"}],\"inLanguage\":\"et\"}]}<\/script>\n<!-- \/ Yoast SEO plugin. -->","yoast_head_json":{"title":"Otep\u00e4\u00e4 maaliliste maastike matkasari viib Eesti kultusfilmide radadele ja tippkunstnike meelispaikadesse - visitsouthestonia","robots":{"index":"index","follow":"follow","max-snippet":"max-snippet:-1","max-image-preview":"max-image-preview:large","max-video-preview":"max-video-preview:-1"},"canonical":"https:\/\/visitsouthestonia.com\/tartu-2024\/uudised\/otepaa-maaliliste-maastike-matkasari-viib-eesti-kultusfilmide-radadele-ja-tippkunstnike-meelispaikadesse\/","og_locale":"et_EE","og_type":"article","og_title":"Otep\u00e4\u00e4 maaliliste maastike matkasari viib Eesti kultusfilmide radadele ja tippkunstnike meelispaikadesse - visitsouthestonia","og_description":"L\u00f5una-Eesti kogukonnaprogrammi raames toimuv Otep\u00e4\u00e4 maaliliste maastike matkasari viib Eesti kultusfilmide radadele ja tippkunstnike meelispaikadesse 28.06.2024 Euroopa kultuuripealinn Tartu 2024...","og_url":"https:\/\/visitsouthestonia.com\/tartu-2024\/uudised\/otepaa-maaliliste-maastike-matkasari-viib-eesti-kultusfilmide-radadele-ja-tippkunstnike-meelispaikadesse\/","og_site_name":"visitsouthestonia","article_modified_time":"2024-10-22T05:23:53+00:00","og_image":[{"url":"https:\/\/visitsouthestonia.com\/wp-content\/uploads\/2023\/05\/Tartu24Leader-logo-horisontaalne-est-must-1200x524.jpg"}],"twitter_card":"summary_large_image","twitter_misc":{"Est. reading time":"5 minutit"},"schema":{"@context":"https:\/\/schema.org","@graph":[{"@type":"WebPage","@id":"https:\/\/visitsouthestonia.com\/tartu-2024\/uudised\/otepaa-maaliliste-maastike-matkasari-viib-eesti-kultusfilmide-radadele-ja-tippkunstnike-meelispaikadesse\/","url":"https:\/\/visitsouthestonia.com\/tartu-2024\/uudised\/otepaa-maaliliste-maastike-matkasari-viib-eesti-kultusfilmide-radadele-ja-tippkunstnike-meelispaikadesse\/","name":"Otep\u00e4\u00e4 maaliliste maastike matkasari viib Eesti kultusfilmide radadele ja tippkunstnike meelispaikadesse - visitsouthestonia","isPartOf":{"@id":"https:\/\/visitsouthestonia.com\/community\/#website"},"datePublished":"2024-06-28T05:52:24+00:00","dateModified":"2024-10-22T05:23:53+00:00","breadcrumb":{"@id":"https:\/\/visitsouthestonia.com\/tartu-2024\/uudised\/otepaa-maaliliste-maastike-matkasari-viib-eesti-kultusfilmide-radadele-ja-tippkunstnike-meelispaikadesse\/#breadcrumb"},"inLanguage":"et","potentialAction":[{"@type":"ReadAction","target":["https:\/\/visitsouthestonia.com\/tartu-2024\/uudised\/otepaa-maaliliste-maastike-matkasari-viib-eesti-kultusfilmide-radadele-ja-tippkunstnike-meelispaikadesse\/"]}]},{"@type":"BreadcrumbList","@id":"https:\/\/visitsouthestonia.com\/tartu-2024\/uudised\/otepaa-maaliliste-maastike-matkasari-viib-eesti-kultusfilmide-radadele-ja-tippkunstnike-meelispaikadesse\/#breadcrumb","itemListElement":[{"@type":"ListItem","position":1,"name":"Tartu 2024 L\u00f5una-Eesti kogukonnaprogramm","item":"https:\/\/visitsouthestonia.com\/tartu-2024\/"},{"@type":"ListItem","position":2,"name":"Tartu 2024 kogukonnaprogrammi uudised","item":"https:\/\/visitsouthestonia.com\/tartu-2024\/uudised\/"},{"@type":"ListItem","position":3,"name":"Otep\u00e4\u00e4 maaliliste maastike matkasari viib Eesti kultusfilmide radadele ja tippkunstnike meelispaikadesse"}]},{"@type":"WebSite","@id":"https:\/\/visitsouthestonia.com\/community\/#website","url":"https:\/\/visitsouthestonia.com\/community\/","name":"visitsouthestonia","description":"Parim puhkus veeda L\u00f5una-Eestis!","potentialAction":[{"@type":"SearchAction","target":{"@type":"EntryPoint","urlTemplate":"https:\/\/visitsouthestonia.com\/community\/?s={search_term_string}"},"query-input":"required name=search_term_string"}],"inLanguage":"et"}]}},"coauthors":[],"author_meta":{"author_link":"https:\/\/visitsouthestonia.com\/community\/author\/kaisa-timmi\/","display_name":"Meeri"},"relative_dates":{"created":"Posted 2 aastat ago","modified":"Updated 1 aasta ago"},"absolute_dates":{"created":"Posted on 28. juuni 2024","modified":"Updated on 22. okt. 2024"},"absolute_dates_time":{"created":"Posted on 28. juuni 2024 08:52","modified":"Updated on 22. okt. 2024 08:23"},"featured_img_caption":"","featured_img":false,"series_order":"","_links":{"self":[{"href":"https:\/\/visitsouthestonia.com\/community\/wp-json\/wp\/v2\/pages\/20789"}],"collection":[{"href":"https:\/\/visitsouthestonia.com\/community\/wp-json\/wp\/v2\/pages"}],"about":[{"href":"https:\/\/visitsouthestonia.com\/community\/wp-json\/wp\/v2\/types\/page"}],"author":[{"embeddable":true,"href":"https:\/\/visitsouthestonia.com\/community\/wp-json\/wp\/v2\/users\/211"}],"replies":[{"embeddable":true,"href":"https:\/\/visitsouthestonia.com\/community\/wp-json\/wp\/v2\/comments?post=20789"}],"version-history":[{"count":2,"href":"https:\/\/visitsouthestonia.com\/community\/wp-json\/wp\/v2\/pages\/20789\/revisions"}],"predecessor-version":[{"id":21253,"href":"https:\/\/visitsouthestonia.com\/community\/wp-json\/wp\/v2\/pages\/20789\/revisions\/21253"}],"up":[{"embeddable":true,"href":"https:\/\/visitsouthestonia.com\/community\/wp-json\/wp\/v2\/pages\/12304"}],"wp:attachment":[{"href":"https:\/\/visitsouthestonia.com\/community\/wp-json\/wp\/v2\/media?parent=20789"}],"curies":[{"name":"wp","href":"https:\/\/api.w.org\/{rel}","templated":true}]}}