{"id":20769,"date":"2024-06-25T12:36:57","date_gmt":"2024-06-25T09:36:57","guid":{"rendered":"https:\/\/visitsouthestonia.com\/community\/?page_id=20769"},"modified":"2024-10-22T08:24:13","modified_gmt":"2024-10-22T05:24:13","slug":"laupaeval-toimub-seto-tantsupidu","status":"publish","type":"page","link":"https:\/\/visitsouthestonia.com\/community\/tartu-2024\/uudised\/laupaeval-toimub-seto-tantsupidu\/","title":{"rendered":"Laup\u00e4eval toimub Seto tantsupidu"},"content":{"rendered":"\n<h2 class=\"wp-block-heading wp-el\"><strong>L\u00f5una-Eesti kogukonnaprogrammi raames toimub laup\u00e4eval Seto tantsupidu<\/strong><\/h2>\n\n\n\n<p class=\"wp-el\">25.06.2024<\/p>\n\n\n\n<p class=\"wp-el\"><strong>Euroopa kultuuripealinn Tartu 2024 p\u00f5hiprogrammi kuuluva L\u00f5una-Eesti kogukonnaprogrammi raames toimub sel laup\u00e4eval III Seto tantsupidu \u201eKad\u2019ah kavv\u00f5k\u00f5s\u00f5\u2019\u201c, millest v\u00f5tavad osa 600 tantsijat Setomaalt, V\u00f5romaalt, Mulgimaalt, Kihnust ja L\u00e4tist. V\u00e4rska talumuuseumi karjakoplis peetav p\u00e4rimustantsupidu t\u00f5stab esile tantse, mida on tantsitud p\u00f5lvest p\u00f5lve. Enne peo algust saab iga huviline neid traditsioonilisi tantse ka ise kohapeal p\u00e4rimuspesades \u00f5ppida.<\/strong><\/p>\n\n\n\n<p class=\"wp-el\">Piiriveere Liidri tegevjuht ja L\u00f5una-Eesti kogukonnaprogrammi tiimi liige <strong>Endla Mitt <\/strong>\u00fctles, et III Seto tantsupidu on v\u00e4ga oluline kogukonnas\u00fcndmus kohaliku kultuuri tutvustamisel laiemale publikule nii Eestis kui ka kaugemal. \u201eSeto kultuuriruumile omaseid kombeid ja traditsioone saab elus hoida ainult siis, kui need on inimeste igap\u00e4evase elu loomulikuks osaks. Seto kogukonna jaoks t\u00e4hendavad tantsud, mida on tantsitud p\u00f5lvest p\u00f5lve, v\u00e4ga palju \u2013 koos seto leeloga on p\u00e4rimustantsud p\u00fchade t\u00e4histamisel nii kogukondades kui ka kodudes alati au sees,\u201c r\u00e4\u00e4kis Mitt. Ta lisas, et setode p\u00e4rimustantsupidusobib h\u00e4sti Euroopa kultuuripealinna Tartu 2024 p\u00f5hiprogrammi, sest n\u00e4itab ehedalt kogu siinse piirkonna kultuuriruumi rikkust.\u201c<\/p>\n\n\n\n<p class=\"wp-el\">Setomaa Kultuurikeskuse juhataja ja III Seto tantsupeo projektijuht <strong>Maarja Saarine<\/strong> m\u00e4rkis, et setode tantsupeo teeb eriliseks repertuaar, mis koosneb ainult p\u00e4rimuslikest tantsudest. \u201eMeie kavas pole uusloomingulisi tantse, vaid need, mida on tantsitud p\u00f5lvest p\u00f5lve. Seto tantsupeo muudab eriliseks ka see, et mujal selliseid p\u00e4rimustantsupidusid ei korraldata,\u201c lausus Saarine. \u201eSeekordse peole annavad v\u00e4rvi juurde k\u00fclalistantsijad \u2013 setode k\u00f5rval astuvad tantsuplatsile v\u00f5rokesed, mulgid, kihnlased ja suitid. Uudne on seegi, et publik saab tantsusamme \u00f5ppida enne peo algust toimuvates p\u00e4rimuspesades.\u201c<\/p>\n\n\n\n<p class=\"wp-el\">Setomaa \u00fclemsootska ja III Seto tantsupeo muusikalise juhi <strong>Evelin Leima<\/strong> s\u00f5nul toob seekordne pidu kokku erinevate kultuurikildude esindajad ja k\u00f5neleb \u00fchtehoidmise tundest. \u201eSeto tantsupidu on s\u00f5bralikkuse pidu, sest s\u00f5bralikkust ja \u00fcksteise kultuuride austamist vajame praeguses ajas k\u00f5ige rohkem,\u201c r\u00e4\u00e4kis Leima kultuuripealinna aasta laiemast t\u00e4hendusest. \u201eKui vaadata Euroopas toimuvat, siis meie siin euroopaliku kultuuriruumi piirialal soovime n\u00e4idata, et kultuuride erinevuses peituvad tohutud rikkused ning ka v\u00e4ga v\u00e4ikeses kohas saab teha suuri asju.\u201c<\/p>\n\n\n\n<p class=\"wp-el\"><strong>III Seto tantsupidu \u201eKad\u2019ah kavv\u00f5k\u00f5s\u00f5\u2019\u201c <\/strong>toimub Seto Folgi teisel p\u00e4eval, <strong>29. juunil <\/strong>V\u00e4rska talumuuseumi karjakoplis algusega <strong>kell 18.00<\/strong>. Setomaa tantsur\u00fchmade k\u00f5rval esinevad ka V\u00f5romaa, Mulgimaa, Kihnu ja L\u00e4timaa tantsijad, samuti V\u00f5rumaa Noored Kotkad ja Kodut\u00fctred. P\u00e4rimustantsupeo \u00fcldjuht on Piret Torm-Kriis. Rohkem teavet tantsupeo kava kohta ja piletiinfo leiab aadressilt: <a href=\"https:\/\/tandsopido.seto.ee\/\">https:\/\/tandsopido.seto.ee\/<\/a><\/p>\n\n\n\n<p class=\"wp-el\"><strong>L\u00f5una-Eesti kogukonnaprogrammi<\/strong> raames korraldatakse 2023.<em> <\/em>ja2024. aastal \u00fchtekokku 20 projekti rohkem kui saja v\u00e4\u00e4rtusp\u00f5hise s\u00fcndmusega, mis kutsuvad osalema k\u00fclastajaid Eestist, Euroopast ja mujalt maailmast. Programmi eesm\u00e4rk on anda hoogu omavahelisele koost\u00f6\u00f6le ja tugevdada L\u00f5una-Eesti identiteeti. Euroopa kultuuripealinn Tartu 2024 p\u00f5hiprogrammi osana aitab kogukonnaprogramm tutvustada kogu piirkonda just nende v\u00e4\u00e4rtuste p\u00f5hjal, mis on olulised kohalikele inimestele ja kogukondadele. K\u00f5ik valitud s\u00fcndmused aitavad esile t\u00f5sta L\u00f5una-Eesti v\u00e4\u00e4rtusi \u2013 puhast loodust, mitmek\u00fclgset kultuurip\u00e4randit<em>, <\/em>kohalikku toitu ja k\u00e4sit\u00f6\u00f6d, tervislikku eluviisi, j\u00e4tkusuutlikke ja innovaatilisi lahendusi ning aktiivseid ja eluj\u00f5ulisi kogukondi.<\/p>\n\n\n\n<p class=\"wp-el\"><strong>Kogukonnas\u00fcndmused, <\/strong>mis kuuluvad avatud taotlusvooru tulemusena L\u00f5una-Eesti kogukonnaprogrammi, on j\u00e4rgmised: j\u00f5eretkede sari \u201eAvasta Emaj\u00f5gi!\u201c, Tartumaa toidus\u00fcndmuste sari \u201eTirin\u201c, kogukonnalavastus \u201eLeevaku kullakaevur\u201c, \u201eSeto kostip\u00e4iv\u00e4 aastaring\u201c, R\u00f5uge kogukonnafestival \u201eElluj\u00e4\u00e4mise kunstid\u201d, Tartumaa teemap\u00e4evad \u201eP\u00e4ritud elluj\u00e4\u00e4miskunstid\u201c, R\u00f5uge avatud saunade n\u00e4dalavahetus \u201eSanna!\u201c, ruumiloomekonverents \u201eLoo v\u00f5i loobu!\u201c, \u201eTaliteed Emaj\u00f5e-Suursoos\u201c, Otep\u00e4\u00e4 maaliliste maastike matkasari, r\u00e4nnaklavastus \u201eEedeni aed\u201c Luke m\u00f5isapargis, I Kodavere laalupido, dokumentaallavastus \u201e\u00d5hud meie vahel\u201d, Seto tantsupidu \u201eKad\u2019ah kavv\u00f5k\u00f5s\u00f5\u201c, Navi k\u00fcla kogukonnafestival, roosifestival Kaagj\u00e4rvel, Peipsi Toidu T\u00e4nav 175 km, Kagu-Eesti inspiratsioonifestival \u201eLoovus loob lootust!\u201c, \u201eAvastamata Antsla aarded \u2013 j\u00e4rved\u201c, linnaruumilavastus \u201eL\u00e4bi linna: Valga+Valka\u201c. Vt <a href=\"http:\/\/www.visitsouthestonia.com\/community\/tartu-2024\/\">www.visitsouthestonia.com\/community\/tartu-2024\/<\/a><\/p>\n\n\n\n<p class=\"wp-el\"><strong>Euroopa kultuuripealinn Tartu 2024 <\/strong>p\u00f5hiprogrammi kuuluv L\u00f5una-Eesti kogukonnaprogramm kasvas v\u00e4lja 2013. aastal L\u00f5una-Eesti LEADER-tegevusr\u00fchmade k\u00e4ima l\u00fckatud kollaste akende projektist \u201eElu kahe maailma piiril\u201c. L\u00f5una-Eesti kogukonnaprogrammi viivad ellu LEADER-tegevusr\u00fchmad Tartumaa Arendusselts, Valgamaa Partnerluskogu, V\u00f5rumaa Partnerluskogu ja Piiriveere Liider ning koost\u00f6\u00f6partneritena l\u00f6\u00f6vad kaasa Tartu, Elva, V\u00f5ru ja Valga linn. S\u00fcndmusi toetatakse LEADER-meetmest ning SA Tartu 2024 poolt L\u00f5una-Eesti kogukonnaprogrammile eraldatud eelarvest. Kogukonnaprogrammi tegemistesse on partnerina kaasatud teinegi Euroopa kultuuripealinn Tartu 2024 projekt Tartu Maailma\u00fclikool.<\/p>\n\n\n\n<p class=\"wp-el\">Lisainformatsioon: <a href=\"http:\/\/www.visitsouthestonia.com\/community\/tartu-2024\/\">www.visitsouthestonia.com\/community\/tartu-2024\/<\/a><br><a href=\"https:\/\/tartu2024.ee\/kogukonnaprogramm\">tartu2024.ee\/kogukonnaprogramm<\/a><\/p>\n\n\n\n<p class=\"wp-el\"><strong>Endla Mitt<\/strong>, Piiriveere Liidri tegevjuht ja L\u00f5una-Eesti kogukonnaprogrammi tiimi liige,<br>telefon +372&nbsp;512 7160, e-post <a href=\"mailto:endla@piiriveere.ee\">endla@piiriveere.ee<\/a><\/p>\n\n\n\n<p class=\"wp-el\"><strong>Maarja Saarine<\/strong>,Setomaa Kultuurikeskuse juhataja ja III Seto tantsupeo projektijuht<br>telefon +372 529 1619, e-post <a href=\"mailto:kultuurikeskus@setomaa.ee\">kultuurikeskus@setomaa.ee<\/a><\/p>\n\n\n\n<p class=\"wp-el\"><strong>Evelin Leima<\/strong>, Setomaa \u00fclemsootska ja III Seto tantsupeo muusikaline juht<br>telefon +372 527 2216, e-post <a href=\"mailto:evelin.leima@setomaa.ee\">evelin.leima@setomaa.ee<\/a><\/p>\n\n\n\n<figure class=\"wp-block-image size-large is-resized\"><img decoding=\"async\" loading=\"lazy\" width=\"1200\" height=\"524\" src=\"https:\/\/visitsouthestonia.com\/community\/wp-content\/uploads\/2023\/05\/Tartu24Leader-logo-horisontaalne-est-must-1200x524.jpg\" alt=\"\" class=\"wp-image-12363\" style=\"width:300px;height:131px\" srcset=\"https:\/\/visitsouthestonia.com\/community\/wp-content\/uploads\/2023\/05\/Tartu24Leader-logo-horisontaalne-est-must-1200x524.jpg 1200w, https:\/\/visitsouthestonia.com\/community\/wp-content\/uploads\/2023\/05\/Tartu24Leader-logo-horisontaalne-est-must-768x335.jpg 768w, https:\/\/visitsouthestonia.com\/community\/wp-content\/uploads\/2023\/05\/Tartu24Leader-logo-horisontaalne-est-must-350x153.jpg 350w, https:\/\/visitsouthestonia.com\/community\/wp-content\/uploads\/2023\/05\/Tartu24Leader-logo-horisontaalne-est-must-1100x480.jpg 1100w, https:\/\/visitsouthestonia.com\/community\/wp-content\/uploads\/2023\/05\/Tartu24Leader-logo-horisontaalne-est-must-230x100.jpg 230w, https:\/\/visitsouthestonia.com\/community\/wp-content\/uploads\/2023\/05\/Tartu24Leader-logo-horisontaalne-est-must-160x70.jpg 160w, https:\/\/visitsouthestonia.com\/community\/wp-content\/uploads\/2023\/05\/Tartu24Leader-logo-horisontaalne-est-must-188x82.jpg 188w, https:\/\/visitsouthestonia.com\/community\/wp-content\/uploads\/2023\/05\/Tartu24Leader-logo-horisontaalne-est-must-124x54.jpg 124w, https:\/\/visitsouthestonia.com\/community\/wp-content\/uploads\/2023\/05\/Tartu24Leader-logo-horisontaalne-est-must-370x161.jpg 370w, https:\/\/visitsouthestonia.com\/community\/wp-content\/uploads\/2023\/05\/Tartu24Leader-logo-horisontaalne-est-must.jpg 1334w\" sizes=\"(max-width: 1200px) 100vw, 1200px\" \/><\/figure>\n\n\n\n<p class=\"wp-el\"><img decoding=\"async\" loading=\"lazy\" width=\"128\" height=\"128\" class=\"wp-image-12016\" style=\"width: 20px;\" src=\"https:\/\/visitsouthestonia.com\/community\/wp-content\/uploads\/2023\/05\/must-nool.png\" alt=\"\" srcset=\"https:\/\/visitsouthestonia.com\/community\/wp-content\/uploads\/2023\/05\/must-nool.png 128w, https:\/\/visitsouthestonia.com\/community\/wp-content\/uploads\/2023\/05\/must-nool-51x51.png 51w, https:\/\/visitsouthestonia.com\/community\/wp-content\/uploads\/2023\/05\/must-nool-70x70.png 70w, https:\/\/visitsouthestonia.com\/community\/wp-content\/uploads\/2023\/05\/must-nool-120x120.png 120w, https:\/\/visitsouthestonia.com\/community\/wp-content\/uploads\/2023\/05\/must-nool-100x100.png 100w, https:\/\/visitsouthestonia.com\/community\/wp-content\/uploads\/2023\/05\/must-nool-54x54.png 54w\" sizes=\"(max-width: 128px) 100vw, 128px\" \/> Rohkem infot <a href=\"https:\/\/visitsouthestonia.com\/community\/tartu-2024\/\">Euroopa kultuuripealinn Tartu 2024 L\u00f5una-Eesti kogukonnaprogrammist<\/a><\/p>\n","protected":false},"excerpt":{"rendered":"<p>L\u00f5una-Eesti kogukonnaprogrammi raames toimub laup\u00e4eval Seto tantsupidu 25.06.2024 Euroopa kultuuripealinn Tartu 2024 p\u00f5hiprogrammi kuuluva L\u00f5una-Eesti kogukonnaprogrammi raames toimub sel laup\u00e4eval&#8230;<\/p>\n","protected":false},"author":211,"featured_media":0,"parent":12304,"menu_order":1,"comment_status":"closed","ping_status":"closed","template":"","meta":{"advgb_blocks_editor_width":"","advgb_blocks_columns_visual_guide":"","footnotes":"","_links_to":"","_links_to_target":""},"acf":[],"yoast_head":"<!-- This site is optimized with the Yoast SEO plugin v21.4 - https:\/\/yoast.com\/wordpress\/plugins\/seo\/ -->\n<title>Laup\u00e4eval toimub Seto tantsupidu - visitsouthestonia<\/title>\n<meta name=\"robots\" content=\"index, follow, max-snippet:-1, max-image-preview:large, max-video-preview:-1\" \/>\n<link rel=\"canonical\" href=\"https:\/\/visitsouthestonia.com\/tartu-2024\/uudised\/laupaeval-toimub-seto-tantsupidu\/\" \/>\n<meta property=\"og:locale\" content=\"et_EE\" \/>\n<meta property=\"og:type\" content=\"article\" \/>\n<meta property=\"og:title\" content=\"Laup\u00e4eval toimub Seto tantsupidu - visitsouthestonia\" \/>\n<meta property=\"og:description\" content=\"L\u00f5una-Eesti kogukonnaprogrammi raames toimub laup\u00e4eval Seto tantsupidu 25.06.2024 Euroopa kultuuripealinn Tartu 2024 p\u00f5hiprogrammi kuuluva L\u00f5una-Eesti kogukonnaprogrammi raames toimub sel laup\u00e4eval...\" \/>\n<meta property=\"og:url\" content=\"https:\/\/visitsouthestonia.com\/tartu-2024\/uudised\/laupaeval-toimub-seto-tantsupidu\/\" \/>\n<meta property=\"og:site_name\" content=\"visitsouthestonia\" \/>\n<meta property=\"article:modified_time\" content=\"2024-10-22T05:24:13+00:00\" \/>\n<meta property=\"og:image\" content=\"https:\/\/visitsouthestonia.com\/wp-content\/uploads\/2023\/05\/Tartu24Leader-logo-horisontaalne-est-must-1200x524.jpg\" \/>\n<meta name=\"twitter:card\" content=\"summary_large_image\" \/>\n<meta name=\"twitter:label1\" content=\"Est. reading time\" \/>\n\t<meta name=\"twitter:data1\" content=\"4 minutit\" \/>\n<script type=\"application\/ld+json\" class=\"yoast-schema-graph\">{\"@context\":\"https:\/\/schema.org\",\"@graph\":[{\"@type\":\"WebPage\",\"@id\":\"https:\/\/visitsouthestonia.com\/tartu-2024\/uudised\/laupaeval-toimub-seto-tantsupidu\/\",\"url\":\"https:\/\/visitsouthestonia.com\/tartu-2024\/uudised\/laupaeval-toimub-seto-tantsupidu\/\",\"name\":\"Laup\u00e4eval toimub Seto tantsupidu - visitsouthestonia\",\"isPartOf\":{\"@id\":\"https:\/\/visitsouthestonia.com\/community\/#website\"},\"datePublished\":\"2024-06-25T09:36:57+00:00\",\"dateModified\":\"2024-10-22T05:24:13+00:00\",\"breadcrumb\":{\"@id\":\"https:\/\/visitsouthestonia.com\/tartu-2024\/uudised\/laupaeval-toimub-seto-tantsupidu\/#breadcrumb\"},\"inLanguage\":\"et\",\"potentialAction\":[{\"@type\":\"ReadAction\",\"target\":[\"https:\/\/visitsouthestonia.com\/tartu-2024\/uudised\/laupaeval-toimub-seto-tantsupidu\/\"]}]},{\"@type\":\"BreadcrumbList\",\"@id\":\"https:\/\/visitsouthestonia.com\/tartu-2024\/uudised\/laupaeval-toimub-seto-tantsupidu\/#breadcrumb\",\"itemListElement\":[{\"@type\":\"ListItem\",\"position\":1,\"name\":\"Tartu 2024 L\u00f5una-Eesti kogukonnaprogramm\",\"item\":\"https:\/\/visitsouthestonia.com\/tartu-2024\/\"},{\"@type\":\"ListItem\",\"position\":2,\"name\":\"Tartu 2024 kogukonnaprogrammi uudised\",\"item\":\"https:\/\/visitsouthestonia.com\/tartu-2024\/uudised\/\"},{\"@type\":\"ListItem\",\"position\":3,\"name\":\"Laup\u00e4eval toimub Seto tantsupidu\"}]},{\"@type\":\"WebSite\",\"@id\":\"https:\/\/visitsouthestonia.com\/community\/#website\",\"url\":\"https:\/\/visitsouthestonia.com\/community\/\",\"name\":\"visitsouthestonia\",\"description\":\"Parim puhkus veeda L\u00f5una-Eestis!\",\"potentialAction\":[{\"@type\":\"SearchAction\",\"target\":{\"@type\":\"EntryPoint\",\"urlTemplate\":\"https:\/\/visitsouthestonia.com\/community\/?s={search_term_string}\"},\"query-input\":\"required name=search_term_string\"}],\"inLanguage\":\"et\"}]}<\/script>\n<!-- \/ Yoast SEO plugin. -->","yoast_head_json":{"title":"Laup\u00e4eval toimub Seto tantsupidu - visitsouthestonia","robots":{"index":"index","follow":"follow","max-snippet":"max-snippet:-1","max-image-preview":"max-image-preview:large","max-video-preview":"max-video-preview:-1"},"canonical":"https:\/\/visitsouthestonia.com\/tartu-2024\/uudised\/laupaeval-toimub-seto-tantsupidu\/","og_locale":"et_EE","og_type":"article","og_title":"Laup\u00e4eval toimub Seto tantsupidu - visitsouthestonia","og_description":"L\u00f5una-Eesti kogukonnaprogrammi raames toimub laup\u00e4eval Seto tantsupidu 25.06.2024 Euroopa kultuuripealinn Tartu 2024 p\u00f5hiprogrammi kuuluva L\u00f5una-Eesti kogukonnaprogrammi raames toimub sel laup\u00e4eval...","og_url":"https:\/\/visitsouthestonia.com\/tartu-2024\/uudised\/laupaeval-toimub-seto-tantsupidu\/","og_site_name":"visitsouthestonia","article_modified_time":"2024-10-22T05:24:13+00:00","og_image":[{"url":"https:\/\/visitsouthestonia.com\/wp-content\/uploads\/2023\/05\/Tartu24Leader-logo-horisontaalne-est-must-1200x524.jpg"}],"twitter_card":"summary_large_image","twitter_misc":{"Est. reading time":"4 minutit"},"schema":{"@context":"https:\/\/schema.org","@graph":[{"@type":"WebPage","@id":"https:\/\/visitsouthestonia.com\/tartu-2024\/uudised\/laupaeval-toimub-seto-tantsupidu\/","url":"https:\/\/visitsouthestonia.com\/tartu-2024\/uudised\/laupaeval-toimub-seto-tantsupidu\/","name":"Laup\u00e4eval toimub Seto tantsupidu - visitsouthestonia","isPartOf":{"@id":"https:\/\/visitsouthestonia.com\/community\/#website"},"datePublished":"2024-06-25T09:36:57+00:00","dateModified":"2024-10-22T05:24:13+00:00","breadcrumb":{"@id":"https:\/\/visitsouthestonia.com\/tartu-2024\/uudised\/laupaeval-toimub-seto-tantsupidu\/#breadcrumb"},"inLanguage":"et","potentialAction":[{"@type":"ReadAction","target":["https:\/\/visitsouthestonia.com\/tartu-2024\/uudised\/laupaeval-toimub-seto-tantsupidu\/"]}]},{"@type":"BreadcrumbList","@id":"https:\/\/visitsouthestonia.com\/tartu-2024\/uudised\/laupaeval-toimub-seto-tantsupidu\/#breadcrumb","itemListElement":[{"@type":"ListItem","position":1,"name":"Tartu 2024 L\u00f5una-Eesti kogukonnaprogramm","item":"https:\/\/visitsouthestonia.com\/tartu-2024\/"},{"@type":"ListItem","position":2,"name":"Tartu 2024 kogukonnaprogrammi uudised","item":"https:\/\/visitsouthestonia.com\/tartu-2024\/uudised\/"},{"@type":"ListItem","position":3,"name":"Laup\u00e4eval toimub Seto tantsupidu"}]},{"@type":"WebSite","@id":"https:\/\/visitsouthestonia.com\/community\/#website","url":"https:\/\/visitsouthestonia.com\/community\/","name":"visitsouthestonia","description":"Parim puhkus veeda L\u00f5una-Eestis!","potentialAction":[{"@type":"SearchAction","target":{"@type":"EntryPoint","urlTemplate":"https:\/\/visitsouthestonia.com\/community\/?s={search_term_string}"},"query-input":"required name=search_term_string"}],"inLanguage":"et"}]}},"coauthors":[],"author_meta":{"author_link":"https:\/\/visitsouthestonia.com\/community\/author\/kaisa-timmi\/","display_name":"Meeri"},"relative_dates":{"created":"Posted 2 aastat ago","modified":"Updated 1 aasta ago"},"absolute_dates":{"created":"Posted on 25. juuni 2024","modified":"Updated on 22. okt. 2024"},"absolute_dates_time":{"created":"Posted on 25. juuni 2024 12:36","modified":"Updated on 22. okt. 2024 08:24"},"featured_img_caption":"","featured_img":false,"series_order":"","_links":{"self":[{"href":"https:\/\/visitsouthestonia.com\/community\/wp-json\/wp\/v2\/pages\/20769"}],"collection":[{"href":"https:\/\/visitsouthestonia.com\/community\/wp-json\/wp\/v2\/pages"}],"about":[{"href":"https:\/\/visitsouthestonia.com\/community\/wp-json\/wp\/v2\/types\/page"}],"author":[{"embeddable":true,"href":"https:\/\/visitsouthestonia.com\/community\/wp-json\/wp\/v2\/users\/211"}],"replies":[{"embeddable":true,"href":"https:\/\/visitsouthestonia.com\/community\/wp-json\/wp\/v2\/comments?post=20769"}],"version-history":[{"count":3,"href":"https:\/\/visitsouthestonia.com\/community\/wp-json\/wp\/v2\/pages\/20769\/revisions"}],"predecessor-version":[{"id":21254,"href":"https:\/\/visitsouthestonia.com\/community\/wp-json\/wp\/v2\/pages\/20769\/revisions\/21254"}],"up":[{"embeddable":true,"href":"https:\/\/visitsouthestonia.com\/community\/wp-json\/wp\/v2\/pages\/12304"}],"wp:attachment":[{"href":"https:\/\/visitsouthestonia.com\/community\/wp-json\/wp\/v2\/media?parent=20769"}],"curies":[{"name":"wp","href":"https:\/\/api.w.org\/{rel}","templated":true}]}}