{"id":20726,"date":"2024-06-18T08:23:01","date_gmt":"2024-06-18T05:23:01","guid":{"rendered":"https:\/\/visitsouthestonia.com\/community\/?page_id=20726"},"modified":"2024-10-22T08:24:52","modified_gmt":"2024-10-22T05:24:52","slug":"louna-eesti-kogukonnaprogrammi-raames-esietendub-dokumentaallavastus-ohud-meie-vahel","status":"publish","type":"page","link":"https:\/\/visitsouthestonia.com\/community\/tartu-2024\/uudised\/louna-eesti-kogukonnaprogrammi-raames-esietendub-dokumentaallavastus-ohud-meie-vahel\/","title":{"rendered":"L\u00f5una-Eesti kogukonnaprogrammi raames esietendub dokumentaallavastus \u201e\u00d5hud meie vahel\u201c"},"content":{"rendered":"\n<h2 class=\"wp-block-heading wp-el\"><strong>L\u00f5una-Eesti kogukonnaprogrammi raames esietendub reedel kliimakriisist k\u00f5nelev dokumentaallavastus \u201e\u00d5hud meie vahel\u201c<\/strong><\/h2>\n\n\n\n<p class=\"wp-el\">18.06.2024<\/p>\n\n\n\n<p class=\"wp-el\"><strong>Euroopa kultuuripealinn Tartu 2024 p\u00f5hiprogrammi kuuluva L\u00f5una-Eesti kogukonnaprogrammi raames esietendub sel reedel kliimakriisi kogemustest ja elluj\u00e4\u00e4mise lugudest inspireeritud poeetiline dokumentaallavastus \u201e\u00d5hud meie vahel\u201c. Piletitega tasub kiirustada, sest Emaj\u00f5e Suveteatri ja liikumise Fridays For Future Eesti koosloomes valminud p\u00f5neva kunstilise vormiga lavastust m\u00e4ngitakse Tartumaal Kambja vanas koolimajas 21. juunist 21. juulini vaid \u00fcheksal korral.<\/strong><\/p>\n\n\n\n<p class=\"wp-el\">Tartumaa Arendusseltsi tegevjuht ja L\u00f5una-Eesti kogukonnaprogrammi koordinaator <strong>Kristiina Tammets<\/strong> \u00fctles, et kliimamuutused m\u00f5jutavad meid k\u00f5iki, kuid enamik inimesi p\u00fc\u00fcab seda raskena m\u00f5juvat teemat sageli v\u00e4ltida. \u201e\u00dcks v\u00f5imalus l\u00e4heneda keerulistele teemadele on teha seda kunsti kaudu ja dokumentaallavastus \u201e\u00d5hud meie vahel\u201c just seda v\u00f5imalust pakubki,\u201c m\u00e4rkis Tammets. \u201eMeil on hea meel, et kliimakriisi puudutav ja huvitava kunstilise lahendusega lavastus j\u00f5uab kultuuripealinna p\u00f5hiprogrammi raames lavale just L\u00f5una-Eesti kogukonnaprogrammi osana.\u201c Tammets. Ta soovitas piletitega kiirustada, et \u00fchest selle suve erilisemast teatrielamusest kindlasti osa saada.<\/p>\n\n\n\n<p class=\"wp-el\">Dokumentaallavastuse \u201e\u00d5hud meie vahel\u201c lavastaja <strong>Mihkel Kohava<\/strong> lausus, et tegemist on vahetu ja intiimse ning lahendustele orienteeritud lavastusega, mis valmis pika k\u00fcpsemise tulemusena. \u201eT\u00e4nu kliimanoortele saime otsekontakti nende rahvusvahelise kogukonna liikmetega, kes on kliimakriisi valusalt omal nahal tundnud ja olid valmis jutustama oma loo. Kokku sai eluline materjal, mis v\u00f5imaldas kogu lavastuse \u00fcles ehitada erinevaid etenduskunsti \u017eanre kasutades nii, et tervik pakub m\u00f5jusa osaluskogemuse,\u201c r\u00e4\u00e4kis Kohava. Ta lisas, et p\u00f5neva trupi koosloomes s\u00fcndivat lavastuslikku r\u00e4nnakut rikastavad tantsu ja liikumise ning muusika ja luule eriline koostoime video ja muude lahendustega.<\/p>\n\n\n\n<p class=\"wp-el\">Emaj\u00f5e Suveteatri tegevjuhi ja produtsendi <strong>Ruta Rannu<\/strong> s\u00f5nul on nende teatri varasemate suvelavastustega v\u00f5rreldes leitud sel korral uus ja omap\u00e4rane formaat loo jutustamiseks. \u201eViime vaataja r\u00e4nnakule m\u00f6\u00f6da maailma, mis mahub \u00fchte hoonesse. Kambja vana koolimaja erinevad ruumid sobivad eksperimentaalse vormiga lugude jutustamiseks h\u00e4sti. Trupp on \u00e4ge ja materjal keeruline, aga tegu ei ole n\u00e4puviibutusega kliima teemal, vaid inimlike lugudega leidlikkusest ja elluj\u00e4\u00e4misest muutuva keskkonna tingimustes,\u201c lausus Rannu. Eriti soovis ta esile t\u00f5sta lavastuse muusikat ning sedagi, et t\u00fckk v\u00f5iks pakkuda huvi erinevas vanuses publikule, kindlasti noortele.<\/p>\n\n\n\n<p class=\"wp-el\"><strong>Dokumentaallavastust \u201e\u00d5hud meie vahel\u201c <\/strong>m\u00e4ngitakse Tartumaal Kambja vanas koolimajas (aadressil Kesk 5, Kambja) <strong>21. juunist 21. juulini <\/strong>algusega <strong>kell 19.00<\/strong>. Lavastus on ilma vaheajata ja kestab 2 tundi, tegevus toimub siseruumides ning istekohad on olemas. \u201e\u00d5hud meie vahel\u201c on erinevaid etenduskunsti vahendeid kombineeriv kohaspetsiifiline lavastus,&nbsp;kus l\u00e4bi etendajate m\u00e4ngu, tantsu, helimaailmade, video ning isegi l\u00f5hnade kulgeval teekonnal&nbsp;viiakse publik kliimamuutustes maailma eri paikadesse. Kambja vana koolimaja&nbsp;ruumides avaneb vaatajale maailm, kus tulevad esitusele lood Kreeka oliivikasvatajalt, Bangladeshi kooli\u00f5petajalt, Nigeeria&nbsp;pastorilt, Sierra Leone kliimaaktivistilt, Sitsiilia kaktusetalunikult ja ka Eesti maasikakasvatajalt. \u00dchest ruumist teise liikudes&nbsp;saab teatripublik olla tunnistajaks stseenidele, kus inimesed ilmutavad vastupidavust muutuvates&nbsp;keskkonnaoludes. Keset tugevnevaid orkaane, k\u00f5rbestuvaid alasid, kuivavaid veesilmu, soolduvaid&nbsp;muldasid ja t\u00f5usvat merevett otsitakse inimlikke elluj\u00e4\u00e4miskunste.<\/p>\n\n\n\n<p class=\"wp-el\">Lavale astub p\u00f5nev trupp: <strong>Kymbali Williams<\/strong> \u2013 Eesti-Ghana juurtega muusik ja esitaja,&nbsp;kes loob ka lavastuse helimaastikud; <strong>Sofia Filippou<\/strong>&nbsp;\u2013 tantsija, etenduskunstnik ja koreograaf Kreekast; <strong>Sander Roosim\u00e4g<\/strong>i, kes on m\u00e4nginud Tallinna Linnateatri, Eesti Noorsooteatri,&nbsp;Ekspeditsiooni ja paljude teiste teatrite lavastustes. Lavastaja on <strong>Mihkel Kohava<\/strong>, lavastusdramaturg <strong>Kristiina Jalasto<\/strong>, kunstnik <strong>Mikk-Artur Ostrov<\/strong> ja valguskunstnik <strong>Priidu Adlas<\/strong>. <em>Lavastus valmib&nbsp;MT\u00dc Tartu Suveteatri Seltsi (<\/em>Emaj\u00f5e Suveteater)<em> ja MT\u00dc Loodusv\u00f5lu (Fridays for Future Eesti) koost\u00f6\u00f6na. <\/em>Rohkem infot ja piletid: <a href=\"https:\/\/www.suveteater.ee\/emajoe-suveteater\/kava\/ohud-meie-vahel\/\">https:\/\/www.suveteater.ee\/emajoe-suveteater\/kava\/ohud-meie-vahel\/<\/a><\/p>\n\n\n\n<p class=\"wp-el\"><strong>L\u00f5una-Eesti kogukonnaprogrammi<\/strong> raames korraldatakse 2023.<em> <\/em>ja2024. aastal \u00fchtekokku 20 projekti rohkem kui saja v\u00e4\u00e4rtusp\u00f5hise s\u00fcndmusega, mis kutsuvad osalema k\u00fclastajaid Eestist, Euroopast ja mujalt maailmast. Programmi eesm\u00e4rk on anda hoogu omavahelisele koost\u00f6\u00f6le ja tugevdada L\u00f5una-Eesti identiteeti. Euroopa kultuuripealinn Tartu 2024 p\u00f5hiprogrammi osana aitab kogukonnaprogramm tutvustada kogu piirkonda just nende v\u00e4\u00e4rtuste p\u00f5hjal, mis on olulised kohalikele inimestele ja kogukondadele. K\u00f5ik valitud s\u00fcndmused aitavad esile t\u00f5sta L\u00f5una-Eesti v\u00e4\u00e4rtusi \u2013 puhast loodust, mitmek\u00fclgset kultuurip\u00e4randit<em>, <\/em>kohalikku toitu ja k\u00e4sit\u00f6\u00f6d, tervislikku eluviisi, j\u00e4tkusuutlikke ja innovaatilisi lahendusi ning aktiivseid ja eluj\u00f5ulisi kogukondi.<\/p>\n\n\n\n<p class=\"wp-el\"><strong>Kogukonnas\u00fcndmused, <\/strong>mis kuuluvad avatud taotlusvooru tulemusena L\u00f5una-Eesti kogukonnaprogrammi, on j\u00e4rgmised: j\u00f5eretkede sari \u201eAvasta Emaj\u00f5gi!\u201c, Tartumaa toidus\u00fcndmuste sari \u201eTirin\u201c, kogukonnalavastus \u201eLeevaku kullakaevur\u201c, \u201eSeto kostip\u00e4iv\u00e4 aastaring\u201c, R\u00f5uge kogukonnafestival \u201eElluj\u00e4\u00e4mise kunstid\u201d, Tartumaa teemap\u00e4evad \u201eP\u00e4ritud elluj\u00e4\u00e4miskunstid\u201c, R\u00f5uge avatud saunade n\u00e4dalavahetus \u201eSanna!\u201c, ruumiloomekonverents \u201eLoo v\u00f5i loobu!\u201c, \u201eTaliteed Emaj\u00f5e-Suursoos\u201c, Otep\u00e4\u00e4 maaliliste maastike matkasari, r\u00e4nnaklavastus \u201eEedeni aed\u201c Luke m\u00f5isapargis, I Kodavere laalupido, dokumentaallavastus \u201e\u00d5hud meie vahel\u201d, Seto tantsupidu \u201eKad\u2019ah kavv\u00f5k\u00f5s\u00f5\u201c, Navi k\u00fcla kogukonnafestival, roosifestival Kaagj\u00e4rvel, Peipsi Toidu T\u00e4nav 175 km, Kagu-Eesti inspiratsioonifestival \u201eLoovus loob lootust!\u201c, \u201eAvastamata Antsla aarded \u2013 j\u00e4rved\u201c, linnaruumilavastus \u201eL\u00e4bi linna: Valga+Valka\u201c. Vt <a href=\"http:\/\/www.visitsouthestonia.com\/community\/tartu-2024\/\">www.visitsouthestonia.com\/community\/tartu-2024\/<\/a><\/p>\n\n\n\n<p class=\"wp-el\"><strong>Euroopa kultuuripealinn Tartu 2024 <\/strong>p\u00f5hiprogrammi kuuluv L\u00f5una-Eesti kogukonnaprogramm kasvas v\u00e4lja 2013. aastal L\u00f5una-Eesti LEADER-tegevusr\u00fchmade k\u00e4ima l\u00fckatud kollaste akende projektist \u201eElu kahe maailma piiril\u201c. L\u00f5una-Eesti kogukonnaprogrammi viivad ellu LEADER-tegevusr\u00fchmad Tartumaa Arendusselts, Valgamaa Partnerluskogu, V\u00f5rumaa Partnerluskogu ja Piiriveere Liider ning koost\u00f6\u00f6partneritena l\u00f6\u00f6vad kaasa Tartu, Elva, V\u00f5ru ja Valga linn. S\u00fcndmusi toetatakse LEADER-meetmest ning SA Tartu 2024 poolt L\u00f5una-Eesti kogukonnaprogrammile eraldatud eelarvest. Kogukonnaprogrammi tegemistesse on partnerina kaasatud teinegi Euroopa kultuuripealinn Tartu 2024 projekt Tartu Maailma\u00fclikool.<\/p>\n\n\n\n<p class=\"wp-el\">Lisainformatsioon: <a href=\"http:\/\/www.visitsouthestonia.com\/community\/tartu-2024\/\">www.visitsouthestonia.com\/community\/tartu-2024\/<\/a><br><a href=\"https:\/\/tartu2024.ee\/kogukonnaprogramm\">tartu2024.ee\/kogukonnaprogramm<\/a><\/p>\n\n\n\n<p class=\"wp-el\"><br><strong>Kristiina Tammets<\/strong>, Tartumaa Arendusseltsi tegevjuht ja L\u00f5una-Eesti kogukonnaprogrammi koordinaator, <br>telefon +372 5340 9873, e-post <a href=\"mailto:kristiina@tas.ee\">kristiina@tas.ee<\/a><\/p>\n\n\n\n<p class=\"wp-el\"><strong>Ruta Rannu<\/strong>, Emaj\u00f5e Suveteatri tegevjuht ja produtsent, <br>telefon +372 5398 6153, e-post <a href=\"mailto:ruta@suveteater.ee\">ruta@suveteater.ee<\/a><\/p>\n\n\n\n<p class=\"wp-el\"><strong>Mihkel Kohava<\/strong>,dokumentaallavastuse \u201e\u00d5hud meie vahel\u201c lavastaja,<br>telefon +372 5373 6009, e-post <a href=\"mailto:mihkelkohava@gmail.com\">mihkelkohava@gmail.com<\/a><em><br><\/em><\/p>\n\n\n\n<figure class=\"wp-block-image size-large is-resized\"><img decoding=\"async\" loading=\"lazy\" width=\"1200\" height=\"524\" src=\"https:\/\/visitsouthestonia.com\/community\/wp-content\/uploads\/2023\/05\/Tartu24Leader-logo-horisontaalne-est-must-1200x524.jpg\" alt=\"\" class=\"wp-image-12363\" style=\"width:300px;height:131px\" srcset=\"https:\/\/visitsouthestonia.com\/community\/wp-content\/uploads\/2023\/05\/Tartu24Leader-logo-horisontaalne-est-must-1200x524.jpg 1200w, https:\/\/visitsouthestonia.com\/community\/wp-content\/uploads\/2023\/05\/Tartu24Leader-logo-horisontaalne-est-must-768x335.jpg 768w, https:\/\/visitsouthestonia.com\/community\/wp-content\/uploads\/2023\/05\/Tartu24Leader-logo-horisontaalne-est-must-350x153.jpg 350w, https:\/\/visitsouthestonia.com\/community\/wp-content\/uploads\/2023\/05\/Tartu24Leader-logo-horisontaalne-est-must-1100x480.jpg 1100w, https:\/\/visitsouthestonia.com\/community\/wp-content\/uploads\/2023\/05\/Tartu24Leader-logo-horisontaalne-est-must-230x100.jpg 230w, https:\/\/visitsouthestonia.com\/community\/wp-content\/uploads\/2023\/05\/Tartu24Leader-logo-horisontaalne-est-must-160x70.jpg 160w, https:\/\/visitsouthestonia.com\/community\/wp-content\/uploads\/2023\/05\/Tartu24Leader-logo-horisontaalne-est-must-188x82.jpg 188w, https:\/\/visitsouthestonia.com\/community\/wp-content\/uploads\/2023\/05\/Tartu24Leader-logo-horisontaalne-est-must-124x54.jpg 124w, https:\/\/visitsouthestonia.com\/community\/wp-content\/uploads\/2023\/05\/Tartu24Leader-logo-horisontaalne-est-must-370x161.jpg 370w, https:\/\/visitsouthestonia.com\/community\/wp-content\/uploads\/2023\/05\/Tartu24Leader-logo-horisontaalne-est-must.jpg 1334w\" sizes=\"(max-width: 1200px) 100vw, 1200px\" \/><\/figure>\n\n\n\n<p class=\"wp-el\"><img decoding=\"async\" loading=\"lazy\" width=\"128\" height=\"128\" class=\"wp-image-12016\" style=\"width: 20px;\" src=\"https:\/\/visitsouthestonia.com\/community\/wp-content\/uploads\/2023\/05\/must-nool.png\" alt=\"\" srcset=\"https:\/\/visitsouthestonia.com\/community\/wp-content\/uploads\/2023\/05\/must-nool.png 128w, https:\/\/visitsouthestonia.com\/community\/wp-content\/uploads\/2023\/05\/must-nool-51x51.png 51w, https:\/\/visitsouthestonia.com\/community\/wp-content\/uploads\/2023\/05\/must-nool-70x70.png 70w, https:\/\/visitsouthestonia.com\/community\/wp-content\/uploads\/2023\/05\/must-nool-120x120.png 120w, https:\/\/visitsouthestonia.com\/community\/wp-content\/uploads\/2023\/05\/must-nool-100x100.png 100w, https:\/\/visitsouthestonia.com\/community\/wp-content\/uploads\/2023\/05\/must-nool-54x54.png 54w\" sizes=\"(max-width: 128px) 100vw, 128px\" \/> Rohkem infot <a href=\"https:\/\/visitsouthestonia.com\/community\/tartu-2024\/\">Euroopa kultuuripealinn Tartu 2024 L\u00f5una-Eesti kogukonnaprogrammist<\/a><\/p>\n","protected":false},"excerpt":{"rendered":"<p>L\u00f5una-Eesti kogukonnaprogrammi raames esietendub reedel kliimakriisist k\u00f5nelev dokumentaallavastus \u201e\u00d5hud meie vahel\u201c 18.06.2024 Euroopa kultuuripealinn Tartu 2024 p\u00f5hiprogrammi kuuluva L\u00f5una-Eesti kogukonnaprogrammi&#8230;<\/p>\n","protected":false},"author":211,"featured_media":0,"parent":12304,"menu_order":1,"comment_status":"closed","ping_status":"closed","template":"","meta":{"advgb_blocks_editor_width":"","advgb_blocks_columns_visual_guide":"","footnotes":"","_links_to":"","_links_to_target":""},"acf":[],"yoast_head":"<!-- This site is optimized with the Yoast SEO plugin v21.4 - https:\/\/yoast.com\/wordpress\/plugins\/seo\/ -->\n<title>L\u00f5una-Eesti kogukonnaprogrammi raames esietendub dokumentaallavastus \u201e\u00d5hud meie vahel\u201c - visitsouthestonia<\/title>\n<meta name=\"robots\" content=\"index, follow, max-snippet:-1, max-image-preview:large, max-video-preview:-1\" \/>\n<link rel=\"canonical\" href=\"https:\/\/visitsouthestonia.com\/tartu-2024\/uudised\/louna-eesti-kogukonnaprogrammi-raames-esietendub-dokumentaallavastus-ohud-meie-vahel\/\" \/>\n<meta property=\"og:locale\" content=\"et_EE\" \/>\n<meta property=\"og:type\" content=\"article\" \/>\n<meta property=\"og:title\" content=\"L\u00f5una-Eesti kogukonnaprogrammi raames esietendub dokumentaallavastus \u201e\u00d5hud meie vahel\u201c - visitsouthestonia\" \/>\n<meta property=\"og:description\" content=\"L\u00f5una-Eesti kogukonnaprogrammi raames esietendub reedel kliimakriisist k\u00f5nelev dokumentaallavastus \u201e\u00d5hud meie vahel\u201c 18.06.2024 Euroopa kultuuripealinn Tartu 2024 p\u00f5hiprogrammi kuuluva L\u00f5una-Eesti kogukonnaprogrammi...\" \/>\n<meta property=\"og:url\" content=\"https:\/\/visitsouthestonia.com\/tartu-2024\/uudised\/louna-eesti-kogukonnaprogrammi-raames-esietendub-dokumentaallavastus-ohud-meie-vahel\/\" \/>\n<meta property=\"og:site_name\" content=\"visitsouthestonia\" \/>\n<meta property=\"article:modified_time\" content=\"2024-10-22T05:24:52+00:00\" \/>\n<meta property=\"og:image\" content=\"https:\/\/visitsouthestonia.com\/wp-content\/uploads\/2023\/05\/Tartu24Leader-logo-horisontaalne-est-must-1200x524.jpg\" \/>\n<meta name=\"twitter:card\" content=\"summary_large_image\" \/>\n<meta name=\"twitter:label1\" content=\"Est. reading time\" \/>\n\t<meta name=\"twitter:data1\" content=\"5 minutit\" \/>\n<script type=\"application\/ld+json\" class=\"yoast-schema-graph\">{\"@context\":\"https:\/\/schema.org\",\"@graph\":[{\"@type\":\"WebPage\",\"@id\":\"https:\/\/visitsouthestonia.com\/tartu-2024\/uudised\/louna-eesti-kogukonnaprogrammi-raames-esietendub-dokumentaallavastus-ohud-meie-vahel\/\",\"url\":\"https:\/\/visitsouthestonia.com\/tartu-2024\/uudised\/louna-eesti-kogukonnaprogrammi-raames-esietendub-dokumentaallavastus-ohud-meie-vahel\/\",\"name\":\"L\u00f5una-Eesti kogukonnaprogrammi raames esietendub dokumentaallavastus \u201e\u00d5hud meie vahel\u201c - visitsouthestonia\",\"isPartOf\":{\"@id\":\"https:\/\/visitsouthestonia.com\/community\/#website\"},\"datePublished\":\"2024-06-18T05:23:01+00:00\",\"dateModified\":\"2024-10-22T05:24:52+00:00\",\"breadcrumb\":{\"@id\":\"https:\/\/visitsouthestonia.com\/tartu-2024\/uudised\/louna-eesti-kogukonnaprogrammi-raames-esietendub-dokumentaallavastus-ohud-meie-vahel\/#breadcrumb\"},\"inLanguage\":\"et\",\"potentialAction\":[{\"@type\":\"ReadAction\",\"target\":[\"https:\/\/visitsouthestonia.com\/tartu-2024\/uudised\/louna-eesti-kogukonnaprogrammi-raames-esietendub-dokumentaallavastus-ohud-meie-vahel\/\"]}]},{\"@type\":\"BreadcrumbList\",\"@id\":\"https:\/\/visitsouthestonia.com\/tartu-2024\/uudised\/louna-eesti-kogukonnaprogrammi-raames-esietendub-dokumentaallavastus-ohud-meie-vahel\/#breadcrumb\",\"itemListElement\":[{\"@type\":\"ListItem\",\"position\":1,\"name\":\"Tartu 2024 L\u00f5una-Eesti kogukonnaprogramm\",\"item\":\"https:\/\/visitsouthestonia.com\/tartu-2024\/\"},{\"@type\":\"ListItem\",\"position\":2,\"name\":\"Tartu 2024 kogukonnaprogrammi uudised\",\"item\":\"https:\/\/visitsouthestonia.com\/tartu-2024\/uudised\/\"},{\"@type\":\"ListItem\",\"position\":3,\"name\":\"L\u00f5una-Eesti kogukonnaprogrammi raames esietendub dokumentaallavastus \u201e\u00d5hud meie vahel\u201c\"}]},{\"@type\":\"WebSite\",\"@id\":\"https:\/\/visitsouthestonia.com\/community\/#website\",\"url\":\"https:\/\/visitsouthestonia.com\/community\/\",\"name\":\"visitsouthestonia\",\"description\":\"Parim puhkus veeda L\u00f5una-Eestis!\",\"potentialAction\":[{\"@type\":\"SearchAction\",\"target\":{\"@type\":\"EntryPoint\",\"urlTemplate\":\"https:\/\/visitsouthestonia.com\/community\/?s={search_term_string}\"},\"query-input\":\"required name=search_term_string\"}],\"inLanguage\":\"et\"}]}<\/script>\n<!-- \/ Yoast SEO plugin. -->","yoast_head_json":{"title":"L\u00f5una-Eesti kogukonnaprogrammi raames esietendub dokumentaallavastus \u201e\u00d5hud meie vahel\u201c - visitsouthestonia","robots":{"index":"index","follow":"follow","max-snippet":"max-snippet:-1","max-image-preview":"max-image-preview:large","max-video-preview":"max-video-preview:-1"},"canonical":"https:\/\/visitsouthestonia.com\/tartu-2024\/uudised\/louna-eesti-kogukonnaprogrammi-raames-esietendub-dokumentaallavastus-ohud-meie-vahel\/","og_locale":"et_EE","og_type":"article","og_title":"L\u00f5una-Eesti kogukonnaprogrammi raames esietendub dokumentaallavastus \u201e\u00d5hud meie vahel\u201c - visitsouthestonia","og_description":"L\u00f5una-Eesti kogukonnaprogrammi raames esietendub reedel kliimakriisist k\u00f5nelev dokumentaallavastus \u201e\u00d5hud meie vahel\u201c 18.06.2024 Euroopa kultuuripealinn Tartu 2024 p\u00f5hiprogrammi kuuluva L\u00f5una-Eesti kogukonnaprogrammi...","og_url":"https:\/\/visitsouthestonia.com\/tartu-2024\/uudised\/louna-eesti-kogukonnaprogrammi-raames-esietendub-dokumentaallavastus-ohud-meie-vahel\/","og_site_name":"visitsouthestonia","article_modified_time":"2024-10-22T05:24:52+00:00","og_image":[{"url":"https:\/\/visitsouthestonia.com\/wp-content\/uploads\/2023\/05\/Tartu24Leader-logo-horisontaalne-est-must-1200x524.jpg"}],"twitter_card":"summary_large_image","twitter_misc":{"Est. reading time":"5 minutit"},"schema":{"@context":"https:\/\/schema.org","@graph":[{"@type":"WebPage","@id":"https:\/\/visitsouthestonia.com\/tartu-2024\/uudised\/louna-eesti-kogukonnaprogrammi-raames-esietendub-dokumentaallavastus-ohud-meie-vahel\/","url":"https:\/\/visitsouthestonia.com\/tartu-2024\/uudised\/louna-eesti-kogukonnaprogrammi-raames-esietendub-dokumentaallavastus-ohud-meie-vahel\/","name":"L\u00f5una-Eesti kogukonnaprogrammi raames esietendub dokumentaallavastus \u201e\u00d5hud meie vahel\u201c - visitsouthestonia","isPartOf":{"@id":"https:\/\/visitsouthestonia.com\/community\/#website"},"datePublished":"2024-06-18T05:23:01+00:00","dateModified":"2024-10-22T05:24:52+00:00","breadcrumb":{"@id":"https:\/\/visitsouthestonia.com\/tartu-2024\/uudised\/louna-eesti-kogukonnaprogrammi-raames-esietendub-dokumentaallavastus-ohud-meie-vahel\/#breadcrumb"},"inLanguage":"et","potentialAction":[{"@type":"ReadAction","target":["https:\/\/visitsouthestonia.com\/tartu-2024\/uudised\/louna-eesti-kogukonnaprogrammi-raames-esietendub-dokumentaallavastus-ohud-meie-vahel\/"]}]},{"@type":"BreadcrumbList","@id":"https:\/\/visitsouthestonia.com\/tartu-2024\/uudised\/louna-eesti-kogukonnaprogrammi-raames-esietendub-dokumentaallavastus-ohud-meie-vahel\/#breadcrumb","itemListElement":[{"@type":"ListItem","position":1,"name":"Tartu 2024 L\u00f5una-Eesti kogukonnaprogramm","item":"https:\/\/visitsouthestonia.com\/tartu-2024\/"},{"@type":"ListItem","position":2,"name":"Tartu 2024 kogukonnaprogrammi uudised","item":"https:\/\/visitsouthestonia.com\/tartu-2024\/uudised\/"},{"@type":"ListItem","position":3,"name":"L\u00f5una-Eesti kogukonnaprogrammi raames esietendub dokumentaallavastus \u201e\u00d5hud meie vahel\u201c"}]},{"@type":"WebSite","@id":"https:\/\/visitsouthestonia.com\/community\/#website","url":"https:\/\/visitsouthestonia.com\/community\/","name":"visitsouthestonia","description":"Parim puhkus veeda L\u00f5una-Eestis!","potentialAction":[{"@type":"SearchAction","target":{"@type":"EntryPoint","urlTemplate":"https:\/\/visitsouthestonia.com\/community\/?s={search_term_string}"},"query-input":"required name=search_term_string"}],"inLanguage":"et"}]}},"coauthors":[],"author_meta":{"author_link":"https:\/\/visitsouthestonia.com\/community\/author\/kaisa-timmi\/","display_name":"Meeri"},"relative_dates":{"created":"Posted 2 aastat ago","modified":"Updated 1 aasta ago"},"absolute_dates":{"created":"Posted on 18. juuni 2024","modified":"Updated on 22. okt. 2024"},"absolute_dates_time":{"created":"Posted on 18. juuni 2024 08:23","modified":"Updated on 22. okt. 2024 08:24"},"featured_img_caption":"","featured_img":false,"series_order":"","_links":{"self":[{"href":"https:\/\/visitsouthestonia.com\/community\/wp-json\/wp\/v2\/pages\/20726"}],"collection":[{"href":"https:\/\/visitsouthestonia.com\/community\/wp-json\/wp\/v2\/pages"}],"about":[{"href":"https:\/\/visitsouthestonia.com\/community\/wp-json\/wp\/v2\/types\/page"}],"author":[{"embeddable":true,"href":"https:\/\/visitsouthestonia.com\/community\/wp-json\/wp\/v2\/users\/211"}],"replies":[{"embeddable":true,"href":"https:\/\/visitsouthestonia.com\/community\/wp-json\/wp\/v2\/comments?post=20726"}],"version-history":[{"count":3,"href":"https:\/\/visitsouthestonia.com\/community\/wp-json\/wp\/v2\/pages\/20726\/revisions"}],"predecessor-version":[{"id":21255,"href":"https:\/\/visitsouthestonia.com\/community\/wp-json\/wp\/v2\/pages\/20726\/revisions\/21255"}],"up":[{"embeddable":true,"href":"https:\/\/visitsouthestonia.com\/community\/wp-json\/wp\/v2\/pages\/12304"}],"wp:attachment":[{"href":"https:\/\/visitsouthestonia.com\/community\/wp-json\/wp\/v2\/media?parent=20726"}],"curies":[{"name":"wp","href":"https:\/\/api.w.org\/{rel}","templated":true}]}}