{"id":20606,"date":"2024-05-13T08:06:21","date_gmt":"2024-05-13T05:06:21","guid":{"rendered":"https:\/\/visitsouthestonia.com\/community\/?page_id=20606"},"modified":"2024-10-22T08:25:51","modified_gmt":"2024-10-22T05:25:51","slug":"louna-eesti-kogukonnaprogrammi-raames-etendub-rannaklavastus-eedeni-aed","status":"publish","type":"page","link":"https:\/\/visitsouthestonia.com\/community\/tartu-2024\/uudised\/louna-eesti-kogukonnaprogrammi-raames-etendub-rannaklavastus-eedeni-aed\/","title":{"rendered":"L\u00f5una-Eesti kogukonnaprogrammi raames etendub r\u00e4nnaklavastus \u201eEedeni aed\u201c"},"content":{"rendered":"\n<h1 class=\"wp-block-heading wp-el\">L\u00f5una-Eesti kogukonnaprogrammi raames etendub Luke m\u00f5isapargis r\u00e4nnaklavastus \u201eEedeni aed\u201c<\/h1>\n\n\n\n<p class=\"wp-el\">13.05.2024<\/p>\n\n\n\n<p class=\"wp-el\"><strong>Euroopa kultuuripealinn Tartu 2024 p\u00f5hiprogrammi kuuluva L\u00f5una-Eesti kogukonnaprogrammi raames etendub alates neljap\u00e4evast, 16. maist Tartumaal Luke m\u00f5isapargis r\u00e4nnaklavastus \u201eEedeni aed\u201c, mis viib osalejad loodusesse p\u00f5nevale meelter\u00e4nnakule. Ainulaadne lavastuslik viie meele r\u00e4nnak looduses toimub k\u00f5rvaklappe kasutades ning kogemuslik s\u00fcndmus leiab aset vaid kolmel p\u00e4eval mais ja kolmel p\u00e4eval augustis.<\/strong><\/p>\n\n\n\n<p class=\"wp-el\">Tartumaa Arendusseltsi tegevjuht ja L\u00f5una-Eesti kogukonnaprogrammi koordinaator <strong>Kristiina Tammets<\/strong> \u00fctles, et L\u00f5una-Eesti kevadised kogukonnas\u00fcndmused saavad Luke m\u00f5isapargi \u201eEedeni aiast\u201c hea hoo sisse. \u201eR\u00e4nnaklavastusena toimuv s\u00fcndmus p\u00f5imib kohap\u00e4rimuslikud lood ja fantaasiamaailma, looduses liikumise ning k\u00fclastaja meeled p\u00f5nevaks kogemuslikuks kultuuriretkeks, mida on raske kirjeldada ilma seda ise kogemata. Nii et ega muud \u00fcle ei j\u00e4\u00e4gi kui kohale tulla ja osa saada!\u201c r\u00e4\u00e4kis Tammets.<\/p>\n\n\n\n<p class=\"wp-el\">R\u00e4nnaklavastus saab teoks sihtasutuse Luke M\u00f5is ja N\u00f5o valla tihedas koost\u00f6\u00f6s. Projekti \u00fcks eestvedajaid, SA Luke M\u00f5is juhatuse liige <strong>Gea J\u00e4rvela<\/strong> \u00fctles, et algsest ideest kujunes s\u00fcndmuse arendamise k\u00e4igus huvitava lavastusliku lahendusega tervik. \u201eIdee sai alguse sellest, et tahtsime kutsuda inimesed enda juurde loodusesse kaunil kevadisel ajal, mil k\u00f5ik meie \u00fcmber puhkeb ja v\u00f5rsub \u2013 ajal, mil kogu looduse elusus on meie enda meeltega k\u00f5ige selgemini tajutav. Koos lavastaja ja tehnilise tiimiga sai sellest aga p\u00f5nev kogemuslik meelter\u00e4nnak, mis l\u00e4htub kohap\u00e4rimusest ning viib osaleja r\u00e4ndama erinevate meelte ja kogemiste kaudu,\u201c selgitas J\u00e4rvela. Ta lisas, et s\u00fcndmus toimub Luke m\u00f5isapargis vabas \u00f5hus ja on m\u00f5eldud inimestele, kes otsivad uusi elamusi ning on avatud ja julgevad natuke ka eksperimenteerida. Osalejad liiguvad r\u00e4nnakul koos grupiga, kasutades iga\u00fcks k\u00f5rvaklappe.<\/p>\n\n\n\n<p class=\"wp-el\"><strong>R\u00e4nnaklavastus \u201eEedeni aed\u201c <\/strong>leiab aset kolmel p\u00e4eval mais <strong>(16.-18.05)<\/strong> ja kolmel p\u00e4eval augustis <strong>(29.-31.08)<\/strong>. Tegemist on kogemusliku r\u00e4nnaklavastusega, milles on p\u00f5imitud kokku kohap\u00e4rimus ja fantaasia, looduses liikumine ning meeltega tajutavad elamused.&nbsp; Muusikaga rikastatud n\u00e4item\u00e4ngulisel jalutusk\u00e4igul saavad puudutatud k\u00f5ik viis meelt: n\u00e4gemis-, kuulmis-, kompimis-, maitsmis- ja haistmismeel. Luke m\u00f5isast inspireeritud loo on lavastanud <strong>Astrid Hallik<\/strong>. Idee autor on <strong>Virko<\/strong> <strong>Annus<\/strong>, teksti autorid <strong>Virko<\/strong> <strong>Annus<\/strong>, <strong>Iiri Saar<\/strong> ja <strong>Astrid Hallik<\/strong>, kunstnik <strong>Marge Nelk<\/strong>. Muusika autorid on <strong>Kristiin Hanim\u00e4gi<\/strong>, <strong>Rauno Alliksaar<\/strong> ja <strong>Janar Sarapu<\/strong>. Teksti loevad <strong>K\u00e4rt Kull<\/strong> (Vanemuine), <strong>Marko M\u00e4esaar<\/strong> (Teatribuss) ning <strong>Martin Kork<\/strong> (Uus Teater).<\/p>\n\n\n\n<p class=\"wp-el\">R\u00e4nnaklavastus toimub eesti keeles. Korraldajad lubavad, et s\u00fcndmus saab teoks iga ilmaga, ent kuna tegu on v\u00e4li\u00fcritusega, tuleks r\u00f5ivastuda vastavalt ilmale. Vihma korral on vaja kasutada vihmakeepe, sest vihmavarjuga osaleda ei saa. S\u00fcndmus <strong>algab<\/strong> <strong>kell 19.00<\/strong>, kohale palutakse tulla 15 minutit enne algust. Igal s\u00fcndmuse p\u00e4eval toimub kokku neli r\u00e4nnaklavastust, millest mahub osa v\u00f5tma iga kord maksimaalselt 50 inimest. Augusti l\u00f5pus toimuvate s\u00fcndmuste puhul lisandub \u00f5htuti ka valgusm\u00e4ng. Tund enne ja p\u00e4rast lavastust on avatud Luke m\u00f5isa kohvik. M\u00fc\u00fcgil on ka piiratud arv r\u00e4nnaklavastuse pileteid koos 3-k\u00e4igulise \u00f5htus\u00f6\u00f6giga, mis algab kell 17.30. Piletid Piletilevist, t\u00e4psem info FBs ja veebis: <a href=\"https:\/\/visitsouthestonia.com\/community\/tartu-2024\/meelterannak-looduses\/\">https:\/\/visitsouthestonia.com\/community\/tartu-2024\/meelterannak-looduses\/<\/a><\/p>\n\n\n\n<p class=\"wp-el\"><strong>L\u00f5una-Eesti kogukonnaprogrammi<\/strong> raames korraldatakse 2023.<em> <\/em>ja2024. aastal \u00fchtekokku 20 projekti rohkem kui saja v\u00e4\u00e4rtusp\u00f5hise s\u00fcndmusega, mis kutsuvad osalema k\u00fclastajaid Eestist, Euroopast ja mujalt maailmast. Programmi eesm\u00e4rk on anda hoogu omavahelisele koost\u00f6\u00f6le ja tugevdada L\u00f5una-Eesti identiteeti. Euroopa kultuuripealinn Tartu 2024 p\u00f5hiprogrammi osana aitab kogukonnaprogramm tutvustada kogu piirkonda just nende v\u00e4\u00e4rtuste p\u00f5hjal, mis on olulised kohalikele inimestele ja kogukondadele. K\u00f5ik valitud s\u00fcndmused aitavad esile t\u00f5sta L\u00f5una-Eesti v\u00e4\u00e4rtusi \u2013 puhast loodust, mitmek\u00fclgset kultuurip\u00e4randit<em>, <\/em>kohalikku toitu ja k\u00e4sit\u00f6\u00f6d, tervislikku eluviisi, j\u00e4tkusuutlikke ja innovaatilisi lahendusi ning aktiivseid ja eluj\u00f5ulisi kogukondi.<\/p>\n\n\n\n<p class=\"wp-el\"><strong>Kogukonnas\u00fcndmused, <\/strong>mis kuuluvad avatud taotlusvooru tulemusena L\u00f5una-Eesti kogukonnaprogrammi, on j\u00e4rgmised: j\u00f5eretkede sari \u201eAvasta Emaj\u00f5gi!\u201c, Tartumaa toidus\u00fcndmuste sari \u201eTirin\u201c, kogukonnalavastus \u201eLeevaku kullakaevur\u201c, \u201eSeto kostip\u00e4iv\u00e4 aastaring\u201c, R\u00f5uge kogukonnafestival \u201eElluj\u00e4\u00e4mise kunstid\u201d, Tartumaa teemap\u00e4evad \u201eP\u00e4ritud elluj\u00e4\u00e4miskunstid\u201c, R\u00f5uge avatud saunade n\u00e4dalavahetus \u201eSanna!\u201c, ruumiloomekonverents \u201eLoo v\u00f5i loobu!\u201c, \u201eTaliteed Emaj\u00f5e-Suursoos\u201c, Otep\u00e4\u00e4 maaliliste maastike matkasari, r\u00e4nnaklavastus \u201eEedeni aed\u201c Luke m\u00f5isapargis, I Kodavere laalupido, dokumentaallavastus \u201e\u00d5hud meie vahel\u201d, Seto tantsupidu \u201eKad\u2019ah kavv\u00f5k\u00f5s\u00f5\u201c, Navi k\u00fcla kogukonnafestival, roosifestival Kaagj\u00e4rvel, Peipsi Toidu T\u00e4nav 175 km, Kagu-Eesti inspiratsioonifestival \u201eLoovus loob lootust!\u201c, \u201eAvastamata Antsla aarded \u2013 j\u00e4rved\u201c, linnaruumilavastus \u201eL\u00e4bi linna: Valga+Valka\u201c. Vt <a href=\"http:\/\/www.visitsouthestonia.com\/community\/tartu-2024\/\">www.visitsouthestonia.com\/community\/tartu-2024\/<\/a><\/p>\n\n\n\n<p class=\"wp-el\"><strong>Euroopa kultuuripealinn Tartu 2024 <\/strong>p\u00f5hiprogrammi kuuluv L\u00f5una-Eesti kogukonnaprogramm kasvas v\u00e4lja 2013. aastal L\u00f5una-Eesti LEADER-tegevusr\u00fchmade k\u00e4ima l\u00fckatud kollaste akende projektist \u201eElu kahe maailma piiril\u201c. L\u00f5una-Eesti kogukonnaprogrammi viivad ellu LEADER-tegevusr\u00fchmad Tartumaa Arendusselts, Valgamaa Partnerluskogu, V\u00f5rumaa Partnerluskogu ja Piiriveere Liider ning koost\u00f6\u00f6partneritena l\u00f6\u00f6vad kaasa Tartu, Elva, V\u00f5ru ja Valga linn. S\u00fcndmusi toetatakse LEADER-meetmest ning SA Tartu 2024 poolt L\u00f5una-Eesti kogukonnaprogrammile eraldatud eelarvest. Kogukonnaprogrammi tegemistesse on partnerina kaasatud teinegi Euroopa kultuuripealinn Tartu 2024 projekt Tartu Maailma\u00fclikool.<\/p>\n\n\n\n<p class=\"wp-el\">Lisainformatsioon:<\/p>\n\n\n\n<p class=\"wp-el\"><a href=\"http:\/\/www.visitsouthestonia.com\/community\/tartu-2024\/\">www.visitsouthestonia.com\/community\/tartu-2024\/<\/a><br><a href=\"https:\/\/tartu2024.ee\/kogukonnaprogramm\">tartu2024.ee\/kogukonnaprogramm<\/a><\/p>\n\n\n\n<p class=\"wp-el\"><br><strong>Kristiina Tammets<\/strong>, Tartumaa Arendusseltsi tegevjuht ja L\u00f5una-Eesti kogukonnaprogrammi koordinaator, telefon +372 5340 9873, e-post <a href=\"mailto:kristiina@tas.ee\">kristiina@tas.ee<\/a><\/p>\n\n\n\n<p class=\"wp-el\"><strong>Gea J\u00e4rvela<\/strong>, r\u00e4nnaklavastuse \u201eEedeni aed\u201c \u00fcks korraldajaid, SA Luke M\u00f5is juhatuse liige, telefon +372 508 8359, e-post <a href=\"mailto:gea@nvv.ee\">gea@nvv.ee<\/a><\/p>\n\n\n\n<p class=\"wp-el\"><\/p>\n\n\n\n<p class=\"wp-el\"><\/p>\n\n\n\n<figure class=\"wp-block-image size-large is-resized\"><img decoding=\"async\" loading=\"lazy\" width=\"1200\" height=\"524\" src=\"https:\/\/visitsouthestonia.com\/community\/wp-content\/uploads\/2023\/05\/Tartu24Leader-logo-horisontaalne-est-must-1200x524.jpg\" alt=\"\" class=\"wp-image-12363\" style=\"width:300px;height:131px\" srcset=\"https:\/\/visitsouthestonia.com\/community\/wp-content\/uploads\/2023\/05\/Tartu24Leader-logo-horisontaalne-est-must-1200x524.jpg 1200w, https:\/\/visitsouthestonia.com\/community\/wp-content\/uploads\/2023\/05\/Tartu24Leader-logo-horisontaalne-est-must-768x335.jpg 768w, https:\/\/visitsouthestonia.com\/community\/wp-content\/uploads\/2023\/05\/Tartu24Leader-logo-horisontaalne-est-must-350x153.jpg 350w, https:\/\/visitsouthestonia.com\/community\/wp-content\/uploads\/2023\/05\/Tartu24Leader-logo-horisontaalne-est-must-1100x480.jpg 1100w, https:\/\/visitsouthestonia.com\/community\/wp-content\/uploads\/2023\/05\/Tartu24Leader-logo-horisontaalne-est-must-230x100.jpg 230w, https:\/\/visitsouthestonia.com\/community\/wp-content\/uploads\/2023\/05\/Tartu24Leader-logo-horisontaalne-est-must-160x70.jpg 160w, https:\/\/visitsouthestonia.com\/community\/wp-content\/uploads\/2023\/05\/Tartu24Leader-logo-horisontaalne-est-must-188x82.jpg 188w, https:\/\/visitsouthestonia.com\/community\/wp-content\/uploads\/2023\/05\/Tartu24Leader-logo-horisontaalne-est-must-124x54.jpg 124w, https:\/\/visitsouthestonia.com\/community\/wp-content\/uploads\/2023\/05\/Tartu24Leader-logo-horisontaalne-est-must-370x161.jpg 370w, https:\/\/visitsouthestonia.com\/community\/wp-content\/uploads\/2023\/05\/Tartu24Leader-logo-horisontaalne-est-must.jpg 1334w\" sizes=\"(max-width: 1200px) 100vw, 1200px\" \/><\/figure>\n\n\n\n<p class=\"wp-el\"><img decoding=\"async\" loading=\"lazy\" width=\"128\" height=\"128\" class=\"wp-image-12016\" style=\"width: 20px;\" src=\"https:\/\/visitsouthestonia.com\/community\/wp-content\/uploads\/2023\/05\/must-nool.png\" alt=\"\" srcset=\"https:\/\/visitsouthestonia.com\/community\/wp-content\/uploads\/2023\/05\/must-nool.png 128w, https:\/\/visitsouthestonia.com\/community\/wp-content\/uploads\/2023\/05\/must-nool-51x51.png 51w, https:\/\/visitsouthestonia.com\/community\/wp-content\/uploads\/2023\/05\/must-nool-70x70.png 70w, https:\/\/visitsouthestonia.com\/community\/wp-content\/uploads\/2023\/05\/must-nool-120x120.png 120w, https:\/\/visitsouthestonia.com\/community\/wp-content\/uploads\/2023\/05\/must-nool-100x100.png 100w, https:\/\/visitsouthestonia.com\/community\/wp-content\/uploads\/2023\/05\/must-nool-54x54.png 54w\" sizes=\"(max-width: 128px) 100vw, 128px\" \/> Rohkem infot <a href=\"https:\/\/visitsouthestonia.com\/community\/tartu-2024\/\">Euroopa kultuuripealinn Tartu 2024 L\u00f5una-Eesti kogukonnaprogrammist<\/a><\/p>\n","protected":false},"excerpt":{"rendered":"<p>L\u00f5una-Eesti kogukonnaprogrammi raames etendub Luke m\u00f5isapargis r\u00e4nnaklavastus \u201eEedeni aed\u201c 13.05.2024 Euroopa kultuuripealinn Tartu 2024 p\u00f5hiprogrammi kuuluva L\u00f5una-Eesti kogukonnaprogrammi raames etendub&#8230;<\/p>\n","protected":false},"author":211,"featured_media":0,"parent":12304,"menu_order":1,"comment_status":"closed","ping_status":"closed","template":"","meta":{"advgb_blocks_editor_width":"","advgb_blocks_columns_visual_guide":"","footnotes":"","_links_to":"","_links_to_target":""},"acf":[],"yoast_head":"<!-- This site is optimized with the Yoast SEO plugin v21.4 - https:\/\/yoast.com\/wordpress\/plugins\/seo\/ -->\n<title>L\u00f5una-Eesti kogukonnaprogrammi raames etendub r\u00e4nnaklavastus \u201eEedeni aed\u201c - visitsouthestonia<\/title>\n<meta name=\"robots\" content=\"index, follow, max-snippet:-1, max-image-preview:large, max-video-preview:-1\" \/>\n<link rel=\"canonical\" href=\"https:\/\/visitsouthestonia.com\/tartu-2024\/uudised\/louna-eesti-kogukonnaprogrammi-raames-etendub-rannaklavastus-eedeni-aed\/\" \/>\n<meta property=\"og:locale\" content=\"et_EE\" \/>\n<meta property=\"og:type\" content=\"article\" \/>\n<meta property=\"og:title\" content=\"L\u00f5una-Eesti kogukonnaprogrammi raames etendub r\u00e4nnaklavastus \u201eEedeni aed\u201c - visitsouthestonia\" \/>\n<meta property=\"og:description\" content=\"L\u00f5una-Eesti kogukonnaprogrammi raames etendub Luke m\u00f5isapargis r\u00e4nnaklavastus \u201eEedeni aed\u201c 13.05.2024 Euroopa kultuuripealinn Tartu 2024 p\u00f5hiprogrammi kuuluva L\u00f5una-Eesti kogukonnaprogrammi raames etendub...\" \/>\n<meta property=\"og:url\" content=\"https:\/\/visitsouthestonia.com\/tartu-2024\/uudised\/louna-eesti-kogukonnaprogrammi-raames-etendub-rannaklavastus-eedeni-aed\/\" \/>\n<meta property=\"og:site_name\" content=\"visitsouthestonia\" \/>\n<meta property=\"article:modified_time\" content=\"2024-10-22T05:25:51+00:00\" \/>\n<meta property=\"og:image\" content=\"https:\/\/visitsouthestonia.com\/wp-content\/uploads\/2023\/05\/Tartu24Leader-logo-horisontaalne-est-must-1200x524.jpg\" \/>\n<meta name=\"twitter:card\" content=\"summary_large_image\" \/>\n<meta name=\"twitter:label1\" content=\"Est. reading time\" \/>\n\t<meta name=\"twitter:data1\" content=\"5 minutit\" \/>\n<script type=\"application\/ld+json\" class=\"yoast-schema-graph\">{\"@context\":\"https:\/\/schema.org\",\"@graph\":[{\"@type\":\"WebPage\",\"@id\":\"https:\/\/visitsouthestonia.com\/tartu-2024\/uudised\/louna-eesti-kogukonnaprogrammi-raames-etendub-rannaklavastus-eedeni-aed\/\",\"url\":\"https:\/\/visitsouthestonia.com\/tartu-2024\/uudised\/louna-eesti-kogukonnaprogrammi-raames-etendub-rannaklavastus-eedeni-aed\/\",\"name\":\"L\u00f5una-Eesti kogukonnaprogrammi raames etendub r\u00e4nnaklavastus \u201eEedeni aed\u201c - visitsouthestonia\",\"isPartOf\":{\"@id\":\"https:\/\/visitsouthestonia.com\/community\/#website\"},\"datePublished\":\"2024-05-13T05:06:21+00:00\",\"dateModified\":\"2024-10-22T05:25:51+00:00\",\"breadcrumb\":{\"@id\":\"https:\/\/visitsouthestonia.com\/tartu-2024\/uudised\/louna-eesti-kogukonnaprogrammi-raames-etendub-rannaklavastus-eedeni-aed\/#breadcrumb\"},\"inLanguage\":\"et\",\"potentialAction\":[{\"@type\":\"ReadAction\",\"target\":[\"https:\/\/visitsouthestonia.com\/tartu-2024\/uudised\/louna-eesti-kogukonnaprogrammi-raames-etendub-rannaklavastus-eedeni-aed\/\"]}]},{\"@type\":\"BreadcrumbList\",\"@id\":\"https:\/\/visitsouthestonia.com\/tartu-2024\/uudised\/louna-eesti-kogukonnaprogrammi-raames-etendub-rannaklavastus-eedeni-aed\/#breadcrumb\",\"itemListElement\":[{\"@type\":\"ListItem\",\"position\":1,\"name\":\"Tartu 2024 L\u00f5una-Eesti kogukonnaprogramm\",\"item\":\"https:\/\/visitsouthestonia.com\/tartu-2024\/\"},{\"@type\":\"ListItem\",\"position\":2,\"name\":\"Tartu 2024 kogukonnaprogrammi uudised\",\"item\":\"https:\/\/visitsouthestonia.com\/tartu-2024\/uudised\/\"},{\"@type\":\"ListItem\",\"position\":3,\"name\":\"L\u00f5una-Eesti kogukonnaprogrammi raames etendub r\u00e4nnaklavastus \u201eEedeni aed\u201c\"}]},{\"@type\":\"WebSite\",\"@id\":\"https:\/\/visitsouthestonia.com\/community\/#website\",\"url\":\"https:\/\/visitsouthestonia.com\/community\/\",\"name\":\"visitsouthestonia\",\"description\":\"Parim puhkus veeda L\u00f5una-Eestis!\",\"potentialAction\":[{\"@type\":\"SearchAction\",\"target\":{\"@type\":\"EntryPoint\",\"urlTemplate\":\"https:\/\/visitsouthestonia.com\/community\/?s={search_term_string}\"},\"query-input\":\"required name=search_term_string\"}],\"inLanguage\":\"et\"}]}<\/script>\n<!-- \/ Yoast SEO plugin. -->","yoast_head_json":{"title":"L\u00f5una-Eesti kogukonnaprogrammi raames etendub r\u00e4nnaklavastus \u201eEedeni aed\u201c - visitsouthestonia","robots":{"index":"index","follow":"follow","max-snippet":"max-snippet:-1","max-image-preview":"max-image-preview:large","max-video-preview":"max-video-preview:-1"},"canonical":"https:\/\/visitsouthestonia.com\/tartu-2024\/uudised\/louna-eesti-kogukonnaprogrammi-raames-etendub-rannaklavastus-eedeni-aed\/","og_locale":"et_EE","og_type":"article","og_title":"L\u00f5una-Eesti kogukonnaprogrammi raames etendub r\u00e4nnaklavastus \u201eEedeni aed\u201c - visitsouthestonia","og_description":"L\u00f5una-Eesti kogukonnaprogrammi raames etendub Luke m\u00f5isapargis r\u00e4nnaklavastus \u201eEedeni aed\u201c 13.05.2024 Euroopa kultuuripealinn Tartu 2024 p\u00f5hiprogrammi kuuluva L\u00f5una-Eesti kogukonnaprogrammi raames etendub...","og_url":"https:\/\/visitsouthestonia.com\/tartu-2024\/uudised\/louna-eesti-kogukonnaprogrammi-raames-etendub-rannaklavastus-eedeni-aed\/","og_site_name":"visitsouthestonia","article_modified_time":"2024-10-22T05:25:51+00:00","og_image":[{"url":"https:\/\/visitsouthestonia.com\/wp-content\/uploads\/2023\/05\/Tartu24Leader-logo-horisontaalne-est-must-1200x524.jpg"}],"twitter_card":"summary_large_image","twitter_misc":{"Est. reading time":"5 minutit"},"schema":{"@context":"https:\/\/schema.org","@graph":[{"@type":"WebPage","@id":"https:\/\/visitsouthestonia.com\/tartu-2024\/uudised\/louna-eesti-kogukonnaprogrammi-raames-etendub-rannaklavastus-eedeni-aed\/","url":"https:\/\/visitsouthestonia.com\/tartu-2024\/uudised\/louna-eesti-kogukonnaprogrammi-raames-etendub-rannaklavastus-eedeni-aed\/","name":"L\u00f5una-Eesti kogukonnaprogrammi raames etendub r\u00e4nnaklavastus \u201eEedeni aed\u201c - visitsouthestonia","isPartOf":{"@id":"https:\/\/visitsouthestonia.com\/community\/#website"},"datePublished":"2024-05-13T05:06:21+00:00","dateModified":"2024-10-22T05:25:51+00:00","breadcrumb":{"@id":"https:\/\/visitsouthestonia.com\/tartu-2024\/uudised\/louna-eesti-kogukonnaprogrammi-raames-etendub-rannaklavastus-eedeni-aed\/#breadcrumb"},"inLanguage":"et","potentialAction":[{"@type":"ReadAction","target":["https:\/\/visitsouthestonia.com\/tartu-2024\/uudised\/louna-eesti-kogukonnaprogrammi-raames-etendub-rannaklavastus-eedeni-aed\/"]}]},{"@type":"BreadcrumbList","@id":"https:\/\/visitsouthestonia.com\/tartu-2024\/uudised\/louna-eesti-kogukonnaprogrammi-raames-etendub-rannaklavastus-eedeni-aed\/#breadcrumb","itemListElement":[{"@type":"ListItem","position":1,"name":"Tartu 2024 L\u00f5una-Eesti kogukonnaprogramm","item":"https:\/\/visitsouthestonia.com\/tartu-2024\/"},{"@type":"ListItem","position":2,"name":"Tartu 2024 kogukonnaprogrammi uudised","item":"https:\/\/visitsouthestonia.com\/tartu-2024\/uudised\/"},{"@type":"ListItem","position":3,"name":"L\u00f5una-Eesti kogukonnaprogrammi raames etendub r\u00e4nnaklavastus \u201eEedeni aed\u201c"}]},{"@type":"WebSite","@id":"https:\/\/visitsouthestonia.com\/community\/#website","url":"https:\/\/visitsouthestonia.com\/community\/","name":"visitsouthestonia","description":"Parim puhkus veeda L\u00f5una-Eestis!","potentialAction":[{"@type":"SearchAction","target":{"@type":"EntryPoint","urlTemplate":"https:\/\/visitsouthestonia.com\/community\/?s={search_term_string}"},"query-input":"required name=search_term_string"}],"inLanguage":"et"}]}},"coauthors":[],"author_meta":{"author_link":"https:\/\/visitsouthestonia.com\/community\/author\/kaisa-timmi\/","display_name":"Meeri"},"relative_dates":{"created":"Posted 2 aastat ago","modified":"Updated 1 aasta ago"},"absolute_dates":{"created":"Posted on 13. mai 2024","modified":"Updated on 22. okt. 2024"},"absolute_dates_time":{"created":"Posted on 13. mai 2024 08:06","modified":"Updated on 22. okt. 2024 08:25"},"featured_img_caption":"","featured_img":false,"series_order":"","_links":{"self":[{"href":"https:\/\/visitsouthestonia.com\/community\/wp-json\/wp\/v2\/pages\/20606"}],"collection":[{"href":"https:\/\/visitsouthestonia.com\/community\/wp-json\/wp\/v2\/pages"}],"about":[{"href":"https:\/\/visitsouthestonia.com\/community\/wp-json\/wp\/v2\/types\/page"}],"author":[{"embeddable":true,"href":"https:\/\/visitsouthestonia.com\/community\/wp-json\/wp\/v2\/users\/211"}],"replies":[{"embeddable":true,"href":"https:\/\/visitsouthestonia.com\/community\/wp-json\/wp\/v2\/comments?post=20606"}],"version-history":[{"count":2,"href":"https:\/\/visitsouthestonia.com\/community\/wp-json\/wp\/v2\/pages\/20606\/revisions"}],"predecessor-version":[{"id":21257,"href":"https:\/\/visitsouthestonia.com\/community\/wp-json\/wp\/v2\/pages\/20606\/revisions\/21257"}],"up":[{"embeddable":true,"href":"https:\/\/visitsouthestonia.com\/community\/wp-json\/wp\/v2\/pages\/12304"}],"wp:attachment":[{"href":"https:\/\/visitsouthestonia.com\/community\/wp-json\/wp\/v2\/media?parent=20606"}],"curies":[{"name":"wp","href":"https:\/\/api.w.org\/{rel}","templated":true}]}}