{"id":20373,"date":"2024-03-13T15:07:52","date_gmt":"2024-03-13T13:07:52","guid":{"rendered":"https:\/\/visitsouthestonia.com\/community\/?page_id=20373"},"modified":"2024-03-13T15:07:52","modified_gmt":"2024-03-13T13:07:52","slug":"6-kogukonda-setomaal-ootavad-maaselitsa-tahistama","status":"publish","type":"page","link":"https:\/\/visitsouthestonia.com\/community\/tartu-2024\/seto-kostipaiva-aastaring\/6-kogukonda-setomaal-ootavad-maaselitsa-tahistama\/","title":{"rendered":"6 kogukonda Setomaal ootavad maaselitsa t\u00e4histama"},"content":{"rendered":"\n<h2 class=\"wp-block-heading wp-el\"><strong>6 kogukonda Setomaal ootavad 17. m\u00e4rtsil maaselitsa t\u00e4histama<\/strong><\/h2>\n\n\n\n<p class=\"wp-el\">13.03.2024<\/p>\n\n\n\n<p class=\"wp-el\"><strong>P\u00fchap\u00e4eval, 17. m\u00e4rtsil kella 11-16ni saab Setomaal t\u00e4histada maaselitsa ehk vastlaid Setomaa moodi. Kuus oman\u00e4olist kogukonda &#8211; L\u00fc\u00fcbnitsas, Mikitam\u00e4el, V\u00e4rskas, Saaboldas, Uusvadal ja Obinitsas &#8211; ootavad k\u00fclalisi, et nendega koos vanade traditsioonide kohaselt l\u00f5butseda ja pidup\u00e4eva toite s\u00fc\u00fca enne suure, seitsmen\u00e4dalase paastu algust.<\/strong><br><br>Maaselitsa n\u00e4dalat nimetatakse ka v\u00f5in\u00e4dalaks, sest suure paastu ootuses oli sel n\u00e4dalal liha tarbimine juba keelatud, kuid piimatooted, sh v\u00f5i, olid veel lubatud. Seep\u00e4rast seostub maaselitsa t\u00e4histamine ka suuresti pannkookide k\u00fcpsetamisega, sest paastu ajal tuleb neist loobuda.<br><br>MT\u00dc Seto K\u00fc\u00fck juhatuse liige ja Inara Vanavalg\u00f5 Kohvitar\u00f5 perenaine Inara Luigas meenutab oma lapsep\u00f5lves maaselitsa t\u00e4histamist Mikitam\u00e4e kandis: \u201cTerve n\u00e4dala jooksul k\u00e4isid naised \u00fcksteisel k\u00fclas, k\u00f5ik olid l\u00f5busas tujus, lauldi, s\u00f6\u00f6di ja joodi. P\u00fchap\u00e4eval tuldi j\u00e4lle kokku ja k\u00fcpsetati piine, kelgutati ja s\u00f5ideti reega. Terve tare oli siis head ahjusuu ees k\u00fcpsetatud pliinide l\u00f5hna t\u00e4is. Hommikul k\u00e4idi ka kirikus ja peale seda paluti teine teiselt andeks k\u00f5igi, ka tahtmatult tehtud eksimuste eest. Siis v\u00f5is paast alata.\u201d<br><br>T\u00e4nasel p\u00e4eval enam k\u00f5igis majapidamistest suurt ahju, mille esisel pliine k\u00fcpsetada pole, kuid pannkookide tegemise komme on endine, selgitas MT\u00dc Seto K\u00fc\u00fck tegevjuht Liis Kogerman. Maaselitsa kommetest huvitatutel tasub kindlasti k\u00e4ia p\u00fchap\u00e4eval mitmes kohas uudistamas, sest igas k\u00fclas on veidi erinevad v\u00f5in\u00e4dala traditsioonid ja m\u00e4lestused. Kindel on, et \u00fcle Setomaa saab kuulda nii seto leelot kui pillim\u00e4ngu, v\u00f5etakse eest rahvalikke m\u00e4nge ja j\u00f5ukatsumisi, r\u00e4\u00e4gitakse vanadest kommetest ja tutvustatakse oma k\u00fcla tegemisi. Lisaks kogukondadele on avatud ja pakuvad maaselitsa toite s\u00f6\u00f6gikohad Taarka Tar\u00f5 Obinitsas, Seto Ts\u00e4imaja V\u00e4rskas, kodurestoran Maag\u00f5k\u00f5n\u00f5 Saaboldas ja Inara Vanavalg\u00f5 Kohvitar\u00f5 Mikitam\u00e4el.<br><br>Rohkem infot leiab Seto K\u00fc\u00fck kodulehelt &#8211; <a href=\"https:\/\/www.setokyyk.ee\/et\/maaselits-2024\" target=\"_blank\" rel=\"noreferrer noopener\">https:\/\/www.setokyyk.ee\/et\/maaselits-2024<\/a> &#8211; ja Seto K\u00fc\u00fck Facebooki lehelt &#8211; <a href=\"https:\/\/www.facebook.com\/SetoKyyk\" target=\"_blank\" rel=\"noreferrer noopener\">https:\/\/www.facebook.com\/SetoKyyk<\/a>.<br><br>S\u00fcndmuse Maaselits Setomaal korraldamine toimub projekti Seto K\u00fc\u00fck ja Seto kostip\u00e4iv raames ja on osa Euroopa kultuuripealinna Tartu 2024 p\u00f5hiprogrammi kuuluvast L\u00f5una-Eesti kogukonnaprogrammist.<br><br>Lisainfo:<br>Liis Kogerman<br>MT\u00dc Seto K\u00fc\u00fck tegevjuht<br><a href=\"mailto:kyyk@setomaa.ee\" target=\"_blank\" rel=\"noreferrer noopener\">kyyk@setomaa.ee<\/a><br>+372 58 100 443<\/p>\n\n\n\n<p class=\"wp-el\"><img decoding=\"async\" loading=\"lazy\" width=\"128\" height=\"128\" class=\"wp-image-12016\" style=\"width: 20px;\" src=\"https:\/\/visitsouthestonia.com\/community\/wp-content\/uploads\/2023\/05\/must-nool.png\" alt=\"\" srcset=\"https:\/\/visitsouthestonia.com\/community\/wp-content\/uploads\/2023\/05\/must-nool.png 128w, https:\/\/visitsouthestonia.com\/community\/wp-content\/uploads\/2023\/05\/must-nool-51x51.png 51w, https:\/\/visitsouthestonia.com\/community\/wp-content\/uploads\/2023\/05\/must-nool-70x70.png 70w, https:\/\/visitsouthestonia.com\/community\/wp-content\/uploads\/2023\/05\/must-nool-120x120.png 120w, https:\/\/visitsouthestonia.com\/community\/wp-content\/uploads\/2023\/05\/must-nool-100x100.png 100w, https:\/\/visitsouthestonia.com\/community\/wp-content\/uploads\/2023\/05\/must-nool-54x54.png 54w\" sizes=\"(max-width: 128px) 100vw, 128px\" \/> Rohkem infot <a href=\"https:\/\/visitsouthestonia.com\/community\/tartu-2024\/\" target=\"_blank\" rel=\"noreferrer noopener\">E<\/a><a href=\"https:\/\/visitsouthestonia.com\/community\/euroopa-kultuuripealinn-tartu-2024-louna-eesti-kogukonnaprogramm\/\" target=\"_blank\" rel=\"noreferrer noopener\">uroopa kultuuripealinn Tartu 2024 L\u00f5una-Eesti kogukonnaprogrammist<\/a><\/p>\n","protected":false},"excerpt":{"rendered":"<p>6 kogukonda Setomaal ootavad 17. m\u00e4rtsil maaselitsa t\u00e4histama 13.03.2024 P\u00fchap\u00e4eval, 17. m\u00e4rtsil kella 11-16ni saab Setomaal t\u00e4histada maaselitsa ehk vastlaid&#8230;<\/p>\n","protected":false},"author":211,"featured_media":0,"parent":12138,"menu_order":0,"comment_status":"closed","ping_status":"closed","template":"","meta":{"advgb_blocks_editor_width":"","advgb_blocks_columns_visual_guide":"","footnotes":"","_links_to":"","_links_to_target":""},"acf":[],"yoast_head":"<!-- This site is optimized with the Yoast SEO plugin v21.4 - https:\/\/yoast.com\/wordpress\/plugins\/seo\/ -->\n<title>6 kogukonda Setomaal ootavad maaselitsa t\u00e4histama - visitsouthestonia<\/title>\n<meta name=\"robots\" content=\"index, follow, max-snippet:-1, max-image-preview:large, max-video-preview:-1\" \/>\n<link rel=\"canonical\" href=\"https:\/\/visitsouthestonia.com\/tartu-2024\/seto-kostipaiva-aastaring\/6-kogukonda-setomaal-ootavad-maaselitsa-tahistama\/\" \/>\n<meta property=\"og:locale\" content=\"et_EE\" \/>\n<meta property=\"og:type\" content=\"article\" \/>\n<meta property=\"og:title\" content=\"6 kogukonda Setomaal ootavad maaselitsa t\u00e4histama - visitsouthestonia\" \/>\n<meta property=\"og:description\" content=\"6 kogukonda Setomaal ootavad 17. m\u00e4rtsil maaselitsa t\u00e4histama 13.03.2024 P\u00fchap\u00e4eval, 17. m\u00e4rtsil kella 11-16ni saab Setomaal t\u00e4histada maaselitsa ehk vastlaid...\" \/>\n<meta property=\"og:url\" content=\"https:\/\/visitsouthestonia.com\/tartu-2024\/seto-kostipaiva-aastaring\/6-kogukonda-setomaal-ootavad-maaselitsa-tahistama\/\" \/>\n<meta property=\"og:site_name\" content=\"visitsouthestonia\" \/>\n<meta property=\"og:image\" content=\"https:\/\/visitsouthestonia.com\/wp-content\/uploads\/2023\/05\/must-nool.png\" \/>\n<meta name=\"twitter:card\" content=\"summary_large_image\" \/>\n<meta name=\"twitter:label1\" content=\"Est. reading time\" \/>\n\t<meta name=\"twitter:data1\" content=\"2 minutit\" \/>\n<script type=\"application\/ld+json\" class=\"yoast-schema-graph\">{\"@context\":\"https:\/\/schema.org\",\"@graph\":[{\"@type\":\"WebPage\",\"@id\":\"https:\/\/visitsouthestonia.com\/tartu-2024\/seto-kostipaiva-aastaring\/6-kogukonda-setomaal-ootavad-maaselitsa-tahistama\/\",\"url\":\"https:\/\/visitsouthestonia.com\/tartu-2024\/seto-kostipaiva-aastaring\/6-kogukonda-setomaal-ootavad-maaselitsa-tahistama\/\",\"name\":\"6 kogukonda Setomaal ootavad maaselitsa t\u00e4histama - visitsouthestonia\",\"isPartOf\":{\"@id\":\"https:\/\/visitsouthestonia.com\/community\/#website\"},\"datePublished\":\"2024-03-13T13:07:52+00:00\",\"dateModified\":\"2024-03-13T13:07:52+00:00\",\"breadcrumb\":{\"@id\":\"https:\/\/visitsouthestonia.com\/tartu-2024\/seto-kostipaiva-aastaring\/6-kogukonda-setomaal-ootavad-maaselitsa-tahistama\/#breadcrumb\"},\"inLanguage\":\"et\",\"potentialAction\":[{\"@type\":\"ReadAction\",\"target\":[\"https:\/\/visitsouthestonia.com\/tartu-2024\/seto-kostipaiva-aastaring\/6-kogukonda-setomaal-ootavad-maaselitsa-tahistama\/\"]}]},{\"@type\":\"BreadcrumbList\",\"@id\":\"https:\/\/visitsouthestonia.com\/tartu-2024\/seto-kostipaiva-aastaring\/6-kogukonda-setomaal-ootavad-maaselitsa-tahistama\/#breadcrumb\",\"itemListElement\":[{\"@type\":\"ListItem\",\"position\":1,\"name\":\"Tartu 2024 L\u00f5una-Eesti kogukonnaprogramm\",\"item\":\"https:\/\/visitsouthestonia.com\/tartu-2024\/\"},{\"@type\":\"ListItem\",\"position\":2,\"name\":\"Seto Kostip\u00e4iv\",\"item\":\"https:\/\/visitsouthestonia.com\/tartu-2024\/seto-kostipaiva-aastaring\/\"},{\"@type\":\"ListItem\",\"position\":3,\"name\":\"6 kogukonda Setomaal ootavad maaselitsa t\u00e4histama\"}]},{\"@type\":\"WebSite\",\"@id\":\"https:\/\/visitsouthestonia.com\/community\/#website\",\"url\":\"https:\/\/visitsouthestonia.com\/community\/\",\"name\":\"visitsouthestonia\",\"description\":\"Parim puhkus veeda L\u00f5una-Eestis!\",\"potentialAction\":[{\"@type\":\"SearchAction\",\"target\":{\"@type\":\"EntryPoint\",\"urlTemplate\":\"https:\/\/visitsouthestonia.com\/community\/?s={search_term_string}\"},\"query-input\":\"required name=search_term_string\"}],\"inLanguage\":\"et\"}]}<\/script>\n<!-- \/ Yoast SEO plugin. -->","yoast_head_json":{"title":"6 kogukonda Setomaal ootavad maaselitsa t\u00e4histama - visitsouthestonia","robots":{"index":"index","follow":"follow","max-snippet":"max-snippet:-1","max-image-preview":"max-image-preview:large","max-video-preview":"max-video-preview:-1"},"canonical":"https:\/\/visitsouthestonia.com\/tartu-2024\/seto-kostipaiva-aastaring\/6-kogukonda-setomaal-ootavad-maaselitsa-tahistama\/","og_locale":"et_EE","og_type":"article","og_title":"6 kogukonda Setomaal ootavad maaselitsa t\u00e4histama - visitsouthestonia","og_description":"6 kogukonda Setomaal ootavad 17. m\u00e4rtsil maaselitsa t\u00e4histama 13.03.2024 P\u00fchap\u00e4eval, 17. m\u00e4rtsil kella 11-16ni saab Setomaal t\u00e4histada maaselitsa ehk vastlaid...","og_url":"https:\/\/visitsouthestonia.com\/tartu-2024\/seto-kostipaiva-aastaring\/6-kogukonda-setomaal-ootavad-maaselitsa-tahistama\/","og_site_name":"visitsouthestonia","og_image":[{"url":"https:\/\/visitsouthestonia.com\/wp-content\/uploads\/2023\/05\/must-nool.png"}],"twitter_card":"summary_large_image","twitter_misc":{"Est. reading time":"2 minutit"},"schema":{"@context":"https:\/\/schema.org","@graph":[{"@type":"WebPage","@id":"https:\/\/visitsouthestonia.com\/tartu-2024\/seto-kostipaiva-aastaring\/6-kogukonda-setomaal-ootavad-maaselitsa-tahistama\/","url":"https:\/\/visitsouthestonia.com\/tartu-2024\/seto-kostipaiva-aastaring\/6-kogukonda-setomaal-ootavad-maaselitsa-tahistama\/","name":"6 kogukonda Setomaal ootavad maaselitsa t\u00e4histama - visitsouthestonia","isPartOf":{"@id":"https:\/\/visitsouthestonia.com\/community\/#website"},"datePublished":"2024-03-13T13:07:52+00:00","dateModified":"2024-03-13T13:07:52+00:00","breadcrumb":{"@id":"https:\/\/visitsouthestonia.com\/tartu-2024\/seto-kostipaiva-aastaring\/6-kogukonda-setomaal-ootavad-maaselitsa-tahistama\/#breadcrumb"},"inLanguage":"et","potentialAction":[{"@type":"ReadAction","target":["https:\/\/visitsouthestonia.com\/tartu-2024\/seto-kostipaiva-aastaring\/6-kogukonda-setomaal-ootavad-maaselitsa-tahistama\/"]}]},{"@type":"BreadcrumbList","@id":"https:\/\/visitsouthestonia.com\/tartu-2024\/seto-kostipaiva-aastaring\/6-kogukonda-setomaal-ootavad-maaselitsa-tahistama\/#breadcrumb","itemListElement":[{"@type":"ListItem","position":1,"name":"Tartu 2024 L\u00f5una-Eesti kogukonnaprogramm","item":"https:\/\/visitsouthestonia.com\/tartu-2024\/"},{"@type":"ListItem","position":2,"name":"Seto Kostip\u00e4iv","item":"https:\/\/visitsouthestonia.com\/tartu-2024\/seto-kostipaiva-aastaring\/"},{"@type":"ListItem","position":3,"name":"6 kogukonda Setomaal ootavad maaselitsa t\u00e4histama"}]},{"@type":"WebSite","@id":"https:\/\/visitsouthestonia.com\/community\/#website","url":"https:\/\/visitsouthestonia.com\/community\/","name":"visitsouthestonia","description":"Parim puhkus veeda L\u00f5una-Eestis!","potentialAction":[{"@type":"SearchAction","target":{"@type":"EntryPoint","urlTemplate":"https:\/\/visitsouthestonia.com\/community\/?s={search_term_string}"},"query-input":"required name=search_term_string"}],"inLanguage":"et"}]}},"coauthors":[],"author_meta":{"author_link":"https:\/\/visitsouthestonia.com\/community\/author\/kaisa-timmi\/","display_name":"Meeri"},"relative_dates":{"created":"Posted 2 aastat ago","modified":"Updated 2 aastat ago"},"absolute_dates":{"created":"Posted on 13. m\u00e4rts 2024","modified":"Updated on 13. m\u00e4rts 2024"},"absolute_dates_time":{"created":"Posted on 13. m\u00e4rts 2024 03:07","modified":"Updated on 13. m\u00e4rts 2024 03:07"},"featured_img_caption":"","featured_img":false,"series_order":"","_links":{"self":[{"href":"https:\/\/visitsouthestonia.com\/community\/wp-json\/wp\/v2\/pages\/20373"}],"collection":[{"href":"https:\/\/visitsouthestonia.com\/community\/wp-json\/wp\/v2\/pages"}],"about":[{"href":"https:\/\/visitsouthestonia.com\/community\/wp-json\/wp\/v2\/types\/page"}],"author":[{"embeddable":true,"href":"https:\/\/visitsouthestonia.com\/community\/wp-json\/wp\/v2\/users\/211"}],"replies":[{"embeddable":true,"href":"https:\/\/visitsouthestonia.com\/community\/wp-json\/wp\/v2\/comments?post=20373"}],"version-history":[{"count":1,"href":"https:\/\/visitsouthestonia.com\/community\/wp-json\/wp\/v2\/pages\/20373\/revisions"}],"predecessor-version":[{"id":20374,"href":"https:\/\/visitsouthestonia.com\/community\/wp-json\/wp\/v2\/pages\/20373\/revisions\/20374"}],"up":[{"embeddable":true,"href":"https:\/\/visitsouthestonia.com\/community\/wp-json\/wp\/v2\/pages\/12138"}],"wp:attachment":[{"href":"https:\/\/visitsouthestonia.com\/community\/wp-json\/wp\/v2\/media?parent=20373"}],"curies":[{"name":"wp","href":"https:\/\/api.w.org\/{rel}","templated":true}]}}