{"id":20331,"date":"2024-03-06T10:22:00","date_gmt":"2024-03-06T08:22:00","guid":{"rendered":"https:\/\/visitsouthestonia.com\/community\/?page_id=20331"},"modified":"2024-03-06T11:18:08","modified_gmt":"2024-03-06T09:18:08","slug":"tartumaa-maitsed-turuhoones","status":"publish","type":"page","link":"https:\/\/visitsouthestonia.com\/community\/tartu-2024\/tartumaa-toidufestival-2023-ja-2024\/tartumaa-maitsed-turuhoones\/","title":{"rendered":"Tartumaa Maitsed Turuhoones"},"content":{"rendered":"\n<h2 class=\"wp-block-heading wp-el\"><strong>Tartumaa Maitsed Turuhoones l\u00f5petasid sadakond \u00f5htust k\u00fclalist Eesti vabariigi s\u00fcnnip\u00e4evale p\u00fchendatud \u00f5htus\u00f6\u00f6giga<\/strong><\/h2>\n\n\n\n<p class=\"wp-el\">6.03.2024<\/p>\n\n\n\n<p class=\"wp-el\">Tartu Turuhoone koos peakoka Priit Toomitsa, taustaj\u00f5u Gustav Cateringi ja Tartumaa toidus\u00fcndmuste sarjaga Tirin v\u00f5\u00f5rustas s\u00fcndmuse Tartumaa Maitsed raames Eesti vabariigi aastap\u00e4evale p\u00fchendatud buffee-\u00f5htus\u00f6\u00f6gil ligikaudu 120 k\u00fclalist.<\/p>\n\n\n\n<p class=\"wp-el\">Pidulik \u00f5htus\u00f6\u00f6k v\u00f5ttis kokku n\u00e4dalajagu tavap\u00e4rasest erinevat saginat Tartu Turuhoones. N\u00e4dala sisse mahtusid lisaks \u00f5htus\u00f6\u00f6gile Tartu Rakendusliku Kolled\u017ei VOCO t\u00f6\u00f6toad ja senisest suurem hulk Tartumaa kohalikke v\u00e4iketootjaid kauplejate ridades. Pidulauale j\u00f5udsid Tartumaa toiduv\u00f5rgustikust teiste hulgas Viinam\u00e4rdi Talu j\u00e4\u00e4tis ja J\u00e4riste Veinitalu joogid. Reede\u00f5htusel \u00fcritusel oli k\u00fclalistel v\u00f5imalus uudistada ka turu keldrikorrust, kuhu tavak\u00fclastajana igap\u00e4evaselt satu.<\/p>\n\n\n\n<figure class=\"wp-block-image size-large\"><img decoding=\"async\" loading=\"lazy\" width=\"1200\" height=\"800\" src=\"https:\/\/visitsouthestonia.com\/community\/wp-content\/uploads\/2024\/03\/VOCO-ja-Triinu-Toidumaailma-tootoad-Turuhoones_foto-Ketlin-Laats-1200x800.jpg\" alt=\"\" class=\"wp-image-20332\" srcset=\"https:\/\/visitsouthestonia.com\/community\/wp-content\/uploads\/2024\/03\/VOCO-ja-Triinu-Toidumaailma-tootoad-Turuhoones_foto-Ketlin-Laats-1200x800.jpg 1200w, https:\/\/visitsouthestonia.com\/community\/wp-content\/uploads\/2024\/03\/VOCO-ja-Triinu-Toidumaailma-tootoad-Turuhoones_foto-Ketlin-Laats-768x512.jpg 768w, https:\/\/visitsouthestonia.com\/community\/wp-content\/uploads\/2024\/03\/VOCO-ja-Triinu-Toidumaailma-tootoad-Turuhoones_foto-Ketlin-Laats-1536x1024.jpg 1536w, https:\/\/visitsouthestonia.com\/community\/wp-content\/uploads\/2024\/03\/VOCO-ja-Triinu-Toidumaailma-tootoad-Turuhoones_foto-Ketlin-Laats-350x233.jpg 350w, https:\/\/visitsouthestonia.com\/community\/wp-content\/uploads\/2024\/03\/VOCO-ja-Triinu-Toidumaailma-tootoad-Turuhoones_foto-Ketlin-Laats-1100x734.jpg 1100w, https:\/\/visitsouthestonia.com\/community\/wp-content\/uploads\/2024\/03\/VOCO-ja-Triinu-Toidumaailma-tootoad-Turuhoones_foto-Ketlin-Laats-230x153.jpg 230w, https:\/\/visitsouthestonia.com\/community\/wp-content\/uploads\/2024\/03\/VOCO-ja-Triinu-Toidumaailma-tootoad-Turuhoones_foto-Ketlin-Laats-105x70.jpg 105w, https:\/\/visitsouthestonia.com\/community\/wp-content\/uploads\/2024\/03\/VOCO-ja-Triinu-Toidumaailma-tootoad-Turuhoones_foto-Ketlin-Laats-188x125.jpg 188w, https:\/\/visitsouthestonia.com\/community\/wp-content\/uploads\/2024\/03\/VOCO-ja-Triinu-Toidumaailma-tootoad-Turuhoones_foto-Ketlin-Laats-81x54.jpg 81w, https:\/\/visitsouthestonia.com\/community\/wp-content\/uploads\/2024\/03\/VOCO-ja-Triinu-Toidumaailma-tootoad-Turuhoones_foto-Ketlin-Laats-370x247.jpg 370w, https:\/\/visitsouthestonia.com\/community\/wp-content\/uploads\/2024\/03\/VOCO-ja-Triinu-Toidumaailma-tootoad-Turuhoones_foto-Ketlin-Laats.jpg 1720w\" sizes=\"(max-width: 1200px) 100vw, 1200px\" \/><figcaption class=\"wp-element-caption\">Foto: Ketlin L\u00e4\u00e4ts<\/figcaption><\/figure>\n\n\n\n<p class=\"wp-el\">Tartu Turu tegevjuht Rene Kiis r\u00f5\u00f5mustas \u00f5htus\u00f6\u00f6gil n\u00e4dalat kokkuv\u00f5ttes peamiselt selle \u00fcle, et Tartumaa toiduv\u00f5rgustik astus sammukese Tartu turule l\u00e4hemale: \u201cOli uusi p\u00f5nevaid maitseid, kifti energiat, tekkis uusi kontakte. Isiklik lemmik kauplejate hulgas oli VOCO pagaridaamide seltskond oma sini-must-valgete s\u00f5\u00f5rikutega. Just sellise s\u00e4rtsuga, nagu turukaupleja hinges v\u00f5iks olla.\u201d Kiis selgitas, et juba teist korda toimunud s\u00fcndmuse peamine eesm\u00e4rk on olla turuga kogukonnale avatum, kasutada maksimaalselt ajaloolise turuhoone potentsiaali ja tuua turule igas vanuses k\u00fclastajad ning uusi kauplejaid. \u201c\u00dchendame traditsioone ja loome trende. Selleks, et kauplejal turul h\u00e4sti l\u00e4heks, peab ta oma ostjat tundma ja teadma, mis tooted l\u00e4hevad peale. Minu lemmik-proua kalapurkidega k\u00e4is kolmap\u00e4eval \u00e4ra ja \u00fctleski, et otsa said, l\u00e4hen teen kodus juurde. Reedeks oli tagasi,\u201d lisas Kiis muheledes.<\/p>\n\n\n\n<p class=\"wp-el\">Viie p\u00e4eva jooksul k\u00e4is turult l\u00e4bi hinnanguliselt \u00fcle 10 000 inimese. Kiis nendib, et Turuhoone \u00fcksi on lihtsalt maja, aga majale saab anda hinge, emotsiooni ja elu tegevusega selle sees. Seet\u00f5ttu on tulevikuplaanidesse kirjutatud ka tihedam koost\u00f6\u00f6 Tartu giididega. Et tutvustada kauplemiseks vajalikku infrastruktuuri, said k\u00fclalised pidus\u00f6\u00f6gi \u00f5htul piiluda turu keldrikorruse papipressimisruumi ja k\u00fclmlattu.<\/p>\n\n\n\n<p class=\"wp-el\">Vabariigi s\u00fcnnip\u00e4eva men\u00fc\u00fc ja pidus\u00f6\u00f6k valmis koost\u00f6\u00f6s peakokk Priit Toomitsa ja Gustav Cateringiga. Riho Sommerman, Gustav Cateringi peakokk: \u201cP\u00f5nev v\u00e4ljakutse oli &#8211; siduda turult leitav kohalik tooraine maailma k\u00f6\u00f6giga. K\u00f5ige lihtsam n\u00e4ide kahe k\u00f6\u00f6gi segunemisest men\u00fc\u00fcs on ehk tiramisu kook, mille tegime kaerahelbek\u00fcpsistest ja lisasime kreemile kama.\u201d Gustav Cateringi projektijuht Karoliina Lass lisas, et p\u00f5nev oli kohalike joogitootjate valikust ekstraspetsiaalselt pidus\u00f6\u00f6giks signatuurkokteil valmis timmida &#8211; musts\u00f5stra spritz J\u00e4riste Veinitalu toodetud lik\u00f6\u00f6rist. Priit Toomits peakokana m\u00f5tiskleb tagasihoidlikult, et koka jaoks on selline ettev\u00f5tmine mingis m\u00f5ttes t\u00f6\u00f6 nagu t\u00f6\u00f6 ikka, aga tunnistas ka, et v\u00e4ike \u00e4revus on siiski sees. Hoolimata sellest, et pidulised paistsid nii melu kui toidulauda nautivat, plaanis ta tibusid julgemalt lugeda p\u00e4rast magustoidu serveerimist.<\/p>\n\n\n\n<p class=\"wp-el\">VOCO toidukoolituste koolitusjuht Marju H\u00f5bej\u00e4rv-S\u00e4rg hinnangul l\u00e4ks n\u00e4dal t\u00f6\u00f6tubadega edukalt. Osalejaid oli juhuse tahtel saabunud isegi pealinnast. Triin, kes oli t\u00f6\u00f6toa kinkekaardi pojalt s\u00fcnnip\u00e4evaks saanud nentis, et oligi hea p\u00f5hjus Tartusse tulla ja muuhulgas ka uus oskus omandada &#8211; kuidas isu\u00e4ratav suupistevaagen kokku s\u00e4ttida. Lisaks t\u00f5i koolitusjuht v\u00e4lja, et sellised ettev\u00f5tmised annavad \u00f5pilastele hea v\u00f5imaluse saada tunnetus, kuidas turul oma toodanguga kauplemine k\u00e4ib ja ka tutvustada kooli ning erinevaid \u00f5ppimisv\u00f5imalusi.<\/p>\n\n\n\n<p class=\"wp-el\">Kauplejate s\u00f5nul oli peamine s\u00fcndmuse kasutegur, et sellised ettev\u00f5tmised rikastavad turupilti ja toodanguvalikut. Seljamaa talu perenaine Elle Armi t\u00f5i muuhulgas positiivsena v\u00e4lja, et kundede hulgas oli ka nooremaid inimesi ja nentis, et sai turunduseks ka m\u00f5ne hea nipi kaasa &#8211; sotsiaalmeedia videopostituste kaudu, mis s\u00fcndmust reklaamisid, j\u00f5udis tema leti taha v\u00e4hemalt kolm kundet koduseid marjasiirupeid ja mahlu n\u00f5utama.<\/p>\n\n\n\n<p class=\"wp-el\">Tartumaa Maitsed Turuhoones oli osa s\u00fcndmuste sarjast Tirin, mis kuulub Euroopa kultuuripealinn Tartu 2024 L\u00f5una-Eesti kogukonnaprogrammi. Sarja korraldavad Tartu kultuuripealinn 2024 korraldusmeeskond, LEADER tegevusr\u00fchm Tartumaa Arendusselts, piirkonna kohalikud omavalitsused, toiduvaldkonna tootjad-ettev\u00f5tjad ja tegusad kogukondade liikmed. \u00dcritusesarja programm on leitav veebist<a href=\"https:\/\/www.tartumaa.ee\/tirin\"> <\/a><a href=\"http:\/\/www.tartumaa.ee\/tirin\">www.tartumaa.ee\/tirin<\/a>,<a href=\"https:\/\/www.facebook.com\/tartumainetoit\"> Facebook<\/a>ist ja <a href=\"https:\/\/www.instagram.com\/tartumainetoit\/\">Instagram<\/a>ist @tartumainetoit.<\/p>\n\n\n\n<p class=\"wp-el\"><em>Armastus k\u00e4ib Tartumaa kaudu!<br><\/em><\/p>\n\n\n\n<p class=\"wp-el\">Keit Lipp, Katri Kuusk<br>Tartumaa toiduv\u00f5rgustik<br>Tartumaa Arendusselts<\/p>\n\n\n\n<p class=\"wp-el\"><img decoding=\"async\" loading=\"lazy\" width=\"128\" height=\"128\" class=\"wp-image-12016\" style=\"width: 20px;\" src=\"https:\/\/visitsouthestonia.com\/community\/wp-content\/uploads\/2023\/05\/must-nool.png\" alt=\"\" srcset=\"https:\/\/visitsouthestonia.com\/community\/wp-content\/uploads\/2023\/05\/must-nool.png 128w, https:\/\/visitsouthestonia.com\/community\/wp-content\/uploads\/2023\/05\/must-nool-51x51.png 51w, https:\/\/visitsouthestonia.com\/community\/wp-content\/uploads\/2023\/05\/must-nool-70x70.png 70w, https:\/\/visitsouthestonia.com\/community\/wp-content\/uploads\/2023\/05\/must-nool-120x120.png 120w, https:\/\/visitsouthestonia.com\/community\/wp-content\/uploads\/2023\/05\/must-nool-100x100.png 100w, https:\/\/visitsouthestonia.com\/community\/wp-content\/uploads\/2023\/05\/must-nool-54x54.png 54w\" sizes=\"(max-width: 128px) 100vw, 128px\" \/> Rohkem infot <a href=\"https:\/\/visitsouthestonia.com\/community\/tartu-2024\/\" target=\"_blank\" rel=\"noreferrer noopener\">E<\/a><a href=\"https:\/\/visitsouthestonia.com\/community\/euroopa-kultuuripealinn-tartu-2024-louna-eesti-kogukonnaprogramm\/\" target=\"_blank\" rel=\"noreferrer noopener\">uroopa kultuuripealinn Tartu 2024 L\u00f5una-Eesti kogukonnaprogrammist<\/a><\/p>\n","protected":false},"excerpt":{"rendered":"<p>Tartumaa Maitsed Turuhoones l\u00f5petasid sadakond \u00f5htust k\u00fclalist Eesti vabariigi s\u00fcnnip\u00e4evale p\u00fchendatud \u00f5htus\u00f6\u00f6giga 6.03.2024 Tartu Turuhoone koos peakoka Priit Toomitsa, taustaj\u00f5u&#8230;<\/p>\n","protected":false},"author":211,"featured_media":0,"parent":12163,"menu_order":0,"comment_status":"closed","ping_status":"closed","template":"","meta":{"advgb_blocks_editor_width":"","advgb_blocks_columns_visual_guide":"","footnotes":"","_links_to":"","_links_to_target":""},"acf":[],"yoast_head":"<!-- This site is optimized with the Yoast SEO plugin v21.4 - https:\/\/yoast.com\/wordpress\/plugins\/seo\/ -->\n<title>Tartumaa Maitsed Turuhoones - visitsouthestonia<\/title>\n<meta name=\"robots\" content=\"index, follow, max-snippet:-1, max-image-preview:large, max-video-preview:-1\" \/>\n<link rel=\"canonical\" href=\"https:\/\/visitsouthestonia.com\/tartu-2024\/tartumaa-toidufestival-2023-ja-2024\/tartumaa-maitsed-turuhoones\/\" \/>\n<meta property=\"og:locale\" content=\"et_EE\" \/>\n<meta property=\"og:type\" content=\"article\" \/>\n<meta property=\"og:title\" content=\"Tartumaa Maitsed Turuhoones - visitsouthestonia\" \/>\n<meta property=\"og:description\" content=\"Tartumaa Maitsed Turuhoones l\u00f5petasid sadakond \u00f5htust k\u00fclalist Eesti vabariigi s\u00fcnnip\u00e4evale p\u00fchendatud \u00f5htus\u00f6\u00f6giga 6.03.2024 Tartu Turuhoone koos peakoka Priit Toomitsa, taustaj\u00f5u...\" \/>\n<meta property=\"og:url\" content=\"https:\/\/visitsouthestonia.com\/tartu-2024\/tartumaa-toidufestival-2023-ja-2024\/tartumaa-maitsed-turuhoones\/\" \/>\n<meta property=\"og:site_name\" content=\"visitsouthestonia\" \/>\n<meta property=\"article:modified_time\" content=\"2024-03-06T09:18:08+00:00\" \/>\n<meta property=\"og:image\" content=\"https:\/\/visitsouthestonia.com\/wp-content\/uploads\/2024\/03\/VOCO-ja-Triinu-Toidumaailma-tootoad-Turuhoones_foto-Ketlin-Laats-1200x800.jpg\" \/>\n<meta name=\"twitter:card\" content=\"summary_large_image\" \/>\n<meta name=\"twitter:label1\" content=\"Est. reading time\" \/>\n\t<meta name=\"twitter:data1\" content=\"4 minutit\" \/>\n<script type=\"application\/ld+json\" class=\"yoast-schema-graph\">{\"@context\":\"https:\/\/schema.org\",\"@graph\":[{\"@type\":\"WebPage\",\"@id\":\"https:\/\/visitsouthestonia.com\/tartu-2024\/tartumaa-toidufestival-2023-ja-2024\/tartumaa-maitsed-turuhoones\/\",\"url\":\"https:\/\/visitsouthestonia.com\/tartu-2024\/tartumaa-toidufestival-2023-ja-2024\/tartumaa-maitsed-turuhoones\/\",\"name\":\"Tartumaa Maitsed Turuhoones - visitsouthestonia\",\"isPartOf\":{\"@id\":\"https:\/\/visitsouthestonia.com\/community\/#website\"},\"datePublished\":\"2024-03-06T08:22:00+00:00\",\"dateModified\":\"2024-03-06T09:18:08+00:00\",\"breadcrumb\":{\"@id\":\"https:\/\/visitsouthestonia.com\/tartu-2024\/tartumaa-toidufestival-2023-ja-2024\/tartumaa-maitsed-turuhoones\/#breadcrumb\"},\"inLanguage\":\"et\",\"potentialAction\":[{\"@type\":\"ReadAction\",\"target\":[\"https:\/\/visitsouthestonia.com\/tartu-2024\/tartumaa-toidufestival-2023-ja-2024\/tartumaa-maitsed-turuhoones\/\"]}]},{\"@type\":\"BreadcrumbList\",\"@id\":\"https:\/\/visitsouthestonia.com\/tartu-2024\/tartumaa-toidufestival-2023-ja-2024\/tartumaa-maitsed-turuhoones\/#breadcrumb\",\"itemListElement\":[{\"@type\":\"ListItem\",\"position\":1,\"name\":\"Tartu 2024 L\u00f5una-Eesti kogukonnaprogramm\",\"item\":\"https:\/\/visitsouthestonia.com\/tartu-2024\/\"},{\"@type\":\"ListItem\",\"position\":2,\"name\":\"Tartumaa toidus\u00fcndmuste sari \u201eTirin\u201c\",\"item\":\"https:\/\/visitsouthestonia.com\/tartu-2024\/tartumaa-toidufestival-2023-ja-2024\/\"},{\"@type\":\"ListItem\",\"position\":3,\"name\":\"Tartumaa Maitsed Turuhoones\"}]},{\"@type\":\"WebSite\",\"@id\":\"https:\/\/visitsouthestonia.com\/community\/#website\",\"url\":\"https:\/\/visitsouthestonia.com\/community\/\",\"name\":\"visitsouthestonia\",\"description\":\"Parim puhkus veeda L\u00f5una-Eestis!\",\"potentialAction\":[{\"@type\":\"SearchAction\",\"target\":{\"@type\":\"EntryPoint\",\"urlTemplate\":\"https:\/\/visitsouthestonia.com\/community\/?s={search_term_string}\"},\"query-input\":\"required name=search_term_string\"}],\"inLanguage\":\"et\"}]}<\/script>\n<!-- \/ Yoast SEO plugin. -->","yoast_head_json":{"title":"Tartumaa Maitsed Turuhoones - visitsouthestonia","robots":{"index":"index","follow":"follow","max-snippet":"max-snippet:-1","max-image-preview":"max-image-preview:large","max-video-preview":"max-video-preview:-1"},"canonical":"https:\/\/visitsouthestonia.com\/tartu-2024\/tartumaa-toidufestival-2023-ja-2024\/tartumaa-maitsed-turuhoones\/","og_locale":"et_EE","og_type":"article","og_title":"Tartumaa Maitsed Turuhoones - visitsouthestonia","og_description":"Tartumaa Maitsed Turuhoones l\u00f5petasid sadakond \u00f5htust k\u00fclalist Eesti vabariigi s\u00fcnnip\u00e4evale p\u00fchendatud \u00f5htus\u00f6\u00f6giga 6.03.2024 Tartu Turuhoone koos peakoka Priit Toomitsa, taustaj\u00f5u...","og_url":"https:\/\/visitsouthestonia.com\/tartu-2024\/tartumaa-toidufestival-2023-ja-2024\/tartumaa-maitsed-turuhoones\/","og_site_name":"visitsouthestonia","article_modified_time":"2024-03-06T09:18:08+00:00","og_image":[{"url":"https:\/\/visitsouthestonia.com\/wp-content\/uploads\/2024\/03\/VOCO-ja-Triinu-Toidumaailma-tootoad-Turuhoones_foto-Ketlin-Laats-1200x800.jpg"}],"twitter_card":"summary_large_image","twitter_misc":{"Est. reading time":"4 minutit"},"schema":{"@context":"https:\/\/schema.org","@graph":[{"@type":"WebPage","@id":"https:\/\/visitsouthestonia.com\/tartu-2024\/tartumaa-toidufestival-2023-ja-2024\/tartumaa-maitsed-turuhoones\/","url":"https:\/\/visitsouthestonia.com\/tartu-2024\/tartumaa-toidufestival-2023-ja-2024\/tartumaa-maitsed-turuhoones\/","name":"Tartumaa Maitsed Turuhoones - visitsouthestonia","isPartOf":{"@id":"https:\/\/visitsouthestonia.com\/community\/#website"},"datePublished":"2024-03-06T08:22:00+00:00","dateModified":"2024-03-06T09:18:08+00:00","breadcrumb":{"@id":"https:\/\/visitsouthestonia.com\/tartu-2024\/tartumaa-toidufestival-2023-ja-2024\/tartumaa-maitsed-turuhoones\/#breadcrumb"},"inLanguage":"et","potentialAction":[{"@type":"ReadAction","target":["https:\/\/visitsouthestonia.com\/tartu-2024\/tartumaa-toidufestival-2023-ja-2024\/tartumaa-maitsed-turuhoones\/"]}]},{"@type":"BreadcrumbList","@id":"https:\/\/visitsouthestonia.com\/tartu-2024\/tartumaa-toidufestival-2023-ja-2024\/tartumaa-maitsed-turuhoones\/#breadcrumb","itemListElement":[{"@type":"ListItem","position":1,"name":"Tartu 2024 L\u00f5una-Eesti kogukonnaprogramm","item":"https:\/\/visitsouthestonia.com\/tartu-2024\/"},{"@type":"ListItem","position":2,"name":"Tartumaa toidus\u00fcndmuste sari \u201eTirin\u201c","item":"https:\/\/visitsouthestonia.com\/tartu-2024\/tartumaa-toidufestival-2023-ja-2024\/"},{"@type":"ListItem","position":3,"name":"Tartumaa Maitsed Turuhoones"}]},{"@type":"WebSite","@id":"https:\/\/visitsouthestonia.com\/community\/#website","url":"https:\/\/visitsouthestonia.com\/community\/","name":"visitsouthestonia","description":"Parim puhkus veeda L\u00f5una-Eestis!","potentialAction":[{"@type":"SearchAction","target":{"@type":"EntryPoint","urlTemplate":"https:\/\/visitsouthestonia.com\/community\/?s={search_term_string}"},"query-input":"required name=search_term_string"}],"inLanguage":"et"}]}},"coauthors":[],"author_meta":{"author_link":"https:\/\/visitsouthestonia.com\/community\/author\/kaisa-timmi\/","display_name":"Meeri"},"relative_dates":{"created":"Posted 2 aastat ago","modified":"Updated 2 aastat ago"},"absolute_dates":{"created":"Posted on 6. m\u00e4rts 2024","modified":"Updated on 6. m\u00e4rts 2024"},"absolute_dates_time":{"created":"Posted on 6. m\u00e4rts 2024 10:22","modified":"Updated on 6. m\u00e4rts 2024 11:18"},"featured_img_caption":"","featured_img":false,"series_order":"","_links":{"self":[{"href":"https:\/\/visitsouthestonia.com\/community\/wp-json\/wp\/v2\/pages\/20331"}],"collection":[{"href":"https:\/\/visitsouthestonia.com\/community\/wp-json\/wp\/v2\/pages"}],"about":[{"href":"https:\/\/visitsouthestonia.com\/community\/wp-json\/wp\/v2\/types\/page"}],"author":[{"embeddable":true,"href":"https:\/\/visitsouthestonia.com\/community\/wp-json\/wp\/v2\/users\/211"}],"replies":[{"embeddable":true,"href":"https:\/\/visitsouthestonia.com\/community\/wp-json\/wp\/v2\/comments?post=20331"}],"version-history":[{"count":2,"href":"https:\/\/visitsouthestonia.com\/community\/wp-json\/wp\/v2\/pages\/20331\/revisions"}],"predecessor-version":[{"id":20340,"href":"https:\/\/visitsouthestonia.com\/community\/wp-json\/wp\/v2\/pages\/20331\/revisions\/20340"}],"up":[{"embeddable":true,"href":"https:\/\/visitsouthestonia.com\/community\/wp-json\/wp\/v2\/pages\/12163"}],"wp:attachment":[{"href":"https:\/\/visitsouthestonia.com\/community\/wp-json\/wp\/v2\/media?parent=20331"}],"curies":[{"name":"wp","href":"https:\/\/api.w.org\/{rel}","templated":true}]}}