{"id":20096,"date":"2024-01-24T16:51:02","date_gmt":"2024-01-24T14:51:02","guid":{"rendered":"https:\/\/visitsouthestonia.com\/community\/?page_id=20096"},"modified":"2024-09-02T08:38:12","modified_gmt":"2024-09-02T05:38:12","slug":"kogukonnafestival-ellujaamise-kunstid","status":"publish","type":"page","link":"https:\/\/visitsouthestonia.com\/community\/tartu-2024\/kogukonnafestival-ellujaamise-kunstid\/","title":{"rendered":"R\u00f5uge kogukonnafestival \u201eElluj\u00e4\u00e4mise kunstid\u201d"},"content":{"rendered":"\n<p class=\"has-text-align-right wp-el\"><a href=\"https:\/\/visitsouthestonia.com\/community\/en\/tartu-2024\/community-festival-arts-of-survival\/\" target=\"_blank\" rel=\"noreferrer noopener\">&gt;&gt;&gt;ENG<\/a><\/p>\n\n\n\n<figure class=\"wp-block-image size-full\"><img decoding=\"async\" loading=\"lazy\" width=\"1200\" height=\"120\" src=\"https:\/\/visitsouthestonia.com\/community\/wp-content\/uploads\/2023\/05\/Untitled-design12.png\" alt=\"\" class=\"wp-image-12101\" srcset=\"https:\/\/visitsouthestonia.com\/community\/wp-content\/uploads\/2023\/05\/Untitled-design12.png 1200w, https:\/\/visitsouthestonia.com\/community\/wp-content\/uploads\/2023\/05\/Untitled-design12-768x77.png 768w, https:\/\/visitsouthestonia.com\/community\/wp-content\/uploads\/2023\/05\/Untitled-design12-350x35.png 350w, https:\/\/visitsouthestonia.com\/community\/wp-content\/uploads\/2023\/05\/Untitled-design12-1100x110.png 1100w, https:\/\/visitsouthestonia.com\/community\/wp-content\/uploads\/2023\/05\/Untitled-design12-230x23.png 230w, https:\/\/visitsouthestonia.com\/community\/wp-content\/uploads\/2023\/05\/Untitled-design12-210x21.png 210w, https:\/\/visitsouthestonia.com\/community\/wp-content\/uploads\/2023\/05\/Untitled-design12-188x19.png 188w, https:\/\/visitsouthestonia.com\/community\/wp-content\/uploads\/2023\/05\/Untitled-design12-370x37.png 370w\" sizes=\"(max-width: 1200px) 100vw, 1200px\" \/><\/figure>\n\n\n\n<h1 class=\"wp-block-heading wp-el\"><strong><strong><strong><strong>R\u00f5uges on tulekul kogukonnafestival \u201eElluj\u00e4\u00e4mise kunstid\u201c<\/strong><\/strong><\/strong><\/strong><\/h1>\n\n\n\n<div class=\"wp-block-advgb-columns advgb-columns-wrapper\" id=\"advgb-cols-e7abb960-057a-412e-ba44-827b4c23fd8b\"><div class=\"advgb-columns-container\"><div class=\"advgb-columns advgb-columns-row advgb-is-mobile advgb-columns-2 layout-12-12 mbl-layout-stacked vgutter-10\">\n<div class=\"wp-block-advgb-column advgb-column advgb-is-half-tablet advgb-is-full-mobile\" id=\"advgb-col-39d0cfff-4bcf-4219-9852-b834efe08571\"><div class=\"advgb-column-inner\" style=\"border-style:none;border-width:1px\">\n<p class=\"wp-el\"><strong>2023. aastal toimus R\u00f5uge kogukonnafestival \u201eMina tean, kust tuleb minu toit\u201d<\/strong><\/p>\n\n\n\n<p class=\"wp-el\">Oled see, mida s\u00f6\u00f6d \u2013 \u00f6eldakse! R\u00f5uge rahvas teab, aga soovib veelgi rohkem teada saada ja neid teadmisi ning kohalikke maitseid ka jagada. 9. septembril 2023 R\u00f5uge \u00d6\u00f6bikuorus aset leidev kogukonna toidufestival v\u00f5tab fookusesse kohaliku toidu ja mahetoidu. <\/p>\n\n\n\n<p class=\"wp-el\">Maailma\u00fclikooli loengud, t\u00f6\u00f6toad, arutelud, \u00e4ge kultuuriprogramm ja muidugi laadamelu \u2013 see on kogukonnafestival, mis aitab m\u00f5ista meie ja maailma toidulaua \u00fcmber toimuvat.<\/p>\n\n\n\n<p class=\"wp-el\"><strong>7. septembril 2024 toimuv R\u00f5uge kogukonnafestival \u00d6\u00f6bikuorus kannab seekord pealkirja &#8220;Elluj\u00e4\u00e4mise kunstid&#8221;.<em> <\/em><\/strong>Festivali saadavad UMA MEKK laadamelu, meeleolukas kultuuriprogramm, vahva lasteala ja nunnun\u00e4itus.<\/p>\n\n\n\n<p class=\"wp-el\">Festivali loengu- ja t\u00f6\u00f6toatelgis saab sel aastal silmaringi avardada kolmes valdkonnas:<\/p>\n\n\n\n<ul class=\"wp-el\">\n<li>Toit &#8211; aed ja endale toidu kasvatamine, taimetoidud kohalikest ja metsataimedest, k\u00f5rvitsatoidud, looduskosmeetika.<\/li>\n<\/ul>\n\n\n\n<ul class=\"wp-el\">\n<li>Elluj\u00e4\u00e4miskunstid &#8211; kodust evakueerumise \u00f5pituba, kriisiinfo otsimise ABC, R\u00f5uge valla kriisiplaani tutvustus ning Luutsniku p\u00e4\u00e4ste-ennetuskeskuse tegevused.<\/li>\n<\/ul>\n\n\n\n<ul class=\"wp-el\">\n<li>Rahunemise peatus &#8211; ehk vaimsest tervisest. Kuidas lapsevanemana ellu j\u00e4\u00e4da, enesehoole alustalad ja teadlikkus, pop-up raamatukogu.<\/li>\n<\/ul>\n<\/div><\/div>\n\n\n\n<div class=\"wp-block-advgb-column advgb-column advgb-is-half-tablet advgb-is-full-mobile\" id=\"advgb-col-d79c496b-e86d-4d7e-8d82-7b6a21ccdcc6\"><div class=\"advgb-column-inner\" style=\"border-style:none;border-width:1px\">\n<p class=\"wp-el\"><img decoding=\"async\" loading=\"lazy\" width=\"128\" height=\"128\" class=\"wp-image-12103\" style=\"width: 20px;\" src=\"https:\/\/visitsouthestonia.com\/community\/wp-content\/uploads\/2023\/05\/roosa-nool-128x1281-1.png\" alt=\"\" srcset=\"https:\/\/visitsouthestonia.com\/community\/wp-content\/uploads\/2023\/05\/roosa-nool-128x1281-1.png 128w, https:\/\/visitsouthestonia.com\/community\/wp-content\/uploads\/2023\/05\/roosa-nool-128x1281-1-51x51.png 51w, https:\/\/visitsouthestonia.com\/community\/wp-content\/uploads\/2023\/05\/roosa-nool-128x1281-1-70x70.png 70w, https:\/\/visitsouthestonia.com\/community\/wp-content\/uploads\/2023\/05\/roosa-nool-128x1281-1-120x120.png 120w, https:\/\/visitsouthestonia.com\/community\/wp-content\/uploads\/2023\/05\/roosa-nool-128x1281-1-100x100.png 100w, https:\/\/visitsouthestonia.com\/community\/wp-content\/uploads\/2023\/05\/roosa-nool-128x1281-1-54x54.png 54w\" sizes=\"(max-width: 128px) 100vw, 128px\" \/> Toimumise aeg:  <strong>9. september 2023<\/strong> ja <strong>7. september 2024 <\/strong><\/p>\n\n\n\n<p class=\"wp-el\"><img decoding=\"async\" loading=\"lazy\" width=\"128\" height=\"128\" class=\"wp-image-12103\" style=\"width: 20px;\" src=\"https:\/\/visitsouthestonia.com\/community\/wp-content\/uploads\/2023\/05\/roosa-nool-128x1281-1.png\" alt=\"\" srcset=\"https:\/\/visitsouthestonia.com\/community\/wp-content\/uploads\/2023\/05\/roosa-nool-128x1281-1.png 128w, https:\/\/visitsouthestonia.com\/community\/wp-content\/uploads\/2023\/05\/roosa-nool-128x1281-1-51x51.png 51w, https:\/\/visitsouthestonia.com\/community\/wp-content\/uploads\/2023\/05\/roosa-nool-128x1281-1-70x70.png 70w, https:\/\/visitsouthestonia.com\/community\/wp-content\/uploads\/2023\/05\/roosa-nool-128x1281-1-120x120.png 120w, https:\/\/visitsouthestonia.com\/community\/wp-content\/uploads\/2023\/05\/roosa-nool-128x1281-1-100x100.png 100w, https:\/\/visitsouthestonia.com\/community\/wp-content\/uploads\/2023\/05\/roosa-nool-128x1281-1-54x54.png 54w\" sizes=\"(max-width: 128px) 100vw, 128px\" \/> Rohkem infot: <a href=\"https:\/\/rouge.kovtp.ee\/kogukonnafestival\" target=\"_blank\" rel=\"noreferrer noopener\">rouge.kovtp.ee\/kogukonnafestival<\/a> <\/p>\n\n\n\n<p class=\"wp-el\"><img decoding=\"async\" loading=\"lazy\" width=\"128\" height=\"128\" class=\"wp-image-12103\" style=\"width: 20px;\" src=\"https:\/\/visitsouthestonia.com\/community\/wp-content\/uploads\/2023\/05\/roosa-nool-128x1281-1.png\" alt=\"\" srcset=\"https:\/\/visitsouthestonia.com\/community\/wp-content\/uploads\/2023\/05\/roosa-nool-128x1281-1.png 128w, https:\/\/visitsouthestonia.com\/community\/wp-content\/uploads\/2023\/05\/roosa-nool-128x1281-1-51x51.png 51w, https:\/\/visitsouthestonia.com\/community\/wp-content\/uploads\/2023\/05\/roosa-nool-128x1281-1-70x70.png 70w, https:\/\/visitsouthestonia.com\/community\/wp-content\/uploads\/2023\/05\/roosa-nool-128x1281-1-120x120.png 120w, https:\/\/visitsouthestonia.com\/community\/wp-content\/uploads\/2023\/05\/roosa-nool-128x1281-1-100x100.png 100w, https:\/\/visitsouthestonia.com\/community\/wp-content\/uploads\/2023\/05\/roosa-nool-128x1281-1-54x54.png 54w\" sizes=\"(max-width: 128px) 100vw, 128px\" \/> Sotsiaalmeedia: <a href=\"https:\/\/www.facebook.com\/events\/801042605464494\" target=\"_blank\" rel=\"noreferrer noopener\">facebook.com\/events<\/a><\/p>\n\n\n\n<p class=\"wp-el\"><img decoding=\"async\" loading=\"lazy\" width=\"128\" height=\"128\" class=\"wp-image-12103\" style=\"width: 20px;\" src=\"https:\/\/visitsouthestonia.com\/community\/wp-content\/uploads\/2023\/05\/roosa-nool-128x1281-1.png\" alt=\"\" srcset=\"https:\/\/visitsouthestonia.com\/community\/wp-content\/uploads\/2023\/05\/roosa-nool-128x1281-1.png 128w, https:\/\/visitsouthestonia.com\/community\/wp-content\/uploads\/2023\/05\/roosa-nool-128x1281-1-51x51.png 51w, https:\/\/visitsouthestonia.com\/community\/wp-content\/uploads\/2023\/05\/roosa-nool-128x1281-1-70x70.png 70w, https:\/\/visitsouthestonia.com\/community\/wp-content\/uploads\/2023\/05\/roosa-nool-128x1281-1-120x120.png 120w, https:\/\/visitsouthestonia.com\/community\/wp-content\/uploads\/2023\/05\/roosa-nool-128x1281-1-100x100.png 100w, https:\/\/visitsouthestonia.com\/community\/wp-content\/uploads\/2023\/05\/roosa-nool-128x1281-1-54x54.png 54w\" sizes=\"(max-width: 128px) 100vw, 128px\" \/> Kontakt: Kaja Kesk\u00fcla, mahekiri@gmail.com, 56953206<\/p>\n\n\n\n<div class=\"wp-block-columns is-layout-flex wp-container-2 wp-block-columns-is-layout-flex\">\n<div class=\"wp-block-column is-layout-flow wp-block-column-is-layout-flow\" style=\"flex-basis:100%\">\n<figure class=\"wp-block-image size-large\"><img decoding=\"async\" loading=\"lazy\" width=\"1200\" height=\"1054\" src=\"https:\/\/visitsouthestonia.com\/community\/wp-content\/uploads\/2023\/06\/Minateankusttulebminutoit-9-1200x1054.jpg\" alt=\"\" class=\"wp-image-13133\" srcset=\"https:\/\/visitsouthestonia.com\/community\/wp-content\/uploads\/2023\/06\/Minateankusttulebminutoit-9-1200x1054.jpg 1200w, https:\/\/visitsouthestonia.com\/community\/wp-content\/uploads\/2023\/06\/Minateankusttulebminutoit-9-768x674.jpg 768w, https:\/\/visitsouthestonia.com\/community\/wp-content\/uploads\/2023\/06\/Minateankusttulebminutoit-9-1536x1349.jpg 1536w, https:\/\/visitsouthestonia.com\/community\/wp-content\/uploads\/2023\/06\/Minateankusttulebminutoit-9-2048x1798.jpg 2048w, https:\/\/visitsouthestonia.com\/community\/wp-content\/uploads\/2023\/06\/Minateankusttulebminutoit-9-350x307.jpg 350w, https:\/\/visitsouthestonia.com\/community\/wp-content\/uploads\/2023\/06\/Minateankusttulebminutoit-9-911x800.jpg 911w, https:\/\/visitsouthestonia.com\/community\/wp-content\/uploads\/2023\/06\/Minateankusttulebminutoit-9-230x202.jpg 230w, https:\/\/visitsouthestonia.com\/community\/wp-content\/uploads\/2023\/06\/Minateankusttulebminutoit-9-80x70.jpg 80w, https:\/\/visitsouthestonia.com\/community\/wp-content\/uploads\/2023\/06\/Minateankusttulebminutoit-9-188x165.jpg 188w, https:\/\/visitsouthestonia.com\/community\/wp-content\/uploads\/2023\/06\/Minateankusttulebminutoit-9-62x54.jpg 62w, https:\/\/visitsouthestonia.com\/community\/wp-content\/uploads\/2023\/06\/Minateankusttulebminutoit-9-370x325.jpg 370w\" sizes=\"(max-width: 1200px) 100vw, 1200px\" \/><figcaption class=\"wp-element-caption\">Rutt Riitsaar ja Kaja Kesk\u00fcla. Foto: Terje Atonen<\/figcaption><\/figure>\n<\/div>\n<\/div>\n<\/div><\/div>\n<\/div><\/div><\/div>\n\n\n\n<div class=\"wp-block-advgb-accordions advgb-accordions-0b12ad0d-075d-41f4-8b63-e1c725c7c2aa advgb-accordion-wrapper\" data-collapsed=\"true\">\n<div class=\"wp-block-advgb-accordion-item advgb-accordion-item\" style=\"margin-bottom:13px\"><div class=\"advgb-accordion-header\" style=\"background-color:#000;color:#eee;border-style:solid;border-width:1px;border-radius:2px\"><span class=\"advgb-accordion-header-icon\"><svg fill=\"#fff\" xmlns=\"http:\/\/www.w3.org\/2000\/svg\" width=\"24\" height=\"24\" viewBox=\"0 0 24 24\"><path opacity=\"0.87\" fill=\"none\" d=\"M24,24H0L0,0l24,0V24z\"><\/path><path d=\"M16.59,8.59L12,13.17L7.41,8.59L6,10l6,6l6-6L16.59,8.59z\"><\/path><\/svg><\/span><h3 class=\"advgb-accordion-header-title\" style=\"color:inherit\">V\u00f5rumaa s\u00fcndmused<\/h3><\/div><div class=\"advgb-accordion-body\" style=\"border-style:solid !important;border-width:1px !important;border-color:undefined !important;border-top:none !important;border-radius:2px !important\">\n<p class=\"wp-el\"><a href=\"https:\/\/visitsouthestonia.com\/community\/euroopa-kultuuripealinn-tartu-2024-louna-eesti-kogukonnaprogramm\/projekt-sanna\/\" target=\"_blank\" rel=\"noreferrer noopener\">Projekt \u201eSanna!\u201c<\/a><\/p>\n\n\n\n<p class=\"wp-el\"><a href=\"https:\/\/visitsouthestonia.com\/community\/euroopa-kultuuripealinn-tartu-2024-louna-eesti-kogukonnaprogramm\/kagu-eesti-kultuuri-ja-inspiratsioonifestival-loovus-loob-lootust\/\" target=\"_blank\" rel=\"noreferrer noopener\">Kagu-Eesti kultuuri- ja inspiratsioonifestival \u201eLoovus loob lootust!\u201c<\/a><\/p>\n\n\n\n<p class=\"wp-el\"><a href=\"https:\/\/visitsouthestonia.com\/community\/euroopa-kultuuripealinn-tartu-2024-louna-eesti-kogukonnaprogramm\/avastamata-antsla-aarded-jarved\/\" target=\"_blank\" rel=\"noreferrer noopener\">Avastamata Antsla aarded \u2013 j\u00e4rved<\/a><\/p>\n\n\n\n<p class=\"wp-el\"><a href=\"https:\/\/visitsouthestonia.com\/community\/euroopa-kultuuripealinn-tartu-2024-louna-eesti-kogukonnaprogramm\/navi-kula-kogukonnafestival-2024\/\" target=\"_blank\" rel=\"noreferrer noopener\">Navi k\u00fcla kogukonnafestival 2024<\/a><\/p>\n<\/div><\/div>\n<\/div>\n\n\n\n<p class=\"wp-el\"><img decoding=\"async\" loading=\"lazy\" width=\"128\" height=\"128\" class=\"wp-image-12016\" style=\"width: 20px;\" src=\"https:\/\/visitsouthestonia.com\/community\/wp-content\/uploads\/2023\/05\/must-nool.png\" alt=\"\" srcset=\"https:\/\/visitsouthestonia.com\/community\/wp-content\/uploads\/2023\/05\/must-nool.png 128w, https:\/\/visitsouthestonia.com\/community\/wp-content\/uploads\/2023\/05\/must-nool-51x51.png 51w, https:\/\/visitsouthestonia.com\/community\/wp-content\/uploads\/2023\/05\/must-nool-70x70.png 70w, https:\/\/visitsouthestonia.com\/community\/wp-content\/uploads\/2023\/05\/must-nool-120x120.png 120w, https:\/\/visitsouthestonia.com\/community\/wp-content\/uploads\/2023\/05\/must-nool-100x100.png 100w, https:\/\/visitsouthestonia.com\/community\/wp-content\/uploads\/2023\/05\/must-nool-54x54.png 54w\" sizes=\"(max-width: 128px) 100vw, 128px\" \/> Rohkem infot <a href=\"https:\/\/visitsouthestonia.com\/community\/tartu-2024\/\">Euroopa kultuuripealinn Tartu 2024 L\u00f5una-Eesti kogukonnaprogrammist<\/a><\/p>\n<style class=\"advgb-styles-renderer\">#advgb-cols-e7abb960-057a-412e-ba44-827b4c23fd8b{}@media screen and (max-width: 1023px) {#advgb-cols-e7abb960-057a-412e-ba44-827b4c23fd8b{}}@media screen and (max-width: 767px) {#advgb-cols-e7abb960-057a-412e-ba44-827b4c23fd8b{}}#advgb-col-39d0cfff-4bcf-4219-9852-b834efe08571>.advgb-column-inner{}@media screen and (max-width: 1023px) {#advgb-col-39d0cfff-4bcf-4219-9852-b834efe08571>.advgb-column-inner{}}@media screen and (max-width: 767px) {#advgb-col-39d0cfff-4bcf-4219-9852-b834efe08571>.advgb-column-inner{}}#advgb-col-d79c496b-e86d-4d7e-8d82-7b6a21ccdcc6>.advgb-column-inner{}@media screen and (max-width: 1023px) {#advgb-col-d79c496b-e86d-4d7e-8d82-7b6a21ccdcc6>.advgb-column-inner{}}@media screen and (max-width: 767px) {#advgb-col-d79c496b-e86d-4d7e-8d82-7b6a21ccdcc6>.advgb-column-inner{}}<\/style>","protected":false},"excerpt":{"rendered":"<p>&gt;&gt;&gt;ENG R\u00f5uges on tulekul kogukonnafestival \u201eElluj\u00e4\u00e4mise kunstid\u201c Rohkem infot Euroopa kultuuripealinn Tartu 2024 L\u00f5una-Eesti kogukonnaprogrammist<\/p>\n","protected":false},"author":211,"featured_media":0,"parent":13841,"menu_order":0,"comment_status":"closed","ping_status":"closed","template":"","meta":{"advgb_blocks_editor_width":"","advgb_blocks_columns_visual_guide":"","footnotes":"","_links_to":"","_links_to_target":""},"acf":[],"yoast_head":"<!-- This site is optimized with the Yoast SEO plugin v21.4 - https:\/\/yoast.com\/wordpress\/plugins\/seo\/ -->\n<title>R\u00f5uge kogukonnafestival \u201eElluj\u00e4\u00e4mise kunstid\u201d - visitsouthestonia<\/title>\n<meta name=\"robots\" content=\"index, follow, max-snippet:-1, max-image-preview:large, max-video-preview:-1\" \/>\n<link rel=\"canonical\" href=\"https:\/\/visitsouthestonia.com\/tartu-2024\/kogukonnafestival-ellujaamise-kunstid\/\" \/>\n<meta property=\"og:locale\" content=\"et_EE\" \/>\n<meta property=\"og:type\" content=\"article\" \/>\n<meta property=\"og:title\" content=\"R\u00f5uge kogukonnafestival \u201eElluj\u00e4\u00e4mise kunstid\u201d - visitsouthestonia\" \/>\n<meta property=\"og:description\" content=\"&gt;&gt;&gt;ENG R\u00f5uges on tulekul kogukonnafestival \u201eElluj\u00e4\u00e4mise kunstid\u201c Rohkem infot Euroopa kultuuripealinn Tartu 2024 L\u00f5una-Eesti kogukonnaprogrammist\" \/>\n<meta property=\"og:url\" content=\"https:\/\/visitsouthestonia.com\/tartu-2024\/kogukonnafestival-ellujaamise-kunstid\/\" \/>\n<meta property=\"og:site_name\" content=\"visitsouthestonia\" \/>\n<meta property=\"article:modified_time\" content=\"2024-09-02T05:38:12+00:00\" \/>\n<meta property=\"og:image\" content=\"https:\/\/visitsouthestonia.com\/wp-content\/uploads\/2023\/05\/Untitled-design12.png\" \/>\n<meta name=\"twitter:card\" content=\"summary_large_image\" \/>\n<meta name=\"twitter:label1\" content=\"Est. reading time\" \/>\n\t<meta name=\"twitter:data1\" content=\"3 minutit\" \/>\n<script type=\"application\/ld+json\" class=\"yoast-schema-graph\">{\"@context\":\"https:\/\/schema.org\",\"@graph\":[{\"@type\":\"WebPage\",\"@id\":\"https:\/\/visitsouthestonia.com\/tartu-2024\/kogukonnafestival-ellujaamise-kunstid\/\",\"url\":\"https:\/\/visitsouthestonia.com\/tartu-2024\/kogukonnafestival-ellujaamise-kunstid\/\",\"name\":\"R\u00f5uge kogukonnafestival \u201eElluj\u00e4\u00e4mise kunstid\u201d - visitsouthestonia\",\"isPartOf\":{\"@id\":\"https:\/\/visitsouthestonia.com\/community\/#website\"},\"datePublished\":\"2024-01-24T14:51:02+00:00\",\"dateModified\":\"2024-09-02T05:38:12+00:00\",\"breadcrumb\":{\"@id\":\"https:\/\/visitsouthestonia.com\/tartu-2024\/kogukonnafestival-ellujaamise-kunstid\/#breadcrumb\"},\"inLanguage\":\"et\",\"potentialAction\":[{\"@type\":\"ReadAction\",\"target\":[\"https:\/\/visitsouthestonia.com\/tartu-2024\/kogukonnafestival-ellujaamise-kunstid\/\"]}]},{\"@type\":\"BreadcrumbList\",\"@id\":\"https:\/\/visitsouthestonia.com\/tartu-2024\/kogukonnafestival-ellujaamise-kunstid\/#breadcrumb\",\"itemListElement\":[{\"@type\":\"ListItem\",\"position\":1,\"name\":\"Tartu 2024 L\u00f5una-Eesti kogukonnaprogramm\",\"item\":\"https:\/\/visitsouthestonia.com\/tartu-2024\/\"},{\"@type\":\"ListItem\",\"position\":2,\"name\":\"R\u00f5uge kogukonnafestival \u201eElluj\u00e4\u00e4mise kunstid\u201d\"}]},{\"@type\":\"WebSite\",\"@id\":\"https:\/\/visitsouthestonia.com\/community\/#website\",\"url\":\"https:\/\/visitsouthestonia.com\/community\/\",\"name\":\"visitsouthestonia\",\"description\":\"Parim puhkus veeda L\u00f5una-Eestis!\",\"potentialAction\":[{\"@type\":\"SearchAction\",\"target\":{\"@type\":\"EntryPoint\",\"urlTemplate\":\"https:\/\/visitsouthestonia.com\/community\/?s={search_term_string}\"},\"query-input\":\"required name=search_term_string\"}],\"inLanguage\":\"et\"}]}<\/script>\n<!-- \/ Yoast SEO plugin. -->","yoast_head_json":{"title":"R\u00f5uge kogukonnafestival \u201eElluj\u00e4\u00e4mise kunstid\u201d - visitsouthestonia","robots":{"index":"index","follow":"follow","max-snippet":"max-snippet:-1","max-image-preview":"max-image-preview:large","max-video-preview":"max-video-preview:-1"},"canonical":"https:\/\/visitsouthestonia.com\/tartu-2024\/kogukonnafestival-ellujaamise-kunstid\/","og_locale":"et_EE","og_type":"article","og_title":"R\u00f5uge kogukonnafestival \u201eElluj\u00e4\u00e4mise kunstid\u201d - visitsouthestonia","og_description":"&gt;&gt;&gt;ENG R\u00f5uges on tulekul kogukonnafestival \u201eElluj\u00e4\u00e4mise kunstid\u201c Rohkem infot Euroopa kultuuripealinn Tartu 2024 L\u00f5una-Eesti kogukonnaprogrammist","og_url":"https:\/\/visitsouthestonia.com\/tartu-2024\/kogukonnafestival-ellujaamise-kunstid\/","og_site_name":"visitsouthestonia","article_modified_time":"2024-09-02T05:38:12+00:00","og_image":[{"url":"https:\/\/visitsouthestonia.com\/wp-content\/uploads\/2023\/05\/Untitled-design12.png"}],"twitter_card":"summary_large_image","twitter_misc":{"Est. reading time":"3 minutit"},"schema":{"@context":"https:\/\/schema.org","@graph":[{"@type":"WebPage","@id":"https:\/\/visitsouthestonia.com\/tartu-2024\/kogukonnafestival-ellujaamise-kunstid\/","url":"https:\/\/visitsouthestonia.com\/tartu-2024\/kogukonnafestival-ellujaamise-kunstid\/","name":"R\u00f5uge kogukonnafestival \u201eElluj\u00e4\u00e4mise kunstid\u201d - visitsouthestonia","isPartOf":{"@id":"https:\/\/visitsouthestonia.com\/community\/#website"},"datePublished":"2024-01-24T14:51:02+00:00","dateModified":"2024-09-02T05:38:12+00:00","breadcrumb":{"@id":"https:\/\/visitsouthestonia.com\/tartu-2024\/kogukonnafestival-ellujaamise-kunstid\/#breadcrumb"},"inLanguage":"et","potentialAction":[{"@type":"ReadAction","target":["https:\/\/visitsouthestonia.com\/tartu-2024\/kogukonnafestival-ellujaamise-kunstid\/"]}]},{"@type":"BreadcrumbList","@id":"https:\/\/visitsouthestonia.com\/tartu-2024\/kogukonnafestival-ellujaamise-kunstid\/#breadcrumb","itemListElement":[{"@type":"ListItem","position":1,"name":"Tartu 2024 L\u00f5una-Eesti kogukonnaprogramm","item":"https:\/\/visitsouthestonia.com\/tartu-2024\/"},{"@type":"ListItem","position":2,"name":"R\u00f5uge kogukonnafestival \u201eElluj\u00e4\u00e4mise kunstid\u201d"}]},{"@type":"WebSite","@id":"https:\/\/visitsouthestonia.com\/community\/#website","url":"https:\/\/visitsouthestonia.com\/community\/","name":"visitsouthestonia","description":"Parim puhkus veeda L\u00f5una-Eestis!","potentialAction":[{"@type":"SearchAction","target":{"@type":"EntryPoint","urlTemplate":"https:\/\/visitsouthestonia.com\/community\/?s={search_term_string}"},"query-input":"required name=search_term_string"}],"inLanguage":"et"}]}},"coauthors":[],"author_meta":{"author_link":"https:\/\/visitsouthestonia.com\/community\/author\/kaisa-timmi\/","display_name":"Meeri"},"relative_dates":{"created":"Posted 2 aastat ago","modified":"Updated 2 aastat ago"},"absolute_dates":{"created":"Posted on 24. jaan. 2024","modified":"Updated on 2. sept. 2024"},"absolute_dates_time":{"created":"Posted on 24. jaan. 2024 04:51","modified":"Updated on 2. sept. 2024 08:38"},"featured_img_caption":"","featured_img":false,"series_order":"","_links":{"self":[{"href":"https:\/\/visitsouthestonia.com\/community\/wp-json\/wp\/v2\/pages\/20096"}],"collection":[{"href":"https:\/\/visitsouthestonia.com\/community\/wp-json\/wp\/v2\/pages"}],"about":[{"href":"https:\/\/visitsouthestonia.com\/community\/wp-json\/wp\/v2\/types\/page"}],"author":[{"embeddable":true,"href":"https:\/\/visitsouthestonia.com\/community\/wp-json\/wp\/v2\/users\/211"}],"replies":[{"embeddable":true,"href":"https:\/\/visitsouthestonia.com\/community\/wp-json\/wp\/v2\/comments?post=20096"}],"version-history":[{"count":9,"href":"https:\/\/visitsouthestonia.com\/community\/wp-json\/wp\/v2\/pages\/20096\/revisions"}],"predecessor-version":[{"id":21029,"href":"https:\/\/visitsouthestonia.com\/community\/wp-json\/wp\/v2\/pages\/20096\/revisions\/21029"}],"up":[{"embeddable":true,"href":"https:\/\/visitsouthestonia.com\/community\/wp-json\/wp\/v2\/pages\/13841"}],"wp:attachment":[{"href":"https:\/\/visitsouthestonia.com\/community\/wp-json\/wp\/v2\/media?parent=20096"}],"curies":[{"name":"wp","href":"https:\/\/api.w.org\/{rel}","templated":true}]}}