{"id":19873,"date":"2024-01-17T08:30:56","date_gmt":"2024-01-17T06:30:56","guid":{"rendered":"https:\/\/visitsouthestonia.com\/community\/?page_id=19873"},"modified":"2024-01-17T08:39:47","modified_gmt":"2024-01-17T06:39:47","slug":"taliteed-varnjas","status":"publish","type":"page","link":"https:\/\/visitsouthestonia.com\/community\/tartu-2024\/taliteed-emajoe-suursoos\/taliteed-varnjas\/","title":{"rendered":"Taliteed Varnjas"},"content":{"rendered":"\n<p class=\"wp-el\"><strong>Taliteed Varnjas<\/strong>: 21.01-27.01.2024<\/p>\n\n\n\n<ul class=\"wp-el\">\n<li>Rohkem infot: <a href=\"https:\/\/kultuuriaken.tartu.ee\/et\/syndmus\/taliteed-varnjas\" target=\"_blank\" rel=\"noreferrer noopener\">kultuuriaken.tartu.ee\/et\/syndmus\/taliteed-varnjas<\/a><\/li>\n<\/ul>\n\n\n\n<p class=\"wp-el\"><strong>Taliteed Emaj\u00f5e-Suursoos viib erilise looduselamuse otsija k\u00fclmunud sooteedele tajuma p\u00e4rand- ja helimaastikke kolmes eri paigas: Varnjas, Ahunapalus ja Emaj\u00f5e-Suursoo keskuses. Kolme n\u00e4dala jooksul toimuvad matkad, filmi\u00f5htud, kohtumised ajaloolaste ja kirjanikega, kontserdid ja n\u00e4ituseprogramm. Talv on tulekul &#8211; on aeg teele asuda Taliteede festivalile!<\/strong><\/p>\n\n\n\n<p class=\"wp-el\">Taliteed Emaj\u00f5e-Suursoos viib erilise looduselamuse otsija k\u00fclmunud sooteedele tajuma p\u00e4rand- ja helimaastikke kolmes eri paigas: Varnjas, Ahunapalus ja Emaj\u00f5e-Suursoo keskuses. Kolme n\u00e4dala jooksul toimuvad matkad, filmi\u00f5htud, kohtumised ajaloolaste ja kirjanikega, kontserdid ja n\u00e4ituseprogramm. Talv on tulekul &#8211; on aeg teele asuda Taliteede festivalile!<br><br>Kogu maailmas unikaalne ajalooliste taliteede v\u00f5rgustik, mis peidab end Emaj\u00f5e-Suursoos, juhatab erakordsele ajar\u00e4nnakule. Muistsel ajal \u00fchendasid k\u00fclmunud soos tekkinud hooajalised taliteed eraldatud kogukondi ja l\u00fchendasid vahemaid. T\u00e4nap\u00e4eval kasutavad neid ainulaadseid s\u00e4ilinud taliteid enamasti metsloomad, inimloomad satuvad sinna harva.<br>Kolme Emaj\u00f5e-Suursooga piirneva valla koost\u00f6\u00f6s s\u00fcndival Taliteede festivalil t\u00e4histatakse teede kultuuriloolist t\u00e4htsust eriilmelise s\u00fcndmustega 21. jaanuarist kuni 10. veebruarini 2024. Nagu kunagi reed \u00fcle k\u00fclmunud soo liigub festival n\u00e4dala kaupa \u00fchest Emaj\u00f5e-Suursoo erilisest punktist teise.<br>Kuigi t\u00e4na tunneme Varjat peamiselt seet\u00f5ttu, et talvel on sealt m\u00f5nus karakatitsatega j\u00e4\u00e4 peale kalale minna, siis endistel aegadel l\u00e4ks sealt l\u00e4bi suisa 3 taliteed. Varnjas panemegi kaks aega kokku &#8211; endised taliteed ja karakatistad. Toome Varnjasse taliteede n\u00e4ituse, k\u00e4ime \u00fcle Peipsi taliteesid vaatamas, teeme t\u00e4iskuu\u00f6iseid suusamatku, pakume uhhaad, k\u00e4ime saunas ja j\u00e4\u00e4ugus.<br><br>Luunja, Kastre ja Peipsi\u00e4\u00e4re valla koost\u00f6\u00f6projekt on osa Euroopa kultuuripealinn Tartu 2024 p\u00f5hiprogrammi kuuluvast ja Leader tegevusgruppide toel toimuvast L\u00f5una-Eesti kogukonnaprogrammist. Varnja programm on s\u00fcndinud koost\u00f6\u00f6s Mesi Tare lahke pererahva ja Sibulateel toimetava Liis Lainem\u00e4ega.<br><br>Matkade kohtade arv on piiratud.<br>Festival s\u00f5ltub ilmaoludest ning korraldajal on \u00f5igus teha programmis muudatusi.<br><br>Tule meiega Emaj\u00f5e-Suursoo taliteedele!<\/p>\n","protected":false},"excerpt":{"rendered":"<p>Taliteed Varnjas: 21.01-27.01.2024 Taliteed Emaj\u00f5e-Suursoos viib erilise looduselamuse otsija k\u00fclmunud sooteedele tajuma p\u00e4rand- ja helimaastikke kolmes eri paigas: Varnjas, Ahunapalus&#8230;<\/p>\n","protected":false},"author":211,"featured_media":0,"parent":12161,"menu_order":0,"comment_status":"closed","ping_status":"closed","template":"","meta":{"advgb_blocks_editor_width":"","advgb_blocks_columns_visual_guide":"","footnotes":"","_links_to":"","_links_to_target":""},"acf":[],"yoast_head":"<!-- This site is optimized with the Yoast SEO plugin v21.4 - https:\/\/yoast.com\/wordpress\/plugins\/seo\/ -->\n<title>Taliteed Varnjas - visitsouthestonia<\/title>\n<meta name=\"robots\" content=\"index, follow, max-snippet:-1, max-image-preview:large, max-video-preview:-1\" \/>\n<link rel=\"canonical\" href=\"https:\/\/visitsouthestonia.com\/tartu-2024\/taliteed-emajoe-suursoos\/taliteed-varnjas\/\" \/>\n<meta property=\"og:locale\" content=\"et_EE\" \/>\n<meta property=\"og:type\" content=\"article\" \/>\n<meta property=\"og:title\" content=\"Taliteed Varnjas - visitsouthestonia\" \/>\n<meta property=\"og:description\" content=\"Taliteed Varnjas: 21.01-27.01.2024 Taliteed Emaj\u00f5e-Suursoos viib erilise looduselamuse otsija k\u00fclmunud sooteedele tajuma p\u00e4rand- ja helimaastikke kolmes eri paigas: Varnjas, Ahunapalus...\" \/>\n<meta property=\"og:url\" content=\"https:\/\/visitsouthestonia.com\/tartu-2024\/taliteed-emajoe-suursoos\/taliteed-varnjas\/\" \/>\n<meta property=\"og:site_name\" content=\"visitsouthestonia\" \/>\n<meta property=\"article:modified_time\" content=\"2024-01-17T06:39:47+00:00\" \/>\n<meta name=\"twitter:card\" content=\"summary_large_image\" \/>\n<meta name=\"twitter:label1\" content=\"Est. reading time\" \/>\n\t<meta name=\"twitter:data1\" content=\"2 minutit\" \/>\n<script type=\"application\/ld+json\" class=\"yoast-schema-graph\">{\"@context\":\"https:\/\/schema.org\",\"@graph\":[{\"@type\":\"WebPage\",\"@id\":\"https:\/\/visitsouthestonia.com\/tartu-2024\/taliteed-emajoe-suursoos\/taliteed-varnjas\/\",\"url\":\"https:\/\/visitsouthestonia.com\/tartu-2024\/taliteed-emajoe-suursoos\/taliteed-varnjas\/\",\"name\":\"Taliteed Varnjas - visitsouthestonia\",\"isPartOf\":{\"@id\":\"https:\/\/visitsouthestonia.com\/community\/#website\"},\"datePublished\":\"2024-01-17T06:30:56+00:00\",\"dateModified\":\"2024-01-17T06:39:47+00:00\",\"breadcrumb\":{\"@id\":\"https:\/\/visitsouthestonia.com\/tartu-2024\/taliteed-emajoe-suursoos\/taliteed-varnjas\/#breadcrumb\"},\"inLanguage\":\"et\",\"potentialAction\":[{\"@type\":\"ReadAction\",\"target\":[\"https:\/\/visitsouthestonia.com\/tartu-2024\/taliteed-emajoe-suursoos\/taliteed-varnjas\/\"]}]},{\"@type\":\"BreadcrumbList\",\"@id\":\"https:\/\/visitsouthestonia.com\/tartu-2024\/taliteed-emajoe-suursoos\/taliteed-varnjas\/#breadcrumb\",\"itemListElement\":[{\"@type\":\"ListItem\",\"position\":1,\"name\":\"Tartu 2024 L\u00f5una-Eesti kogukonnaprogramm\",\"item\":\"https:\/\/visitsouthestonia.com\/tartu-2024\/\"},{\"@type\":\"ListItem\",\"position\":2,\"name\":\"Taliteed Emaj\u00f5e-Suursoos\",\"item\":\"https:\/\/visitsouthestonia.com\/tartu-2024\/taliteed-emajoe-suursoos\/\"},{\"@type\":\"ListItem\",\"position\":3,\"name\":\"Taliteed Varnjas\"}]},{\"@type\":\"WebSite\",\"@id\":\"https:\/\/visitsouthestonia.com\/community\/#website\",\"url\":\"https:\/\/visitsouthestonia.com\/community\/\",\"name\":\"visitsouthestonia\",\"description\":\"Parim puhkus veeda L\u00f5una-Eestis!\",\"potentialAction\":[{\"@type\":\"SearchAction\",\"target\":{\"@type\":\"EntryPoint\",\"urlTemplate\":\"https:\/\/visitsouthestonia.com\/community\/?s={search_term_string}\"},\"query-input\":\"required name=search_term_string\"}],\"inLanguage\":\"et\"}]}<\/script>\n<!-- \/ Yoast SEO plugin. -->","yoast_head_json":{"title":"Taliteed Varnjas - visitsouthestonia","robots":{"index":"index","follow":"follow","max-snippet":"max-snippet:-1","max-image-preview":"max-image-preview:large","max-video-preview":"max-video-preview:-1"},"canonical":"https:\/\/visitsouthestonia.com\/tartu-2024\/taliteed-emajoe-suursoos\/taliteed-varnjas\/","og_locale":"et_EE","og_type":"article","og_title":"Taliteed Varnjas - visitsouthestonia","og_description":"Taliteed Varnjas: 21.01-27.01.2024 Taliteed Emaj\u00f5e-Suursoos viib erilise looduselamuse otsija k\u00fclmunud sooteedele tajuma p\u00e4rand- ja helimaastikke kolmes eri paigas: Varnjas, Ahunapalus...","og_url":"https:\/\/visitsouthestonia.com\/tartu-2024\/taliteed-emajoe-suursoos\/taliteed-varnjas\/","og_site_name":"visitsouthestonia","article_modified_time":"2024-01-17T06:39:47+00:00","twitter_card":"summary_large_image","twitter_misc":{"Est. reading time":"2 minutit"},"schema":{"@context":"https:\/\/schema.org","@graph":[{"@type":"WebPage","@id":"https:\/\/visitsouthestonia.com\/tartu-2024\/taliteed-emajoe-suursoos\/taliteed-varnjas\/","url":"https:\/\/visitsouthestonia.com\/tartu-2024\/taliteed-emajoe-suursoos\/taliteed-varnjas\/","name":"Taliteed Varnjas - visitsouthestonia","isPartOf":{"@id":"https:\/\/visitsouthestonia.com\/community\/#website"},"datePublished":"2024-01-17T06:30:56+00:00","dateModified":"2024-01-17T06:39:47+00:00","breadcrumb":{"@id":"https:\/\/visitsouthestonia.com\/tartu-2024\/taliteed-emajoe-suursoos\/taliteed-varnjas\/#breadcrumb"},"inLanguage":"et","potentialAction":[{"@type":"ReadAction","target":["https:\/\/visitsouthestonia.com\/tartu-2024\/taliteed-emajoe-suursoos\/taliteed-varnjas\/"]}]},{"@type":"BreadcrumbList","@id":"https:\/\/visitsouthestonia.com\/tartu-2024\/taliteed-emajoe-suursoos\/taliteed-varnjas\/#breadcrumb","itemListElement":[{"@type":"ListItem","position":1,"name":"Tartu 2024 L\u00f5una-Eesti kogukonnaprogramm","item":"https:\/\/visitsouthestonia.com\/tartu-2024\/"},{"@type":"ListItem","position":2,"name":"Taliteed Emaj\u00f5e-Suursoos","item":"https:\/\/visitsouthestonia.com\/tartu-2024\/taliteed-emajoe-suursoos\/"},{"@type":"ListItem","position":3,"name":"Taliteed Varnjas"}]},{"@type":"WebSite","@id":"https:\/\/visitsouthestonia.com\/community\/#website","url":"https:\/\/visitsouthestonia.com\/community\/","name":"visitsouthestonia","description":"Parim puhkus veeda L\u00f5una-Eestis!","potentialAction":[{"@type":"SearchAction","target":{"@type":"EntryPoint","urlTemplate":"https:\/\/visitsouthestonia.com\/community\/?s={search_term_string}"},"query-input":"required name=search_term_string"}],"inLanguage":"et"}]}},"coauthors":[],"author_meta":{"author_link":"https:\/\/visitsouthestonia.com\/community\/author\/kaisa-timmi\/","display_name":"Meeri"},"relative_dates":{"created":"Posted 2 aastat ago","modified":"Updated 2 aastat ago"},"absolute_dates":{"created":"Posted on 17. jaan. 2024","modified":"Updated on 17. jaan. 2024"},"absolute_dates_time":{"created":"Posted on 17. jaan. 2024 08:30","modified":"Updated on 17. jaan. 2024 08:39"},"featured_img_caption":"","featured_img":false,"series_order":"","_links":{"self":[{"href":"https:\/\/visitsouthestonia.com\/community\/wp-json\/wp\/v2\/pages\/19873"}],"collection":[{"href":"https:\/\/visitsouthestonia.com\/community\/wp-json\/wp\/v2\/pages"}],"about":[{"href":"https:\/\/visitsouthestonia.com\/community\/wp-json\/wp\/v2\/types\/page"}],"author":[{"embeddable":true,"href":"https:\/\/visitsouthestonia.com\/community\/wp-json\/wp\/v2\/users\/211"}],"replies":[{"embeddable":true,"href":"https:\/\/visitsouthestonia.com\/community\/wp-json\/wp\/v2\/comments?post=19873"}],"version-history":[{"count":3,"href":"https:\/\/visitsouthestonia.com\/community\/wp-json\/wp\/v2\/pages\/19873\/revisions"}],"predecessor-version":[{"id":19882,"href":"https:\/\/visitsouthestonia.com\/community\/wp-json\/wp\/v2\/pages\/19873\/revisions\/19882"}],"up":[{"embeddable":true,"href":"https:\/\/visitsouthestonia.com\/community\/wp-json\/wp\/v2\/pages\/12161"}],"wp:attachment":[{"href":"https:\/\/visitsouthestonia.com\/community\/wp-json\/wp\/v2\/media?parent=19873"}],"curies":[{"name":"wp","href":"https:\/\/api.w.org\/{rel}","templated":true}]}}