{"id":19868,"date":"2024-01-17T08:15:03","date_gmt":"2024-01-17T06:15:03","guid":{"rendered":"https:\/\/visitsouthestonia.com\/community\/?page_id=19868"},"modified":"2024-10-22T08:27:33","modified_gmt":"2024-10-22T05:27:33","slug":"algab-ainulaadne-festival-taliteed-emajoe-suursoos","status":"publish","type":"page","link":"https:\/\/visitsouthestonia.com\/community\/tartu-2024\/uudised\/algab-ainulaadne-festival-taliteed-emajoe-suursoos\/","title":{"rendered":"Algab ainulaadne festival \u201eTaliteed Emaj\u00f5e-Suursoos\u201c"},"content":{"rendered":"\n<h1 class=\"wp-block-heading wp-el\"><strong>L\u00f5una-Eesti kogukonnaprogrammi raames algab ainulaadne festival \u201eTaliteed Emaj\u00f5e-Suursoos\u201c<\/strong><\/h1>\n\n\n\n<p class=\"wp-el\">17.01.2024<\/p>\n\n\n\n<p class=\"wp-el\"><strong>Euroopa kultuuripealinn Tartu 2024 p\u00f5hiprogrammi kuuluva L\u00f5una-Eesti kogukonnaprogrammi raames algab sel p\u00fchap\u00e4eval, 21. jaanuaril Tartumaal ainulaadne festival \u201eTaliteed Emaj\u00f5e-Suursoos\u201c, mis tutvustab kogu maailmas unikaalset taliteede v\u00f5rgustikku. Kolme n\u00e4dala jooksul j\u00e4rgem\u00f6\u00f6da toimuvate matkade, n\u00e4ituste, kino-, muusika- ja vestluss\u00fcndmustega Varnjas, Ahunapalus ning Emaj\u00f5e-Suursoo Keskuses juhatatakse k\u00fclastajad p\u00f5nevale ajar\u00e4nnakule m\u00f6\u00f6da ajaloolist kultuuri- ja loodusmaastikku.<br><\/strong><\/p>\n\n\n\n<p class=\"wp-el\">Tartumaa Arendusseltsi tegevjuht ja L\u00f5una-Eesti kogukonnaprogrammi koordinaator <strong>Kristiina Tammets<\/strong> \u00fctles, et taliteede festival Emaj\u00f5e-Suursoos sobib v\u00e4ga h\u00e4sti Euroopa kultuuripealinna aasta algusesse ja L\u00f5una-Eesti kogukonnas\u00fcndmuseid k\u00e4ima l\u00fckkama. \u201eTaliteede festivali muudab eriliseks, et s\u00fcndmus toimub talvel ja v\u00e4ga ainulaadses paigas, festivali korraldavad head eestvedajad kolme valla koost\u00f6\u00f6s ning kogu s\u00fcndmus \u00e4ratab \u00fcles ajaloolised traditsioonid, elustades Emaj\u00f5e-Suursoo p\u00e4rand- ja helimaastikud, millega on v\u00f5imalik n\u00fc\u00fcd vahetult tutvuda,\u201c lausus Tammets.<\/p>\n\n\n\n<p class=\"wp-el\">Festival \u201eTaliteed Emaj\u00f5e-Suursoos\u201c saab teoks t\u00e4nu Luunja, Kastre ja Peipsi\u00e4\u00e4re valla koost\u00f6\u00f6le. Festivali \u00fcks korraldajaid, Luunja valla projektijuht <strong>Maarja \u00dclper<\/strong> r\u00e4\u00e4kis, et kogu ettev\u00f5tmine r\u00e4\u00e4gib sellest, kes me oleme ja kust me tuleme ning miks on soo kui \u00f6kos\u00fcsteem t\u00e4htis. \u201eSoo, mis vanasti l\u00fchendas vahemaid ja oli inimestele eluliselt oluline kaubaveoks, on n\u00fc\u00fcd oma looduslike v\u00e4\u00e4rtuste t\u00f5ttu saamas kogu inimkonnale veelgi t\u00e4htsamaks elluj\u00e4\u00e4mise t\u00e4henduses, ehkki igap\u00e4evaselt me seda ei teadvusta,\u201c lisas ta.<\/p>\n\n\n\n<p class=\"wp-el\">Kastre valla kultuurispetsialisti <strong>Madli Rohesalu<\/strong> s\u00f5nul on Taliteede festival v\u00f5tnud Euroopa kultuuripealinn Tartu 2024 s\u00fcndmuste seas endale erilise \u00fclesande. \u201eMe viime k\u00fclastaja p\u00e4riselt ajar\u00e4nnakule. See on otsekui minek maailma l\u00f5ppu, tuhande aasta taha. T\u00e4nu taliteedele j\u00f5uab huviline sinna, kus inimesed on kogu aeg omal moel elanud ja alati hakkama saanud,\u201c m\u00e4rkis Rohesalu. \u201eAjar\u00e4nnakult tagasi tulles on k\u00fclastaja leidnud uue \u00fchenduse mineviku, oleviku ja tulevikuga \u2013 \u00fchenduse kogukondade, kultuuri ja loodusega ning loodetavasti seel\u00e4bi ka parema \u00fchenduse iseendaga.\u201c<br><br><strong>Festival \u201eTaliteed Emaj\u00f5e-Suursoos\u201c <\/strong>jaguneb kolmeks osaks jatoimub kolme n\u00e4dala jooksul kolmes eri paigas: <strong>21.-27.01 Taliteed<\/strong> <strong>Varnjas, 28.01-3.02 Taliteed Ahunapalus ja 4.-10.02 Taliteed Emaj\u00f5e-Suursoo Keskuses.<\/strong> Nagu kunagi reed \u00fcle k\u00fclmunud soo, liigub festival n\u00e4dala kaupa \u00fchest Emaj\u00f5e-Suursoo erilisest punktist teise. Kolme n\u00e4dala jooksul toimuvad matkad suuskade, t\u00f5ukekelkude ja r\u00e4\u00e4tsadega, filmi\u00f5htud, kohtumised ajaloolaste ja kirjanikega, kontserdid ja n\u00e4ituseprogramm. Esinejate seas on Mick Pedaja, Hendrik Relve, Valdur Mikita, Marju K\u00f5ivupuu, Juhan Uppin jt.\u00a0Piletid Piletilevist, t\u00e4psem info FBs ja veebis: <a href=\"https:\/\/visitsouthestonia.com\/community\/tartu-2024\/taliteed-emajoe-suursoos\/\">https:\/\/visitsouthestonia.com\/community\/tartu-2024\/taliteed-emajoe-suursoos\/<\/a><br><br><strong>L\u00f5una-Eesti kogukonnaprogrammi<\/strong> raames korraldatakse 2023.<em> <\/em>ja2024. aastal \u00fchtekokku 20 projekti mitmek\u00fcmne v\u00e4\u00e4rtusp\u00f5hise s\u00fcndmusega, mis kutsuvad osalema k\u00fclastajaid Eestist, Euroopast ja mujalt maailmast. Programmi eesm\u00e4rk on anda hoogu omavahelisele koost\u00f6\u00f6le ja tugevdada L\u00f5una-Eesti identiteeti. Euroopa kultuuripealinn Tartu 2024 p\u00f5hiprogrammi osana aitab kogukonnaprogramm tutvustada kogu piirkonda just nende v\u00e4\u00e4rtuste p\u00f5hjal, mis on olulised kohalikele inimestele ja kogukondadele. K\u00f5ik valitud s\u00fcndmused aitavad esile t\u00f5sta L\u00f5una-Eesti v\u00e4\u00e4rtusi \u2013 puhast loodust, mitmek\u00fclgset kultuurip\u00e4randit<em>, <\/em>kohalikku toitu ja k\u00e4sit\u00f6\u00f6d, tervislikku eluviisi, j\u00e4tkusuutlikke ja innovaatilisi lahendusi ning aktiivseid ja eluj\u00f5ulisi kogukondi.<br><br><strong>Kogukonnas\u00fcndmused, <\/strong>mis kuuluvad avatud taotlusvooru tulemusena L\u00f5una-Eesti kogukonnaprogrammi, on j\u00e4rgmised: j\u00f5eretkede sari \u201eAvasta Emaj\u00f5gi!\u201c, Tartumaa toidus\u00fcndmuste sari \u201eTirin\u201c, kogukonnalavastus \u201eLeevaku kullakaevur\u201c, \u201eSeto kostip\u00e4iv\u00e4 aastaring\u201c, kogukonnafestival \u201eMina tean, kust tuleb minu toit\u201d, Tartumaa teemap\u00e4evad \u201eP\u00e4ritud elluj\u00e4\u00e4miskunstid\u201c, R\u00f5uge projekt \u201eSanna!\u201c, ruumiloomekonverents \u201eLoo v\u00f5i loobu!\u201c, \u201eTaliteed Emaj\u00f5e-Suursoos\u201c, maaliliste maastike j\u00e4\u00e4dvustamise matkasari Otep\u00e4\u00e4l, \u201eMeelter\u00e4nnak looduses\u201c, I Kodavere laalupido, dokumentaalne osaluslavastus \u201e\u00d5hud meie vahel\u201d, Seto tantsupidu \u201eKad\u00b4ah kavv\u00f5k\u00f5\u00b4\u201c, Navi k\u00fcla kogukonnafestival, roosifestival Kaagj\u00e4rvel, Peipsi Toidu T\u00e4nav 175 km, Kagu-Eesti inspiratsioonifestival \u201eLoovus loob lootust!\u201c, \u201eAvastamata Antsla aarded \u2013 j\u00e4rved\u201c, linnaruumilavastus \u201eL\u00e4bi linna: Valga+Valka\u201c. Vt <a href=\"http:\/\/www.visitsouthestonia.com\/community\/tartu-2024\/\">www.visitsouthestonia.com\/community\/tartu-2024\/<\/a><br><br><strong>Euroopa kultuuripealinn Tartu 2024 <\/strong>p\u00f5hiprogrammi kuuluv L\u00f5una-Eesti kogukonnaprogramm kasvas v\u00e4lja 2013. aastal L\u00f5una-Eesti LEADER-tegevusr\u00fchmade k\u00e4ima l\u00fckatud kollaste akende projektist \u201eElu kahe maailma piiril\u201c. L\u00f5una-Eesti kogukonnaprogrammi viivad ellu LEADER-tegevusr\u00fchmad Tartumaa Arendusselts, Valgamaa Partnerluskogu, V\u00f5rumaa Partnerluskogu ja Piiriveere Liider ning koost\u00f6\u00f6partneritena l\u00f6\u00f6vad kaasa Tartu, Elva, V\u00f5ru ja Valga linn. S\u00fcndmusi toetatakse LEADER-meetmest ning SA Tartu 2024 poolt L\u00f5una-Eesti kogukonnaprogrammile eraldatud eelarvest. Kogukonnaprogrammi tegemistesse on partnerina kaasatud teinegi Euroopa kultuuripealinn Tartu 2024 projekt Tartu Maailma\u00fclikool.<\/p>\n\n\n\n<p class=\"wp-el\">Lisainformatsioon:<br><a href=\"http:\/\/www.visitsouthestonia.com\/community\/tartu-2024\/\">www.visitsouthestonia.com\/community\/tartu-2024\/<\/a><br><a href=\"https:\/\/tartu2024.ee\/kogukonnaprogramm\">tartu2024.ee\/kogukonnaprogramm<\/a><\/p>\n\n\n\n<p class=\"wp-el\"><strong>Kristiina Tammets<\/strong>, Tartumaa Arendusseltsi tegevjuht ja L\u00f5una-Eesti kogukonnaprogrammi koordinaator, telefon +372 5340 9873, e-post <a href=\"mailto:kristiina@tas.ee\">kristiina@tas.ee<\/a><\/p>\n\n\n\n<p class=\"wp-el\"><strong>Maarja \u00dclper<\/strong>, festivali \u201eTaliteed Emaj\u00f5e-Suursoos\u201c \u00fcks korraldajaid, Luunja valla projektijuht, telefon +372 525 7906, e-post <a href=\"mailto:maarja.ylper@gmail.com\">maarja.ylper@gmail.com<\/a><\/p>\n\n\n\n<p class=\"wp-el\"><strong>Madli Rohesalu<\/strong>, festivali \u201eTaliteed Emaj\u00f5e-Suursoos\u201c \u00fcks korraldajaid, Kastre valla kultuurispetsialist, telefon +372 508 9374, e-post <a href=\"mailto:madli.rohesalu@kastre.ee\">madli.rohesalu@kastre.ee<\/a><\/p>\n\n\n\n<figure class=\"wp-block-image size-large is-resized\"><img decoding=\"async\" loading=\"lazy\" width=\"1200\" height=\"524\" src=\"https:\/\/visitsouthestonia.com\/community\/wp-content\/uploads\/2023\/05\/Tartu24Leader-logo-horisontaalne-est-must-1200x524.jpg\" alt=\"\" class=\"wp-image-12363\" style=\"width:300px;height:131px\" srcset=\"https:\/\/visitsouthestonia.com\/community\/wp-content\/uploads\/2023\/05\/Tartu24Leader-logo-horisontaalne-est-must-1200x524.jpg 1200w, https:\/\/visitsouthestonia.com\/community\/wp-content\/uploads\/2023\/05\/Tartu24Leader-logo-horisontaalne-est-must-768x335.jpg 768w, https:\/\/visitsouthestonia.com\/community\/wp-content\/uploads\/2023\/05\/Tartu24Leader-logo-horisontaalne-est-must-350x153.jpg 350w, https:\/\/visitsouthestonia.com\/community\/wp-content\/uploads\/2023\/05\/Tartu24Leader-logo-horisontaalne-est-must-1100x480.jpg 1100w, https:\/\/visitsouthestonia.com\/community\/wp-content\/uploads\/2023\/05\/Tartu24Leader-logo-horisontaalne-est-must-230x100.jpg 230w, https:\/\/visitsouthestonia.com\/community\/wp-content\/uploads\/2023\/05\/Tartu24Leader-logo-horisontaalne-est-must-160x70.jpg 160w, https:\/\/visitsouthestonia.com\/community\/wp-content\/uploads\/2023\/05\/Tartu24Leader-logo-horisontaalne-est-must-188x82.jpg 188w, https:\/\/visitsouthestonia.com\/community\/wp-content\/uploads\/2023\/05\/Tartu24Leader-logo-horisontaalne-est-must-124x54.jpg 124w, https:\/\/visitsouthestonia.com\/community\/wp-content\/uploads\/2023\/05\/Tartu24Leader-logo-horisontaalne-est-must-370x161.jpg 370w, https:\/\/visitsouthestonia.com\/community\/wp-content\/uploads\/2023\/05\/Tartu24Leader-logo-horisontaalne-est-must.jpg 1334w\" sizes=\"(max-width: 1200px) 100vw, 1200px\" \/><\/figure>\n\n\n\n<p class=\"wp-el\"><img decoding=\"async\" loading=\"lazy\" width=\"128\" height=\"128\" class=\"wp-image-12016\" style=\"width: 20px;\" src=\"https:\/\/visitsouthestonia.com\/community\/wp-content\/uploads\/2023\/05\/must-nool.png\" alt=\"\" srcset=\"https:\/\/visitsouthestonia.com\/community\/wp-content\/uploads\/2023\/05\/must-nool.png 128w, https:\/\/visitsouthestonia.com\/community\/wp-content\/uploads\/2023\/05\/must-nool-51x51.png 51w, https:\/\/visitsouthestonia.com\/community\/wp-content\/uploads\/2023\/05\/must-nool-70x70.png 70w, https:\/\/visitsouthestonia.com\/community\/wp-content\/uploads\/2023\/05\/must-nool-120x120.png 120w, https:\/\/visitsouthestonia.com\/community\/wp-content\/uploads\/2023\/05\/must-nool-100x100.png 100w, https:\/\/visitsouthestonia.com\/community\/wp-content\/uploads\/2023\/05\/must-nool-54x54.png 54w\" sizes=\"(max-width: 128px) 100vw, 128px\" \/> Rohkem infot <a href=\"https:\/\/visitsouthestonia.com\/community\/tartu-2024\/\">Euroopa kultuuripealinn Tartu 2024 L\u00f5una-Eesti kogukonnaprogrammist<\/a><\/p>\n","protected":false},"excerpt":{"rendered":"<p>L\u00f5una-Eesti kogukonnaprogrammi raames algab ainulaadne festival \u201eTaliteed Emaj\u00f5e-Suursoos\u201c 17.01.2024 Euroopa kultuuripealinn Tartu 2024 p\u00f5hiprogrammi kuuluva L\u00f5una-Eesti kogukonnaprogrammi raames algab sel&#8230;<\/p>\n","protected":false},"author":211,"featured_media":0,"parent":12304,"menu_order":1,"comment_status":"closed","ping_status":"closed","template":"","meta":{"advgb_blocks_editor_width":"","advgb_blocks_columns_visual_guide":"","footnotes":"","_links_to":"","_links_to_target":""},"acf":[],"yoast_head":"<!-- This site is optimized with the Yoast SEO plugin v21.4 - https:\/\/yoast.com\/wordpress\/plugins\/seo\/ -->\n<title>Algab ainulaadne festival \u201eTaliteed Emaj\u00f5e-Suursoos\u201c - visitsouthestonia<\/title>\n<meta name=\"robots\" content=\"index, follow, max-snippet:-1, max-image-preview:large, max-video-preview:-1\" \/>\n<link rel=\"canonical\" href=\"https:\/\/visitsouthestonia.com\/tartu-2024\/uudised\/algab-ainulaadne-festival-taliteed-emajoe-suursoos\/\" \/>\n<meta property=\"og:locale\" content=\"et_EE\" \/>\n<meta property=\"og:type\" content=\"article\" \/>\n<meta property=\"og:title\" content=\"Algab ainulaadne festival \u201eTaliteed Emaj\u00f5e-Suursoos\u201c - visitsouthestonia\" \/>\n<meta property=\"og:description\" content=\"L\u00f5una-Eesti kogukonnaprogrammi raames algab ainulaadne festival \u201eTaliteed Emaj\u00f5e-Suursoos\u201c 17.01.2024 Euroopa kultuuripealinn Tartu 2024 p\u00f5hiprogrammi kuuluva L\u00f5una-Eesti kogukonnaprogrammi raames algab sel...\" \/>\n<meta property=\"og:url\" content=\"https:\/\/visitsouthestonia.com\/tartu-2024\/uudised\/algab-ainulaadne-festival-taliteed-emajoe-suursoos\/\" \/>\n<meta property=\"og:site_name\" content=\"visitsouthestonia\" \/>\n<meta property=\"article:modified_time\" content=\"2024-10-22T05:27:33+00:00\" \/>\n<meta property=\"og:image\" content=\"https:\/\/visitsouthestonia.com\/wp-content\/uploads\/2023\/05\/Tartu24Leader-logo-horisontaalne-est-must-1200x524.jpg\" \/>\n<meta name=\"twitter:card\" content=\"summary_large_image\" \/>\n<meta name=\"twitter:label1\" content=\"Est. reading time\" \/>\n\t<meta name=\"twitter:data1\" content=\"4 minutit\" \/>\n<script type=\"application\/ld+json\" class=\"yoast-schema-graph\">{\"@context\":\"https:\/\/schema.org\",\"@graph\":[{\"@type\":\"WebPage\",\"@id\":\"https:\/\/visitsouthestonia.com\/tartu-2024\/uudised\/algab-ainulaadne-festival-taliteed-emajoe-suursoos\/\",\"url\":\"https:\/\/visitsouthestonia.com\/tartu-2024\/uudised\/algab-ainulaadne-festival-taliteed-emajoe-suursoos\/\",\"name\":\"Algab ainulaadne festival \u201eTaliteed Emaj\u00f5e-Suursoos\u201c - visitsouthestonia\",\"isPartOf\":{\"@id\":\"https:\/\/visitsouthestonia.com\/community\/#website\"},\"datePublished\":\"2024-01-17T06:15:03+00:00\",\"dateModified\":\"2024-10-22T05:27:33+00:00\",\"breadcrumb\":{\"@id\":\"https:\/\/visitsouthestonia.com\/tartu-2024\/uudised\/algab-ainulaadne-festival-taliteed-emajoe-suursoos\/#breadcrumb\"},\"inLanguage\":\"et\",\"potentialAction\":[{\"@type\":\"ReadAction\",\"target\":[\"https:\/\/visitsouthestonia.com\/tartu-2024\/uudised\/algab-ainulaadne-festival-taliteed-emajoe-suursoos\/\"]}]},{\"@type\":\"BreadcrumbList\",\"@id\":\"https:\/\/visitsouthestonia.com\/tartu-2024\/uudised\/algab-ainulaadne-festival-taliteed-emajoe-suursoos\/#breadcrumb\",\"itemListElement\":[{\"@type\":\"ListItem\",\"position\":1,\"name\":\"Tartu 2024 L\u00f5una-Eesti kogukonnaprogramm\",\"item\":\"https:\/\/visitsouthestonia.com\/tartu-2024\/\"},{\"@type\":\"ListItem\",\"position\":2,\"name\":\"Tartu 2024 kogukonnaprogrammi uudised\",\"item\":\"https:\/\/visitsouthestonia.com\/tartu-2024\/uudised\/\"},{\"@type\":\"ListItem\",\"position\":3,\"name\":\"Algab ainulaadne festival \u201eTaliteed Emaj\u00f5e-Suursoos\u201c\"}]},{\"@type\":\"WebSite\",\"@id\":\"https:\/\/visitsouthestonia.com\/community\/#website\",\"url\":\"https:\/\/visitsouthestonia.com\/community\/\",\"name\":\"visitsouthestonia\",\"description\":\"Parim puhkus veeda L\u00f5una-Eestis!\",\"potentialAction\":[{\"@type\":\"SearchAction\",\"target\":{\"@type\":\"EntryPoint\",\"urlTemplate\":\"https:\/\/visitsouthestonia.com\/community\/?s={search_term_string}\"},\"query-input\":\"required name=search_term_string\"}],\"inLanguage\":\"et\"}]}<\/script>\n<!-- \/ Yoast SEO plugin. -->","yoast_head_json":{"title":"Algab ainulaadne festival \u201eTaliteed Emaj\u00f5e-Suursoos\u201c - visitsouthestonia","robots":{"index":"index","follow":"follow","max-snippet":"max-snippet:-1","max-image-preview":"max-image-preview:large","max-video-preview":"max-video-preview:-1"},"canonical":"https:\/\/visitsouthestonia.com\/tartu-2024\/uudised\/algab-ainulaadne-festival-taliteed-emajoe-suursoos\/","og_locale":"et_EE","og_type":"article","og_title":"Algab ainulaadne festival \u201eTaliteed Emaj\u00f5e-Suursoos\u201c - visitsouthestonia","og_description":"L\u00f5una-Eesti kogukonnaprogrammi raames algab ainulaadne festival \u201eTaliteed Emaj\u00f5e-Suursoos\u201c 17.01.2024 Euroopa kultuuripealinn Tartu 2024 p\u00f5hiprogrammi kuuluva L\u00f5una-Eesti kogukonnaprogrammi raames algab sel...","og_url":"https:\/\/visitsouthestonia.com\/tartu-2024\/uudised\/algab-ainulaadne-festival-taliteed-emajoe-suursoos\/","og_site_name":"visitsouthestonia","article_modified_time":"2024-10-22T05:27:33+00:00","og_image":[{"url":"https:\/\/visitsouthestonia.com\/wp-content\/uploads\/2023\/05\/Tartu24Leader-logo-horisontaalne-est-must-1200x524.jpg"}],"twitter_card":"summary_large_image","twitter_misc":{"Est. reading time":"4 minutit"},"schema":{"@context":"https:\/\/schema.org","@graph":[{"@type":"WebPage","@id":"https:\/\/visitsouthestonia.com\/tartu-2024\/uudised\/algab-ainulaadne-festival-taliteed-emajoe-suursoos\/","url":"https:\/\/visitsouthestonia.com\/tartu-2024\/uudised\/algab-ainulaadne-festival-taliteed-emajoe-suursoos\/","name":"Algab ainulaadne festival \u201eTaliteed Emaj\u00f5e-Suursoos\u201c - visitsouthestonia","isPartOf":{"@id":"https:\/\/visitsouthestonia.com\/community\/#website"},"datePublished":"2024-01-17T06:15:03+00:00","dateModified":"2024-10-22T05:27:33+00:00","breadcrumb":{"@id":"https:\/\/visitsouthestonia.com\/tartu-2024\/uudised\/algab-ainulaadne-festival-taliteed-emajoe-suursoos\/#breadcrumb"},"inLanguage":"et","potentialAction":[{"@type":"ReadAction","target":["https:\/\/visitsouthestonia.com\/tartu-2024\/uudised\/algab-ainulaadne-festival-taliteed-emajoe-suursoos\/"]}]},{"@type":"BreadcrumbList","@id":"https:\/\/visitsouthestonia.com\/tartu-2024\/uudised\/algab-ainulaadne-festival-taliteed-emajoe-suursoos\/#breadcrumb","itemListElement":[{"@type":"ListItem","position":1,"name":"Tartu 2024 L\u00f5una-Eesti kogukonnaprogramm","item":"https:\/\/visitsouthestonia.com\/tartu-2024\/"},{"@type":"ListItem","position":2,"name":"Tartu 2024 kogukonnaprogrammi uudised","item":"https:\/\/visitsouthestonia.com\/tartu-2024\/uudised\/"},{"@type":"ListItem","position":3,"name":"Algab ainulaadne festival \u201eTaliteed Emaj\u00f5e-Suursoos\u201c"}]},{"@type":"WebSite","@id":"https:\/\/visitsouthestonia.com\/community\/#website","url":"https:\/\/visitsouthestonia.com\/community\/","name":"visitsouthestonia","description":"Parim puhkus veeda L\u00f5una-Eestis!","potentialAction":[{"@type":"SearchAction","target":{"@type":"EntryPoint","urlTemplate":"https:\/\/visitsouthestonia.com\/community\/?s={search_term_string}"},"query-input":"required name=search_term_string"}],"inLanguage":"et"}]}},"coauthors":[],"author_meta":{"author_link":"https:\/\/visitsouthestonia.com\/community\/author\/kaisa-timmi\/","display_name":"Meeri"},"relative_dates":{"created":"Posted 2 aastat ago","modified":"Updated 1 aasta ago"},"absolute_dates":{"created":"Posted on 17. jaan. 2024","modified":"Updated on 22. okt. 2024"},"absolute_dates_time":{"created":"Posted on 17. jaan. 2024 08:15","modified":"Updated on 22. okt. 2024 08:27"},"featured_img_caption":"","featured_img":false,"series_order":"","_links":{"self":[{"href":"https:\/\/visitsouthestonia.com\/community\/wp-json\/wp\/v2\/pages\/19868"}],"collection":[{"href":"https:\/\/visitsouthestonia.com\/community\/wp-json\/wp\/v2\/pages"}],"about":[{"href":"https:\/\/visitsouthestonia.com\/community\/wp-json\/wp\/v2\/types\/page"}],"author":[{"embeddable":true,"href":"https:\/\/visitsouthestonia.com\/community\/wp-json\/wp\/v2\/users\/211"}],"replies":[{"embeddable":true,"href":"https:\/\/visitsouthestonia.com\/community\/wp-json\/wp\/v2\/comments?post=19868"}],"version-history":[{"count":2,"href":"https:\/\/visitsouthestonia.com\/community\/wp-json\/wp\/v2\/pages\/19868\/revisions"}],"predecessor-version":[{"id":21259,"href":"https:\/\/visitsouthestonia.com\/community\/wp-json\/wp\/v2\/pages\/19868\/revisions\/21259"}],"up":[{"embeddable":true,"href":"https:\/\/visitsouthestonia.com\/community\/wp-json\/wp\/v2\/pages\/12304"}],"wp:attachment":[{"href":"https:\/\/visitsouthestonia.com\/community\/wp-json\/wp\/v2\/media?parent=19868"}],"curies":[{"name":"wp","href":"https:\/\/api.w.org\/{rel}","templated":true}]}}