{"id":19738,"date":"2024-01-05T14:21:09","date_gmt":"2024-01-05T12:21:09","guid":{"rendered":"https:\/\/visitsouthestonia.com\/community\/?page_id=19738"},"modified":"2024-01-05T14:21:09","modified_gmt":"2024-01-05T12:21:09","slug":"taliteed-emajoe-suursoo-keskuses","status":"publish","type":"page","link":"https:\/\/visitsouthestonia.com\/community\/tartu-2024\/taliteed-emajoe-suursoos\/taliteed-emajoe-suursoo-keskuses\/","title":{"rendered":"Taliteed Emaj\u00f5e-Suursoo Keskuses"},"content":{"rendered":"\n<p class=\"wp-el\"><strong>Taliteed Emaj\u00f5e-Suursoo Keskuses<\/strong>: 4.-10. veebruar 2024<\/p>\n\n\n\n<ul class=\"wp-el\">\n<li>Rohkem infot: <a href=\"https:\/\/www.facebook.com\/events\/1437548310170295\" target=\"_blank\" rel=\"noreferrer noopener\">facebook.com&#8230;<\/a><\/li>\n<\/ul>\n\n\n\n<p class=\"wp-el\">Taliteed Emaj\u00f5e-Suursoos viib erilise looduselamuse otsija k\u00fclmunud sooteedele tajuma p\u00e4rand- ja helimaastikke kolmes eri paigas: Varnjas, Ahunapalus ja Emaj\u00f5e-Suursoo keskuses. Kolme n\u00e4dala jooksul toimuvad matkad, filmi\u00f5htud, kohtumised ajaloolaste ja kirjanikega, kontserdid ja n\u00e4ituseprogramm.<\/p>\n\n\n\n<p class=\"wp-el\">Nagu kunagi reed \u00fcle k\u00fclmunud soo liigub festival n\u00e4dala kaupa \u00fchest Emaj\u00f5e-Suursoo erilisest punktist teise. Taliteed Emaj\u00f5e-Suursoo keskuses leiab aset festivaliperioodi l\u00f5pus: 4.-10.02.2024.<\/p>\n\n\n\n<p class=\"wp-el\">T\u00e4nase keskuse juurest, mis ennevanasti oli linnuseks ja hiljem k\u00f5rtsiks, algas mitmeid taliteid. Meie programmist leiad nii suusa- kui r\u00e4\u00e4tsamatku taliteedele, Peeter Lauritsa hingekriipiva sisuga n\u00e4ituse, vestlusringi Valdo Prausti ja Sven Za\u010dekiga, kui dokumentaalfilmide programmi. Festivali kulminatsiooniks on aga soos toimuv Mick Pedaja kontsert ja soodisko, kus publikule annavad sooja DJd Arto (Raadio IDA) ja DJ Kevin Park.<\/p>\n\n\n\n<p class=\"wp-el\">Luunja, Kastre ja Peipsi\u00e4\u00e4re valla koost\u00f6\u00f6projekt on osa Euroopa kultuuripealinn Tartu 2024 p\u00f5hiprogrammi kuuluvast ja Leader tegevusgruppide toel toimuvast L\u00f5una-Eesti kogukonnaprogrammist. Emaj\u00f5e-Suursoo keskuse programmi juhib ja korraldab Luunja Kultuuri- ja Vabaajakeskus.<\/p>\n\n\n\n<p class=\"wp-el\">Piletim\u00fc\u00fck avaneb detsembris. Matkade, filmiprogrammi ja kontserdi kohtade arv on piiratud!<\/p>\n\n\n\n<p class=\"wp-el\">Festival s\u00f5ltub ilmaoludest ning korraldajal on \u00f5igus teha programmis muudatusi.<\/p>\n\n\n\n<p class=\"wp-el\">Talv on k\u00e4es &#8211; tule Taliteede festivalile!<\/p>\n\n\n\n<p class=\"wp-el\">4. VEEBRUAR, P\u00dcHAP\u00c4EV<br>12.00 Taliteede \u00f5uen\u00e4ituse avamine Emaj\u00f5e-Suursoo keskuses<br>Valdo Praust ja Sven Za\u010deki vestlus taliteede eilsest ja t\u00e4nasest p\u00e4evast<br>13.00 suusamatk taliteedele, k\u00f5ik huvilised teretulnud<br>Avatud kohvik<\/p>\n\n\n\n<p class=\"wp-el\">9. VEEBRUAR, REEDE<br>18.00 Valge unistus (A White Dream, Prantsusmaa 2023)<br>Originaalkeel: English French, subtiitrid: eesti<br>Loodusfotograafiat ja k\u00fclma armastav fotograaf J\u00e9r\u00e9mie Villet r\u00e4ndab oma kelgu ja teleobjektiiviga l\u00e4bi p\u00f5hjapoolkera valgete maastike, otsides loomi, kes elavad sealses \u00e4\u00e4rmuslikus k\u00fclmas. Oma Kanada p\u00f5hjaosas toimuval ekspeditsioonil kavatseb J\u00e9r\u00e9mie uurida metsikut ja ekstreemset Yukoni piirkonda, eesm\u00e4rgiga pildistada legendaarset m\u00e4gikitse. K\u00fclmakraadid ja raskesti ligip\u00e4\u00e4setavad m\u00e4gipiirkonnad, kus see loom liigub, muudavad aga \u00fclesande t\u00e4itmise keeruliseks.<br>Originaalpealkiri: Yukon, Un R\u00eave Blanc<\/p>\n\n\n\n<p class=\"wp-el\">19.00 Peeter Lauritsa n\u00e4ituse &#8220;Biotoopia- eluvormide parlament&#8221; avamine<br>Peeter Laurits annab n\u00e4ituse vaatamiseks kaasa ka parima dialoogi saavutamiseks juhise: \u201eSelgeks on saanud, et kui inimesed teiste eluvormide huvidega arvestama ei hakka, v\u00f5ib meie pidu l\u00fchikeseks j\u00e4\u00e4da. Tuleb ka teised osalised n\u00f5upidamislaua taha kutsuda. Kuidas aga seda teha, kui teised eluvormid tunnetavad, m\u00f5tlevad ja v\u00e4ljenduvad hoopis teisiti kui meie? Maa on asustatud tohutu hulga v\u00e4ga erinevat t\u00fc\u00fcpi teadvustega.\u201c<br>Laurits tegeleb loomingus inimeseks olemise p\u00f5hik\u00fcsimustega ja sellega kaasnevate paradoksidega, biosf\u00e4\u00e4ri problemaatika ja suhetega teiste eluvormidega. Ta teeb koost\u00f6\u00f6d paljude loojatega valdkondade ja p\u00f5lvkondade \u00fcleselt, nii Eestis kui rahvusvahelisel v\u00e4ljal. Erinevate kogemuste ja p\u00fc\u00fcdluste m\u00f5testatud tervikuks \u00fchendamine on Peeter Lauritsa kutsumus. Emaj\u00f5e-Suursoo Keskuses on v\u00e4ljapandud teoseid aastatest 2003 kuni 2022. N\u00e4itus j\u00e4\u00e4b avatuks kuni 21. juuli 2024, n\u00e4itus on avatud p\u00fchap\u00e4eviti kell 12-16, muudel aegadel kokkuleppel. T\u00e4psem info keskuse kodulehel.<\/p>\n\n\n\n<p class=\"wp-el\">20.00 Suur soo (Eesti 2022)<br>Dokumentaalfilm<br>Vello l\u00e4ks 30 aasta eest elama Emaj\u00f5e-Suursoo k\u00f5ige kaugemale soosaarele. J\u00e4ttis senise t\u00f6\u00f6elu ja linnamelu, et elada koosk\u00f5las emakese loodusega. Emaj\u00f5e-Suursoos on veel sellist loodust, mis hakkab muust maailmast otsa saama. \u00dc\u00fcratu deltasoostik laseb liikidel elada omaette, ilma inimese suurema sekkumiseta, kuigi ka inimene on selles soos varjupaika ja toidulisa otsinud juba aastatuhandeid. Vello elatab end mesindusest ja jahipidamisest, tema elu kulgeb loodus r\u00fctmis.<br>Operaator-re\u017eiss\u00f6\u00f6r Remek Meel, produtsent Riho V\u00e4strik.<br>21.00 Karujaht P\u00e4rnumaal, DJ Arto<\/p>\n\n\n\n<p class=\"wp-el\">Johannes P\u00e4\u00e4sukese filmitud Eesti esimene m\u00e4ngufilm \u00e4pardunud karujahist on poliitiline pila, mille ajendiks on P\u00e4rnu linnapea Oskar Brackmanni ja ajakirjaniku Jaan Karu tegelikult asetleidnud konflikt, laiemaks taustaks aga eestlaste ja baltisakslaste valimisv\u00f5itlus P\u00e4rnu linnavolikogus. P\u00e4evas\u00fcndmustega kursis olnud vaatajad said kohe aru, et filmijandis ei peetud jahti mingile m\u00fcstilisele V\u00e4ndra metsade karule, vaid t\u00e4iesti konkreetsele Jaan Karule, P\u00e4rnu Postimehe toimetajale ja agarale eesti-eduerakondlasele.<\/p>\n\n\n\n<p class=\"wp-el\">DJ Arto &#8211; Peoseeria ning samanimelise IDA raadiosaate HELIOS kaasautor, kelle stiil on j\u00e4rjepidevalt pakkunud \u00fcllatusmomenti nii uutele kui vanadele klubik\u00fclastajatele. Inspireerudes laiast muusikaspektrist leiavad tema settides koha varajane techno, kesk-k\u00fcmnendate naiivne minimal ja futuristlik elektro. Elegante ent ebamaine, j\u00e4rjepidev kuid \u00fcllatav\u2014v\u00e4simatu andumusega diskor, kelle unikaalne l\u00e4henemine on teinud temast tiheda k\u00fclalise pealinna alternatiivklubides.<\/p>\n\n\n\n<p class=\"wp-el\">Avatud Meeli kohvik, kus saab sooja s\u00fc\u00fca ja juua osta<\/p>\n\n\n\n<p class=\"wp-el\">10. VEEBRUAR, LAUP\u00c4EV<br>11.00-16.00 suusamatk taliteedele, k\u00f5ik huvilised teretulnud<br>17.00 avatud Emaj\u00f5e-Suursoo keskus ja kohvikud<br>19.00 Mick Pedaja kontsert ja soodisko, DJ-d Arto ja Kevin Park<br>Mick Pedaja muusikaline teekond on viinud ta koolikeldrist punkb\u00e4ndist suurtele lavadele. Nagu enamik Eesti lapsi, laulis Pedaja koolikooris, kuid v\u00f5ttis ka lisaks laulutunde ja on \u00f5ppinud kitarri. Pedaja on liikunud valjust ja m\u00fcrarohkest muusikastt aina enam vaikuse poole. Heliloojana on tal v\u00e4lja kujunenud eelistus ambientse, akustilise folk- ja meloodilise elektroonilise muusika segu vastu. Pedaja on loonud muusikat mitmetele filmidele ja seriaalidele, n\u00e4iteks Martti Helde filmile &#8220;Skandinaavia vaikus&#8221; (2019). Samuti on ta teinud koost\u00f6\u00f6d re\u017eiss\u00f6\u00f6r Ergo Kuld projektidega ja filmidega nagu &#8220;Talve \/ Mida s\u00fcda \u00fctleb&#8221;, &#8220;Reetur&#8221;, &#8220;Tulejoonel&#8221;, &#8220;Valguses &amp; Varjus&#8221; ning tema muusikat esitatakse filmis &#8220;Soo&#8221;. Lisaks on Pedaja on esinenud kontsertidel koos Kristjan J\u00e4rviga ja erinevate orkestritega (Baltic Sea Philharmonic jt).<\/p>\n\n\n\n<p class=\"wp-el\">DJ Kevin Park ehk Bobek on seikleja P\u00e4rnust, kes omamoodi kohmaka k\u00f5nnakuga l\u00e4bi muusikamaailma end tuulutab. Armastab seilata \u017eanrimerel oma eklektilise paadiga. Eelnevate Raadio 2 saadete Parkla, Balti Jaam, Kaabel, Hinget\u00f5mme saatejuht aastast 2018-2022. Andnud v\u00e4lja kaks albumit varjunime Bobek alt: &#8220;Facts&#8221; (2020) ja &#8220;About Humanity&#8221; (2021).&nbsp;<\/p>\n\n\n\n<p class=\"wp-el\">DJ Arto &#8211; peoseeria ning samanimelise IDA raadiosaate HELIOS kaasautor, kelle stiil on j\u00e4rjepidevalt pakkunud \u00fcllatusmomenti nii uutele kui vanadele klubik\u00fclastajatele. Inspireerudes laiast muusikaspektrist leiavad tema settides koha varajane techno, kesk-k\u00fcmnendate naiivne minimal ja futuristlik elektro. Elegante ent ebamaine, j\u00e4rjepidev kuid \u00fcllatav\u2014v\u00e4simatu andumusega diskor, kelle unikaalne l\u00e4henemine on teinud temast tiheda k\u00fclalise pealinna alternatiivklubides.<\/p>\n","protected":false},"excerpt":{"rendered":"<p>Taliteed Emaj\u00f5e-Suursoo Keskuses: 4.-10. veebruar 2024 Taliteed Emaj\u00f5e-Suursoos viib erilise looduselamuse otsija k\u00fclmunud sooteedele tajuma p\u00e4rand- ja helimaastikke kolmes eri&#8230;<\/p>\n","protected":false},"author":211,"featured_media":0,"parent":12161,"menu_order":0,"comment_status":"closed","ping_status":"closed","template":"","meta":{"advgb_blocks_editor_width":"","advgb_blocks_columns_visual_guide":"","footnotes":"","_links_to":"","_links_to_target":""},"acf":[],"yoast_head":"<!-- This site is optimized with the Yoast SEO plugin v21.4 - https:\/\/yoast.com\/wordpress\/plugins\/seo\/ -->\n<title>Taliteed Emaj\u00f5e-Suursoo Keskuses - visitsouthestonia<\/title>\n<meta name=\"robots\" content=\"index, follow, max-snippet:-1, max-image-preview:large, max-video-preview:-1\" \/>\n<link rel=\"canonical\" href=\"https:\/\/visitsouthestonia.com\/tartu-2024\/taliteed-emajoe-suursoos\/taliteed-emajoe-suursoo-keskuses\/\" \/>\n<meta property=\"og:locale\" content=\"et_EE\" \/>\n<meta property=\"og:type\" content=\"article\" \/>\n<meta property=\"og:title\" content=\"Taliteed Emaj\u00f5e-Suursoo Keskuses - visitsouthestonia\" \/>\n<meta property=\"og:description\" content=\"Taliteed Emaj\u00f5e-Suursoo Keskuses: 4.-10. veebruar 2024 Taliteed Emaj\u00f5e-Suursoos viib erilise looduselamuse otsija k\u00fclmunud sooteedele tajuma p\u00e4rand- ja helimaastikke kolmes eri...\" \/>\n<meta property=\"og:url\" content=\"https:\/\/visitsouthestonia.com\/tartu-2024\/taliteed-emajoe-suursoos\/taliteed-emajoe-suursoo-keskuses\/\" \/>\n<meta property=\"og:site_name\" content=\"visitsouthestonia\" \/>\n<meta name=\"twitter:card\" content=\"summary_large_image\" \/>\n<meta name=\"twitter:label1\" content=\"Est. reading time\" \/>\n\t<meta name=\"twitter:data1\" content=\"5 minutit\" \/>\n<script type=\"application\/ld+json\" class=\"yoast-schema-graph\">{\"@context\":\"https:\/\/schema.org\",\"@graph\":[{\"@type\":\"WebPage\",\"@id\":\"https:\/\/visitsouthestonia.com\/tartu-2024\/taliteed-emajoe-suursoos\/taliteed-emajoe-suursoo-keskuses\/\",\"url\":\"https:\/\/visitsouthestonia.com\/tartu-2024\/taliteed-emajoe-suursoos\/taliteed-emajoe-suursoo-keskuses\/\",\"name\":\"Taliteed Emaj\u00f5e-Suursoo Keskuses - visitsouthestonia\",\"isPartOf\":{\"@id\":\"https:\/\/visitsouthestonia.com\/community\/#website\"},\"datePublished\":\"2024-01-05T12:21:09+00:00\",\"dateModified\":\"2024-01-05T12:21:09+00:00\",\"breadcrumb\":{\"@id\":\"https:\/\/visitsouthestonia.com\/tartu-2024\/taliteed-emajoe-suursoos\/taliteed-emajoe-suursoo-keskuses\/#breadcrumb\"},\"inLanguage\":\"et\",\"potentialAction\":[{\"@type\":\"ReadAction\",\"target\":[\"https:\/\/visitsouthestonia.com\/tartu-2024\/taliteed-emajoe-suursoos\/taliteed-emajoe-suursoo-keskuses\/\"]}]},{\"@type\":\"BreadcrumbList\",\"@id\":\"https:\/\/visitsouthestonia.com\/tartu-2024\/taliteed-emajoe-suursoos\/taliteed-emajoe-suursoo-keskuses\/#breadcrumb\",\"itemListElement\":[{\"@type\":\"ListItem\",\"position\":1,\"name\":\"Tartu 2024 L\u00f5una-Eesti kogukonnaprogramm\",\"item\":\"https:\/\/visitsouthestonia.com\/tartu-2024\/\"},{\"@type\":\"ListItem\",\"position\":2,\"name\":\"Taliteed Emaj\u00f5e-Suursoos\",\"item\":\"https:\/\/visitsouthestonia.com\/tartu-2024\/taliteed-emajoe-suursoos\/\"},{\"@type\":\"ListItem\",\"position\":3,\"name\":\"Taliteed Emaj\u00f5e-Suursoo Keskuses\"}]},{\"@type\":\"WebSite\",\"@id\":\"https:\/\/visitsouthestonia.com\/community\/#website\",\"url\":\"https:\/\/visitsouthestonia.com\/community\/\",\"name\":\"visitsouthestonia\",\"description\":\"Parim puhkus veeda L\u00f5una-Eestis!\",\"potentialAction\":[{\"@type\":\"SearchAction\",\"target\":{\"@type\":\"EntryPoint\",\"urlTemplate\":\"https:\/\/visitsouthestonia.com\/community\/?s={search_term_string}\"},\"query-input\":\"required name=search_term_string\"}],\"inLanguage\":\"et\"}]}<\/script>\n<!-- \/ Yoast SEO plugin. -->","yoast_head_json":{"title":"Taliteed Emaj\u00f5e-Suursoo Keskuses - visitsouthestonia","robots":{"index":"index","follow":"follow","max-snippet":"max-snippet:-1","max-image-preview":"max-image-preview:large","max-video-preview":"max-video-preview:-1"},"canonical":"https:\/\/visitsouthestonia.com\/tartu-2024\/taliteed-emajoe-suursoos\/taliteed-emajoe-suursoo-keskuses\/","og_locale":"et_EE","og_type":"article","og_title":"Taliteed Emaj\u00f5e-Suursoo Keskuses - visitsouthestonia","og_description":"Taliteed Emaj\u00f5e-Suursoo Keskuses: 4.-10. veebruar 2024 Taliteed Emaj\u00f5e-Suursoos viib erilise looduselamuse otsija k\u00fclmunud sooteedele tajuma p\u00e4rand- ja helimaastikke kolmes eri...","og_url":"https:\/\/visitsouthestonia.com\/tartu-2024\/taliteed-emajoe-suursoos\/taliteed-emajoe-suursoo-keskuses\/","og_site_name":"visitsouthestonia","twitter_card":"summary_large_image","twitter_misc":{"Est. reading time":"5 minutit"},"schema":{"@context":"https:\/\/schema.org","@graph":[{"@type":"WebPage","@id":"https:\/\/visitsouthestonia.com\/tartu-2024\/taliteed-emajoe-suursoos\/taliteed-emajoe-suursoo-keskuses\/","url":"https:\/\/visitsouthestonia.com\/tartu-2024\/taliteed-emajoe-suursoos\/taliteed-emajoe-suursoo-keskuses\/","name":"Taliteed Emaj\u00f5e-Suursoo Keskuses - visitsouthestonia","isPartOf":{"@id":"https:\/\/visitsouthestonia.com\/community\/#website"},"datePublished":"2024-01-05T12:21:09+00:00","dateModified":"2024-01-05T12:21:09+00:00","breadcrumb":{"@id":"https:\/\/visitsouthestonia.com\/tartu-2024\/taliteed-emajoe-suursoos\/taliteed-emajoe-suursoo-keskuses\/#breadcrumb"},"inLanguage":"et","potentialAction":[{"@type":"ReadAction","target":["https:\/\/visitsouthestonia.com\/tartu-2024\/taliteed-emajoe-suursoos\/taliteed-emajoe-suursoo-keskuses\/"]}]},{"@type":"BreadcrumbList","@id":"https:\/\/visitsouthestonia.com\/tartu-2024\/taliteed-emajoe-suursoos\/taliteed-emajoe-suursoo-keskuses\/#breadcrumb","itemListElement":[{"@type":"ListItem","position":1,"name":"Tartu 2024 L\u00f5una-Eesti kogukonnaprogramm","item":"https:\/\/visitsouthestonia.com\/tartu-2024\/"},{"@type":"ListItem","position":2,"name":"Taliteed Emaj\u00f5e-Suursoos","item":"https:\/\/visitsouthestonia.com\/tartu-2024\/taliteed-emajoe-suursoos\/"},{"@type":"ListItem","position":3,"name":"Taliteed Emaj\u00f5e-Suursoo Keskuses"}]},{"@type":"WebSite","@id":"https:\/\/visitsouthestonia.com\/community\/#website","url":"https:\/\/visitsouthestonia.com\/community\/","name":"visitsouthestonia","description":"Parim puhkus veeda L\u00f5una-Eestis!","potentialAction":[{"@type":"SearchAction","target":{"@type":"EntryPoint","urlTemplate":"https:\/\/visitsouthestonia.com\/community\/?s={search_term_string}"},"query-input":"required name=search_term_string"}],"inLanguage":"et"}]}},"coauthors":[],"author_meta":{"author_link":"https:\/\/visitsouthestonia.com\/community\/author\/kaisa-timmi\/","display_name":"Meeri"},"relative_dates":{"created":"Posted 2 aastat ago","modified":"Updated 2 aastat ago"},"absolute_dates":{"created":"Posted on 5. jaan. 2024","modified":"Updated on 5. jaan. 2024"},"absolute_dates_time":{"created":"Posted on 5. jaan. 2024 02:21","modified":"Updated on 5. jaan. 2024 02:21"},"featured_img_caption":"","featured_img":false,"series_order":"","_links":{"self":[{"href":"https:\/\/visitsouthestonia.com\/community\/wp-json\/wp\/v2\/pages\/19738"}],"collection":[{"href":"https:\/\/visitsouthestonia.com\/community\/wp-json\/wp\/v2\/pages"}],"about":[{"href":"https:\/\/visitsouthestonia.com\/community\/wp-json\/wp\/v2\/types\/page"}],"author":[{"embeddable":true,"href":"https:\/\/visitsouthestonia.com\/community\/wp-json\/wp\/v2\/users\/211"}],"replies":[{"embeddable":true,"href":"https:\/\/visitsouthestonia.com\/community\/wp-json\/wp\/v2\/comments?post=19738"}],"version-history":[{"count":1,"href":"https:\/\/visitsouthestonia.com\/community\/wp-json\/wp\/v2\/pages\/19738\/revisions"}],"predecessor-version":[{"id":19739,"href":"https:\/\/visitsouthestonia.com\/community\/wp-json\/wp\/v2\/pages\/19738\/revisions\/19739"}],"up":[{"embeddable":true,"href":"https:\/\/visitsouthestonia.com\/community\/wp-json\/wp\/v2\/pages\/12161"}],"wp:attachment":[{"href":"https:\/\/visitsouthestonia.com\/community\/wp-json\/wp\/v2\/media?parent=19738"}],"curies":[{"name":"wp","href":"https:\/\/api.w.org\/{rel}","templated":true}]}}