{"id":19722,"date":"2024-01-04T12:15:17","date_gmt":"2024-01-04T10:15:17","guid":{"rendered":"https:\/\/visitsouthestonia.com\/community\/?page_id=19722"},"modified":"2024-01-17T11:50:15","modified_gmt":"2024-01-17T09:50:15","slug":"taliteed-ahunapalus","status":"publish","type":"page","link":"https:\/\/visitsouthestonia.com\/community\/tartu-2024\/taliteed-emajoe-suursoos\/taliteed-ahunapalus\/","title":{"rendered":"Taliteed Ahunapalus"},"content":{"rendered":"\n<p class=\"wp-el\"><strong>Taliteede Ahunapalus<\/strong>: <em>28. jaanuar \u2013 3. veebruar 2024<\/em><\/p>\n\n\n\n<ul class=\"wp-el\">\n<li>Rohkem infot: <a href=\"https:\/\/www.facebook.com\/events\/682733387396768\" target=\"_blank\" rel=\"noreferrer noopener\">facebook.com&#8230;<\/a><\/li>\n<\/ul>\n\n\n\n<p class=\"wp-el\">Taliteed Ahunapalus leiab aset festivaliperioodi keskel Ahunapalu palvemaja juures. Sinna installeeritakse taliteede ajaloost r\u00e4\u00e4kiv n\u00e4itus (koostaja Valdo Praust) ja k\u00fcttega telk, kus toimuvad temaatilised vestlusringid, varjudega vaatem\u00e4ng-etendus ja esinemised. Juhendatud r\u00e4\u00e4tsamatkad toimuvad \u00fcmbritsevates soodes peituvatel ajaloolistel taliteedel. Huvilistel on v\u00f5imalus s\u00f5ita t\u00f5ukekelkude ja hobureega. Heade ilmaolude korral kerkib lumelinn.<\/p>\n\n\n\n<p class=\"wp-el\">Ahunapalu programmi juhib ja korraldab Kastre valla haridus- ja kultuuriosakond ja allasutused koost\u00f6\u00f6s kohalike tegijate ja ettev\u00f5tjatega. Matkaprogrammi pakub <a href=\"https:\/\/naturetoursestonia.com\/loodusmatkad\/\" target=\"_blank\" rel=\"noreferrer noopener\">Nature Tours Estonia<\/a>.<\/p>\n\n\n\n<p class=\"wp-el\">Piletim\u00fc\u00fck avaneb detsembris. Matkade, vestlusringide ja etenduste kohtade arv on piiratud!<\/p>\n\n\n\n<p class=\"wp-el\">Festival s\u00f5ltub ilmaoludest ning korraldajal on \u00f5igus teha programmis muudatusi.<\/p>\n\n\n\n<p class=\"wp-el\">Ajakava:<\/p>\n\n\n\n<p class=\"wp-el\">P, 28.01<br>12 n\u00e4ituse avamine ja ringk\u00e4ik n\u00e4ituse koostajatega<br>13-16 r\u00e4\u00e4tsamatk taliteel (piletiga)<br>17 tuleshow<br>rees\u00f5idud<\/p>\n\n\n\n<p class=\"wp-el\">E, 29.01<br>11-15 n\u00e4itus avatud<br>12-14 r\u00e4\u00e4tsamatk<br>14-15 vestlusring r\u00e4ndajaga: Henrik Relve<\/p>\n\n\n\n<p class=\"wp-el\">T, 30.01<br>11-15 n\u00e4itus avatud<br>12-14 r\u00e4\u00e4tsamatk<br>14-15 vestlusring looduskirjanikuga: Valdur Mikita<\/p>\n\n\n\n<p class=\"wp-el\">N, 01.02<br>11-15 n\u00e4itus avatud<br>12-14 r\u00e4\u00e4tsamatk<br>14-15 vestlusring kultuuriloolasega: Marju K\u00f5ivupuu<\/p>\n\n\n\n<p class=\"wp-el\">R, 02.02<br>13-18 n\u00e4itus avatud<br>17-19 vestlusring keeletundjaga: Urmas Kalla (piletiga)<\/p>\n\n\n\n<p class=\"wp-el\">L, 03.02<br>10-18 n\u00e4itus avatud<br>10-13 ja 14:30-16:30 r\u00e4\u00e4tsamatkad taliteedel (piletiga)<br>12, 13, 15 ja 16 Varjudega vaatem\u00e4ng-etendus: Lemoot kompanii<br>17 \u2013 Juhan Uppini kontsert (piletiga)<br>rees\u00f5idud<\/p>\n\n\n\n<p class=\"wp-el\">Esinejad:<\/p>\n\n\n\n<p class=\"wp-el\">Hendrik Relve on eesti tunnustatud loodusajakirjanik ja -fotograaf, Vikerraadio &#8220;Kuula r\u00e4ndajat&#8221; saate autor. Emaj\u00f5e-Suursooga seob teda alates tudengip\u00f5lvest suur armastus nii sealse loodus- kui kultuurikeskkonna vastu.<\/p>\n\n\n\n<p class=\"wp-el\">Valdur Mikita on eesti kirjanik ja semiootik, s\u00fcnesteesiameister ja keelem\u00e4ngur. Tema teosed k\u00e4sitlevad m\u00e4nguliselt rahvusluse, looduskeskkonna\/loodustunnetuse ja kultuuriloo teemasid.<\/p>\n\n\n\n<p class=\"wp-el\">Marju K\u00f5ivupuu on eesti kultuuriloolane ja folklorist,Tallinna \u00dclikooli maastiku ja kultuuri keskuse vanemteadur, kes on uurinud inimese, looduse ja maastiku suhet, surmakultuuri ja rahvameditsiini.<\/p>\n\n\n\n<p class=\"wp-el\">Urmas Kalla on keeleuurija ja loodushuviline Mehikoormast, V\u00f5ru instituudi kaast\u00f6\u00f6taja, kes on toimetanud v\u00e4ljaande \u201eV\u00f5nnu kihelkonna kohanimed ja minevik\u201c (2016) ning uurinud kohalikke Kalevipoja-lugusid. Ta on sage Emaj\u00f5e-Suursoos k\u00e4ija, uurinud Ahunapalu ja Meerapalu kandi kohanimesid ning on t\u00f5lkinud v\u00f5ro keelde rahvuseepose \u201eKal\u00f5vipoig\u201c.<\/p>\n\n\n\n<p class=\"wp-el\">Lemoot kompanii on 2020. aasta suvel asutatud tantsu- ja etenduskunsti kompanii, mille tuumiku moodustavad \u00f5ed Johhanna Anett ja Helle Mari Toomel. Nad loovad oman\u00e4oliseid tantsu- ja etenduskunsti lavastusi, naeravad elu absurdsuse \u00fcle, r\u00e4\u00e4givad armastusest v\u00f5i viitavad meie \u00fchiskonna kitsaskohtadele. Nende lavastus &#8220;Fish Out of Water&#8221; oli 2022. a. teatriauhindade tantsulavastuse preemia nominent. Nad loovad Taliteedele spetsiaalselt selleks puhuks loodud varju- ja visuaalteatri vahendeid kasutava kammerliku l\u00fchilavastuse &#8220;Valgete v\u00e4ljade vahel&#8221;.<\/p>\n\n\n\n<p class=\"wp-el\">Tuleshow artist, tasakaalumeister ja kaskad\u00f6\u00f6r Tauri Vahesaar toob Ahunapalu k\u00fclavahelisele teele oma v\u00f5imsa akrobaatilisi ja kaskad\u00f6\u00f6ritrikke siduva tule- ja p\u00fcrotehnika lavastuse<\/p>\n\n\n\n<p class=\"wp-el\">Juhan Uppin p\u00e4rjati 2023. aastal Eesti Rahvatantsu ja Rahvamuusika Seltsi poolt Aasta loojaks ning 2018. aastal esimeseks Vabariigi pillimeheks. Ta oli 2023. aasta suvel toimunud rahvamuusikapeo idee autor ja \u00fcldjuht. T\u00e4nu Juhani p\u00fchendumisele on peod leidnud endale v\u00f5rdv\u00e4\u00e4rse koha laulu- ja tantsupidude k\u00f5rval. Ta on nii Teppo-t\u00fc\u00fcpi l\u00f5\u00f5tspilli kui p\u00e4karauakandle m\u00e4nguviisi uurija ja levitaja, kelle p\u00e4karauakandle m\u00e4ngustiili teadmine ja armastus on alguse saanud just Ahunapalust.<\/p>\n","protected":false},"excerpt":{"rendered":"<p>Taliteede Ahunapalus: 28. jaanuar \u2013 3. veebruar 2024 Taliteed Ahunapalus leiab aset festivaliperioodi keskel Ahunapalu palvemaja juures. Sinna installeeritakse taliteede&#8230;<\/p>\n","protected":false},"author":211,"featured_media":0,"parent":12161,"menu_order":0,"comment_status":"closed","ping_status":"closed","template":"","meta":{"advgb_blocks_editor_width":"","advgb_blocks_columns_visual_guide":"","footnotes":"","_links_to":"","_links_to_target":""},"acf":[],"yoast_head":"<!-- This site is optimized with the Yoast SEO plugin v21.4 - https:\/\/yoast.com\/wordpress\/plugins\/seo\/ -->\n<title>Taliteed Ahunapalus - visitsouthestonia<\/title>\n<meta name=\"robots\" content=\"index, follow, max-snippet:-1, max-image-preview:large, max-video-preview:-1\" \/>\n<link rel=\"canonical\" href=\"https:\/\/visitsouthestonia.com\/tartu-2024\/taliteed-emajoe-suursoos\/taliteed-ahunapalus\/\" \/>\n<meta property=\"og:locale\" content=\"et_EE\" \/>\n<meta property=\"og:type\" content=\"article\" \/>\n<meta property=\"og:title\" content=\"Taliteed Ahunapalus - visitsouthestonia\" \/>\n<meta property=\"og:description\" content=\"Taliteede Ahunapalus: 28. jaanuar \u2013 3. veebruar 2024 Taliteed Ahunapalus leiab aset festivaliperioodi keskel Ahunapalu palvemaja juures. Sinna installeeritakse taliteede...\" \/>\n<meta property=\"og:url\" content=\"https:\/\/visitsouthestonia.com\/tartu-2024\/taliteed-emajoe-suursoos\/taliteed-ahunapalus\/\" \/>\n<meta property=\"og:site_name\" content=\"visitsouthestonia\" \/>\n<meta property=\"article:modified_time\" content=\"2024-01-17T09:50:15+00:00\" \/>\n<meta name=\"twitter:card\" content=\"summary_large_image\" \/>\n<meta name=\"twitter:label1\" content=\"Est. reading time\" \/>\n\t<meta name=\"twitter:data1\" content=\"3 minutit\" \/>\n<script type=\"application\/ld+json\" class=\"yoast-schema-graph\">{\"@context\":\"https:\/\/schema.org\",\"@graph\":[{\"@type\":\"WebPage\",\"@id\":\"https:\/\/visitsouthestonia.com\/tartu-2024\/taliteed-emajoe-suursoos\/taliteed-ahunapalus\/\",\"url\":\"https:\/\/visitsouthestonia.com\/tartu-2024\/taliteed-emajoe-suursoos\/taliteed-ahunapalus\/\",\"name\":\"Taliteed Ahunapalus - visitsouthestonia\",\"isPartOf\":{\"@id\":\"https:\/\/visitsouthestonia.com\/community\/#website\"},\"datePublished\":\"2024-01-04T10:15:17+00:00\",\"dateModified\":\"2024-01-17T09:50:15+00:00\",\"breadcrumb\":{\"@id\":\"https:\/\/visitsouthestonia.com\/tartu-2024\/taliteed-emajoe-suursoos\/taliteed-ahunapalus\/#breadcrumb\"},\"inLanguage\":\"et\",\"potentialAction\":[{\"@type\":\"ReadAction\",\"target\":[\"https:\/\/visitsouthestonia.com\/tartu-2024\/taliteed-emajoe-suursoos\/taliteed-ahunapalus\/\"]}]},{\"@type\":\"BreadcrumbList\",\"@id\":\"https:\/\/visitsouthestonia.com\/tartu-2024\/taliteed-emajoe-suursoos\/taliteed-ahunapalus\/#breadcrumb\",\"itemListElement\":[{\"@type\":\"ListItem\",\"position\":1,\"name\":\"Tartu 2024 L\u00f5una-Eesti kogukonnaprogramm\",\"item\":\"https:\/\/visitsouthestonia.com\/tartu-2024\/\"},{\"@type\":\"ListItem\",\"position\":2,\"name\":\"Taliteed Emaj\u00f5e-Suursoos\",\"item\":\"https:\/\/visitsouthestonia.com\/tartu-2024\/taliteed-emajoe-suursoos\/\"},{\"@type\":\"ListItem\",\"position\":3,\"name\":\"Taliteed Ahunapalus\"}]},{\"@type\":\"WebSite\",\"@id\":\"https:\/\/visitsouthestonia.com\/community\/#website\",\"url\":\"https:\/\/visitsouthestonia.com\/community\/\",\"name\":\"visitsouthestonia\",\"description\":\"Parim puhkus veeda L\u00f5una-Eestis!\",\"potentialAction\":[{\"@type\":\"SearchAction\",\"target\":{\"@type\":\"EntryPoint\",\"urlTemplate\":\"https:\/\/visitsouthestonia.com\/community\/?s={search_term_string}\"},\"query-input\":\"required name=search_term_string\"}],\"inLanguage\":\"et\"}]}<\/script>\n<!-- \/ Yoast SEO plugin. -->","yoast_head_json":{"title":"Taliteed Ahunapalus - visitsouthestonia","robots":{"index":"index","follow":"follow","max-snippet":"max-snippet:-1","max-image-preview":"max-image-preview:large","max-video-preview":"max-video-preview:-1"},"canonical":"https:\/\/visitsouthestonia.com\/tartu-2024\/taliteed-emajoe-suursoos\/taliteed-ahunapalus\/","og_locale":"et_EE","og_type":"article","og_title":"Taliteed Ahunapalus - visitsouthestonia","og_description":"Taliteede Ahunapalus: 28. jaanuar \u2013 3. veebruar 2024 Taliteed Ahunapalus leiab aset festivaliperioodi keskel Ahunapalu palvemaja juures. Sinna installeeritakse taliteede...","og_url":"https:\/\/visitsouthestonia.com\/tartu-2024\/taliteed-emajoe-suursoos\/taliteed-ahunapalus\/","og_site_name":"visitsouthestonia","article_modified_time":"2024-01-17T09:50:15+00:00","twitter_card":"summary_large_image","twitter_misc":{"Est. reading time":"3 minutit"},"schema":{"@context":"https:\/\/schema.org","@graph":[{"@type":"WebPage","@id":"https:\/\/visitsouthestonia.com\/tartu-2024\/taliteed-emajoe-suursoos\/taliteed-ahunapalus\/","url":"https:\/\/visitsouthestonia.com\/tartu-2024\/taliteed-emajoe-suursoos\/taliteed-ahunapalus\/","name":"Taliteed Ahunapalus - visitsouthestonia","isPartOf":{"@id":"https:\/\/visitsouthestonia.com\/community\/#website"},"datePublished":"2024-01-04T10:15:17+00:00","dateModified":"2024-01-17T09:50:15+00:00","breadcrumb":{"@id":"https:\/\/visitsouthestonia.com\/tartu-2024\/taliteed-emajoe-suursoos\/taliteed-ahunapalus\/#breadcrumb"},"inLanguage":"et","potentialAction":[{"@type":"ReadAction","target":["https:\/\/visitsouthestonia.com\/tartu-2024\/taliteed-emajoe-suursoos\/taliteed-ahunapalus\/"]}]},{"@type":"BreadcrumbList","@id":"https:\/\/visitsouthestonia.com\/tartu-2024\/taliteed-emajoe-suursoos\/taliteed-ahunapalus\/#breadcrumb","itemListElement":[{"@type":"ListItem","position":1,"name":"Tartu 2024 L\u00f5una-Eesti kogukonnaprogramm","item":"https:\/\/visitsouthestonia.com\/tartu-2024\/"},{"@type":"ListItem","position":2,"name":"Taliteed Emaj\u00f5e-Suursoos","item":"https:\/\/visitsouthestonia.com\/tartu-2024\/taliteed-emajoe-suursoos\/"},{"@type":"ListItem","position":3,"name":"Taliteed Ahunapalus"}]},{"@type":"WebSite","@id":"https:\/\/visitsouthestonia.com\/community\/#website","url":"https:\/\/visitsouthestonia.com\/community\/","name":"visitsouthestonia","description":"Parim puhkus veeda L\u00f5una-Eestis!","potentialAction":[{"@type":"SearchAction","target":{"@type":"EntryPoint","urlTemplate":"https:\/\/visitsouthestonia.com\/community\/?s={search_term_string}"},"query-input":"required name=search_term_string"}],"inLanguage":"et"}]}},"coauthors":[],"author_meta":{"author_link":"https:\/\/visitsouthestonia.com\/community\/author\/kaisa-timmi\/","display_name":"Meeri"},"relative_dates":{"created":"Posted 2 aastat ago","modified":"Updated 2 aastat ago"},"absolute_dates":{"created":"Posted on 4. jaan. 2024","modified":"Updated on 17. jaan. 2024"},"absolute_dates_time":{"created":"Posted on 4. jaan. 2024 12:15","modified":"Updated on 17. jaan. 2024 11:50"},"featured_img_caption":"","featured_img":false,"series_order":"","_links":{"self":[{"href":"https:\/\/visitsouthestonia.com\/community\/wp-json\/wp\/v2\/pages\/19722"}],"collection":[{"href":"https:\/\/visitsouthestonia.com\/community\/wp-json\/wp\/v2\/pages"}],"about":[{"href":"https:\/\/visitsouthestonia.com\/community\/wp-json\/wp\/v2\/types\/page"}],"author":[{"embeddable":true,"href":"https:\/\/visitsouthestonia.com\/community\/wp-json\/wp\/v2\/users\/211"}],"replies":[{"embeddable":true,"href":"https:\/\/visitsouthestonia.com\/community\/wp-json\/wp\/v2\/comments?post=19722"}],"version-history":[{"count":6,"href":"https:\/\/visitsouthestonia.com\/community\/wp-json\/wp\/v2\/pages\/19722\/revisions"}],"predecessor-version":[{"id":19910,"href":"https:\/\/visitsouthestonia.com\/community\/wp-json\/wp\/v2\/pages\/19722\/revisions\/19910"}],"up":[{"embeddable":true,"href":"https:\/\/visitsouthestonia.com\/community\/wp-json\/wp\/v2\/pages\/12161"}],"wp:attachment":[{"href":"https:\/\/visitsouthestonia.com\/community\/wp-json\/wp\/v2\/media?parent=19722"}],"curies":[{"name":"wp","href":"https:\/\/api.w.org\/{rel}","templated":true}]}}