{"id":19071,"date":"2023-11-14T10:19:44","date_gmt":"2023-11-14T08:19:44","guid":{"rendered":"https:\/\/visitsouthestonia.com\/community\/?page_id=19071"},"modified":"2024-09-17T10:00:22","modified_gmt":"2024-09-17T07:00:22","slug":"tartumaa-toidusundmuste-sari-tirin-sundmused-2024","status":"publish","type":"page","link":"https:\/\/visitsouthestonia.com\/community\/tartu-2024\/tartumaa-toidufestival-2023-ja-2024\/tartumaa-toidusundmuste-sari-tirin-sundmused-2024\/","title":{"rendered":"Tartumaa toidus\u00fcndmuste sari \u201eTirin\u201c s\u00fcndmused 2024"},"content":{"rendered":"\n<h2 class=\"wp-block-heading wp-el\">S\u00fcndmused 2024<\/h2>\n\n\n\n<p class=\"wp-el\">&gt;&gt;&gt;K\u00f5ige ajakohasema s\u00fcndmuste nimekirja leiab siit: <a href=\"https:\/\/www.tartumaa.ee\/koostoo\/toidupiirkond\/tirin\">www.tartumaa.ee\/koostoo\/toidupiirkond\/tirin<\/a><\/p>\n\n\n\n<ul class=\"wp-el\">\n<li>16.01.2024 &#8211; <a href=\"https:\/\/fb.me\/e\/6nIr6uaU3\" target=\"_blank\" rel=\"noreferrer noopener\"><strong>Saame kokku leivatares &#8211; toite kuldsest k\u00f5rvitsast<\/strong><\/a><\/li>\n\n\n\n<li>25.01.2024 &#8211; <strong><a href=\"https:\/\/fb.me\/e\/1C6j3iYDU\" target=\"_blank\" rel=\"noreferrer noopener\">Kokakool &#8211;&nbsp; l\u00e4\u00e4tsetoidud ja moskva saiad<\/a><\/strong><\/li>\n\n\n\n<li>8.02, 15.02, 22.02 ja 29.02.2024 &#8211; <a href=\"Koolitus: Eritoitlustamine ja eritoidud men\u00fc\u00fcs\"><strong>Koolitus: Eritoitlustamine ja eritoidud men\u00fc\u00fcs<\/strong><\/a><\/li>\n\n\n\n<li>12.-16.02.2024 -Lotte kutsub s\u00f6\u00f6ma<\/li>\n\n\n\n<li>13.02.2024 &#8211; <a href=\"https:\/\/maaelumuuseumid.ee\/stec_event\/saame-kokku-leivatares-kokkamise-ja-nokitsemise-klubi-7\/\" target=\"_blank\" rel=\"noreferrer noopener\"><strong>Saame kokku leivatares &#8211; pannkoogip\u00e4ev<\/strong><\/a><\/li>\n\n\n\n<li>19.-23.02.2024; 22.02.2024 &#8211; <strong><a href=\"https:\/\/kultuuriaken.tartu.ee\/et\/syndmus\/tartumaa-maitsed\" target=\"_blank\" rel=\"noreferrer noopener\">Tartumaa Maitsed Turuhoones<\/a><\/strong><\/li>\n\n\n\n<li>22.02.2024 &#8211; <strong><a href=\"https:\/\/maaelumuuseumid.ee\/eesti-pollumajandusmuuseum\/eesti-pollumajandusmuuseumi-sundmused\/\" target=\"_blank\" rel=\"noreferrer noopener\">Kokakool&nbsp;&#8211;&nbsp; toidud odrajahust ja odratangudest<\/a><\/strong><\/li>\n\n\n\n<li>23.02.2024 &#8211; <strong><a href=\"https:\/\/www.facebook.com\/events\/1131035357885195\" target=\"_blank\" rel=\"noreferrer noopener\">Lossi\u00f5htus\u00f6\u00f6k<\/a><\/strong><\/li>\n\n\n\n<li>12.03.2024 &#8211; <strong><a href=\"https:\/\/maaelumuuseumid.ee\/stec_event\/saame-kokku-leivatares-kokkamise-ja-nokitsemise-klubi-8\/\" target=\"_blank\" rel=\"noreferrer noopener\">Saame kokku leivatares &#8211;&nbsp; kohupiimatoidud<\/a><\/strong><\/li>\n\n\n\n<li>M\u00e4rts &#8211; mai 2024 &#8211; Lossi\u00f5htus\u00f6\u00f6k &#8211;&nbsp;<strong><a href=\"https:\/\/www.alatskiviloss.ee\/uritused\" target=\"_blank\" rel=\"noreferrer noopener\">Toidukultuur Sibulateel&nbsp;<\/a><\/strong><\/li>\n\n\n\n<li>M\u00e4rtsi esimeses pooles 2024 &#8211; Elva maitsete n\u00e4dal<\/li>\n\n\n\n<li>17.03.2024 &#8211; P\u00e4evane maitser\u00e4nnak Sibulateel<\/li>\n\n\n\n<li>21.03.2024 &#8211; <a href=\"https:\/\/maaelumuuseumid.ee\/eesti-pollumajandusmuuseum\/eesti-pollumajandusmuuseumi-sundmused\/\" target=\"_blank\" rel=\"noreferrer noopener\"><strong>Kokakool &#8211;&nbsp;punapeet iga toidu sisse<\/strong><\/a><\/li>\n\n\n\n<li>16.04.2024 &#8211; <strong><a href=\"https:\/\/maaelumuuseumid.ee\/stec_event\/saame-kokku-leivatares-kokkamise-ja-nokitsemise-klubi-9\/\" target=\"_blank\" rel=\"noreferrer noopener\">Saame kokku leivatares &#8211;&nbsp; toidud odrajahust ja odratangudest<\/a><\/strong><\/li>\n\n\n\n<li>25.04.2024 &#8211; <a href=\"https:\/\/maaelumuuseumid.ee\/eesti-pollumajandusmuuseum\/eesti-pollumajandusmuuseumi-sundmused\/\" target=\"_blank\" rel=\"noreferrer noopener\"><strong>Kokakool &#8211; pelmeenid ja kartulikook<\/strong><\/a><\/li>\n\n\n\n<li>Aprill 2024 &#8211; Herr Rabarber kutsub perma-aeda<\/li>\n\n\n\n<li>Mai 2024 &#8211; <a href=\"https:\/\/tartupaasupesa.weebly.com\/kevadlaat-2024.html\" target=\"_blank\" rel=\"noreferrer noopener\"><strong>Kevadlaat: pajast punusse ja purki<\/strong><\/a><\/li>\n\n\n\n<li>11.05.2024 &#8211; <strong><a href=\"https:\/\/www.sibulatee.ee\/uritused\/sibulatee-kalapuhvetite-paev-2024\/\" target=\"_blank\" rel=\"noreferrer noopener\">Sibulatee KALApuhvetite p\u00e4ev<\/a><\/strong><\/li>\n\n\n\n<li>14.05.2024 &#8211; <a href=\"https:\/\/maaelumuuseumid.ee\/stec_event\/saame-kokku-leivatares-kokkamise-ja-nokitsemise-klubi-10\/\" target=\"_blank\" rel=\"noreferrer noopener\"><strong>Saame kokku leivatares &#8211; kotletid ja rummikook<\/strong><\/a><\/li>\n\n\n\n<li>16.05.2024 &#8211; <a href=\"https:\/\/tartupaasupesa.weebly.com\/kevadlaat-2024.html\" target=\"_blank\" rel=\"noreferrer noopener\"><strong>Kevadlaat:&nbsp; pajast punusse ja purki &nbsp;<\/strong><\/a><\/li>\n\n\n\n<li>19.05.2024 &#8211; L<a href=\"https:\/\/lukemois.ee\/luke-moisa-hooaja-avauritus-kohvikutepaevaga-19-mai-kell-12-16\/\">uke m\u00f5isa ava\u00fcritus koos kohvikute p\u00e4evaga<\/a><\/li>\n\n\n\n<li>23.06.2024 &#8211; Tordioksjon<\/li>\n\n\n\n<li>11.08.2024 &#8211; <strong><a href=\"https:\/\/fb.me\/e\/Ifp49GQV\" target=\"_blank\" rel=\"noreferrer noopener\">Maitsva toidu tee<\/a><\/strong><\/li>\n\n\n\n<li>07.09.2024 &#8211; <strong><a href=\"https:\/\/www.sibulatee.ee\/uritused\/sibulatee-puhvetite-paev-2024\/\" target=\"_blank\" rel=\"noreferrer noopener\">Sibulatee puhvetite p\u00e4ev<\/a><\/strong><\/li>\n\n\n\n<li>14.09.2024 &#8211; <strong><a href=\"https:\/\/maaelumuuseumid.ee\/stec_event\/ulenurme-sugislaat-ja-touloom-2024\/\" target=\"_blank\" rel=\"noreferrer noopener\">\u00dclenurme S\u00fcgisn\u00e4itus ja T\u00f5uloom 2024<\/a><\/strong><\/li>\n\n\n\n<li>14.09.2024 &#8211; <strong><a href=\"https:\/\/www.facebook.com\/events\/1064469411635821\" target=\"_blank\" rel=\"noreferrer noopener\">Kavastu Uhhaa- ja Kalapidu<\/a><\/strong><\/li>\n\n\n\n<li>21.09.2024 &#8211; Lossi\u00f5htus\u00f6\u00f6k &#8211;&nbsp;<strong><a href=\"https:\/\/www.alatskiviloss.ee\/uritused\" target=\"_blank\" rel=\"noreferrer noopener\">Toidukultuur Sibulateel&nbsp;<\/a><\/strong><\/li>\n\n\n\n<li>30.09-05.10.2024 &#8211; Avatud s\u00f6\u00f6gisaalid Elva vallas<\/li>\n\n\n\n<li>05.10.2024 &#8211; <a href=\"https:\/\/lodi.ee\/tule-laevasoidule\/uksikuritajale\/johvikaretk\" target=\"_blank\" rel=\"noreferrer noopener\"><strong>Looduslodja j\u00f5hvikaretk<\/strong><\/a><\/li>\n\n\n\n<li>08.10.2024 &#8211; <strong><a href=\"https:\/\/maaelumuuseumid.ee\/eesti-pollumajandusmuuseum\/eesti-pollumajandusmuuseumi-sundmused\/\" target=\"_blank\" rel=\"noreferrer noopener\">Saame kokku leivatares &#8211;\u00a0 v\u00f5ileivatort ja smuuti\u00a0<\/a><\/strong><\/li>\n\n\n\n<li>17.10.2024 &#8211; Kokakool &#8211; tatra- ja toortatratoidud<\/li>\n\n\n\n<li>05.11.2024 &#8211; <a href=\"https:\/\/maaelumuuseumid.ee\/eesti-pollumajandusmuuseum\/eesti-pollumajandusmuuseumi-sundmused\/\" target=\"_blank\" rel=\"noreferrer noopener\"><strong>Saame kokku leivatares &#8211; s\u00f5ir ja rummisaiakesed\u00a0<\/strong><\/a><\/li>\n\n\n\n<li>November 2024 &#8211; P\u00e4evane maitser\u00e4nnak Sibulateel<\/li>\n\n\n\n<li>14.11.2024 &#8211; Kokakool &#8211; toidud juustust ning s\u00f5ir<\/li>\n\n\n\n<li>03.12.2024 &#8211; <strong><a href=\"https:\/\/maaelumuuseumid.ee\/eesti-pollumajandusmuuseum\/eesti-pollumajandusmuuseumi-sundmused\/\" target=\"_blank\" rel=\"noreferrer noopener\">Saame kokku leivatares &#8211; verivorstid ja k\u00f5rvits<\/a><\/strong><\/li>\n\n\n\n<li>05.12.2024 &#8211; Kokakool &#8211; verivorstid ja j\u00f5ulumaiused<\/li>\n<\/ul>\n\n\n\n<p class=\"wp-el\"><a href=\"https:\/\/visitsouthestonia.com\/community\/tartu-2024\/tartumaa-toidufestival-2023-ja-2024\/\">&gt;&gt;&gt;Tartumaa toidus\u00fcndmuste sari \u201eTirin\u201c<\/a><\/p>\n\n\n\n<figure class=\"wp-block-image size-large\"><img decoding=\"async\" loading=\"lazy\" width=\"1200\" height=\"628\" src=\"https:\/\/visitsouthestonia.com\/community\/wp-content\/uploads\/2023\/07\/Logo-banner-Tirin_FB-1200x628.png\" alt=\"\" class=\"wp-image-13305\" srcset=\"https:\/\/visitsouthestonia.com\/community\/wp-content\/uploads\/2023\/07\/Logo-banner-Tirin_FB-1200x628.png 1200w, https:\/\/visitsouthestonia.com\/community\/wp-content\/uploads\/2023\/07\/Logo-banner-Tirin_FB-768x402.png 768w, https:\/\/visitsouthestonia.com\/community\/wp-content\/uploads\/2023\/07\/Logo-banner-Tirin_FB-1536x804.png 1536w, https:\/\/visitsouthestonia.com\/community\/wp-content\/uploads\/2023\/07\/Logo-banner-Tirin_FB-350x183.png 350w, https:\/\/visitsouthestonia.com\/community\/wp-content\/uploads\/2023\/07\/Logo-banner-Tirin_FB-1100x576.png 1100w, https:\/\/visitsouthestonia.com\/community\/wp-content\/uploads\/2023\/07\/Logo-banner-Tirin_FB-230x120.png 230w, https:\/\/visitsouthestonia.com\/community\/wp-content\/uploads\/2023\/07\/Logo-banner-Tirin_FB-134x70.png 134w, https:\/\/visitsouthestonia.com\/community\/wp-content\/uploads\/2023\/07\/Logo-banner-Tirin_FB-188x98.png 188w, https:\/\/visitsouthestonia.com\/community\/wp-content\/uploads\/2023\/07\/Logo-banner-Tirin_FB-103x54.png 103w, https:\/\/visitsouthestonia.com\/community\/wp-content\/uploads\/2023\/07\/Logo-banner-Tirin_FB-370x194.png 370w, https:\/\/visitsouthestonia.com\/community\/wp-content\/uploads\/2023\/07\/Logo-banner-Tirin_FB.png 1921w\" sizes=\"(max-width: 1200px) 100vw, 1200px\" \/><\/figure>\n\n\n\n<p class=\"wp-el\"><\/p>\n\n\n\n<p class=\"wp-el\"><img decoding=\"async\" loading=\"lazy\" width=\"128\" height=\"128\" class=\"wp-image-12016\" style=\"width: 20px;\" src=\"https:\/\/visitsouthestonia.com\/community\/wp-content\/uploads\/2023\/05\/must-nool.png\" alt=\"\" srcset=\"https:\/\/visitsouthestonia.com\/community\/wp-content\/uploads\/2023\/05\/must-nool.png 128w, https:\/\/visitsouthestonia.com\/community\/wp-content\/uploads\/2023\/05\/must-nool-51x51.png 51w, https:\/\/visitsouthestonia.com\/community\/wp-content\/uploads\/2023\/05\/must-nool-70x70.png 70w, https:\/\/visitsouthestonia.com\/community\/wp-content\/uploads\/2023\/05\/must-nool-120x120.png 120w, https:\/\/visitsouthestonia.com\/community\/wp-content\/uploads\/2023\/05\/must-nool-100x100.png 100w, https:\/\/visitsouthestonia.com\/community\/wp-content\/uploads\/2023\/05\/must-nool-54x54.png 54w\" sizes=\"(max-width: 128px) 100vw, 128px\" \/> Rohkem infot <a href=\"https:\/\/visitsouthestonia.com\/community\/tartu-2024\/\" target=\"_blank\" rel=\"noreferrer noopener\">Euroopa kultuuripealinn Tartu 2024 L\u00f5una-Eesti kogukonnaprogrammist<\/a><\/p>\n","protected":false},"excerpt":{"rendered":"<p>S\u00fcndmused 2024 &gt;&gt;&gt;K\u00f5ige ajakohasema s\u00fcndmuste nimekirja leiab siit: www.tartumaa.ee\/koostoo\/toidupiirkond\/tirin &gt;&gt;&gt;Tartumaa toidus\u00fcndmuste sari \u201eTirin\u201c Rohkem infot Euroopa kultuuripealinn Tartu 2024 L\u00f5una-Eesti&#8230;<\/p>\n","protected":false},"author":211,"featured_media":0,"parent":12163,"menu_order":0,"comment_status":"closed","ping_status":"closed","template":"","meta":{"advgb_blocks_editor_width":"","advgb_blocks_columns_visual_guide":"","footnotes":"","_links_to":"","_links_to_target":""},"acf":[],"yoast_head":"<!-- This site is optimized with the Yoast SEO plugin v21.4 - https:\/\/yoast.com\/wordpress\/plugins\/seo\/ -->\n<title>Tartumaa toidus\u00fcndmuste sari \u201eTirin\u201c s\u00fcndmused 2024 - visitsouthestonia<\/title>\n<meta name=\"robots\" content=\"index, follow, max-snippet:-1, max-image-preview:large, max-video-preview:-1\" \/>\n<link rel=\"canonical\" href=\"https:\/\/visitsouthestonia.com\/tartu-2024\/tartumaa-toidufestival-2023-ja-2024\/tartumaa-toidusundmuste-sari-tirin-sundmused-2024\/\" \/>\n<meta property=\"og:locale\" content=\"et_EE\" \/>\n<meta property=\"og:type\" content=\"article\" \/>\n<meta property=\"og:title\" content=\"Tartumaa toidus\u00fcndmuste sari \u201eTirin\u201c s\u00fcndmused 2024 - visitsouthestonia\" \/>\n<meta property=\"og:description\" content=\"S\u00fcndmused 2024 &gt;&gt;&gt;K\u00f5ige ajakohasema s\u00fcndmuste nimekirja leiab siit: www.tartumaa.ee\/koostoo\/toidupiirkond\/tirin &gt;&gt;&gt;Tartumaa toidus\u00fcndmuste sari \u201eTirin\u201c Rohkem infot Euroopa kultuuripealinn Tartu 2024 L\u00f5una-Eesti...\" \/>\n<meta property=\"og:url\" content=\"https:\/\/visitsouthestonia.com\/tartu-2024\/tartumaa-toidufestival-2023-ja-2024\/tartumaa-toidusundmuste-sari-tirin-sundmused-2024\/\" \/>\n<meta property=\"og:site_name\" content=\"visitsouthestonia\" \/>\n<meta property=\"article:modified_time\" content=\"2024-09-17T07:00:22+00:00\" \/>\n<meta property=\"og:image\" content=\"https:\/\/visitsouthestonia.com\/wp-content\/uploads\/2023\/07\/Logo-banner-Tirin_FB-1200x628.png\" \/>\n<meta name=\"twitter:card\" content=\"summary_large_image\" \/>\n<meta name=\"twitter:label1\" content=\"Est. reading time\" \/>\n\t<meta name=\"twitter:data1\" content=\"2 minutit\" \/>\n<script type=\"application\/ld+json\" class=\"yoast-schema-graph\">{\"@context\":\"https:\/\/schema.org\",\"@graph\":[{\"@type\":\"WebPage\",\"@id\":\"https:\/\/visitsouthestonia.com\/tartu-2024\/tartumaa-toidufestival-2023-ja-2024\/tartumaa-toidusundmuste-sari-tirin-sundmused-2024\/\",\"url\":\"https:\/\/visitsouthestonia.com\/tartu-2024\/tartumaa-toidufestival-2023-ja-2024\/tartumaa-toidusundmuste-sari-tirin-sundmused-2024\/\",\"name\":\"Tartumaa toidus\u00fcndmuste sari \u201eTirin\u201c s\u00fcndmused 2024 - visitsouthestonia\",\"isPartOf\":{\"@id\":\"https:\/\/visitsouthestonia.com\/community\/#website\"},\"datePublished\":\"2023-11-14T08:19:44+00:00\",\"dateModified\":\"2024-09-17T07:00:22+00:00\",\"breadcrumb\":{\"@id\":\"https:\/\/visitsouthestonia.com\/tartu-2024\/tartumaa-toidufestival-2023-ja-2024\/tartumaa-toidusundmuste-sari-tirin-sundmused-2024\/#breadcrumb\"},\"inLanguage\":\"et\",\"potentialAction\":[{\"@type\":\"ReadAction\",\"target\":[\"https:\/\/visitsouthestonia.com\/tartu-2024\/tartumaa-toidufestival-2023-ja-2024\/tartumaa-toidusundmuste-sari-tirin-sundmused-2024\/\"]}]},{\"@type\":\"BreadcrumbList\",\"@id\":\"https:\/\/visitsouthestonia.com\/tartu-2024\/tartumaa-toidufestival-2023-ja-2024\/tartumaa-toidusundmuste-sari-tirin-sundmused-2024\/#breadcrumb\",\"itemListElement\":[{\"@type\":\"ListItem\",\"position\":1,\"name\":\"Tartu 2024 L\u00f5una-Eesti kogukonnaprogramm\",\"item\":\"https:\/\/visitsouthestonia.com\/tartu-2024\/\"},{\"@type\":\"ListItem\",\"position\":2,\"name\":\"Tartumaa toidus\u00fcndmuste sari \u201eTirin\u201c\",\"item\":\"https:\/\/visitsouthestonia.com\/tartu-2024\/tartumaa-toidufestival-2023-ja-2024\/\"},{\"@type\":\"ListItem\",\"position\":3,\"name\":\"Tartumaa toidus\u00fcndmuste sari \u201eTirin\u201c s\u00fcndmused 2024\"}]},{\"@type\":\"WebSite\",\"@id\":\"https:\/\/visitsouthestonia.com\/community\/#website\",\"url\":\"https:\/\/visitsouthestonia.com\/community\/\",\"name\":\"visitsouthestonia\",\"description\":\"Parim puhkus veeda L\u00f5una-Eestis!\",\"potentialAction\":[{\"@type\":\"SearchAction\",\"target\":{\"@type\":\"EntryPoint\",\"urlTemplate\":\"https:\/\/visitsouthestonia.com\/community\/?s={search_term_string}\"},\"query-input\":\"required name=search_term_string\"}],\"inLanguage\":\"et\"}]}<\/script>\n<!-- \/ Yoast SEO plugin. -->","yoast_head_json":{"title":"Tartumaa toidus\u00fcndmuste sari \u201eTirin\u201c s\u00fcndmused 2024 - visitsouthestonia","robots":{"index":"index","follow":"follow","max-snippet":"max-snippet:-1","max-image-preview":"max-image-preview:large","max-video-preview":"max-video-preview:-1"},"canonical":"https:\/\/visitsouthestonia.com\/tartu-2024\/tartumaa-toidufestival-2023-ja-2024\/tartumaa-toidusundmuste-sari-tirin-sundmused-2024\/","og_locale":"et_EE","og_type":"article","og_title":"Tartumaa toidus\u00fcndmuste sari \u201eTirin\u201c s\u00fcndmused 2024 - visitsouthestonia","og_description":"S\u00fcndmused 2024 &gt;&gt;&gt;K\u00f5ige ajakohasema s\u00fcndmuste nimekirja leiab siit: www.tartumaa.ee\/koostoo\/toidupiirkond\/tirin &gt;&gt;&gt;Tartumaa toidus\u00fcndmuste sari \u201eTirin\u201c Rohkem infot Euroopa kultuuripealinn Tartu 2024 L\u00f5una-Eesti...","og_url":"https:\/\/visitsouthestonia.com\/tartu-2024\/tartumaa-toidufestival-2023-ja-2024\/tartumaa-toidusundmuste-sari-tirin-sundmused-2024\/","og_site_name":"visitsouthestonia","article_modified_time":"2024-09-17T07:00:22+00:00","og_image":[{"url":"https:\/\/visitsouthestonia.com\/wp-content\/uploads\/2023\/07\/Logo-banner-Tirin_FB-1200x628.png"}],"twitter_card":"summary_large_image","twitter_misc":{"Est. reading time":"2 minutit"},"schema":{"@context":"https:\/\/schema.org","@graph":[{"@type":"WebPage","@id":"https:\/\/visitsouthestonia.com\/tartu-2024\/tartumaa-toidufestival-2023-ja-2024\/tartumaa-toidusundmuste-sari-tirin-sundmused-2024\/","url":"https:\/\/visitsouthestonia.com\/tartu-2024\/tartumaa-toidufestival-2023-ja-2024\/tartumaa-toidusundmuste-sari-tirin-sundmused-2024\/","name":"Tartumaa toidus\u00fcndmuste sari \u201eTirin\u201c s\u00fcndmused 2024 - visitsouthestonia","isPartOf":{"@id":"https:\/\/visitsouthestonia.com\/community\/#website"},"datePublished":"2023-11-14T08:19:44+00:00","dateModified":"2024-09-17T07:00:22+00:00","breadcrumb":{"@id":"https:\/\/visitsouthestonia.com\/tartu-2024\/tartumaa-toidufestival-2023-ja-2024\/tartumaa-toidusundmuste-sari-tirin-sundmused-2024\/#breadcrumb"},"inLanguage":"et","potentialAction":[{"@type":"ReadAction","target":["https:\/\/visitsouthestonia.com\/tartu-2024\/tartumaa-toidufestival-2023-ja-2024\/tartumaa-toidusundmuste-sari-tirin-sundmused-2024\/"]}]},{"@type":"BreadcrumbList","@id":"https:\/\/visitsouthestonia.com\/tartu-2024\/tartumaa-toidufestival-2023-ja-2024\/tartumaa-toidusundmuste-sari-tirin-sundmused-2024\/#breadcrumb","itemListElement":[{"@type":"ListItem","position":1,"name":"Tartu 2024 L\u00f5una-Eesti kogukonnaprogramm","item":"https:\/\/visitsouthestonia.com\/tartu-2024\/"},{"@type":"ListItem","position":2,"name":"Tartumaa toidus\u00fcndmuste sari \u201eTirin\u201c","item":"https:\/\/visitsouthestonia.com\/tartu-2024\/tartumaa-toidufestival-2023-ja-2024\/"},{"@type":"ListItem","position":3,"name":"Tartumaa toidus\u00fcndmuste sari \u201eTirin\u201c s\u00fcndmused 2024"}]},{"@type":"WebSite","@id":"https:\/\/visitsouthestonia.com\/community\/#website","url":"https:\/\/visitsouthestonia.com\/community\/","name":"visitsouthestonia","description":"Parim puhkus veeda L\u00f5una-Eestis!","potentialAction":[{"@type":"SearchAction","target":{"@type":"EntryPoint","urlTemplate":"https:\/\/visitsouthestonia.com\/community\/?s={search_term_string}"},"query-input":"required name=search_term_string"}],"inLanguage":"et"}]}},"coauthors":[],"author_meta":{"author_link":"https:\/\/visitsouthestonia.com\/community\/author\/kaisa-timmi\/","display_name":"Meeri"},"relative_dates":{"created":"Posted 2 aastat ago","modified":"Updated 2 aastat ago"},"absolute_dates":{"created":"Posted on 14. nov. 2023","modified":"Updated on 17. sept. 2024"},"absolute_dates_time":{"created":"Posted on 14. nov. 2023 10:19","modified":"Updated on 17. sept. 2024 10:00"},"featured_img_caption":"","featured_img":false,"series_order":"","_links":{"self":[{"href":"https:\/\/visitsouthestonia.com\/community\/wp-json\/wp\/v2\/pages\/19071"}],"collection":[{"href":"https:\/\/visitsouthestonia.com\/community\/wp-json\/wp\/v2\/pages"}],"about":[{"href":"https:\/\/visitsouthestonia.com\/community\/wp-json\/wp\/v2\/types\/page"}],"author":[{"embeddable":true,"href":"https:\/\/visitsouthestonia.com\/community\/wp-json\/wp\/v2\/users\/211"}],"replies":[{"embeddable":true,"href":"https:\/\/visitsouthestonia.com\/community\/wp-json\/wp\/v2\/comments?post=19071"}],"version-history":[{"count":23,"href":"https:\/\/visitsouthestonia.com\/community\/wp-json\/wp\/v2\/pages\/19071\/revisions"}],"predecessor-version":[{"id":21111,"href":"https:\/\/visitsouthestonia.com\/community\/wp-json\/wp\/v2\/pages\/19071\/revisions\/21111"}],"up":[{"embeddable":true,"href":"https:\/\/visitsouthestonia.com\/community\/wp-json\/wp\/v2\/pages\/12163"}],"wp:attachment":[{"href":"https:\/\/visitsouthestonia.com\/community\/wp-json\/wp\/v2\/media?parent=19071"}],"curies":[{"name":"wp","href":"https:\/\/api.w.org\/{rel}","templated":true}]}}