{"id":15973,"date":"2023-10-09T09:52:50","date_gmt":"2023-10-09T06:52:50","guid":{"rendered":"https:\/\/visitsouthestonia.com\/community\/?page_id=15973"},"modified":"2023-10-09T09:52:51","modified_gmt":"2023-10-09T06:52:51","slug":"louna-eesti-kogukonnaprogrammi-raames-avavad-rouge-saunapered-oma-saunade-uksed","status":"publish","type":"page","link":"https:\/\/visitsouthestonia.com\/community\/tartu-2024\/uudised\/louna-eesti-kogukonnaprogrammi-raames-avavad-rouge-saunapered-oma-saunade-uksed\/","title":{"rendered":"L\u00f5una-Eesti kogukonnaprogrammi raames avavad R\u00f5uge saunapered oma saunade uksed"},"content":{"rendered":"\n<h1 class=\"wp-block-heading wp-el\"><strong><strong>L\u00f5una-Eesti kogukonnaprogrammi raames avavad R\u00f5uge kandi saunapered j\u00e4rgmisel n\u00e4dalal huvilistele oma kodusaunade uksed<\/strong><\/strong><\/h1>\n\n\n\n<p class=\"wp-el\">9.10.2023<\/p>\n\n\n\n<p class=\"wp-el\"><strong>Euroopa kultuuripealinn Tartu 2024 p\u00f5hiprogrammi kuuluva L\u00f5una-Eesti kogukonnaprogrammi raames avavad R\u00f5uge valla saunapered j\u00e4rgmisel n\u00e4dalavahetusel k\u00f5igile huvilistele oma kodusaunade uksed ja h\u00f5ikavad: <em>\u201eSanna!\u201c<\/em>. \u00a020.-22. oktoobril k\u00f6etakse R\u00f5uge kandi kuplite ja j\u00e4rvesilmade vahel kuumaks ligi poolsada eriilmelist sauna \u2013 saunar\u00f5\u00f5mu kogemiseks koos pererahvaga, t\u00f6\u00f6tubadeks, saunakraami m\u00fc\u00fcgiks, samuti kohaliku saunap\u00e4rimuse ja eluviisiga tutvumiseks.<\/strong><\/p>\n\n\n\n<p class=\"wp-el\">V\u00f5rumaa Partnerluskogu tegevjuht ja L\u00f5una-Eesti kogukonnaprogrammi meeskonna liige <strong>Kerli Kanger <\/strong>\u00fctles, et R\u00f5uge valla projekt \u201eSanna!\u201c t\u00f5stab Euroopa kultuuripealinna s\u00fcndmuste valikus h\u00e4sti esile kohalikke traditsioone ja paigap\u00e4rimust. \u201eUNESCO vaimse kultuurip\u00e4randi nimekirja kantud Vana-V\u00f5romaa suitsusaunakombestik k\u00f5neleb siinse kandi p\u00f5lisest saunakultuurist, mis ei ole museaal, vaid elav kultuur. Kuna iidne saunakultuur on meie piirkonna \u00fcks tugevusi, v\u00e4\u00e4rib see tutvustamist Euroopa kultuuripealinna egiidi all, et k\u00f5ik huvilised Eestist ja kaugemalt saaksid eheda elamuse,\u201c r\u00e4\u00e4kis Kanger, kes on ka ise aktiivne suitsusaunas k\u00e4ija.<\/p>\n\n\n\n<p class=\"wp-el\">R\u00f5uge valla projekti \u201eSanna!\u201c eestvedaja, Mooska talu perenaine <strong>Eda Veeroja<\/strong> lausus, et saunas\u00fcndmus tuleb koduselt soe ja vahetu. \u201eR\u00f5uge kandi pered avavad kodusaunad k\u00f5igile huvilistele ning jagavad oma pere traditsioone saunast ja kohalikust eluviisist,\u201c selgitas Veeroja. \u201eMeie saunas\u00fcndmuselt leiab iga\u00fcks midagi p\u00f5nevat \u2013 rohkelt saunap\u00e4rimust, meeleoluka saunan\u00e4ituse, suure vihtlemispeo ja muidugi eriilmelised saunad, mis ootavad k\u00fclalisi leili viskama, l\u00f5\u00f5gastuma, tervenema.\u201c K\u00fcsimusele, miks R\u00f5uge saunas\u00fcndmus on \u00fcldse oluline, vastas Veeroja lihtsalt: \u201eSaun on osa meie p\u00f5liskultuurist, kujundades siinse kandi inimese identiteeti. Just seep\u00e4rast ongi Euroopa kultuuripealinna raames t\u00e4htis tuua k\u00f5rgkultuuri k\u00f5rval t\u00e4helepanu ka kohalike jaoks tuhandete aastatega juurdunud tavakultuurile, sest n-\u00f6 igap\u00e4evakultuur selgitab L\u00f5una-Eesti k\u00fclalistele meie olemust ja meile omast eluviisi k\u00f5ige paremini.\u201c<\/p>\n\n\n\n<p class=\"wp-el\"><strong>R\u00f5uge valla projekt \u201eSanna!\u201c<\/strong> toimub kolmep\u00e4evase s\u00fcndmusena. <strong>Reedel,<\/strong> <strong>20. oktoobril<\/strong> algavad tegevused kell 17.00 saunap\u00e4rimuse tutvustamise, laulu ja pillim\u00e4ngu ning sauna\u00f5htuga Haanja puhke- ja spordikeskuses. <strong>Laup\u00e4eval, 21. oktoobril<\/strong> viheldakse avatud saunade p\u00e4ev pidulikult sisse kell 12.00 R\u00f5uge rahvamajas, kus saab maitsta ka suitsuliha ja kohtuda foton\u00e4ituse \u201cM\u00f5skmise luumin\u00f5\u201d autori, fotograafi Andres Treialiga. Plaanis ka matk ja t\u00f6\u00f6toad. Saunask\u00e4igud palutakse kokku leppida Eda Veeroja kaudu (tel 503 2341 \/ <a href=\"mailto:eda.veeroja@gmail.com\">eda.veeroja@gmail.com<\/a>). <strong>P\u00fchap\u00e4eval,<\/strong> <strong>22. oktoobril<\/strong> kell 11.00\u00a0j\u00e4tkub s\u00fcndmus suure vihtlemispeoga R\u00f5uge Suurj\u00e4rve \u00e4\u00e4res suures saunatelgis. Saunas\u00fcndmusele on juba registreerunud lisaks eestimaalastele ka l\u00e4tlasi, leedulasi, jaapanlasi ning soomlasi, teiste seas \u00dclemaailmse Sauna Assotsiatsiooni presidendi delegatsioon. Kogu s\u00fcndmuse korraldab R\u00f5uge vallavalitsus. Rohkem infot: <a href=\"https:\/\/rouge.kovtp.ee\/en\/sanna2023\">https:\/\/rouge.kovtp.ee\/en\/sanna2023<\/a><\/p>\n\n\n\n<p class=\"wp-el\"><strong>L\u00f5una-Eesti kogukonnaprogrammi<\/strong> raames korraldatakse 2023.<em> <\/em>ja2024. aastal \u00fchtekokku 20 projekti mitmek\u00fcmne v\u00e4\u00e4rtusp\u00f5hise s\u00fcndmusega, mis kutsuvad osalema k\u00fclastajaid Eestist, Euroopast ja mujalt maailmast. Programmi eesm\u00e4rk on anda hoogu omavahelisele koost\u00f6\u00f6le ja tugevdada L\u00f5una-Eesti identiteeti. Euroopa kultuuripealinn Tartu 2024 p\u00f5hiprogrammi osana aitab kogukonnaprogramm tutvustada kogu piirkonda just nende v\u00e4\u00e4rtuste p\u00f5hjal, mis on olulised kohalikele inimestele ja kogukondadele. K\u00f5ik valitud s\u00fcndmused aitavad esile t\u00f5sta L\u00f5una-Eesti v\u00e4\u00e4rtusi \u2013 puhast loodust, mitmek\u00fclgset kultuurip\u00e4randit<em>, <\/em>kohalikku toitu ja k\u00e4sit\u00f6\u00f6d, tervislikku eluviisi, j\u00e4tkusuutlikke ja innovaatilisi lahendusi ning aktiivseid ja eluj\u00f5ulisi kogukondi.<\/p>\n\n\n\n<p class=\"wp-el\"><strong>Kogukonnas\u00fcndmused, <\/strong>mis kuuluvad avatud taotlusvooru tulemusena L\u00f5una-Eesti kogukonnaprogrammi, on j\u00e4rgmised: j\u00f5eretkede sari \u201eAvasta Emaj\u00f5gi!\u201c, Tartumaa toidus\u00fcndmuste sari \u201eTirin\u201c, kogukonnalavastus \u201eLeevaku kullakaevur\u201c, \u201eSeto kostip\u00e4iv\u00e4 aastaring\u201c, kogukonnafestival \u201eMina tean, kust tuleb minu toit\u201d, Tartumaa teemap\u00e4evad \u201eP\u00e4ritud elluj\u00e4\u00e4miskunstid\u201c, R\u00f5uge projekt \u201eSanna!\u201c, ruumiloomekonverents \u201eLoo v\u00f5i loobu!\u201c, \u201eTaliteed Emaj\u00f5e-Suursoos\u201c, maaliliste maastike j\u00e4\u00e4dvustamise matkasari Otep\u00e4\u00e4l, \u201eMeelter\u00e4nnak looduses\u201c, I Kodavere laalupido, dokumentaalne osaluslavastus \u201eElluj\u00e4\u00e4miskunstid. KMOMID\u201c, Seto tantsupidu \u201eKad\u00b4ah kavv\u00f5k\u00f5\u00b4\u201c, Navi k\u00fcla kogukonnafestival, roosifestival Kaagj\u00e4rvel, Peipsi Toidu T\u00e4nav 175 km, Kagu-Eesti inspiratsioonifestival \u201eLoovus loob lootust!\u201c, \u201eAvastamata Antsla aarded \u2013 j\u00e4rved\u201c, linnaruumilavastus \u201eL\u00e4bi linna: Valga+Valka\u201c. Vt <a href=\"http:\/\/www.visitsouthestonia.com\/community\/tartu-2024\/\">www.visitsouthestonia.com\/community\/tartu-2024\/<\/a><\/p>\n\n\n\n<p class=\"wp-el\"><strong>Euroopa kultuuripealinn Tartu 2024 <\/strong>p\u00f5hiprogrammi kuuluv L\u00f5una-Eesti kogukonnaprogramm kasvas v\u00e4lja 2013. aastal L\u00f5una-Eesti LEADER-tegevusgruppide k\u00e4ima l\u00fckatud kollaste akende projektist \u201eElu kahe maailma piiril\u201c. L\u00f5una-Eesti kogukonnaprogrammi viivad ellu LEADER-tegevusgrupid Tartumaa Arendusselts, Valgamaa Partnerluskogu, V\u00f5rumaa Partnerluskogu ja Piiriveere Liider ning koost\u00f6\u00f6partneritena l\u00f6\u00f6vad kaasa Tartu, Elva, V\u00f5ru ja Valga linn. S\u00fcndmusi toetatakse LEADER-meetmest ning SA Tartu 2024 poolt L\u00f5una-Eesti kogukonnaprogrammile eraldatud eelarvest. Kogukonnaprogrammi tegemistesse on partnerina kaasatud teinegi Euroopa kultuuripealinn Tartu 2024 projekt Tartu Maailma\u00fclikool.<\/p>\n\n\n\n<p class=\"wp-el\">Lisainformatsioon:<\/p>\n\n\n\n<p class=\"wp-el\"><a href=\"http:\/\/www.visitsouthestonia.com\/community\/tartu-2024\/\">www.visitsouthestonia.com\/community\/tartu-2024\/<\/a><br><a href=\"https:\/\/tartu2024.ee\/kogukonnaprogramm\">tartu2024.ee\/kogukonnaprogramm<\/a><\/p>\n\n\n\n<p class=\"wp-el\"><strong>Kerli Kanger<\/strong>, V\u00f5rumaa Partnerluskogu tegevjuht ja L\u00f5una-Eesti kogukonnaprogrammi tiimi liige, telefon +372&nbsp;510 2662, e-post <a href=\"mailto:kerli@voruleader.ee\">kerli@voruleader.ee<\/a><\/p>\n\n\n\n<p class=\"wp-el\"><strong>Eda Veeroja<\/strong>, R\u00f5uge valla projekti \u201eSanna!\u201c eestvedaja, Mooska talu perenaine,<br>telefon +372\u00a0503 2341, e-post <a href=\"mailto:eda.veeroja@gmail.com\">eda.veeroja@gmail.com<\/a><\/p>\n\n\n\n<p class=\"wp-el\"><\/p>\n\n\n\n<figure class=\"wp-block-image size-large is-resized\"><img decoding=\"async\" loading=\"lazy\" src=\"https:\/\/visitsouthestonia.com\/community\/wp-content\/uploads\/2023\/05\/Tartu24Leader-logo-horisontaalne-est-must-1200x524.jpg\" alt=\"\" class=\"wp-image-12363\" style=\"width:300px;height:131px\" width=\"300\" height=\"131\" srcset=\"https:\/\/visitsouthestonia.com\/community\/wp-content\/uploads\/2023\/05\/Tartu24Leader-logo-horisontaalne-est-must-1200x524.jpg 1200w, https:\/\/visitsouthestonia.com\/community\/wp-content\/uploads\/2023\/05\/Tartu24Leader-logo-horisontaalne-est-must-768x335.jpg 768w, https:\/\/visitsouthestonia.com\/community\/wp-content\/uploads\/2023\/05\/Tartu24Leader-logo-horisontaalne-est-must-350x153.jpg 350w, https:\/\/visitsouthestonia.com\/community\/wp-content\/uploads\/2023\/05\/Tartu24Leader-logo-horisontaalne-est-must-1100x480.jpg 1100w, https:\/\/visitsouthestonia.com\/community\/wp-content\/uploads\/2023\/05\/Tartu24Leader-logo-horisontaalne-est-must-230x100.jpg 230w, https:\/\/visitsouthestonia.com\/community\/wp-content\/uploads\/2023\/05\/Tartu24Leader-logo-horisontaalne-est-must-160x70.jpg 160w, https:\/\/visitsouthestonia.com\/community\/wp-content\/uploads\/2023\/05\/Tartu24Leader-logo-horisontaalne-est-must-188x82.jpg 188w, https:\/\/visitsouthestonia.com\/community\/wp-content\/uploads\/2023\/05\/Tartu24Leader-logo-horisontaalne-est-must-124x54.jpg 124w, https:\/\/visitsouthestonia.com\/community\/wp-content\/uploads\/2023\/05\/Tartu24Leader-logo-horisontaalne-est-must-370x161.jpg 370w, https:\/\/visitsouthestonia.com\/community\/wp-content\/uploads\/2023\/05\/Tartu24Leader-logo-horisontaalne-est-must.jpg 1334w\" sizes=\"(max-width: 300px) 100vw, 300px\" \/><\/figure>\n\n\n\n<p class=\"wp-el\"><img decoding=\"async\" loading=\"lazy\" width=\"128\" height=\"128\" class=\"wp-image-12016\" style=\"width: 20px;\" src=\"https:\/\/visitsouthestonia.com\/community\/wp-content\/uploads\/2023\/05\/must-nool.png\" alt=\"\" srcset=\"https:\/\/visitsouthestonia.com\/community\/wp-content\/uploads\/2023\/05\/must-nool.png 128w, https:\/\/visitsouthestonia.com\/community\/wp-content\/uploads\/2023\/05\/must-nool-51x51.png 51w, https:\/\/visitsouthestonia.com\/community\/wp-content\/uploads\/2023\/05\/must-nool-70x70.png 70w, https:\/\/visitsouthestonia.com\/community\/wp-content\/uploads\/2023\/05\/must-nool-120x120.png 120w, https:\/\/visitsouthestonia.com\/community\/wp-content\/uploads\/2023\/05\/must-nool-100x100.png 100w, https:\/\/visitsouthestonia.com\/community\/wp-content\/uploads\/2023\/05\/must-nool-54x54.png 54w\" sizes=\"(max-width: 128px) 100vw, 128px\" \/> Rohkem infot <a href=\"https:\/\/visitsouthestonia.com\/community\/tartu-2024\/\">Euroopa kultuuripealinn Tartu 2024 L\u00f5una-Eesti kogukonnaprogrammist<\/a><\/p>\n","protected":false},"excerpt":{"rendered":"<p>L\u00f5una-Eesti kogukonnaprogrammi raames avavad R\u00f5uge kandi saunapered j\u00e4rgmisel n\u00e4dalal huvilistele oma kodusaunade uksed 9.10.2023 Euroopa kultuuripealinn Tartu 2024 p\u00f5hiprogrammi kuuluva&#8230;<\/p>\n","protected":false},"author":211,"featured_media":0,"parent":12304,"menu_order":1,"comment_status":"closed","ping_status":"closed","template":"","meta":{"advgb_blocks_editor_width":"","advgb_blocks_columns_visual_guide":"","footnotes":"","_links_to":"","_links_to_target":""},"acf":[],"yoast_head":"<!-- This site is optimized with the Yoast SEO plugin v21.4 - https:\/\/yoast.com\/wordpress\/plugins\/seo\/ -->\n<title>L\u00f5una-Eesti kogukonnaprogrammi raames avavad R\u00f5uge saunapered oma saunade uksed - visitsouthestonia<\/title>\n<meta name=\"robots\" content=\"index, follow, max-snippet:-1, max-image-preview:large, max-video-preview:-1\" \/>\n<link rel=\"canonical\" href=\"https:\/\/visitsouthestonia.com\/tartu-2024\/uudised\/louna-eesti-kogukonnaprogrammi-raames-avavad-rouge-saunapered-oma-saunade-uksed\/\" \/>\n<meta property=\"og:locale\" content=\"et_EE\" \/>\n<meta property=\"og:type\" content=\"article\" \/>\n<meta property=\"og:title\" content=\"L\u00f5una-Eesti kogukonnaprogrammi raames avavad R\u00f5uge saunapered oma saunade uksed - visitsouthestonia\" \/>\n<meta property=\"og:description\" content=\"L\u00f5una-Eesti kogukonnaprogrammi raames avavad R\u00f5uge kandi saunapered j\u00e4rgmisel n\u00e4dalal huvilistele oma kodusaunade uksed 9.10.2023 Euroopa kultuuripealinn Tartu 2024 p\u00f5hiprogrammi kuuluva...\" \/>\n<meta property=\"og:url\" content=\"https:\/\/visitsouthestonia.com\/tartu-2024\/uudised\/louna-eesti-kogukonnaprogrammi-raames-avavad-rouge-saunapered-oma-saunade-uksed\/\" \/>\n<meta property=\"og:site_name\" content=\"visitsouthestonia\" \/>\n<meta property=\"article:modified_time\" content=\"2023-10-09T06:52:51+00:00\" \/>\n<meta property=\"og:image\" content=\"https:\/\/visitsouthestonia.com\/wp-content\/uploads\/2023\/05\/Tartu24Leader-logo-horisontaalne-est-must-1200x524.jpg\" \/>\n<meta name=\"twitter:card\" content=\"summary_large_image\" \/>\n<meta name=\"twitter:label1\" content=\"Est. reading time\" \/>\n\t<meta name=\"twitter:data1\" content=\"4 minutit\" \/>\n<script type=\"application\/ld+json\" class=\"yoast-schema-graph\">{\"@context\":\"https:\/\/schema.org\",\"@graph\":[{\"@type\":\"WebPage\",\"@id\":\"https:\/\/visitsouthestonia.com\/tartu-2024\/uudised\/louna-eesti-kogukonnaprogrammi-raames-avavad-rouge-saunapered-oma-saunade-uksed\/\",\"url\":\"https:\/\/visitsouthestonia.com\/tartu-2024\/uudised\/louna-eesti-kogukonnaprogrammi-raames-avavad-rouge-saunapered-oma-saunade-uksed\/\",\"name\":\"L\u00f5una-Eesti kogukonnaprogrammi raames avavad R\u00f5uge saunapered oma saunade uksed - visitsouthestonia\",\"isPartOf\":{\"@id\":\"https:\/\/visitsouthestonia.com\/community\/#website\"},\"datePublished\":\"2023-10-09T06:52:50+00:00\",\"dateModified\":\"2023-10-09T06:52:51+00:00\",\"breadcrumb\":{\"@id\":\"https:\/\/visitsouthestonia.com\/tartu-2024\/uudised\/louna-eesti-kogukonnaprogrammi-raames-avavad-rouge-saunapered-oma-saunade-uksed\/#breadcrumb\"},\"inLanguage\":\"et\",\"potentialAction\":[{\"@type\":\"ReadAction\",\"target\":[\"https:\/\/visitsouthestonia.com\/tartu-2024\/uudised\/louna-eesti-kogukonnaprogrammi-raames-avavad-rouge-saunapered-oma-saunade-uksed\/\"]}]},{\"@type\":\"BreadcrumbList\",\"@id\":\"https:\/\/visitsouthestonia.com\/tartu-2024\/uudised\/louna-eesti-kogukonnaprogrammi-raames-avavad-rouge-saunapered-oma-saunade-uksed\/#breadcrumb\",\"itemListElement\":[{\"@type\":\"ListItem\",\"position\":1,\"name\":\"Tartu 2024 L\u00f5una-Eesti kogukonnaprogramm\",\"item\":\"https:\/\/visitsouthestonia.com\/tartu-2024\/\"},{\"@type\":\"ListItem\",\"position\":2,\"name\":\"Tartu 2024 kogukonnaprogrammi uudised\",\"item\":\"https:\/\/visitsouthestonia.com\/tartu-2024\/uudised\/\"},{\"@type\":\"ListItem\",\"position\":3,\"name\":\"L\u00f5una-Eesti kogukonnaprogrammi raames avavad R\u00f5uge saunapered oma saunade uksed\"}]},{\"@type\":\"WebSite\",\"@id\":\"https:\/\/visitsouthestonia.com\/community\/#website\",\"url\":\"https:\/\/visitsouthestonia.com\/community\/\",\"name\":\"visitsouthestonia\",\"description\":\"Parim puhkus veeda L\u00f5una-Eestis!\",\"potentialAction\":[{\"@type\":\"SearchAction\",\"target\":{\"@type\":\"EntryPoint\",\"urlTemplate\":\"https:\/\/visitsouthestonia.com\/community\/?s={search_term_string}\"},\"query-input\":\"required name=search_term_string\"}],\"inLanguage\":\"et\"}]}<\/script>\n<!-- \/ Yoast SEO plugin. -->","yoast_head_json":{"title":"L\u00f5una-Eesti kogukonnaprogrammi raames avavad R\u00f5uge saunapered oma saunade uksed - visitsouthestonia","robots":{"index":"index","follow":"follow","max-snippet":"max-snippet:-1","max-image-preview":"max-image-preview:large","max-video-preview":"max-video-preview:-1"},"canonical":"https:\/\/visitsouthestonia.com\/tartu-2024\/uudised\/louna-eesti-kogukonnaprogrammi-raames-avavad-rouge-saunapered-oma-saunade-uksed\/","og_locale":"et_EE","og_type":"article","og_title":"L\u00f5una-Eesti kogukonnaprogrammi raames avavad R\u00f5uge saunapered oma saunade uksed - visitsouthestonia","og_description":"L\u00f5una-Eesti kogukonnaprogrammi raames avavad R\u00f5uge kandi saunapered j\u00e4rgmisel n\u00e4dalal huvilistele oma kodusaunade uksed 9.10.2023 Euroopa kultuuripealinn Tartu 2024 p\u00f5hiprogrammi kuuluva...","og_url":"https:\/\/visitsouthestonia.com\/tartu-2024\/uudised\/louna-eesti-kogukonnaprogrammi-raames-avavad-rouge-saunapered-oma-saunade-uksed\/","og_site_name":"visitsouthestonia","article_modified_time":"2023-10-09T06:52:51+00:00","og_image":[{"url":"https:\/\/visitsouthestonia.com\/wp-content\/uploads\/2023\/05\/Tartu24Leader-logo-horisontaalne-est-must-1200x524.jpg"}],"twitter_card":"summary_large_image","twitter_misc":{"Est. reading time":"4 minutit"},"schema":{"@context":"https:\/\/schema.org","@graph":[{"@type":"WebPage","@id":"https:\/\/visitsouthestonia.com\/tartu-2024\/uudised\/louna-eesti-kogukonnaprogrammi-raames-avavad-rouge-saunapered-oma-saunade-uksed\/","url":"https:\/\/visitsouthestonia.com\/tartu-2024\/uudised\/louna-eesti-kogukonnaprogrammi-raames-avavad-rouge-saunapered-oma-saunade-uksed\/","name":"L\u00f5una-Eesti kogukonnaprogrammi raames avavad R\u00f5uge saunapered oma saunade uksed - visitsouthestonia","isPartOf":{"@id":"https:\/\/visitsouthestonia.com\/community\/#website"},"datePublished":"2023-10-09T06:52:50+00:00","dateModified":"2023-10-09T06:52:51+00:00","breadcrumb":{"@id":"https:\/\/visitsouthestonia.com\/tartu-2024\/uudised\/louna-eesti-kogukonnaprogrammi-raames-avavad-rouge-saunapered-oma-saunade-uksed\/#breadcrumb"},"inLanguage":"et","potentialAction":[{"@type":"ReadAction","target":["https:\/\/visitsouthestonia.com\/tartu-2024\/uudised\/louna-eesti-kogukonnaprogrammi-raames-avavad-rouge-saunapered-oma-saunade-uksed\/"]}]},{"@type":"BreadcrumbList","@id":"https:\/\/visitsouthestonia.com\/tartu-2024\/uudised\/louna-eesti-kogukonnaprogrammi-raames-avavad-rouge-saunapered-oma-saunade-uksed\/#breadcrumb","itemListElement":[{"@type":"ListItem","position":1,"name":"Tartu 2024 L\u00f5una-Eesti kogukonnaprogramm","item":"https:\/\/visitsouthestonia.com\/tartu-2024\/"},{"@type":"ListItem","position":2,"name":"Tartu 2024 kogukonnaprogrammi uudised","item":"https:\/\/visitsouthestonia.com\/tartu-2024\/uudised\/"},{"@type":"ListItem","position":3,"name":"L\u00f5una-Eesti kogukonnaprogrammi raames avavad R\u00f5uge saunapered oma saunade uksed"}]},{"@type":"WebSite","@id":"https:\/\/visitsouthestonia.com\/community\/#website","url":"https:\/\/visitsouthestonia.com\/community\/","name":"visitsouthestonia","description":"Parim puhkus veeda L\u00f5una-Eestis!","potentialAction":[{"@type":"SearchAction","target":{"@type":"EntryPoint","urlTemplate":"https:\/\/visitsouthestonia.com\/community\/?s={search_term_string}"},"query-input":"required name=search_term_string"}],"inLanguage":"et"}]}},"coauthors":[],"author_meta":{"author_link":"https:\/\/visitsouthestonia.com\/community\/author\/kaisa-timmi\/","display_name":"Meeri"},"relative_dates":{"created":"Posted 3 aastat ago","modified":"Updated 3 aastat ago"},"absolute_dates":{"created":"Posted on 9. okt. 2023","modified":"Updated on 9. okt. 2023"},"absolute_dates_time":{"created":"Posted on 9. okt. 2023 09:52","modified":"Updated on 9. okt. 2023 09:52"},"featured_img_caption":"","featured_img":false,"series_order":"","_links":{"self":[{"href":"https:\/\/visitsouthestonia.com\/community\/wp-json\/wp\/v2\/pages\/15973"}],"collection":[{"href":"https:\/\/visitsouthestonia.com\/community\/wp-json\/wp\/v2\/pages"}],"about":[{"href":"https:\/\/visitsouthestonia.com\/community\/wp-json\/wp\/v2\/types\/page"}],"author":[{"embeddable":true,"href":"https:\/\/visitsouthestonia.com\/community\/wp-json\/wp\/v2\/users\/211"}],"replies":[{"embeddable":true,"href":"https:\/\/visitsouthestonia.com\/community\/wp-json\/wp\/v2\/comments?post=15973"}],"version-history":[{"count":1,"href":"https:\/\/visitsouthestonia.com\/community\/wp-json\/wp\/v2\/pages\/15973\/revisions"}],"predecessor-version":[{"id":15974,"href":"https:\/\/visitsouthestonia.com\/community\/wp-json\/wp\/v2\/pages\/15973\/revisions\/15974"}],"up":[{"embeddable":true,"href":"https:\/\/visitsouthestonia.com\/community\/wp-json\/wp\/v2\/pages\/12304"}],"wp:attachment":[{"href":"https:\/\/visitsouthestonia.com\/community\/wp-json\/wp\/v2\/media?parent=15973"}],"curies":[{"name":"wp","href":"https:\/\/api.w.org\/{rel}","templated":true}]}}