{"id":14788,"date":"2023-09-20T10:48:53","date_gmt":"2023-09-20T07:48:53","guid":{"rendered":"https:\/\/visitsouthestonia.com\/community\/?page_id=14788"},"modified":"2023-09-20T11:18:00","modified_gmt":"2023-09-20T08:18:00","slug":"kolumn_2","status":"publish","type":"page","link":"https:\/\/visitsouthestonia.com\/community\/tartu-2024\/uudised\/kolumn_2\/","title":{"rendered":"Kolumn"},"content":{"rendered":"\n<h1 class=\"wp-block-heading wp-el\"><strong><strong><strong>L\u00f5una-Eesti kogukonnad avavad ukse ja s\u00fcdame<\/strong><br><\/strong><\/strong><\/h1>\n\n\n\n<p class=\"wp-el\"><strong>Tartu<\/strong> kannab 2024. aastal Euroopa kultuuripealinna austavat tiitlit koos L\u00f5una-Eestiga.&nbsp;Ootame k\u00f5iki k\u00fclla ja avastama seda eriilmelise loodusega rikkalikku kultuuripiirkonda. Just seep\u00e4rast sai kultuuripealinna raames k\u00e4ima l\u00fckatud L\u00f5una-Eesti kogukonnaprogramm, mis t\u00e4idab t\u00e4htsat \u00fclesannet \u2013 avab k\u00fclalistele ukse kohalike jaoks oluliste v\u00e4\u00e4rtuse juurde.<\/p>\n\n\n\n<p class=\"wp-el\"><strong>L\u00f5una-Eesti<\/strong> kogukonnaprogramm h\u00f5lmab 20 projekti ja selle egiidi all toimub kokku sadakond erinevat kogukonnas\u00fcndmust. Olgu selleks \u00fchine j\u00f5eretk, talgut\u00f6\u00f6, kogukonnaetendus, matk,&nbsp;festival v\u00f5i muu ettev\u00f5tmine \u2013 k\u00f5ik need koosloomes s\u00fcndivad s\u00fcndmused kannavad siinset identiteeti ja paigavaimu ning annavad head \u00f5latunnet.<\/p>\n\n\n\n<div class=\"wp-block-advgb-columns advgb-columns-wrapper\" id=\"advgb-cols-d82b54b8-795e-4a99-98f3-abbe38800ed1\"><div class=\"advgb-columns-container\"><div class=\"advgb-columns advgb-columns-row advgb-is-mobile advgb-columns-2 layout-12-12 mbl-layout-stacked vgutter-10\">\n<div class=\"wp-block-advgb-column advgb-column\" id=\"advgb-col-93e04cb9-d23c-4d3d-b935-6db2cfcacfdc\"><div class=\"advgb-column-inner\" style=\"border-style:none;border-width:1px\">\n<figure class=\"wp-block-image size-large\"><img decoding=\"async\" loading=\"lazy\" width=\"1200\" height=\"801\" src=\"https:\/\/visitsouthestonia.com\/community\/wp-content\/uploads\/2023\/09\/Kristiina-Tammets_foto-Terje-Atonen-1200x801.jpg\" alt=\"\" class=\"wp-image-14757\" srcset=\"https:\/\/visitsouthestonia.com\/community\/wp-content\/uploads\/2023\/09\/Kristiina-Tammets_foto-Terje-Atonen-1200x801.jpg 1200w, https:\/\/visitsouthestonia.com\/community\/wp-content\/uploads\/2023\/09\/Kristiina-Tammets_foto-Terje-Atonen-768x513.jpg 768w, https:\/\/visitsouthestonia.com\/community\/wp-content\/uploads\/2023\/09\/Kristiina-Tammets_foto-Terje-Atonen-1536x1025.jpg 1536w, https:\/\/visitsouthestonia.com\/community\/wp-content\/uploads\/2023\/09\/Kristiina-Tammets_foto-Terje-Atonen-2048x1367.jpg 2048w, https:\/\/visitsouthestonia.com\/community\/wp-content\/uploads\/2023\/09\/Kristiina-Tammets_foto-Terje-Atonen-350x234.jpg 350w, https:\/\/visitsouthestonia.com\/community\/wp-content\/uploads\/2023\/09\/Kristiina-Tammets_foto-Terje-Atonen-1100x734.jpg 1100w, https:\/\/visitsouthestonia.com\/community\/wp-content\/uploads\/2023\/09\/Kristiina-Tammets_foto-Terje-Atonen-230x154.jpg 230w, https:\/\/visitsouthestonia.com\/community\/wp-content\/uploads\/2023\/09\/Kristiina-Tammets_foto-Terje-Atonen-105x70.jpg 105w, https:\/\/visitsouthestonia.com\/community\/wp-content\/uploads\/2023\/09\/Kristiina-Tammets_foto-Terje-Atonen-188x125.jpg 188w, https:\/\/visitsouthestonia.com\/community\/wp-content\/uploads\/2023\/09\/Kristiina-Tammets_foto-Terje-Atonen-81x54.jpg 81w, https:\/\/visitsouthestonia.com\/community\/wp-content\/uploads\/2023\/09\/Kristiina-Tammets_foto-Terje-Atonen-370x247.jpg 370w\" sizes=\"(max-width: 1200px) 100vw, 1200px\" \/><figcaption class=\"wp-element-caption\">Kristiina Tammets. Foto: Terje Atonen<\/figcaption><\/figure>\n<\/div><\/div>\n\n\n\n<div class=\"wp-block-advgb-column advgb-column\" id=\"advgb-col-45f4f8b4-5535-4d56-bf75-4cd06e529e27\"><div class=\"advgb-column-inner\" style=\"border-style:none;border-width:1px\">\n<p class=\"wp-el\"><strong>L\u00f5unaeestlaslik<\/strong> m\u00f5tteilm ja eluviis vaatavad vastu ka selle raamatu tekstidest ja piltidelt. Needsamad lood, mis k\u00f5nelevad L\u00f5una-Eesti v\u00e4\u00e4rtustest, v\u00f5tavad h\u00e4sti kokku kogu L\u00f5una-Eesti kogukonnaprogrammi olemuse. Sajanditevanune paigap\u00e4rimus ja identiteet elavad edasi siinsetes kogukondades ja neis aktiivsetes inimestes, kes korraldavad kogukonnas\u00fcndmusi ning annavad kogu kultuuripealinnale eheda n\u00e4o.<\/p>\n\n\n\n<p class=\"wp-el\"><strong>Kogukonnaprogrammi<\/strong>&nbsp;viivad ellu L\u00f5una-Eesti kogukonnad, omavalitsused, ettev\u00f5tjad ja&nbsp;LEADER tegevusr\u00fchmad. Tartumaa Arendusselts, Valgamaa Partnerluskogu,&nbsp;Piiriveere Liider ja V\u00f5rumaa Partnerluskogu on \u00fcheskoos panustanud L\u00f5una-Eesti koost\u00f6\u00f6sse juba&nbsp;\u00fcle&nbsp;k\u00fcmne aasta ning kogukonnaprogramm on loomulik j\u00e4tk pikaajalisele koost\u00f6\u00f6le.<\/p>\n<\/div><\/div>\n<\/div><\/div><\/div>\n\n\n\n<p class=\"wp-el\"><strong>Euroopa kultuuripealinn<\/strong> annab olulise arenguimpulsi kogu regioonile, paneb meid looma&nbsp;uusi lahendusi ja arendama koost\u00f6\u00f6d nii omavahel&nbsp;kui ka rahvusvaheliselt. Kultuuripealinna kontseptsioon \u201eElluj\u00e4\u00e4mise&nbsp;kunstid\u201c v\u00e4\u00e4rtustab ja tugevdab teemasid nagu ringmajandus, keskkonnas\u00f5bralik&nbsp;s\u00fcndmuste korraldus, ligip\u00e4\u00e4setavus erinevatele huvigruppidele, samuti noorte, eakate ja&nbsp;erivajadustega inimeste kaasamisele. Sama oluline on erinevate valdkondade integreeritus, vabatahtlik t\u00f6\u00f6,&nbsp;koosloome. See k\u00f5ik iseloomustabki kogukonnas\u00fcndmusi, mis v\u00f5imaldavad kogeda L\u00f5una-Eestit autentse ja erilise v\u00e4\u00e4rtusruumina, ning nagu see on&nbsp;omane kohalikele inimestele: avatult ja s\u00fcdamega!<\/p>\n\n\n\n<p class=\"wp-el\"><strong>P\u00e4rast&nbsp;kultuuripealinna<\/strong> ei ole L\u00f5una-Eesti enam endine \u2013 heas m\u00f5ttes! Oleme saanud&nbsp;veelgi \u00fchtsemaks ja avatumaks, omandanud uusi tarkusi ja kogemusi, katsetanud&nbsp;innovaatilisi lahendusi ja&nbsp;tugevdanud oma kultuurip\u00e4randit. Aga k\u00f5ige&nbsp;olulisem: meil on palju uusi s\u00f5pru nii oma kogukondades kui ka mujal Eestis, Euroopas ja&nbsp;kaugemal.<\/p>\n\n\n\n<p class=\"wp-el\">P\u00f5nevat sukeldumist L\u00f5una-Eesti v\u00e4\u00e4rtusruumi ja r\u00f5\u00f5msa kohtumiseni!<\/p>\n\n\n\n<p class=\"wp-el\">Kristiina Tammets<br><em>Tartu 2024 L\u00f5una-Eesti kogukonnaprogrammi koordinaator<br>Tartumaa Arendusseltsi tegevjuht<\/em><\/p>\n\n\n\n<p class=\"wp-el\"><\/p>\n\n\n\n<p class=\"wp-el\"><img decoding=\"async\" loading=\"lazy\" width=\"128\" height=\"128\" class=\"wp-image-12016\" style=\"width: 20px;\" src=\"https:\/\/visitsouthestonia.com\/community\/wp-content\/uploads\/2023\/05\/must-nool.png\" alt=\"\" srcset=\"https:\/\/visitsouthestonia.com\/community\/wp-content\/uploads\/2023\/05\/must-nool.png 128w, https:\/\/visitsouthestonia.com\/community\/wp-content\/uploads\/2023\/05\/must-nool-51x51.png 51w, https:\/\/visitsouthestonia.com\/community\/wp-content\/uploads\/2023\/05\/must-nool-70x70.png 70w, https:\/\/visitsouthestonia.com\/community\/wp-content\/uploads\/2023\/05\/must-nool-120x120.png 120w, https:\/\/visitsouthestonia.com\/community\/wp-content\/uploads\/2023\/05\/must-nool-100x100.png 100w, https:\/\/visitsouthestonia.com\/community\/wp-content\/uploads\/2023\/05\/must-nool-54x54.png 54w\" sizes=\"(max-width: 128px) 100vw, 128px\" \/> Rohkem infot <a href=\"https:\/\/visitsouthestonia.com\/community\/tartu-2024\/\" target=\"_blank\" rel=\"noreferrer noopener\">Euroopa kultuuripealinn Tartu 2024 L\u00f5una-Eesti kogukonnaprogrammist<\/a><\/p>\n<style class=\"advgb-styles-renderer\">#advgb-cols-d82b54b8-795e-4a99-98f3-abbe38800ed1{}@media screen and (max-width: 1023px) {#advgb-cols-d82b54b8-795e-4a99-98f3-abbe38800ed1{}}@media screen and (max-width: 767px) {#advgb-cols-d82b54b8-795e-4a99-98f3-abbe38800ed1{}}#advgb-col-93e04cb9-d23c-4d3d-b935-6db2cfcacfdc>.advgb-column-inner{}@media screen and (max-width: 1023px) {#advgb-col-93e04cb9-d23c-4d3d-b935-6db2cfcacfdc>.advgb-column-inner{}}@media screen and (max-width: 767px) {#advgb-col-93e04cb9-d23c-4d3d-b935-6db2cfcacfdc>.advgb-column-inner{}}#advgb-col-45f4f8b4-5535-4d56-bf75-4cd06e529e27>.advgb-column-inner{}@media screen and (max-width: 1023px) {#advgb-col-45f4f8b4-5535-4d56-bf75-4cd06e529e27>.advgb-column-inner{}}@media screen and (max-width: 767px) {#advgb-col-45f4f8b4-5535-4d56-bf75-4cd06e529e27>.advgb-column-inner{}}<\/style>","protected":false},"excerpt":{"rendered":"<p>L\u00f5una-Eesti kogukonnad avavad ukse ja s\u00fcdame Tartu kannab 2024. aastal Euroopa kultuuripealinna austavat tiitlit koos L\u00f5una-Eestiga.&nbsp;Ootame k\u00f5iki k\u00fclla ja avastama&#8230;<\/p>\n","protected":false},"author":211,"featured_media":0,"parent":12304,"menu_order":0,"comment_status":"closed","ping_status":"closed","template":"","meta":{"advgb_blocks_editor_width":"","advgb_blocks_columns_visual_guide":"","footnotes":"","_links_to":"","_links_to_target":""},"acf":[],"yoast_head":"<!-- This site is optimized with the Yoast SEO plugin v21.4 - https:\/\/yoast.com\/wordpress\/plugins\/seo\/ -->\n<title>Kolumn - visitsouthestonia<\/title>\n<meta name=\"robots\" content=\"index, follow, max-snippet:-1, max-image-preview:large, max-video-preview:-1\" \/>\n<link rel=\"canonical\" href=\"https:\/\/visitsouthestonia.com\/tartu-2024\/uudised\/kolumn_2\/\" \/>\n<meta property=\"og:locale\" content=\"et_EE\" \/>\n<meta property=\"og:type\" content=\"article\" \/>\n<meta property=\"og:title\" content=\"Kolumn - visitsouthestonia\" \/>\n<meta property=\"og:description\" content=\"L\u00f5una-Eesti kogukonnad avavad ukse ja s\u00fcdame Tartu kannab 2024. aastal Euroopa kultuuripealinna austavat tiitlit koos L\u00f5una-Eestiga.&nbsp;Ootame k\u00f5iki k\u00fclla ja avastama...\" \/>\n<meta property=\"og:url\" content=\"https:\/\/visitsouthestonia.com\/tartu-2024\/uudised\/kolumn_2\/\" \/>\n<meta property=\"og:site_name\" content=\"visitsouthestonia\" \/>\n<meta property=\"article:modified_time\" content=\"2023-09-20T08:18:00+00:00\" \/>\n<meta property=\"og:image\" content=\"https:\/\/visitsouthestonia.com\/wp-content\/uploads\/2023\/09\/Kristiina-Tammets_foto-Terje-Atonen-1200x801.jpg\" \/>\n<meta name=\"twitter:card\" content=\"summary_large_image\" \/>\n<meta name=\"twitter:label1\" content=\"Est. reading time\" \/>\n\t<meta name=\"twitter:data1\" content=\"3 minutit\" \/>\n<script type=\"application\/ld+json\" class=\"yoast-schema-graph\">{\"@context\":\"https:\/\/schema.org\",\"@graph\":[{\"@type\":\"WebPage\",\"@id\":\"https:\/\/visitsouthestonia.com\/tartu-2024\/uudised\/kolumn_2\/\",\"url\":\"https:\/\/visitsouthestonia.com\/tartu-2024\/uudised\/kolumn_2\/\",\"name\":\"Kolumn - visitsouthestonia\",\"isPartOf\":{\"@id\":\"https:\/\/visitsouthestonia.com\/community\/#website\"},\"datePublished\":\"2023-09-20T07:48:53+00:00\",\"dateModified\":\"2023-09-20T08:18:00+00:00\",\"breadcrumb\":{\"@id\":\"https:\/\/visitsouthestonia.com\/tartu-2024\/uudised\/kolumn_2\/#breadcrumb\"},\"inLanguage\":\"et\",\"potentialAction\":[{\"@type\":\"ReadAction\",\"target\":[\"https:\/\/visitsouthestonia.com\/tartu-2024\/uudised\/kolumn_2\/\"]}]},{\"@type\":\"BreadcrumbList\",\"@id\":\"https:\/\/visitsouthestonia.com\/tartu-2024\/uudised\/kolumn_2\/#breadcrumb\",\"itemListElement\":[{\"@type\":\"ListItem\",\"position\":1,\"name\":\"Tartu 2024 L\u00f5una-Eesti kogukonnaprogramm\",\"item\":\"https:\/\/visitsouthestonia.com\/tartu-2024\/\"},{\"@type\":\"ListItem\",\"position\":2,\"name\":\"Tartu 2024 kogukonnaprogrammi uudised\",\"item\":\"https:\/\/visitsouthestonia.com\/tartu-2024\/uudised\/\"},{\"@type\":\"ListItem\",\"position\":3,\"name\":\"Kolumn\"}]},{\"@type\":\"WebSite\",\"@id\":\"https:\/\/visitsouthestonia.com\/community\/#website\",\"url\":\"https:\/\/visitsouthestonia.com\/community\/\",\"name\":\"visitsouthestonia\",\"description\":\"Parim puhkus veeda L\u00f5una-Eestis!\",\"potentialAction\":[{\"@type\":\"SearchAction\",\"target\":{\"@type\":\"EntryPoint\",\"urlTemplate\":\"https:\/\/visitsouthestonia.com\/community\/?s={search_term_string}\"},\"query-input\":\"required name=search_term_string\"}],\"inLanguage\":\"et\"}]}<\/script>\n<!-- \/ Yoast SEO plugin. -->","yoast_head_json":{"title":"Kolumn - visitsouthestonia","robots":{"index":"index","follow":"follow","max-snippet":"max-snippet:-1","max-image-preview":"max-image-preview:large","max-video-preview":"max-video-preview:-1"},"canonical":"https:\/\/visitsouthestonia.com\/tartu-2024\/uudised\/kolumn_2\/","og_locale":"et_EE","og_type":"article","og_title":"Kolumn - visitsouthestonia","og_description":"L\u00f5una-Eesti kogukonnad avavad ukse ja s\u00fcdame Tartu kannab 2024. aastal Euroopa kultuuripealinna austavat tiitlit koos L\u00f5una-Eestiga.&nbsp;Ootame k\u00f5iki k\u00fclla ja avastama...","og_url":"https:\/\/visitsouthestonia.com\/tartu-2024\/uudised\/kolumn_2\/","og_site_name":"visitsouthestonia","article_modified_time":"2023-09-20T08:18:00+00:00","og_image":[{"url":"https:\/\/visitsouthestonia.com\/wp-content\/uploads\/2023\/09\/Kristiina-Tammets_foto-Terje-Atonen-1200x801.jpg"}],"twitter_card":"summary_large_image","twitter_misc":{"Est. reading time":"3 minutit"},"schema":{"@context":"https:\/\/schema.org","@graph":[{"@type":"WebPage","@id":"https:\/\/visitsouthestonia.com\/tartu-2024\/uudised\/kolumn_2\/","url":"https:\/\/visitsouthestonia.com\/tartu-2024\/uudised\/kolumn_2\/","name":"Kolumn - visitsouthestonia","isPartOf":{"@id":"https:\/\/visitsouthestonia.com\/community\/#website"},"datePublished":"2023-09-20T07:48:53+00:00","dateModified":"2023-09-20T08:18:00+00:00","breadcrumb":{"@id":"https:\/\/visitsouthestonia.com\/tartu-2024\/uudised\/kolumn_2\/#breadcrumb"},"inLanguage":"et","potentialAction":[{"@type":"ReadAction","target":["https:\/\/visitsouthestonia.com\/tartu-2024\/uudised\/kolumn_2\/"]}]},{"@type":"BreadcrumbList","@id":"https:\/\/visitsouthestonia.com\/tartu-2024\/uudised\/kolumn_2\/#breadcrumb","itemListElement":[{"@type":"ListItem","position":1,"name":"Tartu 2024 L\u00f5una-Eesti kogukonnaprogramm","item":"https:\/\/visitsouthestonia.com\/tartu-2024\/"},{"@type":"ListItem","position":2,"name":"Tartu 2024 kogukonnaprogrammi uudised","item":"https:\/\/visitsouthestonia.com\/tartu-2024\/uudised\/"},{"@type":"ListItem","position":3,"name":"Kolumn"}]},{"@type":"WebSite","@id":"https:\/\/visitsouthestonia.com\/community\/#website","url":"https:\/\/visitsouthestonia.com\/community\/","name":"visitsouthestonia","description":"Parim puhkus veeda L\u00f5una-Eestis!","potentialAction":[{"@type":"SearchAction","target":{"@type":"EntryPoint","urlTemplate":"https:\/\/visitsouthestonia.com\/community\/?s={search_term_string}"},"query-input":"required name=search_term_string"}],"inLanguage":"et"}]}},"coauthors":[],"author_meta":{"author_link":"https:\/\/visitsouthestonia.com\/community\/author\/kaisa-timmi\/","display_name":"Meeri"},"relative_dates":{"created":"Posted 3 aastat ago","modified":"Updated 3 aastat ago"},"absolute_dates":{"created":"Posted on 20. sept. 2023","modified":"Updated on 20. sept. 2023"},"absolute_dates_time":{"created":"Posted on 20. sept. 2023 10:48","modified":"Updated on 20. sept. 2023 11:18"},"featured_img_caption":"","featured_img":false,"series_order":"","_links":{"self":[{"href":"https:\/\/visitsouthestonia.com\/community\/wp-json\/wp\/v2\/pages\/14788"}],"collection":[{"href":"https:\/\/visitsouthestonia.com\/community\/wp-json\/wp\/v2\/pages"}],"about":[{"href":"https:\/\/visitsouthestonia.com\/community\/wp-json\/wp\/v2\/types\/page"}],"author":[{"embeddable":true,"href":"https:\/\/visitsouthestonia.com\/community\/wp-json\/wp\/v2\/users\/211"}],"replies":[{"embeddable":true,"href":"https:\/\/visitsouthestonia.com\/community\/wp-json\/wp\/v2\/comments?post=14788"}],"version-history":[{"count":4,"href":"https:\/\/visitsouthestonia.com\/community\/wp-json\/wp\/v2\/pages\/14788\/revisions"}],"predecessor-version":[{"id":14801,"href":"https:\/\/visitsouthestonia.com\/community\/wp-json\/wp\/v2\/pages\/14788\/revisions\/14801"}],"up":[{"embeddable":true,"href":"https:\/\/visitsouthestonia.com\/community\/wp-json\/wp\/v2\/pages\/12304"}],"wp:attachment":[{"href":"https:\/\/visitsouthestonia.com\/community\/wp-json\/wp\/v2\/media?parent=14788"}],"curies":[{"name":"wp","href":"https:\/\/api.w.org\/{rel}","templated":true}]}}