{"id":14482,"date":"2023-09-11T22:40:30","date_gmt":"2023-09-11T19:40:30","guid":{"rendered":"https:\/\/visitsouthestonia.com\/community\/?page_id=14482"},"modified":"2023-09-11T22:40:52","modified_gmt":"2023-09-11T19:40:52","slug":"ulenurme-sugislaat-ja-touloom-2023","status":"publish","type":"page","link":"https:\/\/visitsouthestonia.com\/community\/tartu-2024\/tartumaa-toidufestival-2023-ja-2024\/ulenurme-sugislaat-ja-touloom-2023\/","title":{"rendered":"\u00dclenurme S\u00fcgislaat ja T\u00f5uloom 2023"},"content":{"rendered":"\n<h2 class=\"wp-block-heading wp-el\">Kui laup\u00e4evahommikune poolunine laadak\u00fclaline kaaslasega Tartust \u00dclenurmele j\u00f5udis\u2026<\/h2>\n\n\n\n<p class=\"wp-el\">11.09.2023<\/p>\n\n\n\n<p class=\"wp-el\">\u2026oli laat juba alanud. K\u00fcll ainult m\u00f5nek\u00fcmne minuti eest, seega l\u00e4ks sulandumine sujuvalt.<\/p>\n\n\n\n<p class=\"wp-el\">Eks Tartu on \u00dclenurmele ju l\u00e4hedal ka, kaugeltnurga mehed peavadki teadupoolest varem kohal olema. Aga laadasaginas toidut\u00e4nav ning esinduslik kauplejaterivi kinnitas, et P\u00f5llumajandusmuuseumi aasta t\u00e4hts\u00fcndmusele \u00dclenurme s\u00fcgislaat ja T\u00f5uloom 2023, oli laadalisi nii kauplema kui talvevarusid t\u00e4iendama saabunud t\u00f5esti nii l\u00e4hemalt kui kaugemalt ja oluliselt varem, kui Tartu linna daamidel mahti oli laekuda. Hoidiseid ja k\u00f6\u00f6givilja, esmapilgul peaasjalikult sibulat, k\u00fc\u00fcslauku ja kartulit leidus nii Kastre, Kambja kui Elva vallast, Peipsi\u00e4\u00e4relt, J\u00f5gevamaalt ja P\u00e4rnustki. Juba veidi \u00e4rganuma k\u00fclalise laada-m\u00e4rssidesse r\u00e4ndasid lettidelt juurikate asemel k\u00fcll t\u0161illimoos ja \u00f5unasinep, aga palju sinna magalarajooni kahetoalise k\u00fclmkappi siis mahubki\u2026 \u00d5nneks jagasid hakkajamad kauplejad tagasihoidlikumatele laadalistele k\u00fcsimatagi lahkelt visiitkaarte. Ehk talvekartuli ja s\u00f5iravarud sai soovi korral endale kindlustada ka juhul, kui kotti enam midagi ei mahtunud.<\/p>\n\n\n\n<figure class=\"wp-block-image size-large\"><img decoding=\"async\" loading=\"lazy\" width=\"1200\" height=\"800\" src=\"https:\/\/visitsouthestonia.com\/community\/wp-content\/uploads\/2023\/09\/Ulenurme-Sugislaat-ja-Touloom-2023_foto-Ketlin-Laats-277-1200x800.jpg\" alt=\"\" class=\"wp-image-14483\" srcset=\"https:\/\/visitsouthestonia.com\/community\/wp-content\/uploads\/2023\/09\/Ulenurme-Sugislaat-ja-Touloom-2023_foto-Ketlin-Laats-277-1200x800.jpg 1200w, https:\/\/visitsouthestonia.com\/community\/wp-content\/uploads\/2023\/09\/Ulenurme-Sugislaat-ja-Touloom-2023_foto-Ketlin-Laats-277-768x512.jpg 768w, https:\/\/visitsouthestonia.com\/community\/wp-content\/uploads\/2023\/09\/Ulenurme-Sugislaat-ja-Touloom-2023_foto-Ketlin-Laats-277-1536x1024.jpg 1536w, https:\/\/visitsouthestonia.com\/community\/wp-content\/uploads\/2023\/09\/Ulenurme-Sugislaat-ja-Touloom-2023_foto-Ketlin-Laats-277-2048x1365.jpg 2048w, https:\/\/visitsouthestonia.com\/community\/wp-content\/uploads\/2023\/09\/Ulenurme-Sugislaat-ja-Touloom-2023_foto-Ketlin-Laats-277-350x233.jpg 350w, https:\/\/visitsouthestonia.com\/community\/wp-content\/uploads\/2023\/09\/Ulenurme-Sugislaat-ja-Touloom-2023_foto-Ketlin-Laats-277-1100x733.jpg 1100w, https:\/\/visitsouthestonia.com\/community\/wp-content\/uploads\/2023\/09\/Ulenurme-Sugislaat-ja-Touloom-2023_foto-Ketlin-Laats-277-230x153.jpg 230w, https:\/\/visitsouthestonia.com\/community\/wp-content\/uploads\/2023\/09\/Ulenurme-Sugislaat-ja-Touloom-2023_foto-Ketlin-Laats-277-105x70.jpg 105w, https:\/\/visitsouthestonia.com\/community\/wp-content\/uploads\/2023\/09\/Ulenurme-Sugislaat-ja-Touloom-2023_foto-Ketlin-Laats-277-188x125.jpg 188w, https:\/\/visitsouthestonia.com\/community\/wp-content\/uploads\/2023\/09\/Ulenurme-Sugislaat-ja-Touloom-2023_foto-Ketlin-Laats-277-81x54.jpg 81w, https:\/\/visitsouthestonia.com\/community\/wp-content\/uploads\/2023\/09\/Ulenurme-Sugislaat-ja-Touloom-2023_foto-Ketlin-Laats-277-370x247.jpg 370w\" sizes=\"(max-width: 1200px) 100vw, 1200px\" \/><figcaption class=\"wp-element-caption\">Foto: Ketlin L\u00e4\u00e4ts<\/figcaption><\/figure>\n\n\n\n<p class=\"wp-el\">Paun heast paremast pungil oli samm juba \u00fcsna tragi ja aeg t\u00f5uloomi kaema s\u00e4ttida. Areenil oli paarisajap\u00e4isest publikust hoolimata introvertidele meelep\u00e4raselt lahedalt ruumi. Kerges vihmasabinas sai end kurssi viia n\u00e4iteks lambap\u00fcgamisv\u00f5tetega. K\u00e4sitsil\u00fcpsi v\u00f5istluse rekordiline ligi 5 liitrit piima kahe minutiga n\u00e4is ka muljetavaldav. Aga t\u00f5elise hingesugulase leidis esmakordne \u00fcrituse k\u00fclaline korraliku karakteriga Kihnu maalambas. Oma m\u00f5neti t\u00f5rksa olekuga viis saarelt mandrile transporditud isend v\u00e4gisi m\u00f5tted paralleelini senise isikliku kogemusega p\u00e4evast &#8211; lubage naasta harjumusp\u00e4rasesse keskkonda kodukarjamaal. Et aga oma roll hetkes oli t\u00e4ita m\u00f5lemal, sai lammas l\u00f5puks siiski p\u00fc\u00fcnele ja t\u00f5uloomakaugemadki publiku esindajad v\u00e4\u00e4rikat aplausi harjutada.<\/p>\n\n\n\n<p class=\"wp-el\">Pigem v\u00e4iksemate maaeluentusiastidena sai tartlastelt siiski omajagu t\u00e4helepanu ka kodulindude sektsioon. Peaasjalikult seet\u00f5ttu, et juhuslik diskussioon teemal, kas v\u00e4ikeloomade mobiilsel tapamajal oleks Tartumaal turgu, viis m\u00f5tted Tartumaa toiduv\u00f5rgustiku ja v\u00e4ikelooma- ja linnukasvatajate v\u00f5imalike koost\u00f6\u00f6kohtadeni.<\/p>\n\n\n\n<p class=\"wp-el\">Pea t\u00e4is h\u00e4id m\u00f5tteid t\u00f5uaretuse ja v\u00e4ikeloomakasvatuse teemadel j\u00e4i aega uidata ka toidut\u00e4naval. Ka valivam k\u00fclastaja sai kena k\u00f5hut\u00e4ie kohapeal v\u00f5i soovi korral koju kaasa v\u00f5tta. Degusteerimisk\u00f5lbulikuks tunnistatud v\u00e4rskelt valminud kaneelikeerud, vastavalt soovile kas rosinatega v\u00f5i ilma, l\u00e4bisid testi sedav\u00f5rd edukalt, et laadam\u00e4rssidesse tekkis lisagi. Ka v\u00e4rske leiva sai kaasa. K\u00fcll vaid geniaalse k\u00fcpsetuskomplekti n\u00e4ol. Aga peremehe boonuseks kaasa antud soojad s\u00f5nad, et leiba oskab k\u00fcpsetada iga\u00fcks ja k\u00fcpsetaja puudutus on see, mis leivast leiva teeb, k\u00f5lasid sedav\u00f5rd julgustavalt k\u00fcll, et \u00fcks \u201cter\u00e4leiva\u201d katsetus l\u00e4hiperspektiivi plaani v\u00f5tta.<\/p>\n\n\n\n<p class=\"wp-el\">Korraldajate ja kauplejatega vesteldes j\u00e4i k\u00f5rva, et m\u00f5lema eesm\u00e4rk on suunata tarbijat rohkem tervislikku kodumaist toitu s\u00f6\u00f6ma. V\u00f5imalikke lahendusi, kuidas seda teha, on erinevaid, kuid s\u00fcgislaadad on kindlasti \u00fcks hea variant t\u00f5sta nii tarbija teadlikkust kui ka v\u00f5imaldada otse tootjalt kohalikke p\u00f5llumajandussaadusi osta. Kauplejate p\u00f5hjalikum eelkontroll, et laadalettidel oleks t\u00f5esti kohalik Eestimaine toodang, ja targalt plaanitud kommunikatsioon k\u00fclastajale, on juba suur samm eesm\u00e4rgi poole liikumisel.<\/p>\n\n\n\n<p class=\"wp-el\">Mida \u00dclenurme s\u00fcgislaadalt ja T\u00f5uloom 2023 \u00fcrituselt lisaks produkte triiki t\u00e4is seljakotile kaasa v\u00f5tta sai? Muuhulgas teadmise, et s\u00fcgisese pere\u00fcritusena oli tegemist h\u00e4sti korraldatud ettev\u00f5tmisega, milles oli kodumaise toidu kasvatajatel ja tarbijatel kindel koht &#8211; 125 kauplejaga laadale leidis tee ca 4100 k\u00fclalist. Aga ka seda, et \u00fche m\u00f5\u00f5duka seltskondliku pingutuse j\u00e4rel on magalarajooni anon\u00fc\u00fcmse ukse taga ootamatult armsaks saanud neli seina. Ehk j\u00e4rgmisel aastal j\u00e4lle. Kahjuks j\u00e4i kaunite silmadega trakeeni m\u00e4ra sel korral n\u00e4gemata ja \u00f5nneks hirmu\u00e4ratavat belgia sinist Eestis vist hetkel ei olegi.<\/p>\n\n\n\n<p class=\"wp-el\">\u00dclenurme S\u00fcgislaat ja T\u00f5uloom 2023 toimus koost\u00f6\u00f6s Eesti toidu kuu \u00fcritustesarjaga \u201eMa armastan Eesti toitu!\u201c ja oli osa Tartumaa toidus\u00fcndmuste sarjast Tirin. S\u00fcndmuste sari Tirin kuulub omakorda Euroopa kultuuripealinn Tartu 2024 L\u00f5una-Eesti kogukonnaprogrammi ja on toeks Tartumaa toiduettev\u00f5tjatele laiema k\u00f5lapinna saavutamisel kohaliku tooraine ja toidutraditsioonide teemal. Sarja korraldavad Tartu kultuuripealinn 2024 korraldusmeeskond, LEADER tegevusr\u00fchm Tartumaa Arendusselts, piirkonna kohalikud omavalitsused, toiduvaldkonna tootjad-ettev\u00f5tjad ja tegusad kogukondade liikmed.<\/p>\n\n\n\n<p class=\"wp-el\">\u00dcritusesarja programm on leitav veebist <a href=\"http:\/\/www.tartumaa.ee\/tirin\">www.tartumaa.ee\/tirin<\/a>,<a href=\"https:\/\/www.facebook.com\/tartumainetoit\"> Facebook<\/a>ist ja <a href=\"https:\/\/www.instagram.com\/tartumainetoit\/\">Instagram<\/a>ist. J\u00e4rgmisena j\u00f5uab Tirin 9. septembril Luunja valda Kavastule Uhhaa- ja Kalapeole.<\/p>\n\n\n\n<p class=\"wp-el\">Keit Lipp, Katri Kuusk<br>Tartumaa toiduv\u00f5rgustik<br>Tartumaa Arendusselts<\/p>\n\n\n\n<p class=\"wp-el\"><img decoding=\"async\" loading=\"lazy\" width=\"128\" height=\"128\" class=\"wp-image-12016\" style=\"width: 20px;\" src=\"https:\/\/visitsouthestonia.com\/community\/wp-content\/uploads\/2023\/05\/must-nool.png\" alt=\"\" srcset=\"https:\/\/visitsouthestonia.com\/community\/wp-content\/uploads\/2023\/05\/must-nool.png 128w, https:\/\/visitsouthestonia.com\/community\/wp-content\/uploads\/2023\/05\/must-nool-51x51.png 51w, https:\/\/visitsouthestonia.com\/community\/wp-content\/uploads\/2023\/05\/must-nool-70x70.png 70w, https:\/\/visitsouthestonia.com\/community\/wp-content\/uploads\/2023\/05\/must-nool-120x120.png 120w, https:\/\/visitsouthestonia.com\/community\/wp-content\/uploads\/2023\/05\/must-nool-100x100.png 100w, https:\/\/visitsouthestonia.com\/community\/wp-content\/uploads\/2023\/05\/must-nool-54x54.png 54w\" sizes=\"(max-width: 128px) 100vw, 128px\" \/> Rohkem infot <a href=\"https:\/\/visitsouthestonia.com\/community\/tartu-2024\/\">Euroopa kultuuripealinn Tartu 2024 L\u00f5una-Eesti kogukonnaprogrammist<\/a><\/p>\n","protected":false},"excerpt":{"rendered":"<p>Kui laup\u00e4evahommikune poolunine laadak\u00fclaline kaaslasega Tartust \u00dclenurmele j\u00f5udis\u2026 11.09.2023 \u2026oli laat juba alanud. K\u00fcll ainult m\u00f5nek\u00fcmne minuti eest, seega l\u00e4ks&#8230;<\/p>\n","protected":false},"author":211,"featured_media":0,"parent":12163,"menu_order":0,"comment_status":"closed","ping_status":"closed","template":"","meta":{"advgb_blocks_editor_width":"","advgb_blocks_columns_visual_guide":"","footnotes":"","_links_to":"","_links_to_target":""},"acf":[],"yoast_head":"<!-- This site is optimized with the Yoast SEO plugin v21.4 - https:\/\/yoast.com\/wordpress\/plugins\/seo\/ -->\n<title>\u00dclenurme S\u00fcgislaat ja T\u00f5uloom 2023 - visitsouthestonia<\/title>\n<meta name=\"robots\" content=\"index, follow, max-snippet:-1, max-image-preview:large, max-video-preview:-1\" \/>\n<link rel=\"canonical\" href=\"https:\/\/visitsouthestonia.com\/tartu-2024\/tartumaa-toidufestival-2023-ja-2024\/ulenurme-sugislaat-ja-touloom-2023\/\" \/>\n<meta property=\"og:locale\" content=\"et_EE\" \/>\n<meta property=\"og:type\" content=\"article\" \/>\n<meta property=\"og:title\" content=\"\u00dclenurme S\u00fcgislaat ja T\u00f5uloom 2023 - visitsouthestonia\" \/>\n<meta property=\"og:description\" content=\"Kui laup\u00e4evahommikune poolunine laadak\u00fclaline kaaslasega Tartust \u00dclenurmele j\u00f5udis\u2026 11.09.2023 \u2026oli laat juba alanud. K\u00fcll ainult m\u00f5nek\u00fcmne minuti eest, seega l\u00e4ks...\" \/>\n<meta property=\"og:url\" content=\"https:\/\/visitsouthestonia.com\/tartu-2024\/tartumaa-toidufestival-2023-ja-2024\/ulenurme-sugislaat-ja-touloom-2023\/\" \/>\n<meta property=\"og:site_name\" content=\"visitsouthestonia\" \/>\n<meta property=\"article:modified_time\" content=\"2023-09-11T19:40:52+00:00\" \/>\n<meta property=\"og:image\" content=\"https:\/\/visitsouthestonia.com\/wp-content\/uploads\/2023\/09\/Ulenurme-Sugislaat-ja-Touloom-2023_foto-Ketlin-Laats-277-1200x800.jpg\" \/>\n<meta name=\"twitter:card\" content=\"summary_large_image\" \/>\n<meta name=\"twitter:label1\" content=\"Est. reading time\" \/>\n\t<meta name=\"twitter:data1\" content=\"4 minutit\" \/>\n<script type=\"application\/ld+json\" class=\"yoast-schema-graph\">{\"@context\":\"https:\/\/schema.org\",\"@graph\":[{\"@type\":\"WebPage\",\"@id\":\"https:\/\/visitsouthestonia.com\/tartu-2024\/tartumaa-toidufestival-2023-ja-2024\/ulenurme-sugislaat-ja-touloom-2023\/\",\"url\":\"https:\/\/visitsouthestonia.com\/tartu-2024\/tartumaa-toidufestival-2023-ja-2024\/ulenurme-sugislaat-ja-touloom-2023\/\",\"name\":\"\u00dclenurme S\u00fcgislaat ja T\u00f5uloom 2023 - visitsouthestonia\",\"isPartOf\":{\"@id\":\"https:\/\/visitsouthestonia.com\/community\/#website\"},\"datePublished\":\"2023-09-11T19:40:30+00:00\",\"dateModified\":\"2023-09-11T19:40:52+00:00\",\"breadcrumb\":{\"@id\":\"https:\/\/visitsouthestonia.com\/tartu-2024\/tartumaa-toidufestival-2023-ja-2024\/ulenurme-sugislaat-ja-touloom-2023\/#breadcrumb\"},\"inLanguage\":\"et\",\"potentialAction\":[{\"@type\":\"ReadAction\",\"target\":[\"https:\/\/visitsouthestonia.com\/tartu-2024\/tartumaa-toidufestival-2023-ja-2024\/ulenurme-sugislaat-ja-touloom-2023\/\"]}]},{\"@type\":\"BreadcrumbList\",\"@id\":\"https:\/\/visitsouthestonia.com\/tartu-2024\/tartumaa-toidufestival-2023-ja-2024\/ulenurme-sugislaat-ja-touloom-2023\/#breadcrumb\",\"itemListElement\":[{\"@type\":\"ListItem\",\"position\":1,\"name\":\"Tartu 2024 L\u00f5una-Eesti kogukonnaprogramm\",\"item\":\"https:\/\/visitsouthestonia.com\/tartu-2024\/\"},{\"@type\":\"ListItem\",\"position\":2,\"name\":\"Tartumaa toidus\u00fcndmuste sari \u201eTirin\u201c\",\"item\":\"https:\/\/visitsouthestonia.com\/tartu-2024\/tartumaa-toidufestival-2023-ja-2024\/\"},{\"@type\":\"ListItem\",\"position\":3,\"name\":\"\u00dclenurme S\u00fcgislaat ja T\u00f5uloom 2023\"}]},{\"@type\":\"WebSite\",\"@id\":\"https:\/\/visitsouthestonia.com\/community\/#website\",\"url\":\"https:\/\/visitsouthestonia.com\/community\/\",\"name\":\"visitsouthestonia\",\"description\":\"Parim puhkus veeda L\u00f5una-Eestis!\",\"potentialAction\":[{\"@type\":\"SearchAction\",\"target\":{\"@type\":\"EntryPoint\",\"urlTemplate\":\"https:\/\/visitsouthestonia.com\/community\/?s={search_term_string}\"},\"query-input\":\"required name=search_term_string\"}],\"inLanguage\":\"et\"}]}<\/script>\n<!-- \/ Yoast SEO plugin. -->","yoast_head_json":{"title":"\u00dclenurme S\u00fcgislaat ja T\u00f5uloom 2023 - visitsouthestonia","robots":{"index":"index","follow":"follow","max-snippet":"max-snippet:-1","max-image-preview":"max-image-preview:large","max-video-preview":"max-video-preview:-1"},"canonical":"https:\/\/visitsouthestonia.com\/tartu-2024\/tartumaa-toidufestival-2023-ja-2024\/ulenurme-sugislaat-ja-touloom-2023\/","og_locale":"et_EE","og_type":"article","og_title":"\u00dclenurme S\u00fcgislaat ja T\u00f5uloom 2023 - visitsouthestonia","og_description":"Kui laup\u00e4evahommikune poolunine laadak\u00fclaline kaaslasega Tartust \u00dclenurmele j\u00f5udis\u2026 11.09.2023 \u2026oli laat juba alanud. K\u00fcll ainult m\u00f5nek\u00fcmne minuti eest, seega l\u00e4ks...","og_url":"https:\/\/visitsouthestonia.com\/tartu-2024\/tartumaa-toidufestival-2023-ja-2024\/ulenurme-sugislaat-ja-touloom-2023\/","og_site_name":"visitsouthestonia","article_modified_time":"2023-09-11T19:40:52+00:00","og_image":[{"url":"https:\/\/visitsouthestonia.com\/wp-content\/uploads\/2023\/09\/Ulenurme-Sugislaat-ja-Touloom-2023_foto-Ketlin-Laats-277-1200x800.jpg"}],"twitter_card":"summary_large_image","twitter_misc":{"Est. reading time":"4 minutit"},"schema":{"@context":"https:\/\/schema.org","@graph":[{"@type":"WebPage","@id":"https:\/\/visitsouthestonia.com\/tartu-2024\/tartumaa-toidufestival-2023-ja-2024\/ulenurme-sugislaat-ja-touloom-2023\/","url":"https:\/\/visitsouthestonia.com\/tartu-2024\/tartumaa-toidufestival-2023-ja-2024\/ulenurme-sugislaat-ja-touloom-2023\/","name":"\u00dclenurme S\u00fcgislaat ja T\u00f5uloom 2023 - visitsouthestonia","isPartOf":{"@id":"https:\/\/visitsouthestonia.com\/community\/#website"},"datePublished":"2023-09-11T19:40:30+00:00","dateModified":"2023-09-11T19:40:52+00:00","breadcrumb":{"@id":"https:\/\/visitsouthestonia.com\/tartu-2024\/tartumaa-toidufestival-2023-ja-2024\/ulenurme-sugislaat-ja-touloom-2023\/#breadcrumb"},"inLanguage":"et","potentialAction":[{"@type":"ReadAction","target":["https:\/\/visitsouthestonia.com\/tartu-2024\/tartumaa-toidufestival-2023-ja-2024\/ulenurme-sugislaat-ja-touloom-2023\/"]}]},{"@type":"BreadcrumbList","@id":"https:\/\/visitsouthestonia.com\/tartu-2024\/tartumaa-toidufestival-2023-ja-2024\/ulenurme-sugislaat-ja-touloom-2023\/#breadcrumb","itemListElement":[{"@type":"ListItem","position":1,"name":"Tartu 2024 L\u00f5una-Eesti kogukonnaprogramm","item":"https:\/\/visitsouthestonia.com\/tartu-2024\/"},{"@type":"ListItem","position":2,"name":"Tartumaa toidus\u00fcndmuste sari \u201eTirin\u201c","item":"https:\/\/visitsouthestonia.com\/tartu-2024\/tartumaa-toidufestival-2023-ja-2024\/"},{"@type":"ListItem","position":3,"name":"\u00dclenurme S\u00fcgislaat ja T\u00f5uloom 2023"}]},{"@type":"WebSite","@id":"https:\/\/visitsouthestonia.com\/community\/#website","url":"https:\/\/visitsouthestonia.com\/community\/","name":"visitsouthestonia","description":"Parim puhkus veeda L\u00f5una-Eestis!","potentialAction":[{"@type":"SearchAction","target":{"@type":"EntryPoint","urlTemplate":"https:\/\/visitsouthestonia.com\/community\/?s={search_term_string}"},"query-input":"required name=search_term_string"}],"inLanguage":"et"}]}},"coauthors":[],"author_meta":{"author_link":"https:\/\/visitsouthestonia.com\/community\/author\/kaisa-timmi\/","display_name":"Meeri"},"relative_dates":{"created":"Posted 3 aastat ago","modified":"Updated 3 aastat ago"},"absolute_dates":{"created":"Posted on 11. sept. 2023","modified":"Updated on 11. sept. 2023"},"absolute_dates_time":{"created":"Posted on 11. sept. 2023 10:40","modified":"Updated on 11. sept. 2023 10:40"},"featured_img_caption":"","featured_img":false,"series_order":"","_links":{"self":[{"href":"https:\/\/visitsouthestonia.com\/community\/wp-json\/wp\/v2\/pages\/14482"}],"collection":[{"href":"https:\/\/visitsouthestonia.com\/community\/wp-json\/wp\/v2\/pages"}],"about":[{"href":"https:\/\/visitsouthestonia.com\/community\/wp-json\/wp\/v2\/types\/page"}],"author":[{"embeddable":true,"href":"https:\/\/visitsouthestonia.com\/community\/wp-json\/wp\/v2\/users\/211"}],"replies":[{"embeddable":true,"href":"https:\/\/visitsouthestonia.com\/community\/wp-json\/wp\/v2\/comments?post=14482"}],"version-history":[{"count":2,"href":"https:\/\/visitsouthestonia.com\/community\/wp-json\/wp\/v2\/pages\/14482\/revisions"}],"predecessor-version":[{"id":14488,"href":"https:\/\/visitsouthestonia.com\/community\/wp-json\/wp\/v2\/pages\/14482\/revisions\/14488"}],"up":[{"embeddable":true,"href":"https:\/\/visitsouthestonia.com\/community\/wp-json\/wp\/v2\/pages\/12163"}],"wp:attachment":[{"href":"https:\/\/visitsouthestonia.com\/community\/wp-json\/wp\/v2\/media?parent=14482"}],"curies":[{"name":"wp","href":"https:\/\/api.w.org\/{rel}","templated":true}]}}