{"id":14457,"date":"2023-09-11T08:52:38","date_gmt":"2023-09-11T05:52:38","guid":{"rendered":"https:\/\/visitsouthestonia.com\/community\/?page_id=14457"},"modified":"2023-09-11T10:44:06","modified_gmt":"2023-09-11T07:44:06","slug":"vooremaal-algab-teemapaevade-sari-paritud-ellujaamiskunstid","status":"publish","type":"page","link":"https:\/\/visitsouthestonia.com\/community\/tartu-2024\/uudised\/vooremaal-algab-teemapaevade-sari-paritud-ellujaamiskunstid\/","title":{"rendered":"Vooremaal algab teemap\u00e4evade sari \u201eP\u00e4ritud elluj\u00e4\u00e4miskunstid\u201c"},"content":{"rendered":"\n<h1 class=\"wp-block-heading wp-el\"><strong><strong>L\u00f5una-Eesti kogukonnaprogrammi raames algab Vooremaal teemap\u00e4evade sari \u201eP\u00e4ritud elluj\u00e4\u00e4miskunstid\u201c<\/strong><\/strong><\/h1>\n\n\n\n<p class=\"wp-el\">11.09.2023<\/p>\n\n\n\n<p class=\"wp-el\"><strong>Euroopa kultuuripealinn Tartu 2024 p\u00f5hiprogrammi kuuluva L\u00f5una-Eesti kogukonnaprogrammi raames algab laup\u00e4eval, 16. septembril Vooremaal teemap\u00e4evade sari \u201eP\u00e4ritud elluj\u00e4\u00e4miskunstid\u201c, mille fookuses on esivanemate tarkused ning parem toimetulek iseenda ja eluga. Esimene s\u00fcndmus, mis leiab aset K\u00f5renduse k\u00fclas, keskendub vaimsele tervisele.<\/strong><\/p>\n\n\n\n<p class=\"wp-el\">Tartumaa Arendusseltsi tegevjuht ja L\u00f5una-Eesti kogukonnaprogrammi koordinaator <strong>Kristiina Tammets<\/strong> \u00fctles, et \u201eP\u00e4ritud elluj\u00e4\u00e4miskunstid\u201c v\u00f5tab t\u00e4helepanu alla Tartumaa rahva iidsed tarkused, teadmised ja oskused. \u201eKohalikud meistrid avavad perep\u00e4rimuse laeka ning nende juhendamisel saavad huvilised omandada praktilisi oskuseid, mis aitavad kiirelt muutuvas maailmas paremini toime tulla ning v\u00f5imaldavad \u00fchtlasi tugevdada sidet oma juurtega,\u201c lausus Tammets. Ta lisas, et t\u00e4nu sellele s\u00fcndmuste sarjale j\u00f5uab kultuuripealinn ka Vooremaale.<\/p>\n\n\n\n<p class=\"wp-el\">Tartumaa teemap\u00e4evade \u201eP\u00e4ritud elluj\u00e4\u00e4miskunstid\u201c eestvedaja, MT\u00dc Loomem\u00f5is juhatuse liige <strong>Eneli Kaasik<\/strong> r\u00e4\u00e4kis, et tegemist on septembrist maini v\u00e4ltava s\u00fcndmuste sarjaga, mis toimub neljas erinevas paigas \u00fcle Vooremaa. \u201eKuidas hoida vaimset tervist, valmistada p\u00e4rimustoitu v\u00f5i ravisalve, meisterdada looduslikest materjalidest pille, voolida \u00fcrgkeraamikat \u2013 see on valik teemasid, mille osas meie pered kogemusi jagavad,\u201c selgitas Kaasik. \u201eIga s\u00fcndmuse kujundab s\u00fcndmuspaiga pererahvas ning kohaliku perep\u00e4rimuse kaudu saavad huvilised tuttavamaks kogu Vooremaa elulaadi ja traditsioonidega.\u201c<\/p>\n\n\n\n<p class=\"wp-el\"><strong>Tartumaa teemap\u00e4evade \u201eP\u00e4ritud elluj\u00e4\u00e4miskunstid\u201c<\/strong> avas\u00fcndmus toimub sel laup\u00e4eval,<strong>16. septembril<\/strong> K\u00f5renduse k\u00fclas Erto talus. J\u00e4rgmisena kohtutakse 11. novembril Mokko maahotellis Palamuse k\u00fclje all, seej\u00e4rel 2. m\u00e4rtsil Elistvere loomapargis ja sari l\u00f5peb 18. mail Juulam\u00f5isa p\u00e4rimuskohvikus. Kogu ettev\u00f5tmise korraldab MT\u00dc Loomem\u00f5is. Rohkem infot leiab siit: <a href=\"http:\/\/www.loomemois.ee\/TARTU-20241\">http:\/\/www.loomemois.ee\/TARTU-20241<\/a><\/p>\n\n\n\n<p class=\"wp-el\"><strong>L\u00f5una-Eesti kogukonnaprogrammi<\/strong> raames korraldatakse 2023.<em> <\/em>ja2024. aastal \u00fchtekokku 20 projekti mitmek\u00fcmne v\u00e4\u00e4rtusp\u00f5hise s\u00fcndmusega, mis kutsuvad osalema k\u00fclastajaid Eestist, Euroopast ja mujalt maailmast. Programmi eesm\u00e4rk on anda hoogu omavahelisele koost\u00f6\u00f6le ja tugevdada L\u00f5una-Eesti identiteeti. Euroopa kultuuripealinn Tartu 2024 p\u00f5hiprogrammi osana aitab kogukonnaprogramm tutvustada kogu piirkonda just nende v\u00e4\u00e4rtuste p\u00f5hjal, mis on olulised kohalikele inimestele ja kogukondadele. K\u00f5ik valitud s\u00fcndmused aitavad esile t\u00f5sta L\u00f5una-Eesti v\u00e4\u00e4rtusi \u2013 puhast loodust, mitmek\u00fclgset kultuurip\u00e4randit<em>, <\/em>kohalikku toitu ja k\u00e4sit\u00f6\u00f6d, tervislikku eluviisi, j\u00e4tkusuutlikke ja innovaatilisi lahendusi ning aktiivseid ja eluj\u00f5ulisi kogukondi.<\/p>\n\n\n\n<p class=\"wp-el\"><strong>Kogukonnas\u00fcndmused, <\/strong>mis kuuluvad avatud taotlusvooru tulemusena L\u00f5una-Eesti kogukonnaprogrammi, on j\u00e4rgmised: j\u00f5eretkede sari \u201eAvasta Emaj\u00f5gi!\u201c, Tartumaa toidus\u00fcndmuste sari \u201eTirin\u201c, kogukonnalavastus \u201eLeevaku kullakaevur\u201c, \u201eSeto kostip\u00e4iv\u00e4 aastaring\u201c, kogukonnafestival \u201eMina tean, kust tuleb minu toit\u201d, Tartumaa teemap\u00e4evad \u201eP\u00e4ritud elluj\u00e4\u00e4miskunstid\u201c, R\u00f5uge projekt \u201eSanna!\u201c, ruumiloomekonverents \u201eLoo v\u00f5i loobu!\u201c, \u201eTaliteed Emaj\u00f5e-Suursoos\u201c, maaliliste maastike j\u00e4\u00e4dvustamise matkasari Otep\u00e4\u00e4l, \u201eMeelter\u00e4nnak looduses\u201c, I Kodavere laalupido, dokumentaalne osaluslavastus \u201eElluj\u00e4\u00e4miskunstid. KMOMID\u201c, Seto tantsupidu \u201eKad\u00b4ah kavv\u00f5k\u00f5\u00b4\u201c, Navi k\u00fcla kogukonnafestival, roosifestival Kaagj\u00e4rvel, Peipsi Toidu T\u00e4nav 175 km, Kagu-Eesti inspiratsioonifestival \u201eLoovus loob lootust!\u201c, \u201eAvastamata Antsla aarded \u2013 j\u00e4rved\u201c, linnaruumilavastus \u201eL\u00e4bi linna: Valga+Valka\u201c. Vt <a href=\"http:\/\/www.visitsouthestonia.com\/community\/tartu-2024\/\">www.visitsouthestonia.com\/community\/tartu-2024\/<\/a><\/p>\n\n\n\n<p class=\"wp-el\"><strong>Euroopa kultuuripealinn Tartu 2024 <\/strong>p\u00f5hiprogrammi kuuluv L\u00f5una-Eesti kogukonnaprogramm kasvas v\u00e4lja 2013. aastal L\u00f5una-Eesti LEADER-tegevusgruppide k\u00e4ima l\u00fckatud kollaste akende projektist \u201eElu kahe maailma piiril\u201c. L\u00f5una-Eesti kogukonnaprogrammi viivad ellu LEADER-tegevusgrupid Tartumaa Arendusselts, Valgamaa Partnerluskogu, V\u00f5rumaa Partnerluskogu ja Piiriveere Liider ning koost\u00f6\u00f6partneritena l\u00f6\u00f6vad kaasa Tartu, Elva, V\u00f5ru ja Valga linn. S\u00fcndmusi toetatakse LEADER-meetmest ning SA Tartu 2024 poolt L\u00f5una-Eesti kogukonnaprogrammile eraldatud eelarvest. Kogukonnaprogrammi tegemistesse on partnerina kaasatud teinegi Euroopa kultuuripealinn Tartu 2024 projekt Tartu Maailma\u00fclikool.<\/p>\n\n\n\n<p class=\"wp-el\">Lisainformatsioon:<\/p>\n\n\n\n<p class=\"wp-el\"><a href=\"http:\/\/www.visitsouthestonia.com\/community\/tartu-2024\/\">www.visitsouthestonia.com\/community\/tartu-2024\/<\/a><br><a href=\"https:\/\/tartu2024.ee\/kogukonnaprogramm\">tartu2024.ee\/kogukonnaprogramm<\/a><\/p>\n\n\n\n<p class=\"wp-el\"><strong>Kristiina Tammets<\/strong>, Tartumaa Arendusseltsi tegevjuht ja L\u00f5una-Eesti kogukonnaprogrammi koordinaator, telefon +372 5340 9873, e-post <a href=\"mailto:kristiina@tas.ee\">kristiina@tas.ee<\/a><\/p>\n\n\n\n<p class=\"wp-el\"><strong>Eneli Kaasik<\/strong>, Tartumaa teemap\u00e4evade \u201eP\u00e4ritud elluj\u00e4\u00e4miskunstid\u201c eestvedaja,<br>MT\u00dc Loomem\u00f5is juhatuse liige, telefon +372&nbsp;525 7497, e-post <a href=\"mailto:eneli.kaasik@gmail.com\">eneli.kaasik@gmail.com<\/a><\/p>\n\n\n\n<p class=\"wp-el\"><\/p>\n\n\n\n<p class=\"wp-el\"><\/p>\n\n\n\n<p class=\"wp-el\"><\/p>\n\n\n\n<figure class=\"wp-block-image size-large is-resized\"><img decoding=\"async\" loading=\"lazy\" src=\"https:\/\/visitsouthestonia.com\/community\/wp-content\/uploads\/2023\/05\/Tartu24Leader-logo-horisontaalne-est-must-1200x524.jpg\" alt=\"\" class=\"wp-image-12363\" style=\"width:300px;height:131px\" width=\"300\" height=\"131\" srcset=\"https:\/\/visitsouthestonia.com\/community\/wp-content\/uploads\/2023\/05\/Tartu24Leader-logo-horisontaalne-est-must-1200x524.jpg 1200w, https:\/\/visitsouthestonia.com\/community\/wp-content\/uploads\/2023\/05\/Tartu24Leader-logo-horisontaalne-est-must-768x335.jpg 768w, https:\/\/visitsouthestonia.com\/community\/wp-content\/uploads\/2023\/05\/Tartu24Leader-logo-horisontaalne-est-must-350x153.jpg 350w, https:\/\/visitsouthestonia.com\/community\/wp-content\/uploads\/2023\/05\/Tartu24Leader-logo-horisontaalne-est-must-1100x480.jpg 1100w, https:\/\/visitsouthestonia.com\/community\/wp-content\/uploads\/2023\/05\/Tartu24Leader-logo-horisontaalne-est-must-230x100.jpg 230w, https:\/\/visitsouthestonia.com\/community\/wp-content\/uploads\/2023\/05\/Tartu24Leader-logo-horisontaalne-est-must-160x70.jpg 160w, https:\/\/visitsouthestonia.com\/community\/wp-content\/uploads\/2023\/05\/Tartu24Leader-logo-horisontaalne-est-must-188x82.jpg 188w, https:\/\/visitsouthestonia.com\/community\/wp-content\/uploads\/2023\/05\/Tartu24Leader-logo-horisontaalne-est-must-124x54.jpg 124w, https:\/\/visitsouthestonia.com\/community\/wp-content\/uploads\/2023\/05\/Tartu24Leader-logo-horisontaalne-est-must-370x161.jpg 370w, https:\/\/visitsouthestonia.com\/community\/wp-content\/uploads\/2023\/05\/Tartu24Leader-logo-horisontaalne-est-must.jpg 1334w\" sizes=\"(max-width: 300px) 100vw, 300px\" \/><\/figure>\n\n\n\n<p class=\"wp-el\"><img decoding=\"async\" loading=\"lazy\" width=\"128\" height=\"128\" class=\"wp-image-12016\" style=\"width: 20px;\" src=\"https:\/\/visitsouthestonia.com\/community\/wp-content\/uploads\/2023\/05\/must-nool.png\" alt=\"\" srcset=\"https:\/\/visitsouthestonia.com\/community\/wp-content\/uploads\/2023\/05\/must-nool.png 128w, https:\/\/visitsouthestonia.com\/community\/wp-content\/uploads\/2023\/05\/must-nool-51x51.png 51w, https:\/\/visitsouthestonia.com\/community\/wp-content\/uploads\/2023\/05\/must-nool-70x70.png 70w, https:\/\/visitsouthestonia.com\/community\/wp-content\/uploads\/2023\/05\/must-nool-120x120.png 120w, https:\/\/visitsouthestonia.com\/community\/wp-content\/uploads\/2023\/05\/must-nool-100x100.png 100w, https:\/\/visitsouthestonia.com\/community\/wp-content\/uploads\/2023\/05\/must-nool-54x54.png 54w\" sizes=\"(max-width: 128px) 100vw, 128px\" \/> Rohkem infot <a href=\"https:\/\/visitsouthestonia.com\/community\/tartu-2024\/\">Euroopa kultuuripealinn Tartu 2024 L\u00f5una-Eesti kogukonnaprogrammist<\/a><\/p>\n","protected":false},"excerpt":{"rendered":"<p>L\u00f5una-Eesti kogukonnaprogrammi raames algab Vooremaal teemap\u00e4evade sari \u201eP\u00e4ritud elluj\u00e4\u00e4miskunstid\u201c 11.09.2023 Euroopa kultuuripealinn Tartu 2024 p\u00f5hiprogrammi kuuluva L\u00f5una-Eesti kogukonnaprogrammi raames algab&#8230;<\/p>\n","protected":false},"author":211,"featured_media":0,"parent":12304,"menu_order":1,"comment_status":"closed","ping_status":"closed","template":"","meta":{"advgb_blocks_editor_width":"","advgb_blocks_columns_visual_guide":"","footnotes":"","_links_to":"","_links_to_target":""},"acf":[],"yoast_head":"<!-- This site is optimized with the Yoast SEO plugin v21.4 - https:\/\/yoast.com\/wordpress\/plugins\/seo\/ -->\n<title>Vooremaal algab teemap\u00e4evade sari \u201eP\u00e4ritud elluj\u00e4\u00e4miskunstid\u201c - visitsouthestonia<\/title>\n<meta name=\"robots\" content=\"index, follow, max-snippet:-1, max-image-preview:large, max-video-preview:-1\" \/>\n<link rel=\"canonical\" href=\"https:\/\/visitsouthestonia.com\/tartu-2024\/uudised\/vooremaal-algab-teemapaevade-sari-paritud-ellujaamiskunstid\/\" \/>\n<meta property=\"og:locale\" content=\"et_EE\" \/>\n<meta property=\"og:type\" content=\"article\" \/>\n<meta property=\"og:title\" content=\"Vooremaal algab teemap\u00e4evade sari \u201eP\u00e4ritud elluj\u00e4\u00e4miskunstid\u201c - visitsouthestonia\" \/>\n<meta property=\"og:description\" content=\"L\u00f5una-Eesti kogukonnaprogrammi raames algab Vooremaal teemap\u00e4evade sari \u201eP\u00e4ritud elluj\u00e4\u00e4miskunstid\u201c 11.09.2023 Euroopa kultuuripealinn Tartu 2024 p\u00f5hiprogrammi kuuluva L\u00f5una-Eesti kogukonnaprogrammi raames algab...\" \/>\n<meta property=\"og:url\" content=\"https:\/\/visitsouthestonia.com\/tartu-2024\/uudised\/vooremaal-algab-teemapaevade-sari-paritud-ellujaamiskunstid\/\" \/>\n<meta property=\"og:site_name\" content=\"visitsouthestonia\" \/>\n<meta property=\"article:modified_time\" content=\"2023-09-11T07:44:06+00:00\" \/>\n<meta property=\"og:image\" content=\"https:\/\/visitsouthestonia.com\/wp-content\/uploads\/2023\/05\/Tartu24Leader-logo-horisontaalne-est-must-1200x524.jpg\" \/>\n<meta name=\"twitter:card\" content=\"summary_large_image\" \/>\n<meta name=\"twitter:label1\" content=\"Est. reading time\" \/>\n\t<meta name=\"twitter:data1\" content=\"4 minutit\" \/>\n<script type=\"application\/ld+json\" class=\"yoast-schema-graph\">{\"@context\":\"https:\/\/schema.org\",\"@graph\":[{\"@type\":\"WebPage\",\"@id\":\"https:\/\/visitsouthestonia.com\/tartu-2024\/uudised\/vooremaal-algab-teemapaevade-sari-paritud-ellujaamiskunstid\/\",\"url\":\"https:\/\/visitsouthestonia.com\/tartu-2024\/uudised\/vooremaal-algab-teemapaevade-sari-paritud-ellujaamiskunstid\/\",\"name\":\"Vooremaal algab teemap\u00e4evade sari \u201eP\u00e4ritud elluj\u00e4\u00e4miskunstid\u201c - visitsouthestonia\",\"isPartOf\":{\"@id\":\"https:\/\/visitsouthestonia.com\/community\/#website\"},\"datePublished\":\"2023-09-11T05:52:38+00:00\",\"dateModified\":\"2023-09-11T07:44:06+00:00\",\"breadcrumb\":{\"@id\":\"https:\/\/visitsouthestonia.com\/tartu-2024\/uudised\/vooremaal-algab-teemapaevade-sari-paritud-ellujaamiskunstid\/#breadcrumb\"},\"inLanguage\":\"et\",\"potentialAction\":[{\"@type\":\"ReadAction\",\"target\":[\"https:\/\/visitsouthestonia.com\/tartu-2024\/uudised\/vooremaal-algab-teemapaevade-sari-paritud-ellujaamiskunstid\/\"]}]},{\"@type\":\"BreadcrumbList\",\"@id\":\"https:\/\/visitsouthestonia.com\/tartu-2024\/uudised\/vooremaal-algab-teemapaevade-sari-paritud-ellujaamiskunstid\/#breadcrumb\",\"itemListElement\":[{\"@type\":\"ListItem\",\"position\":1,\"name\":\"Tartu 2024 L\u00f5una-Eesti kogukonnaprogramm\",\"item\":\"https:\/\/visitsouthestonia.com\/tartu-2024\/\"},{\"@type\":\"ListItem\",\"position\":2,\"name\":\"Tartu 2024 kogukonnaprogrammi uudised\",\"item\":\"https:\/\/visitsouthestonia.com\/tartu-2024\/uudised\/\"},{\"@type\":\"ListItem\",\"position\":3,\"name\":\"Vooremaal algab teemap\u00e4evade sari \u201eP\u00e4ritud elluj\u00e4\u00e4miskunstid\u201c\"}]},{\"@type\":\"WebSite\",\"@id\":\"https:\/\/visitsouthestonia.com\/community\/#website\",\"url\":\"https:\/\/visitsouthestonia.com\/community\/\",\"name\":\"visitsouthestonia\",\"description\":\"Parim puhkus veeda L\u00f5una-Eestis!\",\"potentialAction\":[{\"@type\":\"SearchAction\",\"target\":{\"@type\":\"EntryPoint\",\"urlTemplate\":\"https:\/\/visitsouthestonia.com\/community\/?s={search_term_string}\"},\"query-input\":\"required name=search_term_string\"}],\"inLanguage\":\"et\"}]}<\/script>\n<!-- \/ Yoast SEO plugin. -->","yoast_head_json":{"title":"Vooremaal algab teemap\u00e4evade sari \u201eP\u00e4ritud elluj\u00e4\u00e4miskunstid\u201c - visitsouthestonia","robots":{"index":"index","follow":"follow","max-snippet":"max-snippet:-1","max-image-preview":"max-image-preview:large","max-video-preview":"max-video-preview:-1"},"canonical":"https:\/\/visitsouthestonia.com\/tartu-2024\/uudised\/vooremaal-algab-teemapaevade-sari-paritud-ellujaamiskunstid\/","og_locale":"et_EE","og_type":"article","og_title":"Vooremaal algab teemap\u00e4evade sari \u201eP\u00e4ritud elluj\u00e4\u00e4miskunstid\u201c - visitsouthestonia","og_description":"L\u00f5una-Eesti kogukonnaprogrammi raames algab Vooremaal teemap\u00e4evade sari \u201eP\u00e4ritud elluj\u00e4\u00e4miskunstid\u201c 11.09.2023 Euroopa kultuuripealinn Tartu 2024 p\u00f5hiprogrammi kuuluva L\u00f5una-Eesti kogukonnaprogrammi raames algab...","og_url":"https:\/\/visitsouthestonia.com\/tartu-2024\/uudised\/vooremaal-algab-teemapaevade-sari-paritud-ellujaamiskunstid\/","og_site_name":"visitsouthestonia","article_modified_time":"2023-09-11T07:44:06+00:00","og_image":[{"url":"https:\/\/visitsouthestonia.com\/wp-content\/uploads\/2023\/05\/Tartu24Leader-logo-horisontaalne-est-must-1200x524.jpg"}],"twitter_card":"summary_large_image","twitter_misc":{"Est. reading time":"4 minutit"},"schema":{"@context":"https:\/\/schema.org","@graph":[{"@type":"WebPage","@id":"https:\/\/visitsouthestonia.com\/tartu-2024\/uudised\/vooremaal-algab-teemapaevade-sari-paritud-ellujaamiskunstid\/","url":"https:\/\/visitsouthestonia.com\/tartu-2024\/uudised\/vooremaal-algab-teemapaevade-sari-paritud-ellujaamiskunstid\/","name":"Vooremaal algab teemap\u00e4evade sari \u201eP\u00e4ritud elluj\u00e4\u00e4miskunstid\u201c - visitsouthestonia","isPartOf":{"@id":"https:\/\/visitsouthestonia.com\/community\/#website"},"datePublished":"2023-09-11T05:52:38+00:00","dateModified":"2023-09-11T07:44:06+00:00","breadcrumb":{"@id":"https:\/\/visitsouthestonia.com\/tartu-2024\/uudised\/vooremaal-algab-teemapaevade-sari-paritud-ellujaamiskunstid\/#breadcrumb"},"inLanguage":"et","potentialAction":[{"@type":"ReadAction","target":["https:\/\/visitsouthestonia.com\/tartu-2024\/uudised\/vooremaal-algab-teemapaevade-sari-paritud-ellujaamiskunstid\/"]}]},{"@type":"BreadcrumbList","@id":"https:\/\/visitsouthestonia.com\/tartu-2024\/uudised\/vooremaal-algab-teemapaevade-sari-paritud-ellujaamiskunstid\/#breadcrumb","itemListElement":[{"@type":"ListItem","position":1,"name":"Tartu 2024 L\u00f5una-Eesti kogukonnaprogramm","item":"https:\/\/visitsouthestonia.com\/tartu-2024\/"},{"@type":"ListItem","position":2,"name":"Tartu 2024 kogukonnaprogrammi uudised","item":"https:\/\/visitsouthestonia.com\/tartu-2024\/uudised\/"},{"@type":"ListItem","position":3,"name":"Vooremaal algab teemap\u00e4evade sari \u201eP\u00e4ritud elluj\u00e4\u00e4miskunstid\u201c"}]},{"@type":"WebSite","@id":"https:\/\/visitsouthestonia.com\/community\/#website","url":"https:\/\/visitsouthestonia.com\/community\/","name":"visitsouthestonia","description":"Parim puhkus veeda L\u00f5una-Eestis!","potentialAction":[{"@type":"SearchAction","target":{"@type":"EntryPoint","urlTemplate":"https:\/\/visitsouthestonia.com\/community\/?s={search_term_string}"},"query-input":"required name=search_term_string"}],"inLanguage":"et"}]}},"coauthors":[],"author_meta":{"author_link":"https:\/\/visitsouthestonia.com\/community\/author\/kaisa-timmi\/","display_name":"Meeri"},"relative_dates":{"created":"Posted 3 aastat ago","modified":"Updated 3 aastat ago"},"absolute_dates":{"created":"Posted on 11. sept. 2023","modified":"Updated on 11. sept. 2023"},"absolute_dates_time":{"created":"Posted on 11. sept. 2023 08:52","modified":"Updated on 11. sept. 2023 10:44"},"featured_img_caption":"","featured_img":false,"series_order":"","_links":{"self":[{"href":"https:\/\/visitsouthestonia.com\/community\/wp-json\/wp\/v2\/pages\/14457"}],"collection":[{"href":"https:\/\/visitsouthestonia.com\/community\/wp-json\/wp\/v2\/pages"}],"about":[{"href":"https:\/\/visitsouthestonia.com\/community\/wp-json\/wp\/v2\/types\/page"}],"author":[{"embeddable":true,"href":"https:\/\/visitsouthestonia.com\/community\/wp-json\/wp\/v2\/users\/211"}],"replies":[{"embeddable":true,"href":"https:\/\/visitsouthestonia.com\/community\/wp-json\/wp\/v2\/comments?post=14457"}],"version-history":[{"count":4,"href":"https:\/\/visitsouthestonia.com\/community\/wp-json\/wp\/v2\/pages\/14457\/revisions"}],"predecessor-version":[{"id":14466,"href":"https:\/\/visitsouthestonia.com\/community\/wp-json\/wp\/v2\/pages\/14457\/revisions\/14466"}],"up":[{"embeddable":true,"href":"https:\/\/visitsouthestonia.com\/community\/wp-json\/wp\/v2\/pages\/12304"}],"wp:attachment":[{"href":"https:\/\/visitsouthestonia.com\/community\/wp-json\/wp\/v2\/media?parent=14457"}],"curies":[{"name":"wp","href":"https:\/\/api.w.org\/{rel}","templated":true}]}}