{"id":14197,"date":"2023-09-04T13:18:14","date_gmt":"2023-09-04T10:18:14","guid":{"rendered":"https:\/\/visitsouthestonia.com\/community\/?page_id=14197"},"modified":"2023-09-04T15:05:06","modified_gmt":"2023-09-04T12:05:06","slug":"louna-eesti-kogukonnaprogrammi-raames-toimub-rouge-kogukonnafestival","status":"publish","type":"page","link":"https:\/\/visitsouthestonia.com\/community\/tartu-2024\/uudised\/louna-eesti-kogukonnaprogrammi-raames-toimub-rouge-kogukonnafestival\/","title":{"rendered":"L\u00f5una-Eesti kogukonnaprogrammi raames toimub R\u00f5uge kogukonnafestival"},"content":{"rendered":"\n<h1 class=\"wp-block-heading wp-el\"><strong>L\u00f5una-Eesti kogukonnaprogrammi raames sel laup\u00e4eval peetav R\u00f5uge kogukonnafestival keskendub kohalikule toidule<\/strong><\/h1>\n\n\n\n<p class=\"wp-el\">4.09.2023<\/p>\n\n\n\n<p class=\"wp-el\"><strong>Euroopa kultuuripealinn Tartu 2024 p\u00f5hiprogrammi kuuluva L\u00f5una-Eesti kogukonnaprogrammi raames toimub 8.-9. septembril R\u00f5uge kogukonnafestival \u201eMina tean, kust tuleb minu toit\u201c, mis keskendub kohalikule toidule ja mahetoidule. Sisukate arutelude, praktiliste t\u00f6\u00f6tubade ja eheda kultuuriprogrammi k\u00f5rval annab kogu s\u00fcndmusele kaalu kohalike ettev\u00f5tjate toodangut pakkuv Uma Mekk laat. Festivali esimese p\u00e4eva tegevused on suunatud R\u00f5uge valla haridusasutustele, muuhulgas leiab aset laste suvel kasvatatud aiasaaduste nunnun\u00e4itus.<\/strong><\/p>\n\n\n\n<p class=\"wp-el\">V\u00f5rumaa Partnerluskogu tegevjuht ja L\u00f5una-Eesti kogukonnaprogrammi meeskonna liige <strong>Kerli Kanger <\/strong>\u00fctles, et R\u00f5uge kogukonnafestival on eelk\u00f5ige kohaliku toidu pidup\u00e4ev. \u201eToidu temaatika puudutab meid k\u00f5iki, seejuures muutub \u00fcha olulisemaks kohaliku toidu ja ka mahetoidu v\u00e4\u00e4rtustamine,\u201c lausus Kanger. \u201eIntensiivp\u00f5llunduse m\u00f5jude teadvustamine ning suurema tasakaalu leidmine inimese vajaduste ja looduse taluvuspiiri vahel ongi R\u00f5uge kogukonnafestivali arutelude \u00fcheks l\u00e4bivaks teemaks. Praktilised t\u00f6\u00f6toad annavad aga h\u00e4id nippe, kuidas saame end varustada tervisliku toiduga, v\u00e4hendades samas toidutootmisega kaasnevat keskkonnakoormust ja jalaj\u00e4lge.\u201c<\/p>\n\n\n\n<p class=\"wp-el\">R\u00f5uge valla arendusn\u00f5unik ja kogukonnafestivali \u00fcks korraldajaid <strong>Rutt Riitsaar<\/strong> m\u00e4rkis, et festivali koost\u00f6\u00f6partnerite ring on lai ja suurt t\u00e4helepanu on p\u00f6\u00f6ratud kogukonna kaasamisele. \u201eR\u00f5uge kogukonnafestival erineb tavap\u00e4rastest toidus\u00fcndmustest just selle poolest, et oleme valla eesv\u00f5ttel korraldatud ettev\u00f5tmisse kaasanud aktiivselt kogukonda, teadlasi, kogenud praktikuid ja eri valdkondade koost\u00f6\u00f6partnereid, samuti p\u00f6\u00f6rame eraldi t\u00e4helepanu laste toidu- ja keskkonnaalase teadlikkuse suurendamisele. Hea koost\u00f6\u00f6 m\u00e4rgiks peame sedagi, et esmakordselt peetava kogukonnafestivali raames toimub ka kohalike ettev\u00f5tjate toodangut pakkuv laat V\u00f5rumaa tuntud toidum\u00e4rgise Uma Mekk egiidi all.\u201c<br><br><strong>R\u00f5uge kogukonnafestival<\/strong> \u201eMina tean, kust tuleb minu toit\u201c toimub 8.-9. septembril R\u00f5uge \u00d6\u00f6bikuorus. Kogukonnafestival algab reedel, 8. septembril, mil R\u00f5uge valla haridusasutuste lapsed saavad osa v\u00f5tta t\u00f6\u00f6tubadest \u00d6\u00f6bikuorus ja tuua ka enda kasvatatud aiasaadused nunnun\u00e4itusele. Festivali p\u00f5hip\u00e4ev on <strong>laup\u00e4ev, 9. september<\/strong>, mil R\u00f5uge \u00d6\u00f6bikuorus algab programm kl 9.00 ja l\u00f5peb kl 16.00, mahutades harivaid loenguid, p\u00f5nevaid arutelusid ja praktilisi t\u00f6\u00f6tubasid, laadamelu ja ehedat kultuuriprogrammi. P\u00e4eva v\u00e4ltel saab kuulda ja \u00f5ppida kompostimisest, mullast, j\u00e4\u00e4tmetest, kliimast, kestlikust p\u00f5llundusest, segaviljelusest, kaunviljadest, seemnetest, permakultuurist ja isegi Jaapani hapendamiskunstist. Lastenurgas saab tutvust teha ponide, kitsede ja hanedega. P\u00e4eva l\u00f5petab paneelarutelu \u201eKuidas avalikus toitlustuses edendada kohaliku mahetooraine kasutamist?\u201c Loengud ja kultuuriprogramm on k\u00f5igile tasuta, t\u00f6\u00f6tubades osalemine maksab 5 eurot. R\u00f5uge kogukonnafestivali koost\u00f6\u00f6partnerid on Tartu \u00dclikooli eetikakeskus ja Tartu 2024 Maailma\u00fclikool, V\u00f5rumaa Arenduskeskus, Maa\u00fclikooli Mahekeskus Tartu 2024 programmiga \u201eKasvades oma toiduga\u201c, MT\u00dc Kagu-Eesti Loodusrahvas, V\u00f5rumaa Talupidajate Liit ja Uma Mekk.<br>Kogu s\u00fcndmuse kava leiab siit: <a href=\"https:\/\/rouge.kovtp.ee\/kogukonnafestival\">https:\/\/rouge.kovtp.ee\/kogukonnafestival<\/a><\/p>\n\n\n\n<p class=\"wp-el\"><strong>L\u00f5una-Eesti kogukonnaprogrammi<\/strong> raames korraldatakse 2023.<em> <\/em>ja2024. aastal \u00fchtekokku 20 projekti mitmek\u00fcmne v\u00e4\u00e4rtusp\u00f5hise s\u00fcndmusega, mis kutsuvad osalema k\u00fclastajaid Eestist, Euroopast ja mujalt maailmast. Programmi eesm\u00e4rk on anda hoogu omavahelisele koost\u00f6\u00f6le ja tugevdada L\u00f5una-Eesti identiteeti. Euroopa kultuuripealinn Tartu 2024 p\u00f5hiprogrammi osana aitab kogukonnaprogramm tutvustada kogu piirkonda just nende v\u00e4\u00e4rtuste p\u00f5hjal, mis on olulised kohalikele inimestele ja kogukondadele. K\u00f5ik valitud s\u00fcndmused aitavad esile t\u00f5sta L\u00f5una-Eesti v\u00e4\u00e4rtusi \u2013 puhast loodust, mitmek\u00fclgset kultuurip\u00e4randit<em>, <\/em>kohalikku toitu ja k\u00e4sit\u00f6\u00f6d, tervislikku eluviisi, j\u00e4tkusuutlikke ja innovaatilisi lahendusi ning aktiivseid ja eluj\u00f5ulisi kogukondi.<br><br><strong>Kogukonnas\u00fcndmused, <\/strong>mis kuuluvad avatud taotlusvooru tulemusena L\u00f5una-Eesti kogukonnaprogrammi, on j\u00e4rgmised: j\u00f5eretkede sari \u201eAvasta Emaj\u00f5gi!\u201c, Tartumaa toidus\u00fcndmuste sari \u201eTirin\u201c, kogukonnalavastus \u201eLeevaku kullakaevur\u201c, \u201eSeto kostip\u00e4iv\u00e4 aastaring\u201c, kogukonnafestival \u201eMina tean, kust tuleb minu toit\u201d, Tartumaa teemap\u00e4evad \u201eP\u00e4ritud elluj\u00e4\u00e4miskunstid\u201c, R\u00f5uge projekt \u201eSanna!\u201c, ruumiloomekonverents \u201eLoo v\u00f5i loobu!\u201c, \u201eTaliteed Emaj\u00f5e-Suursoos\u201c, maaliliste maastike j\u00e4\u00e4dvustamise matkasari Otep\u00e4\u00e4l, \u201eMeelter\u00e4nnak looduses\u201c, I Kodavere laalupido, dokumentaalne osaluslavastus \u201eElluj\u00e4\u00e4miskunstid. KMOMID\u201c, Seto tantsupidu \u201eKad\u00b4ah kavv\u00f5k\u00f5\u00b4\u201c, Navi k\u00fcla kogukonnafestival, roosifestival Kaagj\u00e4rvel, Peipsi Toidu T\u00e4nav 175 km, Kagu-Eesti inspiratsioonifestival \u201eLoovus loob lootust!\u201c, \u201eAvastamata Antsla aarded \u2013 j\u00e4rved\u201c, linnaruumilavastus \u201eL\u00e4bi linna: Valga+Valka\u201c. Vt <a href=\"http:\/\/www.visitsouthestonia.com\/community\/tartu-2024\/\">www.visitsouthestonia.com\/community\/tartu-2024\/<\/a><\/p>\n\n\n\n<p class=\"wp-el\"><strong><br>Euroopa kultuuripealinn Tartu 2024 <\/strong>p\u00f5hiprogrammi kuuluv L\u00f5una-Eesti kogukonnaprogramm kasvas v\u00e4lja 2013. aastal L\u00f5una-Eesti LEADER-tegevusgruppide k\u00e4ima l\u00fckatud kollaste akende projektist \u201eElu kahe maailma piiril\u201c. L\u00f5una-Eesti kogukonnaprogrammi viivad ellu LEADER-tegevusgrupid Tartumaa Arendusselts, Valgamaa Partnerluskogu, V\u00f5rumaa Partnerluskogu ja Piiriveere Liider ning koost\u00f6\u00f6partneritena l\u00f6\u00f6vad kaasa Tartu, Elva, V\u00f5ru ja Valga linn. S\u00fcndmusi toetatakse LEADER-meetmest ning SA Tartu 2024 poolt L\u00f5una-Eesti kogukonnaprogrammile eraldatud eelarvest. Kogukonnaprogrammi tegemistesse on partnerina kaasatud teinegi Euroopa kultuuripealinn Tartu 2024 projekt Tartu Maailma\u00fclikool.<\/p>\n\n\n\n<p class=\"wp-el\">Lisainformatsioon:<\/p>\n\n\n\n<p class=\"wp-el\"><a href=\"http:\/\/www.visitsouthestonia.com\/community\/tartu-2024\/\">www.visitsouthestonia.com\/community\/tartu-2024\/<\/a><br><a href=\"https:\/\/tartu2024.ee\/kogukonnaprogramm\">tartu2024.ee\/kogukonnaprogramm<\/a><\/p>\n\n\n\n<p class=\"wp-el\"><strong>Kerli Kanger<\/strong>, V\u00f5rumaa Partnerluskogu tegevjuht ja L\u00f5una-Eesti kogukonnaprogrammi tiimi liige, telefon +372&nbsp;510 2662, e-post <a href=\"mailto:kerli@voruleader.ee\">kerli@voruleader.e<\/a><\/p>\n\n\n\n<p class=\"wp-el\"><strong>Rutt Riitsaar<\/strong>, R\u00f5uge valla arendusn\u00f5unik ja R\u00f5uge kogukonnafestivali \u00fcks korraldajaid,<br>telefon +372&nbsp;527 1906, e-post <a href=\"mailto:rutt.riitsaar@rougevald.ee\">rutt.riitsaar@rougevald.ee<\/a><\/p>\n\n\n\n<p class=\"wp-el\"><\/p>\n\n\n\n<p class=\"wp-el\"><\/p>\n\n\n\n<p class=\"wp-el\"><\/p>\n\n\n\n<figure class=\"wp-block-image size-large is-resized\"><img decoding=\"async\" loading=\"lazy\" src=\"https:\/\/visitsouthestonia.com\/community\/wp-content\/uploads\/2023\/05\/Tartu24Leader-logo-horisontaalne-est-must-1200x524.jpg\" alt=\"\" class=\"wp-image-12363\" style=\"width:300px;height:131px\" width=\"300\" height=\"131\" srcset=\"https:\/\/visitsouthestonia.com\/community\/wp-content\/uploads\/2023\/05\/Tartu24Leader-logo-horisontaalne-est-must-1200x524.jpg 1200w, https:\/\/visitsouthestonia.com\/community\/wp-content\/uploads\/2023\/05\/Tartu24Leader-logo-horisontaalne-est-must-768x335.jpg 768w, https:\/\/visitsouthestonia.com\/community\/wp-content\/uploads\/2023\/05\/Tartu24Leader-logo-horisontaalne-est-must-350x153.jpg 350w, https:\/\/visitsouthestonia.com\/community\/wp-content\/uploads\/2023\/05\/Tartu24Leader-logo-horisontaalne-est-must-1100x480.jpg 1100w, https:\/\/visitsouthestonia.com\/community\/wp-content\/uploads\/2023\/05\/Tartu24Leader-logo-horisontaalne-est-must-230x100.jpg 230w, https:\/\/visitsouthestonia.com\/community\/wp-content\/uploads\/2023\/05\/Tartu24Leader-logo-horisontaalne-est-must-160x70.jpg 160w, https:\/\/visitsouthestonia.com\/community\/wp-content\/uploads\/2023\/05\/Tartu24Leader-logo-horisontaalne-est-must-188x82.jpg 188w, https:\/\/visitsouthestonia.com\/community\/wp-content\/uploads\/2023\/05\/Tartu24Leader-logo-horisontaalne-est-must-124x54.jpg 124w, https:\/\/visitsouthestonia.com\/community\/wp-content\/uploads\/2023\/05\/Tartu24Leader-logo-horisontaalne-est-must-370x161.jpg 370w, https:\/\/visitsouthestonia.com\/community\/wp-content\/uploads\/2023\/05\/Tartu24Leader-logo-horisontaalne-est-must.jpg 1334w\" sizes=\"(max-width: 300px) 100vw, 300px\" \/><figcaption class=\"wp-element-caption\">image description<\/figcaption><\/figure>\n\n\n\n<p class=\"wp-el\"><img decoding=\"async\" loading=\"lazy\" width=\"128\" height=\"128\" class=\"wp-image-12016\" style=\"width: 20px;\" src=\"https:\/\/visitsouthestonia.com\/community\/wp-content\/uploads\/2023\/05\/must-nool.png\" alt=\"\" srcset=\"https:\/\/visitsouthestonia.com\/community\/wp-content\/uploads\/2023\/05\/must-nool.png 128w, https:\/\/visitsouthestonia.com\/community\/wp-content\/uploads\/2023\/05\/must-nool-51x51.png 51w, https:\/\/visitsouthestonia.com\/community\/wp-content\/uploads\/2023\/05\/must-nool-70x70.png 70w, https:\/\/visitsouthestonia.com\/community\/wp-content\/uploads\/2023\/05\/must-nool-120x120.png 120w, https:\/\/visitsouthestonia.com\/community\/wp-content\/uploads\/2023\/05\/must-nool-100x100.png 100w, https:\/\/visitsouthestonia.com\/community\/wp-content\/uploads\/2023\/05\/must-nool-54x54.png 54w\" sizes=\"(max-width: 128px) 100vw, 128px\" \/> Rohkem infot <a href=\"https:\/\/visitsouthestonia.com\/community\/tartu-2024\/\">Euroopa kultuuripealinn Tartu 2024 L\u00f5una-Eesti kogukonnaprogrammist<\/a><\/p>\n","protected":false},"excerpt":{"rendered":"<p>L\u00f5una-Eesti kogukonnaprogrammi raames sel laup\u00e4eval peetav R\u00f5uge kogukonnafestival keskendub kohalikule toidule 4.09.2023 Euroopa kultuuripealinn Tartu 2024 p\u00f5hiprogrammi kuuluva L\u00f5una-Eesti kogukonnaprogrammi&#8230;<\/p>\n","protected":false},"author":211,"featured_media":0,"parent":12304,"menu_order":1,"comment_status":"closed","ping_status":"closed","template":"","meta":{"advgb_blocks_editor_width":"","advgb_blocks_columns_visual_guide":"","footnotes":"","_links_to":"","_links_to_target":""},"acf":[],"yoast_head":"<!-- This site is optimized with the Yoast SEO plugin v21.4 - https:\/\/yoast.com\/wordpress\/plugins\/seo\/ -->\n<title>L\u00f5una-Eesti kogukonnaprogrammi raames toimub R\u00f5uge kogukonnafestival - visitsouthestonia<\/title>\n<meta name=\"robots\" content=\"index, follow, max-snippet:-1, max-image-preview:large, max-video-preview:-1\" \/>\n<link rel=\"canonical\" href=\"https:\/\/visitsouthestonia.com\/tartu-2024\/uudised\/louna-eesti-kogukonnaprogrammi-raames-toimub-rouge-kogukonnafestival\/\" \/>\n<meta property=\"og:locale\" content=\"et_EE\" \/>\n<meta property=\"og:type\" content=\"article\" \/>\n<meta property=\"og:title\" content=\"L\u00f5una-Eesti kogukonnaprogrammi raames toimub R\u00f5uge kogukonnafestival - visitsouthestonia\" \/>\n<meta property=\"og:description\" content=\"L\u00f5una-Eesti kogukonnaprogrammi raames sel laup\u00e4eval peetav R\u00f5uge kogukonnafestival keskendub kohalikule toidule 4.09.2023 Euroopa kultuuripealinn Tartu 2024 p\u00f5hiprogrammi kuuluva L\u00f5una-Eesti kogukonnaprogrammi...\" \/>\n<meta property=\"og:url\" content=\"https:\/\/visitsouthestonia.com\/tartu-2024\/uudised\/louna-eesti-kogukonnaprogrammi-raames-toimub-rouge-kogukonnafestival\/\" \/>\n<meta property=\"og:site_name\" content=\"visitsouthestonia\" \/>\n<meta property=\"article:modified_time\" content=\"2023-09-04T12:05:06+00:00\" \/>\n<meta property=\"og:image\" content=\"https:\/\/visitsouthestonia.com\/wp-content\/uploads\/2023\/05\/Tartu24Leader-logo-horisontaalne-est-must-1200x524.jpg\" \/>\n<meta name=\"twitter:card\" content=\"summary_large_image\" \/>\n<meta name=\"twitter:label1\" content=\"Est. reading time\" \/>\n\t<meta name=\"twitter:data1\" content=\"5 minutit\" \/>\n<script type=\"application\/ld+json\" class=\"yoast-schema-graph\">{\"@context\":\"https:\/\/schema.org\",\"@graph\":[{\"@type\":\"WebPage\",\"@id\":\"https:\/\/visitsouthestonia.com\/tartu-2024\/uudised\/louna-eesti-kogukonnaprogrammi-raames-toimub-rouge-kogukonnafestival\/\",\"url\":\"https:\/\/visitsouthestonia.com\/tartu-2024\/uudised\/louna-eesti-kogukonnaprogrammi-raames-toimub-rouge-kogukonnafestival\/\",\"name\":\"L\u00f5una-Eesti kogukonnaprogrammi raames toimub R\u00f5uge kogukonnafestival - visitsouthestonia\",\"isPartOf\":{\"@id\":\"https:\/\/visitsouthestonia.com\/community\/#website\"},\"datePublished\":\"2023-09-04T10:18:14+00:00\",\"dateModified\":\"2023-09-04T12:05:06+00:00\",\"breadcrumb\":{\"@id\":\"https:\/\/visitsouthestonia.com\/tartu-2024\/uudised\/louna-eesti-kogukonnaprogrammi-raames-toimub-rouge-kogukonnafestival\/#breadcrumb\"},\"inLanguage\":\"et\",\"potentialAction\":[{\"@type\":\"ReadAction\",\"target\":[\"https:\/\/visitsouthestonia.com\/tartu-2024\/uudised\/louna-eesti-kogukonnaprogrammi-raames-toimub-rouge-kogukonnafestival\/\"]}]},{\"@type\":\"BreadcrumbList\",\"@id\":\"https:\/\/visitsouthestonia.com\/tartu-2024\/uudised\/louna-eesti-kogukonnaprogrammi-raames-toimub-rouge-kogukonnafestival\/#breadcrumb\",\"itemListElement\":[{\"@type\":\"ListItem\",\"position\":1,\"name\":\"Tartu 2024 L\u00f5una-Eesti kogukonnaprogramm\",\"item\":\"https:\/\/visitsouthestonia.com\/tartu-2024\/\"},{\"@type\":\"ListItem\",\"position\":2,\"name\":\"Tartu 2024 kogukonnaprogrammi uudised\",\"item\":\"https:\/\/visitsouthestonia.com\/tartu-2024\/uudised\/\"},{\"@type\":\"ListItem\",\"position\":3,\"name\":\"L\u00f5una-Eesti kogukonnaprogrammi raames toimub R\u00f5uge kogukonnafestival\"}]},{\"@type\":\"WebSite\",\"@id\":\"https:\/\/visitsouthestonia.com\/community\/#website\",\"url\":\"https:\/\/visitsouthestonia.com\/community\/\",\"name\":\"visitsouthestonia\",\"description\":\"Parim puhkus veeda L\u00f5una-Eestis!\",\"potentialAction\":[{\"@type\":\"SearchAction\",\"target\":{\"@type\":\"EntryPoint\",\"urlTemplate\":\"https:\/\/visitsouthestonia.com\/community\/?s={search_term_string}\"},\"query-input\":\"required name=search_term_string\"}],\"inLanguage\":\"et\"}]}<\/script>\n<!-- \/ Yoast SEO plugin. -->","yoast_head_json":{"title":"L\u00f5una-Eesti kogukonnaprogrammi raames toimub R\u00f5uge kogukonnafestival - visitsouthestonia","robots":{"index":"index","follow":"follow","max-snippet":"max-snippet:-1","max-image-preview":"max-image-preview:large","max-video-preview":"max-video-preview:-1"},"canonical":"https:\/\/visitsouthestonia.com\/tartu-2024\/uudised\/louna-eesti-kogukonnaprogrammi-raames-toimub-rouge-kogukonnafestival\/","og_locale":"et_EE","og_type":"article","og_title":"L\u00f5una-Eesti kogukonnaprogrammi raames toimub R\u00f5uge kogukonnafestival - visitsouthestonia","og_description":"L\u00f5una-Eesti kogukonnaprogrammi raames sel laup\u00e4eval peetav R\u00f5uge kogukonnafestival keskendub kohalikule toidule 4.09.2023 Euroopa kultuuripealinn Tartu 2024 p\u00f5hiprogrammi kuuluva L\u00f5una-Eesti kogukonnaprogrammi...","og_url":"https:\/\/visitsouthestonia.com\/tartu-2024\/uudised\/louna-eesti-kogukonnaprogrammi-raames-toimub-rouge-kogukonnafestival\/","og_site_name":"visitsouthestonia","article_modified_time":"2023-09-04T12:05:06+00:00","og_image":[{"url":"https:\/\/visitsouthestonia.com\/wp-content\/uploads\/2023\/05\/Tartu24Leader-logo-horisontaalne-est-must-1200x524.jpg"}],"twitter_card":"summary_large_image","twitter_misc":{"Est. reading time":"5 minutit"},"schema":{"@context":"https:\/\/schema.org","@graph":[{"@type":"WebPage","@id":"https:\/\/visitsouthestonia.com\/tartu-2024\/uudised\/louna-eesti-kogukonnaprogrammi-raames-toimub-rouge-kogukonnafestival\/","url":"https:\/\/visitsouthestonia.com\/tartu-2024\/uudised\/louna-eesti-kogukonnaprogrammi-raames-toimub-rouge-kogukonnafestival\/","name":"L\u00f5una-Eesti kogukonnaprogrammi raames toimub R\u00f5uge kogukonnafestival - visitsouthestonia","isPartOf":{"@id":"https:\/\/visitsouthestonia.com\/community\/#website"},"datePublished":"2023-09-04T10:18:14+00:00","dateModified":"2023-09-04T12:05:06+00:00","breadcrumb":{"@id":"https:\/\/visitsouthestonia.com\/tartu-2024\/uudised\/louna-eesti-kogukonnaprogrammi-raames-toimub-rouge-kogukonnafestival\/#breadcrumb"},"inLanguage":"et","potentialAction":[{"@type":"ReadAction","target":["https:\/\/visitsouthestonia.com\/tartu-2024\/uudised\/louna-eesti-kogukonnaprogrammi-raames-toimub-rouge-kogukonnafestival\/"]}]},{"@type":"BreadcrumbList","@id":"https:\/\/visitsouthestonia.com\/tartu-2024\/uudised\/louna-eesti-kogukonnaprogrammi-raames-toimub-rouge-kogukonnafestival\/#breadcrumb","itemListElement":[{"@type":"ListItem","position":1,"name":"Tartu 2024 L\u00f5una-Eesti kogukonnaprogramm","item":"https:\/\/visitsouthestonia.com\/tartu-2024\/"},{"@type":"ListItem","position":2,"name":"Tartu 2024 kogukonnaprogrammi uudised","item":"https:\/\/visitsouthestonia.com\/tartu-2024\/uudised\/"},{"@type":"ListItem","position":3,"name":"L\u00f5una-Eesti kogukonnaprogrammi raames toimub R\u00f5uge kogukonnafestival"}]},{"@type":"WebSite","@id":"https:\/\/visitsouthestonia.com\/community\/#website","url":"https:\/\/visitsouthestonia.com\/community\/","name":"visitsouthestonia","description":"Parim puhkus veeda L\u00f5una-Eestis!","potentialAction":[{"@type":"SearchAction","target":{"@type":"EntryPoint","urlTemplate":"https:\/\/visitsouthestonia.com\/community\/?s={search_term_string}"},"query-input":"required name=search_term_string"}],"inLanguage":"et"}]}},"coauthors":[],"author_meta":{"author_link":"https:\/\/visitsouthestonia.com\/community\/author\/kaisa-timmi\/","display_name":"Meeri"},"relative_dates":{"created":"Posted 3 aastat ago","modified":"Updated 3 aastat ago"},"absolute_dates":{"created":"Posted on 4. sept. 2023","modified":"Updated on 4. sept. 2023"},"absolute_dates_time":{"created":"Posted on 4. sept. 2023 01:18","modified":"Updated on 4. sept. 2023 03:05"},"featured_img_caption":"","featured_img":false,"series_order":"","_links":{"self":[{"href":"https:\/\/visitsouthestonia.com\/community\/wp-json\/wp\/v2\/pages\/14197"}],"collection":[{"href":"https:\/\/visitsouthestonia.com\/community\/wp-json\/wp\/v2\/pages"}],"about":[{"href":"https:\/\/visitsouthestonia.com\/community\/wp-json\/wp\/v2\/types\/page"}],"author":[{"embeddable":true,"href":"https:\/\/visitsouthestonia.com\/community\/wp-json\/wp\/v2\/users\/211"}],"replies":[{"embeddable":true,"href":"https:\/\/visitsouthestonia.com\/community\/wp-json\/wp\/v2\/comments?post=14197"}],"version-history":[{"count":6,"href":"https:\/\/visitsouthestonia.com\/community\/wp-json\/wp\/v2\/pages\/14197\/revisions"}],"predecessor-version":[{"id":14244,"href":"https:\/\/visitsouthestonia.com\/community\/wp-json\/wp\/v2\/pages\/14197\/revisions\/14244"}],"up":[{"embeddable":true,"href":"https:\/\/visitsouthestonia.com\/community\/wp-json\/wp\/v2\/pages\/12304"}],"wp:attachment":[{"href":"https:\/\/visitsouthestonia.com\/community\/wp-json\/wp\/v2\/media?parent=14197"}],"curies":[{"name":"wp","href":"https:\/\/api.w.org\/{rel}","templated":true}]}}