{"id":13761,"date":"2023-07-23T18:51:35","date_gmt":"2023-07-23T15:51:35","guid":{"rendered":"https:\/\/visitsouthestonia.com\/community\/?page_id=13761"},"modified":"2023-09-04T15:05:37","modified_gmt":"2023-09-04T12:05:37","slug":"louna-eesti-kogukonnaprogrammi-raames-esietendub-kogukonnalavastus-leevaku-kullakaevur","status":"publish","type":"page","link":"https:\/\/visitsouthestonia.com\/community\/tartu-2024\/uudised\/louna-eesti-kogukonnaprogrammi-raames-esietendub-kogukonnalavastus-leevaku-kullakaevur\/","title":{"rendered":"L\u00f5una-Eesti kogukonnaprogrammi raames esietendub kogukonnalavastus \u201eLeevaku kullakaevur\u201c"},"content":{"rendered":"\n<h1 class=\"wp-block-heading wp-el\"><strong>L\u00f5una-Eesti kogukonnaprogrammi raames esietendub neljap\u00e4eval kogukonnalavastus \u201eLeevaku kullakaevur\u201c<\/strong><\/h1>\n\n\n\n<p class=\"wp-el\">24.07.2023<\/p>\n\n\n\n<p class=\"wp-el\"><strong>Euroopa kultuuripealinn Tartu 2024 p\u00f5hiprogrammi kuuluva L\u00f5una-Eesti kogukonnaprogrammi raames esietendub neljap\u00e4eval P\u00f5lvamaal kogukonnalavastus \u201eLeevaku kullakaevur\u201c, mis jutustab kaasahaarava loo <\/strong><strong>p\u00f6\u00f6rastest ideedest, p\u00f5lvkondade suhetest, \u00f5nnestumistest ja l\u00e4bikukkumistest t\u00e4pselt sajandi eest t\u00e4pselt samas kohas Leevakul. Piletitega tasub kiirustada, sest esimesed etendused on v\u00e4lja m\u00fc\u00fcdud, m\u00e4ngitakse seda aga 27. juulist 6. augustini vaid kaheksa korda.<\/strong><strong><\/strong><\/p>\n\n\n\n<p class=\"wp-el\">Piiriveere Liidri tegevjuht ja L\u00f5una-Eesti kogukonnaprogrammi tiimi liige <strong>Endla Mitt <\/strong>lausus, et Leevaku kogukonnalavastus v\u00e4ljendab v\u00e4ga tabavalt \u00fche paiga ja sealse kogukonna tegemisi erinevas ajas. \u201eLavastus jutustab universaalse loo ning selle lavale toomise protsess on h\u00e4sti l\u00e4bi m\u00f5eldud, kaasates kogu Leevaku kandi rahvast ja isegi lapselapsi Tallinnast,\u201c r\u00e4\u00e4kis Mitt. \u201eSee on s\u00fcdamega tehtud sellesuvine suurs\u00fcndmus nii kohalikul tasandil kui ka hea n\u00e4ide kaugema kandi kultuurihuvilisele publikule, kuidas L\u00f5una-Eesti kogukonnad hoiavad oma v\u00e4\u00e4rtusi ning loovad \u00fchiselt Euroopa kultuuripealinna Tartu 2024.\u201c<\/p>\n\n\n\n<p class=\"wp-el\">MT\u00dc Leevakk juhatuse liige <strong>Kairi Kasearu<\/strong> \u00fctles, et kogukonnlavastus \u201eLeevaku kullakaevur\u201c on mitmekihiline. \u201eSeda v\u00f5ib vaadata kui t\u00fckki \u00fche perekonna loost 1920ndatel Kagu-Eesti v\u00e4ikeses k\u00fclas, kus suured ja p\u00f6\u00f6rdelised ideed p\u00f5rkuvad argip\u00e4evaga. Teisalt peegeldab see lugu ja kogu lavastusprotsess Leevaku kandi k\u00fclade, kogukonna ja inimeste olemust. Me panustame \u00fchiselt, et endal oleks hea maal elada ja teistel tore tulla,\u201c s\u00f5nas Kasearu. \u201eEestimaal on igal k\u00fclal ja paigal oma lugu. K\u00f5ik need lood on vaja \u00fcles leida ja edasi kanda, et tugevdada kogukonna identiteeti \u2013 \u00e4ratundmist mineviku, oleviku ja tuleviku vahel.\u201c&nbsp;<\/p>\n\n\n\n<p class=\"wp-el\"><strong>Kogukonnalavastust \u201eLeevaku kullakaevur\u201c<\/strong>,mille esimesed etendused on juba v\u00e4lja m\u00fc\u00fcdud, m\u00e4ngitakse sel suvel P\u00f5lvamaal Leevakul kunagise tellisevabriku juures k\u00fclaplatsil 27. juulist 6. augustini vaid kaheksal korral. Euroopa pikima, 50 m k\u00f5rguse saunakorstna jalamil m\u00e4ngitav suvet\u00fckk keskendub toonase kohaliku vision\u00e4\u00e4ri Artur Reinom\u00e4e otsusele rajada Leevakule kolossaalne tellisevabrik, mille ehitamisest m\u00f6\u00f6dub t\u00e4navu 100 aastat. Kogukonnalavastuses teevad lavastaja Marko M\u00e4esaare juhendamisel professionaalsete n\u00e4itlejate Viire Valdma, Tiina M\u00e4lbergi ja Ken R\u00fc\u00fctli k\u00f5rval kaasa ka harrastajad, kohaliku kogukonna inimesed. Lavastuses p\u00f5imuvad Leevaku kandi ajalugu, kultuur ja kohalik milj\u00f6\u00f6 ning kultuurielamusele annavad oma t\u00e4iendust imeline loodus ja kohalik toit, R\u00e4pina valla noorte puhkpilliorkester ja pillimehed.<br>M\u00e4ngukava ja piletiinfo leiab Piletilevist: <a href=\"https:\/\/www.piletilevi.ee\/est\/piletid\/teater\/suvelavastus\/suvelavastus-leevaku-kullakaevur-84920\/?design=&amp;shop_provider=tartu2024\">https:\/\/www.piletilevi.ee\/est\/piletid\/teater\/suvelavastus\/suvelavastus-leevaku-kullakaevur-84920\/?design=&amp;shop_provider=tartu2024<\/a><\/p>\n\n\n\n<p class=\"wp-el\"><strong>L\u00f5una-Eesti kogukonnaprogrammi<\/strong> raames korraldatakse 2023.<em> <\/em>ja2024. aastal \u00fchtekokku 20 projekti mitmek\u00fcmne v\u00e4\u00e4rtusp\u00f5hise s\u00fcndmusega, mis kutsuvad osalema k\u00fclastajaid Eestist, Euroopast ja mujalt maailmast. Programmi eesm\u00e4rk on anda hoogu omavahelisele koost\u00f6\u00f6le ja tugevdada L\u00f5una-Eesti identiteeti. Euroopa kultuuripealinn Tartu 2024 p\u00f5hiprogrammi osana aitab kogukonnaprogramm tutvustada kogu piirkonda just nende v\u00e4\u00e4rtuste p\u00f5hjal, mis on olulised kohalikele inimestele ja kogukondadele. K\u00f5ik valitud s\u00fcndmused aitavad esile t\u00f5sta L\u00f5una-Eesti v\u00e4\u00e4rtusi \u2013 puhast loodust, mitmek\u00fclgset kultuurip\u00e4randit<em>, <\/em>kohalikku toitu ja k\u00e4sit\u00f6\u00f6d, tervislikku eluviisi, j\u00e4tkusuutlikke ja innovaatilisi lahendusi ning aktiivseid ja eluj\u00f5ulisi kogukondi.<br><br><strong>Kogukonnas\u00fcndmused, <\/strong>mis kuuluvad avatud taotlusvooru tulemusena L\u00f5una-Eesti kogukonnaprogrammi, on j\u00e4rgmised: j\u00f5eretkede sari \u201eAvasta Emaj\u00f5gi!\u201c, Tartumaa toidus\u00fcndmuste sari \u201eTirin\u201c, kogukonnaetendus \u201eLeevaku kullakaevur\u201c, \u201eSeto kostip\u00e4iv\u00e4 aastaring\u201c, kogukonnafestival \u201eMina tean, kust tuleb minu toit\u201d, Tartumaa teemap\u00e4evad \u201eP\u00e4ritud elluj\u00e4\u00e4miskunstid\u201c, R\u00f5uge projekt \u201eSanna!\u201c, ruumiloomekonverents \u201eLoo v\u00f5i loobu!\u201c, \u201eTaliteed Emaj\u00f5e-Suursoos\u201c, maaliliste maastike j\u00e4\u00e4dvustamise matkasari Otep\u00e4\u00e4l, \u201eMeelter\u00e4nnak looduses\u201c, I Kodavere laalupido, dokumentaalne osaluslavastus \u201eElluj\u00e4\u00e4miskunstid. KMOMID\u201c, Seto tantsupidu \u201eKad\u00b4ah kavv\u00f5k\u00f5\u00b4\u201c, Navi k\u00fcla kogukonnafestival, roosifestival Kaagj\u00e4rvel, Peipsi Toidu T\u00e4nav 175 km, Kagu-Eesti inspiratsioonifestival \u201eLoovus loob lootust!\u201c, \u201eAvastamata Antsla aarded \u2013 j\u00e4rved\u201c, linnaruumilavastus \u201eL\u00e4bi linna: Valga+Valka\u201c. Vt <a href=\"http:\/\/www.visitsouthestonia.com\/community\/tartu-2024\/\">www.visitsouthestonia.com\/community\/tartu-2024\/<\/a><\/p>\n\n\n\n<p class=\"wp-el\"><strong>Euroopa kultuuripealinn Tartu 2024 <\/strong>p\u00f5hiprogrammi kuuluv L\u00f5una-Eesti kogukonnaprogramm kasvas v\u00e4lja 2013. aastal L\u00f5una-Eesti LEADER-tegevusgruppide k\u00e4ima l\u00fckatud kollaste akende projektist \u201eElu kahe maailma piiril\u201c. L\u00f5una-Eesti kogukonnaprogrammi viivad ellu LEADER-tegevusgrupid Tartumaa Arendusselts, Valgamaa Partnerluskogu, V\u00f5rumaa Partnerluskogu ja Piiriveere Liider ning koost\u00f6\u00f6partneritena l\u00f6\u00f6vad kaasa Tartu, Elva, V\u00f5ru ja Valga linn. S\u00fcndmusi toetatakse LEADER-meetmest ning SA Tartu 2024 poolt L\u00f5una-Eesti kogukonnaprogrammile eraldatud eelarvest. Kogukonnaprogrammi tegemistesse on partnerina kaasatud teinegi Euroopa kultuuripealinn Tartu 2024 projekt Tartu Maailma\u00fclikool.<\/p>\n\n\n\n<p class=\"wp-el\">Lisainformatsioon:<\/p>\n\n\n\n<p class=\"wp-el\"><a href=\"http:\/\/www.visitsouthestonia.com\/community\/tartu-2024\/\">www.visitsouthestonia.com\/community\/tartu-2024\/<\/a><br><a href=\"https:\/\/tartu2024.ee\/kogukonnaprogramm\">tartu2024.ee\/kogukonnaprogramm<\/a><\/p>\n\n\n\n<p class=\"wp-el\"><strong>Endla Mitt<\/strong>, Piiriveere Liidri tegevjuht ja L\u00f5una-Eesti kogukonnaprogrammi tiimi liige,<br>telefon +372&nbsp;512 7160, e-post <a href=\"mailto:endla@piiriveere.ee\">endla@piiriveere.ee<\/a><\/p>\n\n\n\n<p class=\"wp-el\"><strong>Kairi Kasearu<\/strong>, kogukonnalavastuse \u201eLeevaku kullakaevur\u201c \u00fcks eestvedajaid,<br>MT\u00dc Leevakk juhatuse liige,<br>telefon +372 5666 4952, e-post <a href=\"mailto:kairi.kasearu@ut.ee\">kairi.kasearu@ut.ee<\/a><\/p>\n\n\n\n<p class=\"wp-el\"><\/p>\n\n\n\n<p class=\"wp-el\"><\/p>\n\n\n\n<figure class=\"wp-block-image size-large is-resized\"><img decoding=\"async\" loading=\"lazy\" src=\"https:\/\/visitsouthestonia.com\/community\/wp-content\/uploads\/2023\/05\/Tartu24Leader-logo-horisontaalne-est-must-1200x524.jpg\" alt=\"\" class=\"wp-image-12363\" style=\"width:300px;height:131px\" width=\"300\" height=\"131\" srcset=\"https:\/\/visitsouthestonia.com\/community\/wp-content\/uploads\/2023\/05\/Tartu24Leader-logo-horisontaalne-est-must-1200x524.jpg 1200w, https:\/\/visitsouthestonia.com\/community\/wp-content\/uploads\/2023\/05\/Tartu24Leader-logo-horisontaalne-est-must-768x335.jpg 768w, https:\/\/visitsouthestonia.com\/community\/wp-content\/uploads\/2023\/05\/Tartu24Leader-logo-horisontaalne-est-must-350x153.jpg 350w, https:\/\/visitsouthestonia.com\/community\/wp-content\/uploads\/2023\/05\/Tartu24Leader-logo-horisontaalne-est-must-1100x480.jpg 1100w, https:\/\/visitsouthestonia.com\/community\/wp-content\/uploads\/2023\/05\/Tartu24Leader-logo-horisontaalne-est-must-230x100.jpg 230w, https:\/\/visitsouthestonia.com\/community\/wp-content\/uploads\/2023\/05\/Tartu24Leader-logo-horisontaalne-est-must-160x70.jpg 160w, https:\/\/visitsouthestonia.com\/community\/wp-content\/uploads\/2023\/05\/Tartu24Leader-logo-horisontaalne-est-must-188x82.jpg 188w, https:\/\/visitsouthestonia.com\/community\/wp-content\/uploads\/2023\/05\/Tartu24Leader-logo-horisontaalne-est-must-124x54.jpg 124w, https:\/\/visitsouthestonia.com\/community\/wp-content\/uploads\/2023\/05\/Tartu24Leader-logo-horisontaalne-est-must-370x161.jpg 370w, https:\/\/visitsouthestonia.com\/community\/wp-content\/uploads\/2023\/05\/Tartu24Leader-logo-horisontaalne-est-must.jpg 1334w\" sizes=\"(max-width: 300px) 100vw, 300px\" \/><figcaption class=\"wp-element-caption\">image description<\/figcaption><\/figure>\n\n\n\n<p class=\"wp-el\"><img decoding=\"async\" loading=\"lazy\" width=\"128\" height=\"128\" class=\"wp-image-12016\" style=\"width: 20px;\" src=\"https:\/\/visitsouthestonia.com\/community\/wp-content\/uploads\/2023\/05\/must-nool.png\" alt=\"\" srcset=\"https:\/\/visitsouthestonia.com\/community\/wp-content\/uploads\/2023\/05\/must-nool.png 128w, https:\/\/visitsouthestonia.com\/community\/wp-content\/uploads\/2023\/05\/must-nool-51x51.png 51w, https:\/\/visitsouthestonia.com\/community\/wp-content\/uploads\/2023\/05\/must-nool-70x70.png 70w, https:\/\/visitsouthestonia.com\/community\/wp-content\/uploads\/2023\/05\/must-nool-120x120.png 120w, https:\/\/visitsouthestonia.com\/community\/wp-content\/uploads\/2023\/05\/must-nool-100x100.png 100w, https:\/\/visitsouthestonia.com\/community\/wp-content\/uploads\/2023\/05\/must-nool-54x54.png 54w\" sizes=\"(max-width: 128px) 100vw, 128px\" \/> Rohkem infot <a href=\"https:\/\/visitsouthestonia.com\/community\/tartu-2024\/\">Euroopa kultuuripealinn Tartu 2024 L\u00f5una-Eesti kogukonnaprogrammist<\/a><\/p>\n","protected":false},"excerpt":{"rendered":"<p>L\u00f5una-Eesti kogukonnaprogrammi raames esietendub neljap\u00e4eval kogukonnalavastus \u201eLeevaku kullakaevur\u201c 24.07.2023 Euroopa kultuuripealinn Tartu 2024 p\u00f5hiprogrammi kuuluva L\u00f5una-Eesti kogukonnaprogrammi raames esietendub neljap\u00e4eval&#8230;<\/p>\n","protected":false},"author":211,"featured_media":0,"parent":12304,"menu_order":1,"comment_status":"closed","ping_status":"closed","template":"","meta":{"advgb_blocks_editor_width":"","advgb_blocks_columns_visual_guide":"","footnotes":"","_links_to":"","_links_to_target":""},"acf":[],"yoast_head":"<!-- This site is optimized with the Yoast SEO plugin v21.4 - https:\/\/yoast.com\/wordpress\/plugins\/seo\/ -->\n<title>L\u00f5una-Eesti kogukonnaprogrammi raames esietendub kogukonnalavastus \u201eLeevaku kullakaevur\u201c - visitsouthestonia<\/title>\n<meta name=\"robots\" content=\"index, follow, max-snippet:-1, max-image-preview:large, max-video-preview:-1\" \/>\n<link rel=\"canonical\" href=\"https:\/\/visitsouthestonia.com\/tartu-2024\/uudised\/louna-eesti-kogukonnaprogrammi-raames-esietendub-kogukonnalavastus-leevaku-kullakaevur\/\" \/>\n<meta property=\"og:locale\" content=\"et_EE\" \/>\n<meta property=\"og:type\" content=\"article\" \/>\n<meta property=\"og:title\" content=\"L\u00f5una-Eesti kogukonnaprogrammi raames esietendub kogukonnalavastus \u201eLeevaku kullakaevur\u201c - visitsouthestonia\" \/>\n<meta property=\"og:description\" content=\"L\u00f5una-Eesti kogukonnaprogrammi raames esietendub neljap\u00e4eval kogukonnalavastus \u201eLeevaku kullakaevur\u201c 24.07.2023 Euroopa kultuuripealinn Tartu 2024 p\u00f5hiprogrammi kuuluva L\u00f5una-Eesti kogukonnaprogrammi raames esietendub neljap\u00e4eval...\" \/>\n<meta property=\"og:url\" content=\"https:\/\/visitsouthestonia.com\/tartu-2024\/uudised\/louna-eesti-kogukonnaprogrammi-raames-esietendub-kogukonnalavastus-leevaku-kullakaevur\/\" \/>\n<meta property=\"og:site_name\" content=\"visitsouthestonia\" \/>\n<meta property=\"article:modified_time\" content=\"2023-09-04T12:05:37+00:00\" \/>\n<meta property=\"og:image\" content=\"https:\/\/visitsouthestonia.com\/wp-content\/uploads\/2023\/05\/Tartu24Leader-logo-horisontaalne-est-must-1200x524.jpg\" \/>\n<meta name=\"twitter:card\" content=\"summary_large_image\" \/>\n<meta name=\"twitter:label1\" content=\"Est. reading time\" \/>\n\t<meta name=\"twitter:data1\" content=\"4 minutit\" \/>\n<script type=\"application\/ld+json\" class=\"yoast-schema-graph\">{\"@context\":\"https:\/\/schema.org\",\"@graph\":[{\"@type\":\"WebPage\",\"@id\":\"https:\/\/visitsouthestonia.com\/tartu-2024\/uudised\/louna-eesti-kogukonnaprogrammi-raames-esietendub-kogukonnalavastus-leevaku-kullakaevur\/\",\"url\":\"https:\/\/visitsouthestonia.com\/tartu-2024\/uudised\/louna-eesti-kogukonnaprogrammi-raames-esietendub-kogukonnalavastus-leevaku-kullakaevur\/\",\"name\":\"L\u00f5una-Eesti kogukonnaprogrammi raames esietendub kogukonnalavastus \u201eLeevaku kullakaevur\u201c - visitsouthestonia\",\"isPartOf\":{\"@id\":\"https:\/\/visitsouthestonia.com\/community\/#website\"},\"datePublished\":\"2023-07-23T15:51:35+00:00\",\"dateModified\":\"2023-09-04T12:05:37+00:00\",\"breadcrumb\":{\"@id\":\"https:\/\/visitsouthestonia.com\/tartu-2024\/uudised\/louna-eesti-kogukonnaprogrammi-raames-esietendub-kogukonnalavastus-leevaku-kullakaevur\/#breadcrumb\"},\"inLanguage\":\"et\",\"potentialAction\":[{\"@type\":\"ReadAction\",\"target\":[\"https:\/\/visitsouthestonia.com\/tartu-2024\/uudised\/louna-eesti-kogukonnaprogrammi-raames-esietendub-kogukonnalavastus-leevaku-kullakaevur\/\"]}]},{\"@type\":\"BreadcrumbList\",\"@id\":\"https:\/\/visitsouthestonia.com\/tartu-2024\/uudised\/louna-eesti-kogukonnaprogrammi-raames-esietendub-kogukonnalavastus-leevaku-kullakaevur\/#breadcrumb\",\"itemListElement\":[{\"@type\":\"ListItem\",\"position\":1,\"name\":\"Tartu 2024 L\u00f5una-Eesti kogukonnaprogramm\",\"item\":\"https:\/\/visitsouthestonia.com\/tartu-2024\/\"},{\"@type\":\"ListItem\",\"position\":2,\"name\":\"Tartu 2024 kogukonnaprogrammi uudised\",\"item\":\"https:\/\/visitsouthestonia.com\/tartu-2024\/uudised\/\"},{\"@type\":\"ListItem\",\"position\":3,\"name\":\"L\u00f5una-Eesti kogukonnaprogrammi raames esietendub kogukonnalavastus \u201eLeevaku kullakaevur\u201c\"}]},{\"@type\":\"WebSite\",\"@id\":\"https:\/\/visitsouthestonia.com\/community\/#website\",\"url\":\"https:\/\/visitsouthestonia.com\/community\/\",\"name\":\"visitsouthestonia\",\"description\":\"Parim puhkus veeda L\u00f5una-Eestis!\",\"potentialAction\":[{\"@type\":\"SearchAction\",\"target\":{\"@type\":\"EntryPoint\",\"urlTemplate\":\"https:\/\/visitsouthestonia.com\/community\/?s={search_term_string}\"},\"query-input\":\"required name=search_term_string\"}],\"inLanguage\":\"et\"}]}<\/script>\n<!-- \/ Yoast SEO plugin. -->","yoast_head_json":{"title":"L\u00f5una-Eesti kogukonnaprogrammi raames esietendub kogukonnalavastus \u201eLeevaku kullakaevur\u201c - visitsouthestonia","robots":{"index":"index","follow":"follow","max-snippet":"max-snippet:-1","max-image-preview":"max-image-preview:large","max-video-preview":"max-video-preview:-1"},"canonical":"https:\/\/visitsouthestonia.com\/tartu-2024\/uudised\/louna-eesti-kogukonnaprogrammi-raames-esietendub-kogukonnalavastus-leevaku-kullakaevur\/","og_locale":"et_EE","og_type":"article","og_title":"L\u00f5una-Eesti kogukonnaprogrammi raames esietendub kogukonnalavastus \u201eLeevaku kullakaevur\u201c - visitsouthestonia","og_description":"L\u00f5una-Eesti kogukonnaprogrammi raames esietendub neljap\u00e4eval kogukonnalavastus \u201eLeevaku kullakaevur\u201c 24.07.2023 Euroopa kultuuripealinn Tartu 2024 p\u00f5hiprogrammi kuuluva L\u00f5una-Eesti kogukonnaprogrammi raames esietendub neljap\u00e4eval...","og_url":"https:\/\/visitsouthestonia.com\/tartu-2024\/uudised\/louna-eesti-kogukonnaprogrammi-raames-esietendub-kogukonnalavastus-leevaku-kullakaevur\/","og_site_name":"visitsouthestonia","article_modified_time":"2023-09-04T12:05:37+00:00","og_image":[{"url":"https:\/\/visitsouthestonia.com\/wp-content\/uploads\/2023\/05\/Tartu24Leader-logo-horisontaalne-est-must-1200x524.jpg"}],"twitter_card":"summary_large_image","twitter_misc":{"Est. reading time":"4 minutit"},"schema":{"@context":"https:\/\/schema.org","@graph":[{"@type":"WebPage","@id":"https:\/\/visitsouthestonia.com\/tartu-2024\/uudised\/louna-eesti-kogukonnaprogrammi-raames-esietendub-kogukonnalavastus-leevaku-kullakaevur\/","url":"https:\/\/visitsouthestonia.com\/tartu-2024\/uudised\/louna-eesti-kogukonnaprogrammi-raames-esietendub-kogukonnalavastus-leevaku-kullakaevur\/","name":"L\u00f5una-Eesti kogukonnaprogrammi raames esietendub kogukonnalavastus \u201eLeevaku kullakaevur\u201c - visitsouthestonia","isPartOf":{"@id":"https:\/\/visitsouthestonia.com\/community\/#website"},"datePublished":"2023-07-23T15:51:35+00:00","dateModified":"2023-09-04T12:05:37+00:00","breadcrumb":{"@id":"https:\/\/visitsouthestonia.com\/tartu-2024\/uudised\/louna-eesti-kogukonnaprogrammi-raames-esietendub-kogukonnalavastus-leevaku-kullakaevur\/#breadcrumb"},"inLanguage":"et","potentialAction":[{"@type":"ReadAction","target":["https:\/\/visitsouthestonia.com\/tartu-2024\/uudised\/louna-eesti-kogukonnaprogrammi-raames-esietendub-kogukonnalavastus-leevaku-kullakaevur\/"]}]},{"@type":"BreadcrumbList","@id":"https:\/\/visitsouthestonia.com\/tartu-2024\/uudised\/louna-eesti-kogukonnaprogrammi-raames-esietendub-kogukonnalavastus-leevaku-kullakaevur\/#breadcrumb","itemListElement":[{"@type":"ListItem","position":1,"name":"Tartu 2024 L\u00f5una-Eesti kogukonnaprogramm","item":"https:\/\/visitsouthestonia.com\/tartu-2024\/"},{"@type":"ListItem","position":2,"name":"Tartu 2024 kogukonnaprogrammi uudised","item":"https:\/\/visitsouthestonia.com\/tartu-2024\/uudised\/"},{"@type":"ListItem","position":3,"name":"L\u00f5una-Eesti kogukonnaprogrammi raames esietendub kogukonnalavastus \u201eLeevaku kullakaevur\u201c"}]},{"@type":"WebSite","@id":"https:\/\/visitsouthestonia.com\/community\/#website","url":"https:\/\/visitsouthestonia.com\/community\/","name":"visitsouthestonia","description":"Parim puhkus veeda L\u00f5una-Eestis!","potentialAction":[{"@type":"SearchAction","target":{"@type":"EntryPoint","urlTemplate":"https:\/\/visitsouthestonia.com\/community\/?s={search_term_string}"},"query-input":"required name=search_term_string"}],"inLanguage":"et"}]}},"coauthors":[],"author_meta":{"author_link":"https:\/\/visitsouthestonia.com\/community\/author\/kaisa-timmi\/","display_name":"Meeri"},"relative_dates":{"created":"Posted 3 aastat ago","modified":"Updated 3 aastat ago"},"absolute_dates":{"created":"Posted on 23. juuli 2023","modified":"Updated on 4. sept. 2023"},"absolute_dates_time":{"created":"Posted on 23. juuli 2023 06:51","modified":"Updated on 4. sept. 2023 03:05"},"featured_img_caption":"","featured_img":false,"series_order":"","_links":{"self":[{"href":"https:\/\/visitsouthestonia.com\/community\/wp-json\/wp\/v2\/pages\/13761"}],"collection":[{"href":"https:\/\/visitsouthestonia.com\/community\/wp-json\/wp\/v2\/pages"}],"about":[{"href":"https:\/\/visitsouthestonia.com\/community\/wp-json\/wp\/v2\/types\/page"}],"author":[{"embeddable":true,"href":"https:\/\/visitsouthestonia.com\/community\/wp-json\/wp\/v2\/users\/211"}],"replies":[{"embeddable":true,"href":"https:\/\/visitsouthestonia.com\/community\/wp-json\/wp\/v2\/comments?post=13761"}],"version-history":[{"count":3,"href":"https:\/\/visitsouthestonia.com\/community\/wp-json\/wp\/v2\/pages\/13761\/revisions"}],"predecessor-version":[{"id":14245,"href":"https:\/\/visitsouthestonia.com\/community\/wp-json\/wp\/v2\/pages\/13761\/revisions\/14245"}],"up":[{"embeddable":true,"href":"https:\/\/visitsouthestonia.com\/community\/wp-json\/wp\/v2\/pages\/12304"}],"wp:attachment":[{"href":"https:\/\/visitsouthestonia.com\/community\/wp-json\/wp\/v2\/media?parent=13761"}],"curies":[{"name":"wp","href":"https:\/\/api.w.org\/{rel}","templated":true}]}}