{"id":13722,"date":"2023-07-21T15:23:34","date_gmt":"2023-07-21T12:23:34","guid":{"rendered":"https:\/\/visitsouthestonia.com\/community\/?page_id=13722"},"modified":"2024-05-31T10:12:19","modified_gmt":"2024-05-31T07:12:19","slug":"tartumaa-teemapaevad-paritud-ellujaamiskunstid","status":"publish","type":"page","link":"https:\/\/visitsouthestonia.com\/community\/tartu-2024\/tartumaa-teemapaevad-paritud-ellujaamiskunstid\/","title":{"rendered":"Tartumaa teemap\u00e4evad \u201eP\u00e4ritud elluj\u00e4\u00e4miskunstid\u201c"},"content":{"rendered":"\n<p class=\"has-text-align-right wp-el\"><a href=\"https:\/\/visitsouthestonia.com\/community\/en\/tartu-2024\/arts-of-survival-thematic-days\/\">&gt;&gt;&gt;ENG<\/a><\/p>\n\n\n\n<figure class=\"wp-block-image size-full\"><img decoding=\"async\" loading=\"lazy\" width=\"1200\" height=\"120\" src=\"https:\/\/visitsouthestonia.com\/community\/wp-content\/uploads\/2023\/05\/Untitled-design14.png\" alt=\"\" class=\"wp-image-12154\" srcset=\"https:\/\/visitsouthestonia.com\/community\/wp-content\/uploads\/2023\/05\/Untitled-design14.png 1200w, https:\/\/visitsouthestonia.com\/community\/wp-content\/uploads\/2023\/05\/Untitled-design14-768x77.png 768w, https:\/\/visitsouthestonia.com\/community\/wp-content\/uploads\/2023\/05\/Untitled-design14-350x35.png 350w, https:\/\/visitsouthestonia.com\/community\/wp-content\/uploads\/2023\/05\/Untitled-design14-1100x110.png 1100w, https:\/\/visitsouthestonia.com\/community\/wp-content\/uploads\/2023\/05\/Untitled-design14-230x23.png 230w, https:\/\/visitsouthestonia.com\/community\/wp-content\/uploads\/2023\/05\/Untitled-design14-210x21.png 210w, https:\/\/visitsouthestonia.com\/community\/wp-content\/uploads\/2023\/05\/Untitled-design14-188x19.png 188w, https:\/\/visitsouthestonia.com\/community\/wp-content\/uploads\/2023\/05\/Untitled-design14-370x37.png 370w\" sizes=\"(max-width: 1200px) 100vw, 1200px\" \/><\/figure>\n\n\n\n<h1 class=\"wp-block-heading wp-el\"><strong>Tartumaa meistrid \u00f5petavad esivanemate elluj\u00e4\u00e4miskunste<\/strong><\/h1>\n\n\n\n<div class=\"wp-block-advgb-columns advgb-columns-wrapper\" id=\"advgb-cols-7ed4cb98-5f90-4017-9e49-19e4b904901a\"><div class=\"advgb-columns-container\"><div class=\"advgb-columns advgb-columns-row advgb-is-mobile advgb-columns-2 layout-12-12 mbl-layout-stacked vgutter-10\">\n<div class=\"wp-block-advgb-column advgb-column advgb-is-half-tablet advgb-is-full-mobile\" id=\"advgb-col-fea15a86-fc60-4305-ac4b-c204e10ef1be\"><div class=\"advgb-column-inner\" style=\"border-style:none;border-width:1px\">\n<p class=\"wp-el\">Esivanematelt p\u00e4ritud tarkusi saab meelde tuletada Tartumaa teemap\u00e4evadel &#8220;P\u00e4ritud elluj\u00e4\u00e4miskunstid&#8221;, mis v\u00f5tavad fookusesse omakandi rahva iidsed teadmised, oskused ja traditsioonid. <\/p>\n\n\n\n<p class=\"wp-el\">Septembrist maini v\u00e4ltav s\u00fcndmuste sari kutsub nelja erinevasse paika Vooremaal, et koos kohalike meistritega \u00f5ppida ammuseid viise iseenda ja eluga toimetulekuks. Kuidas valmistada p\u00e4rimustoitu, meisterdada looduslikest materjalidest pille, teha l\u00f5hna- ja stressipalle, ravisalve, voolida \u00fcrgkeraamikat \u2013 k\u00f5ike seda ja rohkemgi leiab koos iga s\u00fcndmuspaiga pererahvaga ning sealse perep\u00e4rimuse kaudu. <\/p>\n\n\n\n<figure class=\"wp-block-image size-full is-resized\"><img decoding=\"async\" loading=\"lazy\" width=\"592\" height=\"892\" src=\"https:\/\/visitsouthestonia.com\/community\/wp-content\/uploads\/2024\/05\/Reet_Alar-Madisson.png\" alt=\"\" class=\"wp-image-20592\" style=\"aspect-ratio:0.6636771300448431;width:579px;height:auto\" srcset=\"https:\/\/visitsouthestonia.com\/community\/wp-content\/uploads\/2024\/05\/Reet_Alar-Madisson.png 592w, https:\/\/visitsouthestonia.com\/community\/wp-content\/uploads\/2024\/05\/Reet_Alar-Madisson-232x350.png 232w, https:\/\/visitsouthestonia.com\/community\/wp-content\/uploads\/2024\/05\/Reet_Alar-Madisson-531x800.png 531w, https:\/\/visitsouthestonia.com\/community\/wp-content\/uploads\/2024\/05\/Reet_Alar-Madisson-169x254.png 169w, https:\/\/visitsouthestonia.com\/community\/wp-content\/uploads\/2024\/05\/Reet_Alar-Madisson-46x70.png 46w, https:\/\/visitsouthestonia.com\/community\/wp-content\/uploads\/2024\/05\/Reet_Alar-Madisson-125x188.png 125w, https:\/\/visitsouthestonia.com\/community\/wp-content\/uploads\/2024\/05\/Reet_Alar-Madisson-36x54.png 36w, https:\/\/visitsouthestonia.com\/community\/wp-content\/uploads\/2024\/05\/Reet_Alar-Madisson-246x370.png 246w\" sizes=\"(max-width: 592px) 100vw, 592px\" \/><figcaption class=\"wp-element-caption\">Reet Hiiem\u00e4e on &#8220;P\u00e4ritud elluj\u00e4\u00e4miskunstid&#8221; \u00fcks projektijuhtidest. Foto: Alar Madisson<\/figcaption><\/figure>\n\n\n\n<p class=\"wp-el\"><strong>J\u00e4\u00e4dvustused<\/strong><\/p>\n\n\n\n<ul class=\"wp-el\">\n<li>Elistvere teemap\u00e4eva video: <a href=\"https:\/\/www.youtube.com\/watch?v=5FCt9WsOdmE\" target=\"_blank\" rel=\"noreferrer noopener\">youtube.com&#8230;<\/a><\/li>\n\n\n\n<li>Kommikonkursi video (tootetutvustused): <a href=\"https:\/\/www.youtube.com\/watch?v=U8p1RaQ5dmM\" target=\"_blank\" rel=\"noreferrer noopener\">youtube.com&#8230;<\/a><\/li>\n\n\n\n<li>Reet Hiiem\u00e4e ettekande video: <a href=\"https:\/\/www.youtube.com\/watch?v=6etY62gI9lU\" target=\"_blank\" rel=\"noreferrer noopener\">youtube.com&#8230;<\/a><\/li>\n\n\n\n<li>\u00dclle Jukk ettekande video: <a href=\"https:\/\/www.youtube.com\/watch?v=rgmdmqiEqHs\" target=\"_blank\" rel=\"noreferrer noopener\">youtube.com&#8230;<\/a><\/li>\n<\/ul>\n<\/div><\/div>\n\n\n\n<div class=\"wp-block-advgb-column advgb-column advgb-is-half-tablet advgb-is-full-mobile\" id=\"advgb-col-9270a43c-90f5-44f1-9d24-fbd1f5b4cc7d\"><div class=\"advgb-column-inner\" style=\"border-style:none;border-width:1px\">\n<p class=\"wp-el\"><img decoding=\"async\" loading=\"lazy\" width=\"128\" height=\"128\" class=\"wp-image-12156\" style=\"width: 20px;\" src=\"https:\/\/visitsouthestonia.com\/community\/wp-content\/uploads\/2023\/05\/punane-nool.png\" alt=\"\" srcset=\"https:\/\/visitsouthestonia.com\/community\/wp-content\/uploads\/2023\/05\/punane-nool.png 128w, https:\/\/visitsouthestonia.com\/community\/wp-content\/uploads\/2023\/05\/punane-nool-51x51.png 51w, https:\/\/visitsouthestonia.com\/community\/wp-content\/uploads\/2023\/05\/punane-nool-70x70.png 70w, https:\/\/visitsouthestonia.com\/community\/wp-content\/uploads\/2023\/05\/punane-nool-120x120.png 120w, https:\/\/visitsouthestonia.com\/community\/wp-content\/uploads\/2023\/05\/punane-nool-100x100.png 100w, https:\/\/visitsouthestonia.com\/community\/wp-content\/uploads\/2023\/05\/punane-nool-54x54.png 54w\" sizes=\"(max-width: 128px) 100vw, 128px\" \/> Toimumise aeg:<strong> <strong>16. september ja 11. november 2023 ning <\/strong><\/strong><br><strong><strong>2. m\u00e4rts ja 18. mai 2024<\/strong><\/strong><\/p>\n\n\n\n<p class=\"wp-el\"><img decoding=\"async\" loading=\"lazy\" width=\"128\" height=\"128\" class=\"wp-image-12156\" style=\"width: 20px;\" src=\"https:\/\/visitsouthestonia.com\/community\/wp-content\/uploads\/2023\/05\/punane-nool.png\" alt=\"\" srcset=\"https:\/\/visitsouthestonia.com\/community\/wp-content\/uploads\/2023\/05\/punane-nool.png 128w, https:\/\/visitsouthestonia.com\/community\/wp-content\/uploads\/2023\/05\/punane-nool-51x51.png 51w, https:\/\/visitsouthestonia.com\/community\/wp-content\/uploads\/2023\/05\/punane-nool-70x70.png 70w, https:\/\/visitsouthestonia.com\/community\/wp-content\/uploads\/2023\/05\/punane-nool-120x120.png 120w, https:\/\/visitsouthestonia.com\/community\/wp-content\/uploads\/2023\/05\/punane-nool-100x100.png 100w, https:\/\/visitsouthestonia.com\/community\/wp-content\/uploads\/2023\/05\/punane-nool-54x54.png 54w\" sizes=\"(max-width: 128px) 100vw, 128px\" \/> Rohkem infot: <a href=\"http:\/\/www.loomemois.ee\/TARTU-20241\">loomemois.ee\/TARTU-20241<\/a><\/p>\n\n\n\n<p class=\"wp-el\"><img decoding=\"async\" loading=\"lazy\" width=\"128\" height=\"128\" class=\"wp-image-12156\" style=\"width: 20px;\" src=\"https:\/\/visitsouthestonia.com\/community\/wp-content\/uploads\/2023\/05\/punane-nool.png\" alt=\"\" srcset=\"https:\/\/visitsouthestonia.com\/community\/wp-content\/uploads\/2023\/05\/punane-nool.png 128w, https:\/\/visitsouthestonia.com\/community\/wp-content\/uploads\/2023\/05\/punane-nool-51x51.png 51w, https:\/\/visitsouthestonia.com\/community\/wp-content\/uploads\/2023\/05\/punane-nool-70x70.png 70w, https:\/\/visitsouthestonia.com\/community\/wp-content\/uploads\/2023\/05\/punane-nool-120x120.png 120w, https:\/\/visitsouthestonia.com\/community\/wp-content\/uploads\/2023\/05\/punane-nool-100x100.png 100w, https:\/\/visitsouthestonia.com\/community\/wp-content\/uploads\/2023\/05\/punane-nool-54x54.png 54w\" sizes=\"(max-width: 128px) 100vw, 128px\" \/> Sotsiaalmeedia: <a href=\"https:\/\/www.facebook.com\/Juulavalja\" target=\"_blank\" rel=\"noreferrer noopener\">facebook.com\/Juulavalja<\/a><\/p>\n\n\n\n<p class=\"wp-el\"><img decoding=\"async\" loading=\"lazy\" width=\"128\" height=\"128\" class=\"wp-image-12156\" style=\"width: 20px;\" src=\"https:\/\/visitsouthestonia.com\/community\/wp-content\/uploads\/2023\/05\/punane-nool.png\" alt=\"\" srcset=\"https:\/\/visitsouthestonia.com\/community\/wp-content\/uploads\/2023\/05\/punane-nool.png 128w, https:\/\/visitsouthestonia.com\/community\/wp-content\/uploads\/2023\/05\/punane-nool-51x51.png 51w, https:\/\/visitsouthestonia.com\/community\/wp-content\/uploads\/2023\/05\/punane-nool-70x70.png 70w, https:\/\/visitsouthestonia.com\/community\/wp-content\/uploads\/2023\/05\/punane-nool-120x120.png 120w, https:\/\/visitsouthestonia.com\/community\/wp-content\/uploads\/2023\/05\/punane-nool-100x100.png 100w, https:\/\/visitsouthestonia.com\/community\/wp-content\/uploads\/2023\/05\/punane-nool-54x54.png 54w\" sizes=\"(max-width: 128px) 100vw, 128px\" \/> Kontakt: Eneli Kaasik, eneli.kaasik@gmail.com, 5257497<\/p>\n\n\n\n<div class=\"wp-block-columns is-layout-flex wp-container-2 wp-block-columns-is-layout-flex\">\n<div class=\"wp-block-column is-layout-flow wp-block-column-is-layout-flow\" style=\"flex-basis:100%\">\n<figure class=\"wp-block-image size-large is-resized\"><img decoding=\"async\" loading=\"lazy\" width=\"801\" height=\"1200\" src=\"https:\/\/visitsouthestonia.com\/community\/wp-content\/uploads\/2023\/07\/Tartumaa-teemapaevad-\u201eParitud-ellujaamiskunstid-801x1200.jpg\" alt=\"\" class=\"wp-image-13723\" style=\"width:601px;height:900px\" srcset=\"https:\/\/visitsouthestonia.com\/community\/wp-content\/uploads\/2023\/07\/Tartumaa-teemapaevad-\u201eParitud-ellujaamiskunstid-801x1200.jpg 801w, https:\/\/visitsouthestonia.com\/community\/wp-content\/uploads\/2023\/07\/Tartumaa-teemapaevad-\u201eParitud-ellujaamiskunstid-768x1151.jpg 768w, https:\/\/visitsouthestonia.com\/community\/wp-content\/uploads\/2023\/07\/Tartumaa-teemapaevad-\u201eParitud-ellujaamiskunstid-1025x1536.jpg 1025w, https:\/\/visitsouthestonia.com\/community\/wp-content\/uploads\/2023\/07\/Tartumaa-teemapaevad-\u201eParitud-ellujaamiskunstid-1367x2048.jpg 1367w, https:\/\/visitsouthestonia.com\/community\/wp-content\/uploads\/2023\/07\/Tartumaa-teemapaevad-\u201eParitud-ellujaamiskunstid-234x350.jpg 234w, https:\/\/visitsouthestonia.com\/community\/wp-content\/uploads\/2023\/07\/Tartumaa-teemapaevad-\u201eParitud-ellujaamiskunstid-534x800.jpg 534w, https:\/\/visitsouthestonia.com\/community\/wp-content\/uploads\/2023\/07\/Tartumaa-teemapaevad-\u201eParitud-ellujaamiskunstid-170x254.jpg 170w, https:\/\/visitsouthestonia.com\/community\/wp-content\/uploads\/2023\/07\/Tartumaa-teemapaevad-\u201eParitud-ellujaamiskunstid-47x70.jpg 47w, https:\/\/visitsouthestonia.com\/community\/wp-content\/uploads\/2023\/07\/Tartumaa-teemapaevad-\u201eParitud-ellujaamiskunstid-125x188.jpg 125w, https:\/\/visitsouthestonia.com\/community\/wp-content\/uploads\/2023\/07\/Tartumaa-teemapaevad-\u201eParitud-ellujaamiskunstid-36x54.jpg 36w, https:\/\/visitsouthestonia.com\/community\/wp-content\/uploads\/2023\/07\/Tartumaa-teemapaevad-\u201eParitud-ellujaamiskunstid-247x370.jpg 247w, https:\/\/visitsouthestonia.com\/community\/wp-content\/uploads\/2023\/07\/Tartumaa-teemapaevad-\u201eParitud-ellujaamiskunstid-scaled.jpg 1709w\" sizes=\"(max-width: 801px) 100vw, 801px\" \/><figcaption class=\"wp-element-caption\">Eneli Kaasik ja Kalvo Kaasik. Foto: Terje Atonen<\/figcaption><\/figure>\n<\/div>\n<\/div>\n<\/div><\/div>\n<\/div><\/div><\/div>\n\n\n\n<div class=\"wp-block-advgb-accordions advgb-accordions-08c148a0-3579-4e8a-9743-e77a7cb68fea advgb-accordion-wrapper\" data-collapsed=\"true\">\n<div class=\"wp-block-advgb-accordion-item advgb-accordion-item\" style=\"margin-bottom:13px\"><div class=\"advgb-accordion-header\" style=\"background-color:#000;color:#eee;border-style:solid;border-width:1px;border-radius:2px\"><span class=\"advgb-accordion-header-icon\"><svg fill=\"#fff\" xmlns=\"http:\/\/www.w3.org\/2000\/svg\" width=\"24\" height=\"24\" viewBox=\"0 0 24 24\"><path opacity=\"0.87\" fill=\"none\" d=\"M24,24H0L0,0l24,0V24z\"><\/path><path d=\"M16.59,8.59L12,13.17L7.41,8.59L6,10l6,6l6-6L16.59,8.59z\"><\/path><\/svg><\/span><h3 class=\"advgb-accordion-header-title\" style=\"color:inherit\">Tartumaa s\u00fcndmused<\/h3><\/div><div class=\"advgb-accordion-body\" style=\"border-style:solid !important;border-width:1px !important;border-color:undefined !important;border-top:none !important;border-radius:2px !important\">\n<p class=\"wp-el\"><a href=\"https:\/\/visitsouthestonia.com\/community\/euroopa-kultuuripealinn-tartu-2024-louna-eesti-kogukonnaprogramm\/peipsi-toidu-tanav-175-km-2\/\" target=\"_blank\" rel=\"noreferrer noopener\">Peipsi Toidu T\u00e4nav 175 km<\/a><\/p>\n\n\n\n<p class=\"wp-el\"><a href=\"https:\/\/visitsouthestonia.com\/community\/euroopa-kultuuripealinn-tartu-2024-louna-eesti-kogukonnaprogramm\/taliteed-emajoe-suursoos\/\" target=\"_blank\" rel=\"noreferrer noopener\">Taliteed Emaj\u00f5e-Suursoos<\/a><\/p>\n\n\n\n<p class=\"wp-el\"><a href=\"https:\/\/visitsouthestonia.com\/community\/euroopa-kultuuripealinn-tartu-2024-louna-eesti-kogukonnaprogramm\/tartumaa-toidufestival-2023-ja-2024\/\" target=\"_blank\" rel=\"noreferrer noopener\">Tartumaa toidus\u00fcndmuste sari &#8220;Tirin&#8221; <\/a><\/p>\n\n\n\n<p class=\"wp-el\"><a href=\"https:\/\/visitsouthestonia.com\/community\/euroopa-kultuuripealinn-tartu-2024-louna-eesti-kogukonnaprogramm\/dokumentaalne-osaluslavastus-ellujaamiskunstid-kmomid\/\" target=\"_blank\" rel=\"noreferrer noopener\">Dokumentaalne osaluslavastus \u201eElluj\u00e4\u00e4miskunstid. KMOMID\u201c<\/a><\/p>\n\n\n\n<p class=\"wp-el\"><a href=\"https:\/\/visitsouthestonia.com\/community\/euroopa-kultuuripealinn-tartu-2024-louna-eesti-kogukonnaprogramm\/joeretkede-sari-avasta-emajogi\/\" target=\"_blank\" rel=\"noreferrer noopener\">J\u00f5eretkede sari \u201eAvasta Emaj\u00f5gi!\u201c<\/a><\/p>\n\n\n\n<p class=\"wp-el\"><a href=\"https:\/\/visitsouthestonia.com\/community\/euroopa-kultuuripealinn-tartu-2024-louna-eesti-kogukonnaprogramm\/meelterannak-looduses\/\" target=\"_blank\" rel=\"noreferrer noopener\">Meelter\u00e4nnak looduses<\/a><\/p>\n\n\n\n<p class=\"wp-el\"><a href=\"https:\/\/visitsouthestonia.com\/community\/euroopa-kultuuripealinn-tartu-2024-louna-eesti-kogukonnaprogramm\/i-kodavere-laalupido\/\" target=\"_blank\" rel=\"noreferrer noopener\">I Kodavere laalupido<\/a><\/p>\n<\/div><\/div>\n<\/div>\n\n\n\n<p class=\"wp-el\"><img decoding=\"async\" loading=\"lazy\" width=\"128\" height=\"128\" class=\"wp-image-12016\" style=\"width: 20px;\" src=\"https:\/\/visitsouthestonia.com\/community\/wp-content\/uploads\/2023\/05\/must-nool.png\" alt=\"\" srcset=\"https:\/\/visitsouthestonia.com\/community\/wp-content\/uploads\/2023\/05\/must-nool.png 128w, https:\/\/visitsouthestonia.com\/community\/wp-content\/uploads\/2023\/05\/must-nool-51x51.png 51w, https:\/\/visitsouthestonia.com\/community\/wp-content\/uploads\/2023\/05\/must-nool-70x70.png 70w, https:\/\/visitsouthestonia.com\/community\/wp-content\/uploads\/2023\/05\/must-nool-120x120.png 120w, https:\/\/visitsouthestonia.com\/community\/wp-content\/uploads\/2023\/05\/must-nool-100x100.png 100w, https:\/\/visitsouthestonia.com\/community\/wp-content\/uploads\/2023\/05\/must-nool-54x54.png 54w\" sizes=\"(max-width: 128px) 100vw, 128px\" \/> Rohkem infot <a href=\"https:\/\/visitsouthestonia.com\/community\/tartu-2024\/\">Euroopa kultuuripealinn Tartu 2024 L\u00f5una-Eesti kogukonnaprogrammist<\/a><\/p>\n<style class=\"advgb-styles-renderer\">#advgb-cols-7ed4cb98-5f90-4017-9e49-19e4b904901a{}@media screen and (max-width: 1023px) {#advgb-cols-7ed4cb98-5f90-4017-9e49-19e4b904901a{}}@media screen and (max-width: 767px) {#advgb-cols-7ed4cb98-5f90-4017-9e49-19e4b904901a{}}#advgb-col-fea15a86-fc60-4305-ac4b-c204e10ef1be>.advgb-column-inner{}@media screen and (max-width: 1023px) {#advgb-col-fea15a86-fc60-4305-ac4b-c204e10ef1be>.advgb-column-inner{}}@media screen and (max-width: 767px) {#advgb-col-fea15a86-fc60-4305-ac4b-c204e10ef1be>.advgb-column-inner{}}#advgb-col-9270a43c-90f5-44f1-9d24-fbd1f5b4cc7d>.advgb-column-inner{}@media screen and (max-width: 1023px) {#advgb-col-9270a43c-90f5-44f1-9d24-fbd1f5b4cc7d>.advgb-column-inner{}}@media screen and (max-width: 767px) {#advgb-col-9270a43c-90f5-44f1-9d24-fbd1f5b4cc7d>.advgb-column-inner{}}<\/style>","protected":false},"excerpt":{"rendered":"<p>&gt;&gt;&gt;ENG Tartumaa meistrid \u00f5petavad esivanemate elluj\u00e4\u00e4miskunste Rohkem infot Euroopa kultuuripealinn Tartu 2024 L\u00f5una-Eesti kogukonnaprogrammist<\/p>\n","protected":false},"author":211,"featured_media":0,"parent":13841,"menu_order":0,"comment_status":"closed","ping_status":"closed","template":"","meta":{"advgb_blocks_editor_width":"","advgb_blocks_columns_visual_guide":"","footnotes":"","_links_to":"","_links_to_target":""},"acf":[],"yoast_head":"<!-- This site is optimized with the Yoast SEO plugin v21.4 - https:\/\/yoast.com\/wordpress\/plugins\/seo\/ -->\n<title>Tartumaa teemap\u00e4evad \u201eP\u00e4ritud elluj\u00e4\u00e4miskunstid\u201c - visitsouthestonia<\/title>\n<meta name=\"robots\" content=\"index, follow, max-snippet:-1, max-image-preview:large, max-video-preview:-1\" \/>\n<link rel=\"canonical\" href=\"https:\/\/visitsouthestonia.com\/tartu-2024\/tartumaa-teemapaevad-paritud-ellujaamiskunstid\/\" \/>\n<meta property=\"og:locale\" content=\"et_EE\" \/>\n<meta property=\"og:type\" content=\"article\" \/>\n<meta property=\"og:title\" content=\"Tartumaa teemap\u00e4evad \u201eP\u00e4ritud elluj\u00e4\u00e4miskunstid\u201c - visitsouthestonia\" \/>\n<meta property=\"og:description\" content=\"&gt;&gt;&gt;ENG Tartumaa meistrid \u00f5petavad esivanemate elluj\u00e4\u00e4miskunste Rohkem infot Euroopa kultuuripealinn Tartu 2024 L\u00f5una-Eesti kogukonnaprogrammist\" \/>\n<meta property=\"og:url\" content=\"https:\/\/visitsouthestonia.com\/tartu-2024\/tartumaa-teemapaevad-paritud-ellujaamiskunstid\/\" \/>\n<meta property=\"og:site_name\" content=\"visitsouthestonia\" \/>\n<meta property=\"article:modified_time\" content=\"2024-05-31T07:12:19+00:00\" \/>\n<meta property=\"og:image\" content=\"https:\/\/visitsouthestonia.com\/wp-content\/uploads\/2023\/05\/Untitled-design14.png\" \/>\n<meta name=\"twitter:card\" content=\"summary_large_image\" \/>\n<meta name=\"twitter:label1\" content=\"Est. reading time\" \/>\n\t<meta name=\"twitter:data1\" content=\"3 minutit\" \/>\n<script type=\"application\/ld+json\" class=\"yoast-schema-graph\">{\"@context\":\"https:\/\/schema.org\",\"@graph\":[{\"@type\":\"WebPage\",\"@id\":\"https:\/\/visitsouthestonia.com\/tartu-2024\/tartumaa-teemapaevad-paritud-ellujaamiskunstid\/\",\"url\":\"https:\/\/visitsouthestonia.com\/tartu-2024\/tartumaa-teemapaevad-paritud-ellujaamiskunstid\/\",\"name\":\"Tartumaa teemap\u00e4evad \u201eP\u00e4ritud elluj\u00e4\u00e4miskunstid\u201c - visitsouthestonia\",\"isPartOf\":{\"@id\":\"https:\/\/visitsouthestonia.com\/community\/#website\"},\"datePublished\":\"2023-07-21T12:23:34+00:00\",\"dateModified\":\"2024-05-31T07:12:19+00:00\",\"breadcrumb\":{\"@id\":\"https:\/\/visitsouthestonia.com\/tartu-2024\/tartumaa-teemapaevad-paritud-ellujaamiskunstid\/#breadcrumb\"},\"inLanguage\":\"et\",\"potentialAction\":[{\"@type\":\"ReadAction\",\"target\":[\"https:\/\/visitsouthestonia.com\/tartu-2024\/tartumaa-teemapaevad-paritud-ellujaamiskunstid\/\"]}]},{\"@type\":\"BreadcrumbList\",\"@id\":\"https:\/\/visitsouthestonia.com\/tartu-2024\/tartumaa-teemapaevad-paritud-ellujaamiskunstid\/#breadcrumb\",\"itemListElement\":[{\"@type\":\"ListItem\",\"position\":1,\"name\":\"Tartu 2024 L\u00f5una-Eesti kogukonnaprogramm\",\"item\":\"https:\/\/visitsouthestonia.com\/tartu-2024\/\"},{\"@type\":\"ListItem\",\"position\":2,\"name\":\"Tartumaa teemap\u00e4evad \u201eP\u00e4ritud elluj\u00e4\u00e4miskunstid\u201c\"}]},{\"@type\":\"WebSite\",\"@id\":\"https:\/\/visitsouthestonia.com\/community\/#website\",\"url\":\"https:\/\/visitsouthestonia.com\/community\/\",\"name\":\"visitsouthestonia\",\"description\":\"Parim puhkus veeda L\u00f5una-Eestis!\",\"potentialAction\":[{\"@type\":\"SearchAction\",\"target\":{\"@type\":\"EntryPoint\",\"urlTemplate\":\"https:\/\/visitsouthestonia.com\/community\/?s={search_term_string}\"},\"query-input\":\"required name=search_term_string\"}],\"inLanguage\":\"et\"}]}<\/script>\n<!-- \/ Yoast SEO plugin. -->","yoast_head_json":{"title":"Tartumaa teemap\u00e4evad \u201eP\u00e4ritud elluj\u00e4\u00e4miskunstid\u201c - visitsouthestonia","robots":{"index":"index","follow":"follow","max-snippet":"max-snippet:-1","max-image-preview":"max-image-preview:large","max-video-preview":"max-video-preview:-1"},"canonical":"https:\/\/visitsouthestonia.com\/tartu-2024\/tartumaa-teemapaevad-paritud-ellujaamiskunstid\/","og_locale":"et_EE","og_type":"article","og_title":"Tartumaa teemap\u00e4evad \u201eP\u00e4ritud elluj\u00e4\u00e4miskunstid\u201c - visitsouthestonia","og_description":"&gt;&gt;&gt;ENG Tartumaa meistrid \u00f5petavad esivanemate elluj\u00e4\u00e4miskunste Rohkem infot Euroopa kultuuripealinn Tartu 2024 L\u00f5una-Eesti kogukonnaprogrammist","og_url":"https:\/\/visitsouthestonia.com\/tartu-2024\/tartumaa-teemapaevad-paritud-ellujaamiskunstid\/","og_site_name":"visitsouthestonia","article_modified_time":"2024-05-31T07:12:19+00:00","og_image":[{"url":"https:\/\/visitsouthestonia.com\/wp-content\/uploads\/2023\/05\/Untitled-design14.png"}],"twitter_card":"summary_large_image","twitter_misc":{"Est. reading time":"3 minutit"},"schema":{"@context":"https:\/\/schema.org","@graph":[{"@type":"WebPage","@id":"https:\/\/visitsouthestonia.com\/tartu-2024\/tartumaa-teemapaevad-paritud-ellujaamiskunstid\/","url":"https:\/\/visitsouthestonia.com\/tartu-2024\/tartumaa-teemapaevad-paritud-ellujaamiskunstid\/","name":"Tartumaa teemap\u00e4evad \u201eP\u00e4ritud elluj\u00e4\u00e4miskunstid\u201c - visitsouthestonia","isPartOf":{"@id":"https:\/\/visitsouthestonia.com\/community\/#website"},"datePublished":"2023-07-21T12:23:34+00:00","dateModified":"2024-05-31T07:12:19+00:00","breadcrumb":{"@id":"https:\/\/visitsouthestonia.com\/tartu-2024\/tartumaa-teemapaevad-paritud-ellujaamiskunstid\/#breadcrumb"},"inLanguage":"et","potentialAction":[{"@type":"ReadAction","target":["https:\/\/visitsouthestonia.com\/tartu-2024\/tartumaa-teemapaevad-paritud-ellujaamiskunstid\/"]}]},{"@type":"BreadcrumbList","@id":"https:\/\/visitsouthestonia.com\/tartu-2024\/tartumaa-teemapaevad-paritud-ellujaamiskunstid\/#breadcrumb","itemListElement":[{"@type":"ListItem","position":1,"name":"Tartu 2024 L\u00f5una-Eesti kogukonnaprogramm","item":"https:\/\/visitsouthestonia.com\/tartu-2024\/"},{"@type":"ListItem","position":2,"name":"Tartumaa teemap\u00e4evad \u201eP\u00e4ritud elluj\u00e4\u00e4miskunstid\u201c"}]},{"@type":"WebSite","@id":"https:\/\/visitsouthestonia.com\/community\/#website","url":"https:\/\/visitsouthestonia.com\/community\/","name":"visitsouthestonia","description":"Parim puhkus veeda L\u00f5una-Eestis!","potentialAction":[{"@type":"SearchAction","target":{"@type":"EntryPoint","urlTemplate":"https:\/\/visitsouthestonia.com\/community\/?s={search_term_string}"},"query-input":"required name=search_term_string"}],"inLanguage":"et"}]}},"coauthors":[],"author_meta":{"author_link":"https:\/\/visitsouthestonia.com\/community\/author\/kaisa-timmi\/","display_name":"Meeri"},"relative_dates":{"created":"Posted 3 aastat ago","modified":"Updated 2 aastat ago"},"absolute_dates":{"created":"Posted on 21. juuli 2023","modified":"Updated on 31. mai 2024"},"absolute_dates_time":{"created":"Posted on 21. juuli 2023 03:23","modified":"Updated on 31. mai 2024 10:12"},"featured_img_caption":"","featured_img":false,"series_order":"","_links":{"self":[{"href":"https:\/\/visitsouthestonia.com\/community\/wp-json\/wp\/v2\/pages\/13722"}],"collection":[{"href":"https:\/\/visitsouthestonia.com\/community\/wp-json\/wp\/v2\/pages"}],"about":[{"href":"https:\/\/visitsouthestonia.com\/community\/wp-json\/wp\/v2\/types\/page"}],"author":[{"embeddable":true,"href":"https:\/\/visitsouthestonia.com\/community\/wp-json\/wp\/v2\/users\/211"}],"replies":[{"embeddable":true,"href":"https:\/\/visitsouthestonia.com\/community\/wp-json\/wp\/v2\/comments?post=13722"}],"version-history":[{"count":20,"href":"https:\/\/visitsouthestonia.com\/community\/wp-json\/wp\/v2\/pages\/13722\/revisions"}],"predecessor-version":[{"id":20660,"href":"https:\/\/visitsouthestonia.com\/community\/wp-json\/wp\/v2\/pages\/13722\/revisions\/20660"}],"up":[{"embeddable":true,"href":"https:\/\/visitsouthestonia.com\/community\/wp-json\/wp\/v2\/pages\/13841"}],"wp:attachment":[{"href":"https:\/\/visitsouthestonia.com\/community\/wp-json\/wp\/v2\/media?parent=13722"}],"curies":[{"name":"wp","href":"https:\/\/api.w.org\/{rel}","templated":true}]}}