{"id":13606,"date":"2023-07-17T10:15:21","date_gmt":"2023-07-17T07:15:21","guid":{"rendered":"https:\/\/visitsouthestonia.com\/community\/?page_id=13606"},"modified":"2023-09-04T15:06:28","modified_gmt":"2023-09-04T12:06:28","slug":"louna-eesti-kogukonnaprogrammi-raames-algab-tartumaa-toidusudmuste-sari-tirin","status":"publish","type":"page","link":"https:\/\/visitsouthestonia.com\/community\/tartu-2024\/uudised\/louna-eesti-kogukonnaprogrammi-raames-algab-tartumaa-toidusudmuste-sari-tirin\/","title":{"rendered":"L\u00f5una-Eesti kogukonnaprogrammi raames algab Tartumaa toidus\u00fcndmuste sari &#8220;Tirin&#8221;"},"content":{"rendered":"\n<h1 class=\"wp-block-heading wp-el\">L\u00f5una-Eesti kogukonnaprogrammi raames algab \u00c4ksi (eel)arvamusfestivaliga Tartumaa toidus\u00fcndmuste sari \u201eTirin\u201c<\/h1>\n\n\n\n<p class=\"wp-el\">17.07.2022<\/p>\n\n\n\n<p class=\"wp-el\"><strong>Euroopa kultuuripealinn Tartu 2024 p\u00f5hiprogrammi kuuluva L\u00f5una-Eesti kogukonnaprogrammi raames algab sel n\u00e4dalal Tartumaa toidus\u00fcndmuste sari \u201eTirin\u201c, mille esimene s\u00fcndmus, toidu ja keskkonna teemaline \u00c4ksi (eel)arvamusfestival, leiab aset laup\u00e4eval, 22. juulil J\u00e4\u00e4aja Keskuses.<\/strong><\/p>\n\n\n\n<p class=\"wp-el\">Tartumaa Arendusseltsi tegevjuht ja L\u00f5una-Eesti kogukonnaprogrammi koordinaator <strong>Kristiina Tammets<\/strong> \u00fctles, et toidu temaatika haakub h\u00e4sti kultuuripealinna Tartu 2024 elluj\u00e4\u00e4mise kunstide kontseptsiooniga. \u201eKaheaastase toidus\u00fcndmuste sarjaga tugevdame Tartumaa toiduv\u00f5rgustikku, eesm\u00e4rgiga v\u00e4\u00e4rtustada veelgi enam kohalikku toorainet, toitu ja traditsioone,\u201c lausus Tammets. Ta lisas, et toidus\u00fcndmuste sari kaasab erinevaid osapooli ning tutvustab Tartumaa toiduvaldkonna parimaid praktikaid, kuid keskendub ka koolitoidule, toiduteadlikkusele ja \u00fchisturundusele, samuti toidujulgeolekule.<\/p>\n\n\n\n<p class=\"wp-el\">Tartumaa toiduv\u00f5rgustiku koordinaator <strong>Katri Kuusk<\/strong> r\u00e4\u00e4kis, et toidus\u00fcndmuste sarja \u201eTirin\u201c programm sisaldab 26 eriilmelist s\u00fcndmust, mis on suunatud erinevatele sihtr\u00fchmadele. \u201eTegevust jagub nii lastele, eakatele, peredele kui ka professionaalidele, sest s\u00fcndmusi leidub igale maitsele: on nii koolitusi kui ka kohvikutep\u00e4evi, laatasid ja maitsev\u00e4ljas\u00f5ite&nbsp;ja palju muud,\u201c selgitas ta. Selle aasta juulist j\u00e4rgmise aasta l\u00f5puni v\u00e4ltava Tartumaa toidus\u00fcndmuste sarja t\u00e4psema \u00fclevaate ja kogu programmi leiab veebist aadressil <a href=\"https:\/\/www.tartumaa.ee\/tirin\">https:\/\/www.tartumaa.ee\/tirin<\/a><\/p>\n\n\n\n<p class=\"wp-el\"><strong>\u00c4ksi (eel)arvamusfestival, <\/strong>mis avab Tartumaa toidus\u00fcndmuste sarja \u201eTirin\u201c sel laup\u00e4eval, 22. juulil J\u00e4\u00e4aja Keskuses, keskendub teemale toit ja keskkond. K\u00f5ik huvilised on oodatud arutlema s\u00e4\u00e4stva ja keskkonnahoidliku toidu kasvatamise, s\u00f6\u00f6mise, hoiustamise ja ka pakendamise teemal. Lisaks huvitavatele aruteludel toimuvad mitmed t\u00f6\u00f6toad, samuti esitletakse \u00c4ksi retseptiraamatut. S\u00fcndmus on tasuta. \u00c4ksi (eel)arvamusfestivali kava leiab siit: <a href=\"https:\/\/jaaaeg.ee\/aksi-eel-arvamusfestivalaksi-eel-arvamusfestival\/\">https:\/\/jaaaeg.ee\/aksi-eel-arvamusfestivalaksi-eel-arvamusfestival\/<\/a><\/p>\n\n\n\n<p class=\"wp-el\"><strong>L\u00f5una-Eesti kogukonnaprogrammi<\/strong> raames korraldatakse 2023.<em> <\/em>ja2024. aastal \u00fchtekokku 20 projekti mitmek\u00fcmne v\u00e4\u00e4rtusp\u00f5hise s\u00fcndmusega, mis kutsuvad osalema k\u00fclastajaid Eestist, Euroopast ja mujalt maailmast. Kogukonnaprogrammi eesm\u00e4rk on anda hoogu omavahelisele koost\u00f6\u00f6le ja tugevdada L\u00f5una-Eesti identiteeti. Euroopa kultuuripealinn Tartu 2024 p\u00f5hiprogrammi osana aitab kogukonnaprogramm tutvustada kogu piirkonda just nende v\u00e4\u00e4rtuste p\u00f5hjal, mis on olulised kohalikele inimestele ja kogukondadele. K\u00f5ik valitud s\u00fcndmused aitavad esile t\u00f5sta L\u00f5una-Eesti v\u00e4\u00e4rtusi \u2013 puhast loodust, mitmek\u00fclgset kultuurip\u00e4randit<em>, <\/em>kohalikku toitu ja k\u00e4sit\u00f6\u00f6d, tervislikku eluviisi, j\u00e4tkusuutlikke ja innovaatilisi lahendusi ning aktiivseid ja eluj\u00f5ulisi kogukondi.<\/p>\n\n\n\n<p class=\"wp-el\"><strong>Kogukonnas\u00fcndmused, <\/strong>mis kuuluvad avatud taotlusvooru tulemusena L\u00f5una-Eesti kogukonnaprogrammi, on j\u00e4rgmised: j\u00f5eretkede sari \u201eAvasta Emaj\u00f5gi!\u201c, Tartumaa toidus\u00fcndmuste sari \u201eTirin\u201c, kogukonnaetendus \u201eLeevaku kullakaevur\u201c, \u201eSeto kostip\u00e4iv\u00e4 aastaring\u201c, kogukonnafestival \u201eMina tean, kust tuleb minu toit\u201d, R\u00f5uge projekt \u201eSanna!\u201c, ruumiloomekonverents \u201eLoo v\u00f5i loobu!\u201c, \u201eTaliteed Emaj\u00f5e-Suursoos\u201c, maaliliste maastike j\u00e4\u00e4dvustamise matkasari Otep\u00e4\u00e4l, \u201eMeelter\u00e4nnak looduses\u201c, I Kodavere laalupido, dokumentaalne osaluslavastus \u201eElluj\u00e4\u00e4miskunstid. KMOMID\u201c, Seto tantsupidu \u201eKad\u00b4ah kavv\u00f5k\u00f5\u00b4\u201c, Navi k\u00fcla kogukonnafestival, teemap\u00e4evad \u201eKohalikud traditsioonid kui elluj\u00e4\u00e4misv\u00f5imalus\u201c, roosifestival Kaagj\u00e4rvel, Peipsi Toidu T\u00e4nav 175 km, Kagu-Eesti inspiratsioonifestival \u201eLoovus loob lootust!\u201c, \u201eAvastamata Antsla aarded \u2013 j\u00e4rved\u201c, linnaruumilavastus \u201eL\u00e4bi linna: Valga+Valka\u201c. Vt <a href=\"http:\/\/www.visitsouthestonia.com\/community\/tartu-2024\/\">www.visitsouthestonia.com\/community\/tartu-2024\/<\/a><\/p>\n\n\n\n<p class=\"wp-el\"><strong>Euroopa kultuuripealinn Tartu 2024 <\/strong>p\u00f5hiprogrammi kuuluv L\u00f5una-Eesti kogukonnaprogramm kasvas v\u00e4lja 2013. aastal L\u00f5una-Eesti LEADER-tegevusgruppide k\u00e4ima l\u00fckatud kollaste akende projektist \u201eElu kahe maailma piiril\u201c. L\u00f5una-Eesti kogukonnaprogrammi viivad ellu LEADER-tegevusgrupid Tartumaa Arendusselts, Valgamaa Partnerluskogu, V\u00f5rumaa Partnerluskogu ja Piiriveere Liider ning koost\u00f6\u00f6partneritena l\u00f6\u00f6vad kaasa Tartu, Elva, V\u00f5ru ja Valga linn. S\u00fcndmusi toetatakse LEADER-meetmest ning SA Tartu 2024 poolt L\u00f5una-Eesti kogukonnaprogrammile eraldatud eelarvest. Kogukonnaprogrammi tegemistesse on partnerina kaasatud teinegi Euroopa kultuuripealinn Tartu 2024 projekt Tartu Maailma\u00fclikool.<br><\/p>\n\n\n\n<p class=\"wp-el\">Lisainformatsioon:<\/p>\n\n\n\n<p class=\"wp-el\"><a href=\"http:\/\/www.visitsouthestonia.com\/community\/tartu-2024\/\">www.visitsouthestonia.com\/community\/tartu-2024\/<\/a><br><a href=\"https:\/\/tartu2024.ee\/kogukonnaprogramm\">tartu2024.ee\/kogukonnaprogramm<\/a><\/p>\n\n\n\n<p class=\"wp-el\"><strong>Kristiina Tammets<\/strong>, Tartumaa Arendusseltsi tegevjuht ja L\u00f5una-Eesti kogukonnaprogrammi koordinaator,<br>telefon +372 5340 9873, e-post <a href=\"mailto:kristiina@tas.ee\">kristiina@tas.ee<\/a><\/p>\n\n\n\n<p class=\"wp-el\"><strong>Katri Kuusk<\/strong>, Tartumaa toiduv\u00f5rgustiku koordinaator,<br>telefon +372 5358 4035, e-post <a href=\"mailto:katri@tas.ee\">katri@tas.ee<\/a><strong><\/strong><\/p>\n\n\n\n<p class=\"wp-el\"><\/p>\n\n\n\n<p class=\"wp-el\"><\/p>\n\n\n\n<figure class=\"wp-block-image size-large is-resized\"><img decoding=\"async\" loading=\"lazy\" src=\"https:\/\/visitsouthestonia.com\/community\/wp-content\/uploads\/2023\/05\/Tartu24Leader-logo-horisontaalne-est-must-1200x524.jpg\" alt=\"\" class=\"wp-image-12363\" style=\"width:300px;height:131px\" width=\"300\" height=\"131\" srcset=\"https:\/\/visitsouthestonia.com\/community\/wp-content\/uploads\/2023\/05\/Tartu24Leader-logo-horisontaalne-est-must-1200x524.jpg 1200w, https:\/\/visitsouthestonia.com\/community\/wp-content\/uploads\/2023\/05\/Tartu24Leader-logo-horisontaalne-est-must-768x335.jpg 768w, https:\/\/visitsouthestonia.com\/community\/wp-content\/uploads\/2023\/05\/Tartu24Leader-logo-horisontaalne-est-must-350x153.jpg 350w, https:\/\/visitsouthestonia.com\/community\/wp-content\/uploads\/2023\/05\/Tartu24Leader-logo-horisontaalne-est-must-1100x480.jpg 1100w, https:\/\/visitsouthestonia.com\/community\/wp-content\/uploads\/2023\/05\/Tartu24Leader-logo-horisontaalne-est-must-230x100.jpg 230w, https:\/\/visitsouthestonia.com\/community\/wp-content\/uploads\/2023\/05\/Tartu24Leader-logo-horisontaalne-est-must-160x70.jpg 160w, https:\/\/visitsouthestonia.com\/community\/wp-content\/uploads\/2023\/05\/Tartu24Leader-logo-horisontaalne-est-must-188x82.jpg 188w, https:\/\/visitsouthestonia.com\/community\/wp-content\/uploads\/2023\/05\/Tartu24Leader-logo-horisontaalne-est-must-124x54.jpg 124w, https:\/\/visitsouthestonia.com\/community\/wp-content\/uploads\/2023\/05\/Tartu24Leader-logo-horisontaalne-est-must-370x161.jpg 370w, https:\/\/visitsouthestonia.com\/community\/wp-content\/uploads\/2023\/05\/Tartu24Leader-logo-horisontaalne-est-must.jpg 1334w\" sizes=\"(max-width: 300px) 100vw, 300px\" \/><figcaption class=\"wp-element-caption\">image description<\/figcaption><\/figure>\n\n\n\n<p class=\"wp-el\"><img decoding=\"async\" loading=\"lazy\" width=\"128\" height=\"128\" class=\"wp-image-12016\" style=\"width: 20px;\" src=\"https:\/\/visitsouthestonia.com\/community\/wp-content\/uploads\/2023\/05\/must-nool.png\" alt=\"\" srcset=\"https:\/\/visitsouthestonia.com\/community\/wp-content\/uploads\/2023\/05\/must-nool.png 128w, https:\/\/visitsouthestonia.com\/community\/wp-content\/uploads\/2023\/05\/must-nool-51x51.png 51w, https:\/\/visitsouthestonia.com\/community\/wp-content\/uploads\/2023\/05\/must-nool-70x70.png 70w, https:\/\/visitsouthestonia.com\/community\/wp-content\/uploads\/2023\/05\/must-nool-120x120.png 120w, https:\/\/visitsouthestonia.com\/community\/wp-content\/uploads\/2023\/05\/must-nool-100x100.png 100w, https:\/\/visitsouthestonia.com\/community\/wp-content\/uploads\/2023\/05\/must-nool-54x54.png 54w\" sizes=\"(max-width: 128px) 100vw, 128px\" \/> Rohkem infot <a href=\"https:\/\/visitsouthestonia.com\/community\/tartu-2024\/\">Euroopa kultuuripealinn Tartu 2024 L\u00f5una-Eesti kogukonnaprogrammist<\/a><\/p>\n","protected":false},"excerpt":{"rendered":"<p>L\u00f5una-Eesti kogukonnaprogrammi raames algab \u00c4ksi (eel)arvamusfestivaliga Tartumaa toidus\u00fcndmuste sari \u201eTirin\u201c 17.07.2022 Euroopa kultuuripealinn Tartu 2024 p\u00f5hiprogrammi kuuluva L\u00f5una-Eesti kogukonnaprogrammi raames&#8230;<\/p>\n","protected":false},"author":211,"featured_media":0,"parent":12304,"menu_order":1,"comment_status":"closed","ping_status":"closed","template":"","meta":{"advgb_blocks_editor_width":"","advgb_blocks_columns_visual_guide":"","footnotes":"","_links_to":"","_links_to_target":""},"acf":[],"yoast_head":"<!-- This site is optimized with the Yoast SEO plugin v21.4 - https:\/\/yoast.com\/wordpress\/plugins\/seo\/ -->\n<title>L\u00f5una-Eesti kogukonnaprogrammi raames algab Tartumaa toidus\u00fcndmuste sari &quot;Tirin&quot; - visitsouthestonia<\/title>\n<meta name=\"robots\" content=\"index, follow, max-snippet:-1, max-image-preview:large, max-video-preview:-1\" \/>\n<link rel=\"canonical\" href=\"https:\/\/visitsouthestonia.com\/tartu-2024\/uudised\/louna-eesti-kogukonnaprogrammi-raames-algab-tartumaa-toidusudmuste-sari-tirin\/\" \/>\n<meta property=\"og:locale\" content=\"et_EE\" \/>\n<meta property=\"og:type\" content=\"article\" \/>\n<meta property=\"og:title\" content=\"L\u00f5una-Eesti kogukonnaprogrammi raames algab Tartumaa toidus\u00fcndmuste sari &quot;Tirin&quot; - visitsouthestonia\" \/>\n<meta property=\"og:description\" content=\"L\u00f5una-Eesti kogukonnaprogrammi raames algab \u00c4ksi (eel)arvamusfestivaliga Tartumaa toidus\u00fcndmuste sari \u201eTirin\u201c 17.07.2022 Euroopa kultuuripealinn Tartu 2024 p\u00f5hiprogrammi kuuluva L\u00f5una-Eesti kogukonnaprogrammi raames...\" \/>\n<meta property=\"og:url\" content=\"https:\/\/visitsouthestonia.com\/tartu-2024\/uudised\/louna-eesti-kogukonnaprogrammi-raames-algab-tartumaa-toidusudmuste-sari-tirin\/\" \/>\n<meta property=\"og:site_name\" content=\"visitsouthestonia\" \/>\n<meta property=\"article:modified_time\" content=\"2023-09-04T12:06:28+00:00\" \/>\n<meta property=\"og:image\" content=\"https:\/\/visitsouthestonia.com\/wp-content\/uploads\/2023\/05\/Tartu24Leader-logo-horisontaalne-est-must-1200x524.jpg\" \/>\n<meta name=\"twitter:card\" content=\"summary_large_image\" \/>\n<meta name=\"twitter:label1\" content=\"Est. reading time\" \/>\n\t<meta name=\"twitter:data1\" content=\"4 minutit\" \/>\n<script type=\"application\/ld+json\" class=\"yoast-schema-graph\">{\"@context\":\"https:\/\/schema.org\",\"@graph\":[{\"@type\":\"WebPage\",\"@id\":\"https:\/\/visitsouthestonia.com\/tartu-2024\/uudised\/louna-eesti-kogukonnaprogrammi-raames-algab-tartumaa-toidusudmuste-sari-tirin\/\",\"url\":\"https:\/\/visitsouthestonia.com\/tartu-2024\/uudised\/louna-eesti-kogukonnaprogrammi-raames-algab-tartumaa-toidusudmuste-sari-tirin\/\",\"name\":\"L\u00f5una-Eesti kogukonnaprogrammi raames algab Tartumaa toidus\u00fcndmuste sari \\\"Tirin\\\" - visitsouthestonia\",\"isPartOf\":{\"@id\":\"https:\/\/visitsouthestonia.com\/community\/#website\"},\"datePublished\":\"2023-07-17T07:15:21+00:00\",\"dateModified\":\"2023-09-04T12:06:28+00:00\",\"breadcrumb\":{\"@id\":\"https:\/\/visitsouthestonia.com\/tartu-2024\/uudised\/louna-eesti-kogukonnaprogrammi-raames-algab-tartumaa-toidusudmuste-sari-tirin\/#breadcrumb\"},\"inLanguage\":\"et\",\"potentialAction\":[{\"@type\":\"ReadAction\",\"target\":[\"https:\/\/visitsouthestonia.com\/tartu-2024\/uudised\/louna-eesti-kogukonnaprogrammi-raames-algab-tartumaa-toidusudmuste-sari-tirin\/\"]}]},{\"@type\":\"BreadcrumbList\",\"@id\":\"https:\/\/visitsouthestonia.com\/tartu-2024\/uudised\/louna-eesti-kogukonnaprogrammi-raames-algab-tartumaa-toidusudmuste-sari-tirin\/#breadcrumb\",\"itemListElement\":[{\"@type\":\"ListItem\",\"position\":1,\"name\":\"Tartu 2024 L\u00f5una-Eesti kogukonnaprogramm\",\"item\":\"https:\/\/visitsouthestonia.com\/tartu-2024\/\"},{\"@type\":\"ListItem\",\"position\":2,\"name\":\"Tartu 2024 kogukonnaprogrammi uudised\",\"item\":\"https:\/\/visitsouthestonia.com\/tartu-2024\/uudised\/\"},{\"@type\":\"ListItem\",\"position\":3,\"name\":\"L\u00f5una-Eesti kogukonnaprogrammi raames algab Tartumaa toidus\u00fcndmuste sari &#8220;Tirin&#8221;\"}]},{\"@type\":\"WebSite\",\"@id\":\"https:\/\/visitsouthestonia.com\/community\/#website\",\"url\":\"https:\/\/visitsouthestonia.com\/community\/\",\"name\":\"visitsouthestonia\",\"description\":\"Parim puhkus veeda L\u00f5una-Eestis!\",\"potentialAction\":[{\"@type\":\"SearchAction\",\"target\":{\"@type\":\"EntryPoint\",\"urlTemplate\":\"https:\/\/visitsouthestonia.com\/community\/?s={search_term_string}\"},\"query-input\":\"required name=search_term_string\"}],\"inLanguage\":\"et\"}]}<\/script>\n<!-- \/ Yoast SEO plugin. -->","yoast_head_json":{"title":"L\u00f5una-Eesti kogukonnaprogrammi raames algab Tartumaa toidus\u00fcndmuste sari \"Tirin\" - visitsouthestonia","robots":{"index":"index","follow":"follow","max-snippet":"max-snippet:-1","max-image-preview":"max-image-preview:large","max-video-preview":"max-video-preview:-1"},"canonical":"https:\/\/visitsouthestonia.com\/tartu-2024\/uudised\/louna-eesti-kogukonnaprogrammi-raames-algab-tartumaa-toidusudmuste-sari-tirin\/","og_locale":"et_EE","og_type":"article","og_title":"L\u00f5una-Eesti kogukonnaprogrammi raames algab Tartumaa toidus\u00fcndmuste sari \"Tirin\" - visitsouthestonia","og_description":"L\u00f5una-Eesti kogukonnaprogrammi raames algab \u00c4ksi (eel)arvamusfestivaliga Tartumaa toidus\u00fcndmuste sari \u201eTirin\u201c 17.07.2022 Euroopa kultuuripealinn Tartu 2024 p\u00f5hiprogrammi kuuluva L\u00f5una-Eesti kogukonnaprogrammi raames...","og_url":"https:\/\/visitsouthestonia.com\/tartu-2024\/uudised\/louna-eesti-kogukonnaprogrammi-raames-algab-tartumaa-toidusudmuste-sari-tirin\/","og_site_name":"visitsouthestonia","article_modified_time":"2023-09-04T12:06:28+00:00","og_image":[{"url":"https:\/\/visitsouthestonia.com\/wp-content\/uploads\/2023\/05\/Tartu24Leader-logo-horisontaalne-est-must-1200x524.jpg"}],"twitter_card":"summary_large_image","twitter_misc":{"Est. reading time":"4 minutit"},"schema":{"@context":"https:\/\/schema.org","@graph":[{"@type":"WebPage","@id":"https:\/\/visitsouthestonia.com\/tartu-2024\/uudised\/louna-eesti-kogukonnaprogrammi-raames-algab-tartumaa-toidusudmuste-sari-tirin\/","url":"https:\/\/visitsouthestonia.com\/tartu-2024\/uudised\/louna-eesti-kogukonnaprogrammi-raames-algab-tartumaa-toidusudmuste-sari-tirin\/","name":"L\u00f5una-Eesti kogukonnaprogrammi raames algab Tartumaa toidus\u00fcndmuste sari \"Tirin\" - visitsouthestonia","isPartOf":{"@id":"https:\/\/visitsouthestonia.com\/community\/#website"},"datePublished":"2023-07-17T07:15:21+00:00","dateModified":"2023-09-04T12:06:28+00:00","breadcrumb":{"@id":"https:\/\/visitsouthestonia.com\/tartu-2024\/uudised\/louna-eesti-kogukonnaprogrammi-raames-algab-tartumaa-toidusudmuste-sari-tirin\/#breadcrumb"},"inLanguage":"et","potentialAction":[{"@type":"ReadAction","target":["https:\/\/visitsouthestonia.com\/tartu-2024\/uudised\/louna-eesti-kogukonnaprogrammi-raames-algab-tartumaa-toidusudmuste-sari-tirin\/"]}]},{"@type":"BreadcrumbList","@id":"https:\/\/visitsouthestonia.com\/tartu-2024\/uudised\/louna-eesti-kogukonnaprogrammi-raames-algab-tartumaa-toidusudmuste-sari-tirin\/#breadcrumb","itemListElement":[{"@type":"ListItem","position":1,"name":"Tartu 2024 L\u00f5una-Eesti kogukonnaprogramm","item":"https:\/\/visitsouthestonia.com\/tartu-2024\/"},{"@type":"ListItem","position":2,"name":"Tartu 2024 kogukonnaprogrammi uudised","item":"https:\/\/visitsouthestonia.com\/tartu-2024\/uudised\/"},{"@type":"ListItem","position":3,"name":"L\u00f5una-Eesti kogukonnaprogrammi raames algab Tartumaa toidus\u00fcndmuste sari &#8220;Tirin&#8221;"}]},{"@type":"WebSite","@id":"https:\/\/visitsouthestonia.com\/community\/#website","url":"https:\/\/visitsouthestonia.com\/community\/","name":"visitsouthestonia","description":"Parim puhkus veeda L\u00f5una-Eestis!","potentialAction":[{"@type":"SearchAction","target":{"@type":"EntryPoint","urlTemplate":"https:\/\/visitsouthestonia.com\/community\/?s={search_term_string}"},"query-input":"required name=search_term_string"}],"inLanguage":"et"}]}},"coauthors":[],"author_meta":{"author_link":"https:\/\/visitsouthestonia.com\/community\/author\/kaisa-timmi\/","display_name":"Meeri"},"relative_dates":{"created":"Posted 3 aastat ago","modified":"Updated 3 aastat ago"},"absolute_dates":{"created":"Posted on 17. juuli 2023","modified":"Updated on 4. sept. 2023"},"absolute_dates_time":{"created":"Posted on 17. juuli 2023 10:15","modified":"Updated on 4. sept. 2023 03:06"},"featured_img_caption":"","featured_img":false,"series_order":"","_links":{"self":[{"href":"https:\/\/visitsouthestonia.com\/community\/wp-json\/wp\/v2\/pages\/13606"}],"collection":[{"href":"https:\/\/visitsouthestonia.com\/community\/wp-json\/wp\/v2\/pages"}],"about":[{"href":"https:\/\/visitsouthestonia.com\/community\/wp-json\/wp\/v2\/types\/page"}],"author":[{"embeddable":true,"href":"https:\/\/visitsouthestonia.com\/community\/wp-json\/wp\/v2\/users\/211"}],"replies":[{"embeddable":true,"href":"https:\/\/visitsouthestonia.com\/community\/wp-json\/wp\/v2\/comments?post=13606"}],"version-history":[{"count":4,"href":"https:\/\/visitsouthestonia.com\/community\/wp-json\/wp\/v2\/pages\/13606\/revisions"}],"predecessor-version":[{"id":14246,"href":"https:\/\/visitsouthestonia.com\/community\/wp-json\/wp\/v2\/pages\/13606\/revisions\/14246"}],"up":[{"embeddable":true,"href":"https:\/\/visitsouthestonia.com\/community\/wp-json\/wp\/v2\/pages\/12304"}],"wp:attachment":[{"href":"https:\/\/visitsouthestonia.com\/community\/wp-json\/wp\/v2\/media?parent=13606"}],"curies":[{"name":"wp","href":"https:\/\/api.w.org\/{rel}","templated":true}]}}