{"id":13290,"date":"2023-07-04T14:17:38","date_gmt":"2023-07-04T11:17:38","guid":{"rendered":"https:\/\/visitsouthestonia.com\/community\/?page_id=13290"},"modified":"2023-09-04T15:07:13","modified_gmt":"2023-09-04T12:07:13","slug":"lodjakojas-kogukonnasundmuseid","status":"publish","type":"page","link":"https:\/\/visitsouthestonia.com\/community\/tartu-2024\/uudised\/lodjakojas-kogukonnasundmuseid\/","title":{"rendered":"L\u00f5una-Eesti kogukonnaprogramm tutvustab Lodjakojas kogukonnas\u00fcndmuseid"},"content":{"rendered":"\n<h1 class=\"wp-block-heading wp-el\">L\u00f5una-Eesti kogukonnaprogramm tutvustab Lodjakojas kogukonnas\u00fcndmuseid, mis l\u00fckkavad kultuuripealinnale juba sel suvel hoo sisse<\/h1>\n\n\n\n<p class=\"wp-el\">4.07.2023<\/p>\n\n\n\n<p class=\"wp-el\"><strong>Euroopa kultuuripealinn Tartu 2024 p\u00f5hiprogrammi kuuluv L\u00f5una-Eesti kogukonnaprogramm tutvustab kolmap\u00e4eval Lodjakojas t\u00e4navusi s\u00fcndmusi, mis l\u00fckkavad juba sel suvel kultuuripealinnale hoo sisse. Kogukonnalavastus, j\u00f5eretked, toidufestivalid, saunap\u00e4evad, loomekonverentsid ja muud s\u00fcndmused moodustavad eriilmelise programmi, mis kulmineerub 2024. aastal mitmek\u00fcmne p\u00f5neva kogukonnas\u00fcndmusega \u00fcle L\u00f5una-Eesti.<\/strong><\/p>\n\n\n\n<p class=\"wp-el\">Tartumaa Arendusseltsi tegevjuht ja L\u00f5una-Eesti kogukonnaprogrammi koordinaator <strong>Kristiina Tammets<\/strong> \u00fctles, et Euroopa kultuuripealinn Tartu 2024 ei ole enam m\u00e4gede taga, vaid peibutab juba sel suvel m\u00e4gede ja orgude vahelt. \u201eKuna kogukonnas\u00fcndmuseid leidub igale maitsele ja k\u00f5ige erinevamate huvidega inimestele, ning s\u00fcndmuste korralduse taga seisavad kohalikud aktiivsed eestvedajad ja kogukonnad, v\u00f5ib kindlalt \u00f6elda, et k\u00f5ik meie s\u00fcndmused on omalaadsed p\u00e4rlid,\u201c r\u00e4\u00e4kis Tammets.<\/p>\n\n\n\n<div class=\"wp-block-advgb-columns advgb-columns-wrapper\" id=\"advgb-cols-701473e7-d64a-4d07-874c-ccb535ed6e17\"><div class=\"advgb-columns-container\"><div class=\"advgb-columns advgb-columns-row advgb-is-mobile advgb-columns-2 layout-23-13 mbl-layout-stacked vgutter-10\">\n<div class=\"wp-block-advgb-column advgb-column advgb-is-two-thirds-tablet advgb-is-full-mobile\" id=\"advgb-col-9d4141e5-7b4f-4b31-8bc6-415c47622bcc\"><div class=\"advgb-column-inner\" style=\"border-style:none;border-width:1px\">\n<p class=\"wp-el\">Tartu on j\u00e4rgmisel aastal Euroopa kultuuripealinn koos L\u00f5una-Eestiga ehk teisis\u00f5nu \u2013 veerand Eestit saab end nimetada Euroopa kultuurimetropoliks 2024. Kuna L\u00f5una-Eesti asub erinevate kultuuriruumide puutepunktis, otsekui kahe maailma piiril, on Euroopa kultuuripealinna j\u00f5udmine sellesse paika Kristiina Tammetsi s\u00f5nul praegust muutlikku aega arvestades lausa m\u00e4rgilise t\u00e4hendusega. \u201eEuroopa kultuuripealinna j\u00f5udmine Euroopa piirile r\u00e4\u00e4gib meie kultuuriruumi eluj\u00f5ulisusest ning v\u00f5imaldab \u00fchtlasi esile tuua siinse kultuuri mitmekesisust ja unikaalsust,\u201c lausus Tammets. \u201eSellesuvised kogukonnas\u00fcndmused juhatavadki huvilise otses\u00f5nu L\u00f5una-Eesti inimestele oluliste v\u00e4\u00e4rtuste keskele ja annavad Euroopa piiril elavate kogukondade kaasabil Euroopa kultuuripealinnale Tartu 2024 v\u00e4ga sisuka stardi.\u201c<\/p>\n<\/div><\/div>\n\n\n\n<div class=\"wp-block-advgb-column advgb-column advgb-is-one-third-tablet advgb-is-full-mobile\" id=\"advgb-col-72d89981-0a45-42b0-89a3-479becddd44e\"><div class=\"advgb-column-inner\" style=\"border-style:none;border-width:1px\">\n<figure class=\"wp-block-image size-large\"><img decoding=\"async\" loading=\"lazy\" width=\"1200\" height=\"801\" src=\"https:\/\/visitsouthestonia.com\/community\/wp-content\/uploads\/2023\/07\/Tartu-2024-Louna-Eesti-kogukokonnaprogramm_Emajoe-joeretked_Lodjakoda_foto-Terje-Atonen-1-1200x801.jpg\" alt=\"\" class=\"wp-image-13294\" srcset=\"https:\/\/visitsouthestonia.com\/community\/wp-content\/uploads\/2023\/07\/Tartu-2024-Louna-Eesti-kogukokonnaprogramm_Emajoe-joeretked_Lodjakoda_foto-Terje-Atonen-1-1200x801.jpg 1200w, https:\/\/visitsouthestonia.com\/community\/wp-content\/uploads\/2023\/07\/Tartu-2024-Louna-Eesti-kogukokonnaprogramm_Emajoe-joeretked_Lodjakoda_foto-Terje-Atonen-1-768x513.jpg 768w, https:\/\/visitsouthestonia.com\/community\/wp-content\/uploads\/2023\/07\/Tartu-2024-Louna-Eesti-kogukokonnaprogramm_Emajoe-joeretked_Lodjakoda_foto-Terje-Atonen-1-1536x1026.jpg 1536w, https:\/\/visitsouthestonia.com\/community\/wp-content\/uploads\/2023\/07\/Tartu-2024-Louna-Eesti-kogukokonnaprogramm_Emajoe-joeretked_Lodjakoda_foto-Terje-Atonen-1-350x234.jpg 350w, https:\/\/visitsouthestonia.com\/community\/wp-content\/uploads\/2023\/07\/Tartu-2024-Louna-Eesti-kogukokonnaprogramm_Emajoe-joeretked_Lodjakoda_foto-Terje-Atonen-1-1100x734.jpg 1100w, https:\/\/visitsouthestonia.com\/community\/wp-content\/uploads\/2023\/07\/Tartu-2024-Louna-Eesti-kogukokonnaprogramm_Emajoe-joeretked_Lodjakoda_foto-Terje-Atonen-1-230x154.jpg 230w, https:\/\/visitsouthestonia.com\/community\/wp-content\/uploads\/2023\/07\/Tartu-2024-Louna-Eesti-kogukokonnaprogramm_Emajoe-joeretked_Lodjakoda_foto-Terje-Atonen-1-105x70.jpg 105w, https:\/\/visitsouthestonia.com\/community\/wp-content\/uploads\/2023\/07\/Tartu-2024-Louna-Eesti-kogukokonnaprogramm_Emajoe-joeretked_Lodjakoda_foto-Terje-Atonen-1-188x126.jpg 188w, https:\/\/visitsouthestonia.com\/community\/wp-content\/uploads\/2023\/07\/Tartu-2024-Louna-Eesti-kogukokonnaprogramm_Emajoe-joeretked_Lodjakoda_foto-Terje-Atonen-1-81x54.jpg 81w, https:\/\/visitsouthestonia.com\/community\/wp-content\/uploads\/2023\/07\/Tartu-2024-Louna-Eesti-kogukokonnaprogramm_Emajoe-joeretked_Lodjakoda_foto-Terje-Atonen-1-370x247.jpg 370w, https:\/\/visitsouthestonia.com\/community\/wp-content\/uploads\/2023\/07\/Tartu-2024-Louna-Eesti-kogukokonnaprogramm_Emajoe-joeretked_Lodjakoda_foto-Terje-Atonen-1.jpg 1920w\" sizes=\"(max-width: 1200px) 100vw, 1200px\" \/><figcaption class=\"wp-element-caption\">J\u00f5eretkede sari &#8220;Avasta Emaj\u00f5gi&#8221;. Foto: Terje Atonen<\/figcaption><\/figure>\n<\/div><\/div>\n<\/div><\/div><\/div>\n\n\n\n<p class=\"wp-el\">Millised on L\u00f5una-Eesti kogukonnaprogrammi s\u00fcndmused, mida tasuks ka enda kalendrisse m\u00e4rkida? J\u00e4rgnev loetelu tutvustab p\u00f5gusalt LEADER-tegevusgruppidega koos korraldatava L\u00f5una-Eesti kogukonnaprogrammi t\u00e4navusi s\u00fcndmuseid, rohkem infot leiab aadressilt <a href=\"http:\/\/www.visitsouthestonia.com\/community\/tartu-2024\/\">www.visitsouthestonia.com\/community\/tartu-20<\/a><a href=\"http:\/\/www.visitsouthestonia.com\/community\/tartu-2024\/\" target=\"_blank\" rel=\"noreferrer noopener\">24\/<\/a><\/p>\n\n\n\n<p class=\"wp-el\"><strong>L\u00f5una-Eesti kogukonnas\u00fcndmused 2023:<br><\/strong>1. J\u00f5eretkede sari \u201eAvasta Emaj\u00f5gi!\u201c (juunist detsembrini)<br>2. Tartumaa toidus\u00fcndmuste sari \u201eTirin\u201c (alates 22. juuli)<br>3. Kogukonnalavastus \u201eLeevaku kullakaevur\u201c (27. juuli \u2013 6. august)<br>4. Seto Kostip\u00e4iv\u00e4 aastaring (12.-13. august)<br>5. R\u00f5uge kogukonnafest &#8220;Mina tean, kust tuleb minu toit&#8221; (9. september)<br>6. \u201eSanna!\u201c (20.-21. oktoober)<br>7. Ruumiloome konverents Valgas (november)<br>8.-9. Eels\u00fcndmused: Roosifestival (29.07) ja Kagu-Eesti inspiratsioonifest (september)<\/p>\n\n\n\n<p class=\"wp-el\"><strong>L\u00f5una-Eesti kogukonnaprogrammi<\/strong> raames korraldatakse 2023.<em> <\/em>ja<em> <\/em>2024. aastal \u00fchtekokku 20 projekti mitmek\u00fcmne v\u00e4\u00e4rtusp\u00f5hise s\u00fcndmusega, mis kutsuvad osalema k\u00fclastajaid Eestist, Euroopast ja mujalt maailmast. Kogukonnaprogrammi eesm\u00e4rk on anda hoogu omavahelisele koost\u00f6\u00f6le ja tugevdada L\u00f5una-Eesti identiteeti. Euroopa kultuuripealinn Tartu 2024 p\u00f5hiprogrammi osana aitab kogukonnaprogramm tutvustada kogu piirkonda just nende v\u00e4\u00e4rtuste p\u00f5hjal, mis on olulised kohalikele inimestele ja kogukondadele. K\u00f5ik valitud s\u00fcndmused aitavad esile t\u00f5sta L\u00f5una-Eesti v\u00e4\u00e4rtusi \u2013 puhast loodust, mitmek\u00fclgset kultuurip\u00e4randit<em>, <\/em>kohalikku toitu ja k\u00e4sit\u00f6\u00f6d, tervislikku eluviisi, j\u00e4tkusuutlikke ja innovaatilisi lahendusi ning aktiivseid ja eluj\u00f5ulisi kogukondi.<br><br>L\u00f5una-Eesti kogukonnaprogrammi kuuluvad avatud taotlusvooru tulemusena j\u00e4rgmised kogukondade s\u00fcndmused: Peipsi Toidu T\u00e4nav 175 km, \u201eTaliteed Emaj\u00f5e-Suursoos\u201c, \u201eL\u00e4bi linna: Valga+Valka\u201c, Seto tantsupidu \u201eKad\u00b4ah kavv\u00f5k\u00f5\u00b4\u201c, konverents \u201eKohalik kultuur kui ruumiloome komponent\u201c Valga linnas, \u201eSeto kostip\u00e4iv\u00e4 aastaring\u201c, Tartumaa toidus\u00fcndmuste sari \u201eTirin\u201c, kogukonnafestival \u201eMina tean, kust tuleb minu toit\u201d, dokumentaalne osaluslavastus \u201eElluj\u00e4\u00e4miskunstid. KMOMID\u201c, R\u00f5uge projekt \u201eSanna!\u201c, roosifestival Kaagj\u00e4rvel, j\u00f5eretkede sari \u201eAvasta Emaj\u00f5gi!\u201c, maaliliste maastike j\u00e4\u00e4dvustamise matkasari Otep\u00e4\u00e4l, \u201eMeelter\u00e4nnak looduses\u201c, Kagu-Eesti kultuuri- ja inspiratsioonifestival \u201eLoovus loob lootust!\u201c, \u201eAvastamata Antsla aarded \u2013 j\u00e4rved\u201c, I Kodavere laalupido, kogukonnaetendus \u201eLeevaku kullakaevur\u201c, Navi k\u00fcla kogukonnafestival, teemap\u00e4evad \u201eKohalikud traditsioonid kui elluj\u00e4\u00e4misv\u00f5imalus\u201c. L\u00e4hem info s\u00fcndmuste kohta: <a href=\"http:\/\/www.visitsouthestonia.com\/community\/tartu-2024\/\">www.visitsouthestonia.com\/community\/tartu-<\/a><a href=\"http:\/\/www.visitsouthestonia.com\/community\/tartu-2024\/\" target=\"_blank\" rel=\"noreferrer noopener\">2024\/<\/a><\/p>\n\n\n\n<p class=\"wp-el\"><strong>Euroopa kultuuripealinn Tartu 2024 <\/strong>p\u00f5hiprogrammi kuuluv L\u00f5una-Eesti kogukonnaprogramm kasvas v\u00e4lja 2013. aastal L\u00f5una-Eesti LEADER-tegevusgruppide k\u00e4ima l\u00fckatud kollaste akende projektist \u201eElu kahe maailma piiril\u201c. L\u00f5una-Eesti kogukonnaprogrammi viivad ellu LEADER-tegevusgrupid Tartumaa Arendusselts, Valgamaa Partnerluskogu, V\u00f5rumaa Partnerluskogu ja Piiriveere Liider ning koost\u00f6\u00f6partneritena l\u00f6\u00f6vad kaasa Tartu, Elva, V\u00f5ru ja Valga linn. S\u00fcndmusi toetatakse LEADER-meetmest ning SA Tartu 2024 poolt L\u00f5una-Eesti kogukonnaprogrammile eraldatud eelarvest. Kogukonnaprogrammi tegemistesse on partnerina kaasatud teinegi Euroopa kultuuripealinn Tartu 2024 projekt Tartu Maailma\u00fclikool.<\/p>\n\n\n\n<p class=\"wp-el\">Lisainformatsioon:<\/p>\n\n\n\n<p class=\"wp-el\"><a href=\"http:\/\/www.visitsouthestonia.com\/community\/tartu-2024\/\">www.visitsouthestonia.com\/community\/tartu-2024\/<\/a><br><a href=\"https:\/\/tartu2024.ee\/kogukonnaprogramm\">tartu2024.ee\/kogukonnaprogramm<\/a><\/p>\n\n\n\n<p class=\"wp-el\"><strong>Kristiina Tammets<\/strong>, Tartumaa Arendusseltsi tegevjuht ja L\u00f5una-Eesti kogukonnaprogrammi koordinaator,<br>telefon +372 5340 9873, e-post <a href=\"mailto:kristiina@tas.ee\">kristiina@tas.ee<\/a><\/p>\n\n\n\n<p class=\"wp-el\"><\/p>\n\n\n\n<figure class=\"wp-block-image size-large is-resized\"><img decoding=\"async\" loading=\"lazy\" src=\"https:\/\/visitsouthestonia.com\/community\/wp-content\/uploads\/2023\/05\/Tartu24Leader-logo-horisontaalne-est-must-1200x524.jpg\" alt=\"\" class=\"wp-image-12363\" style=\"width:300px;height:131px\" width=\"300\" height=\"131\" srcset=\"https:\/\/visitsouthestonia.com\/community\/wp-content\/uploads\/2023\/05\/Tartu24Leader-logo-horisontaalne-est-must-1200x524.jpg 1200w, https:\/\/visitsouthestonia.com\/community\/wp-content\/uploads\/2023\/05\/Tartu24Leader-logo-horisontaalne-est-must-768x335.jpg 768w, https:\/\/visitsouthestonia.com\/community\/wp-content\/uploads\/2023\/05\/Tartu24Leader-logo-horisontaalne-est-must-350x153.jpg 350w, https:\/\/visitsouthestonia.com\/community\/wp-content\/uploads\/2023\/05\/Tartu24Leader-logo-horisontaalne-est-must-1100x480.jpg 1100w, https:\/\/visitsouthestonia.com\/community\/wp-content\/uploads\/2023\/05\/Tartu24Leader-logo-horisontaalne-est-must-230x100.jpg 230w, https:\/\/visitsouthestonia.com\/community\/wp-content\/uploads\/2023\/05\/Tartu24Leader-logo-horisontaalne-est-must-160x70.jpg 160w, https:\/\/visitsouthestonia.com\/community\/wp-content\/uploads\/2023\/05\/Tartu24Leader-logo-horisontaalne-est-must-188x82.jpg 188w, https:\/\/visitsouthestonia.com\/community\/wp-content\/uploads\/2023\/05\/Tartu24Leader-logo-horisontaalne-est-must-124x54.jpg 124w, https:\/\/visitsouthestonia.com\/community\/wp-content\/uploads\/2023\/05\/Tartu24Leader-logo-horisontaalne-est-must-370x161.jpg 370w, https:\/\/visitsouthestonia.com\/community\/wp-content\/uploads\/2023\/05\/Tartu24Leader-logo-horisontaalne-est-must.jpg 1334w\" sizes=\"(max-width: 300px) 100vw, 300px\" \/><\/figure>\n\n\n\n<p class=\"wp-el\"><img decoding=\"async\" loading=\"lazy\" width=\"128\" height=\"128\" class=\"wp-image-12016\" style=\"width: 20px;\" src=\"https:\/\/visitsouthestonia.com\/community\/wp-content\/uploads\/2023\/05\/must-nool.png\" alt=\"\" srcset=\"https:\/\/visitsouthestonia.com\/community\/wp-content\/uploads\/2023\/05\/must-nool.png 128w, https:\/\/visitsouthestonia.com\/community\/wp-content\/uploads\/2023\/05\/must-nool-51x51.png 51w, https:\/\/visitsouthestonia.com\/community\/wp-content\/uploads\/2023\/05\/must-nool-70x70.png 70w, https:\/\/visitsouthestonia.com\/community\/wp-content\/uploads\/2023\/05\/must-nool-120x120.png 120w, https:\/\/visitsouthestonia.com\/community\/wp-content\/uploads\/2023\/05\/must-nool-100x100.png 100w, https:\/\/visitsouthestonia.com\/community\/wp-content\/uploads\/2023\/05\/must-nool-54x54.png 54w\" sizes=\"(max-width: 128px) 100vw, 128px\" \/> Rohkem infot <a href=\"https:\/\/visitsouthestonia.com\/community\/tartu-2024\/\">Euroopa kultuuripealinn Tartu 2024 L\u00f5una-Eesti kogukonnaprogrammist<\/a><\/p>\n<style class=\"advgb-styles-renderer\">#advgb-cols-701473e7-d64a-4d07-874c-ccb535ed6e17{}@media screen and (max-width: 1023px) {#advgb-cols-701473e7-d64a-4d07-874c-ccb535ed6e17{}}@media screen and (max-width: 767px) {#advgb-cols-701473e7-d64a-4d07-874c-ccb535ed6e17{}}#advgb-col-9d4141e5-7b4f-4b31-8bc6-415c47622bcc>.advgb-column-inner{}@media screen and (max-width: 1023px) {#advgb-col-9d4141e5-7b4f-4b31-8bc6-415c47622bcc>.advgb-column-inner{}}@media screen and (max-width: 767px) {#advgb-col-9d4141e5-7b4f-4b31-8bc6-415c47622bcc>.advgb-column-inner{}}#advgb-col-72d89981-0a45-42b0-89a3-479becddd44e>.advgb-column-inner{}@media screen and (max-width: 1023px) {#advgb-col-72d89981-0a45-42b0-89a3-479becddd44e>.advgb-column-inner{}}@media screen and (max-width: 767px) {#advgb-col-72d89981-0a45-42b0-89a3-479becddd44e>.advgb-column-inner{}}<\/style>","protected":false},"excerpt":{"rendered":"<p>L\u00f5una-Eesti kogukonnaprogramm tutvustab Lodjakojas kogukonnas\u00fcndmuseid, mis l\u00fckkavad kultuuripealinnale juba sel suvel hoo sisse 4.07.2023 Euroopa kultuuripealinn Tartu 2024 p\u00f5hiprogrammi kuuluv&#8230;<\/p>\n","protected":false},"author":211,"featured_media":0,"parent":12304,"menu_order":1,"comment_status":"closed","ping_status":"closed","template":"","meta":{"advgb_blocks_editor_width":"","advgb_blocks_columns_visual_guide":"","footnotes":"","_links_to":"","_links_to_target":""},"acf":[],"yoast_head":"<!-- This site is optimized with the Yoast SEO plugin v21.4 - https:\/\/yoast.com\/wordpress\/plugins\/seo\/ -->\n<title>L\u00f5una-Eesti kogukonnaprogramm tutvustab Lodjakojas kogukonnas\u00fcndmuseid - visitsouthestonia<\/title>\n<meta name=\"robots\" content=\"index, follow, max-snippet:-1, max-image-preview:large, max-video-preview:-1\" \/>\n<link rel=\"canonical\" href=\"https:\/\/visitsouthestonia.com\/tartu-2024\/uudised\/lodjakojas-kogukonnasundmuseid\/\" \/>\n<meta property=\"og:locale\" content=\"et_EE\" \/>\n<meta property=\"og:type\" content=\"article\" \/>\n<meta property=\"og:title\" content=\"L\u00f5una-Eesti kogukonnaprogramm tutvustab Lodjakojas kogukonnas\u00fcndmuseid - visitsouthestonia\" \/>\n<meta property=\"og:description\" content=\"L\u00f5una-Eesti kogukonnaprogramm tutvustab Lodjakojas kogukonnas\u00fcndmuseid, mis l\u00fckkavad kultuuripealinnale juba sel suvel hoo sisse 4.07.2023 Euroopa kultuuripealinn Tartu 2024 p\u00f5hiprogrammi kuuluv...\" \/>\n<meta property=\"og:url\" content=\"https:\/\/visitsouthestonia.com\/tartu-2024\/uudised\/lodjakojas-kogukonnasundmuseid\/\" \/>\n<meta property=\"og:site_name\" content=\"visitsouthestonia\" \/>\n<meta property=\"article:modified_time\" content=\"2023-09-04T12:07:13+00:00\" \/>\n<meta property=\"og:image\" content=\"https:\/\/visitsouthestonia.com\/wp-content\/uploads\/2023\/07\/Tartu-2024-Louna-Eesti-kogukokonnaprogramm_Emajoe-joeretked_Lodjakoda_foto-Terje-Atonen-1-1200x801.jpg\" \/>\n<meta name=\"twitter:card\" content=\"summary_large_image\" \/>\n<meta name=\"twitter:label1\" content=\"Est. reading time\" \/>\n\t<meta name=\"twitter:data1\" content=\"4 minutit\" \/>\n<script type=\"application\/ld+json\" class=\"yoast-schema-graph\">{\"@context\":\"https:\/\/schema.org\",\"@graph\":[{\"@type\":\"WebPage\",\"@id\":\"https:\/\/visitsouthestonia.com\/tartu-2024\/uudised\/lodjakojas-kogukonnasundmuseid\/\",\"url\":\"https:\/\/visitsouthestonia.com\/tartu-2024\/uudised\/lodjakojas-kogukonnasundmuseid\/\",\"name\":\"L\u00f5una-Eesti kogukonnaprogramm tutvustab Lodjakojas kogukonnas\u00fcndmuseid - visitsouthestonia\",\"isPartOf\":{\"@id\":\"https:\/\/visitsouthestonia.com\/community\/#website\"},\"datePublished\":\"2023-07-04T11:17:38+00:00\",\"dateModified\":\"2023-09-04T12:07:13+00:00\",\"breadcrumb\":{\"@id\":\"https:\/\/visitsouthestonia.com\/tartu-2024\/uudised\/lodjakojas-kogukonnasundmuseid\/#breadcrumb\"},\"inLanguage\":\"et\",\"potentialAction\":[{\"@type\":\"ReadAction\",\"target\":[\"https:\/\/visitsouthestonia.com\/tartu-2024\/uudised\/lodjakojas-kogukonnasundmuseid\/\"]}]},{\"@type\":\"BreadcrumbList\",\"@id\":\"https:\/\/visitsouthestonia.com\/tartu-2024\/uudised\/lodjakojas-kogukonnasundmuseid\/#breadcrumb\",\"itemListElement\":[{\"@type\":\"ListItem\",\"position\":1,\"name\":\"Tartu 2024 L\u00f5una-Eesti kogukonnaprogramm\",\"item\":\"https:\/\/visitsouthestonia.com\/tartu-2024\/\"},{\"@type\":\"ListItem\",\"position\":2,\"name\":\"Tartu 2024 kogukonnaprogrammi uudised\",\"item\":\"https:\/\/visitsouthestonia.com\/tartu-2024\/uudised\/\"},{\"@type\":\"ListItem\",\"position\":3,\"name\":\"L\u00f5una-Eesti kogukonnaprogramm tutvustab Lodjakojas kogukonnas\u00fcndmuseid\"}]},{\"@type\":\"WebSite\",\"@id\":\"https:\/\/visitsouthestonia.com\/community\/#website\",\"url\":\"https:\/\/visitsouthestonia.com\/community\/\",\"name\":\"visitsouthestonia\",\"description\":\"Parim puhkus veeda L\u00f5una-Eestis!\",\"potentialAction\":[{\"@type\":\"SearchAction\",\"target\":{\"@type\":\"EntryPoint\",\"urlTemplate\":\"https:\/\/visitsouthestonia.com\/community\/?s={search_term_string}\"},\"query-input\":\"required name=search_term_string\"}],\"inLanguage\":\"et\"}]}<\/script>\n<!-- \/ Yoast SEO plugin. -->","yoast_head_json":{"title":"L\u00f5una-Eesti kogukonnaprogramm tutvustab Lodjakojas kogukonnas\u00fcndmuseid - visitsouthestonia","robots":{"index":"index","follow":"follow","max-snippet":"max-snippet:-1","max-image-preview":"max-image-preview:large","max-video-preview":"max-video-preview:-1"},"canonical":"https:\/\/visitsouthestonia.com\/tartu-2024\/uudised\/lodjakojas-kogukonnasundmuseid\/","og_locale":"et_EE","og_type":"article","og_title":"L\u00f5una-Eesti kogukonnaprogramm tutvustab Lodjakojas kogukonnas\u00fcndmuseid - visitsouthestonia","og_description":"L\u00f5una-Eesti kogukonnaprogramm tutvustab Lodjakojas kogukonnas\u00fcndmuseid, mis l\u00fckkavad kultuuripealinnale juba sel suvel hoo sisse 4.07.2023 Euroopa kultuuripealinn Tartu 2024 p\u00f5hiprogrammi kuuluv...","og_url":"https:\/\/visitsouthestonia.com\/tartu-2024\/uudised\/lodjakojas-kogukonnasundmuseid\/","og_site_name":"visitsouthestonia","article_modified_time":"2023-09-04T12:07:13+00:00","og_image":[{"url":"https:\/\/visitsouthestonia.com\/wp-content\/uploads\/2023\/07\/Tartu-2024-Louna-Eesti-kogukokonnaprogramm_Emajoe-joeretked_Lodjakoda_foto-Terje-Atonen-1-1200x801.jpg"}],"twitter_card":"summary_large_image","twitter_misc":{"Est. reading time":"4 minutit"},"schema":{"@context":"https:\/\/schema.org","@graph":[{"@type":"WebPage","@id":"https:\/\/visitsouthestonia.com\/tartu-2024\/uudised\/lodjakojas-kogukonnasundmuseid\/","url":"https:\/\/visitsouthestonia.com\/tartu-2024\/uudised\/lodjakojas-kogukonnasundmuseid\/","name":"L\u00f5una-Eesti kogukonnaprogramm tutvustab Lodjakojas kogukonnas\u00fcndmuseid - visitsouthestonia","isPartOf":{"@id":"https:\/\/visitsouthestonia.com\/community\/#website"},"datePublished":"2023-07-04T11:17:38+00:00","dateModified":"2023-09-04T12:07:13+00:00","breadcrumb":{"@id":"https:\/\/visitsouthestonia.com\/tartu-2024\/uudised\/lodjakojas-kogukonnasundmuseid\/#breadcrumb"},"inLanguage":"et","potentialAction":[{"@type":"ReadAction","target":["https:\/\/visitsouthestonia.com\/tartu-2024\/uudised\/lodjakojas-kogukonnasundmuseid\/"]}]},{"@type":"BreadcrumbList","@id":"https:\/\/visitsouthestonia.com\/tartu-2024\/uudised\/lodjakojas-kogukonnasundmuseid\/#breadcrumb","itemListElement":[{"@type":"ListItem","position":1,"name":"Tartu 2024 L\u00f5una-Eesti kogukonnaprogramm","item":"https:\/\/visitsouthestonia.com\/tartu-2024\/"},{"@type":"ListItem","position":2,"name":"Tartu 2024 kogukonnaprogrammi uudised","item":"https:\/\/visitsouthestonia.com\/tartu-2024\/uudised\/"},{"@type":"ListItem","position":3,"name":"L\u00f5una-Eesti kogukonnaprogramm tutvustab Lodjakojas kogukonnas\u00fcndmuseid"}]},{"@type":"WebSite","@id":"https:\/\/visitsouthestonia.com\/community\/#website","url":"https:\/\/visitsouthestonia.com\/community\/","name":"visitsouthestonia","description":"Parim puhkus veeda L\u00f5una-Eestis!","potentialAction":[{"@type":"SearchAction","target":{"@type":"EntryPoint","urlTemplate":"https:\/\/visitsouthestonia.com\/community\/?s={search_term_string}"},"query-input":"required name=search_term_string"}],"inLanguage":"et"}]}},"coauthors":[],"author_meta":{"author_link":"https:\/\/visitsouthestonia.com\/community\/author\/kaisa-timmi\/","display_name":"Meeri"},"relative_dates":{"created":"Posted 3 aastat ago","modified":"Updated 3 aastat ago"},"absolute_dates":{"created":"Posted on 4. juuli 2023","modified":"Updated on 4. sept. 2023"},"absolute_dates_time":{"created":"Posted on 4. juuli 2023 02:17","modified":"Updated on 4. sept. 2023 03:07"},"featured_img_caption":"","featured_img":false,"series_order":"","_links":{"self":[{"href":"https:\/\/visitsouthestonia.com\/community\/wp-json\/wp\/v2\/pages\/13290"}],"collection":[{"href":"https:\/\/visitsouthestonia.com\/community\/wp-json\/wp\/v2\/pages"}],"about":[{"href":"https:\/\/visitsouthestonia.com\/community\/wp-json\/wp\/v2\/types\/page"}],"author":[{"embeddable":true,"href":"https:\/\/visitsouthestonia.com\/community\/wp-json\/wp\/v2\/users\/211"}],"replies":[{"embeddable":true,"href":"https:\/\/visitsouthestonia.com\/community\/wp-json\/wp\/v2\/comments?post=13290"}],"version-history":[{"count":9,"href":"https:\/\/visitsouthestonia.com\/community\/wp-json\/wp\/v2\/pages\/13290\/revisions"}],"predecessor-version":[{"id":14247,"href":"https:\/\/visitsouthestonia.com\/community\/wp-json\/wp\/v2\/pages\/13290\/revisions\/14247"}],"up":[{"embeddable":true,"href":"https:\/\/visitsouthestonia.com\/community\/wp-json\/wp\/v2\/pages\/12304"}],"wp:attachment":[{"href":"https:\/\/visitsouthestonia.com\/community\/wp-json\/wp\/v2\/media?parent=13290"}],"curies":[{"name":"wp","href":"https:\/\/api.w.org\/{rel}","templated":true}]}}