{"id":13064,"date":"2023-06-21T10:17:14","date_gmt":"2023-06-21T07:17:14","guid":{"rendered":"https:\/\/visitsouthestonia.com\/community\/?page_id=13064"},"modified":"2023-11-28T13:07:42","modified_gmt":"2023-11-28T11:07:42","slug":"louna-eesti-kogukonnaprogrammi-eestvedajad","status":"publish","type":"page","link":"https:\/\/visitsouthestonia.com\/community\/tartu-2024\/louna-eesti-kogukonnaprogrammi-eestvedajad\/","title":{"rendered":"L\u00f5una-Eesti kogukonnaprogrammi eestvedajad"},"content":{"rendered":"\n<p class=\"has-text-align-right wp-el\"><a href=\"https:\/\/visitsouthestonia.com\/community\/en\/tartu-2024\/the-south-estonia-community-programme-team\/\">&gt;&gt;&gt;ENG<\/a><\/p>\n\n\n\n<figure class=\"wp-block-image size-large\"><img decoding=\"async\" loading=\"lazy\" width=\"1200\" height=\"801\" src=\"https:\/\/visitsouthestonia.com\/community\/wp-content\/uploads\/2023\/06\/TIIM-35-1200x801.jpg\" alt=\"\" class=\"wp-image-13065\" style=\"object-fit:cover\" srcset=\"https:\/\/visitsouthestonia.com\/community\/wp-content\/uploads\/2023\/06\/TIIM-35-1200x801.jpg 1200w, https:\/\/visitsouthestonia.com\/community\/wp-content\/uploads\/2023\/06\/TIIM-35-768x513.jpg 768w, https:\/\/visitsouthestonia.com\/community\/wp-content\/uploads\/2023\/06\/TIIM-35-1536x1025.jpg 1536w, https:\/\/visitsouthestonia.com\/community\/wp-content\/uploads\/2023\/06\/TIIM-35-2048x1367.jpg 2048w, https:\/\/visitsouthestonia.com\/community\/wp-content\/uploads\/2023\/06\/TIIM-35-350x234.jpg 350w, https:\/\/visitsouthestonia.com\/community\/wp-content\/uploads\/2023\/06\/TIIM-35-1100x734.jpg 1100w, https:\/\/visitsouthestonia.com\/community\/wp-content\/uploads\/2023\/06\/TIIM-35-230x154.jpg 230w, https:\/\/visitsouthestonia.com\/community\/wp-content\/uploads\/2023\/06\/TIIM-35-105x70.jpg 105w, https:\/\/visitsouthestonia.com\/community\/wp-content\/uploads\/2023\/06\/TIIM-35-188x125.jpg 188w, https:\/\/visitsouthestonia.com\/community\/wp-content\/uploads\/2023\/06\/TIIM-35-81x54.jpg 81w, https:\/\/visitsouthestonia.com\/community\/wp-content\/uploads\/2023\/06\/TIIM-35-370x247.jpg 370w\" sizes=\"(max-width: 1200px) 100vw, 1200px\" \/><\/figure>\n\n\n\n<p class=\"wp-el\"> <img decoding=\"async\" loading=\"lazy\" width=\"128\" height=\"128\" class=\"wp-image-12156\" style=\"width: 20px;\" src=\"https:\/\/visitsouthestonia.com\/community\/wp-content\/uploads\/2023\/05\/punane-nool.png\" alt=\"\" srcset=\"https:\/\/visitsouthestonia.com\/community\/wp-content\/uploads\/2023\/05\/punane-nool.png 128w, https:\/\/visitsouthestonia.com\/community\/wp-content\/uploads\/2023\/05\/punane-nool-51x51.png 51w, https:\/\/visitsouthestonia.com\/community\/wp-content\/uploads\/2023\/05\/punane-nool-70x70.png 70w, https:\/\/visitsouthestonia.com\/community\/wp-content\/uploads\/2023\/05\/punane-nool-120x120.png 120w, https:\/\/visitsouthestonia.com\/community\/wp-content\/uploads\/2023\/05\/punane-nool-100x100.png 100w, https:\/\/visitsouthestonia.com\/community\/wp-content\/uploads\/2023\/05\/punane-nool-54x54.png 54w\" sizes=\"(max-width: 128px) 100vw, 128px\" \/> <strong>Kristiina Tammets<\/strong>, Tartumaa Arendusseltsi tegevjuht, L\u00f5una-Eesti kogukonnaprogrammi koordinaator<br>telefon +372 5340 9873, e-post <a href=\"mailto:kristiina@tas.ee\" target=\"_blank\" rel=\"noreferrer noopener\">kristiina@tas.ee<\/a><br><em>Elva, Kambja, Luunja, N\u00f5o, Peipsi\u00e4\u00e4re, Tartu, Kastre vallad ja Tartu linn (endise T\u00e4htvere valla osa)<\/em><\/p>\n\n\n\n<p class=\"wp-el\"><img decoding=\"async\" loading=\"lazy\" width=\"128\" height=\"128\" class=\"wp-image-12010\" style=\"width: 20px;\" src=\"https:\/\/visitsouthestonia.com\/community\/wp-content\/uploads\/2023\/05\/erkroheline-nool.png\" alt=\"\" srcset=\"https:\/\/visitsouthestonia.com\/community\/wp-content\/uploads\/2023\/05\/erkroheline-nool.png 128w, https:\/\/visitsouthestonia.com\/community\/wp-content\/uploads\/2023\/05\/erkroheline-nool-51x51.png 51w, https:\/\/visitsouthestonia.com\/community\/wp-content\/uploads\/2023\/05\/erkroheline-nool-70x70.png 70w, https:\/\/visitsouthestonia.com\/community\/wp-content\/uploads\/2023\/05\/erkroheline-nool-120x120.png 120w, https:\/\/visitsouthestonia.com\/community\/wp-content\/uploads\/2023\/05\/erkroheline-nool-100x100.png 100w, https:\/\/visitsouthestonia.com\/community\/wp-content\/uploads\/2023\/05\/erkroheline-nool-54x54.png 54w\" sizes=\"(max-width: 128px) 100vw, 128px\" \/> <strong>Tiina Ivask<\/strong>, Valgamaa Partnerluskogu tegevjuht, L\u00f5una-Eesti kogukonnaprogrammi administratiivsete k\u00fcsimuste koordinaator<br>telefon +372 5349 1195, e-post <a href=\"mailto:tiina@valgaleader.ee\" target=\"_blank\" rel=\"noreferrer noopener\">tiina@valgaleader.ee<\/a><br><em>Otep\u00e4\u00e4 ja Valga vald<\/em><\/p>\n\n\n\n<p class=\"wp-el\"><img decoding=\"async\" loading=\"lazy\" width=\"128\" height=\"128\" class=\"wp-image-12135\" style=\"width: 20px;\" src=\"https:\/\/visitsouthestonia.com\/community\/wp-content\/uploads\/2023\/05\/meresinine-nool.png\" alt=\"\" srcset=\"https:\/\/visitsouthestonia.com\/community\/wp-content\/uploads\/2023\/05\/meresinine-nool.png 128w, https:\/\/visitsouthestonia.com\/community\/wp-content\/uploads\/2023\/05\/meresinine-nool-51x51.png 51w, https:\/\/visitsouthestonia.com\/community\/wp-content\/uploads\/2023\/05\/meresinine-nool-70x70.png 70w, https:\/\/visitsouthestonia.com\/community\/wp-content\/uploads\/2023\/05\/meresinine-nool-120x120.png 120w, https:\/\/visitsouthestonia.com\/community\/wp-content\/uploads\/2023\/05\/meresinine-nool-100x100.png 100w, https:\/\/visitsouthestonia.com\/community\/wp-content\/uploads\/2023\/05\/meresinine-nool-54x54.png 54w\" sizes=\"(max-width: 128px) 100vw, 128px\" \/> <strong>Endla Mitt<\/strong>, Piiriveere Liidri tegevjuht <br>telefon +372 512 7160, e-post <a href=\"mailto:endla@piiriveere.ee\" target=\"_blank\" rel=\"noreferrer noopener\">endla@piiriveere.ee<\/a><br><em>Setomaa vald, R\u00e4pina vald (v\u00e4lja arvatud Meeksi ja Veriora piirkond), V\u00f5ru vallast Orava piirkond ja R\u00f5uge vallast Misso piirkond<\/em><\/p>\n\n\n\n<p class=\"wp-el\"><img decoding=\"async\" loading=\"lazy\" width=\"128\" height=\"128\" class=\"wp-image-12103\" style=\"width: 20px;\" src=\"https:\/\/visitsouthestonia.com\/community\/wp-content\/uploads\/2023\/05\/roosa-nool-128x1281-1.png\" alt=\"\" srcset=\"https:\/\/visitsouthestonia.com\/community\/wp-content\/uploads\/2023\/05\/roosa-nool-128x1281-1.png 128w, https:\/\/visitsouthestonia.com\/community\/wp-content\/uploads\/2023\/05\/roosa-nool-128x1281-1-51x51.png 51w, https:\/\/visitsouthestonia.com\/community\/wp-content\/uploads\/2023\/05\/roosa-nool-128x1281-1-70x70.png 70w, https:\/\/visitsouthestonia.com\/community\/wp-content\/uploads\/2023\/05\/roosa-nool-128x1281-1-120x120.png 120w, https:\/\/visitsouthestonia.com\/community\/wp-content\/uploads\/2023\/05\/roosa-nool-128x1281-1-100x100.png 100w, https:\/\/visitsouthestonia.com\/community\/wp-content\/uploads\/2023\/05\/roosa-nool-128x1281-1-54x54.png 54w\" sizes=\"(max-width: 128px) 100vw, 128px\" \/> <strong>Kerli Kanger<\/strong>, V\u00f5rumaa Partnerluskogu tegevjuht<br>telefon +372 5345 1330, e-post <a href=\"mailto:kerli@voruleader.ee\" target=\"_blank\" rel=\"noreferrer noopener\">kerli@voruleader.ee<\/a><br><em>R\u00f5uge, Antsla ja V\u00f5ru vald v\u00e4lja arvatud Orava ja Misso piirkond ning V\u00f5ru linn<\/em><\/p>\n\n\n\n<p class=\"wp-el\"><img decoding=\"async\" loading=\"lazy\" width=\"128\" height=\"128\" class=\"wp-image-12016\" style=\"width: 20px;\" src=\"https:\/\/visitsouthestonia.com\/community\/wp-content\/uploads\/2023\/05\/must-nool.png\" alt=\"\" srcset=\"https:\/\/visitsouthestonia.com\/community\/wp-content\/uploads\/2023\/05\/must-nool.png 128w, https:\/\/visitsouthestonia.com\/community\/wp-content\/uploads\/2023\/05\/must-nool-51x51.png 51w, https:\/\/visitsouthestonia.com\/community\/wp-content\/uploads\/2023\/05\/must-nool-70x70.png 70w, https:\/\/visitsouthestonia.com\/community\/wp-content\/uploads\/2023\/05\/must-nool-120x120.png 120w, https:\/\/visitsouthestonia.com\/community\/wp-content\/uploads\/2023\/05\/must-nool-100x100.png 100w, https:\/\/visitsouthestonia.com\/community\/wp-content\/uploads\/2023\/05\/must-nool-54x54.png 54w\" sizes=\"(max-width: 128px) 100vw, 128px\" \/> <strong>Heili Petkin<\/strong>, L\u00f5una-Eesti kogukonnaprogrammi projektijuht<br>telefon +372 503 8329, e-post <a href=\"mailto:kaisa@tas.ee\" target=\"_blank\" rel=\"noreferrer noopener\">heili@tas.ee<\/a><\/p>\n\n\n\n<p class=\"wp-el\"><img decoding=\"async\" loading=\"lazy\" width=\"128\" height=\"128\" class=\"wp-image-12016\" style=\"width: 20px;\" src=\"https:\/\/visitsouthestonia.com\/community\/wp-content\/uploads\/2023\/05\/must-nool.png\" alt=\"\" srcset=\"https:\/\/visitsouthestonia.com\/community\/wp-content\/uploads\/2023\/05\/must-nool.png 128w, https:\/\/visitsouthestonia.com\/community\/wp-content\/uploads\/2023\/05\/must-nool-51x51.png 51w, https:\/\/visitsouthestonia.com\/community\/wp-content\/uploads\/2023\/05\/must-nool-70x70.png 70w, https:\/\/visitsouthestonia.com\/community\/wp-content\/uploads\/2023\/05\/must-nool-120x120.png 120w, https:\/\/visitsouthestonia.com\/community\/wp-content\/uploads\/2023\/05\/must-nool-100x100.png 100w, https:\/\/visitsouthestonia.com\/community\/wp-content\/uploads\/2023\/05\/must-nool-54x54.png 54w\" sizes=\"(max-width: 128px) 100vw, 128px\" \/> <strong>Erkki Peetsalu<\/strong>, L\u00f5una-Eesti kogukonnaprogrammi kommunikatsioon<br>telefon +372&nbsp;501 8100, e-post <a href=\"mailto:erkki@maailmad.ee\" target=\"_blank\" rel=\"noreferrer noopener\">erkki@maailmad.ee<\/a><\/p>\n\n\n\n<p class=\"wp-el\"><img decoding=\"async\" loading=\"lazy\" width=\"128\" height=\"128\" class=\"wp-image-12016\" style=\"width: 20px;\" src=\"https:\/\/visitsouthestonia.com\/community\/wp-content\/uploads\/2023\/05\/must-nool.png\" alt=\"\" srcset=\"https:\/\/visitsouthestonia.com\/community\/wp-content\/uploads\/2023\/05\/must-nool.png 128w, https:\/\/visitsouthestonia.com\/community\/wp-content\/uploads\/2023\/05\/must-nool-51x51.png 51w, https:\/\/visitsouthestonia.com\/community\/wp-content\/uploads\/2023\/05\/must-nool-70x70.png 70w, https:\/\/visitsouthestonia.com\/community\/wp-content\/uploads\/2023\/05\/must-nool-120x120.png 120w, https:\/\/visitsouthestonia.com\/community\/wp-content\/uploads\/2023\/05\/must-nool-100x100.png 100w, https:\/\/visitsouthestonia.com\/community\/wp-content\/uploads\/2023\/05\/must-nool-54x54.png 54w\" sizes=\"(max-width: 128px) 100vw, 128px\" \/> <strong>Meeri Maastik<\/strong>, L\u00f5una-Eesti kogukonnaprogrammi sotsiaalmeedia ja koduleht<br>telefon +372 525 8261, e-post <a href=\"mailto:erkki@maailmad.ee\" target=\"_blank\" rel=\"noreferrer noopener\">meeri.maastik@gmail.com<\/a><\/p>\n\n\n\n<p class=\"wp-el\"><\/p>\n\n\n\n<div class=\"wp-block-advgb-columns advgb-columns-wrapper\" id=\"advgb-cols-505410ae-72c4-437a-8581-5950dc434c21\"><div class=\"advgb-columns-container\"><div class=\"advgb-columns advgb-columns-row advgb-is-mobile advgb-columns-3 layout-13-13-13 mbl-layout-stacked vgutter-10\">\n<div class=\"wp-block-advgb-column advgb-column advgb-is-one-third-tablet advgb-is-full-mobile\" id=\"advgb-col-18819fa5-3367-4da7-92de-11b70eb01e1d\"><div class=\"advgb-column-inner\" style=\"border-style:none;border-width:1px\">\n<figure class=\"wp-block-image size-large\"><img decoding=\"async\" loading=\"lazy\" width=\"1200\" height=\"524\" src=\"https:\/\/visitsouthestonia.com\/community\/wp-content\/uploads\/2023\/05\/Tartu24Leader-logo-horisontaalne-est-must-1200x524.jpg\" alt=\"\" class=\"wp-image-12363\" srcset=\"https:\/\/visitsouthestonia.com\/community\/wp-content\/uploads\/2023\/05\/Tartu24Leader-logo-horisontaalne-est-must-1200x524.jpg 1200w, https:\/\/visitsouthestonia.com\/community\/wp-content\/uploads\/2023\/05\/Tartu24Leader-logo-horisontaalne-est-must-768x335.jpg 768w, https:\/\/visitsouthestonia.com\/community\/wp-content\/uploads\/2023\/05\/Tartu24Leader-logo-horisontaalne-est-must-350x153.jpg 350w, https:\/\/visitsouthestonia.com\/community\/wp-content\/uploads\/2023\/05\/Tartu24Leader-logo-horisontaalne-est-must-1100x480.jpg 1100w, https:\/\/visitsouthestonia.com\/community\/wp-content\/uploads\/2023\/05\/Tartu24Leader-logo-horisontaalne-est-must-230x100.jpg 230w, https:\/\/visitsouthestonia.com\/community\/wp-content\/uploads\/2023\/05\/Tartu24Leader-logo-horisontaalne-est-must-160x70.jpg 160w, https:\/\/visitsouthestonia.com\/community\/wp-content\/uploads\/2023\/05\/Tartu24Leader-logo-horisontaalne-est-must-188x82.jpg 188w, https:\/\/visitsouthestonia.com\/community\/wp-content\/uploads\/2023\/05\/Tartu24Leader-logo-horisontaalne-est-must-124x54.jpg 124w, https:\/\/visitsouthestonia.com\/community\/wp-content\/uploads\/2023\/05\/Tartu24Leader-logo-horisontaalne-est-must-370x161.jpg 370w, https:\/\/visitsouthestonia.com\/community\/wp-content\/uploads\/2023\/05\/Tartu24Leader-logo-horisontaalne-est-must.jpg 1334w\" sizes=\"(max-width: 1200px) 100vw, 1200px\" \/><\/figure>\n<\/div><\/div>\n\n\n\n<div class=\"wp-block-advgb-column advgb-column advgb-is-one-third-tablet advgb-is-full-mobile\" id=\"advgb-col-9cf94a3d-94c0-47b0-bfa3-e5ec5973f567\"><div class=\"advgb-column-inner\" style=\"border-style:none;border-width:1px\"><\/div><\/div>\n\n\n\n<div class=\"wp-block-advgb-column advgb-column advgb-is-one-third-tablet advgb-is-full-mobile\" id=\"advgb-col-cff6c2dc-9d83-422c-b48d-b567bf5a842c\"><div class=\"advgb-column-inner\" style=\"border-style:none;border-width:1px\"><\/div><\/div>\n<\/div><\/div><\/div>\n\n\n\n<p class=\"has-text-align-right wp-el\"><img decoding=\"async\" loading=\"lazy\" width=\"128\" height=\"128\" class=\"wp-image-12016\" style=\"width: 20px;\" src=\"https:\/\/visitsouthestonia.com\/community\/wp-content\/uploads\/2023\/05\/must-nool.png\" alt=\"\" srcset=\"https:\/\/visitsouthestonia.com\/community\/wp-content\/uploads\/2023\/05\/must-nool.png 128w, https:\/\/visitsouthestonia.com\/community\/wp-content\/uploads\/2023\/05\/must-nool-51x51.png 51w, https:\/\/visitsouthestonia.com\/community\/wp-content\/uploads\/2023\/05\/must-nool-70x70.png 70w, https:\/\/visitsouthestonia.com\/community\/wp-content\/uploads\/2023\/05\/must-nool-120x120.png 120w, https:\/\/visitsouthestonia.com\/community\/wp-content\/uploads\/2023\/05\/must-nool-100x100.png 100w, https:\/\/visitsouthestonia.com\/community\/wp-content\/uploads\/2023\/05\/must-nool-54x54.png 54w\" sizes=\"(max-width: 128px) 100vw, 128px\" \/> Rohkem infot <a href=\"https:\/\/visitsouthestonia.com\/community\/tartu-2024\/\">Euroopa kultuuripealinn Tartu 2024 L\u00f5una-Eesti kogukonnaprogrammist<\/a><\/p>\n<style class=\"advgb-styles-renderer\">#advgb-cols-505410ae-72c4-437a-8581-5950dc434c21{}@media screen and (max-width: 1023px) {#advgb-cols-505410ae-72c4-437a-8581-5950dc434c21{}}@media screen and (max-width: 767px) {#advgb-cols-505410ae-72c4-437a-8581-5950dc434c21{}}#advgb-col-18819fa5-3367-4da7-92de-11b70eb01e1d>.advgb-column-inner{}@media screen and (max-width: 1023px) {#advgb-col-18819fa5-3367-4da7-92de-11b70eb01e1d>.advgb-column-inner{}}@media screen and (max-width: 767px) {#advgb-col-18819fa5-3367-4da7-92de-11b70eb01e1d>.advgb-column-inner{}}#advgb-col-9cf94a3d-94c0-47b0-bfa3-e5ec5973f567>.advgb-column-inner{}@media screen and (max-width: 1023px) {#advgb-col-9cf94a3d-94c0-47b0-bfa3-e5ec5973f567>.advgb-column-inner{}}@media screen and (max-width: 767px) {#advgb-col-9cf94a3d-94c0-47b0-bfa3-e5ec5973f567>.advgb-column-inner{}}#advgb-col-cff6c2dc-9d83-422c-b48d-b567bf5a842c>.advgb-column-inner{}@media screen and (max-width: 1023px) {#advgb-col-cff6c2dc-9d83-422c-b48d-b567bf5a842c>.advgb-column-inner{}}@media screen and (max-width: 767px) {#advgb-col-cff6c2dc-9d83-422c-b48d-b567bf5a842c>.advgb-column-inner{}}<\/style>","protected":false},"excerpt":{"rendered":"<p>&gt;&gt;&gt;ENG Kristiina Tammets, Tartumaa Arendusseltsi tegevjuht, L\u00f5una-Eesti kogukonnaprogrammi koordinaatortelefon +372 5340 9873, e-post kristiina@tas.eeElva, Kambja, Luunja, N\u00f5o, Peipsi\u00e4\u00e4re, Tartu, Kastre&#8230;<\/p>\n","protected":false},"author":211,"featured_media":0,"parent":13841,"menu_order":1,"comment_status":"closed","ping_status":"closed","template":"","meta":{"advgb_blocks_editor_width":"","advgb_blocks_columns_visual_guide":"","footnotes":"","_links_to":"","_links_to_target":""},"acf":[],"yoast_head":"<!-- This site is optimized with the Yoast SEO plugin v21.4 - https:\/\/yoast.com\/wordpress\/plugins\/seo\/ -->\n<title>L\u00f5una-Eesti kogukonnaprogrammi eestvedajad - visitsouthestonia<\/title>\n<meta name=\"robots\" content=\"index, follow, max-snippet:-1, max-image-preview:large, max-video-preview:-1\" \/>\n<link rel=\"canonical\" href=\"https:\/\/visitsouthestonia.com\/tartu-2024\/louna-eesti-kogukonnaprogrammi-eestvedajad\/\" \/>\n<meta property=\"og:locale\" content=\"et_EE\" \/>\n<meta property=\"og:type\" content=\"article\" \/>\n<meta property=\"og:title\" content=\"L\u00f5una-Eesti kogukonnaprogrammi eestvedajad - visitsouthestonia\" \/>\n<meta property=\"og:description\" content=\"&gt;&gt;&gt;ENG Kristiina Tammets, Tartumaa Arendusseltsi tegevjuht, L\u00f5una-Eesti kogukonnaprogrammi koordinaatortelefon +372 5340 9873, e-post kristiina@tas.eeElva, Kambja, Luunja, N\u00f5o, Peipsi\u00e4\u00e4re, Tartu, Kastre...\" \/>\n<meta property=\"og:url\" content=\"https:\/\/visitsouthestonia.com\/tartu-2024\/louna-eesti-kogukonnaprogrammi-eestvedajad\/\" \/>\n<meta property=\"og:site_name\" content=\"visitsouthestonia\" \/>\n<meta property=\"article:modified_time\" content=\"2023-11-28T11:07:42+00:00\" \/>\n<meta property=\"og:image\" content=\"https:\/\/visitsouthestonia.com\/wp-content\/uploads\/2023\/06\/TIIM-35-1200x801.jpg\" \/>\n<meta name=\"twitter:card\" content=\"summary_large_image\" \/>\n<meta name=\"twitter:label1\" content=\"Est. reading time\" \/>\n\t<meta name=\"twitter:data1\" content=\"3 minutit\" \/>\n<script type=\"application\/ld+json\" class=\"yoast-schema-graph\">{\"@context\":\"https:\/\/schema.org\",\"@graph\":[{\"@type\":\"WebPage\",\"@id\":\"https:\/\/visitsouthestonia.com\/tartu-2024\/louna-eesti-kogukonnaprogrammi-eestvedajad\/\",\"url\":\"https:\/\/visitsouthestonia.com\/tartu-2024\/louna-eesti-kogukonnaprogrammi-eestvedajad\/\",\"name\":\"L\u00f5una-Eesti kogukonnaprogrammi eestvedajad - visitsouthestonia\",\"isPartOf\":{\"@id\":\"https:\/\/visitsouthestonia.com\/community\/#website\"},\"datePublished\":\"2023-06-21T07:17:14+00:00\",\"dateModified\":\"2023-11-28T11:07:42+00:00\",\"breadcrumb\":{\"@id\":\"https:\/\/visitsouthestonia.com\/tartu-2024\/louna-eesti-kogukonnaprogrammi-eestvedajad\/#breadcrumb\"},\"inLanguage\":\"et\",\"potentialAction\":[{\"@type\":\"ReadAction\",\"target\":[\"https:\/\/visitsouthestonia.com\/tartu-2024\/louna-eesti-kogukonnaprogrammi-eestvedajad\/\"]}]},{\"@type\":\"BreadcrumbList\",\"@id\":\"https:\/\/visitsouthestonia.com\/tartu-2024\/louna-eesti-kogukonnaprogrammi-eestvedajad\/#breadcrumb\",\"itemListElement\":[{\"@type\":\"ListItem\",\"position\":1,\"name\":\"Tartu 2024 L\u00f5una-Eesti kogukonnaprogramm\",\"item\":\"https:\/\/visitsouthestonia.com\/tartu-2024\/\"},{\"@type\":\"ListItem\",\"position\":2,\"name\":\"L\u00f5una-Eesti kogukonnaprogrammi eestvedajad\"}]},{\"@type\":\"WebSite\",\"@id\":\"https:\/\/visitsouthestonia.com\/community\/#website\",\"url\":\"https:\/\/visitsouthestonia.com\/community\/\",\"name\":\"visitsouthestonia\",\"description\":\"Parim puhkus veeda L\u00f5una-Eestis!\",\"potentialAction\":[{\"@type\":\"SearchAction\",\"target\":{\"@type\":\"EntryPoint\",\"urlTemplate\":\"https:\/\/visitsouthestonia.com\/community\/?s={search_term_string}\"},\"query-input\":\"required name=search_term_string\"}],\"inLanguage\":\"et\"}]}<\/script>\n<!-- \/ Yoast SEO plugin. -->","yoast_head_json":{"title":"L\u00f5una-Eesti kogukonnaprogrammi eestvedajad - visitsouthestonia","robots":{"index":"index","follow":"follow","max-snippet":"max-snippet:-1","max-image-preview":"max-image-preview:large","max-video-preview":"max-video-preview:-1"},"canonical":"https:\/\/visitsouthestonia.com\/tartu-2024\/louna-eesti-kogukonnaprogrammi-eestvedajad\/","og_locale":"et_EE","og_type":"article","og_title":"L\u00f5una-Eesti kogukonnaprogrammi eestvedajad - visitsouthestonia","og_description":"&gt;&gt;&gt;ENG Kristiina Tammets, Tartumaa Arendusseltsi tegevjuht, L\u00f5una-Eesti kogukonnaprogrammi koordinaatortelefon +372 5340 9873, e-post kristiina@tas.eeElva, Kambja, Luunja, N\u00f5o, Peipsi\u00e4\u00e4re, Tartu, Kastre...","og_url":"https:\/\/visitsouthestonia.com\/tartu-2024\/louna-eesti-kogukonnaprogrammi-eestvedajad\/","og_site_name":"visitsouthestonia","article_modified_time":"2023-11-28T11:07:42+00:00","og_image":[{"url":"https:\/\/visitsouthestonia.com\/wp-content\/uploads\/2023\/06\/TIIM-35-1200x801.jpg"}],"twitter_card":"summary_large_image","twitter_misc":{"Est. reading time":"3 minutit"},"schema":{"@context":"https:\/\/schema.org","@graph":[{"@type":"WebPage","@id":"https:\/\/visitsouthestonia.com\/tartu-2024\/louna-eesti-kogukonnaprogrammi-eestvedajad\/","url":"https:\/\/visitsouthestonia.com\/tartu-2024\/louna-eesti-kogukonnaprogrammi-eestvedajad\/","name":"L\u00f5una-Eesti kogukonnaprogrammi eestvedajad - visitsouthestonia","isPartOf":{"@id":"https:\/\/visitsouthestonia.com\/community\/#website"},"datePublished":"2023-06-21T07:17:14+00:00","dateModified":"2023-11-28T11:07:42+00:00","breadcrumb":{"@id":"https:\/\/visitsouthestonia.com\/tartu-2024\/louna-eesti-kogukonnaprogrammi-eestvedajad\/#breadcrumb"},"inLanguage":"et","potentialAction":[{"@type":"ReadAction","target":["https:\/\/visitsouthestonia.com\/tartu-2024\/louna-eesti-kogukonnaprogrammi-eestvedajad\/"]}]},{"@type":"BreadcrumbList","@id":"https:\/\/visitsouthestonia.com\/tartu-2024\/louna-eesti-kogukonnaprogrammi-eestvedajad\/#breadcrumb","itemListElement":[{"@type":"ListItem","position":1,"name":"Tartu 2024 L\u00f5una-Eesti kogukonnaprogramm","item":"https:\/\/visitsouthestonia.com\/tartu-2024\/"},{"@type":"ListItem","position":2,"name":"L\u00f5una-Eesti kogukonnaprogrammi eestvedajad"}]},{"@type":"WebSite","@id":"https:\/\/visitsouthestonia.com\/community\/#website","url":"https:\/\/visitsouthestonia.com\/community\/","name":"visitsouthestonia","description":"Parim puhkus veeda L\u00f5una-Eestis!","potentialAction":[{"@type":"SearchAction","target":{"@type":"EntryPoint","urlTemplate":"https:\/\/visitsouthestonia.com\/community\/?s={search_term_string}"},"query-input":"required name=search_term_string"}],"inLanguage":"et"}]}},"coauthors":[],"author_meta":{"author_link":"https:\/\/visitsouthestonia.com\/community\/author\/kaisa-timmi\/","display_name":"Meeri"},"relative_dates":{"created":"Posted 3 aastat ago","modified":"Updated 2 aastat ago"},"absolute_dates":{"created":"Posted on 21. juuni 2023","modified":"Updated on 28. nov. 2023"},"absolute_dates_time":{"created":"Posted on 21. juuni 2023 10:17","modified":"Updated on 28. nov. 2023 01:07"},"featured_img_caption":"","featured_img":false,"series_order":"","_links":{"self":[{"href":"https:\/\/visitsouthestonia.com\/community\/wp-json\/wp\/v2\/pages\/13064"}],"collection":[{"href":"https:\/\/visitsouthestonia.com\/community\/wp-json\/wp\/v2\/pages"}],"about":[{"href":"https:\/\/visitsouthestonia.com\/community\/wp-json\/wp\/v2\/types\/page"}],"author":[{"embeddable":true,"href":"https:\/\/visitsouthestonia.com\/community\/wp-json\/wp\/v2\/users\/211"}],"replies":[{"embeddable":true,"href":"https:\/\/visitsouthestonia.com\/community\/wp-json\/wp\/v2\/comments?post=13064"}],"version-history":[{"count":14,"href":"https:\/\/visitsouthestonia.com\/community\/wp-json\/wp\/v2\/pages\/13064\/revisions"}],"predecessor-version":[{"id":19300,"href":"https:\/\/visitsouthestonia.com\/community\/wp-json\/wp\/v2\/pages\/13064\/revisions\/19300"}],"up":[{"embeddable":true,"href":"https:\/\/visitsouthestonia.com\/community\/wp-json\/wp\/v2\/pages\/13841"}],"wp:attachment":[{"href":"https:\/\/visitsouthestonia.com\/community\/wp-json\/wp\/v2\/media?parent=13064"}],"curies":[{"name":"wp","href":"https:\/\/api.w.org\/{rel}","templated":true}]}}