{"id":12515,"date":"2023-06-05T12:03:10","date_gmt":"2023-06-05T09:03:10","guid":{"rendered":"https:\/\/visitsouthestonia.com\/community\/?page_id=12515"},"modified":"2023-09-04T15:08:04","modified_gmt":"2023-09-04T12:08:04","slug":"louna-eesti-kogukonnaprogramm-annab-stardi-joeretkede-sarjaga-avasta-emajogi","status":"publish","type":"page","link":"https:\/\/visitsouthestonia.com\/community\/tartu-2024\/uudised\/louna-eesti-kogukonnaprogramm-annab-stardi-joeretkede-sarjaga-avasta-emajogi\/","title":{"rendered":"L\u00f5una-Eesti kogukonnaprogramm annab stardi j\u00f5eretkede sarjaga \u201eAvasta Emaj\u00f5gi\u201c"},"content":{"rendered":"\n<h1 class=\"wp-block-heading wp-el\"><strong><strong>L\u00f5una-Eesti kogukonnaprogramm annab kultuuripealinna kogukonnas\u00fcndmustele stardi j\u00f5eretkede sarjaga \u201eAvasta Emaj\u00f5gi\u201c<\/strong><\/strong><\/h1>\n\n\n\n<p class=\"wp-el\">5.06.2023<\/p>\n\n\n\n<p class=\"wp-el\"><strong>Euroopa kultuuripealinn Tartu 2024 p\u00f5hiprogrammi kuuluv L\u00f5una-Eesti kogukonnaprogramm annab koos LEADER-tegevusgruppidega sel n\u00e4dalal stardi 2023.<\/strong><em>\u2013<\/em><strong>2024. aasta kogukonnas\u00fcndmustele, mille avas\u00fcndmuseks on j\u00f5eretkede sarja \u201eAvasta Emaj\u00f5gi\u201c perep\u00e4ev laup\u00e4eval, 10. juunil Tartus Lodjakojas.<br><br><\/strong>Tartumaa Arendusseltsi tegevjuht ja L\u00f5una-Eesti kogukonnaprogrammi koordinaator <strong>Kristiina Tammets<\/strong> \u00fctles, et Emaj\u00f5e koost\u00f6\u00f6v\u00f5rgustiku korraldatav j\u00f5eretkede sari \u201eAvasta Emaj\u00f5gi\u201c annab kultuuripealinna kogukonnas\u00fcndmustele v\u00e4ga s\u00fcmboolse stardi. \u201eKogukonnad on pool aastat koos k\u00e4inud ja kogukonnas\u00fcndmuste tugiprogrammi raames oma s\u00fcndmuste korraldust lihvinud \u2013 n\u00fc\u00fcd on t\u00e4pselt \u00f5ige aeg alustada,\u201c r\u00e4\u00e4kis Tammets. \u201eKultuuripealinna-aasta sissejuhatus saab t\u00e4navu olema p\u00f5nev ja sisukas ning L\u00f5una-Eesti kogukonnaprogramm annab selleks igak\u00fclgse panuse, et tutvustada siinse piirkonna v\u00e4\u00e4rtusi just n\u00f5nda, nagu seda peavad t\u00e4htsaks L\u00f5una-Eesti kogukonnad.\u201c<\/p>\n\n\n\n<div class=\"wp-block-advgb-columns advgb-columns-wrapper\" id=\"advgb-cols-766190ca-8fae-48ec-b176-738d1beb58c1\"><div class=\"advgb-columns-container\"><div class=\"advgb-columns advgb-columns-row advgb-is-mobile advgb-columns-2 layout-23-13 mbl-layout-stacked vgutter-10\">\n<div class=\"wp-block-advgb-column advgb-column advgb-is-two-thirds-tablet advgb-is-full-mobile\" id=\"advgb-col-98357ab1-8b1a-425c-84eb-6b409bf5f9cd\"><div class=\"advgb-column-inner\" style=\"border-style:none;border-width:1px\">\n<p class=\"wp-el\">J\u00f5eretkede sarja \u00fcks korraldajaid, laevafirma Estriver eestvedaja <strong>Karoliina Lass<\/strong> lausus, et Emaj\u00f5e retked aitavad inimesi j\u00f5ele l\u00e4hemale tuua ning toetavad Tartu linna eesm\u00e4rki elavdada j\u00f5eelu k\u00f5igil neljal aastaajal. \u201eIgal j\u00f5eretkel on oma n\u00e4gu: oma laev ja kipper, oma giid ja teema, nii et kindlasti leiab iga huviline endale siit sobiva viisi Emaj\u00f5ega l\u00e4hemat tutvust teha,\u201c m\u00e4rkis Lass. <\/p>\n\n\n\n<p class=\"wp-el\">J\u00f5eretki jagub kevadsuvest talveni ja sarja t\u00e4navune viimane s\u00fcndmus toimub detsembris, mil kohe-kohe s\u00f5itma hakkaval kireva ajalooga 102 aasta vanusel laeval Sandra D esineb muusik Jaan Pehk.<\/p>\n<\/div><\/div>\n\n\n\n<div class=\"wp-block-advgb-column advgb-column advgb-is-one-third-tablet advgb-is-full-mobile\" id=\"advgb-col-27129f3b-fadd-4efe-93b6-b5c6ee668502\"><div class=\"advgb-column-inner\" style=\"border-style:none;border-width:1px\">\n<figure class=\"wp-block-image size-large\"><img decoding=\"async\" loading=\"lazy\" width=\"1200\" height=\"800\" src=\"https:\/\/visitsouthestonia.com\/community\/wp-content\/uploads\/2023\/06\/Joeretkede-sari_Avasta-Emajogi_foto-Sven-Zacek-1-1200x800.jpg\" alt=\"\" class=\"wp-image-12520\" srcset=\"https:\/\/visitsouthestonia.com\/community\/wp-content\/uploads\/2023\/06\/Joeretkede-sari_Avasta-Emajogi_foto-Sven-Zacek-1-1200x800.jpg 1200w, https:\/\/visitsouthestonia.com\/community\/wp-content\/uploads\/2023\/06\/Joeretkede-sari_Avasta-Emajogi_foto-Sven-Zacek-1-768x512.jpg 768w, https:\/\/visitsouthestonia.com\/community\/wp-content\/uploads\/2023\/06\/Joeretkede-sari_Avasta-Emajogi_foto-Sven-Zacek-1-1536x1024.jpg 1536w, https:\/\/visitsouthestonia.com\/community\/wp-content\/uploads\/2023\/06\/Joeretkede-sari_Avasta-Emajogi_foto-Sven-Zacek-1-350x233.jpg 350w, https:\/\/visitsouthestonia.com\/community\/wp-content\/uploads\/2023\/06\/Joeretkede-sari_Avasta-Emajogi_foto-Sven-Zacek-1-1100x733.jpg 1100w, https:\/\/visitsouthestonia.com\/community\/wp-content\/uploads\/2023\/06\/Joeretkede-sari_Avasta-Emajogi_foto-Sven-Zacek-1-230x153.jpg 230w, https:\/\/visitsouthestonia.com\/community\/wp-content\/uploads\/2023\/06\/Joeretkede-sari_Avasta-Emajogi_foto-Sven-Zacek-1-105x70.jpg 105w, https:\/\/visitsouthestonia.com\/community\/wp-content\/uploads\/2023\/06\/Joeretkede-sari_Avasta-Emajogi_foto-Sven-Zacek-1-188x125.jpg 188w, https:\/\/visitsouthestonia.com\/community\/wp-content\/uploads\/2023\/06\/Joeretkede-sari_Avasta-Emajogi_foto-Sven-Zacek-1-81x54.jpg 81w, https:\/\/visitsouthestonia.com\/community\/wp-content\/uploads\/2023\/06\/Joeretkede-sari_Avasta-Emajogi_foto-Sven-Zacek-1-370x247.jpg 370w, https:\/\/visitsouthestonia.com\/community\/wp-content\/uploads\/2023\/06\/Joeretkede-sari_Avasta-Emajogi_foto-Sven-Zacek-1.jpg 1920w\" sizes=\"(max-width: 1200px) 100vw, 1200px\" \/><figcaption class=\"wp-element-caption\">J\u00f5eretkede sari &#8220;Avasta Emaj\u00f5gi&#8221;. Foto: Sven Zacek<\/figcaption><\/figure>\n<\/div><\/div>\n<\/div><\/div><\/div>\n\n\n\n<p class=\"wp-el\">Lodjakojas 10. juunil peetav perep\u00e4ev v\u00f5imaldab aga lodjakapteni <strong>Linda Saare<\/strong> s\u00f5nul saada hea \u00fclevaate kogu sisevete laevanduse ajaloost. \u201eAlustame j\u00f5eretki 600 aasta tagusest ajast, mil hansakoge meistrid tulid sisevetele ja hakkasid v\u00e4lja t\u00f6\u00f6tama uut laevat\u00fc\u00fcpi, mis sobiks s\u00f5itma madalatel ja teistmoodi tuultega siseveekogudel. Tekkisid lodjad ja Tartust sai t\u00e4htis hansalinn ning lotjasid kasutati Emaj\u00f5el kaubavahetuseks aastasadu,\u201c selgitas Saare. Ta lisas, et lotjade kui k\u00f5ige vanaaegsemate siinsetel vetel s\u00f5itvate laevade j\u00e4reltulija \u201eJ\u00f5mmu\u201c pakub unikaalset laevas\u00f5idu kogemust eri vanuses ja huvidega inimestele. Perep\u00e4eval saabki lisaks laevanduse ajalooga tutvumisele lodjaga s\u00f5ita, meisterdada ja palju muud huvitavat teha.<\/p>\n\n\n\n<p class=\"wp-el\"><strong>J\u00f5eretkede sari \u201eAvasta Emaj\u00f5gi\u201c<\/strong> kutsub osa saama Emaj\u00f5e veemaailmast.Emaj\u00f5e ilusa ja hapra vesikonnaga saab 2023. ja 2024. aastal l\u00e4hemat tutvust teha temaatilistel j\u00f5eretkedel, mis viivad osalejad puutumatutesse paikadesse. Retked kutsuvad avastama j\u00f5eelu k\u00f5igil neljal aastaajal \u2013 kevadel, suvel, s\u00fcgisel ja talvel, ning \u00fchtlasi innustavad kaasa aitama sealse \u00f6kos\u00fcsteemi hoidmisele. Emaj\u00f5e koost\u00f6\u00f6v\u00f5rgustiku korraldatava sarja kohta saab rohkem infot: <a href=\"https:\/\/tas.ee\/joeretkede-sari-avasta-emajogi-tuleb-taas\/\">https:\/\/tas.ee\/joeretkede-sari-avasta-emajogi-tuleb-taas\/<\/a><\/p>\n\n\n\n<p class=\"wp-el\"><strong>L\u00f5una-Eesti kogukonnaprogrammi<\/strong> kuuluvad avatud taotlusvooru tulemusena j\u00e4rgmiste kogukondade projektid: Peipsi Toidu T\u00e4nav 175 km, \u201eTaliteed Emaj\u00f5e-Suursoos\u201c, \u201eL\u00e4bi linna: Valga+Valka\u201c, Seto tantsupidu \u201eKad\u00b4ah kavv\u00f5k\u00f5\u00b4\u201c, konverents \u201eKohalik kultuur kui ruumiloome komponent\u201c Valga linnas, \u201eSeto kostip\u00e4iv\u00e4 aastaring\u201c, Tartumaa toidus\u00fcndmuste sari \u201eTirin\u201c, kogukonnafestival \u201eMina tean, kust tuleb minu toit\u201d, dokumentaalne osaluslavastus \u201eElluj\u00e4\u00e4miskunstid. KMOMID\u201c, R\u00f5uge projekt \u201eSanna!\u201c, roosifestival Kaagj\u00e4rvel, j\u00f5eretkede sari \u201eAvasta Emaj\u00f5gi!\u201c, maaliliste maastike j\u00e4\u00e4dvustamise matkasari Otep\u00e4\u00e4l, \u201eMeelter\u00e4nnak looduses\u201c, Kagu-Eesti kultuuri- ja inspiratsioonifestival \u201eLoovus loob lootust!\u201c, \u201eAvastamata Antsla aarded \u2013 j\u00e4rved\u201c, I Kodavere laalupido, kogukonnaetendus \u201eLeevaku kullakaevur\u201c, Navi k\u00fcla kogukonnafestival, teemap\u00e4evad \u201eKohalikud traditsioonid kui elluj\u00e4\u00e4misv\u00f5imalus\u201c. L\u00e4hem info s\u00fcndmuste kohta: <a href=\"http:\/\/www.visitsouthestonia.com\/community\/tartu-2024\/\">www.visitsouthestonia.com\/community\/tartu-2024\/<\/a><br><br>L\u00f5una-Eesti kogukonnaprogrammi raames korraldatakse 2023.<em>\u2013<\/em>2024. aastal 20 projekti mitmek\u00fcmne v\u00e4\u00e4rtusp\u00f5hise s\u00fcndmusega, mis kutsuvad osalema k\u00fclastajaid Eestist, Euroopast ja mujalt maailmast. Kogukonnaprogrammi eesm\u00e4rk on anda hoogu omavahelisele koost\u00f6\u00f6le ja tugevdada L\u00f5una-Eesti identiteeti, tutvustades Euroopa kultuuripealinn Tartu 2024 p\u00f5hiprogrammis \u00fchiselt kogu piirkonda k\u00fclalistele just nende v\u00e4\u00e4rtuste p\u00f5hjal, mis on olulised kohalikele inimestele ja kogukondadele. K\u00f5ik valitud s\u00fcndmused aitavad esile t\u00f5sta L\u00f5una-Eesti v\u00e4\u00e4rtusi \u2013 puhast loodust, mitmek\u00fclgset kultuurip\u00e4randit<em>, <\/em>kohalikku toitu ja k\u00e4sit\u00f6\u00f6d, tervislikku eluviisi, j\u00e4tkusuutlikke ja innovaatilisi lahendusi ning aktiivseid ja eluj\u00f5ulisi kogukondi.<br><br>L\u00f5una-Eesti kogukonnaprogramm kuulub Euroopa kultuuripealinn Tartu 2024 p\u00f5hiprogrammi. L\u00f5una-Eesti kogukonnaprogramm kasvas v\u00e4lja 2013. aastal L\u00f5una-Eesti LEADER-tegevusgruppide k\u00e4ima l\u00fckatud kollaste akende projektist \u201eElu kahe maailma piiril\u201c. L\u00f5una-Eesti kogukonnaprogrammi viivad ellu LEADER-tegevusgrupid Tartumaa Arendusselts, Valgamaa Partnerluskogu, V\u00f5rumaa Partnerluskogu ja Piiriveere Liider ning koost\u00f6\u00f6partneritena l\u00f6\u00f6vad kaasa Tartu, Elva, V\u00f5ru ja Valga linn. Rahastus tuleb LEADER-meetmest ning SA Tartu 2024 poolt L\u00f5una-Eesti kogukonnaprogrammile eraldatud eelarvest. Kogukonnaprogrammi tegemistesse on partnerina kaasatud teinegi Euroopa kultuuripealinn Tartu 2024 projekt Tartu Maailma\u00fclikool.<\/p>\n\n\n\n<p class=\"wp-el\"><\/p>\n\n\n\n<p class=\"wp-el\">Lisainformatsioon:<\/p>\n\n\n\n<p class=\"wp-el\"><a href=\"http:\/\/www.visitsouthestonia.com\/community\/tartu-2024\/\">www.visitsouthestonia.com\/community\/tartu-2024\/<\/a><br><a href=\"https:\/\/tartu2024.ee\/kogukonnaprogramm\">tartu2024.ee\/kogukonnaprogramm<\/a><\/p>\n\n\n\n<p class=\"wp-el\"><strong>Kristiina Tammets<\/strong>, Tartumaa Arendusseltsi tegevjuht ja L\u00f5una-Eesti kogukonnaprogrammi koordinaator,<br>telefon +372 5340 9873, e-post <a href=\"mailto:kristiina@tas.ee\">kristiina@tas.ee<\/a><\/p>\n\n\n\n<p class=\"wp-el\"><strong>Karoliina Lass<\/strong>, j\u00f5eretkede sarja \u201eAvasta Emaj\u00f5gi\u201c korraldaja, O\u00dc Estriver<br>telefon +372 5340 1033, e-post <a href=\"mailto:info@estriver.ee\">info@estriver.ee<\/a><\/p>\n\n\n\n<p class=\"wp-el\"><strong>Linda Saare<\/strong>, j\u00f5eretkede sarja \u201eAvasta Emaj\u00f5gi\u201c korraldaja, MT\u00dc Emaj\u00f5e Lodjaselts,<br>telefon +372 5518 386, e-post <a href=\"mailto:info@lodi.ee\">info@lodi.ee<\/a><\/p>\n\n\n\n<figure class=\"wp-block-image size-large is-resized\"><img decoding=\"async\" loading=\"lazy\" src=\"https:\/\/visitsouthestonia.com\/community\/wp-content\/uploads\/2023\/05\/Tartu24Leader-logo-horisontaalne-est-must-1200x524.jpg\" alt=\"\" class=\"wp-image-12363\" style=\"width:300px;height:131px\" width=\"300\" height=\"131\" srcset=\"https:\/\/visitsouthestonia.com\/community\/wp-content\/uploads\/2023\/05\/Tartu24Leader-logo-horisontaalne-est-must-1200x524.jpg 1200w, https:\/\/visitsouthestonia.com\/community\/wp-content\/uploads\/2023\/05\/Tartu24Leader-logo-horisontaalne-est-must-768x335.jpg 768w, https:\/\/visitsouthestonia.com\/community\/wp-content\/uploads\/2023\/05\/Tartu24Leader-logo-horisontaalne-est-must-350x153.jpg 350w, https:\/\/visitsouthestonia.com\/community\/wp-content\/uploads\/2023\/05\/Tartu24Leader-logo-horisontaalne-est-must-1100x480.jpg 1100w, https:\/\/visitsouthestonia.com\/community\/wp-content\/uploads\/2023\/05\/Tartu24Leader-logo-horisontaalne-est-must-230x100.jpg 230w, https:\/\/visitsouthestonia.com\/community\/wp-content\/uploads\/2023\/05\/Tartu24Leader-logo-horisontaalne-est-must-160x70.jpg 160w, https:\/\/visitsouthestonia.com\/community\/wp-content\/uploads\/2023\/05\/Tartu24Leader-logo-horisontaalne-est-must-188x82.jpg 188w, https:\/\/visitsouthestonia.com\/community\/wp-content\/uploads\/2023\/05\/Tartu24Leader-logo-horisontaalne-est-must-124x54.jpg 124w, https:\/\/visitsouthestonia.com\/community\/wp-content\/uploads\/2023\/05\/Tartu24Leader-logo-horisontaalne-est-must-370x161.jpg 370w, https:\/\/visitsouthestonia.com\/community\/wp-content\/uploads\/2023\/05\/Tartu24Leader-logo-horisontaalne-est-must.jpg 1334w\" sizes=\"(max-width: 300px) 100vw, 300px\" \/><figcaption class=\"wp-element-caption\">image description<\/figcaption><\/figure>\n\n\n\n<p class=\"wp-el\"><img decoding=\"async\" loading=\"lazy\" width=\"128\" height=\"128\" class=\"wp-image-12016\" style=\"width: 20px;\" src=\"https:\/\/visitsouthestonia.com\/community\/wp-content\/uploads\/2023\/05\/must-nool.png\" alt=\"\" srcset=\"https:\/\/visitsouthestonia.com\/community\/wp-content\/uploads\/2023\/05\/must-nool.png 128w, https:\/\/visitsouthestonia.com\/community\/wp-content\/uploads\/2023\/05\/must-nool-51x51.png 51w, https:\/\/visitsouthestonia.com\/community\/wp-content\/uploads\/2023\/05\/must-nool-70x70.png 70w, https:\/\/visitsouthestonia.com\/community\/wp-content\/uploads\/2023\/05\/must-nool-120x120.png 120w, https:\/\/visitsouthestonia.com\/community\/wp-content\/uploads\/2023\/05\/must-nool-100x100.png 100w, https:\/\/visitsouthestonia.com\/community\/wp-content\/uploads\/2023\/05\/must-nool-54x54.png 54w\" sizes=\"(max-width: 128px) 100vw, 128px\" \/> Rohkem infot <a href=\"https:\/\/visitsouthestonia.com\/community\/tartu-2024\/\">Euroopa kultuuripealinn Tartu 2024 L\u00f5una-Eesti kogukonnaprogrammist<\/a><\/p>\n<style class=\"advgb-styles-renderer\">#advgb-cols-766190ca-8fae-48ec-b176-738d1beb58c1{}@media screen and (max-width: 1023px) {#advgb-cols-766190ca-8fae-48ec-b176-738d1beb58c1{}}@media screen and (max-width: 767px) {#advgb-cols-766190ca-8fae-48ec-b176-738d1beb58c1{}}#advgb-col-98357ab1-8b1a-425c-84eb-6b409bf5f9cd>.advgb-column-inner{}@media screen and (max-width: 1023px) {#advgb-col-98357ab1-8b1a-425c-84eb-6b409bf5f9cd>.advgb-column-inner{}}@media screen and (max-width: 767px) {#advgb-col-98357ab1-8b1a-425c-84eb-6b409bf5f9cd>.advgb-column-inner{}}#advgb-col-27129f3b-fadd-4efe-93b6-b5c6ee668502>.advgb-column-inner{}@media screen and (max-width: 1023px) {#advgb-col-27129f3b-fadd-4efe-93b6-b5c6ee668502>.advgb-column-inner{}}@media screen and (max-width: 767px) {#advgb-col-27129f3b-fadd-4efe-93b6-b5c6ee668502>.advgb-column-inner{}}<\/style>","protected":false},"excerpt":{"rendered":"<p>L\u00f5una-Eesti kogukonnaprogramm annab kultuuripealinna kogukonnas\u00fcndmustele stardi j\u00f5eretkede sarjaga \u201eAvasta Emaj\u00f5gi\u201c 5.06.2023 Euroopa kultuuripealinn Tartu 2024 p\u00f5hiprogrammi kuuluv L\u00f5una-Eesti kogukonnaprogramm annab&#8230;<\/p>\n","protected":false},"author":211,"featured_media":0,"parent":12304,"menu_order":1,"comment_status":"closed","ping_status":"closed","template":"","meta":{"advgb_blocks_editor_width":"","advgb_blocks_columns_visual_guide":"","footnotes":"","_links_to":"","_links_to_target":""},"acf":[],"yoast_head":"<!-- This site is optimized with the Yoast SEO plugin v21.4 - https:\/\/yoast.com\/wordpress\/plugins\/seo\/ -->\n<title>L\u00f5una-Eesti kogukonnaprogramm annab stardi j\u00f5eretkede sarjaga \u201eAvasta Emaj\u00f5gi\u201c - visitsouthestonia<\/title>\n<meta name=\"robots\" content=\"index, follow, max-snippet:-1, max-image-preview:large, max-video-preview:-1\" \/>\n<link rel=\"canonical\" href=\"https:\/\/visitsouthestonia.com\/tartu-2024\/uudised\/louna-eesti-kogukonnaprogramm-annab-stardi-joeretkede-sarjaga-avasta-emajogi\/\" \/>\n<meta property=\"og:locale\" content=\"et_EE\" \/>\n<meta property=\"og:type\" content=\"article\" \/>\n<meta property=\"og:title\" content=\"L\u00f5una-Eesti kogukonnaprogramm annab stardi j\u00f5eretkede sarjaga \u201eAvasta Emaj\u00f5gi\u201c - visitsouthestonia\" \/>\n<meta property=\"og:description\" content=\"L\u00f5una-Eesti kogukonnaprogramm annab kultuuripealinna kogukonnas\u00fcndmustele stardi j\u00f5eretkede sarjaga \u201eAvasta Emaj\u00f5gi\u201c 5.06.2023 Euroopa kultuuripealinn Tartu 2024 p\u00f5hiprogrammi kuuluv L\u00f5una-Eesti kogukonnaprogramm annab...\" \/>\n<meta property=\"og:url\" content=\"https:\/\/visitsouthestonia.com\/tartu-2024\/uudised\/louna-eesti-kogukonnaprogramm-annab-stardi-joeretkede-sarjaga-avasta-emajogi\/\" \/>\n<meta property=\"og:site_name\" content=\"visitsouthestonia\" \/>\n<meta property=\"article:modified_time\" content=\"2023-09-04T12:08:04+00:00\" \/>\n<meta property=\"og:image\" content=\"https:\/\/visitsouthestonia.com\/wp-content\/uploads\/2023\/06\/Joeretkede-sari_Avasta-Emajogi_foto-Sven-Zacek-1-1200x800.jpg\" \/>\n<meta name=\"twitter:card\" content=\"summary_large_image\" \/>\n<meta name=\"twitter:label1\" content=\"Est. reading time\" \/>\n\t<meta name=\"twitter:data1\" content=\"5 minutit\" \/>\n<script type=\"application\/ld+json\" class=\"yoast-schema-graph\">{\"@context\":\"https:\/\/schema.org\",\"@graph\":[{\"@type\":\"WebPage\",\"@id\":\"https:\/\/visitsouthestonia.com\/tartu-2024\/uudised\/louna-eesti-kogukonnaprogramm-annab-stardi-joeretkede-sarjaga-avasta-emajogi\/\",\"url\":\"https:\/\/visitsouthestonia.com\/tartu-2024\/uudised\/louna-eesti-kogukonnaprogramm-annab-stardi-joeretkede-sarjaga-avasta-emajogi\/\",\"name\":\"L\u00f5una-Eesti kogukonnaprogramm annab stardi j\u00f5eretkede sarjaga \u201eAvasta Emaj\u00f5gi\u201c - visitsouthestonia\",\"isPartOf\":{\"@id\":\"https:\/\/visitsouthestonia.com\/community\/#website\"},\"datePublished\":\"2023-06-05T09:03:10+00:00\",\"dateModified\":\"2023-09-04T12:08:04+00:00\",\"breadcrumb\":{\"@id\":\"https:\/\/visitsouthestonia.com\/tartu-2024\/uudised\/louna-eesti-kogukonnaprogramm-annab-stardi-joeretkede-sarjaga-avasta-emajogi\/#breadcrumb\"},\"inLanguage\":\"et\",\"potentialAction\":[{\"@type\":\"ReadAction\",\"target\":[\"https:\/\/visitsouthestonia.com\/tartu-2024\/uudised\/louna-eesti-kogukonnaprogramm-annab-stardi-joeretkede-sarjaga-avasta-emajogi\/\"]}]},{\"@type\":\"BreadcrumbList\",\"@id\":\"https:\/\/visitsouthestonia.com\/tartu-2024\/uudised\/louna-eesti-kogukonnaprogramm-annab-stardi-joeretkede-sarjaga-avasta-emajogi\/#breadcrumb\",\"itemListElement\":[{\"@type\":\"ListItem\",\"position\":1,\"name\":\"Tartu 2024 L\u00f5una-Eesti kogukonnaprogramm\",\"item\":\"https:\/\/visitsouthestonia.com\/tartu-2024\/\"},{\"@type\":\"ListItem\",\"position\":2,\"name\":\"Tartu 2024 kogukonnaprogrammi uudised\",\"item\":\"https:\/\/visitsouthestonia.com\/tartu-2024\/uudised\/\"},{\"@type\":\"ListItem\",\"position\":3,\"name\":\"L\u00f5una-Eesti kogukonnaprogramm annab stardi j\u00f5eretkede sarjaga \u201eAvasta Emaj\u00f5gi\u201c\"}]},{\"@type\":\"WebSite\",\"@id\":\"https:\/\/visitsouthestonia.com\/community\/#website\",\"url\":\"https:\/\/visitsouthestonia.com\/community\/\",\"name\":\"visitsouthestonia\",\"description\":\"Parim puhkus veeda L\u00f5una-Eestis!\",\"potentialAction\":[{\"@type\":\"SearchAction\",\"target\":{\"@type\":\"EntryPoint\",\"urlTemplate\":\"https:\/\/visitsouthestonia.com\/community\/?s={search_term_string}\"},\"query-input\":\"required name=search_term_string\"}],\"inLanguage\":\"et\"}]}<\/script>\n<!-- \/ Yoast SEO plugin. -->","yoast_head_json":{"title":"L\u00f5una-Eesti kogukonnaprogramm annab stardi j\u00f5eretkede sarjaga \u201eAvasta Emaj\u00f5gi\u201c - visitsouthestonia","robots":{"index":"index","follow":"follow","max-snippet":"max-snippet:-1","max-image-preview":"max-image-preview:large","max-video-preview":"max-video-preview:-1"},"canonical":"https:\/\/visitsouthestonia.com\/tartu-2024\/uudised\/louna-eesti-kogukonnaprogramm-annab-stardi-joeretkede-sarjaga-avasta-emajogi\/","og_locale":"et_EE","og_type":"article","og_title":"L\u00f5una-Eesti kogukonnaprogramm annab stardi j\u00f5eretkede sarjaga \u201eAvasta Emaj\u00f5gi\u201c - visitsouthestonia","og_description":"L\u00f5una-Eesti kogukonnaprogramm annab kultuuripealinna kogukonnas\u00fcndmustele stardi j\u00f5eretkede sarjaga \u201eAvasta Emaj\u00f5gi\u201c 5.06.2023 Euroopa kultuuripealinn Tartu 2024 p\u00f5hiprogrammi kuuluv L\u00f5una-Eesti kogukonnaprogramm annab...","og_url":"https:\/\/visitsouthestonia.com\/tartu-2024\/uudised\/louna-eesti-kogukonnaprogramm-annab-stardi-joeretkede-sarjaga-avasta-emajogi\/","og_site_name":"visitsouthestonia","article_modified_time":"2023-09-04T12:08:04+00:00","og_image":[{"url":"https:\/\/visitsouthestonia.com\/wp-content\/uploads\/2023\/06\/Joeretkede-sari_Avasta-Emajogi_foto-Sven-Zacek-1-1200x800.jpg"}],"twitter_card":"summary_large_image","twitter_misc":{"Est. reading time":"5 minutit"},"schema":{"@context":"https:\/\/schema.org","@graph":[{"@type":"WebPage","@id":"https:\/\/visitsouthestonia.com\/tartu-2024\/uudised\/louna-eesti-kogukonnaprogramm-annab-stardi-joeretkede-sarjaga-avasta-emajogi\/","url":"https:\/\/visitsouthestonia.com\/tartu-2024\/uudised\/louna-eesti-kogukonnaprogramm-annab-stardi-joeretkede-sarjaga-avasta-emajogi\/","name":"L\u00f5una-Eesti kogukonnaprogramm annab stardi j\u00f5eretkede sarjaga \u201eAvasta Emaj\u00f5gi\u201c - visitsouthestonia","isPartOf":{"@id":"https:\/\/visitsouthestonia.com\/community\/#website"},"datePublished":"2023-06-05T09:03:10+00:00","dateModified":"2023-09-04T12:08:04+00:00","breadcrumb":{"@id":"https:\/\/visitsouthestonia.com\/tartu-2024\/uudised\/louna-eesti-kogukonnaprogramm-annab-stardi-joeretkede-sarjaga-avasta-emajogi\/#breadcrumb"},"inLanguage":"et","potentialAction":[{"@type":"ReadAction","target":["https:\/\/visitsouthestonia.com\/tartu-2024\/uudised\/louna-eesti-kogukonnaprogramm-annab-stardi-joeretkede-sarjaga-avasta-emajogi\/"]}]},{"@type":"BreadcrumbList","@id":"https:\/\/visitsouthestonia.com\/tartu-2024\/uudised\/louna-eesti-kogukonnaprogramm-annab-stardi-joeretkede-sarjaga-avasta-emajogi\/#breadcrumb","itemListElement":[{"@type":"ListItem","position":1,"name":"Tartu 2024 L\u00f5una-Eesti kogukonnaprogramm","item":"https:\/\/visitsouthestonia.com\/tartu-2024\/"},{"@type":"ListItem","position":2,"name":"Tartu 2024 kogukonnaprogrammi uudised","item":"https:\/\/visitsouthestonia.com\/tartu-2024\/uudised\/"},{"@type":"ListItem","position":3,"name":"L\u00f5una-Eesti kogukonnaprogramm annab stardi j\u00f5eretkede sarjaga \u201eAvasta Emaj\u00f5gi\u201c"}]},{"@type":"WebSite","@id":"https:\/\/visitsouthestonia.com\/community\/#website","url":"https:\/\/visitsouthestonia.com\/community\/","name":"visitsouthestonia","description":"Parim puhkus veeda L\u00f5una-Eestis!","potentialAction":[{"@type":"SearchAction","target":{"@type":"EntryPoint","urlTemplate":"https:\/\/visitsouthestonia.com\/community\/?s={search_term_string}"},"query-input":"required name=search_term_string"}],"inLanguage":"et"}]}},"coauthors":[],"author_meta":{"author_link":"https:\/\/visitsouthestonia.com\/community\/author\/kaisa-timmi\/","display_name":"Meeri"},"relative_dates":{"created":"Posted 3 aastat ago","modified":"Updated 3 aastat ago"},"absolute_dates":{"created":"Posted on 5. juuni 2023","modified":"Updated on 4. sept. 2023"},"absolute_dates_time":{"created":"Posted on 5. juuni 2023 12:03","modified":"Updated on 4. sept. 2023 03:08"},"featured_img_caption":"","featured_img":false,"series_order":"","_links":{"self":[{"href":"https:\/\/visitsouthestonia.com\/community\/wp-json\/wp\/v2\/pages\/12515"}],"collection":[{"href":"https:\/\/visitsouthestonia.com\/community\/wp-json\/wp\/v2\/pages"}],"about":[{"href":"https:\/\/visitsouthestonia.com\/community\/wp-json\/wp\/v2\/types\/page"}],"author":[{"embeddable":true,"href":"https:\/\/visitsouthestonia.com\/community\/wp-json\/wp\/v2\/users\/211"}],"replies":[{"embeddable":true,"href":"https:\/\/visitsouthestonia.com\/community\/wp-json\/wp\/v2\/comments?post=12515"}],"version-history":[{"count":9,"href":"https:\/\/visitsouthestonia.com\/community\/wp-json\/wp\/v2\/pages\/12515\/revisions"}],"predecessor-version":[{"id":14248,"href":"https:\/\/visitsouthestonia.com\/community\/wp-json\/wp\/v2\/pages\/12515\/revisions\/14248"}],"up":[{"embeddable":true,"href":"https:\/\/visitsouthestonia.com\/community\/wp-json\/wp\/v2\/pages\/12304"}],"wp:attachment":[{"href":"https:\/\/visitsouthestonia.com\/community\/wp-json\/wp\/v2\/media?parent=12515"}],"curies":[{"name":"wp","href":"https:\/\/api.w.org\/{rel}","templated":true}]}}