{"id":12480,"date":"2023-06-01T17:14:50","date_gmt":"2023-06-01T14:14:50","guid":{"rendered":"https:\/\/visitsouthestonia.com\/community\/?page_id=12480"},"modified":"2023-09-04T15:09:22","modified_gmt":"2023-09-04T12:09:22","slug":"louna-eesti-kogukonnaprogramm-valis-valja-19-projekti","status":"publish","type":"page","link":"https:\/\/visitsouthestonia.com\/community\/tartu-2024\/uudised\/louna-eesti-kogukonnaprogramm-valis-valja-19-projekti\/","title":{"rendered":"L\u00f5una-Eesti kogukonnaprogramm valis v\u00e4lja 19 projekti v\u00e4\u00e4rtusp\u00f5histe s\u00fcndmuste korraldamiseks"},"content":{"rendered":"\n<h1 class=\"wp-block-heading wp-el\"><strong>L\u00f5una-Eesti kogukonnaprogramm valis v\u00e4lja 19 projekti v\u00e4\u00e4rtusp\u00f5histe s\u00fcndmuste korraldamiseks Euroopa kultuuripealinna p\u00f5hiprogrammis<\/strong><\/h1>\n\n\n\n<p class=\"wp-el\">30.11.2022<\/p>\n\n\n\n<p class=\"wp-el\"><strong>Euroopa kultuuripealinn Tartu 2024 p\u00f5hiprogrammi kuuluv L\u00f5una-Eesti kogukonnaprogramm valis LEADER-tegevusgruppide korraldatud taotlusvoorus v\u00e4lja 19 projekti, mis saavad 2023.<\/strong><em>\u2013<\/em><strong>2024. aastal Euroopa kultuuripealinna p\u00f5hiprogrammi raames ellu viia oma v\u00e4lja pakutud v\u00e4\u00e4rtusp\u00f5hised s\u00fcndmused L\u00f5una-Eestis.<br><br><\/strong>Tartumaa Arendusseltsi tegevjuht ja L\u00f5una-Eesti kogukonnaprogrammi koordinaator <strong>Kristiina Tammets <\/strong>\u00fctles, et taotlusvooru laekus hea hulk projekte, mis kannavad L\u00f5una-Eesti v\u00e4\u00e4rtusi ja aitavad tutvustada kogu piirkonda. \u201eParemiku v\u00e4ljaselgitamine ei olnud kerge, kuid mitmeastmelise hindamise tulemusena s\u00f5elusime v\u00e4lja k\u00f5ige tugevamad projektid, mis rikastavad Euroopa kultuuripealinna p\u00f5hiprogrammi ning toovad esile L\u00f5una-Eesti erip\u00e4ra ja mitmek\u00fclgsuse,\u201c selgitas Tammets.<\/p>\n\n\n\n<p class=\"wp-el\">V\u00e4\u00e4rtusp\u00f5histe s\u00fcndmuste ideid said avatud taotlusvooru esitada k\u00f5ik huvilised: nii vaba\u00fchendused, sihtasutused kui ka omavalitsused. Taotlusvoor kestis 16. maist kuni 15. septembrini ning t\u00e4htajaks esitati kokku 32 taotlust, millest hindamisele l\u00e4ks 31 taotlust. Projektide hindamine toimus kahes etapis: esmalt hindas taotlusi kohaliku LEADER-tegevuspiirkonna hindamiskomisjon ning seej\u00e4rel L\u00f5una-Eesti piirkonna\u00fclene hindamiskomisjon. Hindamistulemused kinnitasid ka k\u00f5igi antud piirkonna LEADER-tegevusgruppide juhatused. T\u00e4iendav taotlusvoor on kavas korraldada veel Tartu vallas, et leida sobiv s\u00fcndmus ka selle omavalitsuse piiresse.<\/p>\n\n\n\n<p class=\"wp-el\">L\u00f5una-Eesti kogukonnaprogrammis osutusid valituks j\u00e4rgmised projektid: Peipsi Toidu T\u00e4nav 175 km, \u201eTaliteed Emaj\u00f5e-Suursoos\u201c, \u201eL\u00e4bi linna: Valga+Valka\u201c, Seto tantsupidu \u201eKad\u00b4ah kavv\u00f5k\u00f5\u00b4\u201c, konverents \u201eKohalik kultuur kui ruumiloome komponent\u201c Valga linnas, \u201eSeto kostip\u00e4iva aastaring\u201c, Tartumaa toidufestival 2023 ja Tartumaa toidufestival 2024, kogukonnafestival \u201eMina tean, kust tuleb minu toit\u201d, dokumentaalne osaluslavastus \u201eElluj\u00e4\u00e4miskunstid. KMOMID\u201c, projekt \u201eSanna!\u201c, roosifestival Kaagj\u00e4rvel, j\u00f5eretkede sari \u201eAvasta Emaj\u00f5gi!\u201c, maaliliste maastike v\u00e4\u00e4rtustamise ja j\u00e4\u00e4dvustamise matkasari Otep\u00e4\u00e4l, \u201eMeelter\u00e4nnak looduses\u201c, Kagu-Eesti kultuuri- ja inspiratsioonifestival \u201eLoovus loob lootust!\u201c, \u201eAvastamata Antsla aarded \u2013 j\u00e4rved\u201c, I Kodavere laalupido, kogukonnaetendus \u201eLeevaku kullakaevur\u201c ja Navi k\u00fcla kogukonnafestival 2024.<br><br>V\u00e4lja valitud ideede teostamiseks saavad s\u00fcndmuste korraldajad lisaks rahalisele toele osaleda ka ideede arendusprotsessis, mis algab jaanuaris. Tugiprogrammi raames toimuvad koolitusseminarid ja mentorkohtumised aitavad neil s\u00fcndmuste l\u00e4biviimist ette valmistada. Toetust s\u00fcndmuse korraldamiseks annavad L\u00f5una-Eesti LEADER-tegevusgrupid Tartumaa Arendusselts, Valgamaa Partnerluskogu, V\u00f5rumaa Partnerlus-kogu ja Piiriveere Liider. Rahastus tuleb LEADER-meetmest ning SA Tartu 2024 poolt L\u00f5una-Eesti kogukonnaprogrammile eraldatud eelarvest.<br><br>L\u00f5una-Eesti kogukonnaprogrammi raames korraldatakse aastatel 2023<em>\u2013<\/em>2024 <em>ca<\/em> 20 v\u00e4\u00e4rtusp\u00f5hist s\u00fcndmust, mis kutsuvad osalema k\u00fclastajaid Eestist, Euroopast ja mujalt maailmast. Kogukonnaprogrammi eesm\u00e4rk on anda hoogu omavahelisele koost\u00f6\u00f6le ja tugevdada L\u00f5una-Eesti identiteeti, tutvustades Euroopa kultuuripealinn Tartu 2024 p\u00f5hiprogrammis \u00fchiselt kogu piirkonda k\u00fclalistele just nende v\u00e4\u00e4rtuste p\u00f5hjal, mis on olulised siinsetele inimestele ja kogukondadele. K\u00f5ik valitud s\u00fcndmused aitavad esile t\u00f5sta L\u00f5una-Eesti v\u00e4\u00e4rtusi \u2013 puhast loodust, mitmek\u00fclgset kultuurip\u00e4randit<em>, <\/em>kohalikku toitu ja k\u00e4sit\u00f6\u00f6d, tervislikku eluviisi, j\u00e4tkusuutlikke ja innovaatilisi lahendusi ning aktiivseid ja eluj\u00f5ulisi kogukondi.<br><br>L\u00f5una-Eesti kogukonnaprogramm on ametlik osa Euroopa kultuuripealinn Tartu 2024 p\u00f5hiprogrammist. L\u00f5una-Eesti kogukonnaprogramm kasvas v\u00e4lja 2013. aastal L\u00f5una-Eesti LEADER-tegevusgruppide k\u00e4ima l\u00fckatud kollaste akende projektist \u201eElu kahe maailma piiril\u201c. L\u00f5una-Eesti kogukonnaprogrammi viivad ellu LEADER-tegevusgrupid Tartumaa Arendusselts, Valgamaa Partnerluskogu, V\u00f5rumaa Partnerluskogu ja Piiriveere Liider ning koost\u00f6\u00f6partneritena l\u00f6\u00f6vad kaasa Tartu, Elva, V\u00f5ru ja Valga linn. Kogukonnaprogrammi tegemistesse on partnerina kaasatud teinegi Euroopa kultuuripealinn Tartu 2024 projekt Tartu Maailma\u00fclikool.<\/p>\n\n\n\n<p class=\"wp-el\"><\/p>\n\n\n\n<p class=\"wp-el\">Lisainformatsioon:<\/p>\n\n\n\n<p class=\"wp-el\"><strong>Kristiina Tammets<\/strong><br>Tartumaa Arendusseltsi tegevjuht ja L\u00f5una-Eesti<br>kogukonnaprogrammi koordinaator<br>telefon +372 53409873, e-post kristiina@tas.ee<br><a href=\"https:\/\/visitsouthestonia.com\/community\/euroopa-kultuuripealinn-tartu-2024-louna-eesti-kogukonnaprogramm\/\" target=\"_blank\" rel=\"noreferrer noopener\">www.visitsouthestonia.com\/community\/tartu-2024\/<\/a><br><a href=\"https:\/\/tartu2024.ee\/kogukonnaprogramm\" target=\"_blank\" rel=\"noreferrer noopener\">tartu2024.ee\/kogukonnaprogramm<\/a><\/p>\n\n\n\n<p class=\"wp-el\"><\/p>\n\n\n\n<figure class=\"wp-block-image size-large is-resized\"><img decoding=\"async\" loading=\"lazy\" src=\"https:\/\/visitsouthestonia.com\/community\/wp-content\/uploads\/2023\/05\/Tartu24Leader-logo-horisontaalne-est-must-1200x524.jpg\" alt=\"\" class=\"wp-image-12363\" style=\"width:300px;height:131px\" width=\"300\" height=\"131\" srcset=\"https:\/\/visitsouthestonia.com\/community\/wp-content\/uploads\/2023\/05\/Tartu24Leader-logo-horisontaalne-est-must-1200x524.jpg 1200w, https:\/\/visitsouthestonia.com\/community\/wp-content\/uploads\/2023\/05\/Tartu24Leader-logo-horisontaalne-est-must-768x335.jpg 768w, https:\/\/visitsouthestonia.com\/community\/wp-content\/uploads\/2023\/05\/Tartu24Leader-logo-horisontaalne-est-must-350x153.jpg 350w, https:\/\/visitsouthestonia.com\/community\/wp-content\/uploads\/2023\/05\/Tartu24Leader-logo-horisontaalne-est-must-1100x480.jpg 1100w, https:\/\/visitsouthestonia.com\/community\/wp-content\/uploads\/2023\/05\/Tartu24Leader-logo-horisontaalne-est-must-230x100.jpg 230w, https:\/\/visitsouthestonia.com\/community\/wp-content\/uploads\/2023\/05\/Tartu24Leader-logo-horisontaalne-est-must-160x70.jpg 160w, https:\/\/visitsouthestonia.com\/community\/wp-content\/uploads\/2023\/05\/Tartu24Leader-logo-horisontaalne-est-must-188x82.jpg 188w, https:\/\/visitsouthestonia.com\/community\/wp-content\/uploads\/2023\/05\/Tartu24Leader-logo-horisontaalne-est-must-124x54.jpg 124w, https:\/\/visitsouthestonia.com\/community\/wp-content\/uploads\/2023\/05\/Tartu24Leader-logo-horisontaalne-est-must-370x161.jpg 370w, https:\/\/visitsouthestonia.com\/community\/wp-content\/uploads\/2023\/05\/Tartu24Leader-logo-horisontaalne-est-must.jpg 1334w\" sizes=\"(max-width: 300px) 100vw, 300px\" \/><figcaption class=\"wp-element-caption\">image description<\/figcaption><\/figure>\n\n\n\n<p class=\"wp-el\"><img decoding=\"async\" loading=\"lazy\" width=\"128\" height=\"128\" class=\"wp-image-12016\" style=\"width: 20px;\" src=\"https:\/\/visitsouthestonia.com\/community\/wp-content\/uploads\/2023\/05\/must-nool.png\" alt=\"\" srcset=\"https:\/\/visitsouthestonia.com\/community\/wp-content\/uploads\/2023\/05\/must-nool.png 128w, https:\/\/visitsouthestonia.com\/community\/wp-content\/uploads\/2023\/05\/must-nool-51x51.png 51w, https:\/\/visitsouthestonia.com\/community\/wp-content\/uploads\/2023\/05\/must-nool-70x70.png 70w, https:\/\/visitsouthestonia.com\/community\/wp-content\/uploads\/2023\/05\/must-nool-120x120.png 120w, https:\/\/visitsouthestonia.com\/community\/wp-content\/uploads\/2023\/05\/must-nool-100x100.png 100w, https:\/\/visitsouthestonia.com\/community\/wp-content\/uploads\/2023\/05\/must-nool-54x54.png 54w\" sizes=\"(max-width: 128px) 100vw, 128px\" \/> Rohkem infot <a href=\"https:\/\/visitsouthestonia.com\/community\/tartu-2024\/\">Euroopa kultuuripealinn Tartu 2024 L\u00f5una-Eesti kogukonnaprogrammist<\/a><\/p>\n","protected":false},"excerpt":{"rendered":"<p>L\u00f5una-Eesti kogukonnaprogramm valis v\u00e4lja 19 projekti v\u00e4\u00e4rtusp\u00f5histe s\u00fcndmuste korraldamiseks Euroopa kultuuripealinna p\u00f5hiprogrammis 30.11.2022 Euroopa kultuuripealinn Tartu 2024 p\u00f5hiprogrammi kuuluv L\u00f5una-Eesti&#8230;<\/p>\n","protected":false},"author":211,"featured_media":0,"parent":12304,"menu_order":1,"comment_status":"closed","ping_status":"closed","template":"","meta":{"advgb_blocks_editor_width":"","advgb_blocks_columns_visual_guide":"","footnotes":"","_links_to":"","_links_to_target":""},"acf":[],"yoast_head":"<!-- This site is optimized with the Yoast SEO plugin v21.4 - https:\/\/yoast.com\/wordpress\/plugins\/seo\/ -->\n<title>L\u00f5una-Eesti kogukonnaprogramm valis v\u00e4lja 19 projekti v\u00e4\u00e4rtusp\u00f5histe s\u00fcndmuste korraldamiseks - visitsouthestonia<\/title>\n<meta name=\"robots\" content=\"index, follow, max-snippet:-1, max-image-preview:large, max-video-preview:-1\" \/>\n<link rel=\"canonical\" href=\"https:\/\/visitsouthestonia.com\/tartu-2024\/uudised\/louna-eesti-kogukonnaprogramm-valis-valja-19-projekti\/\" \/>\n<meta property=\"og:locale\" content=\"et_EE\" \/>\n<meta property=\"og:type\" content=\"article\" \/>\n<meta property=\"og:title\" content=\"L\u00f5una-Eesti kogukonnaprogramm valis v\u00e4lja 19 projekti v\u00e4\u00e4rtusp\u00f5histe s\u00fcndmuste korraldamiseks - visitsouthestonia\" \/>\n<meta property=\"og:description\" content=\"L\u00f5una-Eesti kogukonnaprogramm valis v\u00e4lja 19 projekti v\u00e4\u00e4rtusp\u00f5histe s\u00fcndmuste korraldamiseks Euroopa kultuuripealinna p\u00f5hiprogrammis 30.11.2022 Euroopa kultuuripealinn Tartu 2024 p\u00f5hiprogrammi kuuluv L\u00f5una-Eesti...\" \/>\n<meta property=\"og:url\" content=\"https:\/\/visitsouthestonia.com\/tartu-2024\/uudised\/louna-eesti-kogukonnaprogramm-valis-valja-19-projekti\/\" \/>\n<meta property=\"og:site_name\" content=\"visitsouthestonia\" \/>\n<meta property=\"article:modified_time\" content=\"2023-09-04T12:09:22+00:00\" \/>\n<meta property=\"og:image\" content=\"https:\/\/visitsouthestonia.com\/wp-content\/uploads\/2023\/05\/Tartu24Leader-logo-horisontaalne-est-must-1200x524.jpg\" \/>\n<meta name=\"twitter:card\" content=\"summary_large_image\" \/>\n<meta name=\"twitter:label1\" content=\"Est. reading time\" \/>\n\t<meta name=\"twitter:data1\" content=\"4 minutit\" \/>\n<script type=\"application\/ld+json\" class=\"yoast-schema-graph\">{\"@context\":\"https:\/\/schema.org\",\"@graph\":[{\"@type\":\"WebPage\",\"@id\":\"https:\/\/visitsouthestonia.com\/tartu-2024\/uudised\/louna-eesti-kogukonnaprogramm-valis-valja-19-projekti\/\",\"url\":\"https:\/\/visitsouthestonia.com\/tartu-2024\/uudised\/louna-eesti-kogukonnaprogramm-valis-valja-19-projekti\/\",\"name\":\"L\u00f5una-Eesti kogukonnaprogramm valis v\u00e4lja 19 projekti v\u00e4\u00e4rtusp\u00f5histe s\u00fcndmuste korraldamiseks - visitsouthestonia\",\"isPartOf\":{\"@id\":\"https:\/\/visitsouthestonia.com\/community\/#website\"},\"datePublished\":\"2023-06-01T14:14:50+00:00\",\"dateModified\":\"2023-09-04T12:09:22+00:00\",\"breadcrumb\":{\"@id\":\"https:\/\/visitsouthestonia.com\/tartu-2024\/uudised\/louna-eesti-kogukonnaprogramm-valis-valja-19-projekti\/#breadcrumb\"},\"inLanguage\":\"et\",\"potentialAction\":[{\"@type\":\"ReadAction\",\"target\":[\"https:\/\/visitsouthestonia.com\/tartu-2024\/uudised\/louna-eesti-kogukonnaprogramm-valis-valja-19-projekti\/\"]}]},{\"@type\":\"BreadcrumbList\",\"@id\":\"https:\/\/visitsouthestonia.com\/tartu-2024\/uudised\/louna-eesti-kogukonnaprogramm-valis-valja-19-projekti\/#breadcrumb\",\"itemListElement\":[{\"@type\":\"ListItem\",\"position\":1,\"name\":\"Tartu 2024 L\u00f5una-Eesti kogukonnaprogramm\",\"item\":\"https:\/\/visitsouthestonia.com\/tartu-2024\/\"},{\"@type\":\"ListItem\",\"position\":2,\"name\":\"Tartu 2024 kogukonnaprogrammi uudised\",\"item\":\"https:\/\/visitsouthestonia.com\/tartu-2024\/uudised\/\"},{\"@type\":\"ListItem\",\"position\":3,\"name\":\"L\u00f5una-Eesti kogukonnaprogramm valis v\u00e4lja 19 projekti v\u00e4\u00e4rtusp\u00f5histe s\u00fcndmuste korraldamiseks\"}]},{\"@type\":\"WebSite\",\"@id\":\"https:\/\/visitsouthestonia.com\/community\/#website\",\"url\":\"https:\/\/visitsouthestonia.com\/community\/\",\"name\":\"visitsouthestonia\",\"description\":\"Parim puhkus veeda L\u00f5una-Eestis!\",\"potentialAction\":[{\"@type\":\"SearchAction\",\"target\":{\"@type\":\"EntryPoint\",\"urlTemplate\":\"https:\/\/visitsouthestonia.com\/community\/?s={search_term_string}\"},\"query-input\":\"required name=search_term_string\"}],\"inLanguage\":\"et\"}]}<\/script>\n<!-- \/ Yoast SEO plugin. -->","yoast_head_json":{"title":"L\u00f5una-Eesti kogukonnaprogramm valis v\u00e4lja 19 projekti v\u00e4\u00e4rtusp\u00f5histe s\u00fcndmuste korraldamiseks - visitsouthestonia","robots":{"index":"index","follow":"follow","max-snippet":"max-snippet:-1","max-image-preview":"max-image-preview:large","max-video-preview":"max-video-preview:-1"},"canonical":"https:\/\/visitsouthestonia.com\/tartu-2024\/uudised\/louna-eesti-kogukonnaprogramm-valis-valja-19-projekti\/","og_locale":"et_EE","og_type":"article","og_title":"L\u00f5una-Eesti kogukonnaprogramm valis v\u00e4lja 19 projekti v\u00e4\u00e4rtusp\u00f5histe s\u00fcndmuste korraldamiseks - visitsouthestonia","og_description":"L\u00f5una-Eesti kogukonnaprogramm valis v\u00e4lja 19 projekti v\u00e4\u00e4rtusp\u00f5histe s\u00fcndmuste korraldamiseks Euroopa kultuuripealinna p\u00f5hiprogrammis 30.11.2022 Euroopa kultuuripealinn Tartu 2024 p\u00f5hiprogrammi kuuluv L\u00f5una-Eesti...","og_url":"https:\/\/visitsouthestonia.com\/tartu-2024\/uudised\/louna-eesti-kogukonnaprogramm-valis-valja-19-projekti\/","og_site_name":"visitsouthestonia","article_modified_time":"2023-09-04T12:09:22+00:00","og_image":[{"url":"https:\/\/visitsouthestonia.com\/wp-content\/uploads\/2023\/05\/Tartu24Leader-logo-horisontaalne-est-must-1200x524.jpg"}],"twitter_card":"summary_large_image","twitter_misc":{"Est. reading time":"4 minutit"},"schema":{"@context":"https:\/\/schema.org","@graph":[{"@type":"WebPage","@id":"https:\/\/visitsouthestonia.com\/tartu-2024\/uudised\/louna-eesti-kogukonnaprogramm-valis-valja-19-projekti\/","url":"https:\/\/visitsouthestonia.com\/tartu-2024\/uudised\/louna-eesti-kogukonnaprogramm-valis-valja-19-projekti\/","name":"L\u00f5una-Eesti kogukonnaprogramm valis v\u00e4lja 19 projekti v\u00e4\u00e4rtusp\u00f5histe s\u00fcndmuste korraldamiseks - visitsouthestonia","isPartOf":{"@id":"https:\/\/visitsouthestonia.com\/community\/#website"},"datePublished":"2023-06-01T14:14:50+00:00","dateModified":"2023-09-04T12:09:22+00:00","breadcrumb":{"@id":"https:\/\/visitsouthestonia.com\/tartu-2024\/uudised\/louna-eesti-kogukonnaprogramm-valis-valja-19-projekti\/#breadcrumb"},"inLanguage":"et","potentialAction":[{"@type":"ReadAction","target":["https:\/\/visitsouthestonia.com\/tartu-2024\/uudised\/louna-eesti-kogukonnaprogramm-valis-valja-19-projekti\/"]}]},{"@type":"BreadcrumbList","@id":"https:\/\/visitsouthestonia.com\/tartu-2024\/uudised\/louna-eesti-kogukonnaprogramm-valis-valja-19-projekti\/#breadcrumb","itemListElement":[{"@type":"ListItem","position":1,"name":"Tartu 2024 L\u00f5una-Eesti kogukonnaprogramm","item":"https:\/\/visitsouthestonia.com\/tartu-2024\/"},{"@type":"ListItem","position":2,"name":"Tartu 2024 kogukonnaprogrammi uudised","item":"https:\/\/visitsouthestonia.com\/tartu-2024\/uudised\/"},{"@type":"ListItem","position":3,"name":"L\u00f5una-Eesti kogukonnaprogramm valis v\u00e4lja 19 projekti v\u00e4\u00e4rtusp\u00f5histe s\u00fcndmuste korraldamiseks"}]},{"@type":"WebSite","@id":"https:\/\/visitsouthestonia.com\/community\/#website","url":"https:\/\/visitsouthestonia.com\/community\/","name":"visitsouthestonia","description":"Parim puhkus veeda L\u00f5una-Eestis!","potentialAction":[{"@type":"SearchAction","target":{"@type":"EntryPoint","urlTemplate":"https:\/\/visitsouthestonia.com\/community\/?s={search_term_string}"},"query-input":"required name=search_term_string"}],"inLanguage":"et"}]}},"coauthors":[],"author_meta":{"author_link":"https:\/\/visitsouthestonia.com\/community\/author\/kaisa-timmi\/","display_name":"Meeri"},"relative_dates":{"created":"Posted 3 aastat ago","modified":"Updated 3 aastat ago"},"absolute_dates":{"created":"Posted on 1. juuni 2023","modified":"Updated on 4. sept. 2023"},"absolute_dates_time":{"created":"Posted on 1. juuni 2023 05:14","modified":"Updated on 4. sept. 2023 03:09"},"featured_img_caption":"","featured_img":false,"series_order":"","_links":{"self":[{"href":"https:\/\/visitsouthestonia.com\/community\/wp-json\/wp\/v2\/pages\/12480"}],"collection":[{"href":"https:\/\/visitsouthestonia.com\/community\/wp-json\/wp\/v2\/pages"}],"about":[{"href":"https:\/\/visitsouthestonia.com\/community\/wp-json\/wp\/v2\/types\/page"}],"author":[{"embeddable":true,"href":"https:\/\/visitsouthestonia.com\/community\/wp-json\/wp\/v2\/users\/211"}],"replies":[{"embeddable":true,"href":"https:\/\/visitsouthestonia.com\/community\/wp-json\/wp\/v2\/comments?post=12480"}],"version-history":[{"count":3,"href":"https:\/\/visitsouthestonia.com\/community\/wp-json\/wp\/v2\/pages\/12480\/revisions"}],"predecessor-version":[{"id":14250,"href":"https:\/\/visitsouthestonia.com\/community\/wp-json\/wp\/v2\/pages\/12480\/revisions\/14250"}],"up":[{"embeddable":true,"href":"https:\/\/visitsouthestonia.com\/community\/wp-json\/wp\/v2\/pages\/12304"}],"wp:attachment":[{"href":"https:\/\/visitsouthestonia.com\/community\/wp-json\/wp\/v2\/media?parent=12480"}],"curies":[{"name":"wp","href":"https:\/\/api.w.org\/{rel}","templated":true}]}}