{"id":12467,"date":"2023-06-01T14:18:55","date_gmt":"2023-06-01T11:18:55","guid":{"rendered":"https:\/\/visitsouthestonia.com\/community\/?page_id=12467"},"modified":"2023-09-04T15:09:49","modified_gmt":"2023-09-04T12:09:49","slug":"louna-eesti-kogukonnaprogramm-avas-taotlusvooru","status":"publish","type":"page","link":"https:\/\/visitsouthestonia.com\/community\/tartu-2024\/uudised\/louna-eesti-kogukonnaprogramm-avas-taotlusvooru\/","title":{"rendered":"L\u00f5una-Eesti kogukonnaprogramm avas taotlusvooru"},"content":{"rendered":"\n<h1 class=\"wp-block-heading wp-el\">L\u00f5una-Eesti kogukonnaprogramm avas taotlusvooru v\u00e4\u00e4rtusp\u00f5histe s\u00fcndmuste korraldamiseks<\/h1>\n\n\n\n<p class=\"wp-el\">16.05.2022<\/p>\n\n\n\n<p class=\"wp-el\"><strong>Euroopa kultuuripealinn Tartu 2024 p\u00f5hiprogrammi kuuluv L\u00f5una-Eesti kogukonnaprogramm avas t\u00e4na LEADER tegevusgruppide eestv\u00f5ttel taotlusvooru. Selle eesm\u00e4rk on kutsuda kohalikke kogukondi pakkuma oma ideid v\u00e4\u00e4rtusp\u00f5histe s\u00fcndmuste korraldamiseks 2023.-2024. aastal L\u00f5una-Eestis. Taotlusvoor on avatud 16. maist kuni 15. augustini ning s\u00fcgisel v\u00e4lja valitavate ideede teostamiseks saavad s\u00fcndmuste korraldajad lisaks rahalisele toele osaleda ka ideede arendusprotsessis.<\/strong><\/p>\n\n\n\n<p class=\"wp-el\">Tartumaa Arendusseltsi tegevjuht ja L\u00f5una-Eesti kogukonnaprogrammi koordinaator <strong>Kristiina Tammets<\/strong> \u00fctles, et v\u00e4\u00e4rtusp\u00f5histe s\u00fcndmuste ideid saavad avatud taotlusvooru esitada k\u00f5ik huvilised: nii vaba\u00fchendused, sihtasutused, omavalitsused kui ka muud organisatsioonid. \u201eKogukonnaprogrammi eesm\u00e4rk on anda hoogu omavahelisele koost\u00f6\u00f6le ja tugevdada L\u00f5una-Eesti identiteeti. Tutvustame Euroopa kultuuripealinn Tartu 2024 p\u00f5hiprogrammis \u00fcheskoos kogu piirkonda meie k\u00fclalistele just nende v\u00e4\u00e4rtuste p\u00f5hjal, mis on olulised siinsetele inimestele ja kogukondadele,\u201c r\u00e4\u00e4kis Tammets. \u201eSoovime, et iga planeeritav s\u00fcndmus t\u00f5staks esile L\u00f5una-Eesti v\u00e4\u00e4rtusi \u2013 puhast loodust, mitmek\u00fclgset kultuurip\u00e4randit<em>, <\/em>kohalikku toitu ja k\u00e4sit\u00f6\u00f6d, tervislikku eluviisi, j\u00e4tkusuutlikke ja innovaatilisi lahendusi ning aktiivseid ja eluj\u00f5ulisi kogukondi.\u201c<\/p>\n\n\n\n<p class=\"wp-el\">L\u00f5una-Eesti kogukonnaprogrammi raames korraldatakse aastatel 2023-2024 kokku kuni 24 v\u00e4\u00e4rtusp\u00f5hist s\u00fcndmust, mis kutsuvad osalema k\u00fclastajaid Eestist, Euroopast ja mujalt maailmast. Kogukonnaprogrammi avatud taotlusvoor kestab 16. maist kuni 15. augustini ning v\u00e4lja valitud s\u00fcndmused osalevad 2022. aasta novembrist arendusprotsessis, mille raames toimuvad koolitusseminarid ja mentorkohtumised aitavad ette valmistada s\u00fcndmuste l\u00e4biviimist. Toetust s\u00fcndmuse korraldamiseks annavad L\u00f5una-Eesti LEADER tegevusgrupid Tartumaa Arendusselts, Valgamaa Partnerluskogu, V\u00f5rumaa Partnerlus-kogu ja Piiriveere Liider, rahastus toimub LEADER-meetmest ning SA Tartu 2024 eelarvest.<\/p>\n\n\n\n<p class=\"wp-el\">Taotluse esitamiseks tuleb t\u00e4ita veebip\u00f5hine taotlusvorm, mille t\u00e4itmine on lihtne, kuid mis eeldab planeeritava s\u00fcndmuse l\u00e4bim\u00f5tlemist koos kalkulatsiooniga. Taotlusvooru<strong> <\/strong>tingimustega saab l\u00e4hemalt tutvuda veebis (vt <a href=\"https:\/\/visitsouthestonia.com\/community\/tartu-2024\/\">https:\/\/visitsouthestonia.com\/community\/tartu-2024\/<\/a>), samast leiab ka taotlusvormi.T\u00e4psemat infot ja n\u00f5u taotlusvoorus osalemiseks saab L\u00f5una-Eesti LEADER tegevusgruppidest.<\/p>\n\n\n\n<p class=\"wp-el\">L\u00f5una-Eesti kogukonnaprogramm on ametlik osa Euroopa kultuuripealinn Tartu 2024 p\u00f5hiprogrammist. L\u00f5una-Eesti kogukonnaprogramm kasvas v\u00e4lja 2013. aastal L\u00f5una-Eesti LEADER tegevusgruppide poolt k\u00e4ima l\u00fckatud kollaste akende projektist \u201eElu kahe maailma piiril\u201c. L\u00f5una-Eesti kogukonnaprogrammi viivad ellu LEADER tegevusgrupid Tartumaa Arendusselts, Valgamaa Partnerluskogu, V\u00f5rumaa Partnerluskogu, Piiriveere Liider ja koost\u00f6\u00f6partneritena l\u00f6\u00f6vad kaasa Tartu, Elva, V\u00f5ru ja Valga linn. Kogukonnaprogrammi tegemistesse on partnerina kaasatud teinegi Euroopa kultuuripealinn Tartu 2024 projekt Tartu Maailma\u00fclikool, kellega kogukonnad saavad teha samuti koost\u00f6\u00f6d (vt <a href=\"https:\/\/eetikakeskus.ut.ee\/et\/sisu\/tartu-maailmaulikool\">https:\/\/eetikakeskus.ut.ee\/et\/sisu\/tartu-maailmaulikool<\/a>).<\/p>\n\n\n\n<p class=\"wp-el\">Lisainformatsioon:<\/p>\n\n\n\n<p class=\"wp-el\"><strong>Kristiina Tammets<\/strong><br>Tartumaa Arendusseltsi tegevjuht ja L\u00f5una-Eesti<br>kogukonnaprogrammi koordinaator<br>telefon +372 53409873, e-post kristiina@tas.ee<br><a href=\"https:\/\/visitsouthestonia.com\/community\/euroopa-kultuuripealinn-tartu-2024-louna-eesti-kogukonnaprogramm\/\" target=\"_blank\" rel=\"noreferrer noopener\">www.visitsouthestonia.com\/community\/tartu-2024\/<\/a><br><a href=\"https:\/\/tartu2024.ee\/kogukonnaprogramm\" target=\"_blank\" rel=\"noreferrer noopener\">tartu2024.ee\/kogukonnaprogramm<\/a><\/p>\n\n\n\n<p class=\"wp-el\"><\/p>\n\n\n\n<p class=\"wp-el\"><\/p>\n\n\n\n<p class=\"wp-el\"><\/p>\n\n\n\n<p class=\"wp-el\"><\/p>\n\n\n\n<p class=\"wp-el\"><\/p>\n\n\n\n<p class=\"wp-el\"><\/p>\n\n\n\n<p class=\"wp-el\"><\/p>\n\n\n\n<p class=\"wp-el\"><\/p>\n\n\n\n<p class=\"wp-el\"><\/p>\n\n\n\n<p class=\"wp-el\"><\/p>\n\n\n\n<p class=\"wp-el\"><\/p>\n\n\n\n<p class=\"wp-el\"><\/p>\n\n\n\n<p class=\"wp-el\"><\/p>\n\n\n\n<p class=\"wp-el\"><\/p>\n\n\n\n<p class=\"wp-el\"><\/p>\n\n\n\n<figure class=\"wp-block-image size-large is-resized\"><img decoding=\"async\" loading=\"lazy\" src=\"https:\/\/visitsouthestonia.com\/community\/wp-content\/uploads\/2023\/05\/Tartu24Leader-logo-horisontaalne-est-must-1200x524.jpg\" alt=\"\" class=\"wp-image-12363\" style=\"width:300px;height:131px\" width=\"300\" height=\"131\" srcset=\"https:\/\/visitsouthestonia.com\/community\/wp-content\/uploads\/2023\/05\/Tartu24Leader-logo-horisontaalne-est-must-1200x524.jpg 1200w, https:\/\/visitsouthestonia.com\/community\/wp-content\/uploads\/2023\/05\/Tartu24Leader-logo-horisontaalne-est-must-768x335.jpg 768w, https:\/\/visitsouthestonia.com\/community\/wp-content\/uploads\/2023\/05\/Tartu24Leader-logo-horisontaalne-est-must-350x153.jpg 350w, https:\/\/visitsouthestonia.com\/community\/wp-content\/uploads\/2023\/05\/Tartu24Leader-logo-horisontaalne-est-must-1100x480.jpg 1100w, https:\/\/visitsouthestonia.com\/community\/wp-content\/uploads\/2023\/05\/Tartu24Leader-logo-horisontaalne-est-must-230x100.jpg 230w, https:\/\/visitsouthestonia.com\/community\/wp-content\/uploads\/2023\/05\/Tartu24Leader-logo-horisontaalne-est-must-160x70.jpg 160w, https:\/\/visitsouthestonia.com\/community\/wp-content\/uploads\/2023\/05\/Tartu24Leader-logo-horisontaalne-est-must-188x82.jpg 188w, https:\/\/visitsouthestonia.com\/community\/wp-content\/uploads\/2023\/05\/Tartu24Leader-logo-horisontaalne-est-must-124x54.jpg 124w, https:\/\/visitsouthestonia.com\/community\/wp-content\/uploads\/2023\/05\/Tartu24Leader-logo-horisontaalne-est-must-370x161.jpg 370w, https:\/\/visitsouthestonia.com\/community\/wp-content\/uploads\/2023\/05\/Tartu24Leader-logo-horisontaalne-est-must.jpg 1334w\" sizes=\"(max-width: 300px) 100vw, 300px\" \/><figcaption class=\"wp-element-caption\">image description<\/figcaption><\/figure>\n\n\n\n<p class=\"wp-el\"><img decoding=\"async\" loading=\"lazy\" width=\"128\" height=\"128\" class=\"wp-image-12016\" style=\"width: 20px;\" src=\"https:\/\/visitsouthestonia.com\/community\/wp-content\/uploads\/2023\/05\/must-nool.png\" alt=\"\" srcset=\"https:\/\/visitsouthestonia.com\/community\/wp-content\/uploads\/2023\/05\/must-nool.png 128w, https:\/\/visitsouthestonia.com\/community\/wp-content\/uploads\/2023\/05\/must-nool-51x51.png 51w, https:\/\/visitsouthestonia.com\/community\/wp-content\/uploads\/2023\/05\/must-nool-70x70.png 70w, https:\/\/visitsouthestonia.com\/community\/wp-content\/uploads\/2023\/05\/must-nool-120x120.png 120w, https:\/\/visitsouthestonia.com\/community\/wp-content\/uploads\/2023\/05\/must-nool-100x100.png 100w, https:\/\/visitsouthestonia.com\/community\/wp-content\/uploads\/2023\/05\/must-nool-54x54.png 54w\" sizes=\"(max-width: 128px) 100vw, 128px\" \/> Rohkem infot <a href=\"https:\/\/visitsouthestonia.com\/community\/tartu-2024\/\">Euroopa kultuuripealinn Tartu 2024 L\u00f5una-Eesti kogukonnaprogrammist<\/a><\/p>\n","protected":false},"excerpt":{"rendered":"<p>L\u00f5una-Eesti kogukonnaprogramm avas taotlusvooru v\u00e4\u00e4rtusp\u00f5histe s\u00fcndmuste korraldamiseks 16.05.2022 Euroopa kultuuripealinn Tartu 2024 p\u00f5hiprogrammi kuuluv L\u00f5una-Eesti kogukonnaprogramm avas t\u00e4na LEADER tegevusgruppide&#8230;<\/p>\n","protected":false},"author":211,"featured_media":0,"parent":12304,"menu_order":1,"comment_status":"closed","ping_status":"closed","template":"","meta":{"advgb_blocks_editor_width":"","advgb_blocks_columns_visual_guide":"","footnotes":"","_links_to":"","_links_to_target":""},"acf":[],"yoast_head":"<!-- This site is optimized with the Yoast SEO plugin v21.4 - https:\/\/yoast.com\/wordpress\/plugins\/seo\/ -->\n<title>L\u00f5una-Eesti kogukonnaprogramm avas taotlusvooru - visitsouthestonia<\/title>\n<meta name=\"robots\" content=\"index, follow, max-snippet:-1, max-image-preview:large, max-video-preview:-1\" \/>\n<link rel=\"canonical\" href=\"https:\/\/visitsouthestonia.com\/tartu-2024\/uudised\/louna-eesti-kogukonnaprogramm-avas-taotlusvooru\/\" \/>\n<meta property=\"og:locale\" content=\"et_EE\" \/>\n<meta property=\"og:type\" content=\"article\" \/>\n<meta property=\"og:title\" content=\"L\u00f5una-Eesti kogukonnaprogramm avas taotlusvooru - visitsouthestonia\" \/>\n<meta property=\"og:description\" content=\"L\u00f5una-Eesti kogukonnaprogramm avas taotlusvooru v\u00e4\u00e4rtusp\u00f5histe s\u00fcndmuste korraldamiseks 16.05.2022 Euroopa kultuuripealinn Tartu 2024 p\u00f5hiprogrammi kuuluv L\u00f5una-Eesti kogukonnaprogramm avas t\u00e4na LEADER tegevusgruppide...\" \/>\n<meta property=\"og:url\" content=\"https:\/\/visitsouthestonia.com\/tartu-2024\/uudised\/louna-eesti-kogukonnaprogramm-avas-taotlusvooru\/\" \/>\n<meta property=\"og:site_name\" content=\"visitsouthestonia\" \/>\n<meta property=\"article:modified_time\" content=\"2023-09-04T12:09:49+00:00\" \/>\n<meta property=\"og:image\" content=\"https:\/\/visitsouthestonia.com\/wp-content\/uploads\/2023\/05\/Tartu24Leader-logo-horisontaalne-est-must-1200x524.jpg\" \/>\n<meta name=\"twitter:card\" content=\"summary_large_image\" \/>\n<meta name=\"twitter:label1\" content=\"Est. reading time\" \/>\n\t<meta name=\"twitter:data1\" content=\"3 minutit\" \/>\n<script type=\"application\/ld+json\" class=\"yoast-schema-graph\">{\"@context\":\"https:\/\/schema.org\",\"@graph\":[{\"@type\":\"WebPage\",\"@id\":\"https:\/\/visitsouthestonia.com\/tartu-2024\/uudised\/louna-eesti-kogukonnaprogramm-avas-taotlusvooru\/\",\"url\":\"https:\/\/visitsouthestonia.com\/tartu-2024\/uudised\/louna-eesti-kogukonnaprogramm-avas-taotlusvooru\/\",\"name\":\"L\u00f5una-Eesti kogukonnaprogramm avas taotlusvooru - visitsouthestonia\",\"isPartOf\":{\"@id\":\"https:\/\/visitsouthestonia.com\/community\/#website\"},\"datePublished\":\"2023-06-01T11:18:55+00:00\",\"dateModified\":\"2023-09-04T12:09:49+00:00\",\"breadcrumb\":{\"@id\":\"https:\/\/visitsouthestonia.com\/tartu-2024\/uudised\/louna-eesti-kogukonnaprogramm-avas-taotlusvooru\/#breadcrumb\"},\"inLanguage\":\"et\",\"potentialAction\":[{\"@type\":\"ReadAction\",\"target\":[\"https:\/\/visitsouthestonia.com\/tartu-2024\/uudised\/louna-eesti-kogukonnaprogramm-avas-taotlusvooru\/\"]}]},{\"@type\":\"BreadcrumbList\",\"@id\":\"https:\/\/visitsouthestonia.com\/tartu-2024\/uudised\/louna-eesti-kogukonnaprogramm-avas-taotlusvooru\/#breadcrumb\",\"itemListElement\":[{\"@type\":\"ListItem\",\"position\":1,\"name\":\"Tartu 2024 L\u00f5una-Eesti kogukonnaprogramm\",\"item\":\"https:\/\/visitsouthestonia.com\/tartu-2024\/\"},{\"@type\":\"ListItem\",\"position\":2,\"name\":\"Tartu 2024 kogukonnaprogrammi uudised\",\"item\":\"https:\/\/visitsouthestonia.com\/tartu-2024\/uudised\/\"},{\"@type\":\"ListItem\",\"position\":3,\"name\":\"L\u00f5una-Eesti kogukonnaprogramm avas taotlusvooru\"}]},{\"@type\":\"WebSite\",\"@id\":\"https:\/\/visitsouthestonia.com\/community\/#website\",\"url\":\"https:\/\/visitsouthestonia.com\/community\/\",\"name\":\"visitsouthestonia\",\"description\":\"Parim puhkus veeda L\u00f5una-Eestis!\",\"potentialAction\":[{\"@type\":\"SearchAction\",\"target\":{\"@type\":\"EntryPoint\",\"urlTemplate\":\"https:\/\/visitsouthestonia.com\/community\/?s={search_term_string}\"},\"query-input\":\"required name=search_term_string\"}],\"inLanguage\":\"et\"}]}<\/script>\n<!-- \/ Yoast SEO plugin. -->","yoast_head_json":{"title":"L\u00f5una-Eesti kogukonnaprogramm avas taotlusvooru - visitsouthestonia","robots":{"index":"index","follow":"follow","max-snippet":"max-snippet:-1","max-image-preview":"max-image-preview:large","max-video-preview":"max-video-preview:-1"},"canonical":"https:\/\/visitsouthestonia.com\/tartu-2024\/uudised\/louna-eesti-kogukonnaprogramm-avas-taotlusvooru\/","og_locale":"et_EE","og_type":"article","og_title":"L\u00f5una-Eesti kogukonnaprogramm avas taotlusvooru - visitsouthestonia","og_description":"L\u00f5una-Eesti kogukonnaprogramm avas taotlusvooru v\u00e4\u00e4rtusp\u00f5histe s\u00fcndmuste korraldamiseks 16.05.2022 Euroopa kultuuripealinn Tartu 2024 p\u00f5hiprogrammi kuuluv L\u00f5una-Eesti kogukonnaprogramm avas t\u00e4na LEADER tegevusgruppide...","og_url":"https:\/\/visitsouthestonia.com\/tartu-2024\/uudised\/louna-eesti-kogukonnaprogramm-avas-taotlusvooru\/","og_site_name":"visitsouthestonia","article_modified_time":"2023-09-04T12:09:49+00:00","og_image":[{"url":"https:\/\/visitsouthestonia.com\/wp-content\/uploads\/2023\/05\/Tartu24Leader-logo-horisontaalne-est-must-1200x524.jpg"}],"twitter_card":"summary_large_image","twitter_misc":{"Est. reading time":"3 minutit"},"schema":{"@context":"https:\/\/schema.org","@graph":[{"@type":"WebPage","@id":"https:\/\/visitsouthestonia.com\/tartu-2024\/uudised\/louna-eesti-kogukonnaprogramm-avas-taotlusvooru\/","url":"https:\/\/visitsouthestonia.com\/tartu-2024\/uudised\/louna-eesti-kogukonnaprogramm-avas-taotlusvooru\/","name":"L\u00f5una-Eesti kogukonnaprogramm avas taotlusvooru - visitsouthestonia","isPartOf":{"@id":"https:\/\/visitsouthestonia.com\/community\/#website"},"datePublished":"2023-06-01T11:18:55+00:00","dateModified":"2023-09-04T12:09:49+00:00","breadcrumb":{"@id":"https:\/\/visitsouthestonia.com\/tartu-2024\/uudised\/louna-eesti-kogukonnaprogramm-avas-taotlusvooru\/#breadcrumb"},"inLanguage":"et","potentialAction":[{"@type":"ReadAction","target":["https:\/\/visitsouthestonia.com\/tartu-2024\/uudised\/louna-eesti-kogukonnaprogramm-avas-taotlusvooru\/"]}]},{"@type":"BreadcrumbList","@id":"https:\/\/visitsouthestonia.com\/tartu-2024\/uudised\/louna-eesti-kogukonnaprogramm-avas-taotlusvooru\/#breadcrumb","itemListElement":[{"@type":"ListItem","position":1,"name":"Tartu 2024 L\u00f5una-Eesti kogukonnaprogramm","item":"https:\/\/visitsouthestonia.com\/tartu-2024\/"},{"@type":"ListItem","position":2,"name":"Tartu 2024 kogukonnaprogrammi uudised","item":"https:\/\/visitsouthestonia.com\/tartu-2024\/uudised\/"},{"@type":"ListItem","position":3,"name":"L\u00f5una-Eesti kogukonnaprogramm avas taotlusvooru"}]},{"@type":"WebSite","@id":"https:\/\/visitsouthestonia.com\/community\/#website","url":"https:\/\/visitsouthestonia.com\/community\/","name":"visitsouthestonia","description":"Parim puhkus veeda L\u00f5una-Eestis!","potentialAction":[{"@type":"SearchAction","target":{"@type":"EntryPoint","urlTemplate":"https:\/\/visitsouthestonia.com\/community\/?s={search_term_string}"},"query-input":"required name=search_term_string"}],"inLanguage":"et"}]}},"coauthors":[],"author_meta":{"author_link":"https:\/\/visitsouthestonia.com\/community\/author\/kaisa-timmi\/","display_name":"Meeri"},"relative_dates":{"created":"Posted 3 aastat ago","modified":"Updated 3 aastat ago"},"absolute_dates":{"created":"Posted on 1. juuni 2023","modified":"Updated on 4. sept. 2023"},"absolute_dates_time":{"created":"Posted on 1. juuni 2023 02:18","modified":"Updated on 4. sept. 2023 03:09"},"featured_img_caption":"","featured_img":false,"series_order":"","_links":{"self":[{"href":"https:\/\/visitsouthestonia.com\/community\/wp-json\/wp\/v2\/pages\/12467"}],"collection":[{"href":"https:\/\/visitsouthestonia.com\/community\/wp-json\/wp\/v2\/pages"}],"about":[{"href":"https:\/\/visitsouthestonia.com\/community\/wp-json\/wp\/v2\/types\/page"}],"author":[{"embeddable":true,"href":"https:\/\/visitsouthestonia.com\/community\/wp-json\/wp\/v2\/users\/211"}],"replies":[{"embeddable":true,"href":"https:\/\/visitsouthestonia.com\/community\/wp-json\/wp\/v2\/comments?post=12467"}],"version-history":[{"count":9,"href":"https:\/\/visitsouthestonia.com\/community\/wp-json\/wp\/v2\/pages\/12467\/revisions"}],"predecessor-version":[{"id":14251,"href":"https:\/\/visitsouthestonia.com\/community\/wp-json\/wp\/v2\/pages\/12467\/revisions\/14251"}],"up":[{"embeddable":true,"href":"https:\/\/visitsouthestonia.com\/community\/wp-json\/wp\/v2\/pages\/12304"}],"wp:attachment":[{"href":"https:\/\/visitsouthestonia.com\/community\/wp-json\/wp\/v2\/media?parent=12467"}],"curies":[{"name":"wp","href":"https:\/\/api.w.org\/{rel}","templated":true}]}}