{"id":12195,"date":"2023-05-17T21:41:03","date_gmt":"2023-05-17T18:41:03","guid":{"rendered":"https:\/\/visitsouthestonia.com\/community\/?page_id=12195"},"modified":"2024-07-11T12:00:18","modified_gmt":"2024-07-11T09:00:18","slug":"navi-kula-kogukonnafestival-2024","status":"publish","type":"page","link":"https:\/\/visitsouthestonia.com\/community\/tartu-2024\/navi-kula-kogukonnafestival-2024\/","title":{"rendered":"Navi k\u00fcla kogukonnafestival 2024"},"content":{"rendered":"\n<p class=\"has-text-align-right wp-el\"><a href=\"https:\/\/visitsouthestonia.com\/community\/en\/tartu-2024\/navi-village-community-festival\/\">&gt;&gt;&gt;ENG<\/a><\/p>\n\n\n\n<figure class=\"wp-block-image size-full\"><img decoding=\"async\" loading=\"lazy\" width=\"1200\" height=\"120\" src=\"https:\/\/visitsouthestonia.com\/community\/wp-content\/uploads\/2023\/05\/Untitled-design12.png\" alt=\"\" class=\"wp-image-12101\" srcset=\"https:\/\/visitsouthestonia.com\/community\/wp-content\/uploads\/2023\/05\/Untitled-design12.png 1200w, https:\/\/visitsouthestonia.com\/community\/wp-content\/uploads\/2023\/05\/Untitled-design12-768x77.png 768w, https:\/\/visitsouthestonia.com\/community\/wp-content\/uploads\/2023\/05\/Untitled-design12-350x35.png 350w, https:\/\/visitsouthestonia.com\/community\/wp-content\/uploads\/2023\/05\/Untitled-design12-1100x110.png 1100w, https:\/\/visitsouthestonia.com\/community\/wp-content\/uploads\/2023\/05\/Untitled-design12-230x23.png 230w, https:\/\/visitsouthestonia.com\/community\/wp-content\/uploads\/2023\/05\/Untitled-design12-210x21.png 210w, https:\/\/visitsouthestonia.com\/community\/wp-content\/uploads\/2023\/05\/Untitled-design12-188x19.png 188w, https:\/\/visitsouthestonia.com\/community\/wp-content\/uploads\/2023\/05\/Untitled-design12-370x37.png 370w\" sizes=\"(max-width: 1200px) 100vw, 1200px\" \/><\/figure>\n\n\n\n<h1 class=\"wp-block-heading wp-el\"><strong><strong><strong><strong><strong><strong>Navi k\u00fclaselts kutsub sukelduma paigap\u00e4rimusse<\/strong><\/strong><\/strong><\/strong><\/strong><\/strong><\/h1>\n\n\n\n<div class=\"wp-block-advgb-columns advgb-columns-wrapper\" id=\"advgb-cols-32c45d31-d3de-4327-99bf-edf4bf22b34b\"><div class=\"advgb-columns-container\"><div class=\"advgb-columns advgb-columns-row advgb-is-mobile advgb-columns-2 layout-12-12 mbl-layout-stacked vgutter-10\">\n<div class=\"wp-block-advgb-column advgb-column advgb-is-half-tablet advgb-is-full-mobile\" id=\"advgb-col-03cfa1b7-d90d-4fbc-87b3-49a16859bfc2\"><div class=\"advgb-column-inner\" style=\"border-style:none;border-width:1px\">\n<p class=\"wp-el\">Navi k\u00fcla V\u00f5rumaal ootab 2024. aasta juulis nii omakandi inimesi kui ka k\u00fclalisi kogukonnafestivalile. <\/p>\n\n\n\n<p class=\"wp-el\">\u00dchised m\u00e4lu talletamise talgud, aruteluseminar, kultuurilooline r\u00e4nnak, noorteala, tihe kultuurikava \u2013 k\u00f5ik see v\u00f5imaldab sukelduda kohalikku paigap\u00e4rimusse ning osaleda ka \u00fchise taiese loomises koos Navi p\u00e4ritolu kunstniku Navitrollaga.<\/p>\n\n\n\n<p class=\"wp-el\"><\/p>\n<\/div><\/div>\n\n\n\n<div class=\"wp-block-advgb-column advgb-column advgb-is-half-tablet advgb-is-full-mobile\" id=\"advgb-col-df64f426-81af-4c9b-a4f7-4d4c5942d322\"><div class=\"advgb-column-inner\" style=\"border-style:none;border-width:1px\">\n<p class=\"wp-el\"><img decoding=\"async\" loading=\"lazy\" width=\"128\" height=\"128\" class=\"wp-image-12103\" style=\"width: 20px;\" src=\"https:\/\/visitsouthestonia.com\/community\/wp-content\/uploads\/2023\/05\/roosa-nool-128x1281-1.png\" alt=\"\" srcset=\"https:\/\/visitsouthestonia.com\/community\/wp-content\/uploads\/2023\/05\/roosa-nool-128x1281-1.png 128w, https:\/\/visitsouthestonia.com\/community\/wp-content\/uploads\/2023\/05\/roosa-nool-128x1281-1-51x51.png 51w, https:\/\/visitsouthestonia.com\/community\/wp-content\/uploads\/2023\/05\/roosa-nool-128x1281-1-70x70.png 70w, https:\/\/visitsouthestonia.com\/community\/wp-content\/uploads\/2023\/05\/roosa-nool-128x1281-1-120x120.png 120w, https:\/\/visitsouthestonia.com\/community\/wp-content\/uploads\/2023\/05\/roosa-nool-128x1281-1-100x100.png 100w, https:\/\/visitsouthestonia.com\/community\/wp-content\/uploads\/2023\/05\/roosa-nool-128x1281-1-54x54.png 54w\" sizes=\"(max-width: 128px) 100vw, 128px\" \/> Toimumise aeg: <strong>20<\/strong>. <strong>juuli 2024<\/strong><\/p>\n\n\n\n<p class=\"wp-el\"><img decoding=\"async\" loading=\"lazy\" width=\"128\" height=\"128\" class=\"wp-image-12103\" style=\"width: 20px;\" src=\"https:\/\/visitsouthestonia.com\/community\/wp-content\/uploads\/2023\/05\/roosa-nool-128x1281-1.png\" alt=\"\" srcset=\"https:\/\/visitsouthestonia.com\/community\/wp-content\/uploads\/2023\/05\/roosa-nool-128x1281-1.png 128w, https:\/\/visitsouthestonia.com\/community\/wp-content\/uploads\/2023\/05\/roosa-nool-128x1281-1-51x51.png 51w, https:\/\/visitsouthestonia.com\/community\/wp-content\/uploads\/2023\/05\/roosa-nool-128x1281-1-70x70.png 70w, https:\/\/visitsouthestonia.com\/community\/wp-content\/uploads\/2023\/05\/roosa-nool-128x1281-1-120x120.png 120w, https:\/\/visitsouthestonia.com\/community\/wp-content\/uploads\/2023\/05\/roosa-nool-128x1281-1-100x100.png 100w, https:\/\/visitsouthestonia.com\/community\/wp-content\/uploads\/2023\/05\/roosa-nool-128x1281-1-54x54.png 54w\" sizes=\"(max-width: 128px) 100vw, 128px\" \/> Rohkem infot: <a href=\"https:\/\/navikylaselts.ee\/uritused\/kogukonnafestival\/\" target=\"_blank\" rel=\"noreferrer noopener\">navikylaselts.ee\/uritused\/kogukonnafestival\/<\/a><\/p>\n\n\n\n<p class=\"wp-el\"><img decoding=\"async\" loading=\"lazy\" width=\"128\" height=\"128\" class=\"wp-image-12103\" style=\"width: 20px;\" src=\"https:\/\/visitsouthestonia.com\/community\/wp-content\/uploads\/2023\/05\/roosa-nool-128x1281-1.png\" alt=\"\" srcset=\"https:\/\/visitsouthestonia.com\/community\/wp-content\/uploads\/2023\/05\/roosa-nool-128x1281-1.png 128w, https:\/\/visitsouthestonia.com\/community\/wp-content\/uploads\/2023\/05\/roosa-nool-128x1281-1-51x51.png 51w, https:\/\/visitsouthestonia.com\/community\/wp-content\/uploads\/2023\/05\/roosa-nool-128x1281-1-70x70.png 70w, https:\/\/visitsouthestonia.com\/community\/wp-content\/uploads\/2023\/05\/roosa-nool-128x1281-1-120x120.png 120w, https:\/\/visitsouthestonia.com\/community\/wp-content\/uploads\/2023\/05\/roosa-nool-128x1281-1-100x100.png 100w, https:\/\/visitsouthestonia.com\/community\/wp-content\/uploads\/2023\/05\/roosa-nool-128x1281-1-54x54.png 54w\" sizes=\"(max-width: 128px) 100vw, 128px\" \/> Kontakt: Mai Timmi, mai.timmi@gmail.com, 51941537<\/p>\n\n\n\n<div class=\"wp-block-columns is-layout-flex wp-container-2 wp-block-columns-is-layout-flex\">\n<div class=\"wp-block-column is-layout-flow wp-block-column-is-layout-flow\" style=\"flex-basis:100%\">\n<figure class=\"wp-block-image size-large is-resized\"><img decoding=\"async\" loading=\"lazy\" width=\"1190\" height=\"1200\" src=\"https:\/\/visitsouthestonia.com\/community\/wp-content\/uploads\/2023\/06\/NAVI-4-1190x1200.jpg\" alt=\"\" class=\"wp-image-13137\" style=\"width:587px;height:591px\" srcset=\"https:\/\/visitsouthestonia.com\/community\/wp-content\/uploads\/2023\/06\/NAVI-4-1190x1200.jpg 1190w, https:\/\/visitsouthestonia.com\/community\/wp-content\/uploads\/2023\/06\/NAVI-4-768x774.jpg 768w, https:\/\/visitsouthestonia.com\/community\/wp-content\/uploads\/2023\/06\/NAVI-4-1523x1536.jpg 1523w, https:\/\/visitsouthestonia.com\/community\/wp-content\/uploads\/2023\/06\/NAVI-4-2031x2048.jpg 2031w, https:\/\/visitsouthestonia.com\/community\/wp-content\/uploads\/2023\/06\/NAVI-4-347x350.jpg 347w, https:\/\/visitsouthestonia.com\/community\/wp-content\/uploads\/2023\/06\/NAVI-4-51x51.jpg 51w, https:\/\/visitsouthestonia.com\/community\/wp-content\/uploads\/2023\/06\/NAVI-4-793x800.jpg 793w, https:\/\/visitsouthestonia.com\/community\/wp-content\/uploads\/2023\/06\/NAVI-4-230x232.jpg 230w, https:\/\/visitsouthestonia.com\/community\/wp-content\/uploads\/2023\/06\/NAVI-4-69x70.jpg 69w, https:\/\/visitsouthestonia.com\/community\/wp-content\/uploads\/2023\/06\/NAVI-4-186x188.jpg 186w, https:\/\/visitsouthestonia.com\/community\/wp-content\/uploads\/2023\/06\/NAVI-4-120x120.jpg 120w, https:\/\/visitsouthestonia.com\/community\/wp-content\/uploads\/2023\/06\/NAVI-4-100x100.jpg 100w, https:\/\/visitsouthestonia.com\/community\/wp-content\/uploads\/2023\/06\/NAVI-4-54x54.jpg 54w, https:\/\/visitsouthestonia.com\/community\/wp-content\/uploads\/2023\/06\/NAVI-4-367x370.jpg 367w\" sizes=\"(max-width: 1190px) 100vw, 1190px\" \/><figcaption class=\"wp-element-caption\">Maiki Park ja Mirelle Vetem\u00e4e. Foto: Terje Atonen<\/figcaption><\/figure>\n<\/div>\n<\/div>\n<\/div><\/div>\n<\/div><\/div><\/div>\n\n\n\n<div class=\"wp-block-advgb-accordions advgb-accordions-9d39f241-67e9-4d01-863c-b5c00751e5c8 advgb-accordion-wrapper\" data-collapsed=\"true\">\n<div class=\"wp-block-advgb-accordion-item advgb-accordion-item\" style=\"margin-bottom:13px\"><div class=\"advgb-accordion-header\" style=\"background-color:#000;color:#eee;border-style:solid;border-width:1px;border-radius:2px\"><span class=\"advgb-accordion-header-icon\"><svg fill=\"#fff\" xmlns=\"http:\/\/www.w3.org\/2000\/svg\" width=\"24\" height=\"24\" viewBox=\"0 0 24 24\"><path opacity=\"0.87\" fill=\"none\" d=\"M24,24H0L0,0l24,0V24z\"><\/path><path d=\"M16.59,8.59L12,13.17L7.41,8.59L6,10l6,6l6-6L16.59,8.59z\"><\/path><\/svg><\/span><h3 class=\"advgb-accordion-header-title\" style=\"color:inherit\">V\u00f5rumaa s\u00fcndmused<\/h3><\/div><div class=\"advgb-accordion-body\" style=\"border-style:solid !important;border-width:1px !important;border-color:undefined !important;border-top:none !important;border-radius:2px !important\">\n<p class=\"wp-el\"><a href=\"https:\/\/visitsouthestonia.com\/community\/euroopa-kultuuripealinn-tartu-2024-louna-eesti-kogukonnaprogramm\/projekt-sanna\/\" target=\"_blank\" rel=\"noreferrer noopener\">Projekt \u201eSanna!\u201c<\/a><\/p>\n\n\n\n<p class=\"wp-el\"><a href=\"https:\/\/visitsouthestonia.com\/community\/euroopa-kultuuripealinn-tartu-2024-louna-eesti-kogukonnaprogramm\/kogukonnafestival-mina-tean-kust-tuleb-minu-toit\/\" target=\"_blank\" rel=\"noreferrer noopener\">Kogukonnafestival \u201eMina tean, kust tuleb minu toit\u201d<\/a><\/p>\n\n\n\n<p class=\"wp-el\"><a href=\"https:\/\/visitsouthestonia.com\/community\/euroopa-kultuuripealinn-tartu-2024-louna-eesti-kogukonnaprogramm\/kagu-eesti-kultuuri-ja-inspiratsioonifestival-loovus-loob-lootust\/\" target=\"_blank\" rel=\"noreferrer noopener\">Kagu-Eesti kultuuri- ja inspiratsioonifestival \u201eLoovus loob lootust!\u201c<\/a><\/p>\n\n\n\n<p class=\"wp-el\"><a href=\"https:\/\/visitsouthestonia.com\/community\/euroopa-kultuuripealinn-tartu-2024-louna-eesti-kogukonnaprogramm\/avastamata-antsla-aarded-jarved\/\" target=\"_blank\" rel=\"noreferrer noopener\">Avastamata Antsla aarded \u2013 j\u00e4rved<\/a><\/p>\n<\/div><\/div>\n<\/div>\n\n\n\n<p class=\"wp-el\"><img decoding=\"async\" loading=\"lazy\" width=\"128\" height=\"128\" class=\"wp-image-12016\" style=\"width: 20px;\" src=\"https:\/\/visitsouthestonia.com\/community\/wp-content\/uploads\/2023\/05\/must-nool.png\" alt=\"\" srcset=\"https:\/\/visitsouthestonia.com\/community\/wp-content\/uploads\/2023\/05\/must-nool.png 128w, https:\/\/visitsouthestonia.com\/community\/wp-content\/uploads\/2023\/05\/must-nool-51x51.png 51w, https:\/\/visitsouthestonia.com\/community\/wp-content\/uploads\/2023\/05\/must-nool-70x70.png 70w, https:\/\/visitsouthestonia.com\/community\/wp-content\/uploads\/2023\/05\/must-nool-120x120.png 120w, https:\/\/visitsouthestonia.com\/community\/wp-content\/uploads\/2023\/05\/must-nool-100x100.png 100w, https:\/\/visitsouthestonia.com\/community\/wp-content\/uploads\/2023\/05\/must-nool-54x54.png 54w\" sizes=\"(max-width: 128px) 100vw, 128px\" \/> Rohkem infot <a href=\"https:\/\/visitsouthestonia.com\/community\/tartu-2024\/\">Euroopa kultuuripealinn Tartu 2024 L\u00f5una-Eesti kogukonnaprogrammist<\/a><\/p>\n\n\n\n<p class=\"wp-el\"><\/p>\n<style class=\"advgb-styles-renderer\">#advgb-cols-32c45d31-d3de-4327-99bf-edf4bf22b34b{}@media screen and (max-width: 1023px) {#advgb-cols-32c45d31-d3de-4327-99bf-edf4bf22b34b{}}@media screen and (max-width: 767px) {#advgb-cols-32c45d31-d3de-4327-99bf-edf4bf22b34b{}}#advgb-col-03cfa1b7-d90d-4fbc-87b3-49a16859bfc2>.advgb-column-inner{}@media screen and (max-width: 1023px) {#advgb-col-03cfa1b7-d90d-4fbc-87b3-49a16859bfc2>.advgb-column-inner{}}@media screen and (max-width: 767px) {#advgb-col-03cfa1b7-d90d-4fbc-87b3-49a16859bfc2>.advgb-column-inner{}}#advgb-col-df64f426-81af-4c9b-a4f7-4d4c5942d322>.advgb-column-inner{}@media screen and (max-width: 1023px) {#advgb-col-df64f426-81af-4c9b-a4f7-4d4c5942d322>.advgb-column-inner{}}@media screen and (max-width: 767px) {#advgb-col-df64f426-81af-4c9b-a4f7-4d4c5942d322>.advgb-column-inner{}}<\/style>","protected":false},"excerpt":{"rendered":"<p>&gt;&gt;&gt;ENG Navi k\u00fclaselts kutsub sukelduma paigap\u00e4rimusse Rohkem infot Euroopa kultuuripealinn Tartu 2024 L\u00f5una-Eesti kogukonnaprogrammist<\/p>\n","protected":false},"author":211,"featured_media":0,"parent":13841,"menu_order":0,"comment_status":"closed","ping_status":"closed","template":"","meta":{"advgb_blocks_editor_width":"","advgb_blocks_columns_visual_guide":"","footnotes":"","_links_to":"","_links_to_target":""},"acf":[],"yoast_head":"<!-- This site is optimized with the Yoast SEO plugin v21.4 - https:\/\/yoast.com\/wordpress\/plugins\/seo\/ -->\n<title>Navi k\u00fcla kogukonnafestival 2024 - visitsouthestonia<\/title>\n<meta name=\"robots\" content=\"index, follow, max-snippet:-1, max-image-preview:large, max-video-preview:-1\" \/>\n<link rel=\"canonical\" href=\"https:\/\/visitsouthestonia.com\/tartu-2024\/navi-kula-kogukonnafestival-2024\/\" \/>\n<meta property=\"og:locale\" content=\"et_EE\" \/>\n<meta property=\"og:type\" content=\"article\" \/>\n<meta property=\"og:title\" content=\"Navi k\u00fcla kogukonnafestival 2024 - visitsouthestonia\" \/>\n<meta property=\"og:description\" content=\"&gt;&gt;&gt;ENG Navi k\u00fclaselts kutsub sukelduma paigap\u00e4rimusse Rohkem infot Euroopa kultuuripealinn Tartu 2024 L\u00f5una-Eesti kogukonnaprogrammist\" \/>\n<meta property=\"og:url\" content=\"https:\/\/visitsouthestonia.com\/tartu-2024\/navi-kula-kogukonnafestival-2024\/\" \/>\n<meta property=\"og:site_name\" content=\"visitsouthestonia\" \/>\n<meta property=\"article:modified_time\" content=\"2024-07-11T09:00:18+00:00\" \/>\n<meta property=\"og:image\" content=\"https:\/\/visitsouthestonia.com\/wp-content\/uploads\/2023\/05\/Untitled-design12.png\" \/>\n<meta name=\"twitter:card\" content=\"summary_large_image\" \/>\n<meta name=\"twitter:label1\" content=\"Est. reading time\" \/>\n\t<meta name=\"twitter:data1\" content=\"2 minutit\" \/>\n<script type=\"application\/ld+json\" class=\"yoast-schema-graph\">{\"@context\":\"https:\/\/schema.org\",\"@graph\":[{\"@type\":\"WebPage\",\"@id\":\"https:\/\/visitsouthestonia.com\/tartu-2024\/navi-kula-kogukonnafestival-2024\/\",\"url\":\"https:\/\/visitsouthestonia.com\/tartu-2024\/navi-kula-kogukonnafestival-2024\/\",\"name\":\"Navi k\u00fcla kogukonnafestival 2024 - visitsouthestonia\",\"isPartOf\":{\"@id\":\"https:\/\/visitsouthestonia.com\/community\/#website\"},\"datePublished\":\"2023-05-17T18:41:03+00:00\",\"dateModified\":\"2024-07-11T09:00:18+00:00\",\"breadcrumb\":{\"@id\":\"https:\/\/visitsouthestonia.com\/tartu-2024\/navi-kula-kogukonnafestival-2024\/#breadcrumb\"},\"inLanguage\":\"et\",\"potentialAction\":[{\"@type\":\"ReadAction\",\"target\":[\"https:\/\/visitsouthestonia.com\/tartu-2024\/navi-kula-kogukonnafestival-2024\/\"]}]},{\"@type\":\"BreadcrumbList\",\"@id\":\"https:\/\/visitsouthestonia.com\/tartu-2024\/navi-kula-kogukonnafestival-2024\/#breadcrumb\",\"itemListElement\":[{\"@type\":\"ListItem\",\"position\":1,\"name\":\"Tartu 2024 L\u00f5una-Eesti kogukonnaprogramm\",\"item\":\"https:\/\/visitsouthestonia.com\/tartu-2024\/\"},{\"@type\":\"ListItem\",\"position\":2,\"name\":\"Navi k\u00fcla kogukonnafestival 2024\"}]},{\"@type\":\"WebSite\",\"@id\":\"https:\/\/visitsouthestonia.com\/community\/#website\",\"url\":\"https:\/\/visitsouthestonia.com\/community\/\",\"name\":\"visitsouthestonia\",\"description\":\"Parim puhkus veeda L\u00f5una-Eestis!\",\"potentialAction\":[{\"@type\":\"SearchAction\",\"target\":{\"@type\":\"EntryPoint\",\"urlTemplate\":\"https:\/\/visitsouthestonia.com\/community\/?s={search_term_string}\"},\"query-input\":\"required name=search_term_string\"}],\"inLanguage\":\"et\"}]}<\/script>\n<!-- \/ Yoast SEO plugin. -->","yoast_head_json":{"title":"Navi k\u00fcla kogukonnafestival 2024 - visitsouthestonia","robots":{"index":"index","follow":"follow","max-snippet":"max-snippet:-1","max-image-preview":"max-image-preview:large","max-video-preview":"max-video-preview:-1"},"canonical":"https:\/\/visitsouthestonia.com\/tartu-2024\/navi-kula-kogukonnafestival-2024\/","og_locale":"et_EE","og_type":"article","og_title":"Navi k\u00fcla kogukonnafestival 2024 - visitsouthestonia","og_description":"&gt;&gt;&gt;ENG Navi k\u00fclaselts kutsub sukelduma paigap\u00e4rimusse Rohkem infot Euroopa kultuuripealinn Tartu 2024 L\u00f5una-Eesti kogukonnaprogrammist","og_url":"https:\/\/visitsouthestonia.com\/tartu-2024\/navi-kula-kogukonnafestival-2024\/","og_site_name":"visitsouthestonia","article_modified_time":"2024-07-11T09:00:18+00:00","og_image":[{"url":"https:\/\/visitsouthestonia.com\/wp-content\/uploads\/2023\/05\/Untitled-design12.png"}],"twitter_card":"summary_large_image","twitter_misc":{"Est. reading time":"2 minutit"},"schema":{"@context":"https:\/\/schema.org","@graph":[{"@type":"WebPage","@id":"https:\/\/visitsouthestonia.com\/tartu-2024\/navi-kula-kogukonnafestival-2024\/","url":"https:\/\/visitsouthestonia.com\/tartu-2024\/navi-kula-kogukonnafestival-2024\/","name":"Navi k\u00fcla kogukonnafestival 2024 - visitsouthestonia","isPartOf":{"@id":"https:\/\/visitsouthestonia.com\/community\/#website"},"datePublished":"2023-05-17T18:41:03+00:00","dateModified":"2024-07-11T09:00:18+00:00","breadcrumb":{"@id":"https:\/\/visitsouthestonia.com\/tartu-2024\/navi-kula-kogukonnafestival-2024\/#breadcrumb"},"inLanguage":"et","potentialAction":[{"@type":"ReadAction","target":["https:\/\/visitsouthestonia.com\/tartu-2024\/navi-kula-kogukonnafestival-2024\/"]}]},{"@type":"BreadcrumbList","@id":"https:\/\/visitsouthestonia.com\/tartu-2024\/navi-kula-kogukonnafestival-2024\/#breadcrumb","itemListElement":[{"@type":"ListItem","position":1,"name":"Tartu 2024 L\u00f5una-Eesti kogukonnaprogramm","item":"https:\/\/visitsouthestonia.com\/tartu-2024\/"},{"@type":"ListItem","position":2,"name":"Navi k\u00fcla kogukonnafestival 2024"}]},{"@type":"WebSite","@id":"https:\/\/visitsouthestonia.com\/community\/#website","url":"https:\/\/visitsouthestonia.com\/community\/","name":"visitsouthestonia","description":"Parim puhkus veeda L\u00f5una-Eestis!","potentialAction":[{"@type":"SearchAction","target":{"@type":"EntryPoint","urlTemplate":"https:\/\/visitsouthestonia.com\/community\/?s={search_term_string}"},"query-input":"required name=search_term_string"}],"inLanguage":"et"}]}},"coauthors":[],"author_meta":{"author_link":"https:\/\/visitsouthestonia.com\/community\/author\/kaisa-timmi\/","display_name":"Meeri"},"relative_dates":{"created":"Posted 3 aastat ago","modified":"Updated 2 aastat ago"},"absolute_dates":{"created":"Posted on 17. mai 2023","modified":"Updated on 11. juuli 2024"},"absolute_dates_time":{"created":"Posted on 17. mai 2023 09:41","modified":"Updated on 11. juuli 2024 12:00"},"featured_img_caption":"","featured_img":false,"series_order":"","_links":{"self":[{"href":"https:\/\/visitsouthestonia.com\/community\/wp-json\/wp\/v2\/pages\/12195"}],"collection":[{"href":"https:\/\/visitsouthestonia.com\/community\/wp-json\/wp\/v2\/pages"}],"about":[{"href":"https:\/\/visitsouthestonia.com\/community\/wp-json\/wp\/v2\/types\/page"}],"author":[{"embeddable":true,"href":"https:\/\/visitsouthestonia.com\/community\/wp-json\/wp\/v2\/users\/211"}],"replies":[{"embeddable":true,"href":"https:\/\/visitsouthestonia.com\/community\/wp-json\/wp\/v2\/comments?post=12195"}],"version-history":[{"count":10,"href":"https:\/\/visitsouthestonia.com\/community\/wp-json\/wp\/v2\/pages\/12195\/revisions"}],"predecessor-version":[{"id":20841,"href":"https:\/\/visitsouthestonia.com\/community\/wp-json\/wp\/v2\/pages\/12195\/revisions\/20841"}],"up":[{"embeddable":true,"href":"https:\/\/visitsouthestonia.com\/community\/wp-json\/wp\/v2\/pages\/13841"}],"wp:attachment":[{"href":"https:\/\/visitsouthestonia.com\/community\/wp-json\/wp\/v2\/media?parent=12195"}],"curies":[{"name":"wp","href":"https:\/\/api.w.org\/{rel}","templated":true}]}}