{"id":12176,"date":"2023-05-17T00:12:53","date_gmt":"2023-05-16T21:12:53","guid":{"rendered":"https:\/\/visitsouthestonia.com\/community\/?page_id=12176"},"modified":"2024-05-13T17:03:37","modified_gmt":"2024-05-13T14:03:37","slug":"meelterannak-looduses","status":"publish","type":"page","link":"https:\/\/visitsouthestonia.com\/community\/tartu-2024\/meelterannak-looduses\/","title":{"rendered":"R\u00e4nnaklavastus\u00a0\u201eEedeni aed&#8221; Luke m\u00f5isapargis"},"content":{"rendered":"\n<p class=\"has-text-align-right wp-el\"><a href=\"https:\/\/visitsouthestonia.com\/community\/en\/tartu-2024\/sensory-journey-in-luke-manor-park\/\">&gt;&gt;&gt;ENG<\/a><\/p>\n\n\n\n<figure class=\"wp-block-image size-full\"><img decoding=\"async\" loading=\"lazy\" width=\"1200\" height=\"120\" src=\"https:\/\/visitsouthestonia.com\/community\/wp-content\/uploads\/2023\/05\/Untitled-design14.png\" alt=\"\" class=\"wp-image-12154\" srcset=\"https:\/\/visitsouthestonia.com\/community\/wp-content\/uploads\/2023\/05\/Untitled-design14.png 1200w, https:\/\/visitsouthestonia.com\/community\/wp-content\/uploads\/2023\/05\/Untitled-design14-768x77.png 768w, https:\/\/visitsouthestonia.com\/community\/wp-content\/uploads\/2023\/05\/Untitled-design14-350x35.png 350w, https:\/\/visitsouthestonia.com\/community\/wp-content\/uploads\/2023\/05\/Untitled-design14-1100x110.png 1100w, https:\/\/visitsouthestonia.com\/community\/wp-content\/uploads\/2023\/05\/Untitled-design14-230x23.png 230w, https:\/\/visitsouthestonia.com\/community\/wp-content\/uploads\/2023\/05\/Untitled-design14-210x21.png 210w, https:\/\/visitsouthestonia.com\/community\/wp-content\/uploads\/2023\/05\/Untitled-design14-188x19.png 188w, https:\/\/visitsouthestonia.com\/community\/wp-content\/uploads\/2023\/05\/Untitled-design14-370x37.png 370w\" sizes=\"(max-width: 1200px) 100vw, 1200px\" \/><\/figure>\n\n\n\n<h1 class=\"wp-block-heading wp-el\"><strong><strong><strong><strong><strong><strong><strong><strong>R\u00e4nnaklavastus&nbsp;\u201eEedeni aed&#8221; Luke m\u00f5isapargis avardab tunnetust<\/strong><\/strong><\/strong><\/strong><\/strong><\/strong><\/strong><\/strong><\/h1>\n\n\n\n<div class=\"wp-block-advgb-columns advgb-columns-wrapper\" id=\"advgb-cols-9a165016-6d41-4f74-b5dc-1f45bb1ba2a7\"><div class=\"advgb-columns-container\"><div class=\"advgb-columns advgb-columns-row advgb-is-mobile advgb-columns-2 layout-12-12 mbl-layout-stacked vgutter-10\">\n<div class=\"wp-block-advgb-column advgb-column advgb-is-half-tablet advgb-is-full-mobile\" id=\"advgb-col-e4688e6c-8f79-4802-817c-3f65b55892c0\"><div class=\"advgb-column-inner\" style=\"border-style:none;border-width:1px\">\n<p class=\"wp-el\">Luke m\u00f5isapargi salap\u00e4ra, mida kogeb iga sinna sattuv inimene, toimib magnetina. 2024. aasta mais ja augustis, kui osaled oman\u00e4olisel meelter\u00e4nnakul, v\u00f5id avardada oma tunnetuse tasandeid. <\/p>\n\n\n\n<p class=\"wp-el\">R\u00e4nnaklavastus&nbsp;\u201eEedeni aed&#8221; Luke m\u00f5isapargis viib k\u00fclastaja tagasi m\u00f5isaaega \u2013 loodusretkel koged erinevaid elamusi k\u00f5ikide meelte abil, pannes proovile ka oma haistmis- ja maitsmismeele. R\u00e4nnaku l\u00f5ppu j\u00f5udes r\u00f5\u00f5mustab tulijat romantiline kultuurikohvik spetsiaalselt selle retke jaoks valmistatud metsa- ja kultuurih\u00f5rgutistega.&nbsp;<\/p>\n\n\n\n<p class=\"wp-el\">Kohvikutep\u00e4ev toimub 19. mail 2024.<\/p>\n\n\n\n<p class=\"wp-el\"><\/p>\n\n\n\n<p class=\"wp-el\"><\/p>\n<\/div><\/div>\n\n\n\n<div class=\"wp-block-advgb-column advgb-column advgb-is-half-tablet advgb-is-full-mobile\" id=\"advgb-col-c5f23d85-7b02-427c-99b4-0e5b3f6fbacf\"><div class=\"advgb-column-inner\" style=\"border-style:none;border-width:1px\">\n<p class=\"wp-el\"><img decoding=\"async\" loading=\"lazy\" width=\"128\" height=\"128\" class=\"wp-image-12156\" style=\"width: 20px;\" src=\"https:\/\/visitsouthestonia.com\/community\/wp-content\/uploads\/2023\/05\/punane-nool.png\" alt=\"\" srcset=\"https:\/\/visitsouthestonia.com\/community\/wp-content\/uploads\/2023\/05\/punane-nool.png 128w, https:\/\/visitsouthestonia.com\/community\/wp-content\/uploads\/2023\/05\/punane-nool-51x51.png 51w, https:\/\/visitsouthestonia.com\/community\/wp-content\/uploads\/2023\/05\/punane-nool-70x70.png 70w, https:\/\/visitsouthestonia.com\/community\/wp-content\/uploads\/2023\/05\/punane-nool-120x120.png 120w, https:\/\/visitsouthestonia.com\/community\/wp-content\/uploads\/2023\/05\/punane-nool-100x100.png 100w, https:\/\/visitsouthestonia.com\/community\/wp-content\/uploads\/2023\/05\/punane-nool-54x54.png 54w\" sizes=\"(max-width: 128px) 100vw, 128px\" \/> Toimumise aeg:<strong> <\/strong>16., 17., 18. mai ja 29., 30., 31. august<\/p>\n\n\n\n<p class=\"wp-el\"><img decoding=\"async\" loading=\"lazy\" width=\"128\" height=\"128\" class=\"wp-image-12156\" style=\"width: 20px;\" src=\"https:\/\/visitsouthestonia.com\/community\/wp-content\/uploads\/2023\/05\/punane-nool.png\" alt=\"\" srcset=\"https:\/\/visitsouthestonia.com\/community\/wp-content\/uploads\/2023\/05\/punane-nool.png 128w, https:\/\/visitsouthestonia.com\/community\/wp-content\/uploads\/2023\/05\/punane-nool-51x51.png 51w, https:\/\/visitsouthestonia.com\/community\/wp-content\/uploads\/2023\/05\/punane-nool-70x70.png 70w, https:\/\/visitsouthestonia.com\/community\/wp-content\/uploads\/2023\/05\/punane-nool-120x120.png 120w, https:\/\/visitsouthestonia.com\/community\/wp-content\/uploads\/2023\/05\/punane-nool-100x100.png 100w, https:\/\/visitsouthestonia.com\/community\/wp-content\/uploads\/2023\/05\/punane-nool-54x54.png 54w\" sizes=\"(max-width: 128px) 100vw, 128px\" \/> Rohkem infot: <a href=\"https:\/\/kultuuriaken.tartu.ee\/et\/syndmus\/rannaklavastus-eedeni-aed\">kultuuriaken.tartu.ee\/et\/syndmus\/rannaklavastus-eedeni-aed<\/a><\/p>\n\n\n\n<p class=\"wp-el\"><img decoding=\"async\" loading=\"lazy\" width=\"128\" height=\"128\" class=\"wp-image-12156\" style=\"width: 20px;\" src=\"https:\/\/visitsouthestonia.com\/community\/wp-content\/uploads\/2023\/05\/punane-nool.png\" alt=\"\" srcset=\"https:\/\/visitsouthestonia.com\/community\/wp-content\/uploads\/2023\/05\/punane-nool.png 128w, https:\/\/visitsouthestonia.com\/community\/wp-content\/uploads\/2023\/05\/punane-nool-51x51.png 51w, https:\/\/visitsouthestonia.com\/community\/wp-content\/uploads\/2023\/05\/punane-nool-70x70.png 70w, https:\/\/visitsouthestonia.com\/community\/wp-content\/uploads\/2023\/05\/punane-nool-120x120.png 120w, https:\/\/visitsouthestonia.com\/community\/wp-content\/uploads\/2023\/05\/punane-nool-100x100.png 100w, https:\/\/visitsouthestonia.com\/community\/wp-content\/uploads\/2023\/05\/punane-nool-54x54.png 54w\" sizes=\"(max-width: 128px) 100vw, 128px\" \/> Kontakt: Gaili Kangur, gaili.jarvela@gmail.com, 55689096<\/p>\n\n\n\n<div class=\"wp-block-columns is-layout-flex wp-container-2 wp-block-columns-is-layout-flex\">\n<div class=\"wp-block-column is-layout-flow wp-block-column-is-layout-flow\" style=\"flex-basis:100%\">\n<figure class=\"wp-block-image size-full\"><img decoding=\"async\" loading=\"lazy\" width=\"1709\" height=\"2560\" src=\"https:\/\/visitsouthestonia.com\/community\/wp-content\/uploads\/2023\/06\/Meelterannaklooduses-18-scaled.jpg\" alt=\"\" class=\"wp-image-13129\" style=\"object-fit:cover\" srcset=\"https:\/\/visitsouthestonia.com\/community\/wp-content\/uploads\/2023\/06\/Meelterannaklooduses-18-scaled.jpg 1709w, https:\/\/visitsouthestonia.com\/community\/wp-content\/uploads\/2023\/06\/Meelterannaklooduses-18-801x1200.jpg 801w, https:\/\/visitsouthestonia.com\/community\/wp-content\/uploads\/2023\/06\/Meelterannaklooduses-18-768x1151.jpg 768w, https:\/\/visitsouthestonia.com\/community\/wp-content\/uploads\/2023\/06\/Meelterannaklooduses-18-1025x1536.jpg 1025w, https:\/\/visitsouthestonia.com\/community\/wp-content\/uploads\/2023\/06\/Meelterannaklooduses-18-1367x2048.jpg 1367w, https:\/\/visitsouthestonia.com\/community\/wp-content\/uploads\/2023\/06\/Meelterannaklooduses-18-234x350.jpg 234w, https:\/\/visitsouthestonia.com\/community\/wp-content\/uploads\/2023\/06\/Meelterannaklooduses-18-534x800.jpg 534w, https:\/\/visitsouthestonia.com\/community\/wp-content\/uploads\/2023\/06\/Meelterannaklooduses-18-170x254.jpg 170w, https:\/\/visitsouthestonia.com\/community\/wp-content\/uploads\/2023\/06\/Meelterannaklooduses-18-47x70.jpg 47w, https:\/\/visitsouthestonia.com\/community\/wp-content\/uploads\/2023\/06\/Meelterannaklooduses-18-125x188.jpg 125w, https:\/\/visitsouthestonia.com\/community\/wp-content\/uploads\/2023\/06\/Meelterannaklooduses-18-36x54.jpg 36w, https:\/\/visitsouthestonia.com\/community\/wp-content\/uploads\/2023\/06\/Meelterannaklooduses-18-247x370.jpg 247w\" sizes=\"(max-width: 1709px) 100vw, 1709px\" \/><figcaption class=\"wp-element-caption\">Gea J\u00e4rvela ja Gaili Kangur. Foto: Terje Atonen<br><\/figcaption><\/figure>\n<\/div>\n<\/div>\n<\/div><\/div>\n<\/div><\/div><\/div>\n\n\n\n<div class=\"wp-block-advgb-accordions advgb-accordions-914ebbcc-ed5a-48d4-8c6a-2b2834240df6 advgb-accordion-wrapper\" data-collapsed=\"true\">\n<div class=\"wp-block-advgb-accordion-item advgb-accordion-item\" style=\"margin-bottom:13px\"><div class=\"advgb-accordion-header\" style=\"background-color:#000;color:#eee;border-style:solid;border-width:1px;border-radius:2px\"><span class=\"advgb-accordion-header-icon\"><svg fill=\"#fff\" xmlns=\"http:\/\/www.w3.org\/2000\/svg\" width=\"24\" height=\"24\" viewBox=\"0 0 24 24\"><path opacity=\"0.87\" fill=\"none\" d=\"M24,24H0L0,0l24,0V24z\"><\/path><path d=\"M16.59,8.59L12,13.17L7.41,8.59L6,10l6,6l6-6L16.59,8.59z\"><\/path><\/svg><\/span><h3 class=\"advgb-accordion-header-title\" style=\"color:inherit\">Tartumaa s\u00fcndmused<\/h3><\/div><div class=\"advgb-accordion-body\" style=\"border-style:solid !important;border-width:1px !important;border-color:undefined !important;border-top:none !important;border-radius:2px !important\">\n<p class=\"wp-el\"><a href=\"https:\/\/visitsouthestonia.com\/community\/euroopa-kultuuripealinn-tartu-2024-louna-eesti-kogukonnaprogramm\/peipsi-toidu-tanav-175-km-2\/\" target=\"_blank\" rel=\"noreferrer noopener\">Peipsi Toidu T\u00e4nav 175 km<\/a><\/p>\n\n\n\n<p class=\"wp-el\"><a href=\"https:\/\/visitsouthestonia.com\/community\/euroopa-kultuuripealinn-tartu-2024-louna-eesti-kogukonnaprogramm\/taliteed-emajoe-suursoos\/\" target=\"_blank\" rel=\"noreferrer noopener\">Taliteed Emaj\u00f5e-Suursoos<\/a><\/p>\n\n\n\n<p class=\"wp-el\"><a href=\"https:\/\/visitsouthestonia.com\/community\/euroopa-kultuuripealinn-tartu-2024-louna-eesti-kogukonnaprogramm\/tartumaa-toidufestival-2023-ja-2024\/\" target=\"_blank\" rel=\"noreferrer noopener\">Tartumaa toidus\u00fcndmuste sari &#8220;Tirin&#8221;<\/a><\/p>\n\n\n\n<p class=\"wp-el\"><a href=\"https:\/\/visitsouthestonia.com\/community\/euroopa-kultuuripealinn-tartu-2024-louna-eesti-kogukonnaprogramm\/dokumentaalne-osaluslavastus-ellujaamiskunstid-kmomid\/\" target=\"_blank\" rel=\"noreferrer noopener\">Dokumentaalne osaluslavastus \u201eElluj\u00e4\u00e4miskunstid. KMOMID\u201c<\/a><\/p>\n\n\n\n<p class=\"wp-el\"><a href=\"https:\/\/visitsouthestonia.com\/community\/euroopa-kultuuripealinn-tartu-2024-louna-eesti-kogukonnaprogramm\/joeretkede-sari-avasta-emajogi\/\" target=\"_blank\" rel=\"noreferrer noopener\">J\u00f5eretkede sari \u201eAvasta Emaj\u00f5gi!\u201c<\/a><\/p>\n\n\n\n<p class=\"wp-el\"><a href=\"https:\/\/visitsouthestonia.com\/community\/euroopa-kultuuripealinn-tartu-2024-louna-eesti-kogukonnaprogramm\/i-kodavere-laalupido\/\" target=\"_blank\" rel=\"noreferrer noopener\">I Kodavere laalupido<\/a><\/p>\n\n\n\n<p class=\"wp-el\"><a href=\"https:\/\/visitsouthestonia.com\/community\/euroopa-kultuuripealinn-tartu-2024-louna-eesti-kogukonnaprogramm\/tartumaa-teemapaevad-paritud-ellujaamiskunstid\/\" target=\"_blank\" rel=\"noreferrer noopener\">Tartumaa teemap\u00e4evad \u201eP\u00e4ritud elluj\u00e4\u00e4miskunstid\u201c<\/a><\/p>\n<\/div><\/div>\n<\/div>\n\n\n\n<p class=\"wp-el\"><img decoding=\"async\" loading=\"lazy\" width=\"128\" height=\"128\" class=\"wp-image-12016\" style=\"width: 20px;\" src=\"https:\/\/visitsouthestonia.com\/community\/wp-content\/uploads\/2023\/05\/must-nool.png\" alt=\"\" srcset=\"https:\/\/visitsouthestonia.com\/community\/wp-content\/uploads\/2023\/05\/must-nool.png 128w, https:\/\/visitsouthestonia.com\/community\/wp-content\/uploads\/2023\/05\/must-nool-51x51.png 51w, https:\/\/visitsouthestonia.com\/community\/wp-content\/uploads\/2023\/05\/must-nool-70x70.png 70w, https:\/\/visitsouthestonia.com\/community\/wp-content\/uploads\/2023\/05\/must-nool-120x120.png 120w, https:\/\/visitsouthestonia.com\/community\/wp-content\/uploads\/2023\/05\/must-nool-100x100.png 100w, https:\/\/visitsouthestonia.com\/community\/wp-content\/uploads\/2023\/05\/must-nool-54x54.png 54w\" sizes=\"(max-width: 128px) 100vw, 128px\" \/> Rohkem infot <a href=\"https:\/\/visitsouthestonia.com\/community\/tartu-2024\/\">Euroopa kultuuripealinn Tartu 2024 L\u00f5una-Eesti kogukonnaprogrammist<\/a><\/p>\n<style class=\"advgb-styles-renderer\">#advgb-cols-9a165016-6d41-4f74-b5dc-1f45bb1ba2a7{}@media screen and (max-width: 1023px) {#advgb-cols-9a165016-6d41-4f74-b5dc-1f45bb1ba2a7{}}@media screen and (max-width: 767px) {#advgb-cols-9a165016-6d41-4f74-b5dc-1f45bb1ba2a7{}}#advgb-col-e4688e6c-8f79-4802-817c-3f65b55892c0>.advgb-column-inner{}@media screen and (max-width: 1023px) {#advgb-col-e4688e6c-8f79-4802-817c-3f65b55892c0>.advgb-column-inner{}}@media screen and (max-width: 767px) {#advgb-col-e4688e6c-8f79-4802-817c-3f65b55892c0>.advgb-column-inner{}}#advgb-col-c5f23d85-7b02-427c-99b4-0e5b3f6fbacf>.advgb-column-inner{}@media screen and (max-width: 1023px) {#advgb-col-c5f23d85-7b02-427c-99b4-0e5b3f6fbacf>.advgb-column-inner{}}@media screen and (max-width: 767px) {#advgb-col-c5f23d85-7b02-427c-99b4-0e5b3f6fbacf>.advgb-column-inner{}}<\/style>","protected":false},"excerpt":{"rendered":"<p>&gt;&gt;&gt;ENG R\u00e4nnaklavastus&nbsp;\u201eEedeni aed&#8221; Luke m\u00f5isapargis avardab tunnetust Rohkem infot Euroopa kultuuripealinn Tartu 2024 L\u00f5una-Eesti kogukonnaprogrammist<\/p>\n","protected":false},"author":211,"featured_media":0,"parent":13841,"menu_order":0,"comment_status":"closed","ping_status":"closed","template":"","meta":{"advgb_blocks_editor_width":"","advgb_blocks_columns_visual_guide":"","footnotes":"","_links_to":"","_links_to_target":""},"acf":[],"yoast_head":"<!-- This site is optimized with the Yoast SEO plugin v21.4 - https:\/\/yoast.com\/wordpress\/plugins\/seo\/ -->\n<title>R\u00e4nnaklavastus\u00a0\u201eEedeni aed&quot; Luke m\u00f5isapargis - visitsouthestonia<\/title>\n<meta name=\"robots\" content=\"index, follow, max-snippet:-1, max-image-preview:large, max-video-preview:-1\" \/>\n<link rel=\"canonical\" href=\"https:\/\/visitsouthestonia.com\/tartu-2024\/meelterannak-looduses\/\" \/>\n<meta property=\"og:locale\" content=\"et_EE\" \/>\n<meta property=\"og:type\" content=\"article\" \/>\n<meta property=\"og:title\" content=\"R\u00e4nnaklavastus\u00a0\u201eEedeni aed&quot; Luke m\u00f5isapargis - visitsouthestonia\" \/>\n<meta property=\"og:description\" content=\"&gt;&gt;&gt;ENG R\u00e4nnaklavastus&nbsp;\u201eEedeni aed&#8221; Luke m\u00f5isapargis avardab tunnetust Rohkem infot Euroopa kultuuripealinn Tartu 2024 L\u00f5una-Eesti kogukonnaprogrammist\" \/>\n<meta property=\"og:url\" content=\"https:\/\/visitsouthestonia.com\/tartu-2024\/meelterannak-looduses\/\" \/>\n<meta property=\"og:site_name\" content=\"visitsouthestonia\" \/>\n<meta property=\"article:modified_time\" content=\"2024-05-13T14:03:37+00:00\" \/>\n<meta property=\"og:image\" content=\"https:\/\/visitsouthestonia.com\/wp-content\/uploads\/2023\/05\/Untitled-design14.png\" \/>\n<meta name=\"twitter:card\" content=\"summary_large_image\" \/>\n<meta name=\"twitter:label1\" content=\"Est. reading time\" \/>\n\t<meta name=\"twitter:data1\" content=\"2 minutit\" \/>\n<script type=\"application\/ld+json\" class=\"yoast-schema-graph\">{\"@context\":\"https:\/\/schema.org\",\"@graph\":[{\"@type\":\"WebPage\",\"@id\":\"https:\/\/visitsouthestonia.com\/tartu-2024\/meelterannak-looduses\/\",\"url\":\"https:\/\/visitsouthestonia.com\/tartu-2024\/meelterannak-looduses\/\",\"name\":\"R\u00e4nnaklavastus\u00a0\u201eEedeni aed\\\" Luke m\u00f5isapargis - visitsouthestonia\",\"isPartOf\":{\"@id\":\"https:\/\/visitsouthestonia.com\/community\/#website\"},\"datePublished\":\"2023-05-16T21:12:53+00:00\",\"dateModified\":\"2024-05-13T14:03:37+00:00\",\"breadcrumb\":{\"@id\":\"https:\/\/visitsouthestonia.com\/tartu-2024\/meelterannak-looduses\/#breadcrumb\"},\"inLanguage\":\"et\",\"potentialAction\":[{\"@type\":\"ReadAction\",\"target\":[\"https:\/\/visitsouthestonia.com\/tartu-2024\/meelterannak-looduses\/\"]}]},{\"@type\":\"BreadcrumbList\",\"@id\":\"https:\/\/visitsouthestonia.com\/tartu-2024\/meelterannak-looduses\/#breadcrumb\",\"itemListElement\":[{\"@type\":\"ListItem\",\"position\":1,\"name\":\"Tartu 2024 L\u00f5una-Eesti kogukonnaprogramm\",\"item\":\"https:\/\/visitsouthestonia.com\/tartu-2024\/\"},{\"@type\":\"ListItem\",\"position\":2,\"name\":\"R\u00e4nnaklavastus\u00a0\u201eEedeni aed&#8221; Luke m\u00f5isapargis\"}]},{\"@type\":\"WebSite\",\"@id\":\"https:\/\/visitsouthestonia.com\/community\/#website\",\"url\":\"https:\/\/visitsouthestonia.com\/community\/\",\"name\":\"visitsouthestonia\",\"description\":\"Parim puhkus veeda L\u00f5una-Eestis!\",\"potentialAction\":[{\"@type\":\"SearchAction\",\"target\":{\"@type\":\"EntryPoint\",\"urlTemplate\":\"https:\/\/visitsouthestonia.com\/community\/?s={search_term_string}\"},\"query-input\":\"required name=search_term_string\"}],\"inLanguage\":\"et\"}]}<\/script>\n<!-- \/ Yoast SEO plugin. -->","yoast_head_json":{"title":"R\u00e4nnaklavastus\u00a0\u201eEedeni aed\" Luke m\u00f5isapargis - visitsouthestonia","robots":{"index":"index","follow":"follow","max-snippet":"max-snippet:-1","max-image-preview":"max-image-preview:large","max-video-preview":"max-video-preview:-1"},"canonical":"https:\/\/visitsouthestonia.com\/tartu-2024\/meelterannak-looduses\/","og_locale":"et_EE","og_type":"article","og_title":"R\u00e4nnaklavastus\u00a0\u201eEedeni aed\" Luke m\u00f5isapargis - visitsouthestonia","og_description":"&gt;&gt;&gt;ENG R\u00e4nnaklavastus&nbsp;\u201eEedeni aed&#8221; Luke m\u00f5isapargis avardab tunnetust Rohkem infot Euroopa kultuuripealinn Tartu 2024 L\u00f5una-Eesti kogukonnaprogrammist","og_url":"https:\/\/visitsouthestonia.com\/tartu-2024\/meelterannak-looduses\/","og_site_name":"visitsouthestonia","article_modified_time":"2024-05-13T14:03:37+00:00","og_image":[{"url":"https:\/\/visitsouthestonia.com\/wp-content\/uploads\/2023\/05\/Untitled-design14.png"}],"twitter_card":"summary_large_image","twitter_misc":{"Est. reading time":"2 minutit"},"schema":{"@context":"https:\/\/schema.org","@graph":[{"@type":"WebPage","@id":"https:\/\/visitsouthestonia.com\/tartu-2024\/meelterannak-looduses\/","url":"https:\/\/visitsouthestonia.com\/tartu-2024\/meelterannak-looduses\/","name":"R\u00e4nnaklavastus\u00a0\u201eEedeni aed\" Luke m\u00f5isapargis - visitsouthestonia","isPartOf":{"@id":"https:\/\/visitsouthestonia.com\/community\/#website"},"datePublished":"2023-05-16T21:12:53+00:00","dateModified":"2024-05-13T14:03:37+00:00","breadcrumb":{"@id":"https:\/\/visitsouthestonia.com\/tartu-2024\/meelterannak-looduses\/#breadcrumb"},"inLanguage":"et","potentialAction":[{"@type":"ReadAction","target":["https:\/\/visitsouthestonia.com\/tartu-2024\/meelterannak-looduses\/"]}]},{"@type":"BreadcrumbList","@id":"https:\/\/visitsouthestonia.com\/tartu-2024\/meelterannak-looduses\/#breadcrumb","itemListElement":[{"@type":"ListItem","position":1,"name":"Tartu 2024 L\u00f5una-Eesti kogukonnaprogramm","item":"https:\/\/visitsouthestonia.com\/tartu-2024\/"},{"@type":"ListItem","position":2,"name":"R\u00e4nnaklavastus\u00a0\u201eEedeni aed&#8221; Luke m\u00f5isapargis"}]},{"@type":"WebSite","@id":"https:\/\/visitsouthestonia.com\/community\/#website","url":"https:\/\/visitsouthestonia.com\/community\/","name":"visitsouthestonia","description":"Parim puhkus veeda L\u00f5una-Eestis!","potentialAction":[{"@type":"SearchAction","target":{"@type":"EntryPoint","urlTemplate":"https:\/\/visitsouthestonia.com\/community\/?s={search_term_string}"},"query-input":"required name=search_term_string"}],"inLanguage":"et"}]}},"coauthors":[],"author_meta":{"author_link":"https:\/\/visitsouthestonia.com\/community\/author\/kaisa-timmi\/","display_name":"Meeri"},"relative_dates":{"created":"Posted 3 aastat ago","modified":"Updated 2 aastat ago"},"absolute_dates":{"created":"Posted on 17. mai 2023","modified":"Updated on 13. mai 2024"},"absolute_dates_time":{"created":"Posted on 17. mai 2023 12:12","modified":"Updated on 13. mai 2024 05:03"},"featured_img_caption":"","featured_img":false,"series_order":"","_links":{"self":[{"href":"https:\/\/visitsouthestonia.com\/community\/wp-json\/wp\/v2\/pages\/12176"}],"collection":[{"href":"https:\/\/visitsouthestonia.com\/community\/wp-json\/wp\/v2\/pages"}],"about":[{"href":"https:\/\/visitsouthestonia.com\/community\/wp-json\/wp\/v2\/types\/page"}],"author":[{"embeddable":true,"href":"https:\/\/visitsouthestonia.com\/community\/wp-json\/wp\/v2\/users\/211"}],"replies":[{"embeddable":true,"href":"https:\/\/visitsouthestonia.com\/community\/wp-json\/wp\/v2\/comments?post=12176"}],"version-history":[{"count":13,"href":"https:\/\/visitsouthestonia.com\/community\/wp-json\/wp\/v2\/pages\/12176\/revisions"}],"predecessor-version":[{"id":20613,"href":"https:\/\/visitsouthestonia.com\/community\/wp-json\/wp\/v2\/pages\/12176\/revisions\/20613"}],"up":[{"embeddable":true,"href":"https:\/\/visitsouthestonia.com\/community\/wp-json\/wp\/v2\/pages\/13841"}],"wp:attachment":[{"href":"https:\/\/visitsouthestonia.com\/community\/wp-json\/wp\/v2\/media?parent=12176"}],"curies":[{"name":"wp","href":"https:\/\/api.w.org\/{rel}","templated":true}]}}