{"id":12173,"date":"2023-05-17T00:09:11","date_gmt":"2023-05-16T21:09:11","guid":{"rendered":"https:\/\/visitsouthestonia.com\/community\/?page_id=12173"},"modified":"2024-05-31T10:21:58","modified_gmt":"2024-05-31T07:21:58","slug":"i-kodavere-laalupido","status":"publish","type":"page","link":"https:\/\/visitsouthestonia.com\/community\/tartu-2024\/i-kodavere-laalupido\/","title":{"rendered":"I Kodavere laalupido"},"content":{"rendered":"\n<p class=\"has-text-align-right wp-el\"><a href=\"https:\/\/visitsouthestonia.com\/community\/en\/tartu-2024\/i-kodavere-song-festival\/\">&gt;&gt;&gt;ENG<\/a><\/p>\n\n\n\n<figure class=\"wp-block-image size-full\"><img decoding=\"async\" loading=\"lazy\" width=\"1200\" height=\"120\" src=\"https:\/\/visitsouthestonia.com\/community\/wp-content\/uploads\/2023\/05\/Untitled-design14.png\" alt=\"\" class=\"wp-image-12154\" srcset=\"https:\/\/visitsouthestonia.com\/community\/wp-content\/uploads\/2023\/05\/Untitled-design14.png 1200w, https:\/\/visitsouthestonia.com\/community\/wp-content\/uploads\/2023\/05\/Untitled-design14-768x77.png 768w, https:\/\/visitsouthestonia.com\/community\/wp-content\/uploads\/2023\/05\/Untitled-design14-350x35.png 350w, https:\/\/visitsouthestonia.com\/community\/wp-content\/uploads\/2023\/05\/Untitled-design14-1100x110.png 1100w, https:\/\/visitsouthestonia.com\/community\/wp-content\/uploads\/2023\/05\/Untitled-design14-230x23.png 230w, https:\/\/visitsouthestonia.com\/community\/wp-content\/uploads\/2023\/05\/Untitled-design14-210x21.png 210w, https:\/\/visitsouthestonia.com\/community\/wp-content\/uploads\/2023\/05\/Untitled-design14-188x19.png 188w, https:\/\/visitsouthestonia.com\/community\/wp-content\/uploads\/2023\/05\/Untitled-design14-370x37.png 370w\" sizes=\"(max-width: 1200px) 100vw, 1200px\" \/><\/figure>\n\n\n\n<h1 class=\"wp-block-heading wp-el\"><strong><strong><strong><strong><strong><strong><strong><strong>I Kodavere laalupido paotab ust \u00fche erilise p\u00f5liskeele maailma<\/strong><\/strong><\/strong><\/strong><\/strong><\/strong><\/strong><\/strong><\/h1>\n\n\n\n<div class=\"wp-block-advgb-columns advgb-columns-wrapper\" id=\"advgb-cols-ecaedc68-2eb4-4e6e-b742-ab2669a2dea3\"><div class=\"advgb-columns-container\"><div class=\"advgb-columns advgb-columns-row advgb-is-mobile advgb-columns-2 layout-12-12 mbl-layout-stacked vgutter-10\">\n<div class=\"wp-block-advgb-column advgb-column advgb-is-half-tablet advgb-is-full-mobile\" id=\"advgb-col-5f36c364-c1a4-4a2d-870e-3e6b96fa9993\"><div class=\"advgb-column-inner\" style=\"border-style:none;border-width:1px\">\n<p class=\"wp-el\">V\u00e4ikesel Pala laululaval tehakse Euroopa kultuuripealinna aastal p\u00f5liskeelte hoidmise ajalugu!<\/p>\n\n\n\n<p class=\"wp-el\">2. juunil 2024 leiab aset I Kodavere laalupido, mis algab v\u00e4ikesest, aga v\u00e4ga olulisest s\u00e4demest \u2013 kodaverelased paotavad \u00f5ige v\u00e4heke kihelkonna aardelaegast ning lasevad k\u00f5lada oma salakeelel, kodavere ki\u00e4lel. Kodavere laalupido on laulu- ja rahvapidu, kus k\u00f5ik laulud k\u00f5lavad Kodavere murrakus. <\/p>\n\n\n\n<p class=\"wp-el\">\u201eTule k\u00f5hale, laala kuasa ja \u00f5le ajaluulise pido s\u00fcnni juuren!\u201c<\/p>\n\n\n\n<p class=\"wp-el\"><\/p>\n\n\n\n<p class=\"wp-el\"><\/p>\n<\/div><\/div>\n\n\n\n<div class=\"wp-block-advgb-column advgb-column advgb-is-half-tablet advgb-is-full-mobile\" id=\"advgb-col-fafac4e7-eb7b-4c4b-814b-f2c71f65a565\"><div class=\"advgb-column-inner\" style=\"border-style:none;border-width:1px\">\n<p class=\"wp-el\"><img decoding=\"async\" loading=\"lazy\" width=\"128\" height=\"128\" class=\"wp-image-12156\" style=\"width: 20px;\" src=\"https:\/\/visitsouthestonia.com\/community\/wp-content\/uploads\/2023\/05\/punane-nool.png\" alt=\"\" srcset=\"https:\/\/visitsouthestonia.com\/community\/wp-content\/uploads\/2023\/05\/punane-nool.png 128w, https:\/\/visitsouthestonia.com\/community\/wp-content\/uploads\/2023\/05\/punane-nool-51x51.png 51w, https:\/\/visitsouthestonia.com\/community\/wp-content\/uploads\/2023\/05\/punane-nool-70x70.png 70w, https:\/\/visitsouthestonia.com\/community\/wp-content\/uploads\/2023\/05\/punane-nool-120x120.png 120w, https:\/\/visitsouthestonia.com\/community\/wp-content\/uploads\/2023\/05\/punane-nool-100x100.png 100w, https:\/\/visitsouthestonia.com\/community\/wp-content\/uploads\/2023\/05\/punane-nool-54x54.png 54w\" sizes=\"(max-width: 128px) 100vw, 128px\" \/> Toimumise aeg:<strong> 2. juuni 2024 <\/strong><\/p>\n\n\n\n<p class=\"wp-el\"><img decoding=\"async\" loading=\"lazy\" width=\"128\" height=\"128\" class=\"wp-image-12156\" style=\"width: 20px;\" src=\"https:\/\/visitsouthestonia.com\/community\/wp-content\/uploads\/2023\/05\/punane-nool.png\" alt=\"\" srcset=\"https:\/\/visitsouthestonia.com\/community\/wp-content\/uploads\/2023\/05\/punane-nool.png 128w, https:\/\/visitsouthestonia.com\/community\/wp-content\/uploads\/2023\/05\/punane-nool-51x51.png 51w, https:\/\/visitsouthestonia.com\/community\/wp-content\/uploads\/2023\/05\/punane-nool-70x70.png 70w, https:\/\/visitsouthestonia.com\/community\/wp-content\/uploads\/2023\/05\/punane-nool-120x120.png 120w, https:\/\/visitsouthestonia.com\/community\/wp-content\/uploads\/2023\/05\/punane-nool-100x100.png 100w, https:\/\/visitsouthestonia.com\/community\/wp-content\/uploads\/2023\/05\/punane-nool-54x54.png 54w\" sizes=\"(max-width: 128px) 100vw, 128px\" \/> Rohkem infot: <a href=\"https:\/\/kodavere.voog.com\/kodavere-laalupido\" target=\"_blank\" rel=\"noreferrer noopener\">kodavere.voog.com\/kodavere-laalupido<\/a><\/p>\n\n\n\n<p class=\"wp-el\"><img decoding=\"async\" loading=\"lazy\" width=\"128\" height=\"128\" class=\"wp-image-12156\" style=\"width: 20px;\" src=\"https:\/\/visitsouthestonia.com\/community\/wp-content\/uploads\/2023\/05\/punane-nool.png\" alt=\"\" srcset=\"https:\/\/visitsouthestonia.com\/community\/wp-content\/uploads\/2023\/05\/punane-nool.png 128w, https:\/\/visitsouthestonia.com\/community\/wp-content\/uploads\/2023\/05\/punane-nool-51x51.png 51w, https:\/\/visitsouthestonia.com\/community\/wp-content\/uploads\/2023\/05\/punane-nool-70x70.png 70w, https:\/\/visitsouthestonia.com\/community\/wp-content\/uploads\/2023\/05\/punane-nool-120x120.png 120w, https:\/\/visitsouthestonia.com\/community\/wp-content\/uploads\/2023\/05\/punane-nool-100x100.png 100w, https:\/\/visitsouthestonia.com\/community\/wp-content\/uploads\/2023\/05\/punane-nool-54x54.png 54w\" sizes=\"(max-width: 128px) 100vw, 128px\" \/> Kontakt: Reet Kruup, reet.kruup@peipsivald.ee, 53059007<\/p>\n\n\n\n<div class=\"wp-block-columns is-layout-flex wp-container-2 wp-block-columns-is-layout-flex\">\n<div class=\"wp-block-column is-layout-flow wp-block-column-is-layout-flow\" style=\"flex-basis:100%\">\n<figure class=\"wp-block-image size-large\"><img decoding=\"async\" loading=\"lazy\" width=\"1200\" height=\"801\" src=\"https:\/\/visitsouthestonia.com\/community\/wp-content\/uploads\/2023\/06\/Kodaverelaalupido-3-copy-1200x801.jpg\" alt=\"\" class=\"wp-image-13108\" srcset=\"https:\/\/visitsouthestonia.com\/community\/wp-content\/uploads\/2023\/06\/Kodaverelaalupido-3-copy-1200x801.jpg 1200w, https:\/\/visitsouthestonia.com\/community\/wp-content\/uploads\/2023\/06\/Kodaverelaalupido-3-copy-768x513.jpg 768w, https:\/\/visitsouthestonia.com\/community\/wp-content\/uploads\/2023\/06\/Kodaverelaalupido-3-copy-1536x1025.jpg 1536w, https:\/\/visitsouthestonia.com\/community\/wp-content\/uploads\/2023\/06\/Kodaverelaalupido-3-copy-2048x1367.jpg 2048w, https:\/\/visitsouthestonia.com\/community\/wp-content\/uploads\/2023\/06\/Kodaverelaalupido-3-copy-350x234.jpg 350w, https:\/\/visitsouthestonia.com\/community\/wp-content\/uploads\/2023\/06\/Kodaverelaalupido-3-copy-1100x734.jpg 1100w, https:\/\/visitsouthestonia.com\/community\/wp-content\/uploads\/2023\/06\/Kodaverelaalupido-3-copy-230x154.jpg 230w, https:\/\/visitsouthestonia.com\/community\/wp-content\/uploads\/2023\/06\/Kodaverelaalupido-3-copy-105x70.jpg 105w, https:\/\/visitsouthestonia.com\/community\/wp-content\/uploads\/2023\/06\/Kodaverelaalupido-3-copy-188x125.jpg 188w, https:\/\/visitsouthestonia.com\/community\/wp-content\/uploads\/2023\/06\/Kodaverelaalupido-3-copy-81x54.jpg 81w, https:\/\/visitsouthestonia.com\/community\/wp-content\/uploads\/2023\/06\/Kodaverelaalupido-3-copy-370x247.jpg 370w\" sizes=\"(max-width: 1200px) 100vw, 1200px\" \/><figcaption class=\"wp-element-caption\">Mikk Kirikal ja Ergo-Hart V\u00e4strik. Foto: Terje Atonen<\/figcaption><\/figure>\n<\/div>\n<\/div>\n<\/div><\/div>\n<\/div><\/div><\/div>\n\n\n\n<div class=\"wp-block-advgb-accordions advgb-accordions-68ada334-77d2-447b-a515-c028abe265a9 advgb-accordion-wrapper\" data-collapsed=\"true\">\n<div class=\"wp-block-advgb-accordion-item advgb-accordion-item\" style=\"margin-bottom:13px\"><div class=\"advgb-accordion-header\" style=\"background-color:#000;color:#eee;border-style:solid;border-width:1px;border-radius:2px\"><span class=\"advgb-accordion-header-icon\"><svg fill=\"#fff\" xmlns=\"http:\/\/www.w3.org\/2000\/svg\" width=\"24\" height=\"24\" viewBox=\"0 0 24 24\"><path opacity=\"0.87\" fill=\"none\" d=\"M24,24H0L0,0l24,0V24z\"><\/path><path d=\"M16.59,8.59L12,13.17L7.41,8.59L6,10l6,6l6-6L16.59,8.59z\"><\/path><\/svg><\/span><h3 class=\"advgb-accordion-header-title\" style=\"color:inherit\">Tartumaa s\u00fcndmused<\/h3><\/div><div class=\"advgb-accordion-body\" style=\"border-style:solid !important;border-width:1px !important;border-color:undefined !important;border-top:none !important;border-radius:2px !important\">\n<p class=\"wp-el\"><a href=\"https:\/\/visitsouthestonia.com\/community\/euroopa-kultuuripealinn-tartu-2024-louna-eesti-kogukonnaprogramm\/peipsi-toidu-tanav-175-km-2\/\" target=\"_blank\" rel=\"noreferrer noopener\">Peipsi Toidu T\u00e4nav 175 km<\/a><\/p>\n\n\n\n<p class=\"wp-el\"><a href=\"https:\/\/visitsouthestonia.com\/community\/euroopa-kultuuripealinn-tartu-2024-louna-eesti-kogukonnaprogramm\/taliteed-emajoe-suursoos\/\" target=\"_blank\" rel=\"noreferrer noopener\">Taliteed Emaj\u00f5e-Suursoos<\/a><\/p>\n\n\n\n<p class=\"wp-el\"><a href=\"https:\/\/visitsouthestonia.com\/community\/euroopa-kultuuripealinn-tartu-2024-louna-eesti-kogukonnaprogramm\/tartumaa-toidufestival-2023-ja-2024\/\" target=\"_blank\" rel=\"noreferrer noopener\">Tartumaa toidus\u00fcndmuste sari &#8220;Tirin&#8221; <\/a><\/p>\n\n\n\n<p class=\"wp-el\"><a href=\"https:\/\/visitsouthestonia.com\/community\/euroopa-kultuuripealinn-tartu-2024-louna-eesti-kogukonnaprogramm\/dokumentaalne-osaluslavastus-ellujaamiskunstid-kmomid\/\" target=\"_blank\" rel=\"noreferrer noopener\">Dokumentaalne osaluslavastus \u201eElluj\u00e4\u00e4miskunstid. KMOMID\u201c<\/a><\/p>\n\n\n\n<p class=\"wp-el\"><a href=\"https:\/\/visitsouthestonia.com\/community\/euroopa-kultuuripealinn-tartu-2024-louna-eesti-kogukonnaprogramm\/joeretkede-sari-avasta-emajogi\/\" target=\"_blank\" rel=\"noreferrer noopener\">J\u00f5eretkede sari \u201eAvasta Emaj\u00f5gi!\u201c<\/a><\/p>\n\n\n\n<p class=\"wp-el\"><a href=\"https:\/\/visitsouthestonia.com\/community\/euroopa-kultuuripealinn-tartu-2024-louna-eesti-kogukonnaprogramm\/meelterannak-looduses\/\" target=\"_blank\" rel=\"noreferrer noopener\">Meelter\u00e4nnak looduses<\/a><\/p>\n\n\n\n<p class=\"wp-el\"><a href=\"https:\/\/visitsouthestonia.com\/community\/euroopa-kultuuripealinn-tartu-2024-louna-eesti-kogukonnaprogramm\/tartumaa-teemapaevad-paritud-ellujaamiskunstid\/\" target=\"_blank\" rel=\"noreferrer noopener\">Tartumaa teemap\u00e4evad \u201eP\u00e4ritud elluj\u00e4\u00e4miskunstid\u201c<\/a><\/p>\n<\/div><\/div>\n<\/div>\n\n\n\n<p class=\"wp-el\"><img decoding=\"async\" loading=\"lazy\" width=\"128\" height=\"128\" class=\"wp-image-12016\" style=\"width: 20px;\" src=\"https:\/\/visitsouthestonia.com\/community\/wp-content\/uploads\/2023\/05\/must-nool.png\" alt=\"\" srcset=\"https:\/\/visitsouthestonia.com\/community\/wp-content\/uploads\/2023\/05\/must-nool.png 128w, https:\/\/visitsouthestonia.com\/community\/wp-content\/uploads\/2023\/05\/must-nool-51x51.png 51w, https:\/\/visitsouthestonia.com\/community\/wp-content\/uploads\/2023\/05\/must-nool-70x70.png 70w, https:\/\/visitsouthestonia.com\/community\/wp-content\/uploads\/2023\/05\/must-nool-120x120.png 120w, https:\/\/visitsouthestonia.com\/community\/wp-content\/uploads\/2023\/05\/must-nool-100x100.png 100w, https:\/\/visitsouthestonia.com\/community\/wp-content\/uploads\/2023\/05\/must-nool-54x54.png 54w\" sizes=\"(max-width: 128px) 100vw, 128px\" \/> Rohkem infot <a href=\"https:\/\/visitsouthestonia.com\/community\/tartu-2024\/\">Euroopa kultuuripealinn Tartu 2024 L\u00f5una-Eesti kogukonnaprogrammist<\/a><\/p>\n<style class=\"advgb-styles-renderer\">#advgb-cols-ecaedc68-2eb4-4e6e-b742-ab2669a2dea3{}@media screen and (max-width: 1023px) {#advgb-cols-ecaedc68-2eb4-4e6e-b742-ab2669a2dea3{}}@media screen and (max-width: 767px) {#advgb-cols-ecaedc68-2eb4-4e6e-b742-ab2669a2dea3{}}#advgb-col-5f36c364-c1a4-4a2d-870e-3e6b96fa9993>.advgb-column-inner{}@media screen and (max-width: 1023px) {#advgb-col-5f36c364-c1a4-4a2d-870e-3e6b96fa9993>.advgb-column-inner{}}@media screen and (max-width: 767px) {#advgb-col-5f36c364-c1a4-4a2d-870e-3e6b96fa9993>.advgb-column-inner{}}#advgb-col-fafac4e7-eb7b-4c4b-814b-f2c71f65a565>.advgb-column-inner{}@media screen and (max-width: 1023px) {#advgb-col-fafac4e7-eb7b-4c4b-814b-f2c71f65a565>.advgb-column-inner{}}@media screen and (max-width: 767px) {#advgb-col-fafac4e7-eb7b-4c4b-814b-f2c71f65a565>.advgb-column-inner{}}<\/style>","protected":false},"excerpt":{"rendered":"<p>&gt;&gt;&gt;ENG I Kodavere laalupido paotab ust \u00fche erilise p\u00f5liskeele maailma Rohkem infot Euroopa kultuuripealinn Tartu 2024 L\u00f5una-Eesti kogukonnaprogrammist<\/p>\n","protected":false},"author":211,"featured_media":0,"parent":13841,"menu_order":0,"comment_status":"closed","ping_status":"closed","template":"","meta":{"advgb_blocks_editor_width":"","advgb_blocks_columns_visual_guide":"","footnotes":"","_links_to":"","_links_to_target":""},"acf":[],"yoast_head":"<!-- This site is optimized with the Yoast SEO plugin v21.4 - https:\/\/yoast.com\/wordpress\/plugins\/seo\/ -->\n<title>I Kodavere laalupido - visitsouthestonia<\/title>\n<meta name=\"robots\" content=\"index, follow, max-snippet:-1, max-image-preview:large, max-video-preview:-1\" \/>\n<link rel=\"canonical\" href=\"https:\/\/visitsouthestonia.com\/tartu-2024\/i-kodavere-laalupido\/\" \/>\n<meta property=\"og:locale\" content=\"et_EE\" \/>\n<meta property=\"og:type\" content=\"article\" \/>\n<meta property=\"og:title\" content=\"I Kodavere laalupido - visitsouthestonia\" \/>\n<meta property=\"og:description\" content=\"&gt;&gt;&gt;ENG I Kodavere laalupido paotab ust \u00fche erilise p\u00f5liskeele maailma Rohkem infot Euroopa kultuuripealinn Tartu 2024 L\u00f5una-Eesti kogukonnaprogrammist\" \/>\n<meta property=\"og:url\" content=\"https:\/\/visitsouthestonia.com\/tartu-2024\/i-kodavere-laalupido\/\" \/>\n<meta property=\"og:site_name\" content=\"visitsouthestonia\" \/>\n<meta property=\"article:modified_time\" content=\"2024-05-31T07:21:58+00:00\" \/>\n<meta property=\"og:image\" content=\"https:\/\/visitsouthestonia.com\/wp-content\/uploads\/2023\/05\/Untitled-design14.png\" \/>\n<meta name=\"twitter:card\" content=\"summary_large_image\" \/>\n<meta name=\"twitter:label1\" content=\"Est. reading time\" \/>\n\t<meta name=\"twitter:data1\" content=\"2 minutit\" \/>\n<script type=\"application\/ld+json\" class=\"yoast-schema-graph\">{\"@context\":\"https:\/\/schema.org\",\"@graph\":[{\"@type\":\"WebPage\",\"@id\":\"https:\/\/visitsouthestonia.com\/tartu-2024\/i-kodavere-laalupido\/\",\"url\":\"https:\/\/visitsouthestonia.com\/tartu-2024\/i-kodavere-laalupido\/\",\"name\":\"I Kodavere laalupido - visitsouthestonia\",\"isPartOf\":{\"@id\":\"https:\/\/visitsouthestonia.com\/community\/#website\"},\"datePublished\":\"2023-05-16T21:09:11+00:00\",\"dateModified\":\"2024-05-31T07:21:58+00:00\",\"breadcrumb\":{\"@id\":\"https:\/\/visitsouthestonia.com\/tartu-2024\/i-kodavere-laalupido\/#breadcrumb\"},\"inLanguage\":\"et\",\"potentialAction\":[{\"@type\":\"ReadAction\",\"target\":[\"https:\/\/visitsouthestonia.com\/tartu-2024\/i-kodavere-laalupido\/\"]}]},{\"@type\":\"BreadcrumbList\",\"@id\":\"https:\/\/visitsouthestonia.com\/tartu-2024\/i-kodavere-laalupido\/#breadcrumb\",\"itemListElement\":[{\"@type\":\"ListItem\",\"position\":1,\"name\":\"Tartu 2024 L\u00f5una-Eesti kogukonnaprogramm\",\"item\":\"https:\/\/visitsouthestonia.com\/tartu-2024\/\"},{\"@type\":\"ListItem\",\"position\":2,\"name\":\"I Kodavere laalupido\"}]},{\"@type\":\"WebSite\",\"@id\":\"https:\/\/visitsouthestonia.com\/community\/#website\",\"url\":\"https:\/\/visitsouthestonia.com\/community\/\",\"name\":\"visitsouthestonia\",\"description\":\"Parim puhkus veeda L\u00f5una-Eestis!\",\"potentialAction\":[{\"@type\":\"SearchAction\",\"target\":{\"@type\":\"EntryPoint\",\"urlTemplate\":\"https:\/\/visitsouthestonia.com\/community\/?s={search_term_string}\"},\"query-input\":\"required name=search_term_string\"}],\"inLanguage\":\"et\"}]}<\/script>\n<!-- \/ Yoast SEO plugin. -->","yoast_head_json":{"title":"I Kodavere laalupido - visitsouthestonia","robots":{"index":"index","follow":"follow","max-snippet":"max-snippet:-1","max-image-preview":"max-image-preview:large","max-video-preview":"max-video-preview:-1"},"canonical":"https:\/\/visitsouthestonia.com\/tartu-2024\/i-kodavere-laalupido\/","og_locale":"et_EE","og_type":"article","og_title":"I Kodavere laalupido - visitsouthestonia","og_description":"&gt;&gt;&gt;ENG I Kodavere laalupido paotab ust \u00fche erilise p\u00f5liskeele maailma Rohkem infot Euroopa kultuuripealinn Tartu 2024 L\u00f5una-Eesti kogukonnaprogrammist","og_url":"https:\/\/visitsouthestonia.com\/tartu-2024\/i-kodavere-laalupido\/","og_site_name":"visitsouthestonia","article_modified_time":"2024-05-31T07:21:58+00:00","og_image":[{"url":"https:\/\/visitsouthestonia.com\/wp-content\/uploads\/2023\/05\/Untitled-design14.png"}],"twitter_card":"summary_large_image","twitter_misc":{"Est. reading time":"2 minutit"},"schema":{"@context":"https:\/\/schema.org","@graph":[{"@type":"WebPage","@id":"https:\/\/visitsouthestonia.com\/tartu-2024\/i-kodavere-laalupido\/","url":"https:\/\/visitsouthestonia.com\/tartu-2024\/i-kodavere-laalupido\/","name":"I Kodavere laalupido - visitsouthestonia","isPartOf":{"@id":"https:\/\/visitsouthestonia.com\/community\/#website"},"datePublished":"2023-05-16T21:09:11+00:00","dateModified":"2024-05-31T07:21:58+00:00","breadcrumb":{"@id":"https:\/\/visitsouthestonia.com\/tartu-2024\/i-kodavere-laalupido\/#breadcrumb"},"inLanguage":"et","potentialAction":[{"@type":"ReadAction","target":["https:\/\/visitsouthestonia.com\/tartu-2024\/i-kodavere-laalupido\/"]}]},{"@type":"BreadcrumbList","@id":"https:\/\/visitsouthestonia.com\/tartu-2024\/i-kodavere-laalupido\/#breadcrumb","itemListElement":[{"@type":"ListItem","position":1,"name":"Tartu 2024 L\u00f5una-Eesti kogukonnaprogramm","item":"https:\/\/visitsouthestonia.com\/tartu-2024\/"},{"@type":"ListItem","position":2,"name":"I Kodavere laalupido"}]},{"@type":"WebSite","@id":"https:\/\/visitsouthestonia.com\/community\/#website","url":"https:\/\/visitsouthestonia.com\/community\/","name":"visitsouthestonia","description":"Parim puhkus veeda L\u00f5una-Eestis!","potentialAction":[{"@type":"SearchAction","target":{"@type":"EntryPoint","urlTemplate":"https:\/\/visitsouthestonia.com\/community\/?s={search_term_string}"},"query-input":"required name=search_term_string"}],"inLanguage":"et"}]}},"coauthors":[],"author_meta":{"author_link":"https:\/\/visitsouthestonia.com\/community\/author\/kaisa-timmi\/","display_name":"Meeri"},"relative_dates":{"created":"Posted 3 aastat ago","modified":"Updated 2 aastat ago"},"absolute_dates":{"created":"Posted on 17. mai 2023","modified":"Updated on 31. mai 2024"},"absolute_dates_time":{"created":"Posted on 17. mai 2023 12:09","modified":"Updated on 31. mai 2024 10:21"},"featured_img_caption":"","featured_img":false,"series_order":"","_links":{"self":[{"href":"https:\/\/visitsouthestonia.com\/community\/wp-json\/wp\/v2\/pages\/12173"}],"collection":[{"href":"https:\/\/visitsouthestonia.com\/community\/wp-json\/wp\/v2\/pages"}],"about":[{"href":"https:\/\/visitsouthestonia.com\/community\/wp-json\/wp\/v2\/types\/page"}],"author":[{"embeddable":true,"href":"https:\/\/visitsouthestonia.com\/community\/wp-json\/wp\/v2\/users\/211"}],"replies":[{"embeddable":true,"href":"https:\/\/visitsouthestonia.com\/community\/wp-json\/wp\/v2\/comments?post=12173"}],"version-history":[{"count":8,"href":"https:\/\/visitsouthestonia.com\/community\/wp-json\/wp\/v2\/pages\/12173\/revisions"}],"predecessor-version":[{"id":20661,"href":"https:\/\/visitsouthestonia.com\/community\/wp-json\/wp\/v2\/pages\/12173\/revisions\/20661"}],"up":[{"embeddable":true,"href":"https:\/\/visitsouthestonia.com\/community\/wp-json\/wp\/v2\/pages\/13841"}],"wp:attachment":[{"href":"https:\/\/visitsouthestonia.com\/community\/wp-json\/wp\/v2\/media?parent=12173"}],"curies":[{"name":"wp","href":"https:\/\/api.w.org\/{rel}","templated":true}]}}