{"id":12167,"date":"2023-05-16T23:58:42","date_gmt":"2023-05-16T20:58:42","guid":{"rendered":"https:\/\/visitsouthestonia.com\/community\/?page_id=12167"},"modified":"2024-07-10T12:42:45","modified_gmt":"2024-07-10T09:42:45","slug":"dokumentaalne-osaluslavastus-ellujaamiskunstid-kmomid","status":"publish","type":"page","link":"https:\/\/visitsouthestonia.com\/community\/tartu-2024\/dokumentaalne-osaluslavastus-ellujaamiskunstid-kmomid\/","title":{"rendered":"Dokumentaallavastus \u201e\u00d5hud meie vahel&#8221;"},"content":{"rendered":"\n<p class=\"has-text-align-right wp-el\"><a href=\"https:\/\/visitsouthestonia.com\/community\/en\/tartu-2024\/documentary-participatory-performance-the-arts-of-survival\/\">&gt;&gt;&gt;ENG<\/a><\/p>\n\n\n\n<figure class=\"wp-block-image size-full\"><img decoding=\"async\" loading=\"lazy\" width=\"1200\" height=\"120\" src=\"https:\/\/visitsouthestonia.com\/community\/wp-content\/uploads\/2023\/05\/Untitled-design14.png\" alt=\"\" class=\"wp-image-12154\" srcset=\"https:\/\/visitsouthestonia.com\/community\/wp-content\/uploads\/2023\/05\/Untitled-design14.png 1200w, https:\/\/visitsouthestonia.com\/community\/wp-content\/uploads\/2023\/05\/Untitled-design14-768x77.png 768w, https:\/\/visitsouthestonia.com\/community\/wp-content\/uploads\/2023\/05\/Untitled-design14-350x35.png 350w, https:\/\/visitsouthestonia.com\/community\/wp-content\/uploads\/2023\/05\/Untitled-design14-1100x110.png 1100w, https:\/\/visitsouthestonia.com\/community\/wp-content\/uploads\/2023\/05\/Untitled-design14-230x23.png 230w, https:\/\/visitsouthestonia.com\/community\/wp-content\/uploads\/2023\/05\/Untitled-design14-210x21.png 210w, https:\/\/visitsouthestonia.com\/community\/wp-content\/uploads\/2023\/05\/Untitled-design14-188x19.png 188w, https:\/\/visitsouthestonia.com\/community\/wp-content\/uploads\/2023\/05\/Untitled-design14-370x37.png 370w\" sizes=\"(max-width: 1200px) 100vw, 1200px\" \/><\/figure>\n\n\n\n<h1 class=\"wp-block-heading wp-el\"><strong>Dokumentaallavastus elluj\u00e4\u00e4miskunstidest raputab <strong><strong><strong><strong><strong><strong><strong>\u00e4rkvele<\/strong><\/strong><\/strong><\/strong><\/strong><\/strong><\/strong><\/strong><\/h1>\n\n\n\n<div class=\"wp-block-advgb-columns advgb-columns-wrapper\" id=\"advgb-cols-865740ad-c8be-4838-8bec-d95535a5e5d3\"><div class=\"advgb-columns-container\"><div class=\"advgb-columns advgb-columns-row advgb-is-mobile advgb-columns-2 layout-12-12 mbl-layout-stacked vgutter-10\">\n<div class=\"wp-block-advgb-column advgb-column advgb-is-half-tablet advgb-is-full-mobile\" id=\"advgb-col-118e4040-559c-44d8-ad73-48ccb86ac000\"><div class=\"advgb-column-inner\" style=\"border-style:none;border-width:1px\">\n<p class=\"wp-el\">Saagem tuttavaks k\u00fclalistega meie tulevikust \u2013 kliimamuutustest oluliselt m\u00f5jutatud inimesed r\u00e4\u00e4givad oma loo. Dokumentaallavastus \u201e\u00d5hud meie vahel&#8221; toob publikuni kliimakriisi otseste tagaj\u00e4rgedega kokku puutunute kogemused ja oskused. Millised viis nippi aitavad \u00fcle elada veeuputuse ja palju muud? Tere tulemast elluj\u00e4\u00e4miskunstide kooli! Kreekas, Sitsiilias, Bangladeshis, Sierra Leones ja Nigeerias ilmastikuh\u00e4dadest v\u00f5itjatena l\u00e4bi tulnud inimeste lood ootavad sind 2024. aasta suvel Kambjas Kesk teel, et aidata leida kesktee. Korraldavad Emaj\u00f5e Suveteater ja MT\u00dc Loodusv\u00f5lu.<\/p>\n\n\n\n<p class=\"wp-el\"><strong>\u00dclevaatlik artikkel lavastusest: <\/strong><a href=\"https:\/\/www.delfi.ee\/artikkel\/120306515\/kambja-vanas-koolimajas-kutsutakse-oppima-teiste-vigadest\">Kambja vanas koolimajas kutsutakse \u00f5ppima teiste vigadest<\/a> (10.07.2024, Delfi)<\/p>\n\n\n\n<p class=\"wp-el\">Etenduste toimumise ajad:<\/p>\n\n\n\n<ul class=\"wp-el\">\n<li><a href=\"https:\/\/kultuuriaken.tartu.ee\/et\/syndmus\/ohud-meie-vahel?event=84885\" target=\"_blank\" rel=\"noreferrer noopener\">21. juuni<\/a><\/li>\n\n\n\n<li><a href=\"https:\/\/kultuuriaken.tartu.ee\/et\/syndmus\/ohud-meie-vahel?event=84886\" target=\"_blank\" rel=\"noreferrer noopener\">26. juuni<\/a><\/li>\n\n\n\n<li><a href=\"https:\/\/kultuuriaken.tartu.ee\/et\/syndmus\/ohud-meie-vahel?event=84887\" target=\"_blank\" rel=\"noreferrer noopener\">13. juuli<\/a><\/li>\n\n\n\n<li><a href=\"https:\/\/kultuuriaken.tartu.ee\/et\/syndmus\/ohud-meie-vahel?event=84888\" target=\"_blank\" rel=\"noreferrer noopener\">14. juuli<\/a><\/li>\n\n\n\n<li><a href=\"https:\/\/kultuuriaken.tartu.ee\/et\/syndmus\/ohud-meie-vahel?event=84889\" target=\"_blank\" rel=\"noreferrer noopener\">16. juuli<\/a><\/li>\n\n\n\n<li><a href=\"https:\/\/kultuuriaken.tartu.ee\/et\/syndmus\/ohud-meie-vahel?event=84890\" target=\"_blank\" rel=\"noreferrer noopener\">17. juuli<\/a><\/li>\n\n\n\n<li><a href=\"https:\/\/kultuuriaken.tartu.ee\/et\/syndmus\/ohud-meie-vahel?event=84891\" target=\"_blank\" rel=\"noreferrer noopener\">19. juuli<\/a><\/li>\n\n\n\n<li><a href=\"https:\/\/kultuuriaken.tartu.ee\/et\/syndmus\/ohud-meie-vahel?event=84892\" target=\"_blank\" rel=\"noreferrer noopener\">20. juuli<\/a><\/li>\n\n\n\n<li><a href=\"https:\/\/kultuuriaken.tartu.ee\/et\/syndmus\/ohud-meie-vahel?event=84893\" target=\"_blank\" rel=\"noreferrer noopener\">21. juuli<\/a><\/li>\n<\/ul>\n\n\n\n<p class=\"wp-el\"><\/p>\n\n\n\n<p class=\"wp-el\"><\/p>\n<\/div><\/div>\n\n\n\n<div class=\"wp-block-advgb-column advgb-column advgb-is-half-tablet advgb-is-full-mobile\" id=\"advgb-col-6e2526ec-46f7-4d97-b86f-fc58ec8211af\"><div class=\"advgb-column-inner\" style=\"border-style:none;border-width:1px\">\n<p class=\"wp-el\"><img decoding=\"async\" loading=\"lazy\" width=\"128\" height=\"128\" class=\"wp-image-12156\" style=\"width: 20px;\" src=\"https:\/\/visitsouthestonia.com\/community\/wp-content\/uploads\/2023\/05\/punane-nool.png\" alt=\"\" srcset=\"https:\/\/visitsouthestonia.com\/community\/wp-content\/uploads\/2023\/05\/punane-nool.png 128w, https:\/\/visitsouthestonia.com\/community\/wp-content\/uploads\/2023\/05\/punane-nool-51x51.png 51w, https:\/\/visitsouthestonia.com\/community\/wp-content\/uploads\/2023\/05\/punane-nool-70x70.png 70w, https:\/\/visitsouthestonia.com\/community\/wp-content\/uploads\/2023\/05\/punane-nool-120x120.png 120w, https:\/\/visitsouthestonia.com\/community\/wp-content\/uploads\/2023\/05\/punane-nool-100x100.png 100w, https:\/\/visitsouthestonia.com\/community\/wp-content\/uploads\/2023\/05\/punane-nool-54x54.png 54w\" sizes=\"(max-width: 128px) 100vw, 128px\" \/> Toimumise aeg:<strong> 21. juuni &#8211; 21. juuli 2024<\/strong><\/p>\n\n\n\n<p class=\"wp-el\"><img decoding=\"async\" loading=\"lazy\" width=\"128\" height=\"128\" class=\"wp-image-12156\" style=\"width: 20px;\" src=\"https:\/\/visitsouthestonia.com\/community\/wp-content\/uploads\/2023\/05\/punane-nool.png\" alt=\"\" srcset=\"https:\/\/visitsouthestonia.com\/community\/wp-content\/uploads\/2023\/05\/punane-nool.png 128w, https:\/\/visitsouthestonia.com\/community\/wp-content\/uploads\/2023\/05\/punane-nool-51x51.png 51w, https:\/\/visitsouthestonia.com\/community\/wp-content\/uploads\/2023\/05\/punane-nool-70x70.png 70w, https:\/\/visitsouthestonia.com\/community\/wp-content\/uploads\/2023\/05\/punane-nool-120x120.png 120w, https:\/\/visitsouthestonia.com\/community\/wp-content\/uploads\/2023\/05\/punane-nool-100x100.png 100w, https:\/\/visitsouthestonia.com\/community\/wp-content\/uploads\/2023\/05\/punane-nool-54x54.png 54w\" sizes=\"(max-width: 128px) 100vw, 128px\" \/> Rohkem infot: <a href=\"https:\/\/www.suveteater.ee\/emajoe-suveteater\/kava\/ohud-meie-vahel\" target=\"_blank\" rel=\"noreferrer noopener\">suveteater.ee&#8230;<\/a><\/p>\n\n\n\n<p class=\"wp-el\"><img decoding=\"async\" loading=\"lazy\" width=\"128\" height=\"128\" class=\"wp-image-12156\" style=\"width: 20px;\" src=\"https:\/\/visitsouthestonia.com\/community\/wp-content\/uploads\/2023\/05\/punane-nool.png\" alt=\"\" srcset=\"https:\/\/visitsouthestonia.com\/community\/wp-content\/uploads\/2023\/05\/punane-nool.png 128w, https:\/\/visitsouthestonia.com\/community\/wp-content\/uploads\/2023\/05\/punane-nool-51x51.png 51w, https:\/\/visitsouthestonia.com\/community\/wp-content\/uploads\/2023\/05\/punane-nool-70x70.png 70w, https:\/\/visitsouthestonia.com\/community\/wp-content\/uploads\/2023\/05\/punane-nool-120x120.png 120w, https:\/\/visitsouthestonia.com\/community\/wp-content\/uploads\/2023\/05\/punane-nool-100x100.png 100w, https:\/\/visitsouthestonia.com\/community\/wp-content\/uploads\/2023\/05\/punane-nool-54x54.png 54w\" sizes=\"(max-width: 128px) 100vw, 128px\" \/> Kontakt: Ruta Rannu, ruta@suveteater.ee, 539 86153<\/p>\n\n\n\n<div class=\"wp-block-columns is-layout-flex wp-container-2 wp-block-columns-is-layout-flex\">\n<div class=\"wp-block-column is-layout-flow wp-block-column-is-layout-flow\" style=\"flex-basis:100%\">\n<figure class=\"wp-block-image size-large\"><img decoding=\"async\" loading=\"lazy\" width=\"1200\" height=\"801\" src=\"https:\/\/visitsouthestonia.com\/community\/wp-content\/uploads\/2023\/06\/KMOMID-2-1200x801.jpg\" alt=\"\" class=\"wp-image-13104\" srcset=\"https:\/\/visitsouthestonia.com\/community\/wp-content\/uploads\/2023\/06\/KMOMID-2-1200x801.jpg 1200w, https:\/\/visitsouthestonia.com\/community\/wp-content\/uploads\/2023\/06\/KMOMID-2-768x513.jpg 768w, https:\/\/visitsouthestonia.com\/community\/wp-content\/uploads\/2023\/06\/KMOMID-2-1536x1025.jpg 1536w, https:\/\/visitsouthestonia.com\/community\/wp-content\/uploads\/2023\/06\/KMOMID-2-2048x1367.jpg 2048w, https:\/\/visitsouthestonia.com\/community\/wp-content\/uploads\/2023\/06\/KMOMID-2-350x234.jpg 350w, https:\/\/visitsouthestonia.com\/community\/wp-content\/uploads\/2023\/06\/KMOMID-2-1100x734.jpg 1100w, https:\/\/visitsouthestonia.com\/community\/wp-content\/uploads\/2023\/06\/KMOMID-2-230x154.jpg 230w, https:\/\/visitsouthestonia.com\/community\/wp-content\/uploads\/2023\/06\/KMOMID-2-105x70.jpg 105w, https:\/\/visitsouthestonia.com\/community\/wp-content\/uploads\/2023\/06\/KMOMID-2-188x125.jpg 188w, https:\/\/visitsouthestonia.com\/community\/wp-content\/uploads\/2023\/06\/KMOMID-2-81x54.jpg 81w, https:\/\/visitsouthestonia.com\/community\/wp-content\/uploads\/2023\/06\/KMOMID-2-370x247.jpg 370w\" sizes=\"(max-width: 1200px) 100vw, 1200px\" \/><figcaption class=\"wp-element-caption\">Mihkel Kohava ja Sandra Kartau. Foto: Terje Atonen<br><\/figcaption><\/figure>\n<\/div>\n<\/div>\n<\/div><\/div>\n<\/div><\/div><\/div>\n\n\n\n<div class=\"wp-block-advgb-accordions advgb-accordions-7ed2cda3-985e-4a7f-b5ed-f4bf8a98d587 advgb-accordion-wrapper\" data-collapsed=\"true\">\n<div class=\"wp-block-advgb-accordion-item advgb-accordion-item\" style=\"margin-bottom:13px\"><div class=\"advgb-accordion-header\" style=\"background-color:#000;color:#eee;border-style:solid;border-width:1px;border-radius:2px\"><span class=\"advgb-accordion-header-icon\"><svg fill=\"#fff\" xmlns=\"http:\/\/www.w3.org\/2000\/svg\" width=\"24\" height=\"24\" viewBox=\"0 0 24 24\"><path opacity=\"0.87\" fill=\"none\" d=\"M24,24H0L0,0l24,0V24z\"><\/path><path d=\"M16.59,8.59L12,13.17L7.41,8.59L6,10l6,6l6-6L16.59,8.59z\"><\/path><\/svg><\/span><h3 class=\"advgb-accordion-header-title\" style=\"color:inherit\">Tartumaa s\u00fcndmused<\/h3><\/div><div class=\"advgb-accordion-body\" style=\"border-style:solid !important;border-width:1px !important;border-color:undefined !important;border-top:none !important;border-radius:2px !important\">\n<p class=\"wp-el\"><a href=\"https:\/\/visitsouthestonia.com\/community\/euroopa-kultuuripealinn-tartu-2024-louna-eesti-kogukonnaprogramm\/peipsi-toidu-tanav-175-km-2\/\" target=\"_blank\" rel=\"noreferrer noopener\">Peipsi Toidu T\u00e4nav 175 km<\/a><\/p>\n\n\n\n<p class=\"wp-el\"><a href=\"https:\/\/visitsouthestonia.com\/community\/euroopa-kultuuripealinn-tartu-2024-louna-eesti-kogukonnaprogramm\/taliteed-emajoe-suursoos\/\" target=\"_blank\" rel=\"noreferrer noopener\">Taliteed Emaj\u00f5e-Suursoos<\/a><\/p>\n\n\n\n<p class=\"wp-el\"><a href=\"https:\/\/visitsouthestonia.com\/community\/euroopa-kultuuripealinn-tartu-2024-louna-eesti-kogukonnaprogramm\/tartumaa-toidufestival-2023-ja-2024\/\" target=\"_blank\" rel=\"noreferrer noopener\">Tartumaa toidus\u00fcnmduste sari &#8220;Tirin&#8221;<\/a><\/p>\n\n\n\n<p class=\"wp-el\"><a href=\"https:\/\/visitsouthestonia.com\/community\/euroopa-kultuuripealinn-tartu-2024-louna-eesti-kogukonnaprogramm\/joeretkede-sari-avasta-emajogi\/\" target=\"_blank\" rel=\"noreferrer noopener\">J\u00f5eretkede sari \u201eAvasta Emaj\u00f5gi!\u201c<\/a><\/p>\n\n\n\n<p class=\"wp-el\"><a href=\"https:\/\/visitsouthestonia.com\/community\/euroopa-kultuuripealinn-tartu-2024-louna-eesti-kogukonnaprogramm\/i-kodavere-laalupido\/\" target=\"_blank\" rel=\"noreferrer noopener\">I Kodavere laalupido<\/a><\/p>\n\n\n\n<p class=\"wp-el\"><a href=\"https:\/\/visitsouthestonia.com\/community\/euroopa-kultuuripealinn-tartu-2024-louna-eesti-kogukonnaprogramm\/meelterannak-looduses\/\" target=\"_blank\" rel=\"noreferrer noopener\">Meelter\u00e4nnak looduses<\/a><\/p>\n\n\n\n<p class=\"wp-el\"><a href=\"https:\/\/visitsouthestonia.com\/community\/euroopa-kultuuripealinn-tartu-2024-louna-eesti-kogukonnaprogramm\/tartumaa-teemapaevad-paritud-ellujaamiskunstid\/\" target=\"_blank\" rel=\"noreferrer noopener\">Tartumaa teemap\u00e4evad \u201eP\u00e4ritud elluj\u00e4\u00e4miskunstid\u201c<\/a><\/p>\n<\/div><\/div>\n<\/div>\n\n\n\n<p class=\"wp-el\"><img decoding=\"async\" loading=\"lazy\" width=\"128\" height=\"128\" class=\"wp-image-12016\" style=\"width: 20px;\" src=\"https:\/\/visitsouthestonia.com\/community\/wp-content\/uploads\/2023\/05\/must-nool.png\" alt=\"\" srcset=\"https:\/\/visitsouthestonia.com\/community\/wp-content\/uploads\/2023\/05\/must-nool.png 128w, https:\/\/visitsouthestonia.com\/community\/wp-content\/uploads\/2023\/05\/must-nool-51x51.png 51w, https:\/\/visitsouthestonia.com\/community\/wp-content\/uploads\/2023\/05\/must-nool-70x70.png 70w, https:\/\/visitsouthestonia.com\/community\/wp-content\/uploads\/2023\/05\/must-nool-120x120.png 120w, https:\/\/visitsouthestonia.com\/community\/wp-content\/uploads\/2023\/05\/must-nool-100x100.png 100w, https:\/\/visitsouthestonia.com\/community\/wp-content\/uploads\/2023\/05\/must-nool-54x54.png 54w\" sizes=\"(max-width: 128px) 100vw, 128px\" \/> Rohkem infot <a href=\"https:\/\/visitsouthestonia.com\/community\/tartu-2024\/\">Euroopa kultuuripealinn Tartu 2024 L\u00f5una-Eesti kogukonnaprogrammist<\/a><\/p>\n<style class=\"advgb-styles-renderer\">#advgb-cols-865740ad-c8be-4838-8bec-d95535a5e5d3{}@media screen and (max-width: 1023px) {#advgb-cols-865740ad-c8be-4838-8bec-d95535a5e5d3{}}@media screen and (max-width: 767px) {#advgb-cols-865740ad-c8be-4838-8bec-d95535a5e5d3{}}#advgb-col-118e4040-559c-44d8-ad73-48ccb86ac000>.advgb-column-inner{}@media screen and (max-width: 1023px) {#advgb-col-118e4040-559c-44d8-ad73-48ccb86ac000>.advgb-column-inner{}}@media screen and (max-width: 767px) {#advgb-col-118e4040-559c-44d8-ad73-48ccb86ac000>.advgb-column-inner{}}#advgb-col-6e2526ec-46f7-4d97-b86f-fc58ec8211af>.advgb-column-inner{}@media screen and (max-width: 1023px) {#advgb-col-6e2526ec-46f7-4d97-b86f-fc58ec8211af>.advgb-column-inner{}}@media screen and (max-width: 767px) {#advgb-col-6e2526ec-46f7-4d97-b86f-fc58ec8211af>.advgb-column-inner{}}<\/style>","protected":false},"excerpt":{"rendered":"<p>&gt;&gt;&gt;ENG Dokumentaallavastus elluj\u00e4\u00e4miskunstidest raputab \u00e4rkvele Rohkem infot Euroopa kultuuripealinn Tartu 2024 L\u00f5una-Eesti kogukonnaprogrammist<\/p>\n","protected":false},"author":211,"featured_media":0,"parent":13841,"menu_order":0,"comment_status":"closed","ping_status":"closed","template":"","meta":{"advgb_blocks_editor_width":"","advgb_blocks_columns_visual_guide":"","footnotes":"","_links_to":"","_links_to_target":""},"acf":[],"yoast_head":"<!-- This site is optimized with the Yoast SEO plugin v21.4 - https:\/\/yoast.com\/wordpress\/plugins\/seo\/ -->\n<title>Dokumentaallavastus \u201e\u00d5hud meie vahel&quot; - visitsouthestonia<\/title>\n<meta name=\"robots\" content=\"index, follow, max-snippet:-1, max-image-preview:large, max-video-preview:-1\" \/>\n<link rel=\"canonical\" href=\"https:\/\/visitsouthestonia.com\/tartu-2024\/dokumentaalne-osaluslavastus-ellujaamiskunstid-kmomid\/\" \/>\n<meta property=\"og:locale\" content=\"et_EE\" \/>\n<meta property=\"og:type\" content=\"article\" \/>\n<meta property=\"og:title\" content=\"Dokumentaallavastus \u201e\u00d5hud meie vahel&quot; - visitsouthestonia\" \/>\n<meta property=\"og:description\" content=\"&gt;&gt;&gt;ENG Dokumentaallavastus elluj\u00e4\u00e4miskunstidest raputab \u00e4rkvele Rohkem infot Euroopa kultuuripealinn Tartu 2024 L\u00f5una-Eesti kogukonnaprogrammist\" \/>\n<meta property=\"og:url\" content=\"https:\/\/visitsouthestonia.com\/tartu-2024\/dokumentaalne-osaluslavastus-ellujaamiskunstid-kmomid\/\" \/>\n<meta property=\"og:site_name\" content=\"visitsouthestonia\" \/>\n<meta property=\"article:modified_time\" content=\"2024-07-10T09:42:45+00:00\" \/>\n<meta property=\"og:image\" content=\"https:\/\/visitsouthestonia.com\/wp-content\/uploads\/2023\/05\/Untitled-design14.png\" \/>\n<meta name=\"twitter:card\" content=\"summary_large_image\" \/>\n<meta name=\"twitter:label1\" content=\"Est. reading time\" \/>\n\t<meta name=\"twitter:data1\" content=\"3 minutit\" \/>\n<script type=\"application\/ld+json\" class=\"yoast-schema-graph\">{\"@context\":\"https:\/\/schema.org\",\"@graph\":[{\"@type\":\"WebPage\",\"@id\":\"https:\/\/visitsouthestonia.com\/tartu-2024\/dokumentaalne-osaluslavastus-ellujaamiskunstid-kmomid\/\",\"url\":\"https:\/\/visitsouthestonia.com\/tartu-2024\/dokumentaalne-osaluslavastus-ellujaamiskunstid-kmomid\/\",\"name\":\"Dokumentaallavastus \u201e\u00d5hud meie vahel\\\" - visitsouthestonia\",\"isPartOf\":{\"@id\":\"https:\/\/visitsouthestonia.com\/community\/#website\"},\"datePublished\":\"2023-05-16T20:58:42+00:00\",\"dateModified\":\"2024-07-10T09:42:45+00:00\",\"breadcrumb\":{\"@id\":\"https:\/\/visitsouthestonia.com\/tartu-2024\/dokumentaalne-osaluslavastus-ellujaamiskunstid-kmomid\/#breadcrumb\"},\"inLanguage\":\"et\",\"potentialAction\":[{\"@type\":\"ReadAction\",\"target\":[\"https:\/\/visitsouthestonia.com\/tartu-2024\/dokumentaalne-osaluslavastus-ellujaamiskunstid-kmomid\/\"]}]},{\"@type\":\"BreadcrumbList\",\"@id\":\"https:\/\/visitsouthestonia.com\/tartu-2024\/dokumentaalne-osaluslavastus-ellujaamiskunstid-kmomid\/#breadcrumb\",\"itemListElement\":[{\"@type\":\"ListItem\",\"position\":1,\"name\":\"Tartu 2024 L\u00f5una-Eesti kogukonnaprogramm\",\"item\":\"https:\/\/visitsouthestonia.com\/tartu-2024\/\"},{\"@type\":\"ListItem\",\"position\":2,\"name\":\"Dokumentaallavastus \u201e\u00d5hud meie vahel&#8221;\"}]},{\"@type\":\"WebSite\",\"@id\":\"https:\/\/visitsouthestonia.com\/community\/#website\",\"url\":\"https:\/\/visitsouthestonia.com\/community\/\",\"name\":\"visitsouthestonia\",\"description\":\"Parim puhkus veeda L\u00f5una-Eestis!\",\"potentialAction\":[{\"@type\":\"SearchAction\",\"target\":{\"@type\":\"EntryPoint\",\"urlTemplate\":\"https:\/\/visitsouthestonia.com\/community\/?s={search_term_string}\"},\"query-input\":\"required name=search_term_string\"}],\"inLanguage\":\"et\"}]}<\/script>\n<!-- \/ Yoast SEO plugin. -->","yoast_head_json":{"title":"Dokumentaallavastus \u201e\u00d5hud meie vahel\" - visitsouthestonia","robots":{"index":"index","follow":"follow","max-snippet":"max-snippet:-1","max-image-preview":"max-image-preview:large","max-video-preview":"max-video-preview:-1"},"canonical":"https:\/\/visitsouthestonia.com\/tartu-2024\/dokumentaalne-osaluslavastus-ellujaamiskunstid-kmomid\/","og_locale":"et_EE","og_type":"article","og_title":"Dokumentaallavastus \u201e\u00d5hud meie vahel\" - visitsouthestonia","og_description":"&gt;&gt;&gt;ENG Dokumentaallavastus elluj\u00e4\u00e4miskunstidest raputab \u00e4rkvele Rohkem infot Euroopa kultuuripealinn Tartu 2024 L\u00f5una-Eesti kogukonnaprogrammist","og_url":"https:\/\/visitsouthestonia.com\/tartu-2024\/dokumentaalne-osaluslavastus-ellujaamiskunstid-kmomid\/","og_site_name":"visitsouthestonia","article_modified_time":"2024-07-10T09:42:45+00:00","og_image":[{"url":"https:\/\/visitsouthestonia.com\/wp-content\/uploads\/2023\/05\/Untitled-design14.png"}],"twitter_card":"summary_large_image","twitter_misc":{"Est. reading time":"3 minutit"},"schema":{"@context":"https:\/\/schema.org","@graph":[{"@type":"WebPage","@id":"https:\/\/visitsouthestonia.com\/tartu-2024\/dokumentaalne-osaluslavastus-ellujaamiskunstid-kmomid\/","url":"https:\/\/visitsouthestonia.com\/tartu-2024\/dokumentaalne-osaluslavastus-ellujaamiskunstid-kmomid\/","name":"Dokumentaallavastus \u201e\u00d5hud meie vahel\" - visitsouthestonia","isPartOf":{"@id":"https:\/\/visitsouthestonia.com\/community\/#website"},"datePublished":"2023-05-16T20:58:42+00:00","dateModified":"2024-07-10T09:42:45+00:00","breadcrumb":{"@id":"https:\/\/visitsouthestonia.com\/tartu-2024\/dokumentaalne-osaluslavastus-ellujaamiskunstid-kmomid\/#breadcrumb"},"inLanguage":"et","potentialAction":[{"@type":"ReadAction","target":["https:\/\/visitsouthestonia.com\/tartu-2024\/dokumentaalne-osaluslavastus-ellujaamiskunstid-kmomid\/"]}]},{"@type":"BreadcrumbList","@id":"https:\/\/visitsouthestonia.com\/tartu-2024\/dokumentaalne-osaluslavastus-ellujaamiskunstid-kmomid\/#breadcrumb","itemListElement":[{"@type":"ListItem","position":1,"name":"Tartu 2024 L\u00f5una-Eesti kogukonnaprogramm","item":"https:\/\/visitsouthestonia.com\/tartu-2024\/"},{"@type":"ListItem","position":2,"name":"Dokumentaallavastus \u201e\u00d5hud meie vahel&#8221;"}]},{"@type":"WebSite","@id":"https:\/\/visitsouthestonia.com\/community\/#website","url":"https:\/\/visitsouthestonia.com\/community\/","name":"visitsouthestonia","description":"Parim puhkus veeda L\u00f5una-Eestis!","potentialAction":[{"@type":"SearchAction","target":{"@type":"EntryPoint","urlTemplate":"https:\/\/visitsouthestonia.com\/community\/?s={search_term_string}"},"query-input":"required name=search_term_string"}],"inLanguage":"et"}]}},"coauthors":[],"author_meta":{"author_link":"https:\/\/visitsouthestonia.com\/community\/author\/kaisa-timmi\/","display_name":"Meeri"},"relative_dates":{"created":"Posted 3 aastat ago","modified":"Updated 2 aastat ago"},"absolute_dates":{"created":"Posted on 16. mai 2023","modified":"Updated on 10. juuli 2024"},"absolute_dates_time":{"created":"Posted on 16. mai 2023 11:58","modified":"Updated on 10. juuli 2024 12:42"},"featured_img_caption":"","featured_img":false,"series_order":"","_links":{"self":[{"href":"https:\/\/visitsouthestonia.com\/community\/wp-json\/wp\/v2\/pages\/12167"}],"collection":[{"href":"https:\/\/visitsouthestonia.com\/community\/wp-json\/wp\/v2\/pages"}],"about":[{"href":"https:\/\/visitsouthestonia.com\/community\/wp-json\/wp\/v2\/types\/page"}],"author":[{"embeddable":true,"href":"https:\/\/visitsouthestonia.com\/community\/wp-json\/wp\/v2\/users\/211"}],"replies":[{"embeddable":true,"href":"https:\/\/visitsouthestonia.com\/community\/wp-json\/wp\/v2\/comments?post=12167"}],"version-history":[{"count":19,"href":"https:\/\/visitsouthestonia.com\/community\/wp-json\/wp\/v2\/pages\/12167\/revisions"}],"predecessor-version":[{"id":20837,"href":"https:\/\/visitsouthestonia.com\/community\/wp-json\/wp\/v2\/pages\/12167\/revisions\/20837"}],"up":[{"embeddable":true,"href":"https:\/\/visitsouthestonia.com\/community\/wp-json\/wp\/v2\/pages\/13841"}],"wp:attachment":[{"href":"https:\/\/visitsouthestonia.com\/community\/wp-json\/wp\/v2\/media?parent=12167"}],"curies":[{"name":"wp","href":"https:\/\/api.w.org\/{rel}","templated":true}]}}