{"id":12161,"date":"2023-05-16T23:47:40","date_gmt":"2023-05-16T20:47:40","guid":{"rendered":"https:\/\/visitsouthestonia.com\/community\/?page_id=12161"},"modified":"2024-09-05T13:20:33","modified_gmt":"2024-09-05T10:20:33","slug":"taliteed-emajoe-suursoos","status":"publish","type":"page","link":"https:\/\/visitsouthestonia.com\/community\/tartu-2024\/taliteed-emajoe-suursoos\/","title":{"rendered":"Taliteed Emaj\u00f5e-Suursoos"},"content":{"rendered":"\n<p class=\"has-text-align-right wp-el\"><a href=\"https:\/\/visitsouthestonia.com\/community\/en\/tartu-2024\/emajoe-suursoo-winter-roads\/\">&gt;&gt;&gt;ENG<\/a><\/p>\n\n\n\n<figure class=\"wp-block-image size-full\"><img decoding=\"async\" loading=\"lazy\" width=\"1200\" height=\"120\" src=\"https:\/\/visitsouthestonia.com\/community\/wp-content\/uploads\/2023\/05\/Untitled-design14.png\" alt=\"\" class=\"wp-image-12154\" srcset=\"https:\/\/visitsouthestonia.com\/community\/wp-content\/uploads\/2023\/05\/Untitled-design14.png 1200w, https:\/\/visitsouthestonia.com\/community\/wp-content\/uploads\/2023\/05\/Untitled-design14-768x77.png 768w, https:\/\/visitsouthestonia.com\/community\/wp-content\/uploads\/2023\/05\/Untitled-design14-350x35.png 350w, https:\/\/visitsouthestonia.com\/community\/wp-content\/uploads\/2023\/05\/Untitled-design14-1100x110.png 1100w, https:\/\/visitsouthestonia.com\/community\/wp-content\/uploads\/2023\/05\/Untitled-design14-230x23.png 230w, https:\/\/visitsouthestonia.com\/community\/wp-content\/uploads\/2023\/05\/Untitled-design14-210x21.png 210w, https:\/\/visitsouthestonia.com\/community\/wp-content\/uploads\/2023\/05\/Untitled-design14-188x19.png 188w, https:\/\/visitsouthestonia.com\/community\/wp-content\/uploads\/2023\/05\/Untitled-design14-370x37.png 370w\" sizes=\"(max-width: 1200px) 100vw, 1200px\" \/><\/figure>\n\n\n\n<h1 class=\"wp-block-heading wp-el\"><strong><strong><strong><strong><strong><strong><strong><strong>Emaj\u00f5e-Suursoo taliteed juhatavad erakordsele ajar\u00e4nnakule<\/strong><\/strong><\/strong><\/strong><\/strong><\/strong><\/strong><\/strong><\/h1>\n\n\n\n<div class=\"wp-block-advgb-columns advgb-columns-wrapper\" id=\"advgb-cols-821533ae-0fc7-40c7-9254-69950fd70d47\"><div class=\"advgb-columns-container\"><div class=\"advgb-columns advgb-columns-row advgb-is-mobile advgb-columns-2 layout-12-12 mbl-layout-stacked vgutter-10\">\n<div class=\"wp-block-advgb-column advgb-column advgb-is-half-tablet advgb-is-full-mobile\" id=\"advgb-col-e58a60b1-0efc-4e47-aeef-af3923a4f14d\"><div class=\"advgb-column-inner\" style=\"border-style:none;border-width:1px\">\n<p class=\"wp-el\">Kogu maailmas unikaalne ajalooliste taliteede v\u00f5rgustik, mis peidab end Emaj\u00f5e-Suursoos, juhatab erakordsele ajar\u00e4nnakule. Muistsel ajal \u00fchendasid k\u00fclmunud soos tekkinud hooajalised taliteed eraldatud kogukondi ja l\u00fchendasid vahemaid. T\u00e4nap\u00e4eval kasutavad neid ainulaadseid s\u00e4ilinud taliteid enamasti metsloomad, inimloomad satuvad sinna harva.&nbsp;<\/p>\n\n\n\n<p class=\"wp-el\">Kolme Emaj\u00f5e-Suursooga piirneva valla koost\u00f6\u00f6s s\u00fcndival Taliteede festivalil t\u00e4histatakse teede kultuuriloolist t\u00e4htsust eriilmelise s\u00fcndmustega 21. jaanuarist kuni 10. veebruarini 2024.&nbsp;<\/p>\n\n\n\n<p class=\"wp-el\">\u00dctlen talitee ja sina k\u00fcsid, mis see on? Talitee on t\u00e4na vaid kummaline \u00fcle soo jooksev joon kaardil, kuhu inimene niisama ei satu, sest maa on m\u00e4rg ja midagi teha seal ka pole.&nbsp;<\/p>\n\n\n\n<p class=\"wp-el\">Kuid vanasti olid taliteed, mis viisid \u00fcle j\u00e4rvede, soode, rabade. Ikka selleks, et saaks kiiremini ja lihtsamalt kas koju, kellelegi k\u00fclla v\u00f5i turule.&nbsp;<\/p>\n\n\n\n<p class=\"wp-el\">Nagu kunagi reed \u00fcle k\u00fclmunud soo liigub festival n\u00e4dala kaupa \u00fchest Emaj\u00f5e-Suursoo erilisest punktist teise. Jaanuari l\u00f5pus kihutatakse j\u00e4\u00e4autode karakatitsatega Peipsi j\u00e4rve peal ja hingatakse karget talvist \u00f5hku t\u00e4iskuu\u00f6\u00f6s\u00f6\u00f6mingul Varnjas. Veebruari alguses toimuvad kultuuriajaloolised ning kirjanduslikud rabar\u00e4nnakud salap\u00e4rases maailma otsas Ahunapalus. Festival l\u00f5ppeb Emaj\u00f5e-Suursoo keskuses maagilise \u00f6ise kontserdiga ja dokumentaalfilmi programmiga.&nbsp;<\/p>\n\n\n\n<p class=\"wp-el\">Vali ise, kas matkad vanal taliteel suuskade, t\u00f5ukekelkude v\u00f5i r\u00e4\u00e4tsadega. Uudista endiseid kombeid metsa p\u00fcstitatud n\u00e4itusel, helir\u00e4nnakutel, dokumentaalfilmides ja loengutel.&nbsp;<\/p>\n\n\n\n<p class=\"wp-el\">Tule meiega Emaj\u00f5e-Suursoo taliteedele!<\/p>\n\n\n\n<p class=\"wp-el\">Alas\u00fcndmused:<\/p>\n\n\n\n<ul class=\"wp-el\">\n<li>21.-27. jaanuar 2024 &#8211; <strong><a href=\"https:\/\/visitsouthestonia.com\/community\/tartu-2024\/taliteed-emajoe-suursoos\/taliteed-varnjas\/\">Taliteede Varnjas<\/a><\/strong><\/li>\n<\/ul>\n\n\n\n<ul class=\"wp-el\">\n<li>28. jaanuar &#8211; 3. veebruar 2024 &#8211; <strong><a href=\"https:\/\/visitsouthestonia.com\/community\/tartu-2024\/taliteed-emajoe-suursoos\/taliteed-ahunapalus\/\" target=\"_blank\" rel=\"noreferrer noopener\">Taliteed Ahunapalus<\/a><\/strong><\/li>\n<\/ul>\n\n\n\n<ul class=\"wp-el\">\n<li>4.-10. veebruar 2024 &#8211; <strong><a href=\"https:\/\/visitsouthestonia.com\/community\/tartu-2024\/taliteed-emajoe-suursoos\/taliteed-emajoe-suursoo-keskuses\/\" target=\"_blank\" rel=\"noreferrer noopener\">Taliteed Emaj\u00f5e-Suursoo Keskuses<\/a><\/strong><br><\/li>\n<\/ul>\n<\/div><\/div>\n\n\n\n<div class=\"wp-block-advgb-column advgb-column advgb-is-half-tablet advgb-is-full-mobile\" id=\"advgb-col-af7d5178-e983-40eb-9b79-af2e09f4b8ba\"><div class=\"advgb-column-inner\" style=\"border-style:none;border-width:1px\">\n<p class=\"wp-el\"><img decoding=\"async\" loading=\"lazy\" width=\"128\" height=\"128\" class=\"wp-image-12156\" style=\"width: 20px;\" src=\"https:\/\/visitsouthestonia.com\/community\/wp-content\/uploads\/2023\/05\/punane-nool.png\" alt=\"\" srcset=\"https:\/\/visitsouthestonia.com\/community\/wp-content\/uploads\/2023\/05\/punane-nool.png 128w, https:\/\/visitsouthestonia.com\/community\/wp-content\/uploads\/2023\/05\/punane-nool-51x51.png 51w, https:\/\/visitsouthestonia.com\/community\/wp-content\/uploads\/2023\/05\/punane-nool-70x70.png 70w, https:\/\/visitsouthestonia.com\/community\/wp-content\/uploads\/2023\/05\/punane-nool-120x120.png 120w, https:\/\/visitsouthestonia.com\/community\/wp-content\/uploads\/2023\/05\/punane-nool-100x100.png 100w, https:\/\/visitsouthestonia.com\/community\/wp-content\/uploads\/2023\/05\/punane-nool-54x54.png 54w\" sizes=\"(max-width: 128px) 100vw, 128px\" \/> Toimumise aeg:<strong> <strong>21. jaanuar &#8211; 10. veebruar<\/strong><\/strong> <strong>2024<\/strong><\/p>\n\n\n\n<p class=\"wp-el\"><img decoding=\"async\" loading=\"lazy\" width=\"128\" height=\"128\" class=\"wp-image-12156\" style=\"width: 20px;\" src=\"https:\/\/visitsouthestonia.com\/community\/wp-content\/uploads\/2023\/05\/punane-nool.png\" alt=\"\" srcset=\"https:\/\/visitsouthestonia.com\/community\/wp-content\/uploads\/2023\/05\/punane-nool.png 128w, https:\/\/visitsouthestonia.com\/community\/wp-content\/uploads\/2023\/05\/punane-nool-51x51.png 51w, https:\/\/visitsouthestonia.com\/community\/wp-content\/uploads\/2023\/05\/punane-nool-70x70.png 70w, https:\/\/visitsouthestonia.com\/community\/wp-content\/uploads\/2023\/05\/punane-nool-120x120.png 120w, https:\/\/visitsouthestonia.com\/community\/wp-content\/uploads\/2023\/05\/punane-nool-100x100.png 100w, https:\/\/visitsouthestonia.com\/community\/wp-content\/uploads\/2023\/05\/punane-nool-54x54.png 54w\" sizes=\"(max-width: 128px) 100vw, 128px\" \/> Rohkem infot: <a href=\"https:\/\/tartu2024.ee\/programmi-arhiiv\/taliteed-emajoe-suursoos\/?event=63650\" target=\"_blank\" rel=\"noreferrer noopener\">tartu2024.ee\/programmi-arhiiv\/taliteed-emajoe-suursoos<\/a><\/p>\n\n\n\n<p class=\"wp-el\"><img decoding=\"async\" loading=\"lazy\" width=\"128\" height=\"128\" class=\"wp-image-12156\" style=\"width: 20px;\" src=\"https:\/\/visitsouthestonia.com\/community\/wp-content\/uploads\/2023\/05\/punane-nool.png\" alt=\"\" srcset=\"https:\/\/visitsouthestonia.com\/community\/wp-content\/uploads\/2023\/05\/punane-nool.png 128w, https:\/\/visitsouthestonia.com\/community\/wp-content\/uploads\/2023\/05\/punane-nool-51x51.png 51w, https:\/\/visitsouthestonia.com\/community\/wp-content\/uploads\/2023\/05\/punane-nool-70x70.png 70w, https:\/\/visitsouthestonia.com\/community\/wp-content\/uploads\/2023\/05\/punane-nool-120x120.png 120w, https:\/\/visitsouthestonia.com\/community\/wp-content\/uploads\/2023\/05\/punane-nool-100x100.png 100w, https:\/\/visitsouthestonia.com\/community\/wp-content\/uploads\/2023\/05\/punane-nool-54x54.png 54w\" sizes=\"(max-width: 128px) 100vw, 128px\" \/> Kontakt: Maarja \u00dclper, maarja.ylper@gmail.com, 5257906<\/p>\n\n\n\n<div class=\"wp-block-columns is-layout-flex wp-container-2 wp-block-columns-is-layout-flex\">\n<div class=\"wp-block-column is-layout-flow wp-block-column-is-layout-flow\" style=\"flex-basis:100%\">\n<figure class=\"wp-block-image size-large\"><img decoding=\"async\" loading=\"lazy\" width=\"1200\" height=\"1170\" src=\"https:\/\/visitsouthestonia.com\/community\/wp-content\/uploads\/2023\/06\/Taliteed-11-1200x1170.jpg\" alt=\"\" class=\"wp-image-13096\" srcset=\"https:\/\/visitsouthestonia.com\/community\/wp-content\/uploads\/2023\/06\/Taliteed-11-1200x1170.jpg 1200w, https:\/\/visitsouthestonia.com\/community\/wp-content\/uploads\/2023\/06\/Taliteed-11-768x749.jpg 768w, https:\/\/visitsouthestonia.com\/community\/wp-content\/uploads\/2023\/06\/Taliteed-11-1536x1498.jpg 1536w, https:\/\/visitsouthestonia.com\/community\/wp-content\/uploads\/2023\/06\/Taliteed-11-2048x1997.jpg 2048w, https:\/\/visitsouthestonia.com\/community\/wp-content\/uploads\/2023\/06\/Taliteed-11-350x341.jpg 350w, https:\/\/visitsouthestonia.com\/community\/wp-content\/uploads\/2023\/06\/Taliteed-11-51x51.jpg 51w, https:\/\/visitsouthestonia.com\/community\/wp-content\/uploads\/2023\/06\/Taliteed-11-820x800.jpg 820w, https:\/\/visitsouthestonia.com\/community\/wp-content\/uploads\/2023\/06\/Taliteed-11-230x224.jpg 230w, https:\/\/visitsouthestonia.com\/community\/wp-content\/uploads\/2023\/06\/Taliteed-11-72x70.jpg 72w, https:\/\/visitsouthestonia.com\/community\/wp-content\/uploads\/2023\/06\/Taliteed-11-188x183.jpg 188w, https:\/\/visitsouthestonia.com\/community\/wp-content\/uploads\/2023\/06\/Taliteed-11-55x54.jpg 55w, https:\/\/visitsouthestonia.com\/community\/wp-content\/uploads\/2023\/06\/Taliteed-11-370x361.jpg 370w\" sizes=\"(max-width: 1200px) 100vw, 1200px\" \/><figcaption class=\"wp-element-caption\">Maarja \u00dclper. Foto: Terje Atonen<\/figcaption><\/figure>\n\n\n\n<p class=\"wp-el\"><strong>Video Taliteede festivalist<\/strong>:<\/p>\n\n\n\n<iframe loading=\"lazy\" width=\"560\" height=\"315\" src=\"https:\/\/www.youtube.com\/embed\/AEXBsintxdc?si=_Y1te_28892akJMD\" title=\"YouTube video player\" frameborder=\"0\" allow=\"accelerometer; autoplay; clipboard-write; encrypted-media; gyroscope; picture-in-picture; web-share\" referrerpolicy=\"strict-origin-when-cross-origin\" allowfullscreen><\/iframe>\n<\/div>\n<\/div>\n<\/div><\/div>\n<\/div><\/div><\/div>\n\n\n\n<div class=\"wp-block-advgb-accordions advgb-accordions-8eac6288-e492-4601-96d9-4215871ccc38 advgb-accordion-wrapper\" data-collapsed=\"true\">\n<div class=\"wp-block-advgb-accordion-item advgb-accordion-item\" style=\"margin-bottom:13px\"><div class=\"advgb-accordion-header\" style=\"background-color:#000;color:#eee;border-style:solid;border-width:1px;border-radius:2px\"><span class=\"advgb-accordion-header-icon\"><svg fill=\"#fff\" xmlns=\"http:\/\/www.w3.org\/2000\/svg\" width=\"24\" height=\"24\" viewBox=\"0 0 24 24\"><path opacity=\"0.87\" fill=\"none\" d=\"M24,24H0L0,0l24,0V24z\"><\/path><path d=\"M16.59,8.59L12,13.17L7.41,8.59L6,10l6,6l6-6L16.59,8.59z\"><\/path><\/svg><\/span><h3 class=\"advgb-accordion-header-title\" style=\"color:inherit\">Tartumaa s\u00fcndmused<\/h3><\/div><div class=\"advgb-accordion-body\" style=\"border-style:solid !important;border-width:1px !important;border-color:undefined !important;border-top:none !important;border-radius:2px !important\">\n<p class=\"wp-el\"><a href=\"https:\/\/visitsouthestonia.com\/community\/euroopa-kultuuripealinn-tartu-2024-louna-eesti-kogukonnaprogramm\/peipsi-toidu-tanav-175-km-2\/\" target=\"_blank\" rel=\"noreferrer noopener\">Peipsi Toidu T\u00e4nav 175 km<\/a><\/p>\n\n\n\n<p class=\"wp-el\"><a href=\"https:\/\/visitsouthestonia.com\/community\/euroopa-kultuuripealinn-tartu-2024-louna-eesti-kogukonnaprogramm\/tartumaa-toidufestival-2023-ja-2024\/\" target=\"_blank\" rel=\"noreferrer noopener\">Tartumaa toidus\u00fcndmuste sari &#8220;Tirin&#8221;<\/a><\/p>\n\n\n\n<p class=\"wp-el\"><a href=\"https:\/\/visitsouthestonia.com\/community\/euroopa-kultuuripealinn-tartu-2024-louna-eesti-kogukonnaprogramm\/dokumentaalne-osaluslavastus-ellujaamiskunstid-kmomid\/\" target=\"_blank\" rel=\"noreferrer noopener\">Dokumentaalne osaluslavastus \u201eElluj\u00e4\u00e4miskunstid. KMOMID\u201c<\/a><\/p>\n\n\n\n<p class=\"wp-el\"><a href=\"https:\/\/visitsouthestonia.com\/community\/euroopa-kultuuripealinn-tartu-2024-louna-eesti-kogukonnaprogramm\/joeretkede-sari-avasta-emajogi\/\" target=\"_blank\" rel=\"noreferrer noopener\">J\u00f5eretkede sari \u201eAvasta Emaj\u00f5gi!\u201c<\/a><\/p>\n\n\n\n<p class=\"wp-el\"><a href=\"https:\/\/visitsouthestonia.com\/community\/euroopa-kultuuripealinn-tartu-2024-louna-eesti-kogukonnaprogramm\/i-kodavere-laalupido\/\" target=\"_blank\" rel=\"noreferrer noopener\">I Kodavere laalupido<\/a><\/p>\n\n\n\n<p class=\"wp-el\"><a href=\"https:\/\/visitsouthestonia.com\/community\/euroopa-kultuuripealinn-tartu-2024-louna-eesti-kogukonnaprogramm\/meelterannak-looduses\/\" target=\"_blank\" rel=\"noreferrer noopener\">Meelter\u00e4nnak looduses<\/a><\/p>\n\n\n\n<p class=\"wp-el\"><a href=\"https:\/\/visitsouthestonia.com\/community\/euroopa-kultuuripealinn-tartu-2024-louna-eesti-kogukonnaprogramm\/tartumaa-teemapaevad-paritud-ellujaamiskunstid\/\" target=\"_blank\" rel=\"noreferrer noopener\">Tartumaa teemap\u00e4evad \u201eP\u00e4ritud elluj\u00e4\u00e4miskunstid\u201c<\/a><\/p>\n<\/div><\/div>\n<\/div>\n\n\n\n<p class=\"wp-el\"><img decoding=\"async\" loading=\"lazy\" width=\"128\" height=\"128\" class=\"wp-image-12016\" style=\"width: 20px;\" src=\"https:\/\/visitsouthestonia.com\/community\/wp-content\/uploads\/2023\/05\/must-nool.png\" alt=\"\" srcset=\"https:\/\/visitsouthestonia.com\/community\/wp-content\/uploads\/2023\/05\/must-nool.png 128w, https:\/\/visitsouthestonia.com\/community\/wp-content\/uploads\/2023\/05\/must-nool-51x51.png 51w, https:\/\/visitsouthestonia.com\/community\/wp-content\/uploads\/2023\/05\/must-nool-70x70.png 70w, https:\/\/visitsouthestonia.com\/community\/wp-content\/uploads\/2023\/05\/must-nool-120x120.png 120w, https:\/\/visitsouthestonia.com\/community\/wp-content\/uploads\/2023\/05\/must-nool-100x100.png 100w, https:\/\/visitsouthestonia.com\/community\/wp-content\/uploads\/2023\/05\/must-nool-54x54.png 54w\" sizes=\"(max-width: 128px) 100vw, 128px\" \/> Rohkem infot <a href=\"https:\/\/visitsouthestonia.com\/community\/tartu-2024\/\">Euroopa kultuuripealinn Tartu 2024 L\u00f5una-Eesti kogukonnaprogrammist<\/a><\/p>\n<style class=\"advgb-styles-renderer\">#advgb-cols-821533ae-0fc7-40c7-9254-69950fd70d47{}@media screen and (max-width: 1023px) {#advgb-cols-821533ae-0fc7-40c7-9254-69950fd70d47{}}@media screen and (max-width: 767px) {#advgb-cols-821533ae-0fc7-40c7-9254-69950fd70d47{}}#advgb-col-e58a60b1-0efc-4e47-aeef-af3923a4f14d>.advgb-column-inner{}@media screen and (max-width: 1023px) {#advgb-col-e58a60b1-0efc-4e47-aeef-af3923a4f14d>.advgb-column-inner{}}@media screen and (max-width: 767px) {#advgb-col-e58a60b1-0efc-4e47-aeef-af3923a4f14d>.advgb-column-inner{}}#advgb-col-af7d5178-e983-40eb-9b79-af2e09f4b8ba>.advgb-column-inner{}@media screen and (max-width: 1023px) {#advgb-col-af7d5178-e983-40eb-9b79-af2e09f4b8ba>.advgb-column-inner{}}@media screen and (max-width: 767px) {#advgb-col-af7d5178-e983-40eb-9b79-af2e09f4b8ba>.advgb-column-inner{}}<\/style>","protected":false},"excerpt":{"rendered":"<p>&gt;&gt;&gt;ENG Emaj\u00f5e-Suursoo taliteed juhatavad erakordsele ajar\u00e4nnakule Rohkem infot Euroopa kultuuripealinn Tartu 2024 L\u00f5una-Eesti kogukonnaprogrammist<\/p>\n","protected":false},"author":211,"featured_media":0,"parent":13841,"menu_order":0,"comment_status":"closed","ping_status":"closed","template":"","meta":{"advgb_blocks_editor_width":"","advgb_blocks_columns_visual_guide":"","footnotes":"","_links_to":"","_links_to_target":""},"acf":[],"yoast_head":"<!-- This site is optimized with the Yoast SEO plugin v21.4 - https:\/\/yoast.com\/wordpress\/plugins\/seo\/ -->\n<title>Taliteed Emaj\u00f5e-Suursoos - visitsouthestonia<\/title>\n<meta name=\"robots\" content=\"index, follow, max-snippet:-1, max-image-preview:large, max-video-preview:-1\" \/>\n<link rel=\"canonical\" href=\"https:\/\/visitsouthestonia.com\/tartu-2024\/taliteed-emajoe-suursoos\/\" \/>\n<meta property=\"og:locale\" content=\"et_EE\" \/>\n<meta property=\"og:type\" content=\"article\" \/>\n<meta property=\"og:title\" content=\"Taliteed Emaj\u00f5e-Suursoos - visitsouthestonia\" \/>\n<meta property=\"og:description\" content=\"&gt;&gt;&gt;ENG Emaj\u00f5e-Suursoo taliteed juhatavad erakordsele ajar\u00e4nnakule Rohkem infot Euroopa kultuuripealinn Tartu 2024 L\u00f5una-Eesti kogukonnaprogrammist\" \/>\n<meta property=\"og:url\" content=\"https:\/\/visitsouthestonia.com\/tartu-2024\/taliteed-emajoe-suursoos\/\" \/>\n<meta property=\"og:site_name\" content=\"visitsouthestonia\" \/>\n<meta property=\"article:modified_time\" content=\"2024-09-05T10:20:33+00:00\" \/>\n<meta property=\"og:image\" content=\"https:\/\/visitsouthestonia.com\/wp-content\/uploads\/2023\/05\/Untitled-design14.png\" \/>\n<meta name=\"twitter:card\" content=\"summary_large_image\" \/>\n<meta name=\"twitter:label1\" content=\"Est. reading time\" \/>\n\t<meta name=\"twitter:data1\" content=\"3 minutit\" \/>\n<script type=\"application\/ld+json\" class=\"yoast-schema-graph\">{\"@context\":\"https:\/\/schema.org\",\"@graph\":[{\"@type\":\"WebPage\",\"@id\":\"https:\/\/visitsouthestonia.com\/tartu-2024\/taliteed-emajoe-suursoos\/\",\"url\":\"https:\/\/visitsouthestonia.com\/tartu-2024\/taliteed-emajoe-suursoos\/\",\"name\":\"Taliteed Emaj\u00f5e-Suursoos - visitsouthestonia\",\"isPartOf\":{\"@id\":\"https:\/\/visitsouthestonia.com\/community\/#website\"},\"datePublished\":\"2023-05-16T20:47:40+00:00\",\"dateModified\":\"2024-09-05T10:20:33+00:00\",\"breadcrumb\":{\"@id\":\"https:\/\/visitsouthestonia.com\/tartu-2024\/taliteed-emajoe-suursoos\/#breadcrumb\"},\"inLanguage\":\"et\",\"potentialAction\":[{\"@type\":\"ReadAction\",\"target\":[\"https:\/\/visitsouthestonia.com\/tartu-2024\/taliteed-emajoe-suursoos\/\"]}]},{\"@type\":\"BreadcrumbList\",\"@id\":\"https:\/\/visitsouthestonia.com\/tartu-2024\/taliteed-emajoe-suursoos\/#breadcrumb\",\"itemListElement\":[{\"@type\":\"ListItem\",\"position\":1,\"name\":\"Tartu 2024 L\u00f5una-Eesti kogukonnaprogramm\",\"item\":\"https:\/\/visitsouthestonia.com\/tartu-2024\/\"},{\"@type\":\"ListItem\",\"position\":2,\"name\":\"Taliteed Emaj\u00f5e-Suursoos\"}]},{\"@type\":\"WebSite\",\"@id\":\"https:\/\/visitsouthestonia.com\/community\/#website\",\"url\":\"https:\/\/visitsouthestonia.com\/community\/\",\"name\":\"visitsouthestonia\",\"description\":\"Parim puhkus veeda L\u00f5una-Eestis!\",\"potentialAction\":[{\"@type\":\"SearchAction\",\"target\":{\"@type\":\"EntryPoint\",\"urlTemplate\":\"https:\/\/visitsouthestonia.com\/community\/?s={search_term_string}\"},\"query-input\":\"required name=search_term_string\"}],\"inLanguage\":\"et\"}]}<\/script>\n<!-- \/ Yoast SEO plugin. -->","yoast_head_json":{"title":"Taliteed Emaj\u00f5e-Suursoos - visitsouthestonia","robots":{"index":"index","follow":"follow","max-snippet":"max-snippet:-1","max-image-preview":"max-image-preview:large","max-video-preview":"max-video-preview:-1"},"canonical":"https:\/\/visitsouthestonia.com\/tartu-2024\/taliteed-emajoe-suursoos\/","og_locale":"et_EE","og_type":"article","og_title":"Taliteed Emaj\u00f5e-Suursoos - visitsouthestonia","og_description":"&gt;&gt;&gt;ENG Emaj\u00f5e-Suursoo taliteed juhatavad erakordsele ajar\u00e4nnakule Rohkem infot Euroopa kultuuripealinn Tartu 2024 L\u00f5una-Eesti kogukonnaprogrammist","og_url":"https:\/\/visitsouthestonia.com\/tartu-2024\/taliteed-emajoe-suursoos\/","og_site_name":"visitsouthestonia","article_modified_time":"2024-09-05T10:20:33+00:00","og_image":[{"url":"https:\/\/visitsouthestonia.com\/wp-content\/uploads\/2023\/05\/Untitled-design14.png"}],"twitter_card":"summary_large_image","twitter_misc":{"Est. reading time":"3 minutit"},"schema":{"@context":"https:\/\/schema.org","@graph":[{"@type":"WebPage","@id":"https:\/\/visitsouthestonia.com\/tartu-2024\/taliteed-emajoe-suursoos\/","url":"https:\/\/visitsouthestonia.com\/tartu-2024\/taliteed-emajoe-suursoos\/","name":"Taliteed Emaj\u00f5e-Suursoos - visitsouthestonia","isPartOf":{"@id":"https:\/\/visitsouthestonia.com\/community\/#website"},"datePublished":"2023-05-16T20:47:40+00:00","dateModified":"2024-09-05T10:20:33+00:00","breadcrumb":{"@id":"https:\/\/visitsouthestonia.com\/tartu-2024\/taliteed-emajoe-suursoos\/#breadcrumb"},"inLanguage":"et","potentialAction":[{"@type":"ReadAction","target":["https:\/\/visitsouthestonia.com\/tartu-2024\/taliteed-emajoe-suursoos\/"]}]},{"@type":"BreadcrumbList","@id":"https:\/\/visitsouthestonia.com\/tartu-2024\/taliteed-emajoe-suursoos\/#breadcrumb","itemListElement":[{"@type":"ListItem","position":1,"name":"Tartu 2024 L\u00f5una-Eesti kogukonnaprogramm","item":"https:\/\/visitsouthestonia.com\/tartu-2024\/"},{"@type":"ListItem","position":2,"name":"Taliteed Emaj\u00f5e-Suursoos"}]},{"@type":"WebSite","@id":"https:\/\/visitsouthestonia.com\/community\/#website","url":"https:\/\/visitsouthestonia.com\/community\/","name":"visitsouthestonia","description":"Parim puhkus veeda L\u00f5una-Eestis!","potentialAction":[{"@type":"SearchAction","target":{"@type":"EntryPoint","urlTemplate":"https:\/\/visitsouthestonia.com\/community\/?s={search_term_string}"},"query-input":"required name=search_term_string"}],"inLanguage":"et"}]}},"coauthors":[],"author_meta":{"author_link":"https:\/\/visitsouthestonia.com\/community\/author\/kaisa-timmi\/","display_name":"Meeri"},"relative_dates":{"created":"Posted 3 aastat ago","modified":"Updated 2 aastat ago"},"absolute_dates":{"created":"Posted on 16. mai 2023","modified":"Updated on 5. sept. 2024"},"absolute_dates_time":{"created":"Posted on 16. mai 2023 11:47","modified":"Updated on 5. sept. 2024 01:20"},"featured_img_caption":"","featured_img":false,"series_order":"","_links":{"self":[{"href":"https:\/\/visitsouthestonia.com\/community\/wp-json\/wp\/v2\/pages\/12161"}],"collection":[{"href":"https:\/\/visitsouthestonia.com\/community\/wp-json\/wp\/v2\/pages"}],"about":[{"href":"https:\/\/visitsouthestonia.com\/community\/wp-json\/wp\/v2\/types\/page"}],"author":[{"embeddable":true,"href":"https:\/\/visitsouthestonia.com\/community\/wp-json\/wp\/v2\/users\/211"}],"replies":[{"embeddable":true,"href":"https:\/\/visitsouthestonia.com\/community\/wp-json\/wp\/v2\/comments?post=12161"}],"version-history":[{"count":25,"href":"https:\/\/visitsouthestonia.com\/community\/wp-json\/wp\/v2\/pages\/12161\/revisions"}],"predecessor-version":[{"id":21048,"href":"https:\/\/visitsouthestonia.com\/community\/wp-json\/wp\/v2\/pages\/12161\/revisions\/21048"}],"up":[{"embeddable":true,"href":"https:\/\/visitsouthestonia.com\/community\/wp-json\/wp\/v2\/pages\/13841"}],"wp:attachment":[{"href":"https:\/\/visitsouthestonia.com\/community\/wp-json\/wp\/v2\/media?parent=12161"}],"curies":[{"name":"wp","href":"https:\/\/api.w.org\/{rel}","templated":true}]}}