{"id":12152,"date":"2023-05-16T23:42:15","date_gmt":"2023-05-16T20:42:15","guid":{"rendered":"https:\/\/visitsouthestonia.com\/community\/?page_id=12152"},"modified":"2024-08-12T11:28:43","modified_gmt":"2024-08-12T08:28:43","slug":"peipsi-toidu-tanav-175-km-2","status":"publish","type":"page","link":"https:\/\/visitsouthestonia.com\/community\/tartu-2024\/peipsi-toidu-tanav-175-km-2\/","title":{"rendered":"Peipsi Toidu T\u00e4nav 175 km"},"content":{"rendered":"\n<p class=\"has-text-align-right wp-el\"><a href=\"https:\/\/visitsouthestonia.com\/community\/en\/tartu-2024\/peipsi-food-street-175-km\/\">&gt;&gt;&gt;ENG<\/a><\/p>\n\n\n\n<figure class=\"wp-block-image size-full\"><img decoding=\"async\" loading=\"lazy\" width=\"1200\" height=\"120\" src=\"https:\/\/visitsouthestonia.com\/community\/wp-content\/uploads\/2023\/05\/Untitled-design14.png\" alt=\"\" class=\"wp-image-12154\" srcset=\"https:\/\/visitsouthestonia.com\/community\/wp-content\/uploads\/2023\/05\/Untitled-design14.png 1200w, https:\/\/visitsouthestonia.com\/community\/wp-content\/uploads\/2023\/05\/Untitled-design14-768x77.png 768w, https:\/\/visitsouthestonia.com\/community\/wp-content\/uploads\/2023\/05\/Untitled-design14-350x35.png 350w, https:\/\/visitsouthestonia.com\/community\/wp-content\/uploads\/2023\/05\/Untitled-design14-1100x110.png 1100w, https:\/\/visitsouthestonia.com\/community\/wp-content\/uploads\/2023\/05\/Untitled-design14-230x23.png 230w, https:\/\/visitsouthestonia.com\/community\/wp-content\/uploads\/2023\/05\/Untitled-design14-210x21.png 210w, https:\/\/visitsouthestonia.com\/community\/wp-content\/uploads\/2023\/05\/Untitled-design14-188x19.png 188w, https:\/\/visitsouthestonia.com\/community\/wp-content\/uploads\/2023\/05\/Untitled-design14-370x37.png 370w\" sizes=\"(max-width: 1200px) 100vw, 1200px\" \/><\/figure>\n\n\n\n<h1 class=\"wp-block-heading wp-el\"><strong><strong><strong><strong><strong><strong><strong>175 km pikkune Peipsi toidu t\u00e4nav rabab maitsva ehedusega<\/strong><\/strong><\/strong><\/strong><\/strong><\/strong><\/strong><\/h1>\n\n\n\n<div class=\"wp-block-advgb-columns advgb-columns-wrapper\" id=\"advgb-cols-6f614c1c-04ae-419a-a98c-8aa208765ffa\"><div class=\"advgb-columns-container\"><div class=\"advgb-columns advgb-columns-row advgb-is-mobile advgb-columns-2 layout-12-12 mbl-layout-stacked vgutter-10\">\n<div class=\"wp-block-advgb-column advgb-column advgb-is-half-tablet advgb-is-full-mobile\" id=\"advgb-col-b76c31f4-dd62-4527-9216-360a5b1d1feb\"><div class=\"advgb-column-inner\" style=\"border-style:none;border-width:1px\">\n<p class=\"wp-el\"><em>Pop-up<\/em> restoranid sadamates ja maantee \u00e4\u00e4res, avatud kodu\u00f5ued ja rahvamajad, rikkalik maitsebukett kohalikust toidust ja kultuurist \u2013 n\u00f5nda lookleb l\u00f5putu k\u00fclluslik toidut\u00e4nav m\u00f6\u00f6da Peipsi j\u00e4rve rannajoont Vasknarvast Saaboldani Setomaal. <\/p>\n\n\n\n<p class=\"wp-el\">K\u00f5ik on ehe, p\u00e4ris ja naturaalne! 2024. aasta 17.-18. augustil peetav mastaapne Peipsi toidufestival toob k\u00fclastajateni 175 km ulatuses 39 kahep\u00e4evarestorani, kus lauale j\u00f5uab k\u00f5ik see, mida annavad Peipsi j\u00e4rv, sealse kandi p\u00f5llud, metsad, sood ja rabad. Festival \u201ePeipsi Toidu T\u00e4nav&nbsp;175 km\u201c laiendab kultuuripealinna aastal oma m\u00f5\u00f5det t\u00f6\u00f6tubadega, kus saab \u00f5ppida kohalikku toidukultuuri ning koguda inspiratsiooni uute retseptide ja toiduvalmistamisviiside jaoks.<\/p>\n\n\n\n<figure class=\"wp-block-image size-full\"><img decoding=\"async\" loading=\"lazy\" width=\"624\" height=\"732\" src=\"https:\/\/visitsouthestonia.com\/community\/wp-content\/uploads\/2024\/08\/kaart_Peipsi-Toidu-Tanav-175-km_2024_1.png\" alt=\"\" class=\"wp-image-20940\" srcset=\"https:\/\/visitsouthestonia.com\/community\/wp-content\/uploads\/2024\/08\/kaart_Peipsi-Toidu-Tanav-175-km_2024_1.png 624w, https:\/\/visitsouthestonia.com\/community\/wp-content\/uploads\/2024\/08\/kaart_Peipsi-Toidu-Tanav-175-km_2024_1-298x350.png 298w, https:\/\/visitsouthestonia.com\/community\/wp-content\/uploads\/2024\/08\/kaart_Peipsi-Toidu-Tanav-175-km_2024_1-217x254.png 217w, https:\/\/visitsouthestonia.com\/community\/wp-content\/uploads\/2024\/08\/kaart_Peipsi-Toidu-Tanav-175-km_2024_1-60x70.png 60w, https:\/\/visitsouthestonia.com\/community\/wp-content\/uploads\/2024\/08\/kaart_Peipsi-Toidu-Tanav-175-km_2024_1-160x188.png 160w, https:\/\/visitsouthestonia.com\/community\/wp-content\/uploads\/2024\/08\/kaart_Peipsi-Toidu-Tanav-175-km_2024_1-46x54.png 46w, https:\/\/visitsouthestonia.com\/community\/wp-content\/uploads\/2024\/08\/kaart_Peipsi-Toidu-Tanav-175-km_2024_1-315x370.png 315w\" sizes=\"(max-width: 624px) 100vw, 624px\" \/><\/figure>\n\n\n\n<p class=\"wp-el\"><a href=\"https:\/\/www.google.com\/maps\/d\/viewer?fbclid=IwY2xjawEmpu1leHRuA2FlbQIxMQABHSmWKkxBGWvvo505Ul4pzEUtl_7gN520-EUWrK4qXlJ72fp_Kpm5cqtZmg_aem_w8nX-4XPcJW5yOT5Qo3KXQ&amp;mid=1IEdherxjnIV0K6LDTwdCDDqHENAG1go&amp;ll=58.482557785841614%2C27.294557449999992&amp;z=9\" target=\"_blank\" rel=\"noreferrer noopener\">Kaart Peipsi Toidu T\u00e4nav 175 km pop-up restoranide paiknemisest.<\/a><\/p>\n<\/div><\/div>\n\n\n\n<div class=\"wp-block-advgb-column advgb-column advgb-is-half-tablet advgb-is-full-mobile\" id=\"advgb-col-cf4911ef-e745-4fea-8dbe-f52ab3777302\"><div class=\"advgb-column-inner\" style=\"border-style:none;border-width:1px\">\n<p class=\"wp-el\"><img decoding=\"async\" loading=\"lazy\" width=\"128\" height=\"128\" class=\"wp-image-12156\" style=\"width: 20px;\" src=\"https:\/\/visitsouthestonia.com\/community\/wp-content\/uploads\/2023\/05\/punane-nool.png\" alt=\"\" srcset=\"https:\/\/visitsouthestonia.com\/community\/wp-content\/uploads\/2023\/05\/punane-nool.png 128w, https:\/\/visitsouthestonia.com\/community\/wp-content\/uploads\/2023\/05\/punane-nool-51x51.png 51w, https:\/\/visitsouthestonia.com\/community\/wp-content\/uploads\/2023\/05\/punane-nool-70x70.png 70w, https:\/\/visitsouthestonia.com\/community\/wp-content\/uploads\/2023\/05\/punane-nool-120x120.png 120w, https:\/\/visitsouthestonia.com\/community\/wp-content\/uploads\/2023\/05\/punane-nool-100x100.png 100w, https:\/\/visitsouthestonia.com\/community\/wp-content\/uploads\/2023\/05\/punane-nool-54x54.png 54w\" sizes=\"(max-width: 128px) 100vw, 128px\" \/> Toimumise aeg:<strong> 17. &#8211; 18. august 2024 <\/strong><\/p>\n\n\n\n<p class=\"wp-el\"><img decoding=\"async\" loading=\"lazy\" width=\"128\" height=\"128\" class=\"wp-image-12156\" style=\"width: 20px;\" src=\"https:\/\/visitsouthestonia.com\/community\/wp-content\/uploads\/2023\/05\/punane-nool.png\" alt=\"\" srcset=\"https:\/\/visitsouthestonia.com\/community\/wp-content\/uploads\/2023\/05\/punane-nool.png 128w, https:\/\/visitsouthestonia.com\/community\/wp-content\/uploads\/2023\/05\/punane-nool-51x51.png 51w, https:\/\/visitsouthestonia.com\/community\/wp-content\/uploads\/2023\/05\/punane-nool-70x70.png 70w, https:\/\/visitsouthestonia.com\/community\/wp-content\/uploads\/2023\/05\/punane-nool-120x120.png 120w, https:\/\/visitsouthestonia.com\/community\/wp-content\/uploads\/2023\/05\/punane-nool-100x100.png 100w, https:\/\/visitsouthestonia.com\/community\/wp-content\/uploads\/2023\/05\/punane-nool-54x54.png 54w\" sizes=\"(max-width: 128px) 100vw, 128px\" \/> Rohkem infot: <a href=\"https:\/\/www.facebook.com\/Peipsitoidutanav175\" target=\"_blank\" rel=\"noreferrer noopener\">facebook.com\/Peipsitoidutanav175<\/a><\/p>\n\n\n\n<p class=\"wp-el\"><img decoding=\"async\" loading=\"lazy\" width=\"128\" height=\"128\" class=\"wp-image-12156\" style=\"width: 20px;\" src=\"https:\/\/visitsouthestonia.com\/community\/wp-content\/uploads\/2023\/05\/punane-nool.png\" alt=\"\" srcset=\"https:\/\/visitsouthestonia.com\/community\/wp-content\/uploads\/2023\/05\/punane-nool.png 128w, https:\/\/visitsouthestonia.com\/community\/wp-content\/uploads\/2023\/05\/punane-nool-51x51.png 51w, https:\/\/visitsouthestonia.com\/community\/wp-content\/uploads\/2023\/05\/punane-nool-70x70.png 70w, https:\/\/visitsouthestonia.com\/community\/wp-content\/uploads\/2023\/05\/punane-nool-120x120.png 120w, https:\/\/visitsouthestonia.com\/community\/wp-content\/uploads\/2023\/05\/punane-nool-100x100.png 100w, https:\/\/visitsouthestonia.com\/community\/wp-content\/uploads\/2023\/05\/punane-nool-54x54.png 54w\" sizes=\"(max-width: 128px) 100vw, 128px\" \/> Kontakt: Triinu Akkermann, maitseelamuse.koda@gmail.com, 53460078<\/p>\n\n\n\n<figure class=\"wp-block-image size-large\"><img decoding=\"async\" loading=\"lazy\" width=\"1200\" height=\"801\" src=\"https:\/\/visitsouthestonia.com\/community\/wp-content\/uploads\/2023\/06\/Peipsi-toidu-tanav-12-1200x801.jpg\" alt=\"\" class=\"wp-image-13086\" srcset=\"https:\/\/visitsouthestonia.com\/community\/wp-content\/uploads\/2023\/06\/Peipsi-toidu-tanav-12-1200x801.jpg 1200w, https:\/\/visitsouthestonia.com\/community\/wp-content\/uploads\/2023\/06\/Peipsi-toidu-tanav-12-768x513.jpg 768w, https:\/\/visitsouthestonia.com\/community\/wp-content\/uploads\/2023\/06\/Peipsi-toidu-tanav-12-1536x1025.jpg 1536w, https:\/\/visitsouthestonia.com\/community\/wp-content\/uploads\/2023\/06\/Peipsi-toidu-tanav-12-2048x1367.jpg 2048w, https:\/\/visitsouthestonia.com\/community\/wp-content\/uploads\/2023\/06\/Peipsi-toidu-tanav-12-350x234.jpg 350w, https:\/\/visitsouthestonia.com\/community\/wp-content\/uploads\/2023\/06\/Peipsi-toidu-tanav-12-1100x734.jpg 1100w, https:\/\/visitsouthestonia.com\/community\/wp-content\/uploads\/2023\/06\/Peipsi-toidu-tanav-12-230x154.jpg 230w, https:\/\/visitsouthestonia.com\/community\/wp-content\/uploads\/2023\/06\/Peipsi-toidu-tanav-12-105x70.jpg 105w, https:\/\/visitsouthestonia.com\/community\/wp-content\/uploads\/2023\/06\/Peipsi-toidu-tanav-12-188x125.jpg 188w, https:\/\/visitsouthestonia.com\/community\/wp-content\/uploads\/2023\/06\/Peipsi-toidu-tanav-12-81x54.jpg 81w, https:\/\/visitsouthestonia.com\/community\/wp-content\/uploads\/2023\/06\/Peipsi-toidu-tanav-12-370x247.jpg 370w\" sizes=\"(max-width: 1200px) 100vw, 1200px\" \/><figcaption class=\"wp-element-caption\"> Triinu Akkermann. Foto: Terje Atonen<\/figcaption><\/figure>\n\n\n\n<div class=\"wp-block-columns is-layout-flex wp-container-1 wp-block-columns-is-layout-flex\"><\/div>\n<\/div><\/div>\n<\/div><\/div><\/div>\n\n\n\n<div class=\"wp-block-advgb-accordions advgb-accordions-73de98ba-36fd-48ad-ae3c-78ac7dc09393 advgb-accordion-wrapper\" data-collapsed=\"true\">\n<div class=\"wp-block-advgb-accordion-item advgb-accordion-item\" style=\"margin-bottom:13px\"><div class=\"advgb-accordion-header\" style=\"background-color:#000;color:#eee;border-style:solid;border-width:1px;border-radius:2px\"><span class=\"advgb-accordion-header-icon\"><svg fill=\"#fff\" xmlns=\"http:\/\/www.w3.org\/2000\/svg\" width=\"24\" height=\"24\" viewBox=\"0 0 24 24\"><path opacity=\"0.87\" fill=\"none\" d=\"M24,24H0L0,0l24,0V24z\"><\/path><path d=\"M16.59,8.59L12,13.17L7.41,8.59L6,10l6,6l6-6L16.59,8.59z\"><\/path><\/svg><\/span><h3 class=\"advgb-accordion-header-title\" style=\"color:inherit\">Tartumaa s\u00fcndmused<\/h3><\/div><div class=\"advgb-accordion-body\" style=\"border-style:solid !important;border-width:1px !important;border-color:undefined !important;border-top:none !important;border-radius:2px !important\">\n<p class=\"wp-el\"><a href=\"https:\/\/visitsouthestonia.com\/community\/euroopa-kultuuripealinn-tartu-2024-louna-eesti-kogukonnaprogramm\/taliteed-emajoe-suursoos\/\" target=\"_blank\" rel=\"noreferrer noopener\">Taliteed Emaj\u00f5e-Suursoos<\/a><\/p>\n\n\n\n<p class=\"wp-el\"><a href=\"https:\/\/visitsouthestonia.com\/community\/euroopa-kultuuripealinn-tartu-2024-louna-eesti-kogukonnaprogramm\/tartumaa-toidufestival-2023-ja-2024\/\" target=\"_blank\" rel=\"noreferrer noopener\">Tartumaa toidus\u00fcndmuste sari &#8220;Tirin&#8221;<\/a><\/p>\n\n\n\n<p class=\"wp-el\"><a href=\"https:\/\/visitsouthestonia.com\/community\/euroopa-kultuuripealinn-tartu-2024-louna-eesti-kogukonnaprogramm\/dokumentaalne-osaluslavastus-ellujaamiskunstid-kmomid\/\" target=\"_blank\" rel=\"noreferrer noopener\">Dokumentaalne osaluslavastus \u201eElluj\u00e4\u00e4miskunstid. KMOMID\u201c<\/a><\/p>\n\n\n\n<p class=\"wp-el\"><a href=\"https:\/\/visitsouthestonia.com\/community\/euroopa-kultuuripealinn-tartu-2024-louna-eesti-kogukonnaprogramm\/joeretkede-sari-avasta-emajogi\/\" target=\"_blank\" rel=\"noreferrer noopener\">J\u00f5eretkede sari \u201eAvasta Emaj\u00f5gi!\u201c<\/a><\/p>\n\n\n\n<p class=\"wp-el\"><a href=\"https:\/\/visitsouthestonia.com\/community\/euroopa-kultuuripealinn-tartu-2024-louna-eesti-kogukonnaprogramm\/i-kodavere-laalupido\/\" target=\"_blank\" rel=\"noreferrer noopener\">I Kodavere laalupido<\/a><\/p>\n\n\n\n<p class=\"wp-el\"><a href=\"https:\/\/visitsouthestonia.com\/community\/euroopa-kultuuripealinn-tartu-2024-louna-eesti-kogukonnaprogramm\/meelterannak-looduses\/\" target=\"_blank\" rel=\"noreferrer noopener\">Meelter\u00e4nnak looduses<\/a><\/p>\n\n\n\n<p class=\"wp-el\"><a href=\"https:\/\/visitsouthestonia.com\/community\/euroopa-kultuuripealinn-tartu-2024-louna-eesti-kogukonnaprogramm\/tartumaa-teemapaevad-paritud-ellujaamiskunstid\/\" target=\"_blank\" rel=\"noreferrer noopener\">Tartumaa teemap\u00e4evad \u201eP\u00e4ritud elluj\u00e4\u00e4miskunstid\u201c<\/a><\/p>\n<\/div><\/div>\n<\/div>\n\n\n\n<p class=\"wp-el\"><img decoding=\"async\" loading=\"lazy\" width=\"128\" height=\"128\" class=\"wp-image-12016\" style=\"width: 20px;\" src=\"https:\/\/visitsouthestonia.com\/community\/wp-content\/uploads\/2023\/05\/must-nool.png\" alt=\"\" srcset=\"https:\/\/visitsouthestonia.com\/community\/wp-content\/uploads\/2023\/05\/must-nool.png 128w, https:\/\/visitsouthestonia.com\/community\/wp-content\/uploads\/2023\/05\/must-nool-51x51.png 51w, https:\/\/visitsouthestonia.com\/community\/wp-content\/uploads\/2023\/05\/must-nool-70x70.png 70w, https:\/\/visitsouthestonia.com\/community\/wp-content\/uploads\/2023\/05\/must-nool-120x120.png 120w, https:\/\/visitsouthestonia.com\/community\/wp-content\/uploads\/2023\/05\/must-nool-100x100.png 100w, https:\/\/visitsouthestonia.com\/community\/wp-content\/uploads\/2023\/05\/must-nool-54x54.png 54w\" sizes=\"(max-width: 128px) 100vw, 128px\" \/> Rohkem infot <a href=\"https:\/\/visitsouthestonia.com\/community\/tartu-2024\/\">Euroopa kultuuripealinn Tartu 2024 L\u00f5una-Eesti kogukonnaprogrammist<\/a><\/p>\n<style class=\"advgb-styles-renderer\">#advgb-cols-6f614c1c-04ae-419a-a98c-8aa208765ffa{}@media screen and (max-width: 1023px) {#advgb-cols-6f614c1c-04ae-419a-a98c-8aa208765ffa{}}@media screen and (max-width: 767px) {#advgb-cols-6f614c1c-04ae-419a-a98c-8aa208765ffa{}}#advgb-col-b76c31f4-dd62-4527-9216-360a5b1d1feb>.advgb-column-inner{}@media screen and (max-width: 1023px) {#advgb-col-b76c31f4-dd62-4527-9216-360a5b1d1feb>.advgb-column-inner{}}@media screen and (max-width: 767px) {#advgb-col-b76c31f4-dd62-4527-9216-360a5b1d1feb>.advgb-column-inner{}}#advgb-col-cf4911ef-e745-4fea-8dbe-f52ab3777302>.advgb-column-inner{}@media screen and (max-width: 1023px) {#advgb-col-cf4911ef-e745-4fea-8dbe-f52ab3777302>.advgb-column-inner{}}@media screen and (max-width: 767px) {#advgb-col-cf4911ef-e745-4fea-8dbe-f52ab3777302>.advgb-column-inner{}}<\/style>","protected":false},"excerpt":{"rendered":"<p>&gt;&gt;&gt;ENG 175 km pikkune Peipsi toidu t\u00e4nav rabab maitsva ehedusega Rohkem infot Euroopa kultuuripealinn Tartu 2024 L\u00f5una-Eesti kogukonnaprogrammist<\/p>\n","protected":false},"author":211,"featured_media":0,"parent":13841,"menu_order":0,"comment_status":"closed","ping_status":"closed","template":"","meta":{"advgb_blocks_editor_width":"","advgb_blocks_columns_visual_guide":"","footnotes":"","_links_to":"","_links_to_target":""},"acf":[],"yoast_head":"<!-- This site is optimized with the Yoast SEO plugin v21.4 - https:\/\/yoast.com\/wordpress\/plugins\/seo\/ -->\n<title>Peipsi Toidu T\u00e4nav 175 km - visitsouthestonia<\/title>\n<meta name=\"robots\" content=\"index, follow, max-snippet:-1, max-image-preview:large, max-video-preview:-1\" \/>\n<link rel=\"canonical\" href=\"https:\/\/visitsouthestonia.com\/tartu-2024\/peipsi-toidu-tanav-175-km-2\/\" \/>\n<meta property=\"og:locale\" content=\"et_EE\" \/>\n<meta property=\"og:type\" content=\"article\" \/>\n<meta property=\"og:title\" content=\"Peipsi Toidu T\u00e4nav 175 km - visitsouthestonia\" \/>\n<meta property=\"og:description\" content=\"&gt;&gt;&gt;ENG 175 km pikkune Peipsi toidu t\u00e4nav rabab maitsva ehedusega Rohkem infot Euroopa kultuuripealinn Tartu 2024 L\u00f5una-Eesti kogukonnaprogrammist\" \/>\n<meta property=\"og:url\" content=\"https:\/\/visitsouthestonia.com\/tartu-2024\/peipsi-toidu-tanav-175-km-2\/\" \/>\n<meta property=\"og:site_name\" content=\"visitsouthestonia\" \/>\n<meta property=\"article:modified_time\" content=\"2024-08-12T08:28:43+00:00\" \/>\n<meta property=\"og:image\" content=\"https:\/\/visitsouthestonia.com\/wp-content\/uploads\/2023\/05\/Untitled-design14.png\" \/>\n<meta name=\"twitter:card\" content=\"summary_large_image\" \/>\n<meta name=\"twitter:label1\" content=\"Est. reading time\" \/>\n\t<meta name=\"twitter:data1\" content=\"3 minutit\" \/>\n<script type=\"application\/ld+json\" class=\"yoast-schema-graph\">{\"@context\":\"https:\/\/schema.org\",\"@graph\":[{\"@type\":\"WebPage\",\"@id\":\"https:\/\/visitsouthestonia.com\/tartu-2024\/peipsi-toidu-tanav-175-km-2\/\",\"url\":\"https:\/\/visitsouthestonia.com\/tartu-2024\/peipsi-toidu-tanav-175-km-2\/\",\"name\":\"Peipsi Toidu T\u00e4nav 175 km - visitsouthestonia\",\"isPartOf\":{\"@id\":\"https:\/\/visitsouthestonia.com\/community\/#website\"},\"datePublished\":\"2023-05-16T20:42:15+00:00\",\"dateModified\":\"2024-08-12T08:28:43+00:00\",\"breadcrumb\":{\"@id\":\"https:\/\/visitsouthestonia.com\/tartu-2024\/peipsi-toidu-tanav-175-km-2\/#breadcrumb\"},\"inLanguage\":\"et\",\"potentialAction\":[{\"@type\":\"ReadAction\",\"target\":[\"https:\/\/visitsouthestonia.com\/tartu-2024\/peipsi-toidu-tanav-175-km-2\/\"]}]},{\"@type\":\"BreadcrumbList\",\"@id\":\"https:\/\/visitsouthestonia.com\/tartu-2024\/peipsi-toidu-tanav-175-km-2\/#breadcrumb\",\"itemListElement\":[{\"@type\":\"ListItem\",\"position\":1,\"name\":\"Tartu 2024 L\u00f5una-Eesti kogukonnaprogramm\",\"item\":\"https:\/\/visitsouthestonia.com\/tartu-2024\/\"},{\"@type\":\"ListItem\",\"position\":2,\"name\":\"Peipsi Toidu T\u00e4nav 175 km\"}]},{\"@type\":\"WebSite\",\"@id\":\"https:\/\/visitsouthestonia.com\/community\/#website\",\"url\":\"https:\/\/visitsouthestonia.com\/community\/\",\"name\":\"visitsouthestonia\",\"description\":\"Parim puhkus veeda L\u00f5una-Eestis!\",\"potentialAction\":[{\"@type\":\"SearchAction\",\"target\":{\"@type\":\"EntryPoint\",\"urlTemplate\":\"https:\/\/visitsouthestonia.com\/community\/?s={search_term_string}\"},\"query-input\":\"required name=search_term_string\"}],\"inLanguage\":\"et\"}]}<\/script>\n<!-- \/ Yoast SEO plugin. -->","yoast_head_json":{"title":"Peipsi Toidu T\u00e4nav 175 km - visitsouthestonia","robots":{"index":"index","follow":"follow","max-snippet":"max-snippet:-1","max-image-preview":"max-image-preview:large","max-video-preview":"max-video-preview:-1"},"canonical":"https:\/\/visitsouthestonia.com\/tartu-2024\/peipsi-toidu-tanav-175-km-2\/","og_locale":"et_EE","og_type":"article","og_title":"Peipsi Toidu T\u00e4nav 175 km - visitsouthestonia","og_description":"&gt;&gt;&gt;ENG 175 km pikkune Peipsi toidu t\u00e4nav rabab maitsva ehedusega Rohkem infot Euroopa kultuuripealinn Tartu 2024 L\u00f5una-Eesti kogukonnaprogrammist","og_url":"https:\/\/visitsouthestonia.com\/tartu-2024\/peipsi-toidu-tanav-175-km-2\/","og_site_name":"visitsouthestonia","article_modified_time":"2024-08-12T08:28:43+00:00","og_image":[{"url":"https:\/\/visitsouthestonia.com\/wp-content\/uploads\/2023\/05\/Untitled-design14.png"}],"twitter_card":"summary_large_image","twitter_misc":{"Est. reading time":"3 minutit"},"schema":{"@context":"https:\/\/schema.org","@graph":[{"@type":"WebPage","@id":"https:\/\/visitsouthestonia.com\/tartu-2024\/peipsi-toidu-tanav-175-km-2\/","url":"https:\/\/visitsouthestonia.com\/tartu-2024\/peipsi-toidu-tanav-175-km-2\/","name":"Peipsi Toidu T\u00e4nav 175 km - visitsouthestonia","isPartOf":{"@id":"https:\/\/visitsouthestonia.com\/community\/#website"},"datePublished":"2023-05-16T20:42:15+00:00","dateModified":"2024-08-12T08:28:43+00:00","breadcrumb":{"@id":"https:\/\/visitsouthestonia.com\/tartu-2024\/peipsi-toidu-tanav-175-km-2\/#breadcrumb"},"inLanguage":"et","potentialAction":[{"@type":"ReadAction","target":["https:\/\/visitsouthestonia.com\/tartu-2024\/peipsi-toidu-tanav-175-km-2\/"]}]},{"@type":"BreadcrumbList","@id":"https:\/\/visitsouthestonia.com\/tartu-2024\/peipsi-toidu-tanav-175-km-2\/#breadcrumb","itemListElement":[{"@type":"ListItem","position":1,"name":"Tartu 2024 L\u00f5una-Eesti kogukonnaprogramm","item":"https:\/\/visitsouthestonia.com\/tartu-2024\/"},{"@type":"ListItem","position":2,"name":"Peipsi Toidu T\u00e4nav 175 km"}]},{"@type":"WebSite","@id":"https:\/\/visitsouthestonia.com\/community\/#website","url":"https:\/\/visitsouthestonia.com\/community\/","name":"visitsouthestonia","description":"Parim puhkus veeda L\u00f5una-Eestis!","potentialAction":[{"@type":"SearchAction","target":{"@type":"EntryPoint","urlTemplate":"https:\/\/visitsouthestonia.com\/community\/?s={search_term_string}"},"query-input":"required name=search_term_string"}],"inLanguage":"et"}]}},"coauthors":[],"author_meta":{"author_link":"https:\/\/visitsouthestonia.com\/community\/author\/kaisa-timmi\/","display_name":"Meeri"},"relative_dates":{"created":"Posted 3 aastat ago","modified":"Updated 2 aastat ago"},"absolute_dates":{"created":"Posted on 16. mai 2023","modified":"Updated on 12. aug. 2024"},"absolute_dates_time":{"created":"Posted on 16. mai 2023 11:42","modified":"Updated on 12. aug. 2024 11:28"},"featured_img_caption":"","featured_img":false,"series_order":"","_links":{"self":[{"href":"https:\/\/visitsouthestonia.com\/community\/wp-json\/wp\/v2\/pages\/12152"}],"collection":[{"href":"https:\/\/visitsouthestonia.com\/community\/wp-json\/wp\/v2\/pages"}],"about":[{"href":"https:\/\/visitsouthestonia.com\/community\/wp-json\/wp\/v2\/types\/page"}],"author":[{"embeddable":true,"href":"https:\/\/visitsouthestonia.com\/community\/wp-json\/wp\/v2\/users\/211"}],"replies":[{"embeddable":true,"href":"https:\/\/visitsouthestonia.com\/community\/wp-json\/wp\/v2\/comments?post=12152"}],"version-history":[{"count":10,"href":"https:\/\/visitsouthestonia.com\/community\/wp-json\/wp\/v2\/pages\/12152\/revisions"}],"predecessor-version":[{"id":20947,"href":"https:\/\/visitsouthestonia.com\/community\/wp-json\/wp\/v2\/pages\/12152\/revisions\/20947"}],"up":[{"embeddable":true,"href":"https:\/\/visitsouthestonia.com\/community\/wp-json\/wp\/v2\/pages\/13841"}],"wp:attachment":[{"href":"https:\/\/visitsouthestonia.com\/community\/wp-json\/wp\/v2\/media?parent=12152"}],"curies":[{"name":"wp","href":"https:\/\/api.w.org\/{rel}","templated":true}]}}