{"id":12138,"date":"2023-05-16T21:27:52","date_gmt":"2023-05-16T18:27:52","guid":{"rendered":"https:\/\/visitsouthestonia.com\/community\/?page_id=12138"},"modified":"2024-08-06T09:50:48","modified_gmt":"2024-08-06T06:50:48","slug":"seto-kostipaiva-aastaring","status":"publish","type":"page","link":"https:\/\/visitsouthestonia.com\/community\/tartu-2024\/seto-kostipaiva-aastaring\/","title":{"rendered":"Seto Kostip\u00e4iv"},"content":{"rendered":"\n<p class=\"has-text-align-right wp-el\"><a href=\"https:\/\/visitsouthestonia.com\/community\/en\/tartu-2024\/pop-up-cafe-days-seto-kostipaiv\/\">&gt;&gt;&gt;ENG<\/a><\/p>\n\n\n\n<figure class=\"wp-block-image size-full\"><img decoding=\"async\" loading=\"lazy\" width=\"1200\" height=\"120\" src=\"https:\/\/visitsouthestonia.com\/community\/wp-content\/uploads\/2023\/05\/Untitled-design13.png\" alt=\"\" class=\"wp-image-12133\" srcset=\"https:\/\/visitsouthestonia.com\/community\/wp-content\/uploads\/2023\/05\/Untitled-design13.png 1200w, https:\/\/visitsouthestonia.com\/community\/wp-content\/uploads\/2023\/05\/Untitled-design13-768x77.png 768w, https:\/\/visitsouthestonia.com\/community\/wp-content\/uploads\/2023\/05\/Untitled-design13-350x35.png 350w, https:\/\/visitsouthestonia.com\/community\/wp-content\/uploads\/2023\/05\/Untitled-design13-1100x110.png 1100w, https:\/\/visitsouthestonia.com\/community\/wp-content\/uploads\/2023\/05\/Untitled-design13-230x23.png 230w, https:\/\/visitsouthestonia.com\/community\/wp-content\/uploads\/2023\/05\/Untitled-design13-210x21.png 210w, https:\/\/visitsouthestonia.com\/community\/wp-content\/uploads\/2023\/05\/Untitled-design13-188x19.png 188w, https:\/\/visitsouthestonia.com\/community\/wp-content\/uploads\/2023\/05\/Untitled-design13-370x37.png 370w\" sizes=\"(max-width: 1200px) 100vw, 1200px\" \/><\/figure>\n\n\n\n<h1 class=\"wp-block-heading wp-el\"><strong><strong><strong><strong><strong><strong>Seto Kostip\u00e4iv r\u00f5\u00f5mustab k\u00fclalislahkusega mitu aastaringi<\/strong><\/strong><\/strong><\/strong><\/strong><\/strong><\/h1>\n\n\n\n<div class=\"wp-block-advgb-columns advgb-columns-wrapper\" id=\"advgb-cols-5e4133af-3768-471c-95c0-c66363354130\"><div class=\"advgb-columns-container\"><div class=\"advgb-columns advgb-columns-row advgb-is-mobile advgb-columns-2 layout-12-12 mbl-layout-stacked vgutter-10\">\n<div class=\"wp-block-advgb-column advgb-column advgb-is-half-tablet advgb-is-full-mobile\" id=\"advgb-col-635bdd1d-ceef-4d9c-824b-c989ad92e2ee\"><div class=\"advgb-column-inner\" style=\"border-style:none;border-width:1px\">\n<p class=\"wp-el\">S\u00f5ir, suulliim, kikkaseenepiirak ja seto k\u00f6\u00f6gile omased muud h\u00f5rgutised sunnivad pidevalt kalendrisse kiikama \u2013 millal ometi algab see setode k\u00fclalislahkuse p\u00e4ev, Seto kostip\u00e4iv! 2023. ja 2024. aasta suvel, kuuldes k\u00f5rva paitavat karmo\u0161kaheli v\u00f5i eksootilist seto leelot, astu julgesti taluhoovi, hubasesse kodukohvikusse, ja j\u00e4\u00e4 sinna pikemaks. <\/p>\n\n\n\n<p class=\"wp-el\">V\u00f5ta aega, et vaaremade retseptiroogadega enda maitsemeeli hellitada, seto k\u00f6\u00f6gikunsti eheduses keha ja hinge kosutada. Kui k\u00f5htu enam ei mahu, paki kraam koduteele kaasa, enne kui \u00f5htune kontsert algab. Tegelikult tasub \u00f6\u00f6sekski j\u00e4\u00e4da, sest uuel hommikul algav per\u00e4p\u00fct\u00fcp\u00e4iv v\u00f5ib samuti \u00fcllatada.<\/p>\n\n\n\n<p class=\"wp-el\"><strong>17. m\u00e4rts 2024<\/strong> &#8211; <a href=\"https:\/\/www.setokyyk.ee\/et\/maaselits-2024\" target=\"_blank\" rel=\"noreferrer noopener\">Maaselits Setomaal<\/a><\/p>\n\n\n\n<p class=\"wp-el\">LOE L\u00c4HEMALT: <strong><a href=\"https:\/\/visitsouthestonia.com\/community\/tartu-2024\/seto-kostipaiva-aastaring\/6-kogukonda-setomaal-ootavad-maaselitsa-tahistama\/\" target=\"_blank\" rel=\"noreferrer noopener\">6 kogukonda Setomaal ootavad 17. m\u00e4rtsil maaselitsa t\u00e4histama<\/a><\/strong><\/p>\n\n\n\n<p class=\"wp-el\">PRESSITEADE 05.08.2024: <strong><a href=\"https:\/\/visitsouthestonia.com\/community\/tartu-2024\/seto-kostipaiva-aastaring\/setomaal-kohvikuid-leidub-igale-maitsele\/\" target=\"_blank\" rel=\"noreferrer noopener\">10. ja 11. augustil 2024 leidub Setomaal kohvikuid igale maitsele!<\/a><\/strong><\/p>\n<\/div><\/div>\n\n\n\n<div class=\"wp-block-advgb-column advgb-column advgb-is-half-tablet advgb-is-full-mobile\" id=\"advgb-col-5ce0d8d1-0d6b-45dc-b650-b0ca6abd84fe\"><div class=\"advgb-column-inner\" style=\"border-style:none;border-width:1px\">\n<p class=\"wp-el\"><img decoding=\"async\" loading=\"lazy\" width=\"128\" height=\"128\" class=\"wp-image-12135\" style=\"width: 20px;\" src=\"https:\/\/visitsouthestonia.com\/community\/wp-content\/uploads\/2023\/05\/meresinine-nool.png\" alt=\"\" srcset=\"https:\/\/visitsouthestonia.com\/community\/wp-content\/uploads\/2023\/05\/meresinine-nool.png 128w, https:\/\/visitsouthestonia.com\/community\/wp-content\/uploads\/2023\/05\/meresinine-nool-51x51.png 51w, https:\/\/visitsouthestonia.com\/community\/wp-content\/uploads\/2023\/05\/meresinine-nool-70x70.png 70w, https:\/\/visitsouthestonia.com\/community\/wp-content\/uploads\/2023\/05\/meresinine-nool-120x120.png 120w, https:\/\/visitsouthestonia.com\/community\/wp-content\/uploads\/2023\/05\/meresinine-nool-100x100.png 100w, https:\/\/visitsouthestonia.com\/community\/wp-content\/uploads\/2023\/05\/meresinine-nool-54x54.png 54w\" sizes=\"(max-width: 128px) 100vw, 128px\" \/> Toimumise aeg:  <strong>12. &#8211; 13.<\/strong> <strong>august 2023 ja 10. &#8211; 11. august 2024 <\/strong><\/p>\n\n\n\n<p class=\"wp-el\"><img decoding=\"async\" loading=\"lazy\" width=\"128\" height=\"128\" class=\"wp-image-12135\" style=\"width: 20px;\" src=\"https:\/\/visitsouthestonia.com\/community\/wp-content\/uploads\/2023\/05\/meresinine-nool.png\" alt=\"\" srcset=\"https:\/\/visitsouthestonia.com\/community\/wp-content\/uploads\/2023\/05\/meresinine-nool.png 128w, https:\/\/visitsouthestonia.com\/community\/wp-content\/uploads\/2023\/05\/meresinine-nool-51x51.png 51w, https:\/\/visitsouthestonia.com\/community\/wp-content\/uploads\/2023\/05\/meresinine-nool-70x70.png 70w, https:\/\/visitsouthestonia.com\/community\/wp-content\/uploads\/2023\/05\/meresinine-nool-120x120.png 120w, https:\/\/visitsouthestonia.com\/community\/wp-content\/uploads\/2023\/05\/meresinine-nool-100x100.png 100w, https:\/\/visitsouthestonia.com\/community\/wp-content\/uploads\/2023\/05\/meresinine-nool-54x54.png 54w\" sizes=\"(max-width: 128px) 100vw, 128px\" \/> Rohkem infot: <a href=\"https:\/\/www.setokyyk.ee\/et\/seto-kostipaiv\" target=\"_blank\" rel=\"noreferrer noopener\">setokyyk.ee\/et\/seto-kostipaiv<\/a><\/p>\n\n\n\n<p class=\"wp-el\"><img decoding=\"async\" loading=\"lazy\" width=\"128\" height=\"128\" class=\"wp-image-12135\" style=\"width: 20px;\" src=\"https:\/\/visitsouthestonia.com\/community\/wp-content\/uploads\/2023\/05\/meresinine-nool.png\" alt=\"\" srcset=\"https:\/\/visitsouthestonia.com\/community\/wp-content\/uploads\/2023\/05\/meresinine-nool.png 128w, https:\/\/visitsouthestonia.com\/community\/wp-content\/uploads\/2023\/05\/meresinine-nool-51x51.png 51w, https:\/\/visitsouthestonia.com\/community\/wp-content\/uploads\/2023\/05\/meresinine-nool-70x70.png 70w, https:\/\/visitsouthestonia.com\/community\/wp-content\/uploads\/2023\/05\/meresinine-nool-120x120.png 120w, https:\/\/visitsouthestonia.com\/community\/wp-content\/uploads\/2023\/05\/meresinine-nool-100x100.png 100w, https:\/\/visitsouthestonia.com\/community\/wp-content\/uploads\/2023\/05\/meresinine-nool-54x54.png 54w\" sizes=\"(max-width: 128px) 100vw, 128px\" \/> Kontakt: \u00dclle P\u00e4rnoja, ylle@setomaa.ee, 5131366<\/p>\n\n\n\n<div class=\"wp-block-columns is-layout-flex wp-container-2 wp-block-columns-is-layout-flex\">\n<div class=\"wp-block-column is-layout-flow wp-block-column-is-layout-flow\" style=\"flex-basis:100%\">\n<figure class=\"wp-block-image size-large\"><img decoding=\"async\" loading=\"lazy\" width=\"1200\" height=\"1125\" src=\"https:\/\/visitsouthestonia.com\/community\/wp-content\/uploads\/2023\/06\/SetoKostipaiv-39-1200x1125.jpg\" alt=\"\" class=\"wp-image-13055\" style=\"object-fit:cover\" srcset=\"https:\/\/visitsouthestonia.com\/community\/wp-content\/uploads\/2023\/06\/SetoKostipaiv-39-1200x1125.jpg 1200w, https:\/\/visitsouthestonia.com\/community\/wp-content\/uploads\/2023\/06\/SetoKostipaiv-39-768x720.jpg 768w, https:\/\/visitsouthestonia.com\/community\/wp-content\/uploads\/2023\/06\/SetoKostipaiv-39-1536x1440.jpg 1536w, https:\/\/visitsouthestonia.com\/community\/wp-content\/uploads\/2023\/06\/SetoKostipaiv-39-2048x1921.jpg 2048w, https:\/\/visitsouthestonia.com\/community\/wp-content\/uploads\/2023\/06\/SetoKostipaiv-39-350x328.jpg 350w, https:\/\/visitsouthestonia.com\/community\/wp-content\/uploads\/2023\/06\/SetoKostipaiv-39-853x800.jpg 853w, https:\/\/visitsouthestonia.com\/community\/wp-content\/uploads\/2023\/06\/SetoKostipaiv-39-230x216.jpg 230w, https:\/\/visitsouthestonia.com\/community\/wp-content\/uploads\/2023\/06\/SetoKostipaiv-39-75x70.jpg 75w, https:\/\/visitsouthestonia.com\/community\/wp-content\/uploads\/2023\/06\/SetoKostipaiv-39-188x176.jpg 188w, https:\/\/visitsouthestonia.com\/community\/wp-content\/uploads\/2023\/06\/SetoKostipaiv-39-58x54.jpg 58w, https:\/\/visitsouthestonia.com\/community\/wp-content\/uploads\/2023\/06\/SetoKostipaiv-39-370x347.jpg 370w\" sizes=\"(max-width: 1200px) 100vw, 1200px\" \/><figcaption class=\"wp-element-caption\">\u00dclle P\u00e4rnoja ja Inara Luigas. Foto: Terje Atonen<\/figcaption><\/figure>\n<\/div>\n<\/div>\n<\/div><\/div>\n<\/div><\/div><\/div>\n\n\n\n<div class=\"wp-block-advgb-accordions advgb-accordions-13834e68-74fc-47fc-831a-12534297ce2a advgb-accordion-wrapper\" data-collapsed=\"true\">\n<div class=\"wp-block-advgb-accordion-item advgb-accordion-item\" style=\"margin-bottom:13px\"><div class=\"advgb-accordion-header\" style=\"background-color:#000;color:#eee;border-style:solid;border-width:1px;border-radius:2px\"><span class=\"advgb-accordion-header-icon\"><svg fill=\"#fff\" xmlns=\"http:\/\/www.w3.org\/2000\/svg\" width=\"24\" height=\"24\" viewBox=\"0 0 24 24\"><path opacity=\"0.87\" fill=\"none\" d=\"M24,24H0L0,0l24,0V24z\"><\/path><path d=\"M16.59,8.59L12,13.17L7.41,8.59L6,10l6,6l6-6L16.59,8.59z\"><\/path><\/svg><\/span><h3 class=\"advgb-accordion-header-title\" style=\"color:inherit\">Piiriveere s\u00fcndmused<\/h3><\/div><div class=\"advgb-accordion-body\" style=\"border-style:solid !important;border-width:1px !important;border-color:undefined !important;border-top:none !important;border-radius:2px !important\">\n<p class=\"wp-el\"><a href=\"https:\/\/visitsouthestonia.com\/community\/euroopa-kultuuripealinn-tartu-2024-louna-eesti-kogukonnaprogramm\/seto-tantsupidu-kadah-kavvoko\/\" target=\"_blank\" rel=\"noreferrer noopener\">Seto tantsupidu \u201eKad\u00b4ah kavv\u00f5k\u00f5\u00b4\u201c<\/a><\/p>\n\n\n\n<p class=\"wp-el\"><a href=\"https:\/\/visitsouthestonia.com\/community\/euroopa-kultuuripealinn-tartu-2024-louna-eesti-kogukonnaprogramm\/kogukonnaetendus-leevaku-kullakaevur\/\" target=\"_blank\" rel=\"noreferrer noopener\">Kogukonnaetendus \u201eLeevaku kullakaevur\u201c<\/a><\/p>\n<\/div><\/div>\n<\/div>\n\n\n\n<p class=\"wp-el\"><img decoding=\"async\" loading=\"lazy\" width=\"128\" height=\"128\" class=\"wp-image-12016\" style=\"width: 20px;\" src=\"https:\/\/visitsouthestonia.com\/community\/wp-content\/uploads\/2023\/05\/must-nool.png\" alt=\"\" srcset=\"https:\/\/visitsouthestonia.com\/community\/wp-content\/uploads\/2023\/05\/must-nool.png 128w, https:\/\/visitsouthestonia.com\/community\/wp-content\/uploads\/2023\/05\/must-nool-51x51.png 51w, https:\/\/visitsouthestonia.com\/community\/wp-content\/uploads\/2023\/05\/must-nool-70x70.png 70w, https:\/\/visitsouthestonia.com\/community\/wp-content\/uploads\/2023\/05\/must-nool-120x120.png 120w, https:\/\/visitsouthestonia.com\/community\/wp-content\/uploads\/2023\/05\/must-nool-100x100.png 100w, https:\/\/visitsouthestonia.com\/community\/wp-content\/uploads\/2023\/05\/must-nool-54x54.png 54w\" sizes=\"(max-width: 128px) 100vw, 128px\" \/> Rohkem infot <a href=\"https:\/\/visitsouthestonia.com\/community\/euroopa-kultuuripealinn-tartu-2024-louna-eesti-kogukonnaprogramm\/\" target=\"_blank\" rel=\"noreferrer noopener\">Euroopa kultuuripealinn Tartu 2024 L\u00f5una-Eesti kogukonnaprogrammist<\/a><\/p>\n<style class=\"advgb-styles-renderer\">#advgb-cols-5e4133af-3768-471c-95c0-c66363354130{}@media screen and (max-width: 1023px) {#advgb-cols-5e4133af-3768-471c-95c0-c66363354130{}}@media screen and (max-width: 767px) {#advgb-cols-5e4133af-3768-471c-95c0-c66363354130{}}#advgb-col-635bdd1d-ceef-4d9c-824b-c989ad92e2ee>.advgb-column-inner{}@media screen and (max-width: 1023px) {#advgb-col-635bdd1d-ceef-4d9c-824b-c989ad92e2ee>.advgb-column-inner{}}@media screen and (max-width: 767px) {#advgb-col-635bdd1d-ceef-4d9c-824b-c989ad92e2ee>.advgb-column-inner{}}#advgb-col-5ce0d8d1-0d6b-45dc-b650-b0ca6abd84fe>.advgb-column-inner{}@media screen and (max-width: 1023px) {#advgb-col-5ce0d8d1-0d6b-45dc-b650-b0ca6abd84fe>.advgb-column-inner{}}@media screen and (max-width: 767px) {#advgb-col-5ce0d8d1-0d6b-45dc-b650-b0ca6abd84fe>.advgb-column-inner{}}<\/style>","protected":false},"excerpt":{"rendered":"<p>&gt;&gt;&gt;ENG Seto Kostip\u00e4iv r\u00f5\u00f5mustab k\u00fclalislahkusega mitu aastaringi Rohkem infot Euroopa kultuuripealinn Tartu 2024 L\u00f5una-Eesti kogukonnaprogrammist<\/p>\n","protected":false},"author":211,"featured_media":0,"parent":13841,"menu_order":0,"comment_status":"closed","ping_status":"closed","template":"","meta":{"advgb_blocks_editor_width":"","advgb_blocks_columns_visual_guide":"","footnotes":"","_links_to":"","_links_to_target":""},"acf":[],"yoast_head":"<!-- This site is optimized with the Yoast SEO plugin v21.4 - https:\/\/yoast.com\/wordpress\/plugins\/seo\/ -->\n<title>Seto Kostip\u00e4iv - visitsouthestonia<\/title>\n<meta name=\"robots\" content=\"index, follow, max-snippet:-1, max-image-preview:large, max-video-preview:-1\" \/>\n<link rel=\"canonical\" href=\"https:\/\/visitsouthestonia.com\/tartu-2024\/seto-kostipaiva-aastaring\/\" \/>\n<meta property=\"og:locale\" content=\"et_EE\" \/>\n<meta property=\"og:type\" content=\"article\" \/>\n<meta property=\"og:title\" content=\"Seto Kostip\u00e4iv - visitsouthestonia\" \/>\n<meta property=\"og:description\" content=\"&gt;&gt;&gt;ENG Seto Kostip\u00e4iv r\u00f5\u00f5mustab k\u00fclalislahkusega mitu aastaringi Rohkem infot Euroopa kultuuripealinn Tartu 2024 L\u00f5una-Eesti kogukonnaprogrammist\" \/>\n<meta property=\"og:url\" content=\"https:\/\/visitsouthestonia.com\/tartu-2024\/seto-kostipaiva-aastaring\/\" \/>\n<meta property=\"og:site_name\" content=\"visitsouthestonia\" \/>\n<meta property=\"article:modified_time\" content=\"2024-08-06T06:50:48+00:00\" \/>\n<meta property=\"og:image\" content=\"https:\/\/visitsouthestonia.com\/wp-content\/uploads\/2023\/05\/Untitled-design13.png\" \/>\n<meta name=\"twitter:card\" content=\"summary_large_image\" \/>\n<meta name=\"twitter:label1\" content=\"Est. reading time\" \/>\n\t<meta name=\"twitter:data1\" content=\"3 minutit\" \/>\n<script type=\"application\/ld+json\" class=\"yoast-schema-graph\">{\"@context\":\"https:\/\/schema.org\",\"@graph\":[{\"@type\":\"WebPage\",\"@id\":\"https:\/\/visitsouthestonia.com\/tartu-2024\/seto-kostipaiva-aastaring\/\",\"url\":\"https:\/\/visitsouthestonia.com\/tartu-2024\/seto-kostipaiva-aastaring\/\",\"name\":\"Seto Kostip\u00e4iv - visitsouthestonia\",\"isPartOf\":{\"@id\":\"https:\/\/visitsouthestonia.com\/community\/#website\"},\"datePublished\":\"2023-05-16T18:27:52+00:00\",\"dateModified\":\"2024-08-06T06:50:48+00:00\",\"breadcrumb\":{\"@id\":\"https:\/\/visitsouthestonia.com\/tartu-2024\/seto-kostipaiva-aastaring\/#breadcrumb\"},\"inLanguage\":\"et\",\"potentialAction\":[{\"@type\":\"ReadAction\",\"target\":[\"https:\/\/visitsouthestonia.com\/tartu-2024\/seto-kostipaiva-aastaring\/\"]}]},{\"@type\":\"BreadcrumbList\",\"@id\":\"https:\/\/visitsouthestonia.com\/tartu-2024\/seto-kostipaiva-aastaring\/#breadcrumb\",\"itemListElement\":[{\"@type\":\"ListItem\",\"position\":1,\"name\":\"Tartu 2024 L\u00f5una-Eesti kogukonnaprogramm\",\"item\":\"https:\/\/visitsouthestonia.com\/tartu-2024\/\"},{\"@type\":\"ListItem\",\"position\":2,\"name\":\"Seto Kostip\u00e4iv\"}]},{\"@type\":\"WebSite\",\"@id\":\"https:\/\/visitsouthestonia.com\/community\/#website\",\"url\":\"https:\/\/visitsouthestonia.com\/community\/\",\"name\":\"visitsouthestonia\",\"description\":\"Parim puhkus veeda L\u00f5una-Eestis!\",\"potentialAction\":[{\"@type\":\"SearchAction\",\"target\":{\"@type\":\"EntryPoint\",\"urlTemplate\":\"https:\/\/visitsouthestonia.com\/community\/?s={search_term_string}\"},\"query-input\":\"required name=search_term_string\"}],\"inLanguage\":\"et\"}]}<\/script>\n<!-- \/ Yoast SEO plugin. -->","yoast_head_json":{"title":"Seto Kostip\u00e4iv - visitsouthestonia","robots":{"index":"index","follow":"follow","max-snippet":"max-snippet:-1","max-image-preview":"max-image-preview:large","max-video-preview":"max-video-preview:-1"},"canonical":"https:\/\/visitsouthestonia.com\/tartu-2024\/seto-kostipaiva-aastaring\/","og_locale":"et_EE","og_type":"article","og_title":"Seto Kostip\u00e4iv - visitsouthestonia","og_description":"&gt;&gt;&gt;ENG Seto Kostip\u00e4iv r\u00f5\u00f5mustab k\u00fclalislahkusega mitu aastaringi Rohkem infot Euroopa kultuuripealinn Tartu 2024 L\u00f5una-Eesti kogukonnaprogrammist","og_url":"https:\/\/visitsouthestonia.com\/tartu-2024\/seto-kostipaiva-aastaring\/","og_site_name":"visitsouthestonia","article_modified_time":"2024-08-06T06:50:48+00:00","og_image":[{"url":"https:\/\/visitsouthestonia.com\/wp-content\/uploads\/2023\/05\/Untitled-design13.png"}],"twitter_card":"summary_large_image","twitter_misc":{"Est. reading time":"3 minutit"},"schema":{"@context":"https:\/\/schema.org","@graph":[{"@type":"WebPage","@id":"https:\/\/visitsouthestonia.com\/tartu-2024\/seto-kostipaiva-aastaring\/","url":"https:\/\/visitsouthestonia.com\/tartu-2024\/seto-kostipaiva-aastaring\/","name":"Seto Kostip\u00e4iv - visitsouthestonia","isPartOf":{"@id":"https:\/\/visitsouthestonia.com\/community\/#website"},"datePublished":"2023-05-16T18:27:52+00:00","dateModified":"2024-08-06T06:50:48+00:00","breadcrumb":{"@id":"https:\/\/visitsouthestonia.com\/tartu-2024\/seto-kostipaiva-aastaring\/#breadcrumb"},"inLanguage":"et","potentialAction":[{"@type":"ReadAction","target":["https:\/\/visitsouthestonia.com\/tartu-2024\/seto-kostipaiva-aastaring\/"]}]},{"@type":"BreadcrumbList","@id":"https:\/\/visitsouthestonia.com\/tartu-2024\/seto-kostipaiva-aastaring\/#breadcrumb","itemListElement":[{"@type":"ListItem","position":1,"name":"Tartu 2024 L\u00f5una-Eesti kogukonnaprogramm","item":"https:\/\/visitsouthestonia.com\/tartu-2024\/"},{"@type":"ListItem","position":2,"name":"Seto Kostip\u00e4iv"}]},{"@type":"WebSite","@id":"https:\/\/visitsouthestonia.com\/community\/#website","url":"https:\/\/visitsouthestonia.com\/community\/","name":"visitsouthestonia","description":"Parim puhkus veeda L\u00f5una-Eestis!","potentialAction":[{"@type":"SearchAction","target":{"@type":"EntryPoint","urlTemplate":"https:\/\/visitsouthestonia.com\/community\/?s={search_term_string}"},"query-input":"required name=search_term_string"}],"inLanguage":"et"}]}},"coauthors":[],"author_meta":{"author_link":"https:\/\/visitsouthestonia.com\/community\/author\/kaisa-timmi\/","display_name":"Meeri"},"relative_dates":{"created":"Posted 3 aastat ago","modified":"Updated 2 aastat ago"},"absolute_dates":{"created":"Posted on 16. mai 2023","modified":"Updated on 6. aug. 2024"},"absolute_dates_time":{"created":"Posted on 16. mai 2023 09:27","modified":"Updated on 6. aug. 2024 09:50"},"featured_img_caption":"","featured_img":false,"series_order":"","_links":{"self":[{"href":"https:\/\/visitsouthestonia.com\/community\/wp-json\/wp\/v2\/pages\/12138"}],"collection":[{"href":"https:\/\/visitsouthestonia.com\/community\/wp-json\/wp\/v2\/pages"}],"about":[{"href":"https:\/\/visitsouthestonia.com\/community\/wp-json\/wp\/v2\/types\/page"}],"author":[{"embeddable":true,"href":"https:\/\/visitsouthestonia.com\/community\/wp-json\/wp\/v2\/users\/211"}],"replies":[{"embeddable":true,"href":"https:\/\/visitsouthestonia.com\/community\/wp-json\/wp\/v2\/comments?post=12138"}],"version-history":[{"count":21,"href":"https:\/\/visitsouthestonia.com\/community\/wp-json\/wp\/v2\/pages\/12138\/revisions"}],"predecessor-version":[{"id":20920,"href":"https:\/\/visitsouthestonia.com\/community\/wp-json\/wp\/v2\/pages\/12138\/revisions\/20920"}],"up":[{"embeddable":true,"href":"https:\/\/visitsouthestonia.com\/community\/wp-json\/wp\/v2\/pages\/13841"}],"wp:attachment":[{"href":"https:\/\/visitsouthestonia.com\/community\/wp-json\/wp\/v2\/media?parent=12138"}],"curies":[{"name":"wp","href":"https:\/\/api.w.org\/{rel}","templated":true}]}}