{"id":12119,"date":"2023-05-16T21:01:21","date_gmt":"2023-05-16T18:01:21","guid":{"rendered":"https:\/\/visitsouthestonia.com\/community\/?page_id=12119"},"modified":"2024-08-26T14:46:48","modified_gmt":"2024-08-26T11:46:48","slug":"avastamata-antsla-aarded-jarved","status":"publish","type":"page","link":"https:\/\/visitsouthestonia.com\/community\/tartu-2024\/avastamata-antsla-aarded-jarved\/","title":{"rendered":"Avastamata Antsla aarded \u2013 j\u00e4rved"},"content":{"rendered":"\n<p class=\"has-text-align-right wp-el\"><a href=\"https:\/\/visitsouthestonia.com\/community\/en\/tartu-2024\/antslas-undiscovered-treasures-lakes\/\">&gt;&gt;&gt;ENG<\/a><\/p>\n\n\n\n<figure class=\"wp-block-image size-full\"><img decoding=\"async\" loading=\"lazy\" width=\"1200\" height=\"120\" src=\"https:\/\/visitsouthestonia.com\/community\/wp-content\/uploads\/2023\/05\/Untitled-design12.png\" alt=\"\" class=\"wp-image-12101\" srcset=\"https:\/\/visitsouthestonia.com\/community\/wp-content\/uploads\/2023\/05\/Untitled-design12.png 1200w, https:\/\/visitsouthestonia.com\/community\/wp-content\/uploads\/2023\/05\/Untitled-design12-768x77.png 768w, https:\/\/visitsouthestonia.com\/community\/wp-content\/uploads\/2023\/05\/Untitled-design12-350x35.png 350w, https:\/\/visitsouthestonia.com\/community\/wp-content\/uploads\/2023\/05\/Untitled-design12-1100x110.png 1100w, https:\/\/visitsouthestonia.com\/community\/wp-content\/uploads\/2023\/05\/Untitled-design12-230x23.png 230w, https:\/\/visitsouthestonia.com\/community\/wp-content\/uploads\/2023\/05\/Untitled-design12-210x21.png 210w, https:\/\/visitsouthestonia.com\/community\/wp-content\/uploads\/2023\/05\/Untitled-design12-188x19.png 188w, https:\/\/visitsouthestonia.com\/community\/wp-content\/uploads\/2023\/05\/Untitled-design12-370x37.png 370w\" sizes=\"(max-width: 1200px) 100vw, 1200px\" \/><\/figure>\n\n\n\n<h1 class=\"wp-block-heading wp-el\"><strong><strong><strong><strong><strong><strong>Antsla \u00fcllatab avastamata aaretega \u2013 kolm erilist j\u00e4rve!<\/strong><\/strong><\/strong><\/strong><\/strong><\/strong><\/h1>\n\n\n\n<div class=\"wp-block-advgb-columns advgb-columns-wrapper\" id=\"advgb-cols-bce4d8df-6507-493f-a976-9c4935175af7\"><div class=\"advgb-columns-container\"><div class=\"advgb-columns advgb-columns-row advgb-is-mobile advgb-columns-2 layout-12-12 mbl-layout-stacked vgutter-10\">\n<div class=\"wp-block-advgb-column advgb-column advgb-is-half-tablet advgb-is-full-mobile\" id=\"advgb-col-802e834d-6d6a-4312-a841-d14d7fd3b71b\"><div class=\"advgb-column-inner\" style=\"border-style:none;border-width:1px\">\n<p class=\"wp-el\">\u00dcks suvi, kaks p\u00e4eva, kolm j\u00e4rve \u2013 Antsla kandi t\u00e4hts\u00fcndmuseks kujuneb kultuuripealinna aastal kolme erilise j\u00e4rve avastamine. <\/p>\n\n\n\n<p class=\"wp-el\">Esimesel j\u00e4rvep\u00e4eval t\u00f5mbab t\u00e4helepanu Uhtj\u00e4rv oma kohap\u00e4rimuse ja j\u00e4rvekunstiga, mis j\u00f5uab publikuni vahetult ning ka multimeedia keeles. Teisel j\u00e4rvep\u00e4eval saab \u00c4hij\u00e4rve \u00e4\u00e4res kiigata kalade maailma ja \u00f5ppida traditsioonilisi oskusi ning k\u00e4sit\u00f6\u00f6v\u00f5tteid, paigata paati ja mekkida kalaroogasid. Sama j\u00e4rvep\u00e4eva \u00f5htul peibutab aga Boose j\u00e4rv, p\u00f5imides kunagise Linda kolhoosi kuldse kuke lugulaulu ja maailma loomisloo moodsa tehnoloogiaga. <\/p>\n\n\n\n<p class=\"wp-el\">Nii et igati poose v\u00e4rk, ja piisav p\u00f5hjus v\u00f5tta 2024. aasta 30.-31. augustil suund Antsla kanti!<\/p>\n\n\n\n<ul class=\"wp-el\">\n<li>30. august &#8211; <a href=\"https:\/\/tartu2024.ee\/programm\/uhtjarve-ookontsert-elina-nechayeva\/?event=65958\" target=\"_blank\" rel=\"noreferrer noopener\">Uhtj\u00e4rve \u00f6\u00f6kontsert \u2013 Elina Nechayeva<\/a><\/li>\n\n\n\n<li>31. august &#8211; <a href=\"https:\/\/tartu2024.ee\/programm\/ahijarve-perepaev\/?event=105500\" target=\"_blank\" rel=\"noreferrer noopener\">\u00c4hij\u00e4rve perep\u00e4ev<\/a><\/li>\n\n\n\n<li>31. august &#8211; <a href=\"https:\/\/tartu2024.ee\/programm\/elamusohtu-kirev-linda\/?event=104820\">Elamus\u00f5htu &#8216;Kirev Linda&#8217;<\/a><\/li>\n<\/ul>\n\n\n\n<p class=\"wp-el\"><\/p>\n<\/div><\/div>\n\n\n\n<div class=\"wp-block-advgb-column advgb-column advgb-is-half-tablet advgb-is-full-mobile\" id=\"advgb-col-452afa55-bb01-4a6f-8b83-abffb5e07408\"><div class=\"advgb-column-inner\" style=\"border-style:none;border-width:1px\">\n<p class=\"wp-el\"><img decoding=\"async\" loading=\"lazy\" width=\"128\" height=\"128\" class=\"wp-image-12103\" style=\"width: 20px;\" src=\"https:\/\/visitsouthestonia.com\/community\/wp-content\/uploads\/2023\/05\/roosa-nool-128x1281-1.png\" alt=\"\" srcset=\"https:\/\/visitsouthestonia.com\/community\/wp-content\/uploads\/2023\/05\/roosa-nool-128x1281-1.png 128w, https:\/\/visitsouthestonia.com\/community\/wp-content\/uploads\/2023\/05\/roosa-nool-128x1281-1-51x51.png 51w, https:\/\/visitsouthestonia.com\/community\/wp-content\/uploads\/2023\/05\/roosa-nool-128x1281-1-70x70.png 70w, https:\/\/visitsouthestonia.com\/community\/wp-content\/uploads\/2023\/05\/roosa-nool-128x1281-1-120x120.png 120w, https:\/\/visitsouthestonia.com\/community\/wp-content\/uploads\/2023\/05\/roosa-nool-128x1281-1-100x100.png 100w, https:\/\/visitsouthestonia.com\/community\/wp-content\/uploads\/2023\/05\/roosa-nool-128x1281-1-54x54.png 54w\" sizes=\"(max-width: 128px) 100vw, 128px\" \/> Toimumise aeg:  <strong>30.-31. august 2024<\/strong><\/p>\n\n\n\n<p class=\"wp-el\"><img decoding=\"async\" loading=\"lazy\" width=\"128\" height=\"128\" class=\"wp-image-12103\" style=\"width: 20px;\" src=\"https:\/\/visitsouthestonia.com\/community\/wp-content\/uploads\/2023\/05\/roosa-nool-128x1281-1.png\" alt=\"\" srcset=\"https:\/\/visitsouthestonia.com\/community\/wp-content\/uploads\/2023\/05\/roosa-nool-128x1281-1.png 128w, https:\/\/visitsouthestonia.com\/community\/wp-content\/uploads\/2023\/05\/roosa-nool-128x1281-1-51x51.png 51w, https:\/\/visitsouthestonia.com\/community\/wp-content\/uploads\/2023\/05\/roosa-nool-128x1281-1-70x70.png 70w, https:\/\/visitsouthestonia.com\/community\/wp-content\/uploads\/2023\/05\/roosa-nool-128x1281-1-120x120.png 120w, https:\/\/visitsouthestonia.com\/community\/wp-content\/uploads\/2023\/05\/roosa-nool-128x1281-1-100x100.png 100w, https:\/\/visitsouthestonia.com\/community\/wp-content\/uploads\/2023\/05\/roosa-nool-128x1281-1-54x54.png 54w\" sizes=\"(max-width: 128px) 100vw, 128px\" \/> Rohkem infot: <a href=\"https:\/\/www.facebook.com\/antslakultuurikeskus\" target=\"_blank\" rel=\"noreferrer noopener\">facebook.com\/antslakultuurikeskus<\/a><\/p>\n\n\n\n<p class=\"wp-el\"><img decoding=\"async\" loading=\"lazy\" width=\"128\" height=\"128\" class=\"wp-image-12103\" style=\"width: 20px;\" src=\"https:\/\/visitsouthestonia.com\/community\/wp-content\/uploads\/2023\/05\/roosa-nool-128x1281-1.png\" alt=\"\" srcset=\"https:\/\/visitsouthestonia.com\/community\/wp-content\/uploads\/2023\/05\/roosa-nool-128x1281-1.png 128w, https:\/\/visitsouthestonia.com\/community\/wp-content\/uploads\/2023\/05\/roosa-nool-128x1281-1-51x51.png 51w, https:\/\/visitsouthestonia.com\/community\/wp-content\/uploads\/2023\/05\/roosa-nool-128x1281-1-70x70.png 70w, https:\/\/visitsouthestonia.com\/community\/wp-content\/uploads\/2023\/05\/roosa-nool-128x1281-1-120x120.png 120w, https:\/\/visitsouthestonia.com\/community\/wp-content\/uploads\/2023\/05\/roosa-nool-128x1281-1-100x100.png 100w, https:\/\/visitsouthestonia.com\/community\/wp-content\/uploads\/2023\/05\/roosa-nool-128x1281-1-54x54.png 54w\" sizes=\"(max-width: 128px) 100vw, 128px\" \/> Kontakt: Helen Laidma, helen.laidma@antsla.ee, 55551918<\/p>\n\n\n\n<div class=\"wp-block-columns is-layout-flex wp-container-2 wp-block-columns-is-layout-flex\">\n<div class=\"wp-block-column is-layout-flow wp-block-column-is-layout-flow\" style=\"flex-basis:100%\">\n<figure class=\"wp-block-image size-full\"><img decoding=\"async\" loading=\"lazy\" width=\"1709\" height=\"2560\" src=\"https:\/\/visitsouthestonia.com\/community\/wp-content\/uploads\/2023\/06\/Antslaavastamataaarded-9-scaled.jpg\" alt=\"\" class=\"wp-image-13090\" style=\"object-fit:cover\" srcset=\"https:\/\/visitsouthestonia.com\/community\/wp-content\/uploads\/2023\/06\/Antslaavastamataaarded-9-scaled.jpg 1709w, https:\/\/visitsouthestonia.com\/community\/wp-content\/uploads\/2023\/06\/Antslaavastamataaarded-9-801x1200.jpg 801w, https:\/\/visitsouthestonia.com\/community\/wp-content\/uploads\/2023\/06\/Antslaavastamataaarded-9-768x1151.jpg 768w, https:\/\/visitsouthestonia.com\/community\/wp-content\/uploads\/2023\/06\/Antslaavastamataaarded-9-1025x1536.jpg 1025w, https:\/\/visitsouthestonia.com\/community\/wp-content\/uploads\/2023\/06\/Antslaavastamataaarded-9-1367x2048.jpg 1367w, https:\/\/visitsouthestonia.com\/community\/wp-content\/uploads\/2023\/06\/Antslaavastamataaarded-9-234x350.jpg 234w, https:\/\/visitsouthestonia.com\/community\/wp-content\/uploads\/2023\/06\/Antslaavastamataaarded-9-534x800.jpg 534w, https:\/\/visitsouthestonia.com\/community\/wp-content\/uploads\/2023\/06\/Antslaavastamataaarded-9-170x254.jpg 170w, https:\/\/visitsouthestonia.com\/community\/wp-content\/uploads\/2023\/06\/Antslaavastamataaarded-9-47x70.jpg 47w, https:\/\/visitsouthestonia.com\/community\/wp-content\/uploads\/2023\/06\/Antslaavastamataaarded-9-125x188.jpg 125w, https:\/\/visitsouthestonia.com\/community\/wp-content\/uploads\/2023\/06\/Antslaavastamataaarded-9-36x54.jpg 36w, https:\/\/visitsouthestonia.com\/community\/wp-content\/uploads\/2023\/06\/Antslaavastamataaarded-9-247x370.jpg 247w\" sizes=\"(max-width: 1709px) 100vw, 1709px\" \/><figcaption class=\"wp-element-caption\">Tarmo Tagamets ja Kaspar Kurve. Foto: Terje Atonen<\/figcaption><\/figure>\n<\/div>\n<\/div>\n<\/div><\/div>\n<\/div><\/div><\/div>\n\n\n\n<div class=\"wp-block-advgb-accordions advgb-accordions-de225317-edae-4c5f-8ba2-99b7f856e609 advgb-accordion-wrapper\" data-collapsed=\"true\">\n<div class=\"wp-block-advgb-accordion-item advgb-accordion-item\" style=\"margin-bottom:13px\"><div class=\"advgb-accordion-header\" style=\"background-color:#000;color:#eee;border-style:solid;border-width:1px;border-radius:2px\"><span class=\"advgb-accordion-header-icon\"><svg fill=\"#fff\" xmlns=\"http:\/\/www.w3.org\/2000\/svg\" width=\"24\" height=\"24\" viewBox=\"0 0 24 24\"><path opacity=\"0.87\" fill=\"none\" d=\"M24,24H0L0,0l24,0V24z\"><\/path><path d=\"M16.59,8.59L12,13.17L7.41,8.59L6,10l6,6l6-6L16.59,8.59z\"><\/path><\/svg><\/span><h3 class=\"advgb-accordion-header-title\" style=\"color:inherit\">V\u00f5rumaa s\u00fcndmused<\/h3><\/div><div class=\"advgb-accordion-body\" style=\"border-style:solid !important;border-width:1px !important;border-color:undefined !important;border-top:none !important;border-radius:2px !important\">\n<p class=\"wp-el\"><a href=\"https:\/\/visitsouthestonia.com\/community\/euroopa-kultuuripealinn-tartu-2024-louna-eesti-kogukonnaprogramm\/kogukonnafestival-mina-tean-kust-tuleb-minu-toit\/\" target=\"_blank\" rel=\"noreferrer noopener\">Kogukonnafestival \u201eMina tean, kust tuleb minu toit\u201d<\/a><\/p>\n\n\n\n<p class=\"wp-el\"><a href=\"https:\/\/visitsouthestonia.com\/community\/euroopa-kultuuripealinn-tartu-2024-louna-eesti-kogukonnaprogramm\/projekt-sanna\/\" target=\"_blank\" rel=\"noreferrer noopener\">Projekt \u201eSanna!\u201c<\/a><\/p>\n\n\n\n<p class=\"wp-el\"><a href=\"https:\/\/visitsouthestonia.com\/community\/euroopa-kultuuripealinn-tartu-2024-louna-eesti-kogukonnaprogramm\/kagu-eesti-kultuuri-ja-inspiratsioonifestival-loovus-loob-lootust\/\" target=\"_blank\" rel=\"noreferrer noopener\">Kagu-Eesti kultuuri- ja inspiratsioonifestival \u201eLoovus loob lootust!\u201c<\/a><\/p>\n\n\n\n<p class=\"wp-el\"><a href=\"https:\/\/visitsouthestonia.com\/community\/euroopa-kultuuripealinn-tartu-2024-louna-eesti-kogukonnaprogramm\/navi-kula-kogukonnafestival-2024\/\" target=\"_blank\" rel=\"noreferrer noopener\">Navi k\u00fcla kogukonnafestival 2024<\/a><\/p>\n<\/div><\/div>\n<\/div>\n\n\n\n<p class=\"wp-el\"><img decoding=\"async\" loading=\"lazy\" width=\"128\" height=\"128\" class=\"wp-image-12016\" style=\"width: 20px;\" src=\"https:\/\/visitsouthestonia.com\/community\/wp-content\/uploads\/2023\/05\/must-nool.png\" alt=\"\" srcset=\"https:\/\/visitsouthestonia.com\/community\/wp-content\/uploads\/2023\/05\/must-nool.png 128w, https:\/\/visitsouthestonia.com\/community\/wp-content\/uploads\/2023\/05\/must-nool-51x51.png 51w, https:\/\/visitsouthestonia.com\/community\/wp-content\/uploads\/2023\/05\/must-nool-70x70.png 70w, https:\/\/visitsouthestonia.com\/community\/wp-content\/uploads\/2023\/05\/must-nool-120x120.png 120w, https:\/\/visitsouthestonia.com\/community\/wp-content\/uploads\/2023\/05\/must-nool-100x100.png 100w, https:\/\/visitsouthestonia.com\/community\/wp-content\/uploads\/2023\/05\/must-nool-54x54.png 54w\" sizes=\"(max-width: 128px) 100vw, 128px\" \/> Rohkem infot <a href=\"https:\/\/visitsouthestonia.com\/community\/tartu-2024\/\">Euroopa kultuuripealinn Tartu 2024 L\u00f5una-Eesti kogukonnaprogrammist<\/a><\/p>\n<style class=\"advgb-styles-renderer\">#advgb-cols-bce4d8df-6507-493f-a976-9c4935175af7{}@media screen and (max-width: 1023px) {#advgb-cols-bce4d8df-6507-493f-a976-9c4935175af7{}}@media screen and (max-width: 767px) {#advgb-cols-bce4d8df-6507-493f-a976-9c4935175af7{}}#advgb-col-802e834d-6d6a-4312-a841-d14d7fd3b71b>.advgb-column-inner{}@media screen and (max-width: 1023px) {#advgb-col-802e834d-6d6a-4312-a841-d14d7fd3b71b>.advgb-column-inner{}}@media screen and (max-width: 767px) {#advgb-col-802e834d-6d6a-4312-a841-d14d7fd3b71b>.advgb-column-inner{}}#advgb-col-452afa55-bb01-4a6f-8b83-abffb5e07408>.advgb-column-inner{}@media screen and (max-width: 1023px) {#advgb-col-452afa55-bb01-4a6f-8b83-abffb5e07408>.advgb-column-inner{}}@media screen and (max-width: 767px) {#advgb-col-452afa55-bb01-4a6f-8b83-abffb5e07408>.advgb-column-inner{}}<\/style>","protected":false},"excerpt":{"rendered":"<p>&gt;&gt;&gt;ENG Antsla \u00fcllatab avastamata aaretega \u2013 kolm erilist j\u00e4rve! Rohkem infot Euroopa kultuuripealinn Tartu 2024 L\u00f5una-Eesti kogukonnaprogrammist<\/p>\n","protected":false},"author":211,"featured_media":0,"parent":13841,"menu_order":0,"comment_status":"closed","ping_status":"closed","template":"","meta":{"advgb_blocks_editor_width":"","advgb_blocks_columns_visual_guide":"","footnotes":"","_links_to":"","_links_to_target":""},"acf":[],"yoast_head":"<!-- This site is optimized with the Yoast SEO plugin v21.4 - https:\/\/yoast.com\/wordpress\/plugins\/seo\/ -->\n<title>Avastamata Antsla aarded \u2013 j\u00e4rved - visitsouthestonia<\/title>\n<meta name=\"robots\" content=\"index, follow, max-snippet:-1, max-image-preview:large, max-video-preview:-1\" \/>\n<link rel=\"canonical\" href=\"https:\/\/visitsouthestonia.com\/tartu-2024\/avastamata-antsla-aarded-jarved\/\" \/>\n<meta property=\"og:locale\" content=\"et_EE\" \/>\n<meta property=\"og:type\" content=\"article\" \/>\n<meta property=\"og:title\" content=\"Avastamata Antsla aarded \u2013 j\u00e4rved - visitsouthestonia\" \/>\n<meta property=\"og:description\" content=\"&gt;&gt;&gt;ENG Antsla \u00fcllatab avastamata aaretega \u2013 kolm erilist j\u00e4rve! Rohkem infot Euroopa kultuuripealinn Tartu 2024 L\u00f5una-Eesti kogukonnaprogrammist\" \/>\n<meta property=\"og:url\" content=\"https:\/\/visitsouthestonia.com\/tartu-2024\/avastamata-antsla-aarded-jarved\/\" \/>\n<meta property=\"og:site_name\" content=\"visitsouthestonia\" \/>\n<meta property=\"article:modified_time\" content=\"2024-08-26T11:46:48+00:00\" \/>\n<meta property=\"og:image\" content=\"https:\/\/visitsouthestonia.com\/wp-content\/uploads\/2023\/05\/Untitled-design12.png\" \/>\n<meta name=\"twitter:card\" content=\"summary_large_image\" \/>\n<meta name=\"twitter:label1\" content=\"Est. reading time\" \/>\n\t<meta name=\"twitter:data1\" content=\"3 minutit\" \/>\n<script type=\"application\/ld+json\" class=\"yoast-schema-graph\">{\"@context\":\"https:\/\/schema.org\",\"@graph\":[{\"@type\":\"WebPage\",\"@id\":\"https:\/\/visitsouthestonia.com\/tartu-2024\/avastamata-antsla-aarded-jarved\/\",\"url\":\"https:\/\/visitsouthestonia.com\/tartu-2024\/avastamata-antsla-aarded-jarved\/\",\"name\":\"Avastamata Antsla aarded \u2013 j\u00e4rved - visitsouthestonia\",\"isPartOf\":{\"@id\":\"https:\/\/visitsouthestonia.com\/community\/#website\"},\"datePublished\":\"2023-05-16T18:01:21+00:00\",\"dateModified\":\"2024-08-26T11:46:48+00:00\",\"breadcrumb\":{\"@id\":\"https:\/\/visitsouthestonia.com\/tartu-2024\/avastamata-antsla-aarded-jarved\/#breadcrumb\"},\"inLanguage\":\"et\",\"potentialAction\":[{\"@type\":\"ReadAction\",\"target\":[\"https:\/\/visitsouthestonia.com\/tartu-2024\/avastamata-antsla-aarded-jarved\/\"]}]},{\"@type\":\"BreadcrumbList\",\"@id\":\"https:\/\/visitsouthestonia.com\/tartu-2024\/avastamata-antsla-aarded-jarved\/#breadcrumb\",\"itemListElement\":[{\"@type\":\"ListItem\",\"position\":1,\"name\":\"Tartu 2024 L\u00f5una-Eesti kogukonnaprogramm\",\"item\":\"https:\/\/visitsouthestonia.com\/tartu-2024\/\"},{\"@type\":\"ListItem\",\"position\":2,\"name\":\"Avastamata Antsla aarded \u2013 j\u00e4rved\"}]},{\"@type\":\"WebSite\",\"@id\":\"https:\/\/visitsouthestonia.com\/community\/#website\",\"url\":\"https:\/\/visitsouthestonia.com\/community\/\",\"name\":\"visitsouthestonia\",\"description\":\"Parim puhkus veeda L\u00f5una-Eestis!\",\"potentialAction\":[{\"@type\":\"SearchAction\",\"target\":{\"@type\":\"EntryPoint\",\"urlTemplate\":\"https:\/\/visitsouthestonia.com\/community\/?s={search_term_string}\"},\"query-input\":\"required name=search_term_string\"}],\"inLanguage\":\"et\"}]}<\/script>\n<!-- \/ Yoast SEO plugin. -->","yoast_head_json":{"title":"Avastamata Antsla aarded \u2013 j\u00e4rved - visitsouthestonia","robots":{"index":"index","follow":"follow","max-snippet":"max-snippet:-1","max-image-preview":"max-image-preview:large","max-video-preview":"max-video-preview:-1"},"canonical":"https:\/\/visitsouthestonia.com\/tartu-2024\/avastamata-antsla-aarded-jarved\/","og_locale":"et_EE","og_type":"article","og_title":"Avastamata Antsla aarded \u2013 j\u00e4rved - visitsouthestonia","og_description":"&gt;&gt;&gt;ENG Antsla \u00fcllatab avastamata aaretega \u2013 kolm erilist j\u00e4rve! Rohkem infot Euroopa kultuuripealinn Tartu 2024 L\u00f5una-Eesti kogukonnaprogrammist","og_url":"https:\/\/visitsouthestonia.com\/tartu-2024\/avastamata-antsla-aarded-jarved\/","og_site_name":"visitsouthestonia","article_modified_time":"2024-08-26T11:46:48+00:00","og_image":[{"url":"https:\/\/visitsouthestonia.com\/wp-content\/uploads\/2023\/05\/Untitled-design12.png"}],"twitter_card":"summary_large_image","twitter_misc":{"Est. reading time":"3 minutit"},"schema":{"@context":"https:\/\/schema.org","@graph":[{"@type":"WebPage","@id":"https:\/\/visitsouthestonia.com\/tartu-2024\/avastamata-antsla-aarded-jarved\/","url":"https:\/\/visitsouthestonia.com\/tartu-2024\/avastamata-antsla-aarded-jarved\/","name":"Avastamata Antsla aarded \u2013 j\u00e4rved - visitsouthestonia","isPartOf":{"@id":"https:\/\/visitsouthestonia.com\/community\/#website"},"datePublished":"2023-05-16T18:01:21+00:00","dateModified":"2024-08-26T11:46:48+00:00","breadcrumb":{"@id":"https:\/\/visitsouthestonia.com\/tartu-2024\/avastamata-antsla-aarded-jarved\/#breadcrumb"},"inLanguage":"et","potentialAction":[{"@type":"ReadAction","target":["https:\/\/visitsouthestonia.com\/tartu-2024\/avastamata-antsla-aarded-jarved\/"]}]},{"@type":"BreadcrumbList","@id":"https:\/\/visitsouthestonia.com\/tartu-2024\/avastamata-antsla-aarded-jarved\/#breadcrumb","itemListElement":[{"@type":"ListItem","position":1,"name":"Tartu 2024 L\u00f5una-Eesti kogukonnaprogramm","item":"https:\/\/visitsouthestonia.com\/tartu-2024\/"},{"@type":"ListItem","position":2,"name":"Avastamata Antsla aarded \u2013 j\u00e4rved"}]},{"@type":"WebSite","@id":"https:\/\/visitsouthestonia.com\/community\/#website","url":"https:\/\/visitsouthestonia.com\/community\/","name":"visitsouthestonia","description":"Parim puhkus veeda L\u00f5una-Eestis!","potentialAction":[{"@type":"SearchAction","target":{"@type":"EntryPoint","urlTemplate":"https:\/\/visitsouthestonia.com\/community\/?s={search_term_string}"},"query-input":"required name=search_term_string"}],"inLanguage":"et"}]}},"coauthors":[],"author_meta":{"author_link":"https:\/\/visitsouthestonia.com\/community\/author\/kaisa-timmi\/","display_name":"Meeri"},"relative_dates":{"created":"Posted 3 aastat ago","modified":"Updated 2 aastat ago"},"absolute_dates":{"created":"Posted on 16. mai 2023","modified":"Updated on 26. aug. 2024"},"absolute_dates_time":{"created":"Posted on 16. mai 2023 09:01","modified":"Updated on 26. aug. 2024 02:46"},"featured_img_caption":"","featured_img":false,"series_order":"","_links":{"self":[{"href":"https:\/\/visitsouthestonia.com\/community\/wp-json\/wp\/v2\/pages\/12119"}],"collection":[{"href":"https:\/\/visitsouthestonia.com\/community\/wp-json\/wp\/v2\/pages"}],"about":[{"href":"https:\/\/visitsouthestonia.com\/community\/wp-json\/wp\/v2\/types\/page"}],"author":[{"embeddable":true,"href":"https:\/\/visitsouthestonia.com\/community\/wp-json\/wp\/v2\/users\/211"}],"replies":[{"embeddable":true,"href":"https:\/\/visitsouthestonia.com\/community\/wp-json\/wp\/v2\/comments?post=12119"}],"version-history":[{"count":12,"href":"https:\/\/visitsouthestonia.com\/community\/wp-json\/wp\/v2\/pages\/12119\/revisions"}],"predecessor-version":[{"id":21007,"href":"https:\/\/visitsouthestonia.com\/community\/wp-json\/wp\/v2\/pages\/12119\/revisions\/21007"}],"up":[{"embeddable":true,"href":"https:\/\/visitsouthestonia.com\/community\/wp-json\/wp\/v2\/pages\/13841"}],"wp:attachment":[{"href":"https:\/\/visitsouthestonia.com\/community\/wp-json\/wp\/v2\/media?parent=12119"}],"curies":[{"name":"wp","href":"https:\/\/api.w.org\/{rel}","templated":true}]}}