{"id":12113,"date":"2023-05-16T20:50:42","date_gmt":"2023-05-16T17:50:42","guid":{"rendered":"https:\/\/visitsouthestonia.com\/community\/?page_id=12113"},"modified":"2024-10-07T18:03:37","modified_gmt":"2024-10-07T15:03:37","slug":"projekt-sanna","status":"publish","type":"page","link":"https:\/\/visitsouthestonia.com\/community\/tartu-2024\/projekt-sanna\/","title":{"rendered":"Avatud saunade n\u00e4dalavahetus  \u201eSanna!\u201c"},"content":{"rendered":"\n<p class=\"has-text-align-right wp-el\"><a href=\"https:\/\/visitsouthestonia.com\/community\/en\/tartu-2024\/rouge-project-its-sauna-time\/\">&gt;&gt;&gt;ENG<\/a><\/p>\n\n\n\n<figure class=\"wp-block-image size-full\"><img decoding=\"async\" loading=\"lazy\" width=\"1200\" height=\"120\" src=\"https:\/\/visitsouthestonia.com\/community\/wp-content\/uploads\/2023\/05\/Untitled-design12.png\" alt=\"\" class=\"wp-image-12101\" srcset=\"https:\/\/visitsouthestonia.com\/community\/wp-content\/uploads\/2023\/05\/Untitled-design12.png 1200w, https:\/\/visitsouthestonia.com\/community\/wp-content\/uploads\/2023\/05\/Untitled-design12-768x77.png 768w, https:\/\/visitsouthestonia.com\/community\/wp-content\/uploads\/2023\/05\/Untitled-design12-350x35.png 350w, https:\/\/visitsouthestonia.com\/community\/wp-content\/uploads\/2023\/05\/Untitled-design12-1100x110.png 1100w, https:\/\/visitsouthestonia.com\/community\/wp-content\/uploads\/2023\/05\/Untitled-design12-230x23.png 230w, https:\/\/visitsouthestonia.com\/community\/wp-content\/uploads\/2023\/05\/Untitled-design12-210x21.png 210w, https:\/\/visitsouthestonia.com\/community\/wp-content\/uploads\/2023\/05\/Untitled-design12-188x19.png 188w, https:\/\/visitsouthestonia.com\/community\/wp-content\/uploads\/2023\/05\/Untitled-design12-370x37.png 370w\" sizes=\"(max-width: 1200px) 100vw, 1200px\" \/><\/figure>\n\n\n\n<h1 class=\"wp-block-heading wp-el\"><strong><strong><strong><strong><strong>R\u00f5uge kandi saunapered h\u00f5ikavad \u201eSanna!\u201c<\/strong><\/strong><\/strong><\/strong><\/strong><\/h1>\n\n\n\n<div class=\"wp-block-advgb-columns advgb-columns-wrapper\" id=\"advgb-cols-6e445c51-4598-4a2f-baf2-fdec02f061ac\"><div class=\"advgb-columns-container\"><div class=\"advgb-columns advgb-columns-row advgb-is-mobile advgb-columns-2 layout-12-12 mbl-layout-stacked vgutter-10\">\n<div class=\"wp-block-advgb-column advgb-column advgb-is-half-tablet advgb-is-full-mobile\" id=\"advgb-col-2404f943-d164-456f-9dd8-45c883089349\"><div class=\"advgb-column-inner\" style=\"border-style:none;border-width:1px\">\n<p class=\"wp-el\">R\u00f5uge valla saunapered avavad oktoobris k\u00f5igile huvilistele oma kodusaunade uksed. <\/p>\n\n\n\n<p class=\"wp-el\">Oktoobri l\u00f5pus k\u00f6etakse R\u00f5uge kandi kuplite ja j\u00e4rvesilmade vahel kuumaks ligi poolsada eriilmelist sauna \u2013 saunar\u00f5\u00f5mu kogemiseks koos pererahvaga, t\u00f6\u00f6tubadeks, saunakraami m\u00fc\u00fcgiks, samuti kohaliku saunap\u00e4rimuse ja eluviisiga tutvumiseks.<\/p>\n\n\n\n<p class=\"wp-el\">PRESSITEADE 7.10.2024: <a href=\"https:\/\/rouge.kovtp.ee\/et\/uudised-ja-teated\/-\/asset_publisher\/zJS5QhIpcwvl\/content\/id\/41232032?redirect=https%3A%2F%2Frouge.kovtp.ee\" target=\"_blank\" rel=\"noreferrer noopener\">SANNA! Avatud saunad ja vihtlemispidu R\u00f5uge vallas taas 19.\u201320. oktoobril<\/a><\/p>\n<\/div><\/div>\n\n\n\n<div class=\"wp-block-advgb-column advgb-column advgb-is-half-tablet advgb-is-full-mobile\" id=\"advgb-col-2059734b-a281-41ad-a48f-70ade7a901bb\"><div class=\"advgb-column-inner\" style=\"border-style:none;border-width:1px\">\n<p class=\"wp-el\"><img decoding=\"async\" loading=\"lazy\" width=\"128\" height=\"128\" class=\"wp-image-12103\" style=\"width: 20px;\" src=\"https:\/\/visitsouthestonia.com\/community\/wp-content\/uploads\/2023\/05\/roosa-nool-128x1281-1.png\" alt=\"\" srcset=\"https:\/\/visitsouthestonia.com\/community\/wp-content\/uploads\/2023\/05\/roosa-nool-128x1281-1.png 128w, https:\/\/visitsouthestonia.com\/community\/wp-content\/uploads\/2023\/05\/roosa-nool-128x1281-1-51x51.png 51w, https:\/\/visitsouthestonia.com\/community\/wp-content\/uploads\/2023\/05\/roosa-nool-128x1281-1-70x70.png 70w, https:\/\/visitsouthestonia.com\/community\/wp-content\/uploads\/2023\/05\/roosa-nool-128x1281-1-120x120.png 120w, https:\/\/visitsouthestonia.com\/community\/wp-content\/uploads\/2023\/05\/roosa-nool-128x1281-1-100x100.png 100w, https:\/\/visitsouthestonia.com\/community\/wp-content\/uploads\/2023\/05\/roosa-nool-128x1281-1-54x54.png 54w\" sizes=\"(max-width: 128px) 100vw, 128px\" \/> Toimumise aeg: <strong>20.-22. oktoober 2023<\/strong> ja <strong>19. &#8211; 20. oktoober 2024<\/strong><\/p>\n\n\n\n<p class=\"wp-el\"><img decoding=\"async\" loading=\"lazy\" width=\"128\" height=\"128\" class=\"wp-image-12103\" style=\"width: 20px;\" src=\"https:\/\/visitsouthestonia.com\/community\/wp-content\/uploads\/2023\/05\/roosa-nool-128x1281-1.png\" alt=\"\" srcset=\"https:\/\/visitsouthestonia.com\/community\/wp-content\/uploads\/2023\/05\/roosa-nool-128x1281-1.png 128w, https:\/\/visitsouthestonia.com\/community\/wp-content\/uploads\/2023\/05\/roosa-nool-128x1281-1-51x51.png 51w, https:\/\/visitsouthestonia.com\/community\/wp-content\/uploads\/2023\/05\/roosa-nool-128x1281-1-70x70.png 70w, https:\/\/visitsouthestonia.com\/community\/wp-content\/uploads\/2023\/05\/roosa-nool-128x1281-1-120x120.png 120w, https:\/\/visitsouthestonia.com\/community\/wp-content\/uploads\/2023\/05\/roosa-nool-128x1281-1-100x100.png 100w, https:\/\/visitsouthestonia.com\/community\/wp-content\/uploads\/2023\/05\/roosa-nool-128x1281-1-54x54.png 54w\" sizes=\"(max-width: 128px) 100vw, 128px\" \/> Rohkem infot: <a href=\"https:\/\/visitrouge.com\/sanna-2024\/\" target=\"_blank\" rel=\"noreferrer noopener\">visitrouge.com\/sanna-2024\/<\/a><\/p>\n\n\n\n<p class=\"wp-el\"><img decoding=\"async\" loading=\"lazy\" width=\"128\" height=\"128\" class=\"wp-image-12103\" style=\"width: 20px;\" src=\"https:\/\/visitsouthestonia.com\/community\/wp-content\/uploads\/2023\/05\/roosa-nool-128x1281-1.png\" alt=\"\" srcset=\"https:\/\/visitsouthestonia.com\/community\/wp-content\/uploads\/2023\/05\/roosa-nool-128x1281-1.png 128w, https:\/\/visitsouthestonia.com\/community\/wp-content\/uploads\/2023\/05\/roosa-nool-128x1281-1-51x51.png 51w, https:\/\/visitsouthestonia.com\/community\/wp-content\/uploads\/2023\/05\/roosa-nool-128x1281-1-70x70.png 70w, https:\/\/visitsouthestonia.com\/community\/wp-content\/uploads\/2023\/05\/roosa-nool-128x1281-1-120x120.png 120w, https:\/\/visitsouthestonia.com\/community\/wp-content\/uploads\/2023\/05\/roosa-nool-128x1281-1-100x100.png 100w, https:\/\/visitsouthestonia.com\/community\/wp-content\/uploads\/2023\/05\/roosa-nool-128x1281-1-54x54.png 54w\" sizes=\"(max-width: 128px) 100vw, 128px\" \/> Sotsiaalmeedia: <a href=\"https:\/\/www.facebook.com\/events\/439508341849496\" target=\"_blank\" rel=\"noreferrer noopener\">facebook.com\/events<\/a><\/p>\n\n\n\n<p class=\"wp-el\"><img decoding=\"async\" loading=\"lazy\" width=\"128\" height=\"128\" class=\"wp-image-12103\" style=\"width: 20px;\" src=\"https:\/\/visitsouthestonia.com\/community\/wp-content\/uploads\/2023\/05\/roosa-nool-128x1281-1.png\" alt=\"\" srcset=\"https:\/\/visitsouthestonia.com\/community\/wp-content\/uploads\/2023\/05\/roosa-nool-128x1281-1.png 128w, https:\/\/visitsouthestonia.com\/community\/wp-content\/uploads\/2023\/05\/roosa-nool-128x1281-1-51x51.png 51w, https:\/\/visitsouthestonia.com\/community\/wp-content\/uploads\/2023\/05\/roosa-nool-128x1281-1-70x70.png 70w, https:\/\/visitsouthestonia.com\/community\/wp-content\/uploads\/2023\/05\/roosa-nool-128x1281-1-120x120.png 120w, https:\/\/visitsouthestonia.com\/community\/wp-content\/uploads\/2023\/05\/roosa-nool-128x1281-1-100x100.png 100w, https:\/\/visitsouthestonia.com\/community\/wp-content\/uploads\/2023\/05\/roosa-nool-128x1281-1-54x54.png 54w\" sizes=\"(max-width: 128px) 100vw, 128px\" \/> Kontakt: Eda Veeroja, eda.veeroja@gmail.com, 503 2341<\/p>\n\n\n\n<div class=\"wp-block-columns is-layout-flex wp-container-2 wp-block-columns-is-layout-flex\">\n<div class=\"wp-block-column is-layout-flow wp-block-column-is-layout-flow\" style=\"flex-basis:100%\">\n<figure class=\"wp-block-image size-large is-resized\"><img decoding=\"async\" loading=\"lazy\" width=\"921\" height=\"1200\" src=\"https:\/\/visitsouthestonia.com\/community\/wp-content\/uploads\/2023\/06\/SANNA-3-921x1200.jpg\" alt=\"\" class=\"wp-image-13145\" style=\"width:591px;height:800px\" srcset=\"https:\/\/visitsouthestonia.com\/community\/wp-content\/uploads\/2023\/06\/SANNA-3-921x1200.jpg 921w, https:\/\/visitsouthestonia.com\/community\/wp-content\/uploads\/2023\/06\/SANNA-3-768x1001.jpg 768w, https:\/\/visitsouthestonia.com\/community\/wp-content\/uploads\/2023\/06\/SANNA-3-1178x1536.jpg 1178w, https:\/\/visitsouthestonia.com\/community\/wp-content\/uploads\/2023\/06\/SANNA-3-1571x2048.jpg 1571w, https:\/\/visitsouthestonia.com\/community\/wp-content\/uploads\/2023\/06\/SANNA-3-269x350.jpg 269w, https:\/\/visitsouthestonia.com\/community\/wp-content\/uploads\/2023\/06\/SANNA-3-614x800.jpg 614w, https:\/\/visitsouthestonia.com\/community\/wp-content\/uploads\/2023\/06\/SANNA-3-195x254.jpg 195w, https:\/\/visitsouthestonia.com\/community\/wp-content\/uploads\/2023\/06\/SANNA-3-54x70.jpg 54w, https:\/\/visitsouthestonia.com\/community\/wp-content\/uploads\/2023\/06\/SANNA-3-144x188.jpg 144w, https:\/\/visitsouthestonia.com\/community\/wp-content\/uploads\/2023\/06\/SANNA-3-41x54.jpg 41w, https:\/\/visitsouthestonia.com\/community\/wp-content\/uploads\/2023\/06\/SANNA-3-284x370.jpg 284w, https:\/\/visitsouthestonia.com\/community\/wp-content\/uploads\/2023\/06\/SANNA-3-scaled.jpg 1964w\" sizes=\"(max-width: 921px) 100vw, 921px\" \/><figcaption class=\"wp-element-caption\">Vahur Veeroja ja Eda Veeroja. Foto: Terje Atonen<br><\/figcaption><\/figure>\n<\/div>\n<\/div>\n<\/div><\/div>\n<\/div><\/div><\/div>\n\n\n\n<div class=\"wp-block-advgb-accordions advgb-accordions-adafe1a1-c259-4ac3-bed9-f15fa776e82a advgb-accordion-wrapper\" data-collapsed=\"true\">\n<div class=\"wp-block-advgb-accordion-item advgb-accordion-item\" style=\"margin-bottom:13px\"><div class=\"advgb-accordion-header\" style=\"background-color:#000;color:#eee;border-style:solid;border-width:1px;border-radius:2px\"><span class=\"advgb-accordion-header-icon\"><svg fill=\"#fff\" xmlns=\"http:\/\/www.w3.org\/2000\/svg\" width=\"24\" height=\"24\" viewBox=\"0 0 24 24\"><path opacity=\"0.87\" fill=\"none\" d=\"M24,24H0L0,0l24,0V24z\"><\/path><path d=\"M16.59,8.59L12,13.17L7.41,8.59L6,10l6,6l6-6L16.59,8.59z\"><\/path><\/svg><\/span><h3 class=\"advgb-accordion-header-title\" style=\"color:inherit\">V\u00f5rumaa s\u00fcndmused<\/h3><\/div><div class=\"advgb-accordion-body\" style=\"border-style:solid !important;border-width:1px !important;border-color:undefined !important;border-top:none !important;border-radius:2px !important\">\n<p class=\"wp-el\"><a href=\"https:\/\/visitsouthestonia.com\/community\/euroopa-kultuuripealinn-tartu-2024-louna-eesti-kogukonnaprogramm\/kogukonnafestival-mina-tean-kust-tuleb-minu-toit\/\" target=\"_blank\" rel=\"noreferrer noopener\">Kogukonnafestival \u201eMina tean, kust tuleb minu toit\u201d<\/a><\/p>\n\n\n\n<p class=\"wp-el\"><a href=\"https:\/\/visitsouthestonia.com\/community\/euroopa-kultuuripealinn-tartu-2024-louna-eesti-kogukonnaprogramm\/kagu-eesti-kultuuri-ja-inspiratsioonifestival-loovus-loob-lootust\/\" target=\"_blank\" rel=\"noreferrer noopener\">Kagu-Eesti kultuuri- ja inspiratsioonifestival \u201eLoovus loob lootust!\u201c<\/a><\/p>\n\n\n\n<p class=\"wp-el\"><a href=\"https:\/\/visitsouthestonia.com\/community\/euroopa-kultuuripealinn-tartu-2024-louna-eesti-kogukonnaprogramm\/avastamata-antsla-aarded-jarved\/\" target=\"_blank\" rel=\"noreferrer noopener\">Avastamata Antsla aarded \u2013 j\u00e4rved<\/a><\/p>\n\n\n\n<p class=\"wp-el\"><a href=\"https:\/\/visitsouthestonia.com\/community\/euroopa-kultuuripealinn-tartu-2024-louna-eesti-kogukonnaprogramm\/navi-kula-kogukonnafestival-2024\/\" target=\"_blank\" rel=\"noreferrer noopener\">Navi k\u00fcla kogukonnafestival 2024<\/a><\/p>\n<\/div><\/div>\n<\/div>\n\n\n\n<p class=\"wp-el\"><img decoding=\"async\" loading=\"lazy\" width=\"128\" height=\"128\" class=\"wp-image-12016\" style=\"width: 20px;\" src=\"https:\/\/visitsouthestonia.com\/community\/wp-content\/uploads\/2023\/05\/must-nool.png\" alt=\"\" srcset=\"https:\/\/visitsouthestonia.com\/community\/wp-content\/uploads\/2023\/05\/must-nool.png 128w, https:\/\/visitsouthestonia.com\/community\/wp-content\/uploads\/2023\/05\/must-nool-51x51.png 51w, https:\/\/visitsouthestonia.com\/community\/wp-content\/uploads\/2023\/05\/must-nool-70x70.png 70w, https:\/\/visitsouthestonia.com\/community\/wp-content\/uploads\/2023\/05\/must-nool-120x120.png 120w, https:\/\/visitsouthestonia.com\/community\/wp-content\/uploads\/2023\/05\/must-nool-100x100.png 100w, https:\/\/visitsouthestonia.com\/community\/wp-content\/uploads\/2023\/05\/must-nool-54x54.png 54w\" sizes=\"(max-width: 128px) 100vw, 128px\" \/> Rohkem infot <a href=\"https:\/\/visitsouthestonia.com\/community\/tartu-2024\/\">Euroopa kultuuripealinn Tartu 2024 L\u00f5una-Eesti kogukonnaprogrammist<\/a><\/p>\n<style class=\"advgb-styles-renderer\">#advgb-cols-6e445c51-4598-4a2f-baf2-fdec02f061ac{}@media screen and (max-width: 1023px) {#advgb-cols-6e445c51-4598-4a2f-baf2-fdec02f061ac{}}@media screen and (max-width: 767px) {#advgb-cols-6e445c51-4598-4a2f-baf2-fdec02f061ac{}}#advgb-col-2404f943-d164-456f-9dd8-45c883089349>.advgb-column-inner{}@media screen and (max-width: 1023px) {#advgb-col-2404f943-d164-456f-9dd8-45c883089349>.advgb-column-inner{}}@media screen and (max-width: 767px) {#advgb-col-2404f943-d164-456f-9dd8-45c883089349>.advgb-column-inner{}}#advgb-col-2059734b-a281-41ad-a48f-70ade7a901bb>.advgb-column-inner{}@media screen and (max-width: 1023px) {#advgb-col-2059734b-a281-41ad-a48f-70ade7a901bb>.advgb-column-inner{}}@media screen and (max-width: 767px) {#advgb-col-2059734b-a281-41ad-a48f-70ade7a901bb>.advgb-column-inner{}}<\/style>","protected":false},"excerpt":{"rendered":"<p>&gt;&gt;&gt;ENG R\u00f5uge kandi saunapered h\u00f5ikavad \u201eSanna!\u201c Rohkem infot Euroopa kultuuripealinn Tartu 2024 L\u00f5una-Eesti kogukonnaprogrammist<\/p>\n","protected":false},"author":211,"featured_media":0,"parent":13841,"menu_order":0,"comment_status":"closed","ping_status":"closed","template":"","meta":{"advgb_blocks_editor_width":"","advgb_blocks_columns_visual_guide":"","footnotes":"","_links_to":"","_links_to_target":""},"acf":[],"yoast_head":"<!-- This site is optimized with the Yoast SEO plugin v21.4 - https:\/\/yoast.com\/wordpress\/plugins\/seo\/ -->\n<title>Avatud saunade n\u00e4dalavahetus \u201eSanna!\u201c - visitsouthestonia<\/title>\n<meta name=\"robots\" content=\"index, follow, max-snippet:-1, max-image-preview:large, max-video-preview:-1\" \/>\n<link rel=\"canonical\" href=\"https:\/\/visitsouthestonia.com\/tartu-2024\/projekt-sanna\/\" \/>\n<meta property=\"og:locale\" content=\"et_EE\" \/>\n<meta property=\"og:type\" content=\"article\" \/>\n<meta property=\"og:title\" content=\"Avatud saunade n\u00e4dalavahetus \u201eSanna!\u201c - visitsouthestonia\" \/>\n<meta property=\"og:description\" content=\"&gt;&gt;&gt;ENG R\u00f5uge kandi saunapered h\u00f5ikavad \u201eSanna!\u201c Rohkem infot Euroopa kultuuripealinn Tartu 2024 L\u00f5una-Eesti kogukonnaprogrammist\" \/>\n<meta property=\"og:url\" content=\"https:\/\/visitsouthestonia.com\/tartu-2024\/projekt-sanna\/\" \/>\n<meta property=\"og:site_name\" content=\"visitsouthestonia\" \/>\n<meta property=\"article:modified_time\" content=\"2024-10-07T15:03:37+00:00\" \/>\n<meta property=\"og:image\" content=\"https:\/\/visitsouthestonia.com\/wp-content\/uploads\/2023\/05\/Untitled-design12.png\" \/>\n<meta name=\"twitter:card\" content=\"summary_large_image\" \/>\n<meta name=\"twitter:label1\" content=\"Est. reading time\" \/>\n\t<meta name=\"twitter:data1\" content=\"3 minutit\" \/>\n<script type=\"application\/ld+json\" class=\"yoast-schema-graph\">{\"@context\":\"https:\/\/schema.org\",\"@graph\":[{\"@type\":\"WebPage\",\"@id\":\"https:\/\/visitsouthestonia.com\/tartu-2024\/projekt-sanna\/\",\"url\":\"https:\/\/visitsouthestonia.com\/tartu-2024\/projekt-sanna\/\",\"name\":\"Avatud saunade n\u00e4dalavahetus \u201eSanna!\u201c - visitsouthestonia\",\"isPartOf\":{\"@id\":\"https:\/\/visitsouthestonia.com\/community\/#website\"},\"datePublished\":\"2023-05-16T17:50:42+00:00\",\"dateModified\":\"2024-10-07T15:03:37+00:00\",\"breadcrumb\":{\"@id\":\"https:\/\/visitsouthestonia.com\/tartu-2024\/projekt-sanna\/#breadcrumb\"},\"inLanguage\":\"et\",\"potentialAction\":[{\"@type\":\"ReadAction\",\"target\":[\"https:\/\/visitsouthestonia.com\/tartu-2024\/projekt-sanna\/\"]}]},{\"@type\":\"BreadcrumbList\",\"@id\":\"https:\/\/visitsouthestonia.com\/tartu-2024\/projekt-sanna\/#breadcrumb\",\"itemListElement\":[{\"@type\":\"ListItem\",\"position\":1,\"name\":\"Tartu 2024 L\u00f5una-Eesti kogukonnaprogramm\",\"item\":\"https:\/\/visitsouthestonia.com\/tartu-2024\/\"},{\"@type\":\"ListItem\",\"position\":2,\"name\":\"Avatud saunade n\u00e4dalavahetus \u201eSanna!\u201c\"}]},{\"@type\":\"WebSite\",\"@id\":\"https:\/\/visitsouthestonia.com\/community\/#website\",\"url\":\"https:\/\/visitsouthestonia.com\/community\/\",\"name\":\"visitsouthestonia\",\"description\":\"Parim puhkus veeda L\u00f5una-Eestis!\",\"potentialAction\":[{\"@type\":\"SearchAction\",\"target\":{\"@type\":\"EntryPoint\",\"urlTemplate\":\"https:\/\/visitsouthestonia.com\/community\/?s={search_term_string}\"},\"query-input\":\"required name=search_term_string\"}],\"inLanguage\":\"et\"}]}<\/script>\n<!-- \/ Yoast SEO plugin. -->","yoast_head_json":{"title":"Avatud saunade n\u00e4dalavahetus \u201eSanna!\u201c - visitsouthestonia","robots":{"index":"index","follow":"follow","max-snippet":"max-snippet:-1","max-image-preview":"max-image-preview:large","max-video-preview":"max-video-preview:-1"},"canonical":"https:\/\/visitsouthestonia.com\/tartu-2024\/projekt-sanna\/","og_locale":"et_EE","og_type":"article","og_title":"Avatud saunade n\u00e4dalavahetus \u201eSanna!\u201c - visitsouthestonia","og_description":"&gt;&gt;&gt;ENG R\u00f5uge kandi saunapered h\u00f5ikavad \u201eSanna!\u201c Rohkem infot Euroopa kultuuripealinn Tartu 2024 L\u00f5una-Eesti kogukonnaprogrammist","og_url":"https:\/\/visitsouthestonia.com\/tartu-2024\/projekt-sanna\/","og_site_name":"visitsouthestonia","article_modified_time":"2024-10-07T15:03:37+00:00","og_image":[{"url":"https:\/\/visitsouthestonia.com\/wp-content\/uploads\/2023\/05\/Untitled-design12.png"}],"twitter_card":"summary_large_image","twitter_misc":{"Est. reading time":"3 minutit"},"schema":{"@context":"https:\/\/schema.org","@graph":[{"@type":"WebPage","@id":"https:\/\/visitsouthestonia.com\/tartu-2024\/projekt-sanna\/","url":"https:\/\/visitsouthestonia.com\/tartu-2024\/projekt-sanna\/","name":"Avatud saunade n\u00e4dalavahetus \u201eSanna!\u201c - visitsouthestonia","isPartOf":{"@id":"https:\/\/visitsouthestonia.com\/community\/#website"},"datePublished":"2023-05-16T17:50:42+00:00","dateModified":"2024-10-07T15:03:37+00:00","breadcrumb":{"@id":"https:\/\/visitsouthestonia.com\/tartu-2024\/projekt-sanna\/#breadcrumb"},"inLanguage":"et","potentialAction":[{"@type":"ReadAction","target":["https:\/\/visitsouthestonia.com\/tartu-2024\/projekt-sanna\/"]}]},{"@type":"BreadcrumbList","@id":"https:\/\/visitsouthestonia.com\/tartu-2024\/projekt-sanna\/#breadcrumb","itemListElement":[{"@type":"ListItem","position":1,"name":"Tartu 2024 L\u00f5una-Eesti kogukonnaprogramm","item":"https:\/\/visitsouthestonia.com\/tartu-2024\/"},{"@type":"ListItem","position":2,"name":"Avatud saunade n\u00e4dalavahetus \u201eSanna!\u201c"}]},{"@type":"WebSite","@id":"https:\/\/visitsouthestonia.com\/community\/#website","url":"https:\/\/visitsouthestonia.com\/community\/","name":"visitsouthestonia","description":"Parim puhkus veeda L\u00f5una-Eestis!","potentialAction":[{"@type":"SearchAction","target":{"@type":"EntryPoint","urlTemplate":"https:\/\/visitsouthestonia.com\/community\/?s={search_term_string}"},"query-input":"required name=search_term_string"}],"inLanguage":"et"}]}},"coauthors":[],"author_meta":{"author_link":"https:\/\/visitsouthestonia.com\/community\/author\/kaisa-timmi\/","display_name":"Meeri"},"relative_dates":{"created":"Posted 3 aastat ago","modified":"Updated 2 aastat ago"},"absolute_dates":{"created":"Posted on 16. mai 2023","modified":"Updated on 7. okt. 2024"},"absolute_dates_time":{"created":"Posted on 16. mai 2023 08:50","modified":"Updated on 7. okt. 2024 06:03"},"featured_img_caption":"","featured_img":false,"series_order":"","_links":{"self":[{"href":"https:\/\/visitsouthestonia.com\/community\/wp-json\/wp\/v2\/pages\/12113"}],"collection":[{"href":"https:\/\/visitsouthestonia.com\/community\/wp-json\/wp\/v2\/pages"}],"about":[{"href":"https:\/\/visitsouthestonia.com\/community\/wp-json\/wp\/v2\/types\/page"}],"author":[{"embeddable":true,"href":"https:\/\/visitsouthestonia.com\/community\/wp-json\/wp\/v2\/users\/211"}],"replies":[{"embeddable":true,"href":"https:\/\/visitsouthestonia.com\/community\/wp-json\/wp\/v2\/comments?post=12113"}],"version-history":[{"count":16,"href":"https:\/\/visitsouthestonia.com\/community\/wp-json\/wp\/v2\/pages\/12113\/revisions"}],"predecessor-version":[{"id":21178,"href":"https:\/\/visitsouthestonia.com\/community\/wp-json\/wp\/v2\/pages\/12113\/revisions\/21178"}],"up":[{"embeddable":true,"href":"https:\/\/visitsouthestonia.com\/community\/wp-json\/wp\/v2\/pages\/13841"}],"wp:attachment":[{"href":"https:\/\/visitsouthestonia.com\/community\/wp-json\/wp\/v2\/media?parent=12113"}],"curies":[{"name":"wp","href":"https:\/\/api.w.org\/{rel}","templated":true}]}}