{"id":12080,"date":"2023-05-16T19:43:02","date_gmt":"2023-05-16T16:43:02","guid":{"rendered":"https:\/\/visitsouthestonia.com\/community\/?page_id=12080"},"modified":"2024-07-21T10:29:28","modified_gmt":"2024-07-21T07:29:28","slug":"roosifestival-kaagjarvel","status":"publish","type":"page","link":"https:\/\/visitsouthestonia.com\/community\/tartu-2024\/roosifestival-kaagjarvel\/","title":{"rendered":"Roosifestival Kaagj\u00e4rvel"},"content":{"rendered":"\n<p class=\"has-text-align-right wp-el\"><a href=\"https:\/\/visitsouthestonia.com\/community\/en\/tartu-2024\/rose-festival-in-kaagjarve\/\">&gt;&gt;&gt;ENG<\/a><\/p>\n\n\n\n<figure class=\"wp-block-image size-full\"><img decoding=\"async\" loading=\"lazy\" width=\"1200\" height=\"120\" src=\"https:\/\/visitsouthestonia.com\/community\/wp-content\/uploads\/2023\/05\/Untitled-design11.png\" alt=\"\" class=\"wp-image-12032\" srcset=\"https:\/\/visitsouthestonia.com\/community\/wp-content\/uploads\/2023\/05\/Untitled-design11.png 1200w, https:\/\/visitsouthestonia.com\/community\/wp-content\/uploads\/2023\/05\/Untitled-design11-768x77.png 768w, https:\/\/visitsouthestonia.com\/community\/wp-content\/uploads\/2023\/05\/Untitled-design11-350x35.png 350w, https:\/\/visitsouthestonia.com\/community\/wp-content\/uploads\/2023\/05\/Untitled-design11-1100x110.png 1100w, https:\/\/visitsouthestonia.com\/community\/wp-content\/uploads\/2023\/05\/Untitled-design11-230x23.png 230w, https:\/\/visitsouthestonia.com\/community\/wp-content\/uploads\/2023\/05\/Untitled-design11-210x21.png 210w, https:\/\/visitsouthestonia.com\/community\/wp-content\/uploads\/2023\/05\/Untitled-design11-188x19.png 188w, https:\/\/visitsouthestonia.com\/community\/wp-content\/uploads\/2023\/05\/Untitled-design11-370x37.png 370w\" sizes=\"(max-width: 1200px) 100vw, 1200px\" \/><\/figure>\n\n\n\n<h1 class=\"wp-block-heading wp-el\"><strong><strong><strong>Kaagj\u00e4rve m\u00e4rgib end kaardile stiilse Roosifestivaliga<\/strong><\/strong><\/strong><\/h1>\n\n\n\n<div class=\"wp-block-advgb-columns advgb-columns-wrapper\" id=\"advgb-cols-d639429c-d73e-48c1-b0e1-ad1dc3ad9979\"><div class=\"advgb-columns-container\"><div class=\"advgb-columns advgb-columns-row advgb-is-mobile advgb-columns-2 layout-12-12 mbl-layout-stacked vgutter-10\">\n<div class=\"wp-block-advgb-column advgb-column advgb-is-half-tablet advgb-is-full-mobile\" id=\"advgb-col-2fa3ac1f-d6b4-4107-a461-56cf18fde1a7\"><div class=\"advgb-column-inner\" style=\"border-style:none;border-width:1px\">\n<p class=\"wp-el\">Kaagj\u00e4rve m\u00f5isas Valgamaal peetakse 27.-28. juulil 2024 Roosifestival \u2013 stiilne kogupere\u00fcritus, millele annavad n\u00e4o ja hinge kaunis muusika, tantsuetendused ning huvitavad t\u00f6\u00f6toad. <\/p>\n\n\n\n<p class=\"wp-el\">Roosifestivaliga \u00fchendab Kaagj\u00e4rve m\u00f5isapere oma unikaalse roosiaia ja kultuuri, esitledes t\u00f5usvaid t\u00e4hti ning peidetud talente. Festivalialal toimub Eesti-L\u00e4ti gurmee- ja roosilaat, kus pakuvad oma kaupa kohaliku toidu, k\u00e4sit\u00f6\u00f6 ja roosiistikute tootjad.\u00a0Festivaliks p\u00fcstitatud \u00fchep\u00e4evakohvikutes saab nautida parimaid L\u00f5una-Eesti maitseid. <\/p>\n\n\n\n<p class=\"wp-el\">Eels\u00fcndmus toimus 29. juuli 2023. Roosifestivali eels\u00fcndmuse kava n\u00e4eb <a href=\"https:\/\/roosifestival.ee\/\" target=\"_blank\" rel=\"noreferrer noopener\">siin<\/a>.<\/p>\n<\/div><\/div>\n\n\n\n<div class=\"wp-block-advgb-column advgb-column advgb-is-half-tablet advgb-is-full-mobile\" id=\"advgb-col-208694e9-2ae3-4730-a057-9cd6670e4312\"><div class=\"advgb-column-inner\" style=\"border-style:none;border-width:1px\">\n<p class=\"wp-el\"><img decoding=\"async\" loading=\"lazy\" width=\"128\" height=\"128\" class=\"wp-image-12010\" style=\"width: 20px;\" src=\"https:\/\/visitsouthestonia.com\/community\/wp-content\/uploads\/2023\/05\/erkroheline-nool.png\" alt=\"\" srcset=\"https:\/\/visitsouthestonia.com\/community\/wp-content\/uploads\/2023\/05\/erkroheline-nool.png 128w, https:\/\/visitsouthestonia.com\/community\/wp-content\/uploads\/2023\/05\/erkroheline-nool-51x51.png 51w, https:\/\/visitsouthestonia.com\/community\/wp-content\/uploads\/2023\/05\/erkroheline-nool-70x70.png 70w, https:\/\/visitsouthestonia.com\/community\/wp-content\/uploads\/2023\/05\/erkroheline-nool-120x120.png 120w, https:\/\/visitsouthestonia.com\/community\/wp-content\/uploads\/2023\/05\/erkroheline-nool-100x100.png 100w, https:\/\/visitsouthestonia.com\/community\/wp-content\/uploads\/2023\/05\/erkroheline-nool-54x54.png 54w\" sizes=\"(max-width: 128px) 100vw, 128px\" \/> Toimumise aeg:  <strong>27. juuli 2024 <\/strong><\/p>\n\n\n\n<p class=\"wp-el\"><img decoding=\"async\" loading=\"lazy\" width=\"128\" height=\"128\" class=\"wp-image-12010\" style=\"width: 20px;\" src=\"https:\/\/visitsouthestonia.com\/community\/wp-content\/uploads\/2023\/05\/erkroheline-nool.png\" alt=\"\" srcset=\"https:\/\/visitsouthestonia.com\/community\/wp-content\/uploads\/2023\/05\/erkroheline-nool.png 128w, https:\/\/visitsouthestonia.com\/community\/wp-content\/uploads\/2023\/05\/erkroheline-nool-51x51.png 51w, https:\/\/visitsouthestonia.com\/community\/wp-content\/uploads\/2023\/05\/erkroheline-nool-70x70.png 70w, https:\/\/visitsouthestonia.com\/community\/wp-content\/uploads\/2023\/05\/erkroheline-nool-120x120.png 120w, https:\/\/visitsouthestonia.com\/community\/wp-content\/uploads\/2023\/05\/erkroheline-nool-100x100.png 100w, https:\/\/visitsouthestonia.com\/community\/wp-content\/uploads\/2023\/05\/erkroheline-nool-54x54.png 54w\" sizes=\"(max-width: 128px) 100vw, 128px\" \/> Rohkem infot: <a href=\"https:\/\/roosifestival.ee\/\" target=\"_blank\" rel=\"noreferrer noopener\">roosifestival.ee<\/a><\/p>\n\n\n\n<p class=\"wp-el\"><img decoding=\"async\" loading=\"lazy\" width=\"128\" height=\"128\" class=\"wp-image-12010\" style=\"width: 20px;\" src=\"https:\/\/visitsouthestonia.com\/community\/wp-content\/uploads\/2023\/05\/erkroheline-nool.png\" alt=\"\" srcset=\"https:\/\/visitsouthestonia.com\/community\/wp-content\/uploads\/2023\/05\/erkroheline-nool.png 128w, https:\/\/visitsouthestonia.com\/community\/wp-content\/uploads\/2023\/05\/erkroheline-nool-51x51.png 51w, https:\/\/visitsouthestonia.com\/community\/wp-content\/uploads\/2023\/05\/erkroheline-nool-70x70.png 70w, https:\/\/visitsouthestonia.com\/community\/wp-content\/uploads\/2023\/05\/erkroheline-nool-120x120.png 120w, https:\/\/visitsouthestonia.com\/community\/wp-content\/uploads\/2023\/05\/erkroheline-nool-100x100.png 100w, https:\/\/visitsouthestonia.com\/community\/wp-content\/uploads\/2023\/05\/erkroheline-nool-54x54.png 54w\" sizes=\"(max-width: 128px) 100vw, 128px\" \/> Kontakt: Maritta Pillaroo, maritta.pillaroo@hotmail.com, 55570788<\/p>\n\n\n\n<div class=\"wp-block-columns is-layout-flex wp-container-2 wp-block-columns-is-layout-flex\">\n<div class=\"wp-block-column is-layout-flow wp-block-column-is-layout-flow\" style=\"flex-basis:100%\">\n<figure class=\"wp-block-image size-large\"><img decoding=\"async\" loading=\"lazy\" width=\"1200\" height=\"768\" src=\"https:\/\/visitsouthestonia.com\/community\/wp-content\/uploads\/2023\/08\/Roosifestival-50-1200x768.jpg\" alt=\"\" class=\"wp-image-13828\" srcset=\"https:\/\/visitsouthestonia.com\/community\/wp-content\/uploads\/2023\/08\/Roosifestival-50-1200x768.jpg 1200w, https:\/\/visitsouthestonia.com\/community\/wp-content\/uploads\/2023\/08\/Roosifestival-50-768x492.jpg 768w, https:\/\/visitsouthestonia.com\/community\/wp-content\/uploads\/2023\/08\/Roosifestival-50-1536x984.jpg 1536w, https:\/\/visitsouthestonia.com\/community\/wp-content\/uploads\/2023\/08\/Roosifestival-50-2048x1312.jpg 2048w, https:\/\/visitsouthestonia.com\/community\/wp-content\/uploads\/2023\/08\/Roosifestival-50-350x224.jpg 350w, https:\/\/visitsouthestonia.com\/community\/wp-content\/uploads\/2023\/08\/Roosifestival-50-1100x704.jpg 1100w, https:\/\/visitsouthestonia.com\/community\/wp-content\/uploads\/2023\/08\/Roosifestival-50-230x147.jpg 230w, https:\/\/visitsouthestonia.com\/community\/wp-content\/uploads\/2023\/08\/Roosifestival-50-109x70.jpg 109w, https:\/\/visitsouthestonia.com\/community\/wp-content\/uploads\/2023\/08\/Roosifestival-50-188x120.jpg 188w, https:\/\/visitsouthestonia.com\/community\/wp-content\/uploads\/2023\/08\/Roosifestival-50-84x54.jpg 84w, https:\/\/visitsouthestonia.com\/community\/wp-content\/uploads\/2023\/08\/Roosifestival-50-370x237.jpg 370w\" sizes=\"(max-width: 1200px) 100vw, 1200px\" \/><figcaption class=\"wp-element-caption\">Keidi Russak, Maritta Pillaroo, Mikk-Marken Jaanimets ja Riin Margus. Foto: Terje Atonen<\/figcaption><\/figure>\n<\/div>\n<\/div>\n<\/div><\/div>\n<\/div><\/div><\/div>\n\n\n\n<div class=\"wp-block-advgb-accordions advgb-accordions-895ccada-3016-492b-8a33-4a643b9d4c2b advgb-accordion-wrapper\" data-collapsed=\"true\">\n<div class=\"wp-block-advgb-accordion-item advgb-accordion-item\" style=\"margin-bottom:13px\"><div class=\"advgb-accordion-header\" style=\"background-color:#000;color:#eee;border-style:solid;border-width:1px;border-radius:2px\"><span class=\"advgb-accordion-header-icon\"><svg fill=\"#fff\" xmlns=\"http:\/\/www.w3.org\/2000\/svg\" width=\"24\" height=\"24\" viewBox=\"0 0 24 24\"><path opacity=\"0.87\" fill=\"none\" d=\"M24,24H0L0,0l24,0V24z\"><\/path><path d=\"M16.59,8.59L12,13.17L7.41,8.59L6,10l6,6l6-6L16.59,8.59z\"><\/path><\/svg><\/span><h3 class=\"advgb-accordion-header-title\" style=\"color:inherit\">Valgamaa s\u00fcndmused<\/h3><\/div><div class=\"advgb-accordion-body\" style=\"border-style:solid !important;border-width:1px !important;border-color:undefined !important;border-top:none !important;border-radius:2px !important\">\n<p class=\"wp-el\"><a href=\"https:\/\/visitsouthestonia.com\/community\/euroopa-kultuuripealinn-tartu-2024-louna-eesti-kogukonnaprogramm\/konverents-loovus-loob-lootust-valga-linnas\/\" target=\"_blank\" rel=\"noreferrer noopener\">Konverents \u201eLoo v\u00f5i loobu! Ruumiloome kui vaimse tervise alustala\u201c Valga linnas<\/a> <\/p>\n\n\n\n<p class=\"wp-el\"><a href=\"https:\/\/visitsouthestonia.com\/community\/euroopa-kultuuripealinn-tartu-2024-louna-eesti-kogukonnaprogramm\/maaliliste-maastike-vaartustamise-ja-jaadvustamise-matkasari-otepaal\/\" target=\"_blank\" rel=\"noreferrer noopener\">Maaliliste maastike v\u00e4\u00e4rtustamise ja j\u00e4\u00e4dvustamise matkasari Otep\u00e4\u00e4l <\/a><\/p>\n\n\n\n<p class=\"wp-el\"><a href=\"https:\/\/visitsouthestonia.com\/community\/euroopa-kultuuripealinn-tartu-2024-louna-eesti-kogukonnaprogramm\/labi-linna-valgavalka\/\" target=\"_blank\" rel=\"noreferrer noopener\">L\u00e4bi linna: Valga+Valka<\/a><\/p>\n<\/div><\/div>\n<\/div>\n\n\n\n<p class=\"wp-el\"><img decoding=\"async\" loading=\"lazy\" width=\"128\" height=\"128\" class=\"wp-image-12016\" style=\"width: 20px;\" src=\"https:\/\/visitsouthestonia.com\/community\/wp-content\/uploads\/2023\/05\/must-nool.png\" alt=\"\" srcset=\"https:\/\/visitsouthestonia.com\/community\/wp-content\/uploads\/2023\/05\/must-nool.png 128w, https:\/\/visitsouthestonia.com\/community\/wp-content\/uploads\/2023\/05\/must-nool-51x51.png 51w, https:\/\/visitsouthestonia.com\/community\/wp-content\/uploads\/2023\/05\/must-nool-70x70.png 70w, https:\/\/visitsouthestonia.com\/community\/wp-content\/uploads\/2023\/05\/must-nool-120x120.png 120w, https:\/\/visitsouthestonia.com\/community\/wp-content\/uploads\/2023\/05\/must-nool-100x100.png 100w, https:\/\/visitsouthestonia.com\/community\/wp-content\/uploads\/2023\/05\/must-nool-54x54.png 54w\" sizes=\"(max-width: 128px) 100vw, 128px\" \/> Rohkem infot <a href=\"https:\/\/visitsouthestonia.com\/community\/tartu-2024\/\">Euroopa kultuuripealinn Tartu 2024 L\u00f5una-Eesti kogukonnaprogrammist<\/a><\/p>\n<style class=\"advgb-styles-renderer\">#advgb-cols-d639429c-d73e-48c1-b0e1-ad1dc3ad9979{}@media screen and (max-width: 1023px) {#advgb-cols-d639429c-d73e-48c1-b0e1-ad1dc3ad9979{}}@media screen and (max-width: 767px) {#advgb-cols-d639429c-d73e-48c1-b0e1-ad1dc3ad9979{}}#advgb-col-2fa3ac1f-d6b4-4107-a461-56cf18fde1a7>.advgb-column-inner{}@media screen and (max-width: 1023px) {#advgb-col-2fa3ac1f-d6b4-4107-a461-56cf18fde1a7>.advgb-column-inner{}}@media screen and (max-width: 767px) {#advgb-col-2fa3ac1f-d6b4-4107-a461-56cf18fde1a7>.advgb-column-inner{}}#advgb-col-208694e9-2ae3-4730-a057-9cd6670e4312>.advgb-column-inner{}@media screen and (max-width: 1023px) {#advgb-col-208694e9-2ae3-4730-a057-9cd6670e4312>.advgb-column-inner{}}@media screen and (max-width: 767px) {#advgb-col-208694e9-2ae3-4730-a057-9cd6670e4312>.advgb-column-inner{}}<\/style>","protected":false},"excerpt":{"rendered":"<p>&gt;&gt;&gt;ENG Kaagj\u00e4rve m\u00e4rgib end kaardile stiilse Roosifestivaliga Rohkem infot Euroopa kultuuripealinn Tartu 2024 L\u00f5una-Eesti kogukonnaprogrammist<\/p>\n","protected":false},"author":211,"featured_media":0,"parent":13841,"menu_order":0,"comment_status":"closed","ping_status":"closed","template":"","meta":{"advgb_blocks_editor_width":"","advgb_blocks_columns_visual_guide":"","footnotes":"","_links_to":"","_links_to_target":""},"acf":[],"yoast_head":"<!-- This site is optimized with the Yoast SEO plugin v21.4 - https:\/\/yoast.com\/wordpress\/plugins\/seo\/ -->\n<title>Roosifestival Kaagj\u00e4rvel - visitsouthestonia<\/title>\n<meta name=\"robots\" content=\"index, follow, max-snippet:-1, max-image-preview:large, max-video-preview:-1\" \/>\n<link rel=\"canonical\" href=\"https:\/\/visitsouthestonia.com\/tartu-2024\/roosifestival-kaagjarvel\/\" \/>\n<meta property=\"og:locale\" content=\"et_EE\" \/>\n<meta property=\"og:type\" content=\"article\" \/>\n<meta property=\"og:title\" content=\"Roosifestival Kaagj\u00e4rvel - visitsouthestonia\" \/>\n<meta property=\"og:description\" content=\"&gt;&gt;&gt;ENG Kaagj\u00e4rve m\u00e4rgib end kaardile stiilse Roosifestivaliga Rohkem infot Euroopa kultuuripealinn Tartu 2024 L\u00f5una-Eesti kogukonnaprogrammist\" \/>\n<meta property=\"og:url\" content=\"https:\/\/visitsouthestonia.com\/tartu-2024\/roosifestival-kaagjarvel\/\" \/>\n<meta property=\"og:site_name\" content=\"visitsouthestonia\" \/>\n<meta property=\"article:modified_time\" content=\"2024-07-21T07:29:28+00:00\" \/>\n<meta property=\"og:image\" content=\"https:\/\/visitsouthestonia.com\/wp-content\/uploads\/2023\/05\/Untitled-design11.png\" \/>\n<meta name=\"twitter:card\" content=\"summary_large_image\" \/>\n<meta name=\"twitter:label1\" content=\"Est. reading time\" \/>\n\t<meta name=\"twitter:data1\" content=\"2 minutit\" \/>\n<script type=\"application\/ld+json\" class=\"yoast-schema-graph\">{\"@context\":\"https:\/\/schema.org\",\"@graph\":[{\"@type\":\"WebPage\",\"@id\":\"https:\/\/visitsouthestonia.com\/tartu-2024\/roosifestival-kaagjarvel\/\",\"url\":\"https:\/\/visitsouthestonia.com\/tartu-2024\/roosifestival-kaagjarvel\/\",\"name\":\"Roosifestival Kaagj\u00e4rvel - visitsouthestonia\",\"isPartOf\":{\"@id\":\"https:\/\/visitsouthestonia.com\/community\/#website\"},\"datePublished\":\"2023-05-16T16:43:02+00:00\",\"dateModified\":\"2024-07-21T07:29:28+00:00\",\"breadcrumb\":{\"@id\":\"https:\/\/visitsouthestonia.com\/tartu-2024\/roosifestival-kaagjarvel\/#breadcrumb\"},\"inLanguage\":\"et\",\"potentialAction\":[{\"@type\":\"ReadAction\",\"target\":[\"https:\/\/visitsouthestonia.com\/tartu-2024\/roosifestival-kaagjarvel\/\"]}]},{\"@type\":\"BreadcrumbList\",\"@id\":\"https:\/\/visitsouthestonia.com\/tartu-2024\/roosifestival-kaagjarvel\/#breadcrumb\",\"itemListElement\":[{\"@type\":\"ListItem\",\"position\":1,\"name\":\"Tartu 2024 L\u00f5una-Eesti kogukonnaprogramm\",\"item\":\"https:\/\/visitsouthestonia.com\/tartu-2024\/\"},{\"@type\":\"ListItem\",\"position\":2,\"name\":\"Roosifestival Kaagj\u00e4rvel\"}]},{\"@type\":\"WebSite\",\"@id\":\"https:\/\/visitsouthestonia.com\/community\/#website\",\"url\":\"https:\/\/visitsouthestonia.com\/community\/\",\"name\":\"visitsouthestonia\",\"description\":\"Parim puhkus veeda L\u00f5una-Eestis!\",\"potentialAction\":[{\"@type\":\"SearchAction\",\"target\":{\"@type\":\"EntryPoint\",\"urlTemplate\":\"https:\/\/visitsouthestonia.com\/community\/?s={search_term_string}\"},\"query-input\":\"required name=search_term_string\"}],\"inLanguage\":\"et\"}]}<\/script>\n<!-- \/ Yoast SEO plugin. -->","yoast_head_json":{"title":"Roosifestival Kaagj\u00e4rvel - visitsouthestonia","robots":{"index":"index","follow":"follow","max-snippet":"max-snippet:-1","max-image-preview":"max-image-preview:large","max-video-preview":"max-video-preview:-1"},"canonical":"https:\/\/visitsouthestonia.com\/tartu-2024\/roosifestival-kaagjarvel\/","og_locale":"et_EE","og_type":"article","og_title":"Roosifestival Kaagj\u00e4rvel - visitsouthestonia","og_description":"&gt;&gt;&gt;ENG Kaagj\u00e4rve m\u00e4rgib end kaardile stiilse Roosifestivaliga Rohkem infot Euroopa kultuuripealinn Tartu 2024 L\u00f5una-Eesti kogukonnaprogrammist","og_url":"https:\/\/visitsouthestonia.com\/tartu-2024\/roosifestival-kaagjarvel\/","og_site_name":"visitsouthestonia","article_modified_time":"2024-07-21T07:29:28+00:00","og_image":[{"url":"https:\/\/visitsouthestonia.com\/wp-content\/uploads\/2023\/05\/Untitled-design11.png"}],"twitter_card":"summary_large_image","twitter_misc":{"Est. reading time":"2 minutit"},"schema":{"@context":"https:\/\/schema.org","@graph":[{"@type":"WebPage","@id":"https:\/\/visitsouthestonia.com\/tartu-2024\/roosifestival-kaagjarvel\/","url":"https:\/\/visitsouthestonia.com\/tartu-2024\/roosifestival-kaagjarvel\/","name":"Roosifestival Kaagj\u00e4rvel - visitsouthestonia","isPartOf":{"@id":"https:\/\/visitsouthestonia.com\/community\/#website"},"datePublished":"2023-05-16T16:43:02+00:00","dateModified":"2024-07-21T07:29:28+00:00","breadcrumb":{"@id":"https:\/\/visitsouthestonia.com\/tartu-2024\/roosifestival-kaagjarvel\/#breadcrumb"},"inLanguage":"et","potentialAction":[{"@type":"ReadAction","target":["https:\/\/visitsouthestonia.com\/tartu-2024\/roosifestival-kaagjarvel\/"]}]},{"@type":"BreadcrumbList","@id":"https:\/\/visitsouthestonia.com\/tartu-2024\/roosifestival-kaagjarvel\/#breadcrumb","itemListElement":[{"@type":"ListItem","position":1,"name":"Tartu 2024 L\u00f5una-Eesti kogukonnaprogramm","item":"https:\/\/visitsouthestonia.com\/tartu-2024\/"},{"@type":"ListItem","position":2,"name":"Roosifestival Kaagj\u00e4rvel"}]},{"@type":"WebSite","@id":"https:\/\/visitsouthestonia.com\/community\/#website","url":"https:\/\/visitsouthestonia.com\/community\/","name":"visitsouthestonia","description":"Parim puhkus veeda L\u00f5una-Eestis!","potentialAction":[{"@type":"SearchAction","target":{"@type":"EntryPoint","urlTemplate":"https:\/\/visitsouthestonia.com\/community\/?s={search_term_string}"},"query-input":"required name=search_term_string"}],"inLanguage":"et"}]}},"coauthors":[],"author_meta":{"author_link":"https:\/\/visitsouthestonia.com\/community\/author\/kaisa-timmi\/","display_name":"Meeri"},"relative_dates":{"created":"Posted 3 aastat ago","modified":"Updated 2 aastat ago"},"absolute_dates":{"created":"Posted on 16. mai 2023","modified":"Updated on 21. juuli 2024"},"absolute_dates_time":{"created":"Posted on 16. mai 2023 07:43","modified":"Updated on 21. juuli 2024 10:29"},"featured_img_caption":"","featured_img":false,"series_order":"","_links":{"self":[{"href":"https:\/\/visitsouthestonia.com\/community\/wp-json\/wp\/v2\/pages\/12080"}],"collection":[{"href":"https:\/\/visitsouthestonia.com\/community\/wp-json\/wp\/v2\/pages"}],"about":[{"href":"https:\/\/visitsouthestonia.com\/community\/wp-json\/wp\/v2\/types\/page"}],"author":[{"embeddable":true,"href":"https:\/\/visitsouthestonia.com\/community\/wp-json\/wp\/v2\/users\/211"}],"replies":[{"embeddable":true,"href":"https:\/\/visitsouthestonia.com\/community\/wp-json\/wp\/v2\/comments?post=12080"}],"version-history":[{"count":15,"href":"https:\/\/visitsouthestonia.com\/community\/wp-json\/wp\/v2\/pages\/12080\/revisions"}],"predecessor-version":[{"id":20857,"href":"https:\/\/visitsouthestonia.com\/community\/wp-json\/wp\/v2\/pages\/12080\/revisions\/20857"}],"up":[{"embeddable":true,"href":"https:\/\/visitsouthestonia.com\/community\/wp-json\/wp\/v2\/pages\/13841"}],"wp:attachment":[{"href":"https:\/\/visitsouthestonia.com\/community\/wp-json\/wp\/v2\/media?parent=12080"}],"curies":[{"name":"wp","href":"https:\/\/api.w.org\/{rel}","templated":true}]}}