{"id":12065,"date":"2023-05-16T14:09:04","date_gmt":"2023-05-16T11:09:04","guid":{"rendered":"https:\/\/visitsouthestonia.com\/community\/?page_id=12065"},"modified":"2023-11-03T15:55:41","modified_gmt":"2023-11-03T13:55:41","slug":"konverents-loovus-loob-lootust-valga-linnas","status":"publish","type":"page","link":"https:\/\/visitsouthestonia.com\/community\/tartu-2024\/konverents-loovus-loob-lootust-valga-linnas\/","title":{"rendered":"Konverents \u201eLoo v\u00f5i loobu! Ruumiloome kui vaimse tervise alustala\u201c Valga linnas"},"content":{"rendered":"\n<p class=\"has-text-align-right wp-el\"><a href=\"https:\/\/visitsouthestonia.com\/community\/en\/tartu-2024\/local-culture-as-a-component-of-spatial-design-conference\/\">&gt;&gt;&gt;ENG<\/a><\/p>\n\n\n\n<figure class=\"wp-block-image size-full\"><img decoding=\"async\" loading=\"lazy\" width=\"1200\" height=\"120\" src=\"https:\/\/visitsouthestonia.com\/community\/wp-content\/uploads\/2023\/05\/Untitled-design11.png\" alt=\"\" class=\"wp-image-12032\" srcset=\"https:\/\/visitsouthestonia.com\/community\/wp-content\/uploads\/2023\/05\/Untitled-design11.png 1200w, https:\/\/visitsouthestonia.com\/community\/wp-content\/uploads\/2023\/05\/Untitled-design11-768x77.png 768w, https:\/\/visitsouthestonia.com\/community\/wp-content\/uploads\/2023\/05\/Untitled-design11-350x35.png 350w, https:\/\/visitsouthestonia.com\/community\/wp-content\/uploads\/2023\/05\/Untitled-design11-1100x110.png 1100w, https:\/\/visitsouthestonia.com\/community\/wp-content\/uploads\/2023\/05\/Untitled-design11-230x23.png 230w, https:\/\/visitsouthestonia.com\/community\/wp-content\/uploads\/2023\/05\/Untitled-design11-210x21.png 210w, https:\/\/visitsouthestonia.com\/community\/wp-content\/uploads\/2023\/05\/Untitled-design11-188x19.png 188w, https:\/\/visitsouthestonia.com\/community\/wp-content\/uploads\/2023\/05\/Untitled-design11-370x37.png 370w\" sizes=\"(max-width: 1200px) 100vw, 1200px\" \/><\/figure>\n\n\n\n<h1 class=\"wp-block-heading wp-el\"><strong><strong><strong>L\u00f5una-Eesti ruumiloome konverents \u201eLoo v\u00f5i loobu!\u201c kujundab visiooni v\u00e4ikelinnadest<\/strong><\/strong><\/strong><\/h1>\n\n\n\n<div class=\"wp-block-advgb-columns advgb-columns-wrapper\" id=\"advgb-cols-60a3a6d9-ee5f-4fa5-a739-cd762fa1e4af\"><div class=\"advgb-columns-container\"><div class=\"advgb-columns advgb-columns-row advgb-is-mobile advgb-columns-2 layout-12-12 mbl-layout-stacked vgutter-10\">\n<div class=\"wp-block-advgb-column advgb-column advgb-is-half-tablet advgb-is-full-mobile\" id=\"advgb-col-2f5eb543-10b2-481a-95e4-c7e4ede45181\"><div class=\"advgb-column-inner\" style=\"border-style:none;border-width:1px\">\n<p class=\"wp-el\">Milline on L\u00f5una-Eesti v\u00e4ikelinnade visioon unistuste elukeskkonnast ja tugevast kohaidentiteedist? 2023. aasta novembris Valgas peetav konverents \u201eLoo v\u00f5i loobu! Ruumiloome kui vaimse tervise alustala\u201c kutsub m\u00f5testama\u00a0kohaloomet p\u00e4randi ja kultuuri kaudu. <\/p>\n\n\n\n<p class=\"wp-el\">Visioonis\u00fcndmusel otsitakse \u00fcheskoos vastuseid: kuidas luua enda \u00fcmber v\u00e4\u00e4rtuslikku ruumi, milline on kogukonna roll kohaloomes, kas kultuur ja kunst on paigaidentiteedi alustalad? Konverentsi eel toimuvad Valga linna ajaloolisest nimest Walk inspireeritud <em>walkshop<\/em>\u2019id, teematoad ja arutelud, mis avavad L\u00f5una-Eesti v\u00e4ikelinnade ruumilist ja arhitektuurilist olemust.<\/p>\n<\/div><\/div>\n\n\n\n<div class=\"wp-block-advgb-column advgb-column advgb-is-half-tablet advgb-is-full-mobile\" id=\"advgb-col-d40a8a15-fb3c-4aba-aa2f-1ccc69483131\"><div class=\"advgb-column-inner\" style=\"border-style:none;border-width:1px\">\n<p class=\"wp-el\"><img decoding=\"async\" loading=\"lazy\" width=\"128\" height=\"128\" class=\"wp-image-12010\" style=\"width: 20px;\" src=\"https:\/\/visitsouthestonia.com\/community\/wp-content\/uploads\/2023\/05\/erkroheline-nool.png\" alt=\"\" srcset=\"https:\/\/visitsouthestonia.com\/community\/wp-content\/uploads\/2023\/05\/erkroheline-nool.png 128w, https:\/\/visitsouthestonia.com\/community\/wp-content\/uploads\/2023\/05\/erkroheline-nool-51x51.png 51w, https:\/\/visitsouthestonia.com\/community\/wp-content\/uploads\/2023\/05\/erkroheline-nool-70x70.png 70w, https:\/\/visitsouthestonia.com\/community\/wp-content\/uploads\/2023\/05\/erkroheline-nool-120x120.png 120w, https:\/\/visitsouthestonia.com\/community\/wp-content\/uploads\/2023\/05\/erkroheline-nool-100x100.png 100w, https:\/\/visitsouthestonia.com\/community\/wp-content\/uploads\/2023\/05\/erkroheline-nool-54x54.png 54w\" sizes=\"(max-width: 128px) 100vw, 128px\" \/> Toimumise aeg: <strong>15<\/strong>. <strong>november 2023<\/strong><\/p>\n\n\n\n<p class=\"wp-el\"><img decoding=\"async\" loading=\"lazy\" width=\"128\" height=\"128\" class=\"wp-image-12010\" style=\"width: 20px;\" src=\"https:\/\/visitsouthestonia.com\/community\/wp-content\/uploads\/2023\/05\/erkroheline-nool.png\" alt=\"\" srcset=\"https:\/\/visitsouthestonia.com\/community\/wp-content\/uploads\/2023\/05\/erkroheline-nool.png 128w, https:\/\/visitsouthestonia.com\/community\/wp-content\/uploads\/2023\/05\/erkroheline-nool-51x51.png 51w, https:\/\/visitsouthestonia.com\/community\/wp-content\/uploads\/2023\/05\/erkroheline-nool-70x70.png 70w, https:\/\/visitsouthestonia.com\/community\/wp-content\/uploads\/2023\/05\/erkroheline-nool-120x120.png 120w, https:\/\/visitsouthestonia.com\/community\/wp-content\/uploads\/2023\/05\/erkroheline-nool-100x100.png 100w, https:\/\/visitsouthestonia.com\/community\/wp-content\/uploads\/2023\/05\/erkroheline-nool-54x54.png 54w\" sizes=\"(max-width: 128px) 100vw, 128px\" \/> Rohkem infot: <a href=\"https:\/\/www.facebook.com\/events\/1063774871421261\">facebook.com&#8230;<\/a><\/p>\n\n\n\n<p class=\"wp-el\"><img decoding=\"async\" loading=\"lazy\" width=\"128\" height=\"128\" class=\"wp-image-12010\" style=\"width: 20px;\" src=\"https:\/\/visitsouthestonia.com\/community\/wp-content\/uploads\/2023\/05\/erkroheline-nool.png\" alt=\"\" srcset=\"https:\/\/visitsouthestonia.com\/community\/wp-content\/uploads\/2023\/05\/erkroheline-nool.png 128w, https:\/\/visitsouthestonia.com\/community\/wp-content\/uploads\/2023\/05\/erkroheline-nool-51x51.png 51w, https:\/\/visitsouthestonia.com\/community\/wp-content\/uploads\/2023\/05\/erkroheline-nool-70x70.png 70w, https:\/\/visitsouthestonia.com\/community\/wp-content\/uploads\/2023\/05\/erkroheline-nool-120x120.png 120w, https:\/\/visitsouthestonia.com\/community\/wp-content\/uploads\/2023\/05\/erkroheline-nool-100x100.png 100w, https:\/\/visitsouthestonia.com\/community\/wp-content\/uploads\/2023\/05\/erkroheline-nool-54x54.png 54w\" sizes=\"(max-width: 128px) 100vw, 128px\" \/> Kontakt: Lea Vutt, lea.vutt@valga.ee, 58874836<\/p>\n\n\n\n<div class=\"wp-block-columns is-layout-flex wp-container-2 wp-block-columns-is-layout-flex\">\n<div class=\"wp-block-column is-layout-flow wp-block-column-is-layout-flow\" style=\"flex-basis:100%\">\n<figure class=\"wp-block-image size-large\"><img decoding=\"async\" loading=\"lazy\" width=\"1171\" height=\"1200\" src=\"https:\/\/visitsouthestonia.com\/community\/wp-content\/uploads\/2023\/06\/Valga-14-1171x1200.jpg\" alt=\"\" class=\"wp-image-13158\" srcset=\"https:\/\/visitsouthestonia.com\/community\/wp-content\/uploads\/2023\/06\/Valga-14-1171x1200.jpg 1171w, https:\/\/visitsouthestonia.com\/community\/wp-content\/uploads\/2023\/06\/Valga-14-768x787.jpg 768w, https:\/\/visitsouthestonia.com\/community\/wp-content\/uploads\/2023\/06\/Valga-14-1499x1536.jpg 1499w, https:\/\/visitsouthestonia.com\/community\/wp-content\/uploads\/2023\/06\/Valga-14-1998x2048.jpg 1998w, https:\/\/visitsouthestonia.com\/community\/wp-content\/uploads\/2023\/06\/Valga-14-342x350.jpg 342w, https:\/\/visitsouthestonia.com\/community\/wp-content\/uploads\/2023\/06\/Valga-14-51x51.jpg 51w, https:\/\/visitsouthestonia.com\/community\/wp-content\/uploads\/2023\/06\/Valga-14-781x800.jpg 781w, https:\/\/visitsouthestonia.com\/community\/wp-content\/uploads\/2023\/06\/Valga-14-230x236.jpg 230w, https:\/\/visitsouthestonia.com\/community\/wp-content\/uploads\/2023\/06\/Valga-14-68x70.jpg 68w, https:\/\/visitsouthestonia.com\/community\/wp-content\/uploads\/2023\/06\/Valga-14-183x188.jpg 183w, https:\/\/visitsouthestonia.com\/community\/wp-content\/uploads\/2023\/06\/Valga-14-53x54.jpg 53w, https:\/\/visitsouthestonia.com\/community\/wp-content\/uploads\/2023\/06\/Valga-14-361x370.jpg 361w\" sizes=\"(max-width: 1171px) 100vw, 1171px\" \/><figcaption class=\"wp-element-caption\">Elisabeth T\u00f5nisson ja Lea Vutt. Foto: Terje Atonen<\/figcaption><\/figure>\n<\/div>\n<\/div>\n<\/div><\/div>\n<\/div><\/div><\/div>\n\n\n\n<div class=\"wp-block-advgb-accordions advgb-accordions-96464403-38bb-497e-8ba7-70c7b60397a0 advgb-accordion-wrapper\" data-collapsed=\"true\">\n<div class=\"wp-block-advgb-accordion-item advgb-accordion-item\" style=\"margin-bottom:13px\"><div class=\"advgb-accordion-header\" style=\"background-color:#000;color:#eee;border-style:solid;border-width:1px;border-radius:2px\"><span class=\"advgb-accordion-header-icon\"><svg fill=\"#fff\" xmlns=\"http:\/\/www.w3.org\/2000\/svg\" width=\"24\" height=\"24\" viewBox=\"0 0 24 24\"><path opacity=\"0.87\" fill=\"none\" d=\"M24,24H0L0,0l24,0V24z\"><\/path><path d=\"M16.59,8.59L12,13.17L7.41,8.59L6,10l6,6l6-6L16.59,8.59z\"><\/path><\/svg><\/span><h3 class=\"advgb-accordion-header-title\" style=\"color:inherit\">Valgamaa s\u00fcndmused<\/h3><\/div><div class=\"advgb-accordion-body\" style=\"border-style:solid !important;border-width:1px !important;border-color:undefined !important;border-top:none !important;border-radius:2px !important\">\n<p class=\"wp-el\"> <a href=\"https:\/\/visitsouthestonia.com\/community\/euroopa-kultuuripealinn-tartu-2024-louna-eesti-kogukonnaprogramm\/labi-linna-valgavalka\/\" target=\"_blank\" rel=\"noreferrer noopener\">L\u00e4bi linna: Valga+Valka<\/a><\/p>\n\n\n\n<p class=\"wp-el\"> <a href=\"https:\/\/visitsouthestonia.com\/community\/euroopa-kultuuripealinn-tartu-2024-louna-eesti-kogukonnaprogramm\/roosifestival-kaagjarvel\/\" target=\"_blank\" rel=\"noreferrer noopener\">Roosifestival Kaagj\u00e4rvel <\/a><\/p>\n\n\n\n<p class=\"wp-el\"> <a href=\"https:\/\/visitsouthestonia.com\/community\/euroopa-kultuuripealinn-tartu-2024-louna-eesti-kogukonnaprogramm\/maaliliste-maastike-vaartustamise-ja-jaadvustamise-matkasari-otepaal\/\" target=\"_blank\" rel=\"noreferrer noopener\">Maaliliste maastike v\u00e4\u00e4rtustamise ja j\u00e4\u00e4dvustamise matkasari Otep\u00e4\u00e4l <\/a><\/p>\n<\/div><\/div>\n<\/div>\n\n\n\n<p class=\"wp-el\"><img decoding=\"async\" loading=\"lazy\" width=\"128\" height=\"128\" class=\"wp-image-12016\" style=\"width: 20px;\" src=\"https:\/\/visitsouthestonia.com\/community\/wp-content\/uploads\/2023\/05\/must-nool.png\" alt=\"\" srcset=\"https:\/\/visitsouthestonia.com\/community\/wp-content\/uploads\/2023\/05\/must-nool.png 128w, https:\/\/visitsouthestonia.com\/community\/wp-content\/uploads\/2023\/05\/must-nool-51x51.png 51w, https:\/\/visitsouthestonia.com\/community\/wp-content\/uploads\/2023\/05\/must-nool-70x70.png 70w, https:\/\/visitsouthestonia.com\/community\/wp-content\/uploads\/2023\/05\/must-nool-120x120.png 120w, https:\/\/visitsouthestonia.com\/community\/wp-content\/uploads\/2023\/05\/must-nool-100x100.png 100w, https:\/\/visitsouthestonia.com\/community\/wp-content\/uploads\/2023\/05\/must-nool-54x54.png 54w\" sizes=\"(max-width: 128px) 100vw, 128px\" \/> Rohkem infot <a href=\"https:\/\/visitsouthestonia.com\/community\/tartu-2024\/\">Euroopa kultuuripealinn Tartu 2024 L\u00f5una-Eesti kogukonnaprogrammist<\/a><\/p>\n<style class=\"advgb-styles-renderer\">#advgb-cols-60a3a6d9-ee5f-4fa5-a739-cd762fa1e4af{}@media screen and (max-width: 1023px) {#advgb-cols-60a3a6d9-ee5f-4fa5-a739-cd762fa1e4af{}}@media screen and (max-width: 767px) {#advgb-cols-60a3a6d9-ee5f-4fa5-a739-cd762fa1e4af{}}#advgb-col-2f5eb543-10b2-481a-95e4-c7e4ede45181>.advgb-column-inner{}@media screen and (max-width: 1023px) {#advgb-col-2f5eb543-10b2-481a-95e4-c7e4ede45181>.advgb-column-inner{}}@media screen and (max-width: 767px) {#advgb-col-2f5eb543-10b2-481a-95e4-c7e4ede45181>.advgb-column-inner{}}#advgb-col-d40a8a15-fb3c-4aba-aa2f-1ccc69483131>.advgb-column-inner{}@media screen and (max-width: 1023px) {#advgb-col-d40a8a15-fb3c-4aba-aa2f-1ccc69483131>.advgb-column-inner{}}@media screen and (max-width: 767px) {#advgb-col-d40a8a15-fb3c-4aba-aa2f-1ccc69483131>.advgb-column-inner{}}<\/style>","protected":false},"excerpt":{"rendered":"<p>&gt;&gt;&gt;ENG L\u00f5una-Eesti ruumiloome konverents \u201eLoo v\u00f5i loobu!\u201c kujundab visiooni v\u00e4ikelinnadest Rohkem infot Euroopa kultuuripealinn Tartu 2024 L\u00f5una-Eesti kogukonnaprogrammist<\/p>\n","protected":false},"author":211,"featured_media":0,"parent":13841,"menu_order":0,"comment_status":"closed","ping_status":"closed","template":"","meta":{"advgb_blocks_editor_width":"","advgb_blocks_columns_visual_guide":"","footnotes":"","_links_to":"","_links_to_target":""},"acf":[],"yoast_head":"<!-- This site is optimized with the Yoast SEO plugin v21.4 - https:\/\/yoast.com\/wordpress\/plugins\/seo\/ -->\n<title>Konverents \u201eLoo v\u00f5i loobu! Ruumiloome kui vaimse tervise alustala\u201c Valga linnas - visitsouthestonia<\/title>\n<meta name=\"robots\" content=\"index, follow, max-snippet:-1, max-image-preview:large, max-video-preview:-1\" \/>\n<link rel=\"canonical\" href=\"https:\/\/visitsouthestonia.com\/tartu-2024\/konverents-loovus-loob-lootust-valga-linnas\/\" \/>\n<meta property=\"og:locale\" content=\"et_EE\" \/>\n<meta property=\"og:type\" content=\"article\" \/>\n<meta property=\"og:title\" content=\"Konverents \u201eLoo v\u00f5i loobu! Ruumiloome kui vaimse tervise alustala\u201c Valga linnas - visitsouthestonia\" \/>\n<meta property=\"og:description\" content=\"&gt;&gt;&gt;ENG L\u00f5una-Eesti ruumiloome konverents \u201eLoo v\u00f5i loobu!\u201c kujundab visiooni v\u00e4ikelinnadest Rohkem infot Euroopa kultuuripealinn Tartu 2024 L\u00f5una-Eesti kogukonnaprogrammist\" \/>\n<meta property=\"og:url\" content=\"https:\/\/visitsouthestonia.com\/tartu-2024\/konverents-loovus-loob-lootust-valga-linnas\/\" \/>\n<meta property=\"og:site_name\" content=\"visitsouthestonia\" \/>\n<meta property=\"article:modified_time\" content=\"2023-11-03T13:55:41+00:00\" \/>\n<meta property=\"og:image\" content=\"https:\/\/visitsouthestonia.com\/wp-content\/uploads\/2023\/05\/Untitled-design11.png\" \/>\n<meta name=\"twitter:card\" content=\"summary_large_image\" \/>\n<meta name=\"twitter:label1\" content=\"Est. reading time\" \/>\n\t<meta name=\"twitter:data1\" content=\"2 minutit\" \/>\n<script type=\"application\/ld+json\" class=\"yoast-schema-graph\">{\"@context\":\"https:\/\/schema.org\",\"@graph\":[{\"@type\":\"WebPage\",\"@id\":\"https:\/\/visitsouthestonia.com\/tartu-2024\/konverents-loovus-loob-lootust-valga-linnas\/\",\"url\":\"https:\/\/visitsouthestonia.com\/tartu-2024\/konverents-loovus-loob-lootust-valga-linnas\/\",\"name\":\"Konverents \u201eLoo v\u00f5i loobu! Ruumiloome kui vaimse tervise alustala\u201c Valga linnas - visitsouthestonia\",\"isPartOf\":{\"@id\":\"https:\/\/visitsouthestonia.com\/community\/#website\"},\"datePublished\":\"2023-05-16T11:09:04+00:00\",\"dateModified\":\"2023-11-03T13:55:41+00:00\",\"breadcrumb\":{\"@id\":\"https:\/\/visitsouthestonia.com\/tartu-2024\/konverents-loovus-loob-lootust-valga-linnas\/#breadcrumb\"},\"inLanguage\":\"et\",\"potentialAction\":[{\"@type\":\"ReadAction\",\"target\":[\"https:\/\/visitsouthestonia.com\/tartu-2024\/konverents-loovus-loob-lootust-valga-linnas\/\"]}]},{\"@type\":\"BreadcrumbList\",\"@id\":\"https:\/\/visitsouthestonia.com\/tartu-2024\/konverents-loovus-loob-lootust-valga-linnas\/#breadcrumb\",\"itemListElement\":[{\"@type\":\"ListItem\",\"position\":1,\"name\":\"Tartu 2024 L\u00f5una-Eesti kogukonnaprogramm\",\"item\":\"https:\/\/visitsouthestonia.com\/tartu-2024\/\"},{\"@type\":\"ListItem\",\"position\":2,\"name\":\"Konverents \u201eLoo v\u00f5i loobu! Ruumiloome kui vaimse tervise alustala\u201c Valga linnas\"}]},{\"@type\":\"WebSite\",\"@id\":\"https:\/\/visitsouthestonia.com\/community\/#website\",\"url\":\"https:\/\/visitsouthestonia.com\/community\/\",\"name\":\"visitsouthestonia\",\"description\":\"Parim puhkus veeda L\u00f5una-Eestis!\",\"potentialAction\":[{\"@type\":\"SearchAction\",\"target\":{\"@type\":\"EntryPoint\",\"urlTemplate\":\"https:\/\/visitsouthestonia.com\/community\/?s={search_term_string}\"},\"query-input\":\"required name=search_term_string\"}],\"inLanguage\":\"et\"}]}<\/script>\n<!-- \/ Yoast SEO plugin. -->","yoast_head_json":{"title":"Konverents \u201eLoo v\u00f5i loobu! Ruumiloome kui vaimse tervise alustala\u201c Valga linnas - visitsouthestonia","robots":{"index":"index","follow":"follow","max-snippet":"max-snippet:-1","max-image-preview":"max-image-preview:large","max-video-preview":"max-video-preview:-1"},"canonical":"https:\/\/visitsouthestonia.com\/tartu-2024\/konverents-loovus-loob-lootust-valga-linnas\/","og_locale":"et_EE","og_type":"article","og_title":"Konverents \u201eLoo v\u00f5i loobu! Ruumiloome kui vaimse tervise alustala\u201c Valga linnas - visitsouthestonia","og_description":"&gt;&gt;&gt;ENG L\u00f5una-Eesti ruumiloome konverents \u201eLoo v\u00f5i loobu!\u201c kujundab visiooni v\u00e4ikelinnadest Rohkem infot Euroopa kultuuripealinn Tartu 2024 L\u00f5una-Eesti kogukonnaprogrammist","og_url":"https:\/\/visitsouthestonia.com\/tartu-2024\/konverents-loovus-loob-lootust-valga-linnas\/","og_site_name":"visitsouthestonia","article_modified_time":"2023-11-03T13:55:41+00:00","og_image":[{"url":"https:\/\/visitsouthestonia.com\/wp-content\/uploads\/2023\/05\/Untitled-design11.png"}],"twitter_card":"summary_large_image","twitter_misc":{"Est. reading time":"2 minutit"},"schema":{"@context":"https:\/\/schema.org","@graph":[{"@type":"WebPage","@id":"https:\/\/visitsouthestonia.com\/tartu-2024\/konverents-loovus-loob-lootust-valga-linnas\/","url":"https:\/\/visitsouthestonia.com\/tartu-2024\/konverents-loovus-loob-lootust-valga-linnas\/","name":"Konverents \u201eLoo v\u00f5i loobu! Ruumiloome kui vaimse tervise alustala\u201c Valga linnas - visitsouthestonia","isPartOf":{"@id":"https:\/\/visitsouthestonia.com\/community\/#website"},"datePublished":"2023-05-16T11:09:04+00:00","dateModified":"2023-11-03T13:55:41+00:00","breadcrumb":{"@id":"https:\/\/visitsouthestonia.com\/tartu-2024\/konverents-loovus-loob-lootust-valga-linnas\/#breadcrumb"},"inLanguage":"et","potentialAction":[{"@type":"ReadAction","target":["https:\/\/visitsouthestonia.com\/tartu-2024\/konverents-loovus-loob-lootust-valga-linnas\/"]}]},{"@type":"BreadcrumbList","@id":"https:\/\/visitsouthestonia.com\/tartu-2024\/konverents-loovus-loob-lootust-valga-linnas\/#breadcrumb","itemListElement":[{"@type":"ListItem","position":1,"name":"Tartu 2024 L\u00f5una-Eesti kogukonnaprogramm","item":"https:\/\/visitsouthestonia.com\/tartu-2024\/"},{"@type":"ListItem","position":2,"name":"Konverents \u201eLoo v\u00f5i loobu! Ruumiloome kui vaimse tervise alustala\u201c Valga linnas"}]},{"@type":"WebSite","@id":"https:\/\/visitsouthestonia.com\/community\/#website","url":"https:\/\/visitsouthestonia.com\/community\/","name":"visitsouthestonia","description":"Parim puhkus veeda L\u00f5una-Eestis!","potentialAction":[{"@type":"SearchAction","target":{"@type":"EntryPoint","urlTemplate":"https:\/\/visitsouthestonia.com\/community\/?s={search_term_string}"},"query-input":"required name=search_term_string"}],"inLanguage":"et"}]}},"coauthors":[],"author_meta":{"author_link":"https:\/\/visitsouthestonia.com\/community\/author\/kaisa-timmi\/","display_name":"Meeri"},"relative_dates":{"created":"Posted 3 aastat ago","modified":"Updated 2 aastat ago"},"absolute_dates":{"created":"Posted on 16. mai 2023","modified":"Updated on 3. nov. 2023"},"absolute_dates_time":{"created":"Posted on 16. mai 2023 02:09","modified":"Updated on 3. nov. 2023 03:55"},"featured_img_caption":"","featured_img":false,"series_order":"","_links":{"self":[{"href":"https:\/\/visitsouthestonia.com\/community\/wp-json\/wp\/v2\/pages\/12065"}],"collection":[{"href":"https:\/\/visitsouthestonia.com\/community\/wp-json\/wp\/v2\/pages"}],"about":[{"href":"https:\/\/visitsouthestonia.com\/community\/wp-json\/wp\/v2\/types\/page"}],"author":[{"embeddable":true,"href":"https:\/\/visitsouthestonia.com\/community\/wp-json\/wp\/v2\/users\/211"}],"replies":[{"embeddable":true,"href":"https:\/\/visitsouthestonia.com\/community\/wp-json\/wp\/v2\/comments?post=12065"}],"version-history":[{"count":14,"href":"https:\/\/visitsouthestonia.com\/community\/wp-json\/wp\/v2\/pages\/12065\/revisions"}],"predecessor-version":[{"id":19036,"href":"https:\/\/visitsouthestonia.com\/community\/wp-json\/wp\/v2\/pages\/12065\/revisions\/19036"}],"up":[{"embeddable":true,"href":"https:\/\/visitsouthestonia.com\/community\/wp-json\/wp\/v2\/pages\/13841"}],"wp:attachment":[{"href":"https:\/\/visitsouthestonia.com\/community\/wp-json\/wp\/v2\/media?parent=12065"}],"curies":[{"name":"wp","href":"https:\/\/api.w.org\/{rel}","templated":true}]}}