{"id":10,"date":"2020-03-13T10:45:57","date_gmt":"2020-03-13T08:45:57","guid":{"rendered":"http:\/\/visitsouthestonia.com\/community?page_id=10"},"modified":"2025-03-17T14:14:00","modified_gmt":"2025-03-17T12:14:00","slug":"avaleht","status":"publish","type":"page","link":"https:\/\/visitsouthestonia.com\/community\/","title":{"rendered":"Avaleht"},"content":{"rendered":"","protected":false},"excerpt":{"rendered":"","protected":false},"author":1,"featured_media":0,"parent":0,"menu_order":0,"comment_status":"closed","ping_status":"closed","template":"","meta":{"advgb_blocks_editor_width":"","advgb_blocks_columns_visual_guide":"","footnotes":"","_links_to":"","_links_to_target":""},"acf":[],"yoast_head":"<!-- This site is optimized with the Yoast SEO plugin v21.4 - https:\/\/yoast.com\/wordpress\/plugins\/seo\/ -->\n<title>Avaleht - visitsouthestonia<\/title>\n<meta name=\"description\" content=\"L\u00f5una-Eesti lugu r\u00e4\u00e4gib \u00fchest erilisest piirkonnast Euroopa Liidu piiril ja eri kultuuride piirimail, kus kohtuvad erinevad maailmad.\" \/>\n<meta name=\"robots\" content=\"index, follow, max-snippet:-1, max-image-preview:large, max-video-preview:-1\" \/>\n<link rel=\"canonical\" href=\"https:\/\/visitsouthestonia.com\/community\/\" \/>\n<meta property=\"og:locale\" content=\"et_EE\" \/>\n<meta property=\"og:type\" content=\"article\" \/>\n<meta property=\"og:title\" content=\"Avaleht - visitsouthestonia\" \/>\n<meta property=\"og:description\" content=\"L\u00f5una-Eesti avab end huvilistele 30 kollase akna kaudu, mis t\u00f5stavad esile siinseid v\u00e4\u00e4rtusi ning jutustavad meie lugu. L\u00f5una-Eesti lugu r\u00e4\u00e4gib \u00fchest erilisest piirkonnast Euroopa Liidu piiril ja eri kultuuride piirimail, kus kohtuvad erinevad maailmad. See lugu jutustab meie elust ja traditsioonidest, looduse ilust, kohalikest algatustest ning uutest l\u00e4henemistest. Head avastamist ja kohtumiseni!\" \/>\n<meta property=\"og:url\" content=\"https:\/\/visitsouthestonia.com\/community\/\" \/>\n<meta property=\"og:site_name\" content=\"visitsouthestonia\" \/>\n<meta property=\"article:modified_time\" content=\"2025-03-17T12:14:00+00:00\" \/>\n<meta property=\"og:image\" content=\"https:\/\/visitsouthestonia.com\/community\/wp-content\/uploads\/2020\/04\/Tellingum\u00e4gi1-Arvo-Meeks.jpg\" \/>\n\t<meta property=\"og:image:width\" content=\"1200\" \/>\n\t<meta property=\"og:image:height\" content=\"900\" \/>\n\t<meta property=\"og:image:type\" content=\"image\/jpeg\" \/>\n<meta name=\"twitter:card\" content=\"summary_large_image\" \/>\n<script type=\"application\/ld+json\" class=\"yoast-schema-graph\">{\"@context\":\"https:\/\/schema.org\",\"@graph\":[{\"@type\":\"WebPage\",\"@id\":\"https:\/\/visitsouthestonia.com\/community\/\",\"url\":\"https:\/\/visitsouthestonia.com\/community\/\",\"name\":\"Avaleht - visitsouthestonia\",\"isPartOf\":{\"@id\":\"https:\/\/visitsouthestonia.com\/community\/#website\"},\"datePublished\":\"2020-03-13T08:45:57+00:00\",\"dateModified\":\"2025-03-17T12:14:00+00:00\",\"description\":\"L\u00f5una-Eesti lugu r\u00e4\u00e4gib \u00fchest erilisest piirkonnast Euroopa Liidu piiril ja eri kultuuride piirimail, kus kohtuvad erinevad maailmad.\",\"inLanguage\":\"et\",\"potentialAction\":[{\"@type\":\"ReadAction\",\"target\":[\"https:\/\/visitsouthestonia.com\/community\/\"]}]},{\"@type\":\"WebSite\",\"@id\":\"https:\/\/visitsouthestonia.com\/community\/#website\",\"url\":\"https:\/\/visitsouthestonia.com\/community\/\",\"name\":\"visitsouthestonia\",\"description\":\"Parim puhkus veeda L\u00f5una-Eestis!\",\"potentialAction\":[{\"@type\":\"SearchAction\",\"target\":{\"@type\":\"EntryPoint\",\"urlTemplate\":\"https:\/\/visitsouthestonia.com\/community\/?s={search_term_string}\"},\"query-input\":\"required name=search_term_string\"}],\"inLanguage\":\"et\"}]}<\/script>\n<!-- \/ Yoast SEO plugin. -->","yoast_head_json":{"title":"Avaleht - visitsouthestonia","description":"L\u00f5una-Eesti lugu r\u00e4\u00e4gib \u00fchest erilisest piirkonnast Euroopa Liidu piiril ja eri kultuuride piirimail, kus kohtuvad erinevad maailmad.","robots":{"index":"index","follow":"follow","max-snippet":"max-snippet:-1","max-image-preview":"max-image-preview:large","max-video-preview":"max-video-preview:-1"},"canonical":"https:\/\/visitsouthestonia.com\/community\/","og_locale":"et_EE","og_type":"article","og_title":"Avaleht - visitsouthestonia","og_description":"L\u00f5una-Eesti avab end huvilistele 30 kollase akna kaudu, mis t\u00f5stavad esile siinseid v\u00e4\u00e4rtusi ning jutustavad meie lugu. L\u00f5una-Eesti lugu r\u00e4\u00e4gib \u00fchest erilisest piirkonnast Euroopa Liidu piiril ja eri kultuuride piirimail, kus kohtuvad erinevad maailmad. See lugu jutustab meie elust ja traditsioonidest, looduse ilust, kohalikest algatustest ning uutest l\u00e4henemistest. Head avastamist ja kohtumiseni!","og_url":"https:\/\/visitsouthestonia.com\/community\/","og_site_name":"visitsouthestonia","article_modified_time":"2025-03-17T12:14:00+00:00","og_image":[{"width":1200,"height":900,"url":"https:\/\/visitsouthestonia.com\/community\/wp-content\/uploads\/2020\/04\/Tellingum\u00e4gi1-Arvo-Meeks.jpg","type":"image\/jpeg"}],"twitter_card":"summary_large_image","schema":{"@context":"https:\/\/schema.org","@graph":[{"@type":"WebPage","@id":"https:\/\/visitsouthestonia.com\/community\/","url":"https:\/\/visitsouthestonia.com\/community\/","name":"Avaleht - visitsouthestonia","isPartOf":{"@id":"https:\/\/visitsouthestonia.com\/community\/#website"},"datePublished":"2020-03-13T08:45:57+00:00","dateModified":"2025-03-17T12:14:00+00:00","description":"L\u00f5una-Eesti lugu r\u00e4\u00e4gib \u00fchest erilisest piirkonnast Euroopa Liidu piiril ja eri kultuuride piirimail, kus kohtuvad erinevad maailmad.","inLanguage":"et","potentialAction":[{"@type":"ReadAction","target":["https:\/\/visitsouthestonia.com\/community\/"]}]},{"@type":"WebSite","@id":"https:\/\/visitsouthestonia.com\/community\/#website","url":"https:\/\/visitsouthestonia.com\/community\/","name":"visitsouthestonia","description":"Parim puhkus veeda L\u00f5una-Eestis!","potentialAction":[{"@type":"SearchAction","target":{"@type":"EntryPoint","urlTemplate":"https:\/\/visitsouthestonia.com\/community\/?s={search_term_string}"},"query-input":"required name=search_term_string"}],"inLanguage":"et"}]}},"coauthors":[],"author_meta":{"author_link":"https:\/\/visitsouthestonia.com\/community\/author\/admin\/","display_name":"admin"},"relative_dates":{"created":"Posted 6 aastat ago","modified":"Updated 1 aasta ago"},"absolute_dates":{"created":"Posted on 13. m\u00e4rts 2020","modified":"Updated on 17. m\u00e4rts 2025"},"absolute_dates_time":{"created":"Posted on 13. m\u00e4rts 2020 10:45","modified":"Updated on 17. m\u00e4rts 2025 02:14"},"featured_img_caption":"","featured_img":false,"series_order":"","_links":{"self":[{"href":"https:\/\/visitsouthestonia.com\/community\/wp-json\/wp\/v2\/pages\/10"}],"collection":[{"href":"https:\/\/visitsouthestonia.com\/community\/wp-json\/wp\/v2\/pages"}],"about":[{"href":"https:\/\/visitsouthestonia.com\/community\/wp-json\/wp\/v2\/types\/page"}],"author":[{"embeddable":true,"href":"https:\/\/visitsouthestonia.com\/community\/wp-json\/wp\/v2\/users\/1"}],"replies":[{"embeddable":true,"href":"https:\/\/visitsouthestonia.com\/community\/wp-json\/wp\/v2\/comments?post=10"}],"version-history":[{"count":40,"href":"https:\/\/visitsouthestonia.com\/community\/wp-json\/wp\/v2\/pages\/10\/revisions"}],"predecessor-version":[{"id":21370,"href":"https:\/\/visitsouthestonia.com\/community\/wp-json\/wp\/v2\/pages\/10\/revisions\/21370"}],"wp:attachment":[{"href":"https:\/\/visitsouthestonia.com\/community\/wp-json\/wp\/v2\/media?parent=10"}],"curies":[{"name":"wp","href":"https:\/\/api.w.org\/{rel}","templated":true}]}}