{"id":2299,"date":"2020-07-21T11:31:33","date_gmt":"2020-07-21T08:31:33","guid":{"rendered":"http:\/\/visitsouthestonia.com\/community\/?page_id=2299"},"modified":"2020-12-27T10:46:46","modified_gmt":"2020-12-27T08:46:46","slug":"local-initiatives","status":"publish","type":"page","link":"https:\/\/visitsouthestonia.com\/community\/en\/story\/local-initiatives\/","title":{"rendered":"Local initiatives"},"content":{"rendered":"\n<div class=\"wp-block-advgb-columns advgb-columns-wrapper\" id=\"advgb-cols-abc4c2a1-3ed2-413d-9b52-db80149f72d4\"><div class=\"advgb-columns-container\"><div class=\"advgb-columns advgb-columns-row advgb-is-mobile columns-valign-top advgb-columns-2 layout-12-12 mbl-layout-stacked vgutter-10\">\n<div class=\"wp-block-advgb-column advgb-column advgb-is-half-tablet advgb-is-full-mobile\" id=\"advgb-col-cfd7db7c-628c-40cf-8d9c-948719e7de1b\"><div class=\"advgb-column-inner\" style=\"border-style:none;border-width:1px\">\n<h3 class=\"wp-el wp-block-heading\">Active communities of South Estonia<\/h3>\n\n\n\n<p class=\"wp-el\">In dire times we suddenly realise that the old simple truths and skills immersed in the smoke sauna customs of South Estonia are urgently needed in today&#8217;s globalising world. In a new way, of course. Social innovation is a keyword, brought to our awareness by recent events. How to cope in an unexpected situation that you could not have imagined just a moment ago? This is where creativity and innovation come into play! And we are in this together.<\/p>\n\n\n\n<p class=\"wp-el\"><\/p>\n\n\n\n<h4 class=\"wp-el wp-block-heading\"><strong>Examples of local initiatives in South Estonia<\/strong><\/h4>\n\n\n\n<p class=\"wp-el\">According to Katrin Reiljan, Chief Specialist in Business Development at <strong>Tartu City Government<\/strong>, the most well-known community initiative in the capital of South Estonia is probably sTARTUp Day. The idea of this annual community event came about in a sauna in 2015. As Tartu is full of innovative and entrepreneurial people, the idea fell on extremely fertile soil. Today Tartu, which is also known as the City of Good Thoughts, boasts a vibrant start-up community where eight organisations from different fields all work towards a common goal \u2013 to make Tartu the best place for initiating and developing great business ideas. The fifth annual sTARTUp Day will take place in January 2021.<\/p>\n\n\n\n<p class=\"wp-el\">Tiina Hallim\u00e4e, Development Adviser at <strong>V\u00f5ru Town Government<\/strong>, highlights the 2019 planting bee on the banks of the Koreli Stream as one local initiative. The event brought together different communities with the same goal in mind: to enhance the biodiversity of their home town. More than 400 people were involved in developing Koreli Park, and today community members of all ages and interests enjoy it as their meeting place. This local initiative was applauded as one of the best environmental deeds of the year.<\/p>\n\n\n\n<p class=\"wp-el\">According to <strong>LAG J\u00f5gevamaa Cooperation Chamber<\/strong>, one of the most active communities in the region is in the village of K\u00e4\u00e4pa, in Mustvee Parish, where Annika Oras has helped breathe new life into the community. This has inspired the movement K\u00e4\u00e4pa O.T.T, a direct consumer-to-producer food network, various bees and open farm days. A joint effort has led to the opening of the Kalevipoeg Museum <a>\u2013 <\/a>a unique place to discover the legend of the Estonian national epic.<\/p>\n<\/div><\/div>\n\n\n\n<div class=\"wp-block-advgb-column advgb-column advgb-is-half-tablet advgb-is-full-mobile\" id=\"advgb-col-9d9fbd5e-dba9-4769-9912-a47fe90280f7\"><div class=\"advgb-column-inner\" style=\"border-style:none;border-width:1px\">\n<blockquote class=\"wp-block-quote is-style-default\"><p><strong>According to the CEO of Valga County Partnership, Tiina Ivask, one should pay special attention to the local KOTUS network, which includes the companies and associations of Taheva, Karula and M\u00f5niste areas. One of the great outcomes of this cooperation is the \u00dc\u00fclaat (&#8220;Night Fair&#8221;) fair, which was first held in 2019 and has the potential of becoming the signature event of the area. The fair involved about 60 organisers and was visited by over 800 people from both sides of the border. In addition, KOTUS has established a community kitchen with the aim of organising various courses and providing catering services.<\/strong><\/p><cite>National Geographic Estonia, May 2020<\/cite><\/blockquote>\n\n\n\n<figure class=\"wp-block-image size-large\"><img decoding=\"async\" loading=\"lazy\" width=\"1200\" height=\"800\" src=\"https:\/\/visitsouthestonia.com\/community\/wp-content\/uploads\/2020\/05\/LE-algatused3-Grethe-R\u00f5\u00f5m-1200x800.jpg\" alt=\"\" class=\"wp-image-1904\" srcset=\"https:\/\/visitsouthestonia.com\/community\/wp-content\/uploads\/2020\/05\/LE-algatused3-Grethe-R\u00f5\u00f5m-1200x800.jpg 1200w, https:\/\/visitsouthestonia.com\/community\/wp-content\/uploads\/2020\/05\/LE-algatused3-Grethe-R\u00f5\u00f5m-1536x1024.jpg 1536w, https:\/\/visitsouthestonia.com\/community\/wp-content\/uploads\/2020\/05\/LE-algatused3-Grethe-R\u00f5\u00f5m-350x233.jpg 350w, https:\/\/visitsouthestonia.com\/community\/wp-content\/uploads\/2020\/05\/LE-algatused3-Grethe-R\u00f5\u00f5m-1100x734.jpg 1100w, https:\/\/visitsouthestonia.com\/community\/wp-content\/uploads\/2020\/05\/LE-algatused3-Grethe-R\u00f5\u00f5m-230x153.jpg 230w, https:\/\/visitsouthestonia.com\/community\/wp-content\/uploads\/2020\/05\/LE-algatused3-Grethe-R\u00f5\u00f5m-105x70.jpg 105w, https:\/\/visitsouthestonia.com\/community\/wp-content\/uploads\/2020\/05\/LE-algatused3-Grethe-R\u00f5\u00f5m-188x125.jpg 188w, https:\/\/visitsouthestonia.com\/community\/wp-content\/uploads\/2020\/05\/LE-algatused3-Grethe-R\u00f5\u00f5m-81x54.jpg 81w, https:\/\/visitsouthestonia.com\/community\/wp-content\/uploads\/2020\/05\/LE-algatused3-Grethe-R\u00f5\u00f5m-370x247.jpg 370w, https:\/\/visitsouthestonia.com\/community\/wp-content\/uploads\/2020\/05\/LE-algatused3-Grethe-R\u00f5\u00f5m.jpg 1600w\" sizes=\"(max-width: 1200px) 100vw, 1200px\" \/><figcaption>Author Grethe R\u00f5\u00f5m<\/figcaption><\/figure>\n<\/div><\/div>\n<\/div><\/div><\/div>\n\n\n\n<h3 class=\"wp-el wp-block-heading\">Gallery<\/h3>\n\n\n<div id=\"acf-block-block_5e7c83e6e8c00\" class=\"acf-block-element block-gallery\">\n<div class=\"gallery\"><div class=\"gallery-item\"><a href=\"https:\/\/visitsouthestonia.com\/community\/wp-content\/uploads\/2020\/05\/LE-algatused-4-Grethe-R\u00f5\u00f5m-1200x800.jpg\"><img decoding=\"async\" src=\"https:\/\/visitsouthestonia.com\/community\/wp-content\/uploads\/2020\/05\/LE-algatused-4-Grethe-R\u00f5\u00f5m-270x270.jpg\" alt=\"\" \/><\/a><\/div><div class=\"gallery-item\"><a href=\"https:\/\/visitsouthestonia.com\/community\/wp-content\/uploads\/2020\/05\/LE-algatused3-Grethe-R\u00f5\u00f5m-1200x800.jpg\"><img decoding=\"async\" src=\"https:\/\/visitsouthestonia.com\/community\/wp-content\/uploads\/2020\/05\/LE-algatused3-Grethe-R\u00f5\u00f5m-270x270.jpg\" alt=\"\" \/><\/a><\/div><div class=\"gallery-item\"><a href=\"https:\/\/visitsouthestonia.com\/community\/wp-content\/uploads\/2020\/05\/LE-algatused2-Grethe-R\u00f5\u00f5m-1200x800.jpg\"><img decoding=\"async\" src=\"https:\/\/visitsouthestonia.com\/community\/wp-content\/uploads\/2020\/05\/LE-algatused2-Grethe-R\u00f5\u00f5m-270x270.jpg\" alt=\"\" \/><\/a><\/div><div class=\"gallery-item\"><a href=\"https:\/\/visitsouthestonia.com\/community\/wp-content\/uploads\/2020\/05\/LE-algatused-Grethe-R\u00f5\u00f5m-1200x800.jpg\"><img decoding=\"async\" src=\"https:\/\/visitsouthestonia.com\/community\/wp-content\/uploads\/2020\/05\/LE-algatused-Grethe-R\u00f5\u00f5m-270x270.jpg\" alt=\"\" \/><\/a><\/div><\/div><\/div>\n\n\n<p class=\"wp-el\">Author Grethe R\u00f5\u00f5m<\/p>\n<style class=\"advgb-styles-renderer\">#advgb-cols-abc4c2a1-3ed2-413d-9b52-db80149f72d4{}@media screen and (max-width: 1023px) {#advgb-cols-abc4c2a1-3ed2-413d-9b52-db80149f72d4{}}@media screen and (max-width: 767px) {#advgb-cols-abc4c2a1-3ed2-413d-9b52-db80149f72d4{}}#advgb-col-cfd7db7c-628c-40cf-8d9c-948719e7de1b>.advgb-column-inner{}@media screen and (max-width: 1023px) {#advgb-col-cfd7db7c-628c-40cf-8d9c-948719e7de1b>.advgb-column-inner{}}@media screen and (max-width: 767px) {#advgb-col-cfd7db7c-628c-40cf-8d9c-948719e7de1b>.advgb-column-inner{}}#advgb-col-9d9fbd5e-dba9-4769-9912-a47fe90280f7>.advgb-column-inner{margin-right:0px;margin-left:115px;}@media screen and (max-width: 1023px) {#advgb-col-9d9fbd5e-dba9-4769-9912-a47fe90280f7>.advgb-column-inner{}}@media screen and (max-width: 767px) {#advgb-col-9d9fbd5e-dba9-4769-9912-a47fe90280f7>.advgb-column-inner{}}<\/style>","protected":false},"excerpt":{"rendered":"<p>In troubling times, we suddenly realise that we desperately need the simple skills and knowhow that South Estonian smoke sauna rituals are brimming with \u2013 even in the modern globalising world. In a new way.<\/p>\n","protected":false},"author":1,"featured_media":1904,"parent":2287,"menu_order":20,"comment_status":"closed","ping_status":"closed","template":"","meta":{"advgb_blocks_editor_width":"","advgb_blocks_columns_visual_guide":"","footnotes":"","_links_to":"","_links_to_target":""},"acf":[],"yoast_head":"<!-- This site is optimized with the Yoast SEO plugin v21.4 - https:\/\/yoast.com\/wordpress\/plugins\/seo\/ -->\n<title>Local initiatives - visitsouthestonia<\/title>\n<meta name=\"robots\" content=\"index, follow, max-snippet:-1, max-image-preview:large, max-video-preview:-1\" \/>\n<link rel=\"canonical\" href=\"https:\/\/visitsouthestonia.com\/lugu\/kohalikud-algatused\/\" \/>\n<meta property=\"og:locale\" content=\"en_US\" \/>\n<meta property=\"og:type\" content=\"article\" \/>\n<meta property=\"og:title\" content=\"Local initiatives - visitsouthestonia\" \/>\n<meta property=\"og:description\" content=\"In troubling times, we suddenly realise that we desperately need the simple skills and knowhow that South Estonian smoke sauna rituals are brimming with \u2013 even in the modern globalising world. In a new way.\" \/>\n<meta property=\"og:url\" content=\"https:\/\/visitsouthestonia.com\/lugu\/kohalikud-algatused\/\" \/>\n<meta property=\"og:site_name\" content=\"visitsouthestonia\" \/>\n<meta property=\"article:modified_time\" content=\"2020-12-27T08:46:46+00:00\" \/>\n<meta property=\"og:image\" content=\"https:\/\/visitsouthestonia.com\/wp-content\/uploads\/2020\/05\/LE-algatused3-Grethe-R\u00f5\u00f5m.jpg\" \/>\n\t<meta property=\"og:image:width\" content=\"1600\" \/>\n\t<meta property=\"og:image:height\" content=\"1067\" \/>\n\t<meta property=\"og:image:type\" content=\"image\/jpeg\" \/>\n<meta name=\"twitter:card\" content=\"summary_large_image\" \/>\n<meta name=\"twitter:label1\" content=\"Est. reading time\" \/>\n\t<meta name=\"twitter:data1\" content=\"2 minutes\" \/>\n<script type=\"application\/ld+json\" class=\"yoast-schema-graph\">{\"@context\":\"https:\/\/schema.org\",\"@graph\":[{\"@type\":\"WebPage\",\"@id\":\"https:\/\/visitsouthestonia.com\/lugu\/kohalikud-algatused\/\",\"url\":\"https:\/\/visitsouthestonia.com\/lugu\/kohalikud-algatused\/\",\"name\":\"Local initiatives - visitsouthestonia\",\"isPartOf\":{\"@id\":\"https:\/\/visitsouthestonia.com\/community\/#website\"},\"datePublished\":\"2020-07-21T08:31:33+00:00\",\"dateModified\":\"2020-12-27T08:46:46+00:00\",\"breadcrumb\":{\"@id\":\"https:\/\/visitsouthestonia.com\/lugu\/kohalikud-algatused\/#breadcrumb\"},\"inLanguage\":\"en-US\",\"potentialAction\":[{\"@type\":\"ReadAction\",\"target\":[\"https:\/\/visitsouthestonia.com\/lugu\/kohalikud-algatused\/\"]}]},{\"@type\":\"BreadcrumbList\",\"@id\":\"https:\/\/visitsouthestonia.com\/lugu\/kohalikud-algatused\/#breadcrumb\",\"itemListElement\":[{\"@type\":\"ListItem\",\"position\":1,\"name\":\"The story of South Estonia\",\"item\":\"https:\/\/visitsouthestonia.com\/lugu\/\"},{\"@type\":\"ListItem\",\"position\":2,\"name\":\"Local initiatives\"}]},{\"@type\":\"WebSite\",\"@id\":\"https:\/\/visitsouthestonia.com\/community\/#website\",\"url\":\"https:\/\/visitsouthestonia.com\/community\/\",\"name\":\"visitsouthestonia\",\"description\":\"Parim puhkus veeda L\u00f5una-Eestis!\",\"potentialAction\":[{\"@type\":\"SearchAction\",\"target\":{\"@type\":\"EntryPoint\",\"urlTemplate\":\"https:\/\/visitsouthestonia.com\/community\/?s={search_term_string}\"},\"query-input\":\"required name=search_term_string\"}],\"inLanguage\":\"en-US\"}]}<\/script>\n<!-- \/ Yoast SEO plugin. -->","yoast_head_json":{"title":"Local initiatives - visitsouthestonia","robots":{"index":"index","follow":"follow","max-snippet":"max-snippet:-1","max-image-preview":"max-image-preview:large","max-video-preview":"max-video-preview:-1"},"canonical":"https:\/\/visitsouthestonia.com\/lugu\/kohalikud-algatused\/","og_locale":"en_US","og_type":"article","og_title":"Local initiatives - visitsouthestonia","og_description":"In troubling times, we suddenly realise that we desperately need the simple skills and knowhow that South Estonian smoke sauna rituals are brimming with \u2013 even in the modern globalising world. In a new way.","og_url":"https:\/\/visitsouthestonia.com\/lugu\/kohalikud-algatused\/","og_site_name":"visitsouthestonia","article_modified_time":"2020-12-27T08:46:46+00:00","og_image":[{"width":1600,"height":1067,"url":"https:\/\/visitsouthestonia.com\/wp-content\/uploads\/2020\/05\/LE-algatused3-Grethe-R\u00f5\u00f5m.jpg","type":"image\/jpeg"}],"twitter_card":"summary_large_image","twitter_misc":{"Est. reading time":"2 minutes"},"schema":{"@context":"https:\/\/schema.org","@graph":[{"@type":"WebPage","@id":"https:\/\/visitsouthestonia.com\/lugu\/kohalikud-algatused\/","url":"https:\/\/visitsouthestonia.com\/lugu\/kohalikud-algatused\/","name":"Local initiatives - visitsouthestonia","isPartOf":{"@id":"https:\/\/visitsouthestonia.com\/community\/#website"},"datePublished":"2020-07-21T08:31:33+00:00","dateModified":"2020-12-27T08:46:46+00:00","breadcrumb":{"@id":"https:\/\/visitsouthestonia.com\/lugu\/kohalikud-algatused\/#breadcrumb"},"inLanguage":"en-US","potentialAction":[{"@type":"ReadAction","target":["https:\/\/visitsouthestonia.com\/lugu\/kohalikud-algatused\/"]}]},{"@type":"BreadcrumbList","@id":"https:\/\/visitsouthestonia.com\/lugu\/kohalikud-algatused\/#breadcrumb","itemListElement":[{"@type":"ListItem","position":1,"name":"The story of South Estonia","item":"https:\/\/visitsouthestonia.com\/lugu\/"},{"@type":"ListItem","position":2,"name":"Local initiatives"}]},{"@type":"WebSite","@id":"https:\/\/visitsouthestonia.com\/community\/#website","url":"https:\/\/visitsouthestonia.com\/community\/","name":"visitsouthestonia","description":"Parim puhkus veeda L\u00f5una-Eestis!","potentialAction":[{"@type":"SearchAction","target":{"@type":"EntryPoint","urlTemplate":"https:\/\/visitsouthestonia.com\/community\/?s={search_term_string}"},"query-input":"required name=search_term_string"}],"inLanguage":"en-US"}]}},"coauthors":[],"author_meta":{"author_link":"https:\/\/visitsouthestonia.com\/community\/en\/author\/admin\/","display_name":"admin"},"relative_dates":{"created":"Posted 6 years ago","modified":"Updated 5 years ago"},"absolute_dates":{"created":"Posted on 21. Jul 2020","modified":"Updated on 27. Dec 2020"},"absolute_dates_time":{"created":"Posted on 21. Jul 2020 11:31","modified":"Updated on 27. Dec 2020 10:46"},"featured_img_caption":"","featured_img":"https:\/\/visitsouthestonia.com\/community\/wp-content\/uploads\/2020\/05\/LE-algatused3-Grethe-R\u00f5\u00f5m.jpg","series_order":"","_links":{"self":[{"href":"https:\/\/visitsouthestonia.com\/community\/en\/wp-json\/wp\/v2\/pages\/2299"}],"collection":[{"href":"https:\/\/visitsouthestonia.com\/community\/en\/wp-json\/wp\/v2\/pages"}],"about":[{"href":"https:\/\/visitsouthestonia.com\/community\/en\/wp-json\/wp\/v2\/types\/page"}],"author":[{"embeddable":true,"href":"https:\/\/visitsouthestonia.com\/community\/en\/wp-json\/wp\/v2\/users\/1"}],"replies":[{"embeddable":true,"href":"https:\/\/visitsouthestonia.com\/community\/en\/wp-json\/wp\/v2\/comments?post=2299"}],"version-history":[{"count":14,"href":"https:\/\/visitsouthestonia.com\/community\/en\/wp-json\/wp\/v2\/pages\/2299\/revisions"}],"predecessor-version":[{"id":4039,"href":"https:\/\/visitsouthestonia.com\/community\/en\/wp-json\/wp\/v2\/pages\/2299\/revisions\/4039"}],"up":[{"embeddable":true,"href":"https:\/\/visitsouthestonia.com\/community\/en\/wp-json\/wp\/v2\/pages\/2287"}],"wp:featuredmedia":[{"embeddable":true,"href":"https:\/\/visitsouthestonia.com\/community\/en\/wp-json\/wp\/v2\/media\/1904"}],"wp:attachment":[{"href":"https:\/\/visitsouthestonia.com\/community\/en\/wp-json\/wp\/v2\/media?parent=2299"}],"curies":[{"name":"wp","href":"https:\/\/api.w.org\/{rel}","templated":true}]}}