{"id":2288,"date":"2020-07-21T11:20:08","date_gmt":"2020-07-21T08:20:08","guid":{"rendered":"http:\/\/visitsouthestonia.com\/community\/?page_id=2288"},"modified":"2020-12-10T21:28:45","modified_gmt":"2020-12-10T19:28:45","slug":"the-beauty-of-nature","status":"publish","type":"page","link":"https:\/\/visitsouthestonia.com\/community\/en\/story\/the-beauty-of-nature\/","title":{"rendered":"The beauty of nature"},"content":{"rendered":"\n<div class=\"wp-block-advgb-columns advgb-columns-wrapper\" id=\"advgb-cols-67a687c6-3456-4efb-aa69-74a58ed2124d\"><div class=\"advgb-columns-container\"><div class=\"advgb-columns advgb-columns-row advgb-is-mobile columns-valign-top advgb-columns-2 layout-12-12 mbl-layout-stacked vgutter-10\">\n<div class=\"wp-block-advgb-column advgb-column advgb-is-half-tablet advgb-is-full-mobile\" id=\"advgb-col-675b1604-1b3b-45cd-81d9-4859a4c33ef7\"><div class=\"advgb-column-inner\" style=\"border-style:none;border-width:1px\">\n<h3 class=\"wp-el wp-block-heading\">Pure nature, wealth of South Estonia<\/h3>\n\n\n\n<p class=\"wp-el\">The indescribable wealth that embraces us amidst the pure nature of South Estonia is difficult to express in words or numbers. This wealth can only be experienced with your own senses \u2013 by inhaling, caressing with your eyes, touching with your hands, tasting with your lips, saving all of it on your inner hard drive. It cannot be exchanged for money or sold with profit. Then this wealth instantly loses its value.<\/p>\n\n\n\n<p class=\"wp-el\">According to customary views, besides the hills of<strong> Valga, V\u00f5ru and P\u00f5lva County, South Estonia also includes Tartu and Viljandi County and a sizable portion of J\u00f5geva County, <\/strong>which in turn are divided into smaller areas \u2013 Soomaa or Setomaa, Vooremaa or Haanimaa, among others. What one perceives as South Estonia is perhaps not that essential after all. What is more important is that we are talking about an area which still offers exciting landscapes and habitats for numerous species that need to be protected.<\/p>\n\n\n\n<p class=\"wp-el\">You can experience genuine nature in <strong>the flood-meadows and transitional bog of the Emaj\u00f5gi River, in the areas of Alam-Pedja and Soomaa, among the lakes and woods of Vooremaa, the old-growth forest of J\u00e4rvselja, the sandy slopes of Piusa, the hill ridge of Otep\u00e4\u00e4 and Haanja, and the primeval forests of Karula. <\/strong>You might encounter wolves, bears and eagles but also some rare butterfly species, birds, amphibians \u2013 the great snipe, booted warbler, citrine wagtail, northern crested newt, pelobates fuscus \u2026 one could go on and on about the diversity of species in South Estonia. <strong>All of us need to contribute to ensure that the natural wealth we are used to and sometimes take for granted continues to be preserved into the future.<\/strong><\/p>\n<\/div><\/div>\n\n\n\n<div class=\"wp-block-advgb-column advgb-column advgb-is-half-tablet advgb-is-full-mobile\" id=\"advgb-col-87222957-979f-4bc2-853c-a5194a65aed9\"><div class=\"advgb-column-inner\" style=\"border-style:none;border-width:1px\">\n<blockquote class=\"wp-block-quote is-style-default\"><p><strong>&#8220;I feel a deep connection with Southern Estonian landscapes, both in terms of nature and folklore \u2013 it is a part of me. Mysterious spruce forests, pine forests teeming with blueberries, autumn marshes red with cranberries, forest lakes, slopes blue with hepaticas, the calls of cranes in the distance, nightingales and white Nordic summer nights \u2013 they evoke a peculiar longing\u2026 All those places and moments have their own story to tell, straight from their souls, which starts to stir something in yours.&#8221;<\/strong><\/p><cite>Anu Taul, National Geographic Estonia, September 2018<\/cite><\/blockquote>\n\n\n\n<figure class=\"wp-block-image size-large\"><img decoding=\"async\" loading=\"lazy\" width=\"1200\" height=\"800\" src=\"https:\/\/visitsouthestonia.com\/community\/wp-content\/uploads\/2020\/05\/LounaEesti-okkaplaat.-Grethe-R\u00f5\u00f5m-1200x800.jpg\" alt=\"\" class=\"wp-image-1857\" srcset=\"https:\/\/visitsouthestonia.com\/community\/wp-content\/uploads\/2020\/05\/LounaEesti-okkaplaat.-Grethe-R\u00f5\u00f5m-1200x800.jpg 1200w, https:\/\/visitsouthestonia.com\/community\/wp-content\/uploads\/2020\/05\/LounaEesti-okkaplaat.-Grethe-R\u00f5\u00f5m-1536x1024.jpg 1536w, https:\/\/visitsouthestonia.com\/community\/wp-content\/uploads\/2020\/05\/LounaEesti-okkaplaat.-Grethe-R\u00f5\u00f5m-350x233.jpg 350w, https:\/\/visitsouthestonia.com\/community\/wp-content\/uploads\/2020\/05\/LounaEesti-okkaplaat.-Grethe-R\u00f5\u00f5m-1100x734.jpg 1100w, https:\/\/visitsouthestonia.com\/community\/wp-content\/uploads\/2020\/05\/LounaEesti-okkaplaat.-Grethe-R\u00f5\u00f5m-230x153.jpg 230w, https:\/\/visitsouthestonia.com\/community\/wp-content\/uploads\/2020\/05\/LounaEesti-okkaplaat.-Grethe-R\u00f5\u00f5m-105x70.jpg 105w, https:\/\/visitsouthestonia.com\/community\/wp-content\/uploads\/2020\/05\/LounaEesti-okkaplaat.-Grethe-R\u00f5\u00f5m-188x125.jpg 188w, https:\/\/visitsouthestonia.com\/community\/wp-content\/uploads\/2020\/05\/LounaEesti-okkaplaat.-Grethe-R\u00f5\u00f5m-81x54.jpg 81w, https:\/\/visitsouthestonia.com\/community\/wp-content\/uploads\/2020\/05\/LounaEesti-okkaplaat.-Grethe-R\u00f5\u00f5m-370x247.jpg 370w, https:\/\/visitsouthestonia.com\/community\/wp-content\/uploads\/2020\/05\/LounaEesti-okkaplaat.-Grethe-R\u00f5\u00f5m.jpg 1600w\" sizes=\"(max-width: 1200px) 100vw, 1200px\" \/><figcaption>Author Grethe R\u00f5\u00f5m<\/figcaption><\/figure>\n<\/div><\/div>\n<\/div><\/div><\/div>\n\n\n\n<h3 class=\"wp-el wp-block-heading\">Gallery<\/h3>\n\n\n<div id=\"acf-block-block_5e7c83e6e8c00\" class=\"acf-block-element block-gallery\">\n<div class=\"gallery\"><div class=\"gallery-item\"><a href=\"https:\/\/visitsouthestonia.com\/community\/wp-content\/uploads\/2020\/04\/080503aa050-1200x750.jpg\"><img decoding=\"async\" src=\"https:\/\/visitsouthestonia.com\/community\/wp-content\/uploads\/2020\/04\/080503aa050-270x270.jpg\" alt=\"\" \/><\/a><\/div><div class=\"gallery-item\"><a href=\"https:\/\/visitsouthestonia.com\/community\/wp-content\/uploads\/2020\/04\/110829aa192-1200x800.jpg\"><img decoding=\"async\" src=\"https:\/\/visitsouthestonia.com\/community\/wp-content\/uploads\/2020\/04\/110829aa192-270x270.jpg\" alt=\"\" \/><\/a><\/div><div class=\"gallery-item\"><a href=\"https:\/\/visitsouthestonia.com\/community\/wp-content\/uploads\/2020\/04\/050803aa063-1200x800.jpg\"><img decoding=\"async\" src=\"https:\/\/visitsouthestonia.com\/community\/wp-content\/uploads\/2020\/04\/050803aa063-270x270.jpg\" alt=\"\" \/><\/a><\/div><div class=\"gallery-item\"><a href=\"https:\/\/visitsouthestonia.com\/community\/wp-content\/uploads\/2020\/04\/151030aa0166-1200x800.jpg\"><img decoding=\"async\" src=\"https:\/\/visitsouthestonia.com\/community\/wp-content\/uploads\/2020\/04\/151030aa0166-270x270.jpg\" alt=\"\" \/><\/a><\/div><div class=\"gallery-item\"><a href=\"https:\/\/visitsouthestonia.com\/community\/wp-content\/uploads\/2020\/04\/041227aa012-1200x750.jpg\"><img decoding=\"async\" src=\"https:\/\/visitsouthestonia.com\/community\/wp-content\/uploads\/2020\/04\/041227aa012-270x270.jpg\" alt=\"\" \/><\/a><\/div><div class=\"gallery-item\"><a href=\"https:\/\/visitsouthestonia.com\/community\/wp-content\/uploads\/2020\/04\/120729aa665-1200x750.jpg\"><img decoding=\"async\" src=\"https:\/\/visitsouthestonia.com\/community\/wp-content\/uploads\/2020\/04\/120729aa665-270x270.jpg\" alt=\"\" \/><\/a><\/div><div class=\"gallery-item\"><a href=\"https:\/\/visitsouthestonia.com\/community\/wp-content\/uploads\/2020\/04\/120704aa180-1200x799.jpg\"><img decoding=\"async\" src=\"https:\/\/visitsouthestonia.com\/community\/wp-content\/uploads\/2020\/04\/120704aa180-270x270.jpg\" alt=\"\" \/><\/a><\/div><div class=\"gallery-item\"><a href=\"https:\/\/visitsouthestonia.com\/community\/wp-content\/uploads\/2020\/04\/060512aa011-1200x800.jpg\"><img decoding=\"async\" src=\"https:\/\/visitsouthestonia.com\/community\/wp-content\/uploads\/2020\/04\/060512aa011-270x270.jpg\" alt=\"\" \/><\/a><\/div><\/div><\/div>\n\n\n<p class=\"wp-el\">Author Arne Ader<\/p>\n\n\n<div id=\"acf-block-block_5e7c8597bbc37\" class=\"acf-block-element block-cards\">\n<\/div>\n\n\n<p class=\"wp-el\"><\/p>\n<style class=\"advgb-styles-renderer\">#advgb-cols-67a687c6-3456-4efb-aa69-74a58ed2124d{}@media screen and (max-width: 1023px) {#advgb-cols-67a687c6-3456-4efb-aa69-74a58ed2124d{}}@media screen and (max-width: 767px) {#advgb-cols-67a687c6-3456-4efb-aa69-74a58ed2124d{}}#advgb-col-675b1604-1b3b-45cd-81d9-4859a4c33ef7>.advgb-column-inner{}@media screen and (max-width: 1023px) {#advgb-col-675b1604-1b3b-45cd-81d9-4859a4c33ef7>.advgb-column-inner{}}@media screen and (max-width: 767px) {#advgb-col-675b1604-1b3b-45cd-81d9-4859a4c33ef7>.advgb-column-inner{}}#advgb-col-87222957-979f-4bc2-853c-a5194a65aed9>.advgb-column-inner{margin-right:0px;margin-left:115px;}@media screen and (max-width: 1023px) {#advgb-col-87222957-979f-4bc2-853c-a5194a65aed9>.advgb-column-inner{}}@media screen and (max-width: 767px) {#advgb-col-87222957-979f-4bc2-853c-a5194a65aed9>.advgb-column-inner{}}<\/style>","protected":false},"excerpt":{"rendered":"<p>The indescribable wealth that embraces us amidst our familiar and pure nature in Southern Estonia is difficult to express in words or numbers. This wealth can only be experienced with your own senses.<\/p>\n","protected":false},"author":1,"featured_media":2123,"parent":2287,"menu_order":10,"comment_status":"closed","ping_status":"closed","template":"","meta":{"advgb_blocks_editor_width":"","advgb_blocks_columns_visual_guide":"","footnotes":"","_links_to":"","_links_to_target":""},"acf":[],"yoast_head":"<!-- This site is optimized with the Yoast SEO plugin v21.4 - https:\/\/yoast.com\/wordpress\/plugins\/seo\/ -->\n<title>The beauty of nature - visitsouthestonia<\/title>\n<meta name=\"robots\" content=\"index, follow, max-snippet:-1, max-image-preview:large, max-video-preview:-1\" \/>\n<link rel=\"canonical\" href=\"https:\/\/visitsouthestonia.com\/lugu\/looduse-ilu\/\" \/>\n<meta property=\"og:locale\" content=\"en_US\" \/>\n<meta property=\"og:type\" content=\"article\" \/>\n<meta property=\"og:title\" content=\"The beauty of nature - visitsouthestonia\" \/>\n<meta property=\"og:description\" content=\"The indescribable wealth that embraces us amidst our familiar and pure nature in Southern Estonia is difficult to express in words or numbers. This wealth can only be experienced with your own senses.\" \/>\n<meta property=\"og:url\" content=\"https:\/\/visitsouthestonia.com\/lugu\/looduse-ilu\/\" \/>\n<meta property=\"og:site_name\" content=\"visitsouthestonia\" \/>\n<meta property=\"article:modified_time\" content=\"2020-12-10T19:28:45+00:00\" \/>\n<meta property=\"og:image\" content=\"https:\/\/visitsouthestonia.com\/wp-content\/uploads\/2020\/06\/Arne-Ader-sookured.jpg\" \/>\n\t<meta property=\"og:image:width\" content=\"1600\" \/>\n\t<meta property=\"og:image:height\" content=\"1000\" \/>\n\t<meta property=\"og:image:type\" content=\"image\/jpeg\" \/>\n<meta name=\"twitter:card\" content=\"summary_large_image\" \/>\n<meta name=\"twitter:label1\" content=\"Est. reading time\" \/>\n\t<meta name=\"twitter:data1\" content=\"2 minutes\" \/>\n<script type=\"application\/ld+json\" class=\"yoast-schema-graph\">{\"@context\":\"https:\/\/schema.org\",\"@graph\":[{\"@type\":\"WebPage\",\"@id\":\"https:\/\/visitsouthestonia.com\/lugu\/looduse-ilu\/\",\"url\":\"https:\/\/visitsouthestonia.com\/lugu\/looduse-ilu\/\",\"name\":\"The beauty of nature - visitsouthestonia\",\"isPartOf\":{\"@id\":\"https:\/\/visitsouthestonia.com\/community\/#website\"},\"datePublished\":\"2020-07-21T08:20:08+00:00\",\"dateModified\":\"2020-12-10T19:28:45+00:00\",\"breadcrumb\":{\"@id\":\"https:\/\/visitsouthestonia.com\/lugu\/looduse-ilu\/#breadcrumb\"},\"inLanguage\":\"en-US\",\"potentialAction\":[{\"@type\":\"ReadAction\",\"target\":[\"https:\/\/visitsouthestonia.com\/lugu\/looduse-ilu\/\"]}]},{\"@type\":\"BreadcrumbList\",\"@id\":\"https:\/\/visitsouthestonia.com\/lugu\/looduse-ilu\/#breadcrumb\",\"itemListElement\":[{\"@type\":\"ListItem\",\"position\":1,\"name\":\"The story of South Estonia\",\"item\":\"https:\/\/visitsouthestonia.com\/lugu\/\"},{\"@type\":\"ListItem\",\"position\":2,\"name\":\"The beauty of nature\"}]},{\"@type\":\"WebSite\",\"@id\":\"https:\/\/visitsouthestonia.com\/community\/#website\",\"url\":\"https:\/\/visitsouthestonia.com\/community\/\",\"name\":\"visitsouthestonia\",\"description\":\"Parim puhkus veeda L\u00f5una-Eestis!\",\"potentialAction\":[{\"@type\":\"SearchAction\",\"target\":{\"@type\":\"EntryPoint\",\"urlTemplate\":\"https:\/\/visitsouthestonia.com\/community\/?s={search_term_string}\"},\"query-input\":\"required name=search_term_string\"}],\"inLanguage\":\"en-US\"}]}<\/script>\n<!-- \/ Yoast SEO plugin. -->","yoast_head_json":{"title":"The beauty of nature - visitsouthestonia","robots":{"index":"index","follow":"follow","max-snippet":"max-snippet:-1","max-image-preview":"max-image-preview:large","max-video-preview":"max-video-preview:-1"},"canonical":"https:\/\/visitsouthestonia.com\/lugu\/looduse-ilu\/","og_locale":"en_US","og_type":"article","og_title":"The beauty of nature - visitsouthestonia","og_description":"The indescribable wealth that embraces us amidst our familiar and pure nature in Southern Estonia is difficult to express in words or numbers. This wealth can only be experienced with your own senses.","og_url":"https:\/\/visitsouthestonia.com\/lugu\/looduse-ilu\/","og_site_name":"visitsouthestonia","article_modified_time":"2020-12-10T19:28:45+00:00","og_image":[{"width":1600,"height":1000,"url":"https:\/\/visitsouthestonia.com\/wp-content\/uploads\/2020\/06\/Arne-Ader-sookured.jpg","type":"image\/jpeg"}],"twitter_card":"summary_large_image","twitter_misc":{"Est. reading time":"2 minutes"},"schema":{"@context":"https:\/\/schema.org","@graph":[{"@type":"WebPage","@id":"https:\/\/visitsouthestonia.com\/lugu\/looduse-ilu\/","url":"https:\/\/visitsouthestonia.com\/lugu\/looduse-ilu\/","name":"The beauty of nature - visitsouthestonia","isPartOf":{"@id":"https:\/\/visitsouthestonia.com\/community\/#website"},"datePublished":"2020-07-21T08:20:08+00:00","dateModified":"2020-12-10T19:28:45+00:00","breadcrumb":{"@id":"https:\/\/visitsouthestonia.com\/lugu\/looduse-ilu\/#breadcrumb"},"inLanguage":"en-US","potentialAction":[{"@type":"ReadAction","target":["https:\/\/visitsouthestonia.com\/lugu\/looduse-ilu\/"]}]},{"@type":"BreadcrumbList","@id":"https:\/\/visitsouthestonia.com\/lugu\/looduse-ilu\/#breadcrumb","itemListElement":[{"@type":"ListItem","position":1,"name":"The story of South Estonia","item":"https:\/\/visitsouthestonia.com\/lugu\/"},{"@type":"ListItem","position":2,"name":"The beauty of nature"}]},{"@type":"WebSite","@id":"https:\/\/visitsouthestonia.com\/community\/#website","url":"https:\/\/visitsouthestonia.com\/community\/","name":"visitsouthestonia","description":"Parim puhkus veeda L\u00f5una-Eestis!","potentialAction":[{"@type":"SearchAction","target":{"@type":"EntryPoint","urlTemplate":"https:\/\/visitsouthestonia.com\/community\/?s={search_term_string}"},"query-input":"required name=search_term_string"}],"inLanguage":"en-US"}]}},"coauthors":[],"author_meta":{"author_link":"https:\/\/visitsouthestonia.com\/community\/en\/author\/admin\/","display_name":"admin"},"relative_dates":{"created":"Posted 6 years ago","modified":"Updated 5 years ago"},"absolute_dates":{"created":"Posted on 21. Jul 2020","modified":"Updated on 10. Dec 2020"},"absolute_dates_time":{"created":"Posted on 21. Jul 2020 11:20","modified":"Updated on 10. Dec 2020 09:28"},"featured_img_caption":"Arne Ader","featured_img":"https:\/\/visitsouthestonia.com\/community\/wp-content\/uploads\/2020\/06\/Arne-Ader-sookured.jpg","series_order":"","_links":{"self":[{"href":"https:\/\/visitsouthestonia.com\/community\/en\/wp-json\/wp\/v2\/pages\/2288"}],"collection":[{"href":"https:\/\/visitsouthestonia.com\/community\/en\/wp-json\/wp\/v2\/pages"}],"about":[{"href":"https:\/\/visitsouthestonia.com\/community\/en\/wp-json\/wp\/v2\/types\/page"}],"author":[{"embeddable":true,"href":"https:\/\/visitsouthestonia.com\/community\/en\/wp-json\/wp\/v2\/users\/1"}],"replies":[{"embeddable":true,"href":"https:\/\/visitsouthestonia.com\/community\/en\/wp-json\/wp\/v2\/comments?post=2288"}],"version-history":[{"count":10,"href":"https:\/\/visitsouthestonia.com\/community\/en\/wp-json\/wp\/v2\/pages\/2288\/revisions"}],"predecessor-version":[{"id":3999,"href":"https:\/\/visitsouthestonia.com\/community\/en\/wp-json\/wp\/v2\/pages\/2288\/revisions\/3999"}],"up":[{"embeddable":true,"href":"https:\/\/visitsouthestonia.com\/community\/en\/wp-json\/wp\/v2\/pages\/2287"}],"wp:featuredmedia":[{"embeddable":true,"href":"https:\/\/visitsouthestonia.com\/community\/en\/wp-json\/wp\/v2\/media\/2123"}],"wp:attachment":[{"href":"https:\/\/visitsouthestonia.com\/community\/en\/wp-json\/wp\/v2\/media?parent=2288"}],"curies":[{"name":"wp","href":"https:\/\/api.w.org\/{rel}","templated":true}]}}